{"id":1772,"date":"2022-09-02T13:04:22","date_gmt":"2022-09-02T12:04:22","guid":{"rendered":"https:\/\/holderstechnology.com\/?page_id=1772"},"modified":"2025-08-20T16:59:03","modified_gmt":"2025-08-20T15:59:03","slug":"allgemeine-geschaeftsbedingungen","status":"publish","type":"page","link":"https:\/\/holderstechnology.com\/de\/allgemeine-geschaeftsbedingungen\/","title":{"rendered":"ALLGEMEINE GESCH\u00c4FTSBEDINGUNGEN"},"content":{"rendered":"\t\t<div data-elementor-type=\"wp-page\" data-elementor-id=\"1772\" class=\"elementor elementor-1772 elementor-180\" data-elementor-post-type=\"page\">\n\t\t\t\t<div class=\"elementor-element elementor-element-6cb5e783 e-flex e-con-boxed e-con e-parent\" data-id=\"6cb5e783\" data-element_type=\"container\" data-e-type=\"container\">\n\t\t\t\t\t<div class=\"e-con-inner\">\n\t\t\t\t<div class=\"elementor-element elementor-element-405300a2 elementor-widget elementor-widget-text-editor\" data-id=\"405300a2\" data-element_type=\"widget\" data-e-type=\"widget\" data-widget_type=\"text-editor.default\">\n\t\t\t\t<div class=\"elementor-widget-container\">\n\t\t\t\t\t\t\t\t\t<h4>1. COPYRIGHT<\/h4>\nHolders Technology gibt keine Garantien, Zusicherungen oder Verpflichtungen \u00fcber:\n\n(a) den Inhalt dieser Website (einschlie\u00dflich, aber nicht beschr\u00e4nkt auf die Qualit\u00e4t, Genauigkeit, Vollst\u00e4ndigkeit oder Eignung f\u00fcr einen bestimmten Zweck); oder\n\n(b) jegliche Inhalte anderer Websites, auf die durch Hypertext-Links oder auf andere Weise \u00fcber diese Website verwiesen wird (\u201cWebsite Dritter\u201d).\nDie Holders Technology plc bef\u00fcrwortet oder genehmigt weder den Inhalt von Websites Dritter noch \u00fcbernimmt die Holders Technology plc irgendeine Haftung in Verbindung mit diesen (einschlie\u00dflich, aber nicht beschr\u00e4nkt auf die Haftung, die sich aus der Behauptung ergibt, dass der Inhalt einer Website Dritter gegen ein Gesetz oder die Rechte einer Person verst\u00f6\u00dft oder obsz\u00f6n, diffamierend oder skandal\u00f6s ist).\n<h4>2. HAFTUNGSAUSSCHL\u00dcSSE<\/h4>\nHolders Technology gibt keine Garantien, Zusicherungen oder Verpflichtungen \u00fcber:\n\n(a) den Inhalt dieser Website (einschlie\u00dflich, aber nicht beschr\u00e4nkt auf die Qualit\u00e4t, Genauigkeit, Vollst\u00e4ndigkeit oder Eignung f\u00fcr einen bestimmten Zweck); oder\n\n(b) jegliche Inhalte anderer Websites, auf die durch Hypertext-Links oder auf andere Weise \u00fcber diese Website verwiesen wird (\u201cWebsite Dritter\u201d).\nDie Holders Technology plc bef\u00fcrwortet oder genehmigt weder den Inhalt von Websites Dritter noch \u00fcbernimmt die Holders Technology plc irgendeine Haftung in Verbindung mit diesen (einschlie\u00dflich, aber nicht beschr\u00e4nkt auf die Haftung, die sich aus der Behauptung ergibt, dass der Inhalt einer Website Dritter gegen ein Gesetz oder die Rechte einer Person verst\u00f6\u00dft oder obsz\u00f6n, diffamierend oder skandal\u00f6s ist).\n<h4>3. ALLGEMEINE VERKAUFSBEDINGUNGEN<\/h4>\n<a href=\"https:\/\/holderstechnology.com\/wp-content\/uploads\/2022\/09\/AGBs-HOLDERS-GmbH-EN-2011-May.pdf\">AGBs HOLDERS GmbH EN 2011 May<\/a>\n\n<a href=\"https:\/\/holderstechnology.com\/wp-content\/uploads\/2022\/09\/AGBs-HOLDERS-GmbH-DE-2011-Mai.pdf\">AGBs HOLDERS GmbH DE 2011 Mai<\/a>\n\n<a href=\"https:\/\/holderstechnology.com\/wp-content\/uploads\/2022\/09\/Zusatzbedingungen-fur-Inbetriebnahme-2.1.pdf\">Zusatzbedingungen f\u00fcr Inbetriebnahme 2.1<\/a>\t\t\t\t\t\t\t\t<\/div>\n\t\t\t\t<\/div>\n\t\t\t\t\t<\/div>\n\t\t\t\t<\/div>\n\t\t\t\t<\/div>\n\t\t","protected":false},"excerpt":{"rendered":"<p>1. COPYRIGHT Holders Technology gibt keine Garantien, Zusicherungen oder Verpflichtungen \u00fcber: (a) den Inhalt dieser Website (einschlie\u00dflich, aber nicht beschr\u00e4nkt [&hellip;]<\/p>\n","protected":false},"author":9,"featured_media":0,"parent":0,"menu_order":500,"comment_status":"closed","ping_status":"closed","template":"","meta":{"_acf_changed":false,"inline_featured_image":false,"site-sidebar-layout":"default","site-content-layout":"","ast-site-content-layout":"default","site-content-style":"default","site-sidebar-style":"default","ast-global-header-display":"","ast-banner-title-visibility":"","ast-main-header-display":"","ast-hfb-above-header-display":"","ast-hfb-below-header-display":"","ast-hfb-mobile-header-display":"","site-post-title":"","ast-breadcrumbs-content":"","ast-featured-img":"","footer-sml-layout":"","ast-disable-related-posts":"","theme-transparent-header-meta":"default","adv-header-id-meta":"","stick-header-meta":"","header-above-stick-meta":"","header-main-stick-meta":"","header-below-stick-meta":"","astra-migrate-meta-layouts":"default","ast-page-background-enabled":"default","ast-page-background-meta":{"desktop":{"background-color":"var(--ast-global-color-5)","background-image":"","background-repeat":"repeat","background-position":"center center","background-size":"auto","background-attachment":"scroll","background-type":"","background-media":"","overlay-type":"","overlay-color":"","overlay-opacity":"","overlay-gradient":""},"tablet":{"background-color":"","background-image":"","background-repeat":"repeat","background-position":"center center","background-size":"auto","background-attachment":"scroll","background-type":"","background-media":"","overlay-type":"","overlay-color":"","overlay-opacity":"","overlay-gradient":""},"mobile":{"background-color":"","background-image":"","background-repeat":"repeat","background-position":"center center","background-size":"auto","background-attachment":"scroll","background-type":"","background-media":"","overlay-type":"","overlay-color":"","overlay-opacity":"","overlay-gradient":""}},"ast-content-background-meta":{"desktop":{"background-color":"var(--ast-global-color-4)","background-image":"","background-repeat":"repeat","background-position":"center center","background-size":"auto","background-attachment":"scroll","background-type":"","background-media":"","overlay-type":"","overlay-color":"","overlay-opacity":"","overlay-gradient":""},"tablet":{"background-color":"var(--ast-global-color-4)","background-image":"","background-repeat":"repeat","background-position":"center center","background-size":"auto","background-attachment":"scroll","background-type":"","background-media":"","overlay-type":"","overlay-color":"","overlay-opacity":"","overlay-gradient":""},"mobile":{"background-color":"var(--ast-global-color-4)","background-image":"","background-repeat":"repeat","background-position":"center center","background-size":"auto","background-attachment":"scroll","background-type":"","background-media":"","overlay-type":"","overlay-color":"","overlay-opacity":"","overlay-gradient":""}},"footnotes":""},"class_list":["post-1772","page","type-page","status-publish","hentry"],"acf":[],"yoast_head":"<!-- This site is optimized with the Yoast SEO plugin v27.3 - https:\/\/yoast.com\/product\/yoast-seo-wordpress\/ -->\n<title>ALLGEMEINE GESCH\u00c4FTSBEDINGUNGEN | Holders Group<\/title>\n<meta name=\"robots\" content=\"index, follow, max-snippet:-1, max-image-preview:large, max-video-preview:-1\" \/>\n<link rel=\"canonical\" href=\"https:\/\/holderstechnology.com\/terms-conditions\/\" \/>\n<meta property=\"og:locale\" content=\"de_DE\" \/>\n<meta property=\"og:type\" content=\"article\" \/>\n<meta property=\"og:title\" content=\"ALLGEMEINE GESCH\u00c4FTSBEDINGUNGEN | Holders Group\" \/>\n<meta property=\"og:description\" content=\"1. COPYRIGHT Holders Technology gibt keine Garantien, Zusicherungen oder Verpflichtungen \u00fcber: (a) den Inhalt dieser Website (einschlie\u00dflich, aber nicht beschr\u00e4nkt [&hellip;]\" \/>\n<meta property=\"og:url\" content=\"https:\/\/holderstechnology.com\/terms-conditions\/\" \/>\n<meta property=\"og:site_name\" content=\"Holders Group\" \/>\n<meta property=\"article:modified_time\" content=\"2025-08-20T15:59:03+00:00\" \/>\n<meta name=\"twitter:card\" content=\"summary_large_image\" \/>\n<meta name=\"twitter:label1\" content=\"Gesch\u00e4tzte Lesezeit\" \/>\n\t<meta name=\"twitter:data1\" content=\"2\u00a0Minuten\" \/>\n<script type=\"application\/ld+json\" class=\"yoast-schema-graph\">{\"@context\":\"https:\\\/\\\/schema.org\",\"@graph\":[{\"@type\":\"WebPage\",\"@id\":\"https:\\\/\\\/holderstechnology.com\\\/terms-conditions\\\/\",\"url\":\"https:\\\/\\\/holderstechnology.com\\\/terms-conditions\\\/\",\"name\":\"ALLGEMEINE GESCH\u00c4FTSBEDINGUNGEN | Holders Group\",\"isPartOf\":{\"@id\":\"https:\\\/\\\/holderstechnology.com\\\/#website\"},\"datePublished\":\"2022-09-02T12:04:22+00:00\",\"dateModified\":\"2025-08-20T15:59:03+00:00\",\"breadcrumb\":{\"@id\":\"https:\\\/\\\/holderstechnology.com\\\/terms-conditions\\\/#breadcrumb\"},\"inLanguage\":\"de\",\"potentialAction\":[{\"@type\":\"ReadAction\",\"target\":[\"https:\\\/\\\/holderstechnology.com\\\/terms-conditions\\\/\"]}]},{\"@type\":\"BreadcrumbList\",\"@id\":\"https:\\\/\\\/holderstechnology.com\\\/terms-conditions\\\/#breadcrumb\",\"itemListElement\":[{\"@type\":\"ListItem\",\"position\":1,\"name\":\"&#8962;\",\"item\":\"https:\\\/\\\/holderstechnology.com\\\/\"},{\"@type\":\"ListItem\",\"position\":2,\"name\":\"ALLGEMEINE GESCH\u00c4FTSBEDINGUNGEN\"}]},{\"@type\":\"WebSite\",\"@id\":\"https:\\\/\\\/holderstechnology.com\\\/#website\",\"url\":\"https:\\\/\\\/holderstechnology.com\\\/\",\"name\":\"Holders Group\",\"description\":\"\",\"publisher\":{\"@id\":\"https:\\\/\\\/holderstechnology.com\\\/#organization\"},\"potentialAction\":[{\"@type\":\"SearchAction\",\"target\":{\"@type\":\"EntryPoint\",\"urlTemplate\":\"https:\\\/\\\/holderstechnology.com\\\/?s={search_term_string}\"},\"query-input\":{\"@type\":\"PropertyValueSpecification\",\"valueRequired\":true,\"valueName\":\"search_term_string\"}}],\"inLanguage\":\"de\"},{\"@type\":\"Organization\",\"@id\":\"https:\\\/\\\/holderstechnology.com\\\/#organization\",\"name\":\"Holders Technology Group\",\"url\":\"https:\\\/\\\/holderstechnology.com\\\/\",\"logo\":{\"@type\":\"ImageObject\",\"inLanguage\":\"de\",\"@id\":\"https:\\\/\\\/holderstechnology.com\\\/#\\\/schema\\\/logo\\\/image\\\/\",\"url\":\"https:\\\/\\\/holderstechnology.com\\\/wp-content\\\/uploads\\\/2022\\\/11\\\/logo_holders-technology.png\",\"contentUrl\":\"https:\\\/\\\/holderstechnology.com\\\/wp-content\\\/uploads\\\/2022\\\/11\\\/logo_holders-technology.png\",\"width\":556,\"height\":67,\"caption\":\"Holders Technology Group\"},\"image\":{\"@id\":\"https:\\\/\\\/holderstechnology.com\\\/#\\\/schema\\\/logo\\\/image\\\/\"}}]}<\/script>\n<!-- \/ Yoast SEO plugin. -->","yoast_head_json":{"title":"ALLGEMEINE GESCH\u00c4FTSBEDINGUNGEN | Holders Group","robots":{"index":"index","follow":"follow","max-snippet":"max-snippet:-1","max-image-preview":"max-image-preview:large","max-video-preview":"max-video-preview:-1"},"canonical":"https:\/\/holderstechnology.com\/terms-conditions\/","og_locale":"de_DE","og_type":"article","og_title":"ALLGEMEINE GESCH\u00c4FTSBEDINGUNGEN | Holders Group","og_description":"1. COPYRIGHT Holders Technology gibt keine Garantien, Zusicherungen oder Verpflichtungen \u00fcber: (a) den Inhalt dieser Website (einschlie\u00dflich, aber nicht beschr\u00e4nkt [&hellip;]","og_url":"https:\/\/holderstechnology.com\/terms-conditions\/","og_site_name":"Holders Group","article_modified_time":"2025-08-20T15:59:03+00:00","twitter_card":"summary_large_image","twitter_misc":{"Gesch\u00e4tzte Lesezeit":"2\u00a0Minuten"},"schema":{"@context":"https:\/\/schema.org","@graph":[{"@type":"WebPage","@id":"https:\/\/holderstechnology.com\/terms-conditions\/","url":"https:\/\/holderstechnology.com\/terms-conditions\/","name":"ALLGEMEINE GESCH\u00c4FTSBEDINGUNGEN | Holders Group","isPartOf":{"@id":"https:\/\/holderstechnology.com\/#website"},"datePublished":"2022-09-02T12:04:22+00:00","dateModified":"2025-08-20T15:59:03+00:00","breadcrumb":{"@id":"https:\/\/holderstechnology.com\/terms-conditions\/#breadcrumb"},"inLanguage":"de","potentialAction":[{"@type":"ReadAction","target":["https:\/\/holderstechnology.com\/terms-conditions\/"]}]},{"@type":"BreadcrumbList","@id":"https:\/\/holderstechnology.com\/terms-conditions\/#breadcrumb","itemListElement":[{"@type":"ListItem","position":1,"name":"&#8962;","item":"https:\/\/holderstechnology.com\/"},{"@type":"ListItem","position":2,"name":"ALLGEMEINE GESCH\u00c4FTSBEDINGUNGEN"}]},{"@type":"WebSite","@id":"https:\/\/holderstechnology.com\/#website","url":"https:\/\/holderstechnology.com\/","name":"Holders Group","description":"","publisher":{"@id":"https:\/\/holderstechnology.com\/#organization"},"potentialAction":[{"@type":"SearchAction","target":{"@type":"EntryPoint","urlTemplate":"https:\/\/holderstechnology.com\/?s={search_term_string}"},"query-input":{"@type":"PropertyValueSpecification","valueRequired":true,"valueName":"search_term_string"}}],"inLanguage":"de"},{"@type":"Organization","@id":"https:\/\/holderstechnology.com\/#organization","name":"Holders Technology Group","url":"https:\/\/holderstechnology.com\/","logo":{"@type":"ImageObject","inLanguage":"de","@id":"https:\/\/holderstechnology.com\/#\/schema\/logo\/image\/","url":"https:\/\/holderstechnology.com\/wp-content\/uploads\/2022\/11\/logo_holders-technology.png","contentUrl":"https:\/\/holderstechnology.com\/wp-content\/uploads\/2022\/11\/logo_holders-technology.png","width":556,"height":67,"caption":"Holders Technology Group"},"image":{"@id":"https:\/\/holderstechnology.com\/#\/schema\/logo\/image\/"}}]}},"_links":{"self":[{"href":"https:\/\/holderstechnology.com\/de\/wp-json\/wp\/v2\/pages\/1772","targetHints":{"allow":["GET"]}}],"collection":[{"href":"https:\/\/holderstechnology.com\/de\/wp-json\/wp\/v2\/pages"}],"about":[{"href":"https:\/\/holderstechnology.com\/de\/wp-json\/wp\/v2\/types\/page"}],"author":[{"embeddable":true,"href":"https:\/\/holderstechnology.com\/de\/wp-json\/wp\/v2\/users\/9"}],"replies":[{"embeddable":true,"href":"https:\/\/holderstechnology.com\/de\/wp-json\/wp\/v2\/comments?post=1772"}],"version-history":[{"count":9,"href":"https:\/\/holderstechnology.com\/de\/wp-json\/wp\/v2\/pages\/1772\/revisions"}],"predecessor-version":[{"id":6437,"href":"https:\/\/holderstechnology.com\/de\/wp-json\/wp\/v2\/pages\/1772\/revisions\/6437"}],"wp:attachment":[{"href":"https:\/\/holderstechnology.com\/de\/wp-json\/wp\/v2\/media?parent=1772"}],"curies":[{"name":"wp","href":"https:\/\/api.w.org\/{rel}","templated":true}]}}