{"id":5653,"date":"2021-01-26T09:17:00","date_gmt":"2021-01-26T09:17:00","guid":{"rendered":"https:\/\/holderstechnology.com\/cookie-policy\/"},"modified":"2025-08-19T07:58:24","modified_gmt":"2025-08-19T06:58:24","slug":"cookie-richtlinie","status":"publish","type":"page","link":"https:\/\/holderstechnology.com\/de\/cookie-richtlinie\/","title":{"rendered":"Cookie-Richtlinie"},"content":{"rendered":"\t\t<div data-elementor-type=\"wp-page\" data-elementor-id=\"5653\" class=\"elementor elementor-5653 elementor-927\" data-elementor-post-type=\"page\">\n\t\t\t\t<div class=\"elementor-element elementor-element-cd14cd6 e-flex e-con-boxed e-con e-parent\" data-id=\"cd14cd6\" data-element_type=\"container\" data-e-type=\"container\">\n\t\t\t\t\t<div class=\"e-con-inner\">\n\t\t\t\t<div class=\"elementor-element elementor-element-9e71171 elementor-align-left elementor-widget elementor-widget-breadcrumbs\" data-id=\"9e71171\" data-element_type=\"widget\" data-e-type=\"widget\" data-widget_type=\"breadcrumbs.default\">\n\t\t\t\t<div class=\"elementor-widget-container\">\n\t\t\t\t\t<p id=\"breadcrumbs\"><span><span><a href=\"https:\/\/holderstechnology.com\/\">&#8962;<\/a><\/span><\/span><\/p>\t\t\t\t<\/div>\n\t\t\t\t<\/div>\n\t\t\t\t\t<\/div>\n\t\t\t\t<\/div>\n\t\t<div class=\"elementor-element elementor-element-12aea8f9 e-flex e-con-boxed e-con e-parent\" data-id=\"12aea8f9\" data-element_type=\"container\" data-e-type=\"container\">\n\t\t\t\t\t<div class=\"e-con-inner\">\n\t\t\t\t<div class=\"elementor-element elementor-element-2527bf72 elementor-widget elementor-widget-text-editor\" data-id=\"2527bf72\" data-element_type=\"widget\" data-e-type=\"widget\" data-widget_type=\"text-editor.default\">\n\t\t\t\t<div class=\"elementor-widget-container\">\n\t\t\t\t\t\t\t\t\t<h2>Cookie-Richtlinie<\/h2>\n\n<hr \/>\n\n&nbsp;\n<h4>WAS SIND COOKIES?<\/h4>\n<span style=\"font-weight: 400;\">\u201eCookies\u201c sind kleine Textdateien, die vom Browser (z. B. Internet Explorer, Safari, Firefox usw.) auf Ihrem Computer oder Mobiltelefon gespeichert werden. Sie erm\u00f6glichen es Websites, beispielsweise Benutzereinstellungen zu speichern. Sie k\u00f6nnen sich Cookies als ein \u201eGed\u00e4chtnis\u201c f\u00fcr die Website vorstellen, das es ihr erm\u00f6glicht, einen Benutzer zu erkennen und richtig zu reagieren<\/span><span style=\"font-weight: 400;\">.<\/span>\n<h4><\/h4>\n<h4>WIE VERWENDEN WIR COOKIES?<\/h4>\n<span style=\"font-weight: 400;\">Beim Besuch einer Seite unserer Website k\u00f6nnen die folgenden Arten von Cookies generiert werden:<\/span>\n<table class=\"table table-striped table-bordered\">\n<tbody>\n<tr>\n<td><span style=\"font-weight: 400;\">Pl\u00e4tzchen<\/span><\/td>\n<td><span style=\"font-weight: 400;\">Name<\/span><\/td>\n<td><span style=\"font-weight: 400;\">Zweck<\/span><\/td>\n<td><span style=\"font-weight: 400;\">Weitere Informationen<\/span><\/td>\n<\/tr>\n<tr>\n<td><span style=\"font-weight: 400;\">Google Analytics<\/span><\/td>\n<td><span style=\"font-weight: 400;\">_utma<\/span>\n\n<span style=\"font-weight: 400;\">_utmb<\/span>\n\n<span style=\"font-weight: 400;\">_utmc<\/span>\n\n<span style=\"font-weight: 400;\">_utmz<\/span><\/td>\n<td><span style=\"font-weight: 400;\">Diese Cookies werden verwendet, um anonyme Informationen dar\u00fcber zu sammeln, wie Besucher unsere Website nutzen. Wir nutzen die Informationen, um Berichte zu erstellen und uns bei der Verbesserung der Website zu helfen.<\/span><\/td>\n<td><a href=\"http:\/\/www.google.com\/intl\/en\/policies\/privacy\/\" target=\"_blank\" rel=\"noopener\"><span style=\"font-weight: 400;\">Klicken Sie hier f\u00fcr eine \u00dcbersicht zum Datenschutz bei Google<\/span><\/a><\/td>\n<\/tr>\n<tr>\n<td><span style=\"font-weight: 400;\">\n\n\nCookie des Content-Management-Systems<\/span><\/td>\n<td><span style=\"font-weight: 400;\">CMSSESSID<\/span><\/td>\n<td><span style=\"font-weight: 400;\">Dieses Cookie wird von unserem Content-Management-System beim Besuch unserer Website gesetzt. Sie werden f\u00fcr keinen Zweck verwendet und gel\u00f6scht, wenn ein Benutzer seinen Browser schlie\u00dft.<\/span><\/td>\n<td><\/td>\n<\/tr>\n<tr>\n<td><span style=\"font-weight: 400;\">Cookies preference<\/span><\/td>\n<td><span style=\"font-weight: 400;\">Cookies-Richtlinie<\/span><\/td>\n<td><span style=\"font-weight: 400;\">TDieses Cookie wird verwendet, um sich daran zu erinnern, dass Sie unsere Cookie-Benachrichtigung gesehen haben.<\/span><\/td>\n<td><\/td>\n<\/tr>\n<\/tbody>\n<\/table>\n&nbsp;\n<h4>Wie schalte ich Cookies aus?<\/h4>\n<span style=\"font-weight: 400;\">In allen modernen Browsern k\u00f6nnen Sie Ihre Cookie-Einstellungen \u00e4ndern. Diese Einstellungen finden Sie normalerweise im Men\u00fc \u201eOptionen\u201c oder \u201eEinstellungen\u201c Ihres Browsers. Um diese Einstellungen zu verstehen, k\u00f6nnen die folgenden Links hilfreich sein. Andernfalls sollten Sie f\u00fcr weitere Details die Option \u201eHilfe\u201c in Ihrem Browser verwenden.<\/span>\n\n<b>HINWEIS: Das Deaktivieren von Cookies kann die Leistung dieser Website beeintr\u00e4chtigen und einige Funktionen funktionieren m\u00f6glicherweise nicht richtig.<\/b>\n\n<a href=\"http:\/\/support.microsoft.com\/kb\/196955\" target=\"_blank\" rel=\"noopener\"><span style=\"font-weight: 400;\">Cookie-Einstellungen im Internet Explorer<\/span><\/a>\n\n<a href=\"http:\/\/support.mozilla.com\/en-US\/kb\/Cookies\" target=\"_blank\" rel=\"noopener\"><span style=\"font-weight: 400;\">Cookie-Einstellungen in Firefox<\/span><\/a>\n\n<a href=\"http:\/\/www.google.com\/support\/chrome\/bin\/answer.py?hl=en&amp;answer=95647\" target=\"_blank\" rel=\"noopener\"><span style=\"font-weight: 400;\">Cookie-Einstellungen in Chrome<\/span><\/a>\n\n<a href=\"http:\/\/support.apple.com\/kb\/PH5042\" target=\"_blank\" rel=\"noopener\"><span style=\"font-weight: 400;\">Cookie-Einstellungen in Safari<\/span><\/a>\n\n<span style=\"font-weight: 400;\">Wenn Sie sich haupts\u00e4chlich Sorgen \u00fcber von Werbetreibenden generierte Cookies von Drittanbietern machen, k\u00f6nnen Sie diese deaktivieren, indem Sie auf gehen <\/span><a href=\"http:\/\/www.youronlinechoices.com\/uk\" target=\"_blank\" rel=\"noopener\"><span style=\"font-weight: 400;\">Ihre Website f\u00fcr Online-Auswahlm\u00f6glichkeiten.<\/span><\/a>\n\n<span style=\"font-weight: 400;\">F\u00fcr weitere Informationen k\u00f6nnen Sie auch die Handelsorganisation besuchen, die diese Werbeplattformen vertritt: Network Advertising Initiative.<\/span>\n\n<span style=\"font-weight: 400;\">Sie haben eine zentrale Anlaufstelle bereitgestellt, die alle Opt-out-Kontrollen sammelt. Bitte beachten Sie, dass auf dieser Website viel mehr Netzwerke aufgef\u00fchrt sind, als wir nutzen.<\/span><a href=\"http:\/\/networkadvertising.org\/managing\/opt_out.asp\" target=\"_blank\" rel=\"noopener\"><span style=\"font-weight: 400;\">http:\/\/networkadvertising.org\/managing\/opt_out.asp<\/span><\/a>\n<h4><\/h4>\n<h4>N\u00dcTZLICHE LINKS<\/h4>\n<span style=\"font-weight: 400;\">Wenn Sie mehr \u00fcber Cookies und deren Verwendung im Internet erfahren m\u00f6chten, k\u00f6nnten die folgenden Links hilfreich f\u00fcr Sie sein:<\/span>\n\n<a href=\"http:\/\/www.microsoft.com\/info\/cookies.mspx\" target=\"_blank\" rel=\"noopener\"><span style=\"font-weight: 400;\">Microsoft-Cookie-Leitfaden<\/span><\/a>\n\n<a href=\"http:\/\/www.allaboutcookies.org\/\" target=\"_blank\" rel=\"noopener\"><span style=\"font-weight: 400;\">Alles \u00fcber Cookies<\/span><\/a>\n\n<span style=\"font-weight: 400;\">Das IAB hat die folgende Website bereitgestellt, um speziell \u00fcber Datenschutzfragen im Zusammenhang mit Internetwerbung zu informieren:<\/span><a href=\"http:\/\/www.youronlinechoices.com\/uk\/\" target=\"_blank\" rel=\"noopener\"><span style=\"font-weight: 400;\">youronlinechoices.co.uk\/uk<\/span><\/a>\n\n<span style=\"font-weight: 400;\">F\u00fcr weitere rechtliche Informationen zu Datenschutzthemen k\u00f6nnen die folgenden Links hilfreich sein:<\/span>\n\n<a href=\"http:\/\/www.opsi.gov.uk\/acts\/acts1998\/ukpga_19980029_en_1\" target=\"_blank\" rel=\"noopener\"><span style=\"font-weight: 400;\"Datenschutzgesetz 1998<\/span><\/a>\n\n<a href=\"http:\/\/www.ico.gov.uk\/\" target=\"_blank\" rel=\"noopener\"><span style=\"font-weight: 400;\">Das B\u00fcro des Informationskommissars<\/span><\/a>\t\t\t\t\t\t\t\t<\/div>\n\t\t\t\t<\/div>\n\t\t\t\t\t<\/div>\n\t\t\t\t<\/div>\n\t\t\t\t<\/div>\n\t\t","protected":false},"excerpt":{"rendered":"<p>Cookie-Richtlinie &nbsp; WAS SIND COOKIES? \u201eCookies\u201c sind kleine Textdateien, die vom Browser (z. B. Internet Explorer, Safari, Firefox usw.) auf [&hellip;]<\/p>\n","protected":false},"author":1,"featured_media":0,"parent":0,"menu_order":550,"comment_status":"closed","ping_status":"closed","template":"","meta":{"_acf_changed":false,"inline_featured_image":false,"site-sidebar-layout":"default","site-content-layout":"","ast-site-content-layout":"default","site-content-style":"default","site-sidebar-style":"default","ast-global-header-display":"","ast-banner-title-visibility":"","ast-main-header-display":"","ast-hfb-above-header-display":"","ast-hfb-below-header-display":"","ast-hfb-mobile-header-display":"","site-post-title":"","ast-breadcrumbs-content":"","ast-featured-img":"","footer-sml-layout":"","ast-disable-related-posts":"","theme-transparent-header-meta":"default","adv-header-id-meta":"","stick-header-meta":"","header-above-stick-meta":"","header-main-stick-meta":"","header-below-stick-meta":"","astra-migrate-meta-layouts":"set","ast-page-background-enabled":"default","ast-page-background-meta":{"desktop":{"background-color":"var(--ast-global-color-5)","background-image":"","background-repeat":"repeat","background-position":"center center","background-size":"auto","background-attachment":"scroll","background-type":"","background-media":"","overlay-type":"","overlay-color":"","overlay-opacity":"","overlay-gradient":""},"tablet":{"background-color":"","background-image":"","background-repeat":"repeat","background-position":"center center","background-size":"auto","background-attachment":"scroll","background-type":"","background-media":"","overlay-type":"","overlay-color":"","overlay-opacity":"","overlay-gradient":""},"mobile":{"background-color":"","background-image":"","background-repeat":"repeat","background-position":"center center","background-size":"auto","background-attachment":"scroll","background-type":"","background-media":"","overlay-type":"","overlay-color":"","overlay-opacity":"","overlay-gradient":""}},"ast-content-background-meta":{"desktop":{"background-color":"var(--ast-global-color-4)","background-image":"","background-repeat":"repeat","background-position":"center center","background-size":"auto","background-attachment":"scroll","background-type":"","background-media":"","overlay-type":"","overlay-color":"","overlay-opacity":"","overlay-gradient":""},"tablet":{"background-color":"var(--ast-global-color-4)","background-image":"","background-repeat":"repeat","background-position":"center center","background-size":"auto","background-attachment":"scroll","background-type":"","background-media":"","overlay-type":"","overlay-color":"","overlay-opacity":"","overlay-gradient":""},"mobile":{"background-color":"var(--ast-global-color-4)","background-image":"","background-repeat":"repeat","background-position":"center center","background-size":"auto","background-attachment":"scroll","background-type":"","background-media":"","overlay-type":"","overlay-color":"","overlay-opacity":"","overlay-gradient":""}},"footnotes":""},"class_list":["post-5653","page","type-page","status-publish","hentry"],"acf":[],"yoast_head":"<!-- This site is optimized with the Yoast SEO plugin v27.3 - https:\/\/yoast.com\/product\/yoast-seo-wordpress\/ -->\n<title>Wireless Lighting Solutions | Holders Group Cookie Policy<\/title>\n<meta name=\"robots\" content=\"index, follow, max-snippet:-1, max-image-preview:large, max-video-preview:-1\" \/>\n<link rel=\"canonical\" href=\"https:\/\/holderstechnology.com\/de\/cookie-richtlinie\/\" \/>\n<meta property=\"og:locale\" content=\"de_DE\" \/>\n<meta property=\"og:type\" content=\"article\" \/>\n<meta property=\"og:title\" content=\"Wireless Lighting Solutions | Holders Group Cookie Policy\" \/>\n<meta property=\"og:description\" content=\"Cookie-Richtlinie &nbsp; WAS SIND COOKIES? \u201eCookies\u201c sind kleine Textdateien, die vom Browser (z. B. Internet Explorer, Safari, Firefox usw.) auf [&hellip;]\" \/>\n<meta property=\"og:url\" content=\"https:\/\/holderstechnology.com\/de\/cookie-richtlinie\/\" \/>\n<meta property=\"og:site_name\" content=\"Holders Group\" \/>\n<meta property=\"article:modified_time\" content=\"2025-08-19T06:58:24+00:00\" \/>\n<meta name=\"twitter:card\" content=\"summary_large_image\" \/>\n<meta name=\"twitter:label1\" content=\"Gesch\u00e4tzte Lesezeit\" \/>\n\t<meta name=\"twitter:data1\" content=\"3\u00a0Minuten\" \/>\n<script type=\"application\/ld+json\" class=\"yoast-schema-graph\">{\"@context\":\"https:\\\/\\\/schema.org\",\"@graph\":[{\"@type\":\"WebPage\",\"@id\":\"https:\\\/\\\/holderstechnology.com\\\/de\\\/cookie-richtlinie\\\/\",\"url\":\"https:\\\/\\\/holderstechnology.com\\\/de\\\/cookie-richtlinie\\\/\",\"name\":\"Wireless Lighting Solutions | Holders Group Cookie Policy\",\"isPartOf\":{\"@id\":\"https:\\\/\\\/holderstechnology.com\\\/#website\"},\"datePublished\":\"2021-01-26T09:17:00+00:00\",\"dateModified\":\"2025-08-19T06:58:24+00:00\",\"breadcrumb\":{\"@id\":\"https:\\\/\\\/holderstechnology.com\\\/de\\\/cookie-richtlinie\\\/#breadcrumb\"},\"inLanguage\":\"de\",\"potentialAction\":[{\"@type\":\"ReadAction\",\"target\":[\"https:\\\/\\\/holderstechnology.com\\\/de\\\/cookie-richtlinie\\\/\"]}]},{\"@type\":\"BreadcrumbList\",\"@id\":\"https:\\\/\\\/holderstechnology.com\\\/de\\\/cookie-richtlinie\\\/#breadcrumb\",\"itemListElement\":[{\"@type\":\"ListItem\",\"position\":1,\"name\":\"&#8962;\",\"item\":\"https:\\\/\\\/holderstechnology.com\\\/\"},{\"@type\":\"ListItem\",\"position\":2,\"name\":\"Cookie-Richtlinie\"}]},{\"@type\":\"WebSite\",\"@id\":\"https:\\\/\\\/holderstechnology.com\\\/#website\",\"url\":\"https:\\\/\\\/holderstechnology.com\\\/\",\"name\":\"Holders Group\",\"description\":\"\",\"publisher\":{\"@id\":\"https:\\\/\\\/holderstechnology.com\\\/#organization\"},\"potentialAction\":[{\"@type\":\"SearchAction\",\"target\":{\"@type\":\"EntryPoint\",\"urlTemplate\":\"https:\\\/\\\/holderstechnology.com\\\/?s={search_term_string}\"},\"query-input\":{\"@type\":\"PropertyValueSpecification\",\"valueRequired\":true,\"valueName\":\"search_term_string\"}}],\"inLanguage\":\"de\"},{\"@type\":\"Organization\",\"@id\":\"https:\\\/\\\/holderstechnology.com\\\/#organization\",\"name\":\"Holders Technology Group\",\"url\":\"https:\\\/\\\/holderstechnology.com\\\/\",\"logo\":{\"@type\":\"ImageObject\",\"inLanguage\":\"de\",\"@id\":\"https:\\\/\\\/holderstechnology.com\\\/#\\\/schema\\\/logo\\\/image\\\/\",\"url\":\"https:\\\/\\\/holderstechnology.com\\\/wp-content\\\/uploads\\\/2022\\\/11\\\/logo_holders-technology.png\",\"contentUrl\":\"https:\\\/\\\/holderstechnology.com\\\/wp-content\\\/uploads\\\/2022\\\/11\\\/logo_holders-technology.png\",\"width\":556,\"height\":67,\"caption\":\"Holders Technology Group\"},\"image\":{\"@id\":\"https:\\\/\\\/holderstechnology.com\\\/#\\\/schema\\\/logo\\\/image\\\/\"}}]}<\/script>\n<!-- \/ Yoast SEO plugin. -->","yoast_head_json":{"title":"Wireless Lighting Solutions | Holders Group Cookie Policy","robots":{"index":"index","follow":"follow","max-snippet":"max-snippet:-1","max-image-preview":"max-image-preview:large","max-video-preview":"max-video-preview:-1"},"canonical":"https:\/\/holderstechnology.com\/de\/cookie-richtlinie\/","og_locale":"de_DE","og_type":"article","og_title":"Wireless Lighting Solutions | Holders Group Cookie Policy","og_description":"Cookie-Richtlinie &nbsp; WAS SIND COOKIES? \u201eCookies\u201c sind kleine Textdateien, die vom Browser (z. B. Internet Explorer, Safari, Firefox usw.) auf [&hellip;]","og_url":"https:\/\/holderstechnology.com\/de\/cookie-richtlinie\/","og_site_name":"Holders Group","article_modified_time":"2025-08-19T06:58:24+00:00","twitter_card":"summary_large_image","twitter_misc":{"Gesch\u00e4tzte Lesezeit":"3\u00a0Minuten"},"schema":{"@context":"https:\/\/schema.org","@graph":[{"@type":"WebPage","@id":"https:\/\/holderstechnology.com\/de\/cookie-richtlinie\/","url":"https:\/\/holderstechnology.com\/de\/cookie-richtlinie\/","name":"Wireless Lighting Solutions | Holders Group Cookie Policy","isPartOf":{"@id":"https:\/\/holderstechnology.com\/#website"},"datePublished":"2021-01-26T09:17:00+00:00","dateModified":"2025-08-19T06:58:24+00:00","breadcrumb":{"@id":"https:\/\/holderstechnology.com\/de\/cookie-richtlinie\/#breadcrumb"},"inLanguage":"de","potentialAction":[{"@type":"ReadAction","target":["https:\/\/holderstechnology.com\/de\/cookie-richtlinie\/"]}]},{"@type":"BreadcrumbList","@id":"https:\/\/holderstechnology.com\/de\/cookie-richtlinie\/#breadcrumb","itemListElement":[{"@type":"ListItem","position":1,"name":"&#8962;","item":"https:\/\/holderstechnology.com\/"},{"@type":"ListItem","position":2,"name":"Cookie-Richtlinie"}]},{"@type":"WebSite","@id":"https:\/\/holderstechnology.com\/#website","url":"https:\/\/holderstechnology.com\/","name":"Holders Group","description":"","publisher":{"@id":"https:\/\/holderstechnology.com\/#organization"},"potentialAction":[{"@type":"SearchAction","target":{"@type":"EntryPoint","urlTemplate":"https:\/\/holderstechnology.com\/?s={search_term_string}"},"query-input":{"@type":"PropertyValueSpecification","valueRequired":true,"valueName":"search_term_string"}}],"inLanguage":"de"},{"@type":"Organization","@id":"https:\/\/holderstechnology.com\/#organization","name":"Holders Technology Group","url":"https:\/\/holderstechnology.com\/","logo":{"@type":"ImageObject","inLanguage":"de","@id":"https:\/\/holderstechnology.com\/#\/schema\/logo\/image\/","url":"https:\/\/holderstechnology.com\/wp-content\/uploads\/2022\/11\/logo_holders-technology.png","contentUrl":"https:\/\/holderstechnology.com\/wp-content\/uploads\/2022\/11\/logo_holders-technology.png","width":556,"height":67,"caption":"Holders Technology Group"},"image":{"@id":"https:\/\/holderstechnology.com\/#\/schema\/logo\/image\/"}}]}},"_links":{"self":[{"href":"https:\/\/holderstechnology.com\/de\/wp-json\/wp\/v2\/pages\/5653","targetHints":{"allow":["GET"]}}],"collection":[{"href":"https:\/\/holderstechnology.com\/de\/wp-json\/wp\/v2\/pages"}],"about":[{"href":"https:\/\/holderstechnology.com\/de\/wp-json\/wp\/v2\/types\/page"}],"author":[{"embeddable":true,"href":"https:\/\/holderstechnology.com\/de\/wp-json\/wp\/v2\/users\/1"}],"replies":[{"embeddable":true,"href":"https:\/\/holderstechnology.com\/de\/wp-json\/wp\/v2\/comments?post=5653"}],"version-history":[{"count":6,"href":"https:\/\/holderstechnology.com\/de\/wp-json\/wp\/v2\/pages\/5653\/revisions"}],"predecessor-version":[{"id":5831,"href":"https:\/\/holderstechnology.com\/de\/wp-json\/wp\/v2\/pages\/5653\/revisions\/5831"}],"wp:attachment":[{"href":"https:\/\/holderstechnology.com\/de\/wp-json\/wp\/v2\/media?parent=5653"}],"curies":[{"name":"wp","href":"https:\/\/api.w.org\/{rel}","templated":true}]}}