{"id":5661,"date":"2020-12-14T14:53:55","date_gmt":"2020-12-14T14:53:55","guid":{"rendered":"https:\/\/holderstechnology.com\/privacy-policy\/"},"modified":"2025-08-14T16:40:50","modified_gmt":"2025-08-14T15:40:50","slug":"datenschutzrichtlinie","status":"publish","type":"page","link":"https:\/\/holderstechnology.com\/de\/datenschutzrichtlinie\/","title":{"rendered":"Datenschutzrichtlinie"},"content":{"rendered":"\t\t<div data-elementor-type=\"wp-page\" data-elementor-id=\"5661\" class=\"elementor elementor-5661 elementor-182\" data-elementor-post-type=\"page\">\n\t\t\t\t<div class=\"elementor-element elementor-element-eb0bbbf e-flex e-con-boxed e-con e-parent\" data-id=\"eb0bbbf\" data-element_type=\"container\" data-e-type=\"container\">\n\t\t\t\t\t<div class=\"e-con-inner\">\n\t\t\t\t<div class=\"elementor-element elementor-element-4a73c88 elementor-align-left elementor-widget elementor-widget-breadcrumbs\" data-id=\"4a73c88\" data-element_type=\"widget\" data-e-type=\"widget\" data-widget_type=\"breadcrumbs.default\">\n\t\t\t\t<div class=\"elementor-widget-container\">\n\t\t\t\t\t<p id=\"breadcrumbs\"><span><span><a href=\"https:\/\/holderstechnology.com\/\">&#8962;<\/a><\/span><\/span><\/p>\t\t\t\t<\/div>\n\t\t\t\t<\/div>\n\t\t\t\t\t<\/div>\n\t\t\t\t<\/div>\n\t\t<div class=\"elementor-element elementor-element-13b5a598 e-flex e-con-boxed e-con e-parent\" data-id=\"13b5a598\" data-element_type=\"container\" data-e-type=\"container\">\n\t\t\t\t\t<div class=\"e-con-inner\">\n\t\t\t\t<div class=\"elementor-element elementor-element-5ddc6636 elementor-widget elementor-widget-text-editor\" data-id=\"5ddc6636\" data-element_type=\"widget\" data-e-type=\"widget\" data-widget_type=\"text-editor.default\">\n\t\t\t\t<div class=\"elementor-widget-container\">\n\t\t\t\t\t\t\t\t\t<h2>Datenschutzrichtlinie<\/h2>\n\n<hr \/>\n\n<span style=\"font-weight: 400;\">Diese Datenschutzrichtlinie regelt die Erhebung, Speicherung und Nutzung personenbezogener Daten, die von uns, Holders Technology UK Ltd, \u00fcber unsere Website unter erhoben werden holderstechnology.com (the <\/span><b>\u201eHolders Technology Website\u201c<\/b><span style=\"font-weight: 400;\">).\u00a0 Hier erhalten Sie Einzelheiten zu den personenbezogenen Daten, die wir von Ihnen erfassen, zur Art und Weise, wie wir Ihre personenbezogenen Daten verwenden, und zu Ihren Rechten, die personenbezogenen Daten, die wir \u00fcber Sie gespeichert haben, zu kontrollieren.\u00a0 Bitte lesen Sie diese Datenschutzrichtlinie sorgf\u00e4ltig durch. Indem Sie auf die Website von Holders Technology zugreifen oder dort surfen, best\u00e4tigen Sie, dass Sie diese Datenschutzrichtlinie vollst\u00e4ndig gelesen und verstanden haben und ihr zustimmen.\u00a0 Wenn Sie dieser Datenschutzrichtlinie nicht vollst\u00e4ndig zustimmen, d\u00fcrfen Sie die Website von Holders Technology nicht nutzen.<\/span>\n\n<span style=\"font-weight: 400;\">Diese Datenschutzrichtlinie wurde zuletzt am 18. Januar 2021 aktualisiert. Bitte schauen Sie regelm\u00e4\u00dfig vorbei, um \u00fcber Aktualisierungen dieser Datenschutzrichtlinie auf dem Laufenden zu bleiben.<\/span>\n<h4>WER WIR SIND<\/h4>\n<span style=\"font-weight: 400;\">Holders Technology UK Ltd ist ein in England und Wales registriertes Unternehmen (Registrierungsnummer ist 03633101) mit eingetragenem Sitz in 27-28 Eastcastle Street, London W1W 8DH U.K.\u00a0<\/span>\n\n<span style=\"font-weight: 400;\">Wir respektieren Ihr Recht auf Privatsph\u00e4re und verarbeiten personenbezogene Daten, die Sie uns zur Verf\u00fcgung stellen, nur in \u00dcbereinstimmung mit dem Datenschutzgesetz von 1998, den Datenschutz- und elektronischen Kommunikationsrichtlinien (EG-Richtlinie) von 2003 und anderen geltenden Datenschutzgesetzen.<\/span>\n\n<span style=\"font-weight: 400;\">Wenn Sie Fragen dazu haben, wie wir personenbezogene Daten erfassen, speichern und nutzen, oder wenn Sie andere Fragen zum Datenschutz haben, kontaktieren Sie uns bitte jederzeit auf einem der folgenden Wege:<\/span>\n<ul>\n \t<li><span style=\"font-weight: 400;\">Rufen Sie uns unter +44 (0) 1896 759098 an<\/span><\/li>\n \t<li><span style=\"font-weight: 400;\">Senden Sie uns eine E-Mail an: <a href=\"mailto:headoffice@holderstechnology.com\">headoffice@holderstechnology.com<\/a><\/span><\/li>\n \t<li><span style=\"font-weight: 400;\">Schreiben Sie uns an Holders Technology UK Ltd, Units 1-4, Block 9, Galashiels TD13RS, UK.<\/span><\/li>\n<\/ul>\n<h4><\/h4>\n<h4>EIN KURZES WORT ZU KINDERN<\/h4>\n<span style=\"font-weight: 400;\">Wir erfassen wissentlich keine Daten von unbeaufsichtigten Kindern unter 18 Jahren und werden dies auch in Zukunft nicht tun. Wenn Sie unter 18 Jahre alt sind, sollten Sie die Website von Holders Technology nicht nutzen, es sei denn, Sie haben die Zustimmung eines Elternteils oder Erziehungsberechtigten und werden von einem solchen beaufsichtigt.<\/span>\n<h4>DIE PERS\u00d6NLICHEN DATEN, DIE WIR \u00dcBER SIE HABEN<\/h4>\n<span style=\"font-weight: 400;\">Wenn Sie auf die Website von Holders Technology zugreifen und diese durchsuchen (einschlie\u00dflich der \u00dcbermittlung personenbezogener Daten an uns \u00fcber Dateneingabefelder auf der Website von Holders Technology), erfassen wir m\u00f6glicherweise die folgenden Informationen von Ihnen:<\/span>\n<ul>\n \t<li><span style=\"font-weight: 400;\">Ihr Name;<\/span><\/li>\n \t<li><span style=\"font-weight: 400;\">Ihre Postanschrift;<\/span><\/li>\n \t<li><span style=\"font-weight: 400;\">Ihre Telefon-, Fax- und E-Mail-Daten; Und<\/span><\/li>\n \t<li><span style=\"font-weight: 400;\">PayPal-, Kredit- und Debitkarteninformationen f\u00fcr Eink\u00e4ufe.<\/span><\/li>\n<\/ul>\n<h4><\/h4>\n<h4>WIE WIR IHRE INFORMATIONEN VERWENDEN UND SPEICHERN K\u00d6NNEN<\/h4>\n<span style=\"font-weight: 400;\">Wir (oder Unternehmen innerhalb unserer Gruppe oder in unserem Namen handelnde Lieferanten, z. B. Lieferunternehmen) k\u00f6nnen Ihre oben aufgef\u00fchrten personenbezogenen Daten f\u00fcr die folgenden Zwecke erheben, speichern und nutzen:<\/span>\n<ul>\n \t<li><span style=\"font-weight: 400;\">um Ihnen die Holders Technology-Website zur Verf\u00fcgung zu stellen und Ihnen Inhalte bereitzustellen, die auf Ihren individuellen Geschmack zugeschnitten sind;<\/span><\/li>\n \t<li><span style=\"font-weight: 400;\">um alle Eink\u00e4ufe abzuschlie\u00dfen, die Sie \u00fcber die Holders Technology-Website t\u00e4tigen, einschlie\u00dflich der \u00dcbermittlung Ihrer Daten an PayPal;<\/span><\/li>\n \t<li><span style=\"font-weight: 400;\">um Ihnen die von Ihnen angeforderten Dienstleistungen bereitzustellen;<\/span><\/li>\n \t<li><span style=\"font-weight: 400;\">um die von Ihnen bestellten Waren zu liefern, einschlie\u00dflich der Angabe Ihres Namens und Ihrer Adresse an Lieferunternehmen; Und<\/span><\/li>\n \t<li><span style=\"font-weight: 400;\">um Sie (auch per SMS und E-Mail) mit Informationen zu unseren Produkten und Dienstleistungen zu kontaktieren, von denen wir glauben, dass sie f\u00fcr Sie von Interesse sein k\u00f6nnten.<\/span><\/li>\n<\/ul>\n<span style=\"font-weight: 400;\">Mit Ausnahme der anderen Unternehmen unserer Gruppe und Drittlieferanten werden wir Ihre personenbezogenen Daten nicht an Dritte weitergeben, verkaufen oder vermieten, es sei denn, Sie haben dem zugestimmt. Wenn Sie zwar zustimmen, es sich aber sp\u00e4ter anders \u00fcberlegen, k\u00f6nnen Sie uns kontaktieren und wir werden alle derartigen Aktivit\u00e4ten einstellen.<\/span>\n\n<span style=\"font-weight: 400;\">Wenn jedoch ein Dritter unser gesamtes (oder im Wesentlichen gesamtes) Gesch\u00e4ft und\/oder Verm\u00f6gen erwirbt, k\u00f6nnen wir Ihre personenbezogenen Daten im Zusammenhang mit der \u00dcbernahme an diesen Dritten weitergeben. Wir k\u00f6nnen Ihre personenbezogenen Daten auch dann offenlegen, wenn wir aufgrund geltender Gesetze, einer Regierungsbeh\u00f6rde oder einer Strafverfolgungsbeh\u00f6rde dazu verpflichtet sind.<\/span>\n\n<span style=\"font-weight: 400;\">Schlie\u00dflich k\u00f6nnen wir auch anonymisierte Daten \u00fcber Besucher der Holders Technology-Website zum Zwecke aggregierter Statistiken oder Berichtszwecke sammeln.\u00a0 Aus den anonymisierten Daten, die wir f\u00fcr diese Zwecke sammeln, l\u00e4sst sich jedoch keine einzelne Person identifizieren.<\/span>\n<h4><\/h4>\n<h4>COOKIES<\/h4>\n<span style=\"font-weight: 400;\">Die Holders Technology-Website verwendet Cookies, um Informationen \u00fcber Sie zu sammeln.\u00a0 Cookies sind kleine Datendateien, die von der Holders Technology-Website auf Ihrem Computer abgelegt werden und bestimmte pers\u00f6nliche Informationen \u00fcber Sie sammeln.\u00a0 Dies erm\u00f6glicht es uns, unser Serviceangebot (einschlie\u00dflich der Holders Technology-Website) anzupassen, um Ihnen Produkte und Dienstleistungen anzubieten, die besser auf Ihren individuellen Geschmack zugeschnitten sind.\u00a0 Sie k\u00f6nnen jedoch die Browsereinstellungen Ihrer Website so \u00e4ndern, dass Cookies abgelehnt werden. Bitte beachten Sie jedoch, dass dies die Funktionalit\u00e4t der Holders Technology-Website beeintr\u00e4chtigen kann.\u00a0 Weitere Informationen zu Cookies, einschlie\u00dflich der M\u00f6glichkeit, Cookies abzulehnen, finden Sie unter <a href=\"http:\/\/www.allaboutcookies.org\" target=\"_blank\" rel=\"noopener\">www.allaboutcookies.org<\/a>.<\/span>\n<h4><\/h4>\n<h4>\nSICHERHEIT<\/h4>\n<span style=\"font-weight: 400;\">Obwohl wir geeignete technische und organisatorische Ma\u00dfnahmen ergreifen, um die pers\u00f6nlichen Daten, die Sie uns zur Verf\u00fcgung stellen, zu sch\u00fctzen, kann keine v\u00f6llig sichere Kommunikation \u00fcber das Internet garantiert werden.\u00a0 Daher k\u00f6nnen wir die Sicherheit der personenbezogenen Daten, die Sie uns \u00fcber das Internet zur Verf\u00fcgung stellen, nicht garantieren.<\/span>\n<h4><\/h4>\n<h4>IHRE RECHTE<\/h4>\n<span style=\"font-weight: 400;\">Sie haben folgende Rechte:<\/span>\n<ul>\n \t<li><span style=\"font-weight: 400;\">das Recht, von uns jederzeit die Bereitstellung von Kopien der personenbezogenen Daten, die wir \u00fcber Sie gespeichert haben, zu verlangen, vorbehaltlich einer gesetzlich festgelegten Geb\u00fchr (derzeit 10 \u00a3);<\/span><\/li>\n \t<li><span style=\"font-weight: 400;\">das Recht, von uns die kostenlose Aktualisierung und Berichtigung veralteter oder falscher personenbezogener Daten, die wir \u00fcber Sie gespeichert haben, zu verlangen; Und<\/span><\/li>\n \t<li><span style=\"font-weight: 400;\">das Recht, jegliche Marketingmitteilungen abzubestellen, die wir (oder ein Dritter, an den wir Ihre personenbezogenen Daten mit Ihrer Einwilligung weitergegeben haben) Ihnen senden.<\/span><\/li>\n<\/ul>\n<span style=\"font-weight: 400;\">Wenn Sie eines der oben genannten Rechte aus\u00fcben m\u00f6chten, schreiben Sie uns bitte (per Post oder E-Mail) an die oben angegebene Adresse.<\/span>\n<h4><\/h4>\n<h4>WEBSITES DRITTER<\/h4>\n<span style=\"font-weight: 400;\">Die Holders Technology-Website enth\u00e4lt Links zu anderen Websites, die von Dritten betrieben werden.\u00a0 Bitte beachten Sie, dass diese Datenschutzrichtlinie nur f\u00fcr die personenbezogenen Daten gilt, die wir \u00fcber die Website von Holders Technology erfassen, und dass wir nicht f\u00fcr personenbezogene Daten verantwortlich sind, die Dritte m\u00f6glicherweise \u00fcber ihre Website erfassen, speichern und verwenden (einschlie\u00dflich beispielsweise PayPal).\u00a0 Sie sollten die Datenschutzrichtlinie jeder Website, die Sie besuchen, stets sorgf\u00e4ltig lesen.<\/span>\t\t\t\t\t\t\t\t<\/div>\n\t\t\t\t<\/div>\n\t\t\t\t\t<\/div>\n\t\t\t\t<\/div>\n\t\t\t\t<\/div>\n\t\t","protected":false},"excerpt":{"rendered":"<p>Datenschutzrichtlinie Diese Datenschutzrichtlinie regelt die Erhebung, Speicherung und Nutzung personenbezogener Daten, die von uns, Holders Technology UK Ltd, \u00fcber unsere [&hellip;]<\/p>\n","protected":false},"author":1,"featured_media":0,"parent":0,"menu_order":520,"comment_status":"closed","ping_status":"closed","template":"","meta":{"_acf_changed":false,"inline_featured_image":false,"site-sidebar-layout":"default","site-content-layout":"","ast-site-content-layout":"default","site-content-style":"default","site-sidebar-style":"default","ast-global-header-display":"","ast-banner-title-visibility":"","ast-main-header-display":"","ast-hfb-above-header-display":"","ast-hfb-below-header-display":"","ast-hfb-mobile-header-display":"","site-post-title":"","ast-breadcrumbs-content":"","ast-featured-img":"","footer-sml-layout":"","ast-disable-related-posts":"","theme-transparent-header-meta":"default","adv-header-id-meta":"","stick-header-meta":"","header-above-stick-meta":"","header-main-stick-meta":"","header-below-stick-meta":"","astra-migrate-meta-layouts":"default","ast-page-background-enabled":"default","ast-page-background-meta":{"desktop":{"background-color":"var(--ast-global-color-5)","background-image":"","background-repeat":"repeat","background-position":"center center","background-size":"auto","background-attachment":"scroll","background-type":"","background-media":"","overlay-type":"","overlay-color":"","overlay-opacity":"","overlay-gradient":""},"tablet":{"background-color":"","background-image":"","background-repeat":"repeat","background-position":"center center","background-size":"auto","background-attachment":"scroll","background-type":"","background-media":"","overlay-type":"","overlay-color":"","overlay-opacity":"","overlay-gradient":""},"mobile":{"background-color":"","background-image":"","background-repeat":"repeat","background-position":"center center","background-size":"auto","background-attachment":"scroll","background-type":"","background-media":"","overlay-type":"","overlay-color":"","overlay-opacity":"","overlay-gradient":""}},"ast-content-background-meta":{"desktop":{"background-color":"var(--ast-global-color-4)","background-image":"","background-repeat":"repeat","background-position":"center center","background-size":"auto","background-attachment":"scroll","background-type":"","background-media":"","overlay-type":"","overlay-color":"","overlay-opacity":"","overlay-gradient":""},"tablet":{"background-color":"var(--ast-global-color-4)","background-image":"","background-repeat":"repeat","background-position":"center center","background-size":"auto","background-attachment":"scroll","background-type":"","background-media":"","overlay-type":"","overlay-color":"","overlay-opacity":"","overlay-gradient":""},"mobile":{"background-color":"var(--ast-global-color-4)","background-image":"","background-repeat":"repeat","background-position":"center center","background-size":"auto","background-attachment":"scroll","background-type":"","background-media":"","overlay-type":"","overlay-color":"","overlay-opacity":"","overlay-gradient":""}},"footnotes":""},"class_list":["post-5661","page","type-page","status-publish","hentry"],"acf":[],"yoast_head":"<!-- This site is optimized with the Yoast SEO plugin v27.3 - https:\/\/yoast.com\/product\/yoast-seo-wordpress\/ -->\n<title>Datenschutzrichtlinie | Holders Group<\/title>\n<meta name=\"robots\" content=\"index, follow, max-snippet:-1, max-image-preview:large, max-video-preview:-1\" \/>\n<link rel=\"canonical\" href=\"https:\/\/holderstechnology.com\/de\/datenschutzrichtlinie\/\" \/>\n<meta property=\"og:locale\" content=\"de_DE\" \/>\n<meta property=\"og:type\" content=\"article\" \/>\n<meta property=\"og:title\" content=\"Datenschutzrichtlinie | Holders Group\" \/>\n<meta property=\"og:description\" content=\"Datenschutzrichtlinie Diese Datenschutzrichtlinie regelt die Erhebung, Speicherung und Nutzung personenbezogener Daten, die von uns, Holders Technology UK Ltd, \u00fcber unsere [&hellip;]\" \/>\n<meta property=\"og:url\" content=\"https:\/\/holderstechnology.com\/de\/datenschutzrichtlinie\/\" \/>\n<meta property=\"og:site_name\" content=\"Holders Group\" \/>\n<meta property=\"article:modified_time\" content=\"2025-08-14T15:40:50+00:00\" \/>\n<meta name=\"twitter:card\" content=\"summary_large_image\" \/>\n<meta name=\"twitter:label1\" content=\"Gesch\u00e4tzte Lesezeit\" \/>\n\t<meta name=\"twitter:data1\" content=\"6\u00a0Minuten\" \/>\n<script type=\"application\/ld+json\" class=\"yoast-schema-graph\">{\"@context\":\"https:\\\/\\\/schema.org\",\"@graph\":[{\"@type\":\"WebPage\",\"@id\":\"https:\\\/\\\/holderstechnology.com\\\/de\\\/datenschutzrichtlinie\\\/\",\"url\":\"https:\\\/\\\/holderstechnology.com\\\/de\\\/datenschutzrichtlinie\\\/\",\"name\":\"Datenschutzrichtlinie | Holders Group\",\"isPartOf\":{\"@id\":\"https:\\\/\\\/holderstechnology.com\\\/#website\"},\"datePublished\":\"2020-12-14T14:53:55+00:00\",\"dateModified\":\"2025-08-14T15:40:50+00:00\",\"breadcrumb\":{\"@id\":\"https:\\\/\\\/holderstechnology.com\\\/de\\\/datenschutzrichtlinie\\\/#breadcrumb\"},\"inLanguage\":\"de\",\"potentialAction\":[{\"@type\":\"ReadAction\",\"target\":[\"https:\\\/\\\/holderstechnology.com\\\/de\\\/datenschutzrichtlinie\\\/\"]}]},{\"@type\":\"BreadcrumbList\",\"@id\":\"https:\\\/\\\/holderstechnology.com\\\/de\\\/datenschutzrichtlinie\\\/#breadcrumb\",\"itemListElement\":[{\"@type\":\"ListItem\",\"position\":1,\"name\":\"&#8962;\",\"item\":\"https:\\\/\\\/holderstechnology.com\\\/\"},{\"@type\":\"ListItem\",\"position\":2,\"name\":\"Datenschutzrichtlinie\"}]},{\"@type\":\"WebSite\",\"@id\":\"https:\\\/\\\/holderstechnology.com\\\/#website\",\"url\":\"https:\\\/\\\/holderstechnology.com\\\/\",\"name\":\"Holders Group\",\"description\":\"\",\"publisher\":{\"@id\":\"https:\\\/\\\/holderstechnology.com\\\/#organization\"},\"potentialAction\":[{\"@type\":\"SearchAction\",\"target\":{\"@type\":\"EntryPoint\",\"urlTemplate\":\"https:\\\/\\\/holderstechnology.com\\\/?s={search_term_string}\"},\"query-input\":{\"@type\":\"PropertyValueSpecification\",\"valueRequired\":true,\"valueName\":\"search_term_string\"}}],\"inLanguage\":\"de\"},{\"@type\":\"Organization\",\"@id\":\"https:\\\/\\\/holderstechnology.com\\\/#organization\",\"name\":\"Holders Technology Group\",\"url\":\"https:\\\/\\\/holderstechnology.com\\\/\",\"logo\":{\"@type\":\"ImageObject\",\"inLanguage\":\"de\",\"@id\":\"https:\\\/\\\/holderstechnology.com\\\/#\\\/schema\\\/logo\\\/image\\\/\",\"url\":\"https:\\\/\\\/holderstechnology.com\\\/wp-content\\\/uploads\\\/2022\\\/11\\\/logo_holders-technology.png\",\"contentUrl\":\"https:\\\/\\\/holderstechnology.com\\\/wp-content\\\/uploads\\\/2022\\\/11\\\/logo_holders-technology.png\",\"width\":556,\"height\":67,\"caption\":\"Holders Technology Group\"},\"image\":{\"@id\":\"https:\\\/\\\/holderstechnology.com\\\/#\\\/schema\\\/logo\\\/image\\\/\"}}]}<\/script>\n<!-- \/ Yoast SEO plugin. -->","yoast_head_json":{"title":"Datenschutzrichtlinie | Holders Group","robots":{"index":"index","follow":"follow","max-snippet":"max-snippet:-1","max-image-preview":"max-image-preview:large","max-video-preview":"max-video-preview:-1"},"canonical":"https:\/\/holderstechnology.com\/de\/datenschutzrichtlinie\/","og_locale":"de_DE","og_type":"article","og_title":"Datenschutzrichtlinie | Holders Group","og_description":"Datenschutzrichtlinie Diese Datenschutzrichtlinie regelt die Erhebung, Speicherung und Nutzung personenbezogener Daten, die von uns, Holders Technology UK Ltd, \u00fcber unsere [&hellip;]","og_url":"https:\/\/holderstechnology.com\/de\/datenschutzrichtlinie\/","og_site_name":"Holders Group","article_modified_time":"2025-08-14T15:40:50+00:00","twitter_card":"summary_large_image","twitter_misc":{"Gesch\u00e4tzte Lesezeit":"6\u00a0Minuten"},"schema":{"@context":"https:\/\/schema.org","@graph":[{"@type":"WebPage","@id":"https:\/\/holderstechnology.com\/de\/datenschutzrichtlinie\/","url":"https:\/\/holderstechnology.com\/de\/datenschutzrichtlinie\/","name":"Datenschutzrichtlinie | Holders Group","isPartOf":{"@id":"https:\/\/holderstechnology.com\/#website"},"datePublished":"2020-12-14T14:53:55+00:00","dateModified":"2025-08-14T15:40:50+00:00","breadcrumb":{"@id":"https:\/\/holderstechnology.com\/de\/datenschutzrichtlinie\/#breadcrumb"},"inLanguage":"de","potentialAction":[{"@type":"ReadAction","target":["https:\/\/holderstechnology.com\/de\/datenschutzrichtlinie\/"]}]},{"@type":"BreadcrumbList","@id":"https:\/\/holderstechnology.com\/de\/datenschutzrichtlinie\/#breadcrumb","itemListElement":[{"@type":"ListItem","position":1,"name":"&#8962;","item":"https:\/\/holderstechnology.com\/"},{"@type":"ListItem","position":2,"name":"Datenschutzrichtlinie"}]},{"@type":"WebSite","@id":"https:\/\/holderstechnology.com\/#website","url":"https:\/\/holderstechnology.com\/","name":"Holders Group","description":"","publisher":{"@id":"https:\/\/holderstechnology.com\/#organization"},"potentialAction":[{"@type":"SearchAction","target":{"@type":"EntryPoint","urlTemplate":"https:\/\/holderstechnology.com\/?s={search_term_string}"},"query-input":{"@type":"PropertyValueSpecification","valueRequired":true,"valueName":"search_term_string"}}],"inLanguage":"de"},{"@type":"Organization","@id":"https:\/\/holderstechnology.com\/#organization","name":"Holders Technology Group","url":"https:\/\/holderstechnology.com\/","logo":{"@type":"ImageObject","inLanguage":"de","@id":"https:\/\/holderstechnology.com\/#\/schema\/logo\/image\/","url":"https:\/\/holderstechnology.com\/wp-content\/uploads\/2022\/11\/logo_holders-technology.png","contentUrl":"https:\/\/holderstechnology.com\/wp-content\/uploads\/2022\/11\/logo_holders-technology.png","width":556,"height":67,"caption":"Holders Technology Group"},"image":{"@id":"https:\/\/holderstechnology.com\/#\/schema\/logo\/image\/"}}]}},"_links":{"self":[{"href":"https:\/\/holderstechnology.com\/de\/wp-json\/wp\/v2\/pages\/5661","targetHints":{"allow":["GET"]}}],"collection":[{"href":"https:\/\/holderstechnology.com\/de\/wp-json\/wp\/v2\/pages"}],"about":[{"href":"https:\/\/holderstechnology.com\/de\/wp-json\/wp\/v2\/types\/page"}],"author":[{"embeddable":true,"href":"https:\/\/holderstechnology.com\/de\/wp-json\/wp\/v2\/users\/1"}],"replies":[{"embeddable":true,"href":"https:\/\/holderstechnology.com\/de\/wp-json\/wp\/v2\/comments?post=5661"}],"version-history":[{"count":4,"href":"https:\/\/holderstechnology.com\/de\/wp-json\/wp\/v2\/pages\/5661\/revisions"}],"predecessor-version":[{"id":5685,"href":"https:\/\/holderstechnology.com\/de\/wp-json\/wp\/v2\/pages\/5661\/revisions\/5685"}],"wp:attachment":[{"href":"https:\/\/holderstechnology.com\/de\/wp-json\/wp\/v2\/media?parent=5661"}],"curies":[{"name":"wp","href":"https:\/\/api.w.org\/{rel}","templated":true}]}}