{"id":5652,"date":"2021-01-26T09:17:00","date_gmt":"2021-01-26T09:17:00","guid":{"rendered":"https:\/\/holderstechnology.com\/cookie-policy\/"},"modified":"2025-08-19T07:59:59","modified_gmt":"2025-08-19T06:59:59","slug":"politique-en-matiere-de-cookies","status":"publish","type":"page","link":"https:\/\/holderstechnology.com\/fr\/politique-en-matiere-de-cookies\/","title":{"rendered":"Politique en mati\u00e8re de cookies"},"content":{"rendered":"\t\t<div data-elementor-type=\"wp-page\" data-elementor-id=\"5652\" class=\"elementor elementor-5652 elementor-927\" data-elementor-post-type=\"page\">\n\t\t\t\t<div class=\"elementor-element elementor-element-cd14cd6 e-flex e-con-boxed e-con e-parent\" data-id=\"cd14cd6\" data-element_type=\"container\" data-e-type=\"container\">\n\t\t\t\t\t<div class=\"e-con-inner\">\n\t\t\t\t<div class=\"elementor-element elementor-element-9e71171 elementor-align-left elementor-widget elementor-widget-breadcrumbs\" data-id=\"9e71171\" data-element_type=\"widget\" data-e-type=\"widget\" data-widget_type=\"breadcrumbs.default\">\n\t\t\t\t<div class=\"elementor-widget-container\">\n\t\t\t\t\t<p id=\"breadcrumbs\"><span><span><a href=\"https:\/\/holderstechnology.com\/\">&#8962;<\/a><\/span><\/span><\/p>\t\t\t\t<\/div>\n\t\t\t\t<\/div>\n\t\t\t\t\t<\/div>\n\t\t\t\t<\/div>\n\t\t<div class=\"elementor-element elementor-element-12aea8f9 e-flex e-con-boxed e-con e-parent\" data-id=\"12aea8f9\" data-element_type=\"container\" data-e-type=\"container\">\n\t\t\t\t\t<div class=\"e-con-inner\">\n\t\t\t\t<div class=\"elementor-element elementor-element-2527bf72 elementor-widget elementor-widget-text-editor\" data-id=\"2527bf72\" data-element_type=\"widget\" data-e-type=\"widget\" data-widget_type=\"text-editor.default\">\n\t\t\t\t<div class=\"elementor-widget-container\">\n\t\t\t\t\t\t\t\t\t<h2>Politique en mati\u00e8re de cookies<\/h2>\n\n<hr \/>\n\n&nbsp;\n<h4>QUE SONT LES COOKIES ?<\/h4>\n<span style=\"font-weight: 400;\">\u2018Les cookies sont de petits fichiers texte stock\u00e9s par le navigateur (par exemple Internet Explorer, Safari, Firefox, etc.) sur votre ordinateur ou votre t\u00e9l\u00e9phone mobile. Ils permettent aux sites Web de stocker des \u00e9l\u00e9ments tels que les pr\u00e9f\u00e9rences des utilisateurs. Vous pouvez consid\u00e9rer les cookies comme fournissant une \u00ab m\u00e9moire \u00bb au site Web, lui permettant de reconna\u00eetre un utilisateur et de r\u00e9pondre de la mani\u00e8re correcte.<\/span><span style=\"font-weight: 400;\">.<\/span>\n<h4><\/h4>\n<h4>COMMENT UTILISONS-NOUS LES COOKIES<\/h4>\n<span style=\"font-weight: 400;\">\nLa visite d&rsquo;une page de notre site Internet peut g\u00e9n\u00e9rer les types de cookies suivants :<\/span>\n<table class=\"table table-striped table-bordered\">\n<tbody>\n<tr>\n<td><span style=\"font-weight: 400;\">Biscuit<\/span><\/td>\n<td><span style=\"font-weight: 400;\">Nom<\/span><\/td>\n<td><span style=\"font-weight: 400;\">But<\/span><\/td>\n<td><span style=\"font-weight: 400;\">Plus d&rsquo;informations<\/span><\/td>\n<\/tr>\n<tr>\n<td><span style=\"font-weight: 400;\">Google Analytics<\/span><\/td>\n<td><span style=\"font-weight: 400;\">_utma<\/span>\n\n<span style=\"font-weight: 400;\">_utmb<\/span>\n\n<span style=\"font-weight: 400;\">_utmc<\/span>\n\n<span style=\"font-weight: 400;\">_utmz<\/span><\/td>\n<td><span style=\"font-weight: 400;\">Ces cookies sont utilis\u00e9s pour collecter des informations anonymes sur la mani\u00e8re dont les visiteurs utilisent notre site Web. Nous utilisons ces informations pour compiler des rapports et pour nous aider \u00e0 am\u00e9liorer le site Web.<\/span><\/td>\n<td><a href=\"http:\/\/www.google.com\/intl\/en\/policies\/privacy\/\" target=\"_blank\" rel=\"noopener\"><span style=\"font-weight: 400;\">\nCliquez ici pour un aper\u00e7u de la confidentialit\u00e9 chez Google<\/span><\/a><\/td>\n<\/tr>\n<tr>\n<td><span style=\"font-weight: 400;\">Cookie du syst\u00e8me de gestion de contenu<\/span><\/td>\n<td><span style=\"font-weight: 400;\">Identifiant CMSSESS<\/span><\/td>\n<td><span style=\"font-weight: 400;\">Ce cookie est d\u00e9fini par notre syst\u00e8me de gestion de contenu \u00e0 l&rsquo;arriv\u00e9e sur notre site Web. Ils ne sont utilis\u00e9s \u00e0 aucune fin et sont supprim\u00e9s lorsqu&rsquo;un utilisateur ferme son navigateur.<\/span><\/td>\n<td><\/td>\n<\/tr>\n<tr>\n<td><span style=\"font-weight: 400;\">Pr\u00e9f\u00e9rence en mati\u00e8re de cookies<\/span><\/td>\n<td><span style=\"font-weight: 400;\">\ndirectives cookies<\/span><\/td>\n<td><span style=\"font-weight: 400;\">\nCe cookie est utilis\u00e9 pour rappeler que vous avez vu notre notification relative aux cookies.<\/span><\/td>\n<td><\/td>\n<\/tr>\n<\/tbody>\n<\/table>\n&nbsp;\n<h4>COMMENT D\u00c9SACTIVER LES COOKIES ?<\/h4>\n<span style=\"font-weight: 400;\">Tous les navigateurs modernes vous permettent de modifier vos param\u00e8tres de cookies. Ces param\u00e8tres se trouvent g\u00e9n\u00e9ralement dans le menu \u00ab options \u00bb ou \u00ab pr\u00e9f\u00e9rences \u00bb de votre navigateur. Afin de comprendre ces param\u00e8tres, les liens suivants peuvent \u00eatre utiles, sinon vous devez utiliser l&rsquo;option \u00ab Aide \u00bb de votre navigateur pour plus de d\u00e9tails.<\/span>\n\n<b>REMARQUE\u00a0: La d\u00e9sactivation des cookies peut entraver les performances de ce site Web et certaines fonctionnalit\u00e9s peuvent ne pas fonctionner correctement.<\/b>\n\n<a href=\"http:\/\/support.microsoft.com\/kb\/196955\" target=\"_blank\" rel=\"noopener\"><span style=\"font-weight: 400;\">Param\u00e8tres des cookies dans Internet Explorer<\/span><\/a>\n\n<a href=\"http:\/\/support.mozilla.com\/en-US\/kb\/Cookies\" target=\"_blank\" rel=\"noopener\"><span style=\"font-weight: 400;\">Param\u00e8tres des cookies dans Firefox<\/span><\/a>\n\n<a href=\"http:\/\/www.google.com\/support\/chrome\/bin\/answer.py?hl=en&amp;answer=95647\" target=\"_blank\" rel=\"noopener\"><span style=\"font-weight: 400;\">\nParam\u00e8tres des cookies dans Chrome<\/span><\/a>\n\n<a href=\"http:\/\/support.apple.com\/kb\/PH5042\" target=\"_blank\" rel=\"noopener\"><span style=\"font-weight: 400;\">Param\u00e8tres des cookies dans Safari<\/span><\/a>\n\n<span style=\"font-weight: 400;\">Si vous \u00eates principalement pr\u00e9occup\u00e9 par les cookies tiers g\u00e9n\u00e9r\u00e9s par les annonceurs, vous pouvez les d\u00e9sactiver en vous rendant sur la page <\/span><a href=\"http:\/\/www.youronlinechoices.com\/uk\" target=\"_blank\" rel=\"noopener\"><span style=\"font-weight: 400;\">Votre site de choix en ligne.<\/span><\/a>\n\n<span style=\"font-weight: 400;\">Vous pouvez \u00e9galement visiter l\u2019organisme professionnel repr\u00e9sentant ces plateformes publicitaires pour plus d\u2019informations : Network Advertising Initiative.<\/span>\n\n<span style=\"font-weight: 400;\">Ils ont fourni un guichet unique qui rassemble tous les contr\u00f4les de d\u00e9sinscription. Veuillez garder \u00e0 l\u2019esprit qu\u2019il existe beaucoup plus de r\u00e9seaux r\u00e9pertori\u00e9s que nous n\u2019en utilisons sur ce site. <\/span><a href=\"http:\/\/networkadvertising.org\/managing\/opt_out.asp\" target=\"_blank\" rel=\"noopener\"><span style=\"font-weight: 400;\">http:\/\/networkadvertising.org\/managing\/opt_out.asp<\/span><\/a>\n<h4><\/h4>\n<h4>\nLIENS UTILES<\/h4>\n<span style=\"font-weight: 400;\">Si vous souhaitez en savoir plus sur les cookies et leur utilisation sur Internet, les liens suivants peuvent vous \u00eatre utiles :<\/span>\n\n<a href=\"http:\/\/www.microsoft.com\/info\/cookies.mspx\" target=\"_blank\" rel=\"noopener\"><span style=\"font-weight: 400;\">Guide des cookies Microsoft<\/span><\/a>\n\n<a href=\"http:\/\/www.allaboutcookies.org\/\" target=\"_blank\" rel=\"noopener\"><span style=\"font-weight: 400;\">\nTout sur les cookies<\/span><\/a>\n\n<span style=\"font-weight: 400;\">\nL&rsquo;IAB a fourni le site Web suivant pour fournir des informations sp\u00e9cifiquement sur les probl\u00e8mes de confidentialit\u00e9 li\u00e9s \u00e0 la publicit\u00e9 sur Internet : <\/span><a href=\"http:\/\/www.youronlinechoices.com\/uk\/\" target=\"_blank\" rel=\"noopener\"><span style=\"font-weight: 400;\">youronlinechoices.co.uk\/uk<\/span><\/a>\n\n<span style=\"font-weight: 400;\">Pour plus d\u2019informations juridiques sur les questions de confidentialit\u00e9, ces liens peuvent vous \u00eatre utiles\u00a0:<\/span>\n\n<a href=\"http:\/\/www.opsi.gov.uk\/acts\/acts1998\/ukpga_19980029_en_1\" target=\"_blank\" rel=\"noopener\"><span style=\"font-weight: 400;\"\nData Protection Act 1998\n\n\nLoi sur la protection des donn\u00e9es de 1998<\/span><\/a>\n\n<a href=\"http:\/\/www.ico.gov.uk\/\" target=\"_blank\" rel=\"noopener\"><span style=\"font-weight: 400;\">Le Bureau du commissaire \u00e0 l\u2019information<\/span><\/a>\t\t\t\t\t\t\t\t<\/div>\n\t\t\t\t<\/div>\n\t\t\t\t\t<\/div>\n\t\t\t\t<\/div>\n\t\t\t\t<\/div>\n\t\t","protected":false},"excerpt":{"rendered":"<p>Politique en mati\u00e8re de cookies &nbsp; QUE SONT LES COOKIES ? \u2018Les cookies sont de petits fichiers texte stock\u00e9s par [&hellip;]<\/p>\n","protected":false},"author":1,"featured_media":0,"parent":0,"menu_order":550,"comment_status":"closed","ping_status":"closed","template":"","meta":{"_acf_changed":false,"inline_featured_image":false,"site-sidebar-layout":"default","site-content-layout":"","ast-site-content-layout":"default","site-content-style":"default","site-sidebar-style":"default","ast-global-header-display":"","ast-banner-title-visibility":"","ast-main-header-display":"","ast-hfb-above-header-display":"","ast-hfb-below-header-display":"","ast-hfb-mobile-header-display":"","site-post-title":"","ast-breadcrumbs-content":"","ast-featured-img":"","footer-sml-layout":"","ast-disable-related-posts":"","theme-transparent-header-meta":"default","adv-header-id-meta":"","stick-header-meta":"","header-above-stick-meta":"","header-main-stick-meta":"","header-below-stick-meta":"","astra-migrate-meta-layouts":"set","ast-page-background-enabled":"default","ast-page-background-meta":{"desktop":{"background-color":"var(--ast-global-color-5)","background-image":"","background-repeat":"repeat","background-position":"center center","background-size":"auto","background-attachment":"scroll","background-type":"","background-media":"","overlay-type":"","overlay-color":"","overlay-opacity":"","overlay-gradient":""},"tablet":{"background-color":"","background-image":"","background-repeat":"repeat","background-position":"center center","background-size":"auto","background-attachment":"scroll","background-type":"","background-media":"","overlay-type":"","overlay-color":"","overlay-opacity":"","overlay-gradient":""},"mobile":{"background-color":"","background-image":"","background-repeat":"repeat","background-position":"center center","background-size":"auto","background-attachment":"scroll","background-type":"","background-media":"","overlay-type":"","overlay-color":"","overlay-opacity":"","overlay-gradient":""}},"ast-content-background-meta":{"desktop":{"background-color":"var(--ast-global-color-4)","background-image":"","background-repeat":"repeat","background-position":"center center","background-size":"auto","background-attachment":"scroll","background-type":"","background-media":"","overlay-type":"","overlay-color":"","overlay-opacity":"","overlay-gradient":""},"tablet":{"background-color":"var(--ast-global-color-4)","background-image":"","background-repeat":"repeat","background-position":"center center","background-size":"auto","background-attachment":"scroll","background-type":"","background-media":"","overlay-type":"","overlay-color":"","overlay-opacity":"","overlay-gradient":""},"mobile":{"background-color":"var(--ast-global-color-4)","background-image":"","background-repeat":"repeat","background-position":"center center","background-size":"auto","background-attachment":"scroll","background-type":"","background-media":"","overlay-type":"","overlay-color":"","overlay-opacity":"","overlay-gradient":""}},"footnotes":""},"class_list":["post-5652","page","type-page","status-publish","hentry"],"acf":[],"yoast_head":"<!-- This site is optimized with the Yoast SEO plugin v27.3 - https:\/\/yoast.com\/product\/yoast-seo-wordpress\/ -->\n<title>Wireless Lighting Solutions | Holders Group Cookie Policy<\/title>\n<meta name=\"robots\" content=\"index, follow, max-snippet:-1, max-image-preview:large, max-video-preview:-1\" \/>\n<link rel=\"canonical\" href=\"https:\/\/holderstechnology.com\/fr\/politique-en-matiere-de-cookies\/\" \/>\n<meta property=\"og:locale\" content=\"fr_FR\" \/>\n<meta property=\"og:type\" content=\"article\" \/>\n<meta property=\"og:title\" content=\"Wireless Lighting Solutions | Holders Group Cookie Policy\" \/>\n<meta property=\"og:description\" content=\"Politique en mati\u00e8re de cookies &nbsp; QUE SONT LES COOKIES ? \u2018Les cookies sont de petits fichiers texte stock\u00e9s par [&hellip;]\" \/>\n<meta property=\"og:url\" content=\"https:\/\/holderstechnology.com\/fr\/politique-en-matiere-de-cookies\/\" \/>\n<meta property=\"og:site_name\" content=\"Holders Group\" \/>\n<meta property=\"article:modified_time\" content=\"2025-08-19T06:59:59+00:00\" \/>\n<meta name=\"twitter:card\" content=\"summary_large_image\" \/>\n<meta name=\"twitter:label1\" content=\"Dur\u00e9e de lecture estim\u00e9e\" \/>\n\t<meta name=\"twitter:data1\" content=\"3 minutes\" \/>\n<script type=\"application\/ld+json\" class=\"yoast-schema-graph\">{\"@context\":\"https:\\\/\\\/schema.org\",\"@graph\":[{\"@type\":\"WebPage\",\"@id\":\"https:\\\/\\\/holderstechnology.com\\\/fr\\\/politique-en-matiere-de-cookies\\\/\",\"url\":\"https:\\\/\\\/holderstechnology.com\\\/fr\\\/politique-en-matiere-de-cookies\\\/\",\"name\":\"Wireless Lighting Solutions | Holders Group Cookie Policy\",\"isPartOf\":{\"@id\":\"https:\\\/\\\/holderstechnology.com\\\/#website\"},\"datePublished\":\"2021-01-26T09:17:00+00:00\",\"dateModified\":\"2025-08-19T06:59:59+00:00\",\"breadcrumb\":{\"@id\":\"https:\\\/\\\/holderstechnology.com\\\/fr\\\/politique-en-matiere-de-cookies\\\/#breadcrumb\"},\"inLanguage\":\"fr-FR\",\"potentialAction\":[{\"@type\":\"ReadAction\",\"target\":[\"https:\\\/\\\/holderstechnology.com\\\/fr\\\/politique-en-matiere-de-cookies\\\/\"]}]},{\"@type\":\"BreadcrumbList\",\"@id\":\"https:\\\/\\\/holderstechnology.com\\\/fr\\\/politique-en-matiere-de-cookies\\\/#breadcrumb\",\"itemListElement\":[{\"@type\":\"ListItem\",\"position\":1,\"name\":\"&#8962;\",\"item\":\"https:\\\/\\\/holderstechnology.com\\\/\"},{\"@type\":\"ListItem\",\"position\":2,\"name\":\"Politique en mati\u00e8re de cookies\"}]},{\"@type\":\"WebSite\",\"@id\":\"https:\\\/\\\/holderstechnology.com\\\/#website\",\"url\":\"https:\\\/\\\/holderstechnology.com\\\/\",\"name\":\"Holders Group\",\"description\":\"\",\"publisher\":{\"@id\":\"https:\\\/\\\/holderstechnology.com\\\/#organization\"},\"potentialAction\":[{\"@type\":\"SearchAction\",\"target\":{\"@type\":\"EntryPoint\",\"urlTemplate\":\"https:\\\/\\\/holderstechnology.com\\\/?s={search_term_string}\"},\"query-input\":{\"@type\":\"PropertyValueSpecification\",\"valueRequired\":true,\"valueName\":\"search_term_string\"}}],\"inLanguage\":\"fr-FR\"},{\"@type\":\"Organization\",\"@id\":\"https:\\\/\\\/holderstechnology.com\\\/#organization\",\"name\":\"Holders Technology Group\",\"url\":\"https:\\\/\\\/holderstechnology.com\\\/\",\"logo\":{\"@type\":\"ImageObject\",\"inLanguage\":\"fr-FR\",\"@id\":\"https:\\\/\\\/holderstechnology.com\\\/#\\\/schema\\\/logo\\\/image\\\/\",\"url\":\"https:\\\/\\\/holderstechnology.com\\\/wp-content\\\/uploads\\\/2022\\\/11\\\/logo_holders-technology.png\",\"contentUrl\":\"https:\\\/\\\/holderstechnology.com\\\/wp-content\\\/uploads\\\/2022\\\/11\\\/logo_holders-technology.png\",\"width\":556,\"height\":67,\"caption\":\"Holders Technology Group\"},\"image\":{\"@id\":\"https:\\\/\\\/holderstechnology.com\\\/#\\\/schema\\\/logo\\\/image\\\/\"}}]}<\/script>\n<!-- \/ Yoast SEO plugin. -->","yoast_head_json":{"title":"Wireless Lighting Solutions | Holders Group Cookie Policy","robots":{"index":"index","follow":"follow","max-snippet":"max-snippet:-1","max-image-preview":"max-image-preview:large","max-video-preview":"max-video-preview:-1"},"canonical":"https:\/\/holderstechnology.com\/fr\/politique-en-matiere-de-cookies\/","og_locale":"fr_FR","og_type":"article","og_title":"Wireless Lighting Solutions | Holders Group Cookie Policy","og_description":"Politique en mati\u00e8re de cookies &nbsp; QUE SONT LES COOKIES ? \u2018Les cookies sont de petits fichiers texte stock\u00e9s par [&hellip;]","og_url":"https:\/\/holderstechnology.com\/fr\/politique-en-matiere-de-cookies\/","og_site_name":"Holders Group","article_modified_time":"2025-08-19T06:59:59+00:00","twitter_card":"summary_large_image","twitter_misc":{"Dur\u00e9e de lecture estim\u00e9e":"3 minutes"},"schema":{"@context":"https:\/\/schema.org","@graph":[{"@type":"WebPage","@id":"https:\/\/holderstechnology.com\/fr\/politique-en-matiere-de-cookies\/","url":"https:\/\/holderstechnology.com\/fr\/politique-en-matiere-de-cookies\/","name":"Wireless Lighting Solutions | Holders Group Cookie Policy","isPartOf":{"@id":"https:\/\/holderstechnology.com\/#website"},"datePublished":"2021-01-26T09:17:00+00:00","dateModified":"2025-08-19T06:59:59+00:00","breadcrumb":{"@id":"https:\/\/holderstechnology.com\/fr\/politique-en-matiere-de-cookies\/#breadcrumb"},"inLanguage":"fr-FR","potentialAction":[{"@type":"ReadAction","target":["https:\/\/holderstechnology.com\/fr\/politique-en-matiere-de-cookies\/"]}]},{"@type":"BreadcrumbList","@id":"https:\/\/holderstechnology.com\/fr\/politique-en-matiere-de-cookies\/#breadcrumb","itemListElement":[{"@type":"ListItem","position":1,"name":"&#8962;","item":"https:\/\/holderstechnology.com\/"},{"@type":"ListItem","position":2,"name":"Politique en mati\u00e8re de cookies"}]},{"@type":"WebSite","@id":"https:\/\/holderstechnology.com\/#website","url":"https:\/\/holderstechnology.com\/","name":"Holders Group","description":"","publisher":{"@id":"https:\/\/holderstechnology.com\/#organization"},"potentialAction":[{"@type":"SearchAction","target":{"@type":"EntryPoint","urlTemplate":"https:\/\/holderstechnology.com\/?s={search_term_string}"},"query-input":{"@type":"PropertyValueSpecification","valueRequired":true,"valueName":"search_term_string"}}],"inLanguage":"fr-FR"},{"@type":"Organization","@id":"https:\/\/holderstechnology.com\/#organization","name":"Holders Technology Group","url":"https:\/\/holderstechnology.com\/","logo":{"@type":"ImageObject","inLanguage":"fr-FR","@id":"https:\/\/holderstechnology.com\/#\/schema\/logo\/image\/","url":"https:\/\/holderstechnology.com\/wp-content\/uploads\/2022\/11\/logo_holders-technology.png","contentUrl":"https:\/\/holderstechnology.com\/wp-content\/uploads\/2022\/11\/logo_holders-technology.png","width":556,"height":67,"caption":"Holders Technology Group"},"image":{"@id":"https:\/\/holderstechnology.com\/#\/schema\/logo\/image\/"}}]}},"_links":{"self":[{"href":"https:\/\/holderstechnology.com\/fr\/wp-json\/wp\/v2\/pages\/5652","targetHints":{"allow":["GET"]}}],"collection":[{"href":"https:\/\/holderstechnology.com\/fr\/wp-json\/wp\/v2\/pages"}],"about":[{"href":"https:\/\/holderstechnology.com\/fr\/wp-json\/wp\/v2\/types\/page"}],"author":[{"embeddable":true,"href":"https:\/\/holderstechnology.com\/fr\/wp-json\/wp\/v2\/users\/1"}],"replies":[{"embeddable":true,"href":"https:\/\/holderstechnology.com\/fr\/wp-json\/wp\/v2\/comments?post=5652"}],"version-history":[{"count":7,"href":"https:\/\/holderstechnology.com\/fr\/wp-json\/wp\/v2\/pages\/5652\/revisions"}],"predecessor-version":[{"id":5832,"href":"https:\/\/holderstechnology.com\/fr\/wp-json\/wp\/v2\/pages\/5652\/revisions\/5832"}],"wp:attachment":[{"href":"https:\/\/holderstechnology.com\/fr\/wp-json\/wp\/v2\/media?parent=5652"}],"curies":[{"name":"wp","href":"https:\/\/api.w.org\/{rel}","templated":true}]}}