{"id":5659,"date":"2020-12-14T14:53:55","date_gmt":"2020-12-14T14:53:55","guid":{"rendered":"https:\/\/holderstechnology.com\/privacy-policy\/"},"modified":"2025-08-14T15:58:15","modified_gmt":"2025-08-14T14:58:15","slug":"politique-de-confidentialite","status":"publish","type":"page","link":"https:\/\/holderstechnology.com\/fr\/politique-de-confidentialite\/","title":{"rendered":"politique de confidentialit\u00e9"},"content":{"rendered":"\t\t<div data-elementor-type=\"wp-page\" data-elementor-id=\"5659\" class=\"elementor elementor-5659 elementor-182\" data-elementor-post-type=\"page\">\n\t\t\t\t<div class=\"elementor-element elementor-element-eb0bbbf e-flex e-con-boxed e-con e-parent\" data-id=\"eb0bbbf\" data-element_type=\"container\" data-e-type=\"container\">\n\t\t\t\t\t<div class=\"e-con-inner\">\n\t\t\t\t<div class=\"elementor-element elementor-element-4a73c88 elementor-align-left elementor-widget elementor-widget-breadcrumbs\" data-id=\"4a73c88\" data-element_type=\"widget\" data-e-type=\"widget\" data-widget_type=\"breadcrumbs.default\">\n\t\t\t\t<div class=\"elementor-widget-container\">\n\t\t\t\t\t<p id=\"breadcrumbs\"><span><span><a href=\"https:\/\/holderstechnology.com\/\">&#8962;<\/a><\/span><\/span><\/p>\t\t\t\t<\/div>\n\t\t\t\t<\/div>\n\t\t\t\t\t<\/div>\n\t\t\t\t<\/div>\n\t\t<div class=\"elementor-element elementor-element-13b5a598 e-flex e-con-boxed e-con e-parent\" data-id=\"13b5a598\" data-element_type=\"container\" data-e-type=\"container\">\n\t\t\t\t\t<div class=\"e-con-inner\">\n\t\t\t\t<div class=\"elementor-element elementor-element-5ddc6636 elementor-widget elementor-widget-text-editor\" data-id=\"5ddc6636\" data-element_type=\"widget\" data-e-type=\"widget\" data-widget_type=\"text-editor.default\">\n\t\t\t\t<div class=\"elementor-widget-container\">\n\t\t\t\t\t\t\t\t\t<h2>politique de confidentialit\u00e9<\/h2>\n\n<hr \/>\n\n<span style=\"font-weight: 400;\">\nCette politique de confidentialit\u00e9 r\u00e9git la collecte, le stockage et l&rsquo;utilisation des informations personnelles collect\u00e9es par nous, Holders Technology UK Ltd, via notre site Web \u00e0 l&rsquo;adresse holderstechnology.com (the <\/span><b>\u00ab\u00a0Site Web de technologie Holders\u00a0\u00bb<\/b><span style=\"font-weight: 400;\">).\u00a0 Il vous fournit des d\u00e9tails sur les informations personnelles que nous collectons aupr\u00e8s de vous, sur la mani\u00e8re dont nous utilisons vos informations personnelles et sur vos droits de contr\u00f4ler les informations personnelles que nous d\u00e9tenons \u00e0 votre sujet.\u00a0 Veuillez lire attentivement cette politique de confidentialit\u00e9 \u2013 en acc\u00e9dant ou en parcourant le site Web de Holders Technology, vous confirmez que vous avez lu, compris et accept\u00e9 cette politique de confidentialit\u00e9 dans son int\u00e9gralit\u00e9.\u00a0 Si vous n\u2019acceptez pas cette politique de confidentialit\u00e9 dans son int\u00e9gralit\u00e9, vous ne devez pas utiliser le site Web Holders Technology.<\/span><\n<span style=\"font-weight: 400;\">Cette politique de confidentialit\u00e9 a \u00e9t\u00e9 mise \u00e0 jour pour la derni\u00e8re fois le 18 janvier 2021. Veuillez revenir r\u00e9guli\u00e8rement pour rester inform\u00e9 des mises \u00e0 jour de cette politique de confidentialit\u00e9.<\/span>\n<h4>\nQUI NOUS SOMMES<\/h4>\n<span style=\"font-weight: 400;\">Holders Technology UK Ltd est une soci\u00e9t\u00e9 enregistr\u00e9e en Angleterre et au Pays de Galles (le num\u00e9ro d&rsquo;enregistrement est 03633101), dont le si\u00e8ge social est 27-28 Eastcastle Street, Londres W1W 8DH Royaume-Uni.<\/span>\n\n<span style=\"font-weight: 400;\">Nous respectons votre droit \u00e0 la vie priv\u00e9e et traiterons uniquement les informations personnelles que vous nous fournissez conform\u00e9ment \u00e0 la loi sur la protection des donn\u00e9es de 1998, aux r\u00e8glements de 2003 sur la confidentialit\u00e9 et les communications \u00e9lectroniques (directive CE) et aux autres lois applicables en mati\u00e8re de confidentialit\u00e9.<\/span>\n\n<span style=\"font-weight: 400;\">Si vous avez des questions sur la mani\u00e8re dont nous collectons, stockons et utilisons les informations personnelles, ou si vous avez d&rsquo;autres questions li\u00e9es \u00e0 la confidentialit\u00e9, veuillez nous contacter \u00e0 tout moment par l&rsquo;un des moyens suivants :<\/span>\n<ul>\n \t<li><span style=\"font-weight: 400;\">\nT\u00e9l\u00e9phonez-nous au +44 (0) 1896 759098<\/span><\/li>\n \t<li><span style=\"font-weight: 400;\">Envoyez-nous un courriel \u00e0\u00a0: <a href=\"mailto:headoffice@holderstechnology.com\">headoffice@holderstechnology.com<\/a><\/span><\/li>\n \t<li><span style=\"font-weight: 400;\">\u00c9crivez-nous \u00e0 Holders Technology UK Ltd, Units 1-4, Block 9, Galashiels TD13RS, UK.<\/span><\/li>\n<\/ul>\n<h4><\/h4>\n<h4>UN MOT RAPIDE SUR LES ENFANTS<\/h4>\n<span style=\"font-weight: 400;\">Nous ne collectons pas et ne collecterons pas sciemment d&rsquo;informations aupr\u00e8s d&rsquo;un enfant de moins de 18 ans sans surveillance. Si vous avez moins de 18 ans, vous ne devez pas utiliser le site Web Holders Technology \u00e0 moins d&rsquo;avoir le consentement et d&rsquo;\u00eatre supervis\u00e9 par un parent ou un tuteur.<\/span>\n<h4>LES INFORMATIONS PERSONNELLES QUE NOUS D\u00c9TENONS \u00c0 VOTRE SUJET<\/h4>\n<span style=\"font-weight: 400;\">Lorsque vous acc\u00e9dez et parcourez le site Web de Holders Technology (y compris lorsque vous nous soumettez des informations personnelles via les champs de saisie de donn\u00e9es sur le site Web de Holders Technology), nous pouvons collecter les informations suivantes aupr\u00e8s de vous\u00a0:<\/span>\n<ul>\n \t<li><span style=\"font-weight: 400;\">\n\n\nvotre nom ;<\/span><\/li>\n \t<li><span style=\"font-weight: 400;\">votre adresse postale ;<\/span><\/li>\n \t<li><span style=\"font-weight: 400;\">vos coordonn\u00e9es de t\u00e9l\u00e9phone, de fax et de courrier \u00e9lectronique ; et<\/span><\/li>\n \t<li><span style=\"font-weight: 400;\">PayPal, informations de carte de cr\u00e9dit et de d\u00e9bit pour les achats.<\/span><\/li>\n<\/ul>\n<h4><\/h4>\n<h4>COMMENT NOUS POUVONS UTILISER ET CONSERVER VOS INFORMATIONS<\/h4>\n<span style=\"font-weight: 400;\">Nous (ou les soci\u00e9t\u00e9s de notre groupe ou les fournisseurs agissant en notre nom, tels que les soci\u00e9t\u00e9s de livraison) pouvons collecter, stocker et utiliser vos informations personnelles \u00e9num\u00e9r\u00e9es ci-dessus aux fins suivantes\u00a0:<\/span>\n<ul>\n \t<li><span style=\"font-weight: 400;\">mettre le site Web Holders Technology \u00e0 votre disposition et vous fournir un contenu adapt\u00e9 \u00e0 vos go\u00fbts individuels\u00a0;<\/span><\/li>\n \t<li><span style=\"font-weight: 400;\">pour finaliser tous les achats que vous effectuez via le site Web Holders Technology, ce qui inclut la fourniture de vos coordonn\u00e9es \u00e0 PayPal\u00a0;<\/span><\/li>\n \t<li><span style=\"font-weight: 400;\">pour vous fournir les services que vous nous demandez\u00a0;<\/span><\/li>\n \t<li><span style=\"font-weight: 400;\">\npour livrer les marchandises que vous commandez, ce qui implique de fournir votre nom et votre adresse aux soci\u00e9t\u00e9s de livraison ; et<\/span><\/li>\n \t<li><span style=\"font-weight: 400;\">pour vous contacter (y compris par SMS et e-mail) avec des informations sur nos produits et services qui, selon nous, pourraient vous int\u00e9resser.<\/span><\/li>\n<\/ul>\n<span style=\"font-weight: 400;\">\u00c0 l\u2019exception des autres soci\u00e9t\u00e9s de notre groupe et des fournisseurs de livraison tiers, nous ne divulguerons, ne vendrons ni ne louerons vos informations personnelles \u00e0 des tiers, sauf si vous y avez consenti. Si vous consentez mais changez d\u2019avis par la suite, vous pouvez nous contacter et nous cesserons toute activit\u00e9 de ce type.<\/span>\n\n<span style=\"font-weight: 400;\">Toutefois, si un tiers acquiert la totalit\u00e9 (ou la quasi-totalit\u00e9) de notre entreprise et\/ou de nos actifs, nous pouvons divulguer vos informations personnelles \u00e0 ce tiers dans le cadre de l&rsquo;acquisition. Nous pouvons \u00e9galement divulguer vos informations personnelles lorsque nous y sommes tenus par la loi applicable, par un organisme gouvernemental ou par un organisme charg\u00e9 de l&rsquo;application de la loi.<\/span>\n\n<span style=\"font-weight: 400;\">Enfin, nous pouvons \u00e9galement collecter des informations anonymis\u00e9es sur les visiteurs du site Web Holders Technology \u00e0 des fins de statistiques globales ou de reporting.\u00a0 Cependant, aucun individu ne sera identifiable \u00e0 partir des informations anonymis\u00e9es que nous collectons \u00e0 ces fins.<\/span>\n<h4><\/h4>\n<h4>COOKIES<\/h4>\n<span style=\"font-weight: 400;\">Le site Web Holders Technology utilise des cookies pour collecter des informations vous concernant.\u00a0 Les cookies sont de petits fichiers de donn\u00e9es plac\u00e9s sur votre ordinateur par le site Web Holders Technology et qui collectent certaines informations personnelles vous concernant.\u00a0 Cela nous permet d&rsquo;adapter notre offre de services (y compris le site Web Holders Technology) pour vous fournir des produits et services plus adapt\u00e9s \u00e0 vos go\u00fbts individuels.\u00a0 Cependant, vous pouvez modifier les param\u00e8tres de votre navigateur Web pour rejeter les cookies, mais veuillez noter que si vous le faites, cela peut nuire \u00e0 la fonctionnalit\u00e9 du site Web Holders Technology.\u00a0 Pour plus d&rsquo;informations sur les cookies, y compris sur la mani\u00e8re de refuser les cookies, veuillez visiter <a href=\"http:\/\/www.allaboutcookies.org\" target=\"_blank\" rel=\"noopener\">www.allaboutcookies.org<\/a>.<\/span>\n<h4><\/h4>\n<h4>\nS\u00c9CURIT\u00c9<\/h4>\n<span style=\"font-weight: 400;\">Bien que nous prenions les mesures techniques et organisationnelles appropri\u00e9es pour prot\u00e9ger les informations personnelles que vous nous fournissez, aucune communication envoy\u00e9e via Internet ne peut jamais \u00eatre garantie comme \u00e9tant totalement s\u00e9curis\u00e9e.\u00a0 Par cons\u00e9quent, nous ne pouvons garantir la s\u00e9curit\u00e9 des informations personnelles que vous nous fournissez via Internet.<\/span>\n<h4><\/h4>\n<h4>\nVOS DROITS<\/h4>\n<span style=\"font-weight: 400;\">Vous disposez des droits suivants :<\/span>\n<ul>\n \t<li><span style=\"font-weight: 400;\">le droit de nous demander de vous fournir \u00e0 tout moment des copies des informations personnelles que nous d\u00e9tenons \u00e0 votre sujet, sous r\u00e9serve des frais sp\u00e9cifi\u00e9s par la loi (actuellement 10 \u00a3)\u00a0;<\/span><\/li>\n \t<li><span style=\"font-weight: 400;\"le droit de nous demander de mettre \u00e0 jour et de corriger gratuitement toute information personnelle obsol\u00e8te ou incorrecte que nous d\u00e9tenons \u00e0 votre sujet\u00a0; et<\/span><\/li>\n \t<li><span style=\"font-weight: 400;\">le droit de vous d\u00e9sinscrire de toute communication marketing que nous (ou tout tiers \u00e0 qui nous avons divulgu\u00e9 vos informations personnelles avec votre consentement) pouvons vous envoyer.<\/span><\/li>\n<\/ul>\n<span style=\"font-weight: 400;\">Si vous souhaitez exercer l&rsquo;un des droits ci-dessus, veuillez nous \u00e9crire (soit par courrier, soit par e-mail) \u00e0 l&rsquo;adresse indiqu\u00e9e ci-dessus.<\/span>\n<h4><\/h4>\n<h4>NIVEAUX DE SITES<\/h4>\n<span style=\"font-weight: 400;\">Le site Web Holders Technology contient des liens vers d\u2019autres sites Web exploit\u00e9s par des tiers.\u00a0 Veuillez noter que cette politique de confidentialit\u00e9 s&rsquo;applique uniquement aux informations personnelles que nous collectons via le site Web Holders Technology et que nous ne pouvons \u00eatre responsables des informations personnelles que des tiers peuvent collecter, stocker et utiliser via leur site Web (y compris, par exemple, PayPal).\u00a0 Vous devez toujours lire attentivement la politique de confidentialit\u00e9 de chaque site Web que vous visitez.<\/span>\t\t\t\t\t\t\t\t<\/div>\n\t\t\t\t<\/div>\n\t\t\t\t\t<\/div>\n\t\t\t\t<\/div>\n\t\t\t\t<\/div>\n\t\t","protected":false},"excerpt":{"rendered":"<p>politique de confidentialit\u00e9 Cette politique de confidentialit\u00e9 r\u00e9git la collecte, le stockage et l&rsquo;utilisation des informations personnelles collect\u00e9es par nous, [&hellip;]<\/p>\n","protected":false},"author":1,"featured_media":0,"parent":0,"menu_order":520,"comment_status":"closed","ping_status":"closed","template":"","meta":{"_acf_changed":false,"inline_featured_image":false,"site-sidebar-layout":"default","site-content-layout":"","ast-site-content-layout":"default","site-content-style":"default","site-sidebar-style":"default","ast-global-header-display":"","ast-banner-title-visibility":"","ast-main-header-display":"","ast-hfb-above-header-display":"","ast-hfb-below-header-display":"","ast-hfb-mobile-header-display":"","site-post-title":"","ast-breadcrumbs-content":"","ast-featured-img":"","footer-sml-layout":"","ast-disable-related-posts":"","theme-transparent-header-meta":"default","adv-header-id-meta":"","stick-header-meta":"","header-above-stick-meta":"","header-main-stick-meta":"","header-below-stick-meta":"","astra-migrate-meta-layouts":"set","ast-page-background-enabled":"default","ast-page-background-meta":{"desktop":{"background-color":"var(--ast-global-color-5)","background-image":"","background-repeat":"repeat","background-position":"center center","background-size":"auto","background-attachment":"scroll","background-type":"","background-media":"","overlay-type":"","overlay-color":"","overlay-opacity":"","overlay-gradient":""},"tablet":{"background-color":"","background-image":"","background-repeat":"repeat","background-position":"center center","background-size":"auto","background-attachment":"scroll","background-type":"","background-media":"","overlay-type":"","overlay-color":"","overlay-opacity":"","overlay-gradient":""},"mobile":{"background-color":"","background-image":"","background-repeat":"repeat","background-position":"center center","background-size":"auto","background-attachment":"scroll","background-type":"","background-media":"","overlay-type":"","overlay-color":"","overlay-opacity":"","overlay-gradient":""}},"ast-content-background-meta":{"desktop":{"background-color":"var(--ast-global-color-4)","background-image":"","background-repeat":"repeat","background-position":"center center","background-size":"auto","background-attachment":"scroll","background-type":"","background-media":"","overlay-type":"","overlay-color":"","overlay-opacity":"","overlay-gradient":""},"tablet":{"background-color":"var(--ast-global-color-4)","background-image":"","background-repeat":"repeat","background-position":"center center","background-size":"auto","background-attachment":"scroll","background-type":"","background-media":"","overlay-type":"","overlay-color":"","overlay-opacity":"","overlay-gradient":""},"mobile":{"background-color":"var(--ast-global-color-4)","background-image":"","background-repeat":"repeat","background-position":"center center","background-size":"auto","background-attachment":"scroll","background-type":"","background-media":"","overlay-type":"","overlay-color":"","overlay-opacity":"","overlay-gradient":""}},"footnotes":""},"class_list":["post-5659","page","type-page","status-publish","hentry"],"acf":[],"yoast_head":"<!-- This site is optimized with the Yoast SEO plugin v27.3 - https:\/\/yoast.com\/product\/yoast-seo-wordpress\/ -->\n<title>politique de confidentialit\u00e9 | Holders Group<\/title>\n<meta name=\"robots\" content=\"index, follow, max-snippet:-1, max-image-preview:large, max-video-preview:-1\" \/>\n<link rel=\"canonical\" href=\"https:\/\/holderstechnology.com\/fr\/politique-de-confidentialite\/\" \/>\n<meta property=\"og:locale\" content=\"fr_FR\" \/>\n<meta property=\"og:type\" content=\"article\" \/>\n<meta property=\"og:title\" content=\"politique de confidentialit\u00e9 | Holders Group\" \/>\n<meta property=\"og:description\" content=\"politique de confidentialit\u00e9 Cette politique de confidentialit\u00e9 r\u00e9git la collecte, le stockage et l&rsquo;utilisation des informations personnelles collect\u00e9es par nous, [&hellip;]\" \/>\n<meta property=\"og:url\" content=\"https:\/\/holderstechnology.com\/fr\/politique-de-confidentialite\/\" \/>\n<meta property=\"og:site_name\" content=\"Holders Group\" \/>\n<meta property=\"article:modified_time\" content=\"2025-08-14T14:58:15+00:00\" \/>\n<meta name=\"twitter:card\" content=\"summary_large_image\" \/>\n<meta name=\"twitter:label1\" content=\"Dur\u00e9e de lecture estim\u00e9e\" \/>\n\t<meta name=\"twitter:data1\" content=\"6 minutes\" \/>\n<script type=\"application\/ld+json\" class=\"yoast-schema-graph\">{\"@context\":\"https:\\\/\\\/schema.org\",\"@graph\":[{\"@type\":\"WebPage\",\"@id\":\"https:\\\/\\\/holderstechnology.com\\\/fr\\\/politique-de-confidentialite\\\/\",\"url\":\"https:\\\/\\\/holderstechnology.com\\\/fr\\\/politique-de-confidentialite\\\/\",\"name\":\"politique de confidentialit\u00e9 | Holders Group\",\"isPartOf\":{\"@id\":\"https:\\\/\\\/holderstechnology.com\\\/#website\"},\"datePublished\":\"2020-12-14T14:53:55+00:00\",\"dateModified\":\"2025-08-14T14:58:15+00:00\",\"breadcrumb\":{\"@id\":\"https:\\\/\\\/holderstechnology.com\\\/fr\\\/politique-de-confidentialite\\\/#breadcrumb\"},\"inLanguage\":\"fr-FR\",\"potentialAction\":[{\"@type\":\"ReadAction\",\"target\":[\"https:\\\/\\\/holderstechnology.com\\\/fr\\\/politique-de-confidentialite\\\/\"]}]},{\"@type\":\"BreadcrumbList\",\"@id\":\"https:\\\/\\\/holderstechnology.com\\\/fr\\\/politique-de-confidentialite\\\/#breadcrumb\",\"itemListElement\":[{\"@type\":\"ListItem\",\"position\":1,\"name\":\"&#8962;\",\"item\":\"https:\\\/\\\/holderstechnology.com\\\/\"},{\"@type\":\"ListItem\",\"position\":2,\"name\":\"politique de confidentialit\u00e9\"}]},{\"@type\":\"WebSite\",\"@id\":\"https:\\\/\\\/holderstechnology.com\\\/#website\",\"url\":\"https:\\\/\\\/holderstechnology.com\\\/\",\"name\":\"Holders Group\",\"description\":\"\",\"publisher\":{\"@id\":\"https:\\\/\\\/holderstechnology.com\\\/#organization\"},\"potentialAction\":[{\"@type\":\"SearchAction\",\"target\":{\"@type\":\"EntryPoint\",\"urlTemplate\":\"https:\\\/\\\/holderstechnology.com\\\/?s={search_term_string}\"},\"query-input\":{\"@type\":\"PropertyValueSpecification\",\"valueRequired\":true,\"valueName\":\"search_term_string\"}}],\"inLanguage\":\"fr-FR\"},{\"@type\":\"Organization\",\"@id\":\"https:\\\/\\\/holderstechnology.com\\\/#organization\",\"name\":\"Holders Technology Group\",\"url\":\"https:\\\/\\\/holderstechnology.com\\\/\",\"logo\":{\"@type\":\"ImageObject\",\"inLanguage\":\"fr-FR\",\"@id\":\"https:\\\/\\\/holderstechnology.com\\\/#\\\/schema\\\/logo\\\/image\\\/\",\"url\":\"https:\\\/\\\/holderstechnology.com\\\/wp-content\\\/uploads\\\/2022\\\/11\\\/logo_holders-technology.png\",\"contentUrl\":\"https:\\\/\\\/holderstechnology.com\\\/wp-content\\\/uploads\\\/2022\\\/11\\\/logo_holders-technology.png\",\"width\":556,\"height\":67,\"caption\":\"Holders Technology Group\"},\"image\":{\"@id\":\"https:\\\/\\\/holderstechnology.com\\\/#\\\/schema\\\/logo\\\/image\\\/\"}}]}<\/script>\n<!-- \/ Yoast SEO plugin. -->","yoast_head_json":{"title":"politique de confidentialit\u00e9 | Holders Group","robots":{"index":"index","follow":"follow","max-snippet":"max-snippet:-1","max-image-preview":"max-image-preview:large","max-video-preview":"max-video-preview:-1"},"canonical":"https:\/\/holderstechnology.com\/fr\/politique-de-confidentialite\/","og_locale":"fr_FR","og_type":"article","og_title":"politique de confidentialit\u00e9 | Holders Group","og_description":"politique de confidentialit\u00e9 Cette politique de confidentialit\u00e9 r\u00e9git la collecte, le stockage et l&rsquo;utilisation des informations personnelles collect\u00e9es par nous, [&hellip;]","og_url":"https:\/\/holderstechnology.com\/fr\/politique-de-confidentialite\/","og_site_name":"Holders Group","article_modified_time":"2025-08-14T14:58:15+00:00","twitter_card":"summary_large_image","twitter_misc":{"Dur\u00e9e de lecture estim\u00e9e":"6 minutes"},"schema":{"@context":"https:\/\/schema.org","@graph":[{"@type":"WebPage","@id":"https:\/\/holderstechnology.com\/fr\/politique-de-confidentialite\/","url":"https:\/\/holderstechnology.com\/fr\/politique-de-confidentialite\/","name":"politique de confidentialit\u00e9 | Holders Group","isPartOf":{"@id":"https:\/\/holderstechnology.com\/#website"},"datePublished":"2020-12-14T14:53:55+00:00","dateModified":"2025-08-14T14:58:15+00:00","breadcrumb":{"@id":"https:\/\/holderstechnology.com\/fr\/politique-de-confidentialite\/#breadcrumb"},"inLanguage":"fr-FR","potentialAction":[{"@type":"ReadAction","target":["https:\/\/holderstechnology.com\/fr\/politique-de-confidentialite\/"]}]},{"@type":"BreadcrumbList","@id":"https:\/\/holderstechnology.com\/fr\/politique-de-confidentialite\/#breadcrumb","itemListElement":[{"@type":"ListItem","position":1,"name":"&#8962;","item":"https:\/\/holderstechnology.com\/"},{"@type":"ListItem","position":2,"name":"politique de confidentialit\u00e9"}]},{"@type":"WebSite","@id":"https:\/\/holderstechnology.com\/#website","url":"https:\/\/holderstechnology.com\/","name":"Holders Group","description":"","publisher":{"@id":"https:\/\/holderstechnology.com\/#organization"},"potentialAction":[{"@type":"SearchAction","target":{"@type":"EntryPoint","urlTemplate":"https:\/\/holderstechnology.com\/?s={search_term_string}"},"query-input":{"@type":"PropertyValueSpecification","valueRequired":true,"valueName":"search_term_string"}}],"inLanguage":"fr-FR"},{"@type":"Organization","@id":"https:\/\/holderstechnology.com\/#organization","name":"Holders Technology Group","url":"https:\/\/holderstechnology.com\/","logo":{"@type":"ImageObject","inLanguage":"fr-FR","@id":"https:\/\/holderstechnology.com\/#\/schema\/logo\/image\/","url":"https:\/\/holderstechnology.com\/wp-content\/uploads\/2022\/11\/logo_holders-technology.png","contentUrl":"https:\/\/holderstechnology.com\/wp-content\/uploads\/2022\/11\/logo_holders-technology.png","width":556,"height":67,"caption":"Holders Technology Group"},"image":{"@id":"https:\/\/holderstechnology.com\/#\/schema\/logo\/image\/"}}]}},"_links":{"self":[{"href":"https:\/\/holderstechnology.com\/fr\/wp-json\/wp\/v2\/pages\/5659","targetHints":{"allow":["GET"]}}],"collection":[{"href":"https:\/\/holderstechnology.com\/fr\/wp-json\/wp\/v2\/pages"}],"about":[{"href":"https:\/\/holderstechnology.com\/fr\/wp-json\/wp\/v2\/types\/page"}],"author":[{"embeddable":true,"href":"https:\/\/holderstechnology.com\/fr\/wp-json\/wp\/v2\/users\/1"}],"replies":[{"embeddable":true,"href":"https:\/\/holderstechnology.com\/fr\/wp-json\/wp\/v2\/comments?post=5659"}],"version-history":[{"count":5,"href":"https:\/\/holderstechnology.com\/fr\/wp-json\/wp\/v2\/pages\/5659\/revisions"}],"predecessor-version":[{"id":5672,"href":"https:\/\/holderstechnology.com\/fr\/wp-json\/wp\/v2\/pages\/5659\/revisions\/5672"}],"wp:attachment":[{"href":"https:\/\/holderstechnology.com\/fr\/wp-json\/wp\/v2\/media?parent=5659"}],"curies":[{"name":"wp","href":"https:\/\/api.w.org\/{rel}","templated":true}]}}