{"id":1324,"date":"2021-05-28T11:55:18","date_gmt":"2021-05-28T10:55:18","guid":{"rendered":"https:\/\/holderstechnology.com\/lighting-components\/casambi\/"},"modified":"2025-08-21T09:26:07","modified_gmt":"2025-08-21T08:26:07","slug":"casambi","status":"publish","type":"page","link":"https:\/\/holderstechnology.com\/lighting-components\/de\/casambi\/","title":{"rendered":"Casambi"},"content":{"rendered":"\t\t<div data-elementor-type=\"wp-page\" data-elementor-id=\"1324\" class=\"elementor elementor-1324 elementor-170\" data-elementor-post-type=\"page\">\n\t\t\t\t<div class=\"elementor-element elementor-element-0b37e26 e-con-full e-flex e-con e-parent\" data-id=\"0b37e26\" data-element_type=\"container\" data-e-type=\"container\" data-settings=\"{&quot;background_background&quot;:&quot;classic&quot;}\">\n\t\t\t\t<\/div>\n\t\t<div class=\"elementor-element elementor-element-5253170 e-flex e-con-boxed e-con e-parent\" data-id=\"5253170\" data-element_type=\"container\" data-e-type=\"container\">\n\t\t\t\t\t<div class=\"e-con-inner\">\n\t\t\t\t<div class=\"elementor-element elementor-element-e76272a elementor-align-left elementor-widget elementor-widget-breadcrumbs\" data-id=\"e76272a\" data-element_type=\"widget\" data-e-type=\"widget\" data-widget_type=\"breadcrumbs.default\">\n\t\t\t\t<div class=\"elementor-widget-container\">\n\t\t\t\t\t<p id=\"breadcrumbs\"><span><span><a href=\"https:\/\/holderstechnology.com\/lighting-components\/de\/leuchten-komponenten\/\">&#8962;<\/a><\/span><\/span><\/p>\t\t\t\t<\/div>\n\t\t\t\t<\/div>\n\t\t\t\t\t<\/div>\n\t\t\t\t<\/div>\n\t\t<div class=\"elementor-element elementor-element-591f3f7 e-flex e-con-boxed e-con e-parent\" data-id=\"591f3f7\" data-element_type=\"container\" data-e-type=\"container\">\n\t\t\t\t\t<div class=\"e-con-inner\">\n\t\t\t\t<div class=\"elementor-element elementor-element-e51dc01 elementor-widget elementor-widget-text-editor\" data-id=\"e51dc01\" data-element_type=\"widget\" data-e-type=\"widget\" data-widget_type=\"text-editor.default\">\n\t\t\t\t<div class=\"elementor-widget-container\">\n\t\t\t\t\t\t\t\t\t<h1 style=\"text-align: center;\">CASAMBI<\/h1><p class=\"text-lg\" style=\"text-align: center;\">Casambi ist eines der am schnellsten wachsenden drahtlosen Steuerungssysteme der Welt. Die Casambi Beleuchtungstechnologie basiert auf Bluetooth Low Energy und bietet die fortschrittlichste Lichtsteuerungsl\u00f6sung auf dem Markt. Die drahtlosen Kontrollsysteme von Casambi wurden in viele Partnerprodukte implementiert, so dass ein sehr gro\u00dfes \u00d6kosystem von Casambi-f\u00e4higen Produkten entstanden ist, die alle nahtlos miteinander kommunizieren. Die Bluetooth-Mesh-Technologie in Verbindung mit der umfangreichen Produktpalette hat dazu gef\u00fchrt, dass die Casambi-Technologie in sehr gro\u00dfen Projekten auf der ganzen Welt eingesetzt wird, die in den folgenden Fallstudien vorgestellt werden <a href=\"https:\/\/holderstechnology.com\/wireless-lighting-control\/case-studies\/\" target=\"_blank\" rel=\"noopener\"><span style=\"color: #0086b9;\">Fallstudien<\/span><\/a> Abschnitt auf unserer <span style=\"color: #0086b9;\"><a style=\"color: #0086b9;\" href=\"https:\/\/holderstechnology.com\/wireless-lighting-control\/case-studies\/\" target=\"_blank\" rel=\"noopener\">Website f\u00fcr drahtlose Beleuchtungssteuerungen<\/a><\/span>.<\/p><p style=\"text-align: center;\"><span style=\"font-weight: 400;\">Holders Technology arbeitet seit 2016 sehr eng mit Casambi zusammen. Als technischer Vertriebs- und Supportpartner verkauft Holders Technology ein komplettes Sortiment an Hardware und bietet dar\u00fcber hinaus den gesamten technischen Support und die Projektdienstleistungen an, die f\u00fcr jedes Projekt erforderlich sind. Im Jahr 2020 f\u00fchrte Holders auch Holders Technology Data Analytics ein, um ein Datenanalyse-Dashboard f\u00fcr alle Casambi-Datenanforderungen bereitzustellen. Alle Informationen zu Produkten, Projekt- und Datenservices finden Sie auf unserer <span style=\"color: #0086b9;\">\n  <a style=\"color: #0086b9;\" href=\"https:\/\/holderstechnology.com\/wireless-lighting-control\/\" target=\"_blank\" rel=\"noopener\">Wireless Lighting Controls Website<\/a>\n<\/span>.<\/span><\/p>\t\t\t\t\t\t\t\t<\/div>\n\t\t\t\t<\/div>\n\t\t\t\t\t<\/div>\n\t\t\t\t<\/div>\n\t\t<div class=\"elementor-element elementor-element-0482ba4 e-con-full e-flex e-con e-parent\" data-id=\"0482ba4\" data-element_type=\"container\" data-e-type=\"container\" data-settings=\"{&quot;background_background&quot;:&quot;classic&quot;}\">\n\t\t<div class=\"elementor-element elementor-element-6f463ed e-con-full e-flex e-con e-child\" data-id=\"6f463ed\" data-element_type=\"container\" data-e-type=\"container\" data-settings=\"{&quot;background_background&quot;:&quot;classic&quot;}\">\n\t\t<a class=\"elementor-element elementor-element-f6261d4 e-con-full e-flex e-con e-child\" data-id=\"f6261d4\" data-element_type=\"container\" data-e-type=\"container\" data-settings=\"{&quot;background_background&quot;:&quot;classic&quot;}\" href=\"\/wireless-lighting-control\/casambi-wireless-lighting-control\/\" target=\"_blank\">\n\t\t\t\t<div class=\"elementor-element elementor-element-97551bc elementor-widget elementor-widget-heading\" data-id=\"97551bc\" data-element_type=\"widget\" data-e-type=\"widget\" data-widget_type=\"heading.default\">\n\t\t\t\t<div class=\"elementor-widget-container\">\n\t\t\t\t\t<h2 class=\"elementor-heading-title elementor-size-default\">ERFAHREN SIE MEHR \u00dcBER CASAMBI<\/h2>\t\t\t\t<\/div>\n\t\t\t\t<\/div>\n\t\t\t\t<\/a>\n\t\t\t\t<\/div>\n\t\t\t\t<\/div>\n\t\t\t\t<\/div>\n\t\t","protected":false},"excerpt":{"rendered":"<p>CASAMBI Casambi ist eines der am schnellsten wachsenden drahtlosen Steuerungssysteme der Welt. Die Casambi Beleuchtungstechnologie basiert auf Bluetooth Low Energy [&hellip;]<\/p>\n","protected":false},"author":1,"featured_media":0,"parent":0,"menu_order":350,"comment_status":"closed","ping_status":"closed","template":"elementor_header_footer","meta":{"_acf_changed":false,"inline_featured_image":false,"site-sidebar-layout":"default","site-content-layout":"","ast-site-content-layout":"full-width-container","site-content-style":"default","site-sidebar-style":"default","ast-global-header-display":"","ast-banner-title-visibility":"","ast-main-header-display":"","ast-hfb-above-header-display":"","ast-hfb-below-header-display":"","ast-hfb-mobile-header-display":"","site-post-title":"","ast-breadcrumbs-content":"","ast-featured-img":"","footer-sml-layout":"","ast-disable-related-posts":"","theme-transparent-header-meta":"default","adv-header-id-meta":"","stick-header-meta":"","header-above-stick-meta":"","header-main-stick-meta":"","header-below-stick-meta":"","astra-migrate-meta-layouts":"default","ast-page-background-enabled":"default","ast-page-background-meta":{"desktop":{"background-color":"var(--ast-global-color-5)","background-image":"","background-repeat":"repeat","background-position":"center center","background-size":"auto","background-attachment":"scroll","background-type":"","background-media":"","overlay-type":"","overlay-color":"","overlay-opacity":"","overlay-gradient":""},"tablet":{"background-color":"","background-image":"","background-repeat":"repeat","background-position":"center center","background-size":"auto","background-attachment":"scroll","background-type":"","background-media":"","overlay-type":"","overlay-color":"","overlay-opacity":"","overlay-gradient":""},"mobile":{"background-color":"","background-image":"","background-repeat":"repeat","background-position":"center center","background-size":"auto","background-attachment":"scroll","background-type":"","background-media":"","overlay-type":"","overlay-color":"","overlay-opacity":"","overlay-gradient":""}},"ast-content-background-meta":{"desktop":{"background-color":"var(--ast-global-color-4)","background-image":"","background-repeat":"repeat","background-position":"center center","background-size":"auto","background-attachment":"scroll","background-type":"","background-media":"","overlay-type":"","overlay-color":"","overlay-opacity":"","overlay-gradient":""},"tablet":{"background-color":"var(--ast-global-color-4)","background-image":"","background-repeat":"repeat","background-position":"center center","background-size":"auto","background-attachment":"scroll","background-type":"","background-media":"","overlay-type":"","overlay-color":"","overlay-opacity":"","overlay-gradient":""},"mobile":{"background-color":"var(--ast-global-color-4)","background-image":"","background-repeat":"repeat","background-position":"center center","background-size":"auto","background-attachment":"scroll","background-type":"","background-media":"","overlay-type":"","overlay-color":"","overlay-opacity":"","overlay-gradient":""}},"footnotes":""},"class_list":["post-1324","page","type-page","status-publish","hentry"],"acf":[],"yoast_head":"<!-- This site is optimized with the Yoast SEO plugin v27.3 - https:\/\/yoast.com\/product\/yoast-seo-wordpress\/ -->\n<title>Casambi Wireless Lighting | zur Verf\u00fcgung gestellt von Holders Technology<\/title>\n<meta name=\"description\" content=\"Casambi Wireless Lighting - Holders Technology ist Casambi-Vertriebspartner in Gro\u00dfbritannien. Wir bieten ein komplettes Sortiment an Casambi-Beleuchtungsl\u00f6sungen sowie umfassende technische Unterst\u00fctzung.\" \/>\n<meta name=\"robots\" content=\"index, follow, max-snippet:-1, max-image-preview:large, max-video-preview:-1\" \/>\n<link rel=\"canonical\" href=\"https:\/\/holderstechnology.com\/lighting-components\/fr\/casambi\/\" \/>\n<meta property=\"og:locale\" content=\"de_DE\" \/>\n<meta property=\"og:type\" content=\"article\" \/>\n<meta property=\"og:title\" content=\"Casambi Wireless Lighting | zur Verf\u00fcgung gestellt von Holders Technology\" \/>\n<meta property=\"og:description\" content=\"Casambi Wireless Lighting - Holders Technology ist Casambi-Vertriebspartner in Gro\u00dfbritannien. Wir bieten ein komplettes Sortiment an Casambi-Beleuchtungsl\u00f6sungen sowie umfassende technische Unterst\u00fctzung.\" \/>\n<meta property=\"og:url\" content=\"https:\/\/holderstechnology.com\/lighting-components\/fr\/casambi\/\" \/>\n<meta property=\"og:site_name\" content=\"Holders Lighting Components\" \/>\n<meta property=\"article:modified_time\" content=\"2025-08-21T08:26:07+00:00\" \/>\n<meta name=\"twitter:card\" content=\"summary_large_image\" \/>\n<meta name=\"twitter:label1\" content=\"Gesch\u00e4tzte Lesezeit\" \/>\n\t<meta name=\"twitter:data1\" content=\"1\u00a0Minute\" \/>\n<script type=\"application\/ld+json\" class=\"yoast-schema-graph\">{\"@context\":\"https:\\\/\\\/schema.org\",\"@graph\":[{\"@type\":\"WebPage\",\"@id\":\"https:\\\/\\\/holderstechnology.com\\\/lighting-components\\\/fr\\\/casambi\\\/\",\"url\":\"https:\\\/\\\/holderstechnology.com\\\/lighting-components\\\/fr\\\/casambi\\\/\",\"name\":\"Casambi Wireless Lighting | zur Verf\u00fcgung gestellt von Holders Technology\",\"isPartOf\":{\"@id\":\"https:\\\/\\\/holderstechnology.com\\\/lighting-components\\\/#website\"},\"datePublished\":\"2021-05-28T10:55:18+00:00\",\"dateModified\":\"2025-08-21T08:26:07+00:00\",\"description\":\"Casambi Wireless Lighting - Holders Technology ist Casambi-Vertriebspartner in Gro\u00dfbritannien. Wir bieten ein komplettes Sortiment an Casambi-Beleuchtungsl\u00f6sungen sowie umfassende technische Unterst\u00fctzung.\",\"breadcrumb\":{\"@id\":\"https:\\\/\\\/holderstechnology.com\\\/lighting-components\\\/fr\\\/casambi\\\/#breadcrumb\"},\"inLanguage\":\"de\",\"potentialAction\":[{\"@type\":\"ReadAction\",\"target\":[\"https:\\\/\\\/holderstechnology.com\\\/lighting-components\\\/fr\\\/casambi\\\/\"]}]},{\"@type\":\"BreadcrumbList\",\"@id\":\"https:\\\/\\\/holderstechnology.com\\\/lighting-components\\\/fr\\\/casambi\\\/#breadcrumb\",\"itemListElement\":[{\"@type\":\"ListItem\",\"position\":1,\"name\":\"&#8962;\",\"item\":\"https:\\\/\\\/holderstechnology.com\\\/lighting-components\\\/de\\\/leuchten-komponenten\\\/\"},{\"@type\":\"ListItem\",\"position\":2,\"name\":\"Casambi\"}]},{\"@type\":\"WebSite\",\"@id\":\"https:\\\/\\\/holderstechnology.com\\\/lighting-components\\\/#website\",\"url\":\"https:\\\/\\\/holderstechnology.com\\\/lighting-components\\\/\",\"name\":\"Holders Lighting Components\",\"description\":\"\",\"publisher\":{\"@id\":\"https:\\\/\\\/holderstechnology.com\\\/lighting-components\\\/#organization\"},\"potentialAction\":[{\"@type\":\"SearchAction\",\"target\":{\"@type\":\"EntryPoint\",\"urlTemplate\":\"https:\\\/\\\/holderstechnology.com\\\/lighting-components\\\/?s={search_term_string}\"},\"query-input\":{\"@type\":\"PropertyValueSpecification\",\"valueRequired\":true,\"valueName\":\"search_term_string\"}}],\"inLanguage\":\"de\"},{\"@type\":\"Organization\",\"@id\":\"https:\\\/\\\/holderstechnology.com\\\/lighting-components\\\/#organization\",\"name\":\"Holders Technology Group\",\"url\":\"https:\\\/\\\/holderstechnology.com\\\/lighting-components\\\/\",\"logo\":{\"@type\":\"ImageObject\",\"inLanguage\":\"de\",\"@id\":\"https:\\\/\\\/holderstechnology.com\\\/lighting-components\\\/#\\\/schema\\\/logo\\\/image\\\/\",\"url\":\"https:\\\/\\\/holderstechnology.com\\\/lighting-components\\\/wp-content\\\/uploads\\\/sites\\\/2\\\/2022\\\/11\\\/logo_holders-technology.png\",\"contentUrl\":\"https:\\\/\\\/holderstechnology.com\\\/lighting-components\\\/wp-content\\\/uploads\\\/sites\\\/2\\\/2022\\\/11\\\/logo_holders-technology.png\",\"width\":556,\"height\":67,\"caption\":\"Holders Technology Group\"},\"image\":{\"@id\":\"https:\\\/\\\/holderstechnology.com\\\/lighting-components\\\/#\\\/schema\\\/logo\\\/image\\\/\"}}]}<\/script>\n<!-- \/ Yoast SEO plugin. -->","yoast_head_json":{"title":"Casambi Wireless Lighting | zur Verf\u00fcgung gestellt von Holders Technology","description":"Casambi Wireless Lighting - Holders Technology ist Casambi-Vertriebspartner in Gro\u00dfbritannien. Wir bieten ein komplettes Sortiment an Casambi-Beleuchtungsl\u00f6sungen sowie umfassende technische Unterst\u00fctzung.","robots":{"index":"index","follow":"follow","max-snippet":"max-snippet:-1","max-image-preview":"max-image-preview:large","max-video-preview":"max-video-preview:-1"},"canonical":"https:\/\/holderstechnology.com\/lighting-components\/fr\/casambi\/","og_locale":"de_DE","og_type":"article","og_title":"Casambi Wireless Lighting | zur Verf\u00fcgung gestellt von Holders Technology","og_description":"Casambi Wireless Lighting - Holders Technology ist Casambi-Vertriebspartner in Gro\u00dfbritannien. Wir bieten ein komplettes Sortiment an Casambi-Beleuchtungsl\u00f6sungen sowie umfassende technische Unterst\u00fctzung.","og_url":"https:\/\/holderstechnology.com\/lighting-components\/fr\/casambi\/","og_site_name":"Holders Lighting Components","article_modified_time":"2025-08-21T08:26:07+00:00","twitter_card":"summary_large_image","twitter_misc":{"Gesch\u00e4tzte Lesezeit":"1\u00a0Minute"},"schema":{"@context":"https:\/\/schema.org","@graph":[{"@type":"WebPage","@id":"https:\/\/holderstechnology.com\/lighting-components\/fr\/casambi\/","url":"https:\/\/holderstechnology.com\/lighting-components\/fr\/casambi\/","name":"Casambi Wireless Lighting | zur Verf\u00fcgung gestellt von Holders Technology","isPartOf":{"@id":"https:\/\/holderstechnology.com\/lighting-components\/#website"},"datePublished":"2021-05-28T10:55:18+00:00","dateModified":"2025-08-21T08:26:07+00:00","description":"Casambi Wireless Lighting - Holders Technology ist Casambi-Vertriebspartner in Gro\u00dfbritannien. Wir bieten ein komplettes Sortiment an Casambi-Beleuchtungsl\u00f6sungen sowie umfassende technische Unterst\u00fctzung.","breadcrumb":{"@id":"https:\/\/holderstechnology.com\/lighting-components\/fr\/casambi\/#breadcrumb"},"inLanguage":"de","potentialAction":[{"@type":"ReadAction","target":["https:\/\/holderstechnology.com\/lighting-components\/fr\/casambi\/"]}]},{"@type":"BreadcrumbList","@id":"https:\/\/holderstechnology.com\/lighting-components\/fr\/casambi\/#breadcrumb","itemListElement":[{"@type":"ListItem","position":1,"name":"&#8962;","item":"https:\/\/holderstechnology.com\/lighting-components\/de\/leuchten-komponenten\/"},{"@type":"ListItem","position":2,"name":"Casambi"}]},{"@type":"WebSite","@id":"https:\/\/holderstechnology.com\/lighting-components\/#website","url":"https:\/\/holderstechnology.com\/lighting-components\/","name":"Holders Lighting Components","description":"","publisher":{"@id":"https:\/\/holderstechnology.com\/lighting-components\/#organization"},"potentialAction":[{"@type":"SearchAction","target":{"@type":"EntryPoint","urlTemplate":"https:\/\/holderstechnology.com\/lighting-components\/?s={search_term_string}"},"query-input":{"@type":"PropertyValueSpecification","valueRequired":true,"valueName":"search_term_string"}}],"inLanguage":"de"},{"@type":"Organization","@id":"https:\/\/holderstechnology.com\/lighting-components\/#organization","name":"Holders Technology Group","url":"https:\/\/holderstechnology.com\/lighting-components\/","logo":{"@type":"ImageObject","inLanguage":"de","@id":"https:\/\/holderstechnology.com\/lighting-components\/#\/schema\/logo\/image\/","url":"https:\/\/holderstechnology.com\/lighting-components\/wp-content\/uploads\/sites\/2\/2022\/11\/logo_holders-technology.png","contentUrl":"https:\/\/holderstechnology.com\/lighting-components\/wp-content\/uploads\/sites\/2\/2022\/11\/logo_holders-technology.png","width":556,"height":67,"caption":"Holders Technology Group"},"image":{"@id":"https:\/\/holderstechnology.com\/lighting-components\/#\/schema\/logo\/image\/"}}]}},"_links":{"self":[{"href":"https:\/\/holderstechnology.com\/lighting-components\/de\/wp-json\/wp\/v2\/pages\/1324","targetHints":{"allow":["GET"]}}],"collection":[{"href":"https:\/\/holderstechnology.com\/lighting-components\/de\/wp-json\/wp\/v2\/pages"}],"about":[{"href":"https:\/\/holderstechnology.com\/lighting-components\/de\/wp-json\/wp\/v2\/types\/page"}],"author":[{"embeddable":true,"href":"https:\/\/holderstechnology.com\/lighting-components\/de\/wp-json\/wp\/v2\/users\/1"}],"replies":[{"embeddable":true,"href":"https:\/\/holderstechnology.com\/lighting-components\/de\/wp-json\/wp\/v2\/comments?post=1324"}],"version-history":[{"count":14,"href":"https:\/\/holderstechnology.com\/lighting-components\/de\/wp-json\/wp\/v2\/pages\/1324\/revisions"}],"predecessor-version":[{"id":8415,"href":"https:\/\/holderstechnology.com\/lighting-components\/de\/wp-json\/wp\/v2\/pages\/1324\/revisions\/8415"}],"wp:attachment":[{"href":"https:\/\/holderstechnology.com\/lighting-components\/de\/wp-json\/wp\/v2\/media?parent=1324"}],"curies":[{"name":"wp","href":"https:\/\/api.w.org\/{rel}","templated":true}]}}