{"id":1041,"date":"2021-02-08T13:04:18","date_gmt":"2021-05-17T11:36:48","guid":{"rendered":"https:\/\/holderstechnology.com\/lighting-components\/product\/cli15-a0x\/"},"modified":"2026-03-25T07:19:27","modified_gmt":"2026-03-25T07:19:27","slug":"cli15-a0x","status":"publish","type":"product","link":"https:\/\/holderstechnology.com\/lighting-components\/de\/produkt\/cli15-a0x\/","title":{"rendered":"CLi15-A0x"},"content":{"rendered":"<p><span style=\"font-weight: 400;\">Die LED-Treiber der CLi15-Reihe sind ein Durchbruch im Design kompakter LED-Treiber. Er bietet einen flackerfreien Betrieb, selbst wenn er auf die niedrigste Stufe gedimmt ist, einen ultra-niedrigen Wert von 0,1 % und ultimative Programmierbarkeit von Ausgangsstrom, Dimmkurve und Spitzen-VF in kleinsten Schritten. Die Option, eine &#8222;Soft On&#8220;- und &#8222;Soft Off&#8220;-Funktion zu w\u00e4hlen, sorgt f\u00fcr ein einladendes und nat\u00fcrliches Gef\u00fchl, wenn die Beleuchtung ein- oder ausgeschaltet wird.<\/span><\/p>\n<p><span style=\"font-weight: 400;\">Durch die Klemmung von Vf und Ausgangsstrom kann die CLi15-Reihe sogar zur Versorgung von Konstantspannungsb\u00e4ndern verwendet werden und liefert die gleiche hervorragende Dimmleistung.  <\/span><\/p>\n<p><span style=\"font-weight: 400;\">Das einzigartige Design dieses Treibers ist so konzipiert, dass er durch einen 40-mm-Ausschnitt passt und bietet aufschnappbare Kabelklemmen zur Zugentlastung; ideal f\u00fcr den Einsatz mit kleineren Downlights.<\/span><\/p>\n<p><span style=\"font-weight: 400;\">Dieses analog dimmbare 15-W-Modell ist ideal f\u00fcr die Verwendung mit 1-10V- oder 0-10V-Steuerungen.<\/span><\/p>\n<p><span style=\"font-weight: 400;\">Auch als dimmbares Dali-Modell mit Korridorfunktion und Touch-Dimmsteuerung sowie als Casambi BLE-f\u00e4higes Modell erh\u00e4ltlich.<\/span><\/p>\n<p><span style=\"font-weight: 400;\">Alle Harvard PS CLi-Modelle k\u00f6nnen von Holders vorprogrammiert geliefert werden, um Ihren Montageprozess zu beschleunigen.<\/span><\/p>\n","protected":false},"excerpt":{"rendered":"<p>15w CLi LED-Treiber<\/p>\n<p>Der Harvard CLI15-A0x ist ein bahnbrechender analog dimmbarer 15W LED-Treiber, der f\u00fcr Pr\u00e4zision und Vielseitigkeit entwickelt wurde. Mit einer extrem niedrigen Dimmleistung von bis zu 0,1 % und einer flimmerfreien Leistung, die den IEEE1789:2015 Standards entspricht, ist dieser programmierbare Treiber ideal f\u00fcr die anspruchsvollsten architektonischen Anwendungen. Sein ultraschlankes Profil wurde speziell daf\u00fcr entwickelt, durch einen 40 mm Deckenausschnitt zu passen und bietet eine kompakte, leistungsstarke L\u00f6sung f\u00fcr kleine Downlights und Strahler.  <\/p>\n","protected":false},"featured_media":604,"comment_status":"closed","ping_status":"closed","template":"","meta":{"_acf_changed":false,"inline_featured_image":false,"site-sidebar-layout":"default","site-content-layout":"","ast-site-content-layout":"default","site-content-style":"default","site-sidebar-style":"default","ast-global-header-display":"","ast-banner-title-visibility":"","ast-main-header-display":"","ast-hfb-above-header-display":"","ast-hfb-below-header-display":"","ast-hfb-mobile-header-display":"","site-post-title":"","ast-breadcrumbs-content":"","ast-featured-img":"","footer-sml-layout":"","ast-disable-related-posts":"","theme-transparent-header-meta":"default","adv-header-id-meta":"","stick-header-meta":"","header-above-stick-meta":"","header-main-stick-meta":"","header-below-stick-meta":"","astra-migrate-meta-layouts":"default","ast-page-background-enabled":"default","ast-page-background-meta":{"desktop":{"background-color":"var(--ast-global-color-5)","background-image":"","background-repeat":"repeat","background-position":"center center","background-size":"auto","background-attachment":"scroll","background-type":"","background-media":"","overlay-type":"","overlay-color":"","overlay-opacity":"","overlay-gradient":""},"tablet":{"background-color":"","background-image":"","background-repeat":"repeat","background-position":"center center","background-size":"auto","background-attachment":"scroll","background-type":"","background-media":"","overlay-type":"","overlay-color":"","overlay-opacity":"","overlay-gradient":""},"mobile":{"background-color":"","background-image":"","background-repeat":"repeat","background-position":"center center","background-size":"auto","background-attachment":"scroll","background-type":"","background-media":"","overlay-type":"","overlay-color":"","overlay-opacity":"","overlay-gradient":""}},"ast-content-background-meta":{"desktop":{"background-color":"var(--ast-global-color-4)","background-image":"","background-repeat":"repeat","background-position":"center center","background-size":"auto","background-attachment":"scroll","background-type":"","background-media":"","overlay-type":"","overlay-color":"","overlay-opacity":"","overlay-gradient":""},"tablet":{"background-color":"var(--ast-global-color-4)","background-image":"","background-repeat":"repeat","background-position":"center center","background-size":"auto","background-attachment":"scroll","background-type":"","background-media":"","overlay-type":"","overlay-color":"","overlay-opacity":"","overlay-gradient":""},"mobile":{"background-color":"var(--ast-global-color-4)","background-image":"","background-repeat":"repeat","background-position":"center center","background-size":"auto","background-attachment":"scroll","background-type":"","background-media":"","overlay-type":"","overlay-color":"","overlay-opacity":"","overlay-gradient":""}}},"product_brand":[564],"product_cat":[260],"product_tag":[],"class_list":{"0":"post-1041","1":"product","2":"type-product","3":"status-publish","4":"has-post-thumbnail","6":"product_brand-harvard","7":"product_cat-analog-dimmbar","8":"desktop-align-left","9":"tablet-align-left","10":"mobile-align-left","12":"first","13":"instock","14":"shipping-taxable","15":"product-type-simple"},"acf":[],"yoast_head":"<!-- This site is optimized with the Yoast SEO plugin v27.3 - https:\/\/yoast.com\/product\/yoast-seo-wordpress\/ -->\n<title>CLI15-A0X LED-Treiber | Halterungen Technologiekomponenten<\/title>\n<meta name=\"description\" content=\"Harvard Power Systems CLI15-A0x LED-Treiber - Die CLi15-Reihe programmierbarer, flackerfreier, tiefdimmender LED-Treiber. Beleuchtungskomponenten von Holders Technology\" \/>\n<meta name=\"robots\" content=\"index, follow, max-snippet:-1, max-image-preview:large, max-video-preview:-1\" \/>\n<link rel=\"canonical\" href=\"https:\/\/holderstechnology.com\/lighting-components\/de\/produkt\/cli15-a0x\/\" \/>\n<meta property=\"og:locale\" content=\"de_DE\" \/>\n<meta property=\"og:type\" content=\"article\" \/>\n<meta property=\"og:title\" content=\"CLI15-A0X LED-Treiber | Halterungen Technologiekomponenten\" \/>\n<meta property=\"og:description\" content=\"Harvard Power Systems CLI15-A0x LED-Treiber - Die CLi15-Reihe programmierbarer, flackerfreier, tiefdimmender LED-Treiber. Beleuchtungskomponenten von Holders Technology\" \/>\n<meta property=\"og:url\" content=\"https:\/\/holderstechnology.com\/lighting-components\/de\/produkt\/cli15-a0x\/\" \/>\n<meta property=\"og:site_name\" content=\"Holders Lighting Components\" \/>\n<meta property=\"article:modified_time\" content=\"2026-03-25T07:19:27+00:00\" \/>\n<meta property=\"og:image\" content=\"https:\/\/holderstechnology.com\/lighting-components\/wp-content\/uploads\/sites\/2\/2021\/02\/CLi15.jpg\" \/>\n\t<meta property=\"og:image:width\" content=\"600\" \/>\n\t<meta property=\"og:image:height\" content=\"408\" \/>\n\t<meta property=\"og:image:type\" content=\"image\/jpeg\" \/>\n<meta name=\"twitter:card\" content=\"summary_large_image\" \/>\n<meta name=\"twitter:label1\" content=\"Gesch\u00e4tzte Lesezeit\" \/>\n\t<meta name=\"twitter:data1\" content=\"1\u00a0Minute\" \/>\n<script type=\"application\/ld+json\" class=\"yoast-schema-graph\">{\"@context\":\"https:\\\/\\\/schema.org\",\"@graph\":[{\"@type\":\"WebPage\",\"@id\":\"https:\\\/\\\/holderstechnology.com\\\/lighting-components\\\/de\\\/produkt\\\/cli15-a0x\\\/\",\"url\":\"https:\\\/\\\/holderstechnology.com\\\/lighting-components\\\/de\\\/produkt\\\/cli15-a0x\\\/\",\"name\":\"CLI15-A0X LED-Treiber | Halterungen Technologiekomponenten\",\"isPartOf\":{\"@id\":\"https:\\\/\\\/holderstechnology.com\\\/lighting-components\\\/#website\"},\"primaryImageOfPage\":{\"@id\":\"https:\\\/\\\/holderstechnology.com\\\/lighting-components\\\/de\\\/produkt\\\/cli15-a0x\\\/#primaryimage\"},\"image\":{\"@id\":\"https:\\\/\\\/holderstechnology.com\\\/lighting-components\\\/de\\\/produkt\\\/cli15-a0x\\\/#primaryimage\"},\"thumbnailUrl\":\"https:\\\/\\\/holderstechnology.com\\\/lighting-components\\\/wp-content\\\/uploads\\\/sites\\\/2\\\/2021\\\/02\\\/CLi15.jpg\",\"datePublished\":\"2021-05-17T11:36:48+00:00\",\"dateModified\":\"2026-03-25T07:19:27+00:00\",\"description\":\"Harvard Power Systems CLI15-A0x LED-Treiber - Die CLi15-Reihe programmierbarer, flackerfreier, tiefdimmender LED-Treiber. Beleuchtungskomponenten von Holders Technology\",\"breadcrumb\":{\"@id\":\"https:\\\/\\\/holderstechnology.com\\\/lighting-components\\\/de\\\/produkt\\\/cli15-a0x\\\/#breadcrumb\"},\"inLanguage\":\"de\",\"potentialAction\":[{\"@type\":\"ReadAction\",\"target\":[\"https:\\\/\\\/holderstechnology.com\\\/lighting-components\\\/de\\\/produkt\\\/cli15-a0x\\\/\"]}]},{\"@type\":\"ImageObject\",\"inLanguage\":\"de\",\"@id\":\"https:\\\/\\\/holderstechnology.com\\\/lighting-components\\\/de\\\/produkt\\\/cli15-a0x\\\/#primaryimage\",\"url\":\"https:\\\/\\\/holderstechnology.com\\\/lighting-components\\\/wp-content\\\/uploads\\\/sites\\\/2\\\/2021\\\/02\\\/CLi15.jpg\",\"contentUrl\":\"https:\\\/\\\/holderstechnology.com\\\/lighting-components\\\/wp-content\\\/uploads\\\/sites\\\/2\\\/2021\\\/02\\\/CLi15.jpg\",\"width\":600,\"height\":408,\"caption\":\"Harvard CLI15-A0x Programmable LED Driver\"},{\"@type\":\"BreadcrumbList\",\"@id\":\"https:\\\/\\\/holderstechnology.com\\\/lighting-components\\\/de\\\/produkt\\\/cli15-a0x\\\/#breadcrumb\",\"itemListElement\":[{\"@type\":\"ListItem\",\"position\":1,\"name\":\"&#8962;\",\"item\":\"https:\\\/\\\/holderstechnology.com\\\/lighting-components\\\/de\\\/leuchten-komponenten\\\/\"},{\"@type\":\"ListItem\",\"position\":2,\"name\":\"Products\",\"item\":\"https:\\\/\\\/holderstechnology.com\\\/lighting-components\\\/products\\\/\"},{\"@type\":\"ListItem\",\"position\":3,\"name\":\"CLi15-A0x\"}]},{\"@type\":\"WebSite\",\"@id\":\"https:\\\/\\\/holderstechnology.com\\\/lighting-components\\\/#website\",\"url\":\"https:\\\/\\\/holderstechnology.com\\\/lighting-components\\\/\",\"name\":\"Holders Lighting Components\",\"description\":\"\",\"publisher\":{\"@id\":\"https:\\\/\\\/holderstechnology.com\\\/lighting-components\\\/#organization\"},\"potentialAction\":[{\"@type\":\"SearchAction\",\"target\":{\"@type\":\"EntryPoint\",\"urlTemplate\":\"https:\\\/\\\/holderstechnology.com\\\/lighting-components\\\/?s={search_term_string}\"},\"query-input\":{\"@type\":\"PropertyValueSpecification\",\"valueRequired\":true,\"valueName\":\"search_term_string\"}}],\"inLanguage\":\"de\"},{\"@type\":\"Organization\",\"@id\":\"https:\\\/\\\/holderstechnology.com\\\/lighting-components\\\/#organization\",\"name\":\"Holders Technology Group\",\"url\":\"https:\\\/\\\/holderstechnology.com\\\/lighting-components\\\/\",\"logo\":{\"@type\":\"ImageObject\",\"inLanguage\":\"de\",\"@id\":\"https:\\\/\\\/holderstechnology.com\\\/lighting-components\\\/#\\\/schema\\\/logo\\\/image\\\/\",\"url\":\"https:\\\/\\\/holderstechnology.com\\\/lighting-components\\\/wp-content\\\/uploads\\\/sites\\\/2\\\/2022\\\/11\\\/logo_holders-technology.png\",\"contentUrl\":\"https:\\\/\\\/holderstechnology.com\\\/lighting-components\\\/wp-content\\\/uploads\\\/sites\\\/2\\\/2022\\\/11\\\/logo_holders-technology.png\",\"width\":556,\"height\":67,\"caption\":\"Holders Technology Group\"},\"image\":{\"@id\":\"https:\\\/\\\/holderstechnology.com\\\/lighting-components\\\/#\\\/schema\\\/logo\\\/image\\\/\"}}]}<\/script>\n<!-- \/ Yoast SEO plugin. -->","yoast_head_json":{"title":"CLI15-A0X LED-Treiber | Halterungen Technologiekomponenten","description":"Harvard Power Systems CLI15-A0x LED-Treiber - Die CLi15-Reihe programmierbarer, flackerfreier, tiefdimmender LED-Treiber. Beleuchtungskomponenten von Holders Technology","robots":{"index":"index","follow":"follow","max-snippet":"max-snippet:-1","max-image-preview":"max-image-preview:large","max-video-preview":"max-video-preview:-1"},"canonical":"https:\/\/holderstechnology.com\/lighting-components\/de\/produkt\/cli15-a0x\/","og_locale":"de_DE","og_type":"article","og_title":"CLI15-A0X LED-Treiber | Halterungen Technologiekomponenten","og_description":"Harvard Power Systems CLI15-A0x LED-Treiber - Die CLi15-Reihe programmierbarer, flackerfreier, tiefdimmender LED-Treiber. Beleuchtungskomponenten von Holders Technology","og_url":"https:\/\/holderstechnology.com\/lighting-components\/de\/produkt\/cli15-a0x\/","og_site_name":"Holders Lighting Components","article_modified_time":"2026-03-25T07:19:27+00:00","og_image":[{"width":600,"height":408,"url":"https:\/\/holderstechnology.com\/lighting-components\/wp-content\/uploads\/sites\/2\/2021\/02\/CLi15.jpg","type":"image\/jpeg"}],"twitter_card":"summary_large_image","twitter_misc":{"Gesch\u00e4tzte Lesezeit":"1\u00a0Minute"},"schema":{"@context":"https:\/\/schema.org","@graph":[{"@type":"WebPage","@id":"https:\/\/holderstechnology.com\/lighting-components\/de\/produkt\/cli15-a0x\/","url":"https:\/\/holderstechnology.com\/lighting-components\/de\/produkt\/cli15-a0x\/","name":"CLI15-A0X LED-Treiber | Halterungen Technologiekomponenten","isPartOf":{"@id":"https:\/\/holderstechnology.com\/lighting-components\/#website"},"primaryImageOfPage":{"@id":"https:\/\/holderstechnology.com\/lighting-components\/de\/produkt\/cli15-a0x\/#primaryimage"},"image":{"@id":"https:\/\/holderstechnology.com\/lighting-components\/de\/produkt\/cli15-a0x\/#primaryimage"},"thumbnailUrl":"https:\/\/holderstechnology.com\/lighting-components\/wp-content\/uploads\/sites\/2\/2021\/02\/CLi15.jpg","datePublished":"2021-05-17T11:36:48+00:00","dateModified":"2026-03-25T07:19:27+00:00","description":"Harvard Power Systems CLI15-A0x LED-Treiber - Die CLi15-Reihe programmierbarer, flackerfreier, tiefdimmender LED-Treiber. Beleuchtungskomponenten von Holders Technology","breadcrumb":{"@id":"https:\/\/holderstechnology.com\/lighting-components\/de\/produkt\/cli15-a0x\/#breadcrumb"},"inLanguage":"de","potentialAction":[{"@type":"ReadAction","target":["https:\/\/holderstechnology.com\/lighting-components\/de\/produkt\/cli15-a0x\/"]}]},{"@type":"ImageObject","inLanguage":"de","@id":"https:\/\/holderstechnology.com\/lighting-components\/de\/produkt\/cli15-a0x\/#primaryimage","url":"https:\/\/holderstechnology.com\/lighting-components\/wp-content\/uploads\/sites\/2\/2021\/02\/CLi15.jpg","contentUrl":"https:\/\/holderstechnology.com\/lighting-components\/wp-content\/uploads\/sites\/2\/2021\/02\/CLi15.jpg","width":600,"height":408,"caption":"Harvard CLI15-A0x Programmable LED Driver"},{"@type":"BreadcrumbList","@id":"https:\/\/holderstechnology.com\/lighting-components\/de\/produkt\/cli15-a0x\/#breadcrumb","itemListElement":[{"@type":"ListItem","position":1,"name":"&#8962;","item":"https:\/\/holderstechnology.com\/lighting-components\/de\/leuchten-komponenten\/"},{"@type":"ListItem","position":2,"name":"Products","item":"https:\/\/holderstechnology.com\/lighting-components\/products\/"},{"@type":"ListItem","position":3,"name":"CLi15-A0x"}]},{"@type":"WebSite","@id":"https:\/\/holderstechnology.com\/lighting-components\/#website","url":"https:\/\/holderstechnology.com\/lighting-components\/","name":"Holders Lighting Components","description":"","publisher":{"@id":"https:\/\/holderstechnology.com\/lighting-components\/#organization"},"potentialAction":[{"@type":"SearchAction","target":{"@type":"EntryPoint","urlTemplate":"https:\/\/holderstechnology.com\/lighting-components\/?s={search_term_string}"},"query-input":{"@type":"PropertyValueSpecification","valueRequired":true,"valueName":"search_term_string"}}],"inLanguage":"de"},{"@type":"Organization","@id":"https:\/\/holderstechnology.com\/lighting-components\/#organization","name":"Holders Technology Group","url":"https:\/\/holderstechnology.com\/lighting-components\/","logo":{"@type":"ImageObject","inLanguage":"de","@id":"https:\/\/holderstechnology.com\/lighting-components\/#\/schema\/logo\/image\/","url":"https:\/\/holderstechnology.com\/lighting-components\/wp-content\/uploads\/sites\/2\/2022\/11\/logo_holders-technology.png","contentUrl":"https:\/\/holderstechnology.com\/lighting-components\/wp-content\/uploads\/sites\/2\/2022\/11\/logo_holders-technology.png","width":556,"height":67,"caption":"Holders Technology Group"},"image":{"@id":"https:\/\/holderstechnology.com\/lighting-components\/#\/schema\/logo\/image\/"}}]}},"_links":{"self":[{"href":"https:\/\/holderstechnology.com\/lighting-components\/de\/wp-json\/wp\/v2\/product\/1041","targetHints":{"allow":["GET"]}}],"collection":[{"href":"https:\/\/holderstechnology.com\/lighting-components\/de\/wp-json\/wp\/v2\/product"}],"about":[{"href":"https:\/\/holderstechnology.com\/lighting-components\/de\/wp-json\/wp\/v2\/types\/product"}],"replies":[{"embeddable":true,"href":"https:\/\/holderstechnology.com\/lighting-components\/de\/wp-json\/wp\/v2\/comments?post=1041"}],"version-history":[{"count":2,"href":"https:\/\/holderstechnology.com\/lighting-components\/de\/wp-json\/wp\/v2\/product\/1041\/revisions"}],"predecessor-version":[{"id":8660,"href":"https:\/\/holderstechnology.com\/lighting-components\/de\/wp-json\/wp\/v2\/product\/1041\/revisions\/8660"}],"wp:featuredmedia":[{"embeddable":true,"href":"https:\/\/holderstechnology.com\/lighting-components\/de\/wp-json\/wp\/v2\/media\/604"}],"wp:attachment":[{"href":"https:\/\/holderstechnology.com\/lighting-components\/de\/wp-json\/wp\/v2\/media?parent=1041"}],"wp:term":[{"taxonomy":"product_brand","embeddable":true,"href":"https:\/\/holderstechnology.com\/lighting-components\/de\/wp-json\/wp\/v2\/product_brand?post=1041"},{"taxonomy":"product_cat","embeddable":true,"href":"https:\/\/holderstechnology.com\/lighting-components\/de\/wp-json\/wp\/v2\/product_cat?post=1041"},{"taxonomy":"product_tag","embeddable":true,"href":"https:\/\/holderstechnology.com\/lighting-components\/de\/wp-json\/wp\/v2\/product_tag?post=1041"}],"curies":[{"name":"wp","href":"https:\/\/api.w.org\/{rel}","templated":true}]}}