{"id":7687,"date":"2025-08-12T17:26:42","date_gmt":"2025-08-12T16:26:42","guid":{"rendered":"https:\/\/holderstechnology.com\/lighting-components\/product\/ecodrive\/"},"modified":"2026-02-28T07:19:34","modified_gmt":"2026-02-28T07:19:34","slug":"ecodrive","status":"publish","type":"product","link":"https:\/\/holderstechnology.com\/lighting-components\/de\/produkt\/ecodrive\/","title":{"rendered":"ecoDRIVE"},"content":{"rendered":"<p>Die lineare eldoLED-Einbauleuchte der L-Reihe ist f\u00fcr kommerzielle Beleuchtungsanwendungen im Innenbereich konzipiert. Das lineare Metallgeh\u00e4use entspricht den UL-, ENEC- und RCM1-Normen in Nordamerika, Europa, Australien und Neuseeland. Das Sortiment umfasst Produkte mit 30W, 50W, 75W und 94W.  <\/p>\n","protected":false},"excerpt":{"rendered":"<p>Hocheffizienter LED-Treiber mit Natural Dimming bis zur Dunkelheit, der zuverl\u00e4ssige Leistung f\u00fcr professionelle Beleuchtungsanwendungen bietet.<\/p>\n","protected":false},"featured_media":4547,"comment_status":"closed","ping_status":"closed","template":"","meta":{"_acf_changed":false,"inline_featured_image":false,"site-sidebar-layout":"default","site-content-layout":"","ast-site-content-layout":"default","site-content-style":"default","site-sidebar-style":"default","ast-global-header-display":"","ast-banner-title-visibility":"","ast-main-header-display":"","ast-hfb-above-header-display":"","ast-hfb-below-header-display":"","ast-hfb-mobile-header-display":"","site-post-title":"","ast-breadcrumbs-content":"","ast-featured-img":"","footer-sml-layout":"","ast-disable-related-posts":"","theme-transparent-header-meta":"default","adv-header-id-meta":"","stick-header-meta":"","header-above-stick-meta":"","header-main-stick-meta":"","header-below-stick-meta":"","astra-migrate-meta-layouts":"default","ast-page-background-enabled":"default","ast-page-background-meta":{"desktop":{"background-color":"var(--ast-global-color-5)","background-image":"","background-repeat":"repeat","background-position":"center center","background-size":"auto","background-attachment":"scroll","background-type":"","background-media":"","overlay-type":"","overlay-color":"","overlay-opacity":"","overlay-gradient":""},"tablet":{"background-color":"","background-image":"","background-repeat":"repeat","background-position":"center center","background-size":"auto","background-attachment":"scroll","background-type":"","background-media":"","overlay-type":"","overlay-color":"","overlay-opacity":"","overlay-gradient":""},"mobile":{"background-color":"","background-image":"","background-repeat":"repeat","background-position":"center center","background-size":"auto","background-attachment":"scroll","background-type":"","background-media":"","overlay-type":"","overlay-color":"","overlay-opacity":"","overlay-gradient":""}},"ast-content-background-meta":{"desktop":{"background-color":"var(--ast-global-color-4)","background-image":"","background-repeat":"repeat","background-position":"center center","background-size":"auto","background-attachment":"scroll","background-type":"","background-media":"","overlay-type":"","overlay-color":"","overlay-opacity":"","overlay-gradient":""},"tablet":{"background-color":"var(--ast-global-color-4)","background-image":"","background-repeat":"repeat","background-position":"center center","background-size":"auto","background-attachment":"scroll","background-type":"","background-media":"","overlay-type":"","overlay-color":"","overlay-opacity":"","overlay-gradient":""},"mobile":{"background-color":"var(--ast-global-color-4)","background-image":"","background-repeat":"repeat","background-position":"center center","background-size":"auto","background-attachment":"scroll","background-type":"","background-media":"","overlay-type":"","overlay-color":"","overlay-opacity":"","overlay-gradient":""}}},"product_brand":[555],"product_cat":[387,236],"product_tag":[],"class_list":{"0":"post-7687","1":"product","2":"type-product","3":"status-publish","4":"has-post-thumbnail","6":"product_brand-eldoled","7":"product_cat-konstantstrom","8":"product_cat-led-treiber-netzteile","9":"desktop-align-left","10":"tablet-align-left","11":"mobile-align-left","13":"first","14":"instock","15":"shipping-taxable","16":"product-type-simple"},"acf":[],"yoast_head":"<!-- This site is optimized with the Yoast SEO plugin v27.3 - https:\/\/yoast.com\/product\/yoast-seo-wordpress\/ -->\n<title>ecoDRIVE | Holders Lighting Components<\/title>\n<meta name=\"description\" content=\"Technische Daten f\u00fcr den LED-Treiber eldoLED ecoDRIVE. Zuverl\u00e4ssige, hocheffiziente Dimml\u00f6sungen f\u00fcr professionelles Leuchtendesign von Holders Technology.\" \/>\n<meta name=\"robots\" content=\"index, follow, max-snippet:-1, max-image-preview:large, max-video-preview:-1\" \/>\n<link rel=\"canonical\" href=\"https:\/\/holderstechnology.com\/lighting-components\/de\/produkt\/ecodrive\/\" \/>\n<meta property=\"og:locale\" content=\"de_DE\" \/>\n<meta property=\"og:type\" content=\"article\" \/>\n<meta property=\"og:title\" content=\"ecoDRIVE | Holders Lighting Components\" \/>\n<meta property=\"og:description\" content=\"Technische Daten f\u00fcr den LED-Treiber eldoLED ecoDRIVE. Zuverl\u00e4ssige, hocheffiziente Dimml\u00f6sungen f\u00fcr professionelles Leuchtendesign von Holders Technology.\" \/>\n<meta property=\"og:url\" content=\"https:\/\/holderstechnology.com\/lighting-components\/de\/produkt\/ecodrive\/\" \/>\n<meta property=\"og:site_name\" content=\"Holders Lighting Components\" \/>\n<meta property=\"article:modified_time\" content=\"2026-02-28T07:19:34+00:00\" \/>\n<meta property=\"og:image\" content=\"https:\/\/holderstechnology.com\/lighting-components\/wp-content\/uploads\/sites\/2\/2024\/04\/eldoled-products-drivers-SOLOdrive-family-600x400-1.png\" \/>\n\t<meta property=\"og:image:width\" content=\"600\" \/>\n\t<meta property=\"og:image:height\" content=\"400\" \/>\n\t<meta property=\"og:image:type\" content=\"image\/png\" \/>\n<meta name=\"twitter:card\" content=\"summary_large_image\" \/>\n<script type=\"application\/ld+json\" class=\"yoast-schema-graph\">{\"@context\":\"https:\\\/\\\/schema.org\",\"@graph\":[{\"@type\":\"WebPage\",\"@id\":\"https:\\\/\\\/holderstechnology.com\\\/lighting-components\\\/de\\\/produkt\\\/ecodrive\\\/\",\"url\":\"https:\\\/\\\/holderstechnology.com\\\/lighting-components\\\/de\\\/produkt\\\/ecodrive\\\/\",\"name\":\"ecoDRIVE | Holders Lighting Components\",\"isPartOf\":{\"@id\":\"https:\\\/\\\/holderstechnology.com\\\/lighting-components\\\/#website\"},\"primaryImageOfPage\":{\"@id\":\"https:\\\/\\\/holderstechnology.com\\\/lighting-components\\\/de\\\/produkt\\\/ecodrive\\\/#primaryimage\"},\"image\":{\"@id\":\"https:\\\/\\\/holderstechnology.com\\\/lighting-components\\\/de\\\/produkt\\\/ecodrive\\\/#primaryimage\"},\"thumbnailUrl\":\"https:\\\/\\\/holderstechnology.com\\\/lighting-components\\\/wp-content\\\/uploads\\\/sites\\\/2\\\/2024\\\/04\\\/eldoled-products-drivers-SOLOdrive-family-600x400-1.png\",\"datePublished\":\"2025-08-12T16:26:42+00:00\",\"dateModified\":\"2026-02-28T07:19:34+00:00\",\"description\":\"Technische Daten f\u00fcr den LED-Treiber eldoLED ecoDRIVE. Zuverl\u00e4ssige, hocheffiziente Dimml\u00f6sungen f\u00fcr professionelles Leuchtendesign von Holders Technology.\",\"breadcrumb\":{\"@id\":\"https:\\\/\\\/holderstechnology.com\\\/lighting-components\\\/de\\\/produkt\\\/ecodrive\\\/#breadcrumb\"},\"inLanguage\":\"de\",\"potentialAction\":[{\"@type\":\"ReadAction\",\"target\":[\"https:\\\/\\\/holderstechnology.com\\\/lighting-components\\\/de\\\/produkt\\\/ecodrive\\\/\"]}]},{\"@type\":\"ImageObject\",\"inLanguage\":\"de\",\"@id\":\"https:\\\/\\\/holderstechnology.com\\\/lighting-components\\\/de\\\/produkt\\\/ecodrive\\\/#primaryimage\",\"url\":\"https:\\\/\\\/holderstechnology.com\\\/lighting-components\\\/wp-content\\\/uploads\\\/sites\\\/2\\\/2024\\\/04\\\/eldoled-products-drivers-SOLOdrive-family-600x400-1.png\",\"contentUrl\":\"https:\\\/\\\/holderstechnology.com\\\/lighting-components\\\/wp-content\\\/uploads\\\/sites\\\/2\\\/2024\\\/04\\\/eldoled-products-drivers-SOLOdrive-family-600x400-1.png\",\"width\":600,\"height\":400,\"caption\":\"eldoLED ecoDRIVE LED driver for high-efficiency professional lighting systems.\"},{\"@type\":\"BreadcrumbList\",\"@id\":\"https:\\\/\\\/holderstechnology.com\\\/lighting-components\\\/de\\\/produkt\\\/ecodrive\\\/#breadcrumb\",\"itemListElement\":[{\"@type\":\"ListItem\",\"position\":1,\"name\":\"&#8962;\",\"item\":\"https:\\\/\\\/holderstechnology.com\\\/lighting-components\\\/de\\\/leuchten-komponenten\\\/\"},{\"@type\":\"ListItem\",\"position\":2,\"name\":\"Products\",\"item\":\"https:\\\/\\\/holderstechnology.com\\\/lighting-components\\\/products\\\/\"},{\"@type\":\"ListItem\",\"position\":3,\"name\":\"ecoDRIVE\"}]},{\"@type\":\"WebSite\",\"@id\":\"https:\\\/\\\/holderstechnology.com\\\/lighting-components\\\/#website\",\"url\":\"https:\\\/\\\/holderstechnology.com\\\/lighting-components\\\/\",\"name\":\"Holders Lighting Components\",\"description\":\"\",\"publisher\":{\"@id\":\"https:\\\/\\\/holderstechnology.com\\\/lighting-components\\\/#organization\"},\"potentialAction\":[{\"@type\":\"SearchAction\",\"target\":{\"@type\":\"EntryPoint\",\"urlTemplate\":\"https:\\\/\\\/holderstechnology.com\\\/lighting-components\\\/?s={search_term_string}\"},\"query-input\":{\"@type\":\"PropertyValueSpecification\",\"valueRequired\":true,\"valueName\":\"search_term_string\"}}],\"inLanguage\":\"de\"},{\"@type\":\"Organization\",\"@id\":\"https:\\\/\\\/holderstechnology.com\\\/lighting-components\\\/#organization\",\"name\":\"Holders Technology Group\",\"url\":\"https:\\\/\\\/holderstechnology.com\\\/lighting-components\\\/\",\"logo\":{\"@type\":\"ImageObject\",\"inLanguage\":\"de\",\"@id\":\"https:\\\/\\\/holderstechnology.com\\\/lighting-components\\\/#\\\/schema\\\/logo\\\/image\\\/\",\"url\":\"https:\\\/\\\/holderstechnology.com\\\/lighting-components\\\/wp-content\\\/uploads\\\/sites\\\/2\\\/2022\\\/11\\\/logo_holders-technology.png\",\"contentUrl\":\"https:\\\/\\\/holderstechnology.com\\\/lighting-components\\\/wp-content\\\/uploads\\\/sites\\\/2\\\/2022\\\/11\\\/logo_holders-technology.png\",\"width\":556,\"height\":67,\"caption\":\"Holders Technology Group\"},\"image\":{\"@id\":\"https:\\\/\\\/holderstechnology.com\\\/lighting-components\\\/#\\\/schema\\\/logo\\\/image\\\/\"}}]}<\/script>\n<!-- \/ Yoast SEO plugin. -->","yoast_head_json":{"title":"ecoDRIVE | Holders Lighting Components","description":"Technische Daten f\u00fcr den LED-Treiber eldoLED ecoDRIVE. Zuverl\u00e4ssige, hocheffiziente Dimml\u00f6sungen f\u00fcr professionelles Leuchtendesign von Holders Technology.","robots":{"index":"index","follow":"follow","max-snippet":"max-snippet:-1","max-image-preview":"max-image-preview:large","max-video-preview":"max-video-preview:-1"},"canonical":"https:\/\/holderstechnology.com\/lighting-components\/de\/produkt\/ecodrive\/","og_locale":"de_DE","og_type":"article","og_title":"ecoDRIVE | Holders Lighting Components","og_description":"Technische Daten f\u00fcr den LED-Treiber eldoLED ecoDRIVE. Zuverl\u00e4ssige, hocheffiziente Dimml\u00f6sungen f\u00fcr professionelles Leuchtendesign von Holders Technology.","og_url":"https:\/\/holderstechnology.com\/lighting-components\/de\/produkt\/ecodrive\/","og_site_name":"Holders Lighting Components","article_modified_time":"2026-02-28T07:19:34+00:00","og_image":[{"width":600,"height":400,"url":"https:\/\/holderstechnology.com\/lighting-components\/wp-content\/uploads\/sites\/2\/2024\/04\/eldoled-products-drivers-SOLOdrive-family-600x400-1.png","type":"image\/png"}],"twitter_card":"summary_large_image","schema":{"@context":"https:\/\/schema.org","@graph":[{"@type":"WebPage","@id":"https:\/\/holderstechnology.com\/lighting-components\/de\/produkt\/ecodrive\/","url":"https:\/\/holderstechnology.com\/lighting-components\/de\/produkt\/ecodrive\/","name":"ecoDRIVE | Holders Lighting Components","isPartOf":{"@id":"https:\/\/holderstechnology.com\/lighting-components\/#website"},"primaryImageOfPage":{"@id":"https:\/\/holderstechnology.com\/lighting-components\/de\/produkt\/ecodrive\/#primaryimage"},"image":{"@id":"https:\/\/holderstechnology.com\/lighting-components\/de\/produkt\/ecodrive\/#primaryimage"},"thumbnailUrl":"https:\/\/holderstechnology.com\/lighting-components\/wp-content\/uploads\/sites\/2\/2024\/04\/eldoled-products-drivers-SOLOdrive-family-600x400-1.png","datePublished":"2025-08-12T16:26:42+00:00","dateModified":"2026-02-28T07:19:34+00:00","description":"Technische Daten f\u00fcr den LED-Treiber eldoLED ecoDRIVE. Zuverl\u00e4ssige, hocheffiziente Dimml\u00f6sungen f\u00fcr professionelles Leuchtendesign von Holders Technology.","breadcrumb":{"@id":"https:\/\/holderstechnology.com\/lighting-components\/de\/produkt\/ecodrive\/#breadcrumb"},"inLanguage":"de","potentialAction":[{"@type":"ReadAction","target":["https:\/\/holderstechnology.com\/lighting-components\/de\/produkt\/ecodrive\/"]}]},{"@type":"ImageObject","inLanguage":"de","@id":"https:\/\/holderstechnology.com\/lighting-components\/de\/produkt\/ecodrive\/#primaryimage","url":"https:\/\/holderstechnology.com\/lighting-components\/wp-content\/uploads\/sites\/2\/2024\/04\/eldoled-products-drivers-SOLOdrive-family-600x400-1.png","contentUrl":"https:\/\/holderstechnology.com\/lighting-components\/wp-content\/uploads\/sites\/2\/2024\/04\/eldoled-products-drivers-SOLOdrive-family-600x400-1.png","width":600,"height":400,"caption":"eldoLED ecoDRIVE LED driver for high-efficiency professional lighting systems."},{"@type":"BreadcrumbList","@id":"https:\/\/holderstechnology.com\/lighting-components\/de\/produkt\/ecodrive\/#breadcrumb","itemListElement":[{"@type":"ListItem","position":1,"name":"&#8962;","item":"https:\/\/holderstechnology.com\/lighting-components\/de\/leuchten-komponenten\/"},{"@type":"ListItem","position":2,"name":"Products","item":"https:\/\/holderstechnology.com\/lighting-components\/products\/"},{"@type":"ListItem","position":3,"name":"ecoDRIVE"}]},{"@type":"WebSite","@id":"https:\/\/holderstechnology.com\/lighting-components\/#website","url":"https:\/\/holderstechnology.com\/lighting-components\/","name":"Holders Lighting Components","description":"","publisher":{"@id":"https:\/\/holderstechnology.com\/lighting-components\/#organization"},"potentialAction":[{"@type":"SearchAction","target":{"@type":"EntryPoint","urlTemplate":"https:\/\/holderstechnology.com\/lighting-components\/?s={search_term_string}"},"query-input":{"@type":"PropertyValueSpecification","valueRequired":true,"valueName":"search_term_string"}}],"inLanguage":"de"},{"@type":"Organization","@id":"https:\/\/holderstechnology.com\/lighting-components\/#organization","name":"Holders Technology Group","url":"https:\/\/holderstechnology.com\/lighting-components\/","logo":{"@type":"ImageObject","inLanguage":"de","@id":"https:\/\/holderstechnology.com\/lighting-components\/#\/schema\/logo\/image\/","url":"https:\/\/holderstechnology.com\/lighting-components\/wp-content\/uploads\/sites\/2\/2022\/11\/logo_holders-technology.png","contentUrl":"https:\/\/holderstechnology.com\/lighting-components\/wp-content\/uploads\/sites\/2\/2022\/11\/logo_holders-technology.png","width":556,"height":67,"caption":"Holders Technology Group"},"image":{"@id":"https:\/\/holderstechnology.com\/lighting-components\/#\/schema\/logo\/image\/"}}]}},"_links":{"self":[{"href":"https:\/\/holderstechnology.com\/lighting-components\/de\/wp-json\/wp\/v2\/product\/7687","targetHints":{"allow":["GET"]}}],"collection":[{"href":"https:\/\/holderstechnology.com\/lighting-components\/de\/wp-json\/wp\/v2\/product"}],"about":[{"href":"https:\/\/holderstechnology.com\/lighting-components\/de\/wp-json\/wp\/v2\/types\/product"}],"replies":[{"embeddable":true,"href":"https:\/\/holderstechnology.com\/lighting-components\/de\/wp-json\/wp\/v2\/comments?post=7687"}],"version-history":[{"count":1,"href":"https:\/\/holderstechnology.com\/lighting-components\/de\/wp-json\/wp\/v2\/product\/7687\/revisions"}],"predecessor-version":[{"id":8624,"href":"https:\/\/holderstechnology.com\/lighting-components\/de\/wp-json\/wp\/v2\/product\/7687\/revisions\/8624"}],"wp:featuredmedia":[{"embeddable":true,"href":"https:\/\/holderstechnology.com\/lighting-components\/de\/wp-json\/wp\/v2\/media\/4547"}],"wp:attachment":[{"href":"https:\/\/holderstechnology.com\/lighting-components\/de\/wp-json\/wp\/v2\/media?parent=7687"}],"wp:term":[{"taxonomy":"product_brand","embeddable":true,"href":"https:\/\/holderstechnology.com\/lighting-components\/de\/wp-json\/wp\/v2\/product_brand?post=7687"},{"taxonomy":"product_cat","embeddable":true,"href":"https:\/\/holderstechnology.com\/lighting-components\/de\/wp-json\/wp\/v2\/product_cat?post=7687"},{"taxonomy":"product_tag","embeddable":true,"href":"https:\/\/holderstechnology.com\/lighting-components\/de\/wp-json\/wp\/v2\/product_tag?post=7687"}],"curies":[{"name":"wp","href":"https:\/\/api.w.org\/{rel}","templated":true}]}}