{"id":984,"date":"2021-02-10T11:22:56","date_gmt":"2021-05-17T09:40:16","guid":{"rendered":"https:\/\/holderstechnology.com\/lighting-components\/product\/moduled-giga\/"},"modified":"2026-03-25T07:19:28","modified_gmt":"2026-03-25T07:19:28","slug":"moduled-giga","status":"publish","type":"product","link":"https:\/\/holderstechnology.com\/lighting-components\/de\/produkt\/moduled-giga\/","title":{"rendered":"Modular Giga"},"content":{"rendered":"<p><span style=\"font-weight: 400;\">Moduled Giga ist ein passiver LED-K\u00fchler mit einem Durchmesser von 152 mm f\u00fcr den Einsatz in High Bay- und High Output-Anwendungen. Der aus stranggepresstem Aluminium gefertigte Moduled Giga wurde f\u00fcr Leuchten mit einer Leistung zwischen 4000 und 14.000 lm entwickelt und ist mit allen Zhaga book 3 LED-Engines und -Halterungen kompatibel.   <\/span><\/p>\n<p><span style=\"font-weight: 400;\">Erh\u00e4ltlich in Schwarz oder klar beschichtet und in 20mm oder 50mm Tiefe, ist Moduled Giga mit den meisten gro\u00dfen LED COB- und Fassungsherstellern kompatibel und ist ideal f\u00fcr Anwendungen mit hoher Leistung und passiver K\u00fchlung.  <\/span><\/p>\n","protected":false},"excerpt":{"rendered":"<p>K\u00fchlk\u00f6rper f\u00fcr High Bay LED-Produkte<\/p>\n<p>Der MechaTronix ModuLED Giga ist ein passiver Hochleistungsk\u00fchlk\u00f6rper, der speziell f\u00fcr High-Bay-LED-Leuchten und Industriescheinwerfer entwickelt wurde. Dieser dichte sternf\u00f6rmige K\u00fchlk\u00f6rper ist f\u00fcr thermische Lasten bis zu 100 W ausgelegt und verf\u00fcgt \u00fcber ein universelles Montagemuster, das mit allen f\u00fchrenden COB-Marken und Zhaga Book 3-Engines kompatibel ist. Er bietet eine robuste, standardm\u00e4\u00dfige thermische L\u00f6sung f\u00fcr Anwendungen mit hohen Lumen, bei denen passive K\u00fchlung und kompakte Abmessungen entscheidend sind.  <\/p>\n","protected":false},"featured_media":771,"comment_status":"closed","ping_status":"closed","template":"","meta":{"_acf_changed":false,"inline_featured_image":false,"site-sidebar-layout":"default","site-content-layout":"","ast-site-content-layout":"default","site-content-style":"default","site-sidebar-style":"default","ast-global-header-display":"","ast-banner-title-visibility":"","ast-main-header-display":"","ast-hfb-above-header-display":"","ast-hfb-below-header-display":"","ast-hfb-mobile-header-display":"","site-post-title":"","ast-breadcrumbs-content":"","ast-featured-img":"","footer-sml-layout":"","ast-disable-related-posts":"","theme-transparent-header-meta":"default","adv-header-id-meta":"","stick-header-meta":"","header-above-stick-meta":"","header-main-stick-meta":"","header-below-stick-meta":"","astra-migrate-meta-layouts":"default","ast-page-background-enabled":"default","ast-page-background-meta":{"desktop":{"background-color":"var(--ast-global-color-5)","background-image":"","background-repeat":"repeat","background-position":"center center","background-size":"auto","background-attachment":"scroll","background-type":"","background-media":"","overlay-type":"","overlay-color":"","overlay-opacity":"","overlay-gradient":""},"tablet":{"background-color":"","background-image":"","background-repeat":"repeat","background-position":"center center","background-size":"auto","background-attachment":"scroll","background-type":"","background-media":"","overlay-type":"","overlay-color":"","overlay-opacity":"","overlay-gradient":""},"mobile":{"background-color":"","background-image":"","background-repeat":"repeat","background-position":"center center","background-size":"auto","background-attachment":"scroll","background-type":"","background-media":"","overlay-type":"","overlay-color":"","overlay-opacity":"","overlay-gradient":""}},"ast-content-background-meta":{"desktop":{"background-color":"var(--ast-global-color-4)","background-image":"","background-repeat":"repeat","background-position":"center center","background-size":"auto","background-attachment":"scroll","background-type":"","background-media":"","overlay-type":"","overlay-color":"","overlay-opacity":"","overlay-gradient":""},"tablet":{"background-color":"var(--ast-global-color-4)","background-image":"","background-repeat":"repeat","background-position":"center center","background-size":"auto","background-attachment":"scroll","background-type":"","background-media":"","overlay-type":"","overlay-color":"","overlay-opacity":"","overlay-gradient":""},"mobile":{"background-color":"var(--ast-global-color-4)","background-image":"","background-repeat":"repeat","background-position":"center center","background-size":"auto","background-attachment":"scroll","background-type":"","background-media":"","overlay-type":"","overlay-color":"","overlay-opacity":"","overlay-gradient":""}}},"product_brand":[582],"product_cat":[250],"product_tag":[],"class_list":{"0":"post-984","1":"product","2":"type-product","3":"status-publish","4":"has-post-thumbnail","6":"product_brand-mechatronix","7":"product_cat-hochregal","8":"desktop-align-left","9":"tablet-align-left","10":"mobile-align-left","12":"first","13":"instock","14":"shipping-taxable","15":"product-type-simple"},"acf":[],"yoast_head":"<!-- This site is optimized with the Yoast SEO plugin v27.3 - https:\/\/yoast.com\/product\/yoast-seo-wordpress\/ -->\n<title>Moduled Giga Heatsink | Halterungen Beleuchtungskomponenten<\/title>\n<meta name=\"description\" content=\"MechaTronix ModuLED Giga: Passive Hochleistungs-LED-K\u00fchler f\u00fcr Scheinwerfer mit hohen Lumen. F\u00fcr bis zu 100W mit einem W\u00e4rmewiderstand von bis zu 0,7\u00b0C\/W. Spezifikation ansehen.\" \/>\n<meta name=\"robots\" content=\"index, follow, max-snippet:-1, max-image-preview:large, max-video-preview:-1\" \/>\n<link rel=\"canonical\" href=\"https:\/\/holderstechnology.com\/lighting-components\/de\/produkt\/moduled-giga\/\" \/>\n<meta property=\"og:locale\" content=\"de_DE\" \/>\n<meta property=\"og:type\" content=\"article\" \/>\n<meta property=\"og:title\" content=\"Moduled Giga Heatsink | Halterungen Beleuchtungskomponenten\" \/>\n<meta property=\"og:description\" content=\"MechaTronix ModuLED Giga: Passive Hochleistungs-LED-K\u00fchler f\u00fcr Scheinwerfer mit hohen Lumen. F\u00fcr bis zu 100W mit einem W\u00e4rmewiderstand von bis zu 0,7\u00b0C\/W. Spezifikation ansehen.\" \/>\n<meta property=\"og:url\" content=\"https:\/\/holderstechnology.com\/lighting-components\/de\/produkt\/moduled-giga\/\" \/>\n<meta property=\"og:site_name\" content=\"Holders Lighting Components\" \/>\n<meta property=\"article:modified_time\" content=\"2026-03-25T07:19:28+00:00\" \/>\n<meta property=\"og:image\" content=\"https:\/\/holderstechnology.com\/lighting-components\/wp-content\/uploads\/sites\/2\/2021\/02\/moduled-giga-15220.jpg\" \/>\n\t<meta property=\"og:image:width\" content=\"1024\" \/>\n\t<meta property=\"og:image:height\" content=\"768\" \/>\n\t<meta property=\"og:image:type\" content=\"image\/jpeg\" \/>\n<meta name=\"twitter:card\" content=\"summary_large_image\" \/>\n<script type=\"application\/ld+json\" class=\"yoast-schema-graph\">{\"@context\":\"https:\\\/\\\/schema.org\",\"@graph\":[{\"@type\":\"WebPage\",\"@id\":\"https:\\\/\\\/holderstechnology.com\\\/lighting-components\\\/de\\\/produkt\\\/moduled-giga\\\/\",\"url\":\"https:\\\/\\\/holderstechnology.com\\\/lighting-components\\\/de\\\/produkt\\\/moduled-giga\\\/\",\"name\":\"Moduled Giga Heatsink | Halterungen Beleuchtungskomponenten\",\"isPartOf\":{\"@id\":\"https:\\\/\\\/holderstechnology.com\\\/lighting-components\\\/#website\"},\"primaryImageOfPage\":{\"@id\":\"https:\\\/\\\/holderstechnology.com\\\/lighting-components\\\/de\\\/produkt\\\/moduled-giga\\\/#primaryimage\"},\"image\":{\"@id\":\"https:\\\/\\\/holderstechnology.com\\\/lighting-components\\\/de\\\/produkt\\\/moduled-giga\\\/#primaryimage\"},\"thumbnailUrl\":\"https:\\\/\\\/holderstechnology.com\\\/lighting-components\\\/wp-content\\\/uploads\\\/sites\\\/2\\\/2021\\\/02\\\/moduled-giga-15220.jpg\",\"datePublished\":\"2021-05-17T09:40:16+00:00\",\"dateModified\":\"2026-03-25T07:19:28+00:00\",\"description\":\"MechaTronix ModuLED Giga: Passive Hochleistungs-LED-K\u00fchler f\u00fcr Scheinwerfer mit hohen Lumen. F\u00fcr bis zu 100W mit einem W\u00e4rmewiderstand von bis zu 0,7\u00b0C\\\/W. Spezifikation ansehen.\",\"breadcrumb\":{\"@id\":\"https:\\\/\\\/holderstechnology.com\\\/lighting-components\\\/de\\\/produkt\\\/moduled-giga\\\/#breadcrumb\"},\"inLanguage\":\"de\",\"potentialAction\":[{\"@type\":\"ReadAction\",\"target\":[\"https:\\\/\\\/holderstechnology.com\\\/lighting-components\\\/de\\\/produkt\\\/moduled-giga\\\/\"]}]},{\"@type\":\"ImageObject\",\"inLanguage\":\"de\",\"@id\":\"https:\\\/\\\/holderstechnology.com\\\/lighting-components\\\/de\\\/produkt\\\/moduled-giga\\\/#primaryimage\",\"url\":\"https:\\\/\\\/holderstechnology.com\\\/lighting-components\\\/wp-content\\\/uploads\\\/sites\\\/2\\\/2021\\\/02\\\/moduled-giga-15220.jpg\",\"contentUrl\":\"https:\\\/\\\/holderstechnology.com\\\/lighting-components\\\/wp-content\\\/uploads\\\/sites\\\/2\\\/2021\\\/02\\\/moduled-giga-15220.jpg\",\"width\":1024,\"height\":768,\"caption\":\"MechaTronix ModuLED Giga High Power LED Cooler\"},{\"@type\":\"BreadcrumbList\",\"@id\":\"https:\\\/\\\/holderstechnology.com\\\/lighting-components\\\/de\\\/produkt\\\/moduled-giga\\\/#breadcrumb\",\"itemListElement\":[{\"@type\":\"ListItem\",\"position\":1,\"name\":\"&#8962;\",\"item\":\"https:\\\/\\\/holderstechnology.com\\\/lighting-components\\\/de\\\/leuchten-komponenten\\\/\"},{\"@type\":\"ListItem\",\"position\":2,\"name\":\"Products\",\"item\":\"https:\\\/\\\/holderstechnology.com\\\/lighting-components\\\/products\\\/\"},{\"@type\":\"ListItem\",\"position\":3,\"name\":\"Modular Giga\"}]},{\"@type\":\"WebSite\",\"@id\":\"https:\\\/\\\/holderstechnology.com\\\/lighting-components\\\/#website\",\"url\":\"https:\\\/\\\/holderstechnology.com\\\/lighting-components\\\/\",\"name\":\"Holders Lighting Components\",\"description\":\"\",\"publisher\":{\"@id\":\"https:\\\/\\\/holderstechnology.com\\\/lighting-components\\\/#organization\"},\"potentialAction\":[{\"@type\":\"SearchAction\",\"target\":{\"@type\":\"EntryPoint\",\"urlTemplate\":\"https:\\\/\\\/holderstechnology.com\\\/lighting-components\\\/?s={search_term_string}\"},\"query-input\":{\"@type\":\"PropertyValueSpecification\",\"valueRequired\":true,\"valueName\":\"search_term_string\"}}],\"inLanguage\":\"de\"},{\"@type\":\"Organization\",\"@id\":\"https:\\\/\\\/holderstechnology.com\\\/lighting-components\\\/#organization\",\"name\":\"Holders Technology Group\",\"url\":\"https:\\\/\\\/holderstechnology.com\\\/lighting-components\\\/\",\"logo\":{\"@type\":\"ImageObject\",\"inLanguage\":\"de\",\"@id\":\"https:\\\/\\\/holderstechnology.com\\\/lighting-components\\\/#\\\/schema\\\/logo\\\/image\\\/\",\"url\":\"https:\\\/\\\/holderstechnology.com\\\/lighting-components\\\/wp-content\\\/uploads\\\/sites\\\/2\\\/2022\\\/11\\\/logo_holders-technology.png\",\"contentUrl\":\"https:\\\/\\\/holderstechnology.com\\\/lighting-components\\\/wp-content\\\/uploads\\\/sites\\\/2\\\/2022\\\/11\\\/logo_holders-technology.png\",\"width\":556,\"height\":67,\"caption\":\"Holders Technology Group\"},\"image\":{\"@id\":\"https:\\\/\\\/holderstechnology.com\\\/lighting-components\\\/#\\\/schema\\\/logo\\\/image\\\/\"}}]}<\/script>\n<!-- \/ Yoast SEO plugin. -->","yoast_head_json":{"title":"Moduled Giga Heatsink | Halterungen Beleuchtungskomponenten","description":"MechaTronix ModuLED Giga: Passive Hochleistungs-LED-K\u00fchler f\u00fcr Scheinwerfer mit hohen Lumen. F\u00fcr bis zu 100W mit einem W\u00e4rmewiderstand von bis zu 0,7\u00b0C\/W. Spezifikation ansehen.","robots":{"index":"index","follow":"follow","max-snippet":"max-snippet:-1","max-image-preview":"max-image-preview:large","max-video-preview":"max-video-preview:-1"},"canonical":"https:\/\/holderstechnology.com\/lighting-components\/de\/produkt\/moduled-giga\/","og_locale":"de_DE","og_type":"article","og_title":"Moduled Giga Heatsink | Halterungen Beleuchtungskomponenten","og_description":"MechaTronix ModuLED Giga: Passive Hochleistungs-LED-K\u00fchler f\u00fcr Scheinwerfer mit hohen Lumen. F\u00fcr bis zu 100W mit einem W\u00e4rmewiderstand von bis zu 0,7\u00b0C\/W. Spezifikation ansehen.","og_url":"https:\/\/holderstechnology.com\/lighting-components\/de\/produkt\/moduled-giga\/","og_site_name":"Holders Lighting Components","article_modified_time":"2026-03-25T07:19:28+00:00","og_image":[{"width":1024,"height":768,"url":"https:\/\/holderstechnology.com\/lighting-components\/wp-content\/uploads\/sites\/2\/2021\/02\/moduled-giga-15220.jpg","type":"image\/jpeg"}],"twitter_card":"summary_large_image","schema":{"@context":"https:\/\/schema.org","@graph":[{"@type":"WebPage","@id":"https:\/\/holderstechnology.com\/lighting-components\/de\/produkt\/moduled-giga\/","url":"https:\/\/holderstechnology.com\/lighting-components\/de\/produkt\/moduled-giga\/","name":"Moduled Giga Heatsink | Halterungen Beleuchtungskomponenten","isPartOf":{"@id":"https:\/\/holderstechnology.com\/lighting-components\/#website"},"primaryImageOfPage":{"@id":"https:\/\/holderstechnology.com\/lighting-components\/de\/produkt\/moduled-giga\/#primaryimage"},"image":{"@id":"https:\/\/holderstechnology.com\/lighting-components\/de\/produkt\/moduled-giga\/#primaryimage"},"thumbnailUrl":"https:\/\/holderstechnology.com\/lighting-components\/wp-content\/uploads\/sites\/2\/2021\/02\/moduled-giga-15220.jpg","datePublished":"2021-05-17T09:40:16+00:00","dateModified":"2026-03-25T07:19:28+00:00","description":"MechaTronix ModuLED Giga: Passive Hochleistungs-LED-K\u00fchler f\u00fcr Scheinwerfer mit hohen Lumen. F\u00fcr bis zu 100W mit einem W\u00e4rmewiderstand von bis zu 0,7\u00b0C\/W. Spezifikation ansehen.","breadcrumb":{"@id":"https:\/\/holderstechnology.com\/lighting-components\/de\/produkt\/moduled-giga\/#breadcrumb"},"inLanguage":"de","potentialAction":[{"@type":"ReadAction","target":["https:\/\/holderstechnology.com\/lighting-components\/de\/produkt\/moduled-giga\/"]}]},{"@type":"ImageObject","inLanguage":"de","@id":"https:\/\/holderstechnology.com\/lighting-components\/de\/produkt\/moduled-giga\/#primaryimage","url":"https:\/\/holderstechnology.com\/lighting-components\/wp-content\/uploads\/sites\/2\/2021\/02\/moduled-giga-15220.jpg","contentUrl":"https:\/\/holderstechnology.com\/lighting-components\/wp-content\/uploads\/sites\/2\/2021\/02\/moduled-giga-15220.jpg","width":1024,"height":768,"caption":"MechaTronix ModuLED Giga High Power LED Cooler"},{"@type":"BreadcrumbList","@id":"https:\/\/holderstechnology.com\/lighting-components\/de\/produkt\/moduled-giga\/#breadcrumb","itemListElement":[{"@type":"ListItem","position":1,"name":"&#8962;","item":"https:\/\/holderstechnology.com\/lighting-components\/de\/leuchten-komponenten\/"},{"@type":"ListItem","position":2,"name":"Products","item":"https:\/\/holderstechnology.com\/lighting-components\/products\/"},{"@type":"ListItem","position":3,"name":"Modular Giga"}]},{"@type":"WebSite","@id":"https:\/\/holderstechnology.com\/lighting-components\/#website","url":"https:\/\/holderstechnology.com\/lighting-components\/","name":"Holders Lighting Components","description":"","publisher":{"@id":"https:\/\/holderstechnology.com\/lighting-components\/#organization"},"potentialAction":[{"@type":"SearchAction","target":{"@type":"EntryPoint","urlTemplate":"https:\/\/holderstechnology.com\/lighting-components\/?s={search_term_string}"},"query-input":{"@type":"PropertyValueSpecification","valueRequired":true,"valueName":"search_term_string"}}],"inLanguage":"de"},{"@type":"Organization","@id":"https:\/\/holderstechnology.com\/lighting-components\/#organization","name":"Holders Technology Group","url":"https:\/\/holderstechnology.com\/lighting-components\/","logo":{"@type":"ImageObject","inLanguage":"de","@id":"https:\/\/holderstechnology.com\/lighting-components\/#\/schema\/logo\/image\/","url":"https:\/\/holderstechnology.com\/lighting-components\/wp-content\/uploads\/sites\/2\/2022\/11\/logo_holders-technology.png","contentUrl":"https:\/\/holderstechnology.com\/lighting-components\/wp-content\/uploads\/sites\/2\/2022\/11\/logo_holders-technology.png","width":556,"height":67,"caption":"Holders Technology Group"},"image":{"@id":"https:\/\/holderstechnology.com\/lighting-components\/#\/schema\/logo\/image\/"}}]}},"_links":{"self":[{"href":"https:\/\/holderstechnology.com\/lighting-components\/de\/wp-json\/wp\/v2\/product\/984","targetHints":{"allow":["GET"]}}],"collection":[{"href":"https:\/\/holderstechnology.com\/lighting-components\/de\/wp-json\/wp\/v2\/product"}],"about":[{"href":"https:\/\/holderstechnology.com\/lighting-components\/de\/wp-json\/wp\/v2\/types\/product"}],"replies":[{"embeddable":true,"href":"https:\/\/holderstechnology.com\/lighting-components\/de\/wp-json\/wp\/v2\/comments?post=984"}],"version-history":[{"count":2,"href":"https:\/\/holderstechnology.com\/lighting-components\/de\/wp-json\/wp\/v2\/product\/984\/revisions"}],"predecessor-version":[{"id":8662,"href":"https:\/\/holderstechnology.com\/lighting-components\/de\/wp-json\/wp\/v2\/product\/984\/revisions\/8662"}],"wp:featuredmedia":[{"embeddable":true,"href":"https:\/\/holderstechnology.com\/lighting-components\/de\/wp-json\/wp\/v2\/media\/771"}],"wp:attachment":[{"href":"https:\/\/holderstechnology.com\/lighting-components\/de\/wp-json\/wp\/v2\/media?parent=984"}],"wp:term":[{"taxonomy":"product_brand","embeddable":true,"href":"https:\/\/holderstechnology.com\/lighting-components\/de\/wp-json\/wp\/v2\/product_brand?post=984"},{"taxonomy":"product_cat","embeddable":true,"href":"https:\/\/holderstechnology.com\/lighting-components\/de\/wp-json\/wp\/v2\/product_cat?post=984"},{"taxonomy":"product_tag","embeddable":true,"href":"https:\/\/holderstechnology.com\/lighting-components\/de\/wp-json\/wp\/v2\/product_tag?post=984"}],"curies":[{"name":"wp","href":"https:\/\/api.w.org\/{rel}","templated":true}]}}