{"id":987,"date":"2021-02-08T13:17:57","date_gmt":"2021-05-17T09:43:37","guid":{"rendered":"https:\/\/holderstechnology.com\/lighting-components\/product\/micro-zubehoer\/"},"modified":"2025-08-12T17:16:45","modified_gmt":"2025-08-12T16:16:45","slug":"mikro-zubehor","status":"publish","type":"product","link":"https:\/\/holderstechnology.com\/lighting-components\/de\/produkt\/mikro-zubehor\/","title":{"rendered":"Micro &#8211; Zubeh\u00f6r"},"content":{"rendered":"<p><span style=\"font-weight: 400;\">Die neueste Entwicklung von A.A.G. Stucchi ist die MicroTrack-Familie. Diese Niederspannungs-Gleisfamilie ist aus der Notwendigkeit geboren, Komponenten und Infrastruktur zu miniaturisieren. Ein gro\u00dfes Augenmerk wurde auf die starke Reduzierung der Abmessungen gelegt. Das Ergebnis ist ein Produkt, das bei Beleuchtungsprojekten, bei denen \u00c4sthetik und Liebe zum Detail von grundlegender Bedeutung sind, wie z. B. bei Beleuchtungsprojekten im Wohnbereich, im Einzelhandel und in Galerien, den Unterschied ausmachen kann.<\/span><\/p>\n<p><span style=\"font-weight: 400;\">Wie das MultiSystem bietet auch die MicroTrack-Reihe verschiedene Schienenprofile, um Beleuchtungsprojekten maximale Flexibilit\u00e4t zu verleihen. Alle Stromschienen haben den gleichen &#8222;intelligenten Kern&#8220; mit integriertem DATABUS f\u00fcr die Lichtsteuerung durch Dali, 0-10V usw. und ein komplettes Sortiment an Zubeh\u00f6r, das bei Holders erh\u00e4ltlich ist, bedeutet, dass es einfach ist, auf diese neue, modernste Schienenl\u00f6sung umzusteigen.<\/span><\/p>\n<p><span style=\"font-weight: 400;\">Das Zubeh\u00f6r umfasst Schienenadapter, Aufh\u00e4ngungss\u00e4tze, aktive und tote Enden sowie Verbinder und Werkzeuge f\u00fcr die Installation.  <\/span><\/p>\n","protected":false},"excerpt":{"rendered":"<p>Zubeh\u00f6r f\u00fcr Micro Track System<\/p>\n","protected":false},"featured_media":653,"comment_status":"closed","ping_status":"closed","template":"","meta":{"_acf_changed":false,"inline_featured_image":false,"site-sidebar-layout":"default","site-content-layout":"","ast-site-content-layout":"default","site-content-style":"default","site-sidebar-style":"default","ast-global-header-display":"","ast-banner-title-visibility":"","ast-main-header-display":"","ast-hfb-above-header-display":"","ast-hfb-below-header-display":"","ast-hfb-mobile-header-display":"","site-post-title":"","ast-breadcrumbs-content":"","ast-featured-img":"","footer-sml-layout":"","ast-disable-related-posts":"","theme-transparent-header-meta":"","adv-header-id-meta":"","stick-header-meta":"","header-above-stick-meta":"","header-main-stick-meta":"","header-below-stick-meta":"","astra-migrate-meta-layouts":"default","ast-page-background-enabled":"default","ast-page-background-meta":{"desktop":{"background-color":"var(--ast-global-color-5)","background-image":"","background-repeat":"repeat","background-position":"center center","background-size":"auto","background-attachment":"scroll","background-type":"","background-media":"","overlay-type":"","overlay-color":"","overlay-opacity":"","overlay-gradient":""},"tablet":{"background-color":"","background-image":"","background-repeat":"repeat","background-position":"center center","background-size":"auto","background-attachment":"scroll","background-type":"","background-media":"","overlay-type":"","overlay-color":"","overlay-opacity":"","overlay-gradient":""},"mobile":{"background-color":"","background-image":"","background-repeat":"repeat","background-position":"center center","background-size":"auto","background-attachment":"scroll","background-type":"","background-media":"","overlay-type":"","overlay-color":"","overlay-opacity":"","overlay-gradient":""}},"ast-content-background-meta":{"desktop":{"background-color":"var(--ast-global-color-4)","background-image":"","background-repeat":"repeat","background-position":"center center","background-size":"auto","background-attachment":"scroll","background-type":"","background-media":"","overlay-type":"","overlay-color":"","overlay-opacity":"","overlay-gradient":""},"tablet":{"background-color":"var(--ast-global-color-4)","background-image":"","background-repeat":"repeat","background-position":"center center","background-size":"auto","background-attachment":"scroll","background-type":"","background-media":"","overlay-type":"","overlay-color":"","overlay-opacity":"","overlay-gradient":""},"mobile":{"background-color":"var(--ast-global-color-4)","background-image":"","background-repeat":"repeat","background-position":"center center","background-size":"auto","background-attachment":"scroll","background-type":"","background-media":"","overlay-type":"","overlay-color":"","overlay-opacity":"","overlay-gradient":""}}},"product_brand":[],"product_cat":[253],"product_tag":[],"class_list":{"0":"post-987","1":"product","2":"type-product","3":"status-publish","4":"has-post-thumbnail","6":"product_cat-niederspannungsschiene","7":"desktop-align-left","8":"tablet-align-left","9":"mobile-align-left","11":"first","12":"instock","13":"shipping-taxable","14":"product-type-simple"},"acf":[],"yoast_head":"<!-- This site is optimized with the Yoast SEO plugin v27.3 - https:\/\/yoast.com\/product\/yoast-seo-wordpress\/ -->\n<title>A.A.G. Stucchi Micro Track Zubeh\u00f6r | Halterungen Technik<\/title>\n<meta name=\"description\" content=\"A.A.G. Stucchi Micro Track Zubeh\u00f6r - Die neueste Entwicklung von A.A.G. Stucchi ist die MicroTrack Familie, die von den Beleuchtungsexperten von Holders\" \/>\n<meta name=\"robots\" content=\"index, follow, max-snippet:-1, max-image-preview:large, max-video-preview:-1\" \/>\n<link rel=\"canonical\" href=\"https:\/\/holderstechnology.com\/lighting-components\/de\/produkt\/mikro-zubehor\/\" \/>\n<meta property=\"og:locale\" content=\"de_DE\" \/>\n<meta property=\"og:type\" content=\"article\" \/>\n<meta property=\"og:title\" content=\"A.A.G. Stucchi Micro Track Zubeh\u00f6r | Halterungen Technik\" \/>\n<meta property=\"og:description\" content=\"A.A.G. Stucchi Micro Track Zubeh\u00f6r - Die neueste Entwicklung von A.A.G. Stucchi ist die MicroTrack Familie, die von den Beleuchtungsexperten von Holders\" \/>\n<meta property=\"og:url\" content=\"https:\/\/holderstechnology.com\/lighting-components\/de\/produkt\/mikro-zubehor\/\" \/>\n<meta property=\"og:site_name\" content=\"Holders Lighting Components\" \/>\n<meta property=\"article:modified_time\" content=\"2025-08-12T16:16:45+00:00\" \/>\n<meta property=\"og:image\" content=\"https:\/\/holderstechnology.com\/lighting-components\/wp-content\/uploads\/sites\/2\/2021\/02\/Micro-Accessories.jpg\" \/>\n\t<meta property=\"og:image:width\" content=\"700\" \/>\n\t<meta property=\"og:image:height\" content=\"465\" \/>\n\t<meta property=\"og:image:type\" content=\"image\/jpeg\" \/>\n<meta name=\"twitter:card\" content=\"summary_large_image\" \/>\n<meta name=\"twitter:label1\" content=\"Gesch\u00e4tzte Lesezeit\" \/>\n\t<meta name=\"twitter:data1\" content=\"1\u00a0Minute\" \/>\n<script type=\"application\/ld+json\" class=\"yoast-schema-graph\">{\"@context\":\"https:\\\/\\\/schema.org\",\"@graph\":[{\"@type\":\"WebPage\",\"@id\":\"https:\\\/\\\/holderstechnology.com\\\/lighting-components\\\/de\\\/produkt\\\/mikro-zubehor\\\/\",\"url\":\"https:\\\/\\\/holderstechnology.com\\\/lighting-components\\\/de\\\/produkt\\\/mikro-zubehor\\\/\",\"name\":\"A.A.G. Stucchi Micro Track Zubeh\u00f6r | Halterungen Technik\",\"isPartOf\":{\"@id\":\"https:\\\/\\\/holderstechnology.com\\\/lighting-components\\\/#website\"},\"primaryImageOfPage\":{\"@id\":\"https:\\\/\\\/holderstechnology.com\\\/lighting-components\\\/de\\\/produkt\\\/mikro-zubehor\\\/#primaryimage\"},\"image\":{\"@id\":\"https:\\\/\\\/holderstechnology.com\\\/lighting-components\\\/de\\\/produkt\\\/mikro-zubehor\\\/#primaryimage\"},\"thumbnailUrl\":\"https:\\\/\\\/holderstechnology.com\\\/lighting-components\\\/wp-content\\\/uploads\\\/sites\\\/2\\\/2021\\\/02\\\/Micro-Accessories.jpg\",\"datePublished\":\"2021-05-17T09:43:37+00:00\",\"dateModified\":\"2025-08-12T16:16:45+00:00\",\"description\":\"A.A.G. Stucchi Micro Track Zubeh\u00f6r - Die neueste Entwicklung von A.A.G. Stucchi ist die MicroTrack Familie, die von den Beleuchtungsexperten von Holders\",\"breadcrumb\":{\"@id\":\"https:\\\/\\\/holderstechnology.com\\\/lighting-components\\\/de\\\/produkt\\\/mikro-zubehor\\\/#breadcrumb\"},\"inLanguage\":\"de\",\"potentialAction\":[{\"@type\":\"ReadAction\",\"target\":[\"https:\\\/\\\/holderstechnology.com\\\/lighting-components\\\/de\\\/produkt\\\/mikro-zubehor\\\/\"]}]},{\"@type\":\"ImageObject\",\"inLanguage\":\"de\",\"@id\":\"https:\\\/\\\/holderstechnology.com\\\/lighting-components\\\/de\\\/produkt\\\/mikro-zubehor\\\/#primaryimage\",\"url\":\"https:\\\/\\\/holderstechnology.com\\\/lighting-components\\\/wp-content\\\/uploads\\\/sites\\\/2\\\/2021\\\/02\\\/Micro-Accessories.jpg\",\"contentUrl\":\"https:\\\/\\\/holderstechnology.com\\\/lighting-components\\\/wp-content\\\/uploads\\\/sites\\\/2\\\/2021\\\/02\\\/Micro-Accessories.jpg\",\"width\":700,\"height\":465},{\"@type\":\"BreadcrumbList\",\"@id\":\"https:\\\/\\\/holderstechnology.com\\\/lighting-components\\\/de\\\/produkt\\\/mikro-zubehor\\\/#breadcrumb\",\"itemListElement\":[{\"@type\":\"ListItem\",\"position\":1,\"name\":\"&#8962;\",\"item\":\"https:\\\/\\\/holderstechnology.com\\\/lighting-components\\\/de\\\/leuchten-komponenten\\\/\"},{\"@type\":\"ListItem\",\"position\":2,\"name\":\"Products\",\"item\":\"https:\\\/\\\/holderstechnology.com\\\/lighting-components\\\/products\\\/\"},{\"@type\":\"ListItem\",\"position\":3,\"name\":\"Micro &#8211; Zubeh\u00f6r\"}]},{\"@type\":\"WebSite\",\"@id\":\"https:\\\/\\\/holderstechnology.com\\\/lighting-components\\\/#website\",\"url\":\"https:\\\/\\\/holderstechnology.com\\\/lighting-components\\\/\",\"name\":\"Holders Lighting Components\",\"description\":\"\",\"publisher\":{\"@id\":\"https:\\\/\\\/holderstechnology.com\\\/lighting-components\\\/#organization\"},\"potentialAction\":[{\"@type\":\"SearchAction\",\"target\":{\"@type\":\"EntryPoint\",\"urlTemplate\":\"https:\\\/\\\/holderstechnology.com\\\/lighting-components\\\/?s={search_term_string}\"},\"query-input\":{\"@type\":\"PropertyValueSpecification\",\"valueRequired\":true,\"valueName\":\"search_term_string\"}}],\"inLanguage\":\"de\"},{\"@type\":\"Organization\",\"@id\":\"https:\\\/\\\/holderstechnology.com\\\/lighting-components\\\/#organization\",\"name\":\"Holders Technology Group\",\"url\":\"https:\\\/\\\/holderstechnology.com\\\/lighting-components\\\/\",\"logo\":{\"@type\":\"ImageObject\",\"inLanguage\":\"de\",\"@id\":\"https:\\\/\\\/holderstechnology.com\\\/lighting-components\\\/#\\\/schema\\\/logo\\\/image\\\/\",\"url\":\"https:\\\/\\\/holderstechnology.com\\\/lighting-components\\\/wp-content\\\/uploads\\\/sites\\\/2\\\/2022\\\/11\\\/logo_holders-technology.png\",\"contentUrl\":\"https:\\\/\\\/holderstechnology.com\\\/lighting-components\\\/wp-content\\\/uploads\\\/sites\\\/2\\\/2022\\\/11\\\/logo_holders-technology.png\",\"width\":556,\"height\":67,\"caption\":\"Holders Technology Group\"},\"image\":{\"@id\":\"https:\\\/\\\/holderstechnology.com\\\/lighting-components\\\/#\\\/schema\\\/logo\\\/image\\\/\"}}]}<\/script>\n<!-- \/ Yoast SEO plugin. -->","yoast_head_json":{"title":"A.A.G. Stucchi Micro Track Zubeh\u00f6r | Halterungen Technik","description":"A.A.G. Stucchi Micro Track Zubeh\u00f6r - Die neueste Entwicklung von A.A.G. Stucchi ist die MicroTrack Familie, die von den Beleuchtungsexperten von Holders","robots":{"index":"index","follow":"follow","max-snippet":"max-snippet:-1","max-image-preview":"max-image-preview:large","max-video-preview":"max-video-preview:-1"},"canonical":"https:\/\/holderstechnology.com\/lighting-components\/de\/produkt\/mikro-zubehor\/","og_locale":"de_DE","og_type":"article","og_title":"A.A.G. Stucchi Micro Track Zubeh\u00f6r | Halterungen Technik","og_description":"A.A.G. Stucchi Micro Track Zubeh\u00f6r - Die neueste Entwicklung von A.A.G. Stucchi ist die MicroTrack Familie, die von den Beleuchtungsexperten von Holders","og_url":"https:\/\/holderstechnology.com\/lighting-components\/de\/produkt\/mikro-zubehor\/","og_site_name":"Holders Lighting Components","article_modified_time":"2025-08-12T16:16:45+00:00","og_image":[{"width":700,"height":465,"url":"https:\/\/holderstechnology.com\/lighting-components\/wp-content\/uploads\/sites\/2\/2021\/02\/Micro-Accessories.jpg","type":"image\/jpeg"}],"twitter_card":"summary_large_image","twitter_misc":{"Gesch\u00e4tzte Lesezeit":"1\u00a0Minute"},"schema":{"@context":"https:\/\/schema.org","@graph":[{"@type":"WebPage","@id":"https:\/\/holderstechnology.com\/lighting-components\/de\/produkt\/mikro-zubehor\/","url":"https:\/\/holderstechnology.com\/lighting-components\/de\/produkt\/mikro-zubehor\/","name":"A.A.G. Stucchi Micro Track Zubeh\u00f6r | Halterungen Technik","isPartOf":{"@id":"https:\/\/holderstechnology.com\/lighting-components\/#website"},"primaryImageOfPage":{"@id":"https:\/\/holderstechnology.com\/lighting-components\/de\/produkt\/mikro-zubehor\/#primaryimage"},"image":{"@id":"https:\/\/holderstechnology.com\/lighting-components\/de\/produkt\/mikro-zubehor\/#primaryimage"},"thumbnailUrl":"https:\/\/holderstechnology.com\/lighting-components\/wp-content\/uploads\/sites\/2\/2021\/02\/Micro-Accessories.jpg","datePublished":"2021-05-17T09:43:37+00:00","dateModified":"2025-08-12T16:16:45+00:00","description":"A.A.G. Stucchi Micro Track Zubeh\u00f6r - Die neueste Entwicklung von A.A.G. Stucchi ist die MicroTrack Familie, die von den Beleuchtungsexperten von Holders","breadcrumb":{"@id":"https:\/\/holderstechnology.com\/lighting-components\/de\/produkt\/mikro-zubehor\/#breadcrumb"},"inLanguage":"de","potentialAction":[{"@type":"ReadAction","target":["https:\/\/holderstechnology.com\/lighting-components\/de\/produkt\/mikro-zubehor\/"]}]},{"@type":"ImageObject","inLanguage":"de","@id":"https:\/\/holderstechnology.com\/lighting-components\/de\/produkt\/mikro-zubehor\/#primaryimage","url":"https:\/\/holderstechnology.com\/lighting-components\/wp-content\/uploads\/sites\/2\/2021\/02\/Micro-Accessories.jpg","contentUrl":"https:\/\/holderstechnology.com\/lighting-components\/wp-content\/uploads\/sites\/2\/2021\/02\/Micro-Accessories.jpg","width":700,"height":465},{"@type":"BreadcrumbList","@id":"https:\/\/holderstechnology.com\/lighting-components\/de\/produkt\/mikro-zubehor\/#breadcrumb","itemListElement":[{"@type":"ListItem","position":1,"name":"&#8962;","item":"https:\/\/holderstechnology.com\/lighting-components\/de\/leuchten-komponenten\/"},{"@type":"ListItem","position":2,"name":"Products","item":"https:\/\/holderstechnology.com\/lighting-components\/products\/"},{"@type":"ListItem","position":3,"name":"Micro &#8211; Zubeh\u00f6r"}]},{"@type":"WebSite","@id":"https:\/\/holderstechnology.com\/lighting-components\/#website","url":"https:\/\/holderstechnology.com\/lighting-components\/","name":"Holders Lighting Components","description":"","publisher":{"@id":"https:\/\/holderstechnology.com\/lighting-components\/#organization"},"potentialAction":[{"@type":"SearchAction","target":{"@type":"EntryPoint","urlTemplate":"https:\/\/holderstechnology.com\/lighting-components\/?s={search_term_string}"},"query-input":{"@type":"PropertyValueSpecification","valueRequired":true,"valueName":"search_term_string"}}],"inLanguage":"de"},{"@type":"Organization","@id":"https:\/\/holderstechnology.com\/lighting-components\/#organization","name":"Holders Technology Group","url":"https:\/\/holderstechnology.com\/lighting-components\/","logo":{"@type":"ImageObject","inLanguage":"de","@id":"https:\/\/holderstechnology.com\/lighting-components\/#\/schema\/logo\/image\/","url":"https:\/\/holderstechnology.com\/lighting-components\/wp-content\/uploads\/sites\/2\/2022\/11\/logo_holders-technology.png","contentUrl":"https:\/\/holderstechnology.com\/lighting-components\/wp-content\/uploads\/sites\/2\/2022\/11\/logo_holders-technology.png","width":556,"height":67,"caption":"Holders Technology Group"},"image":{"@id":"https:\/\/holderstechnology.com\/lighting-components\/#\/schema\/logo\/image\/"}}]}},"_links":{"self":[{"href":"https:\/\/holderstechnology.com\/lighting-components\/de\/wp-json\/wp\/v2\/product\/987","targetHints":{"allow":["GET"]}}],"collection":[{"href":"https:\/\/holderstechnology.com\/lighting-components\/de\/wp-json\/wp\/v2\/product"}],"about":[{"href":"https:\/\/holderstechnology.com\/lighting-components\/de\/wp-json\/wp\/v2\/types\/product"}],"replies":[{"embeddable":true,"href":"https:\/\/holderstechnology.com\/lighting-components\/de\/wp-json\/wp\/v2\/comments?post=987"}],"version-history":[{"count":1,"href":"https:\/\/holderstechnology.com\/lighting-components\/de\/wp-json\/wp\/v2\/product\/987\/revisions"}],"predecessor-version":[{"id":7473,"href":"https:\/\/holderstechnology.com\/lighting-components\/de\/wp-json\/wp\/v2\/product\/987\/revisions\/7473"}],"wp:featuredmedia":[{"embeddable":true,"href":"https:\/\/holderstechnology.com\/lighting-components\/de\/wp-json\/wp\/v2\/media\/653"}],"wp:attachment":[{"href":"https:\/\/holderstechnology.com\/lighting-components\/de\/wp-json\/wp\/v2\/media?parent=987"}],"wp:term":[{"taxonomy":"product_brand","embeddable":true,"href":"https:\/\/holderstechnology.com\/lighting-components\/de\/wp-json\/wp\/v2\/product_brand?post=987"},{"taxonomy":"product_cat","embeddable":true,"href":"https:\/\/holderstechnology.com\/lighting-components\/de\/wp-json\/wp\/v2\/product_cat?post=987"},{"taxonomy":"product_tag","embeddable":true,"href":"https:\/\/holderstechnology.com\/lighting-components\/de\/wp-json\/wp\/v2\/product_tag?post=987"}],"curies":[{"name":"wp","href":"https:\/\/api.w.org\/{rel}","templated":true}]}}