{"id":1316,"date":"2021-05-28T11:53:45","date_gmt":"2021-05-28T10:53:45","guid":{"rendered":"https:\/\/holderstechnology.com\/lighting-components\/politique-de-confidentialite\/"},"modified":"2025-08-12T17:19:01","modified_gmt":"2025-08-12T16:19:01","slug":"politique-de-confidentialite","status":"publish","type":"page","link":"https:\/\/holderstechnology.com\/lighting-components\/fr\/politique-de-confidentialite\/","title":{"rendered":"Politique de confidentialit\u00e9"},"content":{"rendered":"<h2>POLITIQUE DE CONFIDENTIALIT\u00c9<\/h2>\n<hr>\n<p>La pr\u00e9sente politique de confidentialit\u00e9 r\u00e9git la collecte, le stockage et l&rsquo;utilisation des informations personnelles que nous, Holders Technology UK Ltd, recueillons par le biais de notre site Web \u00e0 l&rsquo;adresse holderstechnology.com (le <b>\u00ab\u00a0site Web Holders Technology\u00a0\u00bb<\/b>). Il vous fournit des d\u00e9tails sur les informations personnelles que nous recueillons aupr\u00e8s de vous, sur la mani\u00e8re dont nous utilisons vos informations personnelles et sur vos droits de contr\u00f4ler les informations personnelles que nous d\u00e9tenons \u00e0 votre sujet. Veuillez lire attentivement cette politique de confidentialit\u00e9 &#8211; en acc\u00e9dant ou en naviguant sur le site Web de Holders Technology, vous confirmez que vous avez lu, compris et accept\u00e9 cette politique de confidentialit\u00e9 dans son int\u00e9gralit\u00e9. Si vous n&rsquo;acceptez pas la pr\u00e9sente politique de confidentialit\u00e9 dans son int\u00e9gralit\u00e9, vous ne devez pas utiliser le site Web de Holders Technology.<\/p>\n<p>La pr\u00e9sente politique de confidentialit\u00e9 a \u00e9t\u00e9 mise \u00e0 jour le 18 janvier 2021. Veuillez consulter r\u00e9guli\u00e8rement ce site pour vous tenir inform\u00e9 des mises \u00e0 jour de cette politique de confidentialit\u00e9.<\/p>\n<p>&nbsp;<\/p>\n<h4>QUI NOUS SOMMES<\/h4>\n<p>Holders Technology UK Ltd est une soci\u00e9t\u00e9 enregistr\u00e9e en Angleterre et au Pays de Galles (num\u00e9ro d&rsquo;enregistrement 03633101), dont le si\u00e8ge social est 27-28 Eastcastle Street, London W1W 8DH U.K.<\/p>\n<p>Nous respectons votre droit \u00e0 la vie priv\u00e9e et ne traiterons les informations personnelles que vous nous fournissez que conform\u00e9ment \u00e0 la loi de 1998 sur la protection des donn\u00e9es, au r\u00e8glement de 2003 sur la vie priv\u00e9e et les communications \u00e9lectroniques (directive CE) et aux autres lois applicables en mati\u00e8re de protection de la vie priv\u00e9e.<\/p>\n<p>Si vous avez des questions sur la mani\u00e8re dont nous collectons, stockons et utilisons les informations personnelles, ou si vous avez d&rsquo;autres questions relatives \u00e0 la confidentialit\u00e9, veuillez nous contacter \u00e0 tout moment par l&rsquo;un des moyens suivants :<\/p>\n<ul>\n<li>T\u00e9l\u00e9phonez-nous au +44 (0) 1896 759098.<\/li>\n<li>Envoyez-nous un courriel \u00e0 l&rsquo;adresse suivante : <a href=\"mailto:headoffice@holderstechnology.com\">headoffice@holderstechnology.com<\/a><\/li>\n<li>\u00c9crivez-nous \u00e0 Holders Technology UK Ltd, Units 1-4, Block 9, Galashiels TD13RS, UK.<\/li>\n<\/ul>\n<h4><\/h4>\n<h4>UN MOT RAPIDE SUR LES ENFANTS<\/h4>\n<p>Nous ne recueillons pas et ne recueillerons pas sciemment des informations aupr\u00e8s d&rsquo;un enfant de moins de 18 ans non supervis\u00e9. Si vous avez moins de 18 ans, vous ne devez pas utiliser le site Web de Holders Technology \u00e0 moins d&rsquo;avoir le consentement d&rsquo;un parent ou d&rsquo;un tuteur et d&rsquo;\u00eatre supervis\u00e9 par celui-ci.<\/p>\n<p>&nbsp;<\/p>\n<h4>LES INFORMATIONS PERSONNELLES QUE NOUS D\u00c9TENONS \u00c0 VOTRE SUJET<\/h4>\n<p>Lorsque vous acc\u00e9dez et naviguez sur le site Web de Holders Technology (y compris lorsque vous nous soumettez des informations personnelles par le biais de champs de saisie de donn\u00e9es sur le site Web de Holders Technology), nous pouvons recueillir les informations suivantes aupr\u00e8s de vous :<\/p>\n<ul>\n<li>votre nom ;<\/li>\n<li>votre adresse postale ;<\/li>\n<li>vos coordonn\u00e9es t\u00e9l\u00e9phoniques, de t\u00e9l\u00e9copie et de courrier \u00e9lectronique<\/li>\n<li>PayPal, informations sur les cartes de cr\u00e9dit et de d\u00e9bit pour les achats.<\/li>\n<\/ul>\n<h4><\/h4>\n<h4>COMMENT NOUS POUVONS UTILISER ET STOCKER VOS INFORMATIONS<\/h4>\n<p>Nous (ou des soci\u00e9t\u00e9s de notre groupe ou des fournisseurs agissant en notre nom, tels que des soci\u00e9t\u00e9s de livraison) pouvons recueillir, stocker et utiliser vos informations personnelles \u00e9num\u00e9r\u00e9es ci-dessus aux fins suivantes :<\/p>\n<ul>\n<li>pour mettre le site Web de Holders Technology \u00e0 votre disposition et vous fournir un contenu adapt\u00e9 \u00e0 vos go\u00fbts personnels ;<\/li>\n<li>pour effectuer les achats que vous effectuez sur le site Web de Holders Technology, ce qui inclut la transmission de vos coordonn\u00e9es \u00e0 PayPal ;<\/li>\n<li>pour vous fournir les services que vous nous demandez ;<\/li>\n<li>pour livrer les marchandises que vous commandez, ce qui inclut la fourniture de votre nom et de votre adresse aux soci\u00e9t\u00e9s de livraison ; et<\/li>\n<li>vous contacter (y compris par SMS et e-mail) pour vous communiquer des informations sur nos produits et services qui, selon nous, pourraient vous int\u00e9resser.<\/li>\n<\/ul>\n<p>\u00c0 l&rsquo;exception des autres soci\u00e9t\u00e9s de notre groupe et des fournisseurs de services de livraison tiers, nous ne divulguerons, ne vendrons ni ne louerons vos informations personnelles \u00e0 aucun tiers, sauf si vous y avez consenti. Si vous donnez votre consentement mais que vous changez d&rsquo;avis par la suite, vous pouvez nous contacter et nous cesserons toute activit\u00e9 de ce type.<\/p>\n<p>Toutefois, si un tiers acquiert la totalit\u00e9 (ou la quasi-totalit\u00e9) de nos activit\u00e9s et\/ou actifs, nous pouvons divulguer vos informations personnelles \u00e0 ce tiers dans le cadre de l&rsquo;acquisition. Nous pouvons \u00e9galement divulguer vos informations personnelles lorsque nous sommes tenus de le faire par la loi applicable, par un organisme gouvernemental ou par un organisme charg\u00e9 de l&rsquo;application de la loi.<\/p>\n<p>Enfin, nous pouvons \u00e9galement recueillir des donn\u00e9es anonymes sur les visiteurs du site Web de Holders Technology \u00e0 des fins de statistiques globales ou de rapports. Toutefois, aucun individu ne pourra \u00eatre identifi\u00e9 \u00e0 partir des donn\u00e9es anonymes que nous recueillons \u00e0 ces fins.<\/p>\n<h4><\/h4>\n<h4>COOKIES<\/h4>\n<p>Le site Web de Holders Technology utilise des cookies pour recueillir des informations sur vous. Les cookies sont de petits fichiers de donn\u00e9es qui sont plac\u00e9s sur votre ordinateur par le site Web de Holders Technology et qui recueillent certaines informations personnelles vous concernant. Cela nous permet d&rsquo;adapter notre offre de services (y compris le site Web de Holders Technology) pour vous fournir des produits et des services qui correspondent mieux \u00e0 vos go\u00fbts personnels. Toutefois, vous pouvez modifier les param\u00e8tres de votre navigateur Web pour rejeter les cookies, mais veuillez noter que si vous le faites, cela peut nuire \u00e0 la fonctionnalit\u00e9 du site Web de Holders Technology. Pour de plus amples informations sur les cookies, y compris sur la mani\u00e8re de les refuser, veuillez consulter le site <a href=\"http:\/\/www.allaboutcookies.org\/\" target=\"_blank\" rel=\"noopener\">www.allaboutcookies.org<\/a>.<\/p>\n<h4><\/h4>\n<h4>S\u00c9CURIT\u00c9<\/h4>\n<p>Bien que nous prenions les mesures techniques et organisationnelles appropri\u00e9es pour sauvegarder les informations personnelles que vous nous fournissez, aucune communication envoy\u00e9e par Internet ne peut \u00eatre garantie comme \u00e9tant totalement s\u00fbre. Par cons\u00e9quent, nous ne pouvons pas garantir la s\u00e9curit\u00e9 des informations personnelles que vous nous fournissez via l&rsquo;Internet.<\/p>\n<h4><\/h4>\n<h4>VOS DROITS<\/h4>\n<p>Vous avez les droits suivants :<\/p>\n<ul>\n<li>le droit de nous demander de vous fournir \u00e0 tout moment des copies des informations personnelles que nous d\u00e9tenons \u00e0 votre sujet, moyennant un droit sp\u00e9cifi\u00e9 par la loi (actuellement 10 \u00a3) ;<\/li>\n<li>le droit de nous demander de mettre \u00e0 jour et de corriger gratuitement toute information personnelle p\u00e9rim\u00e9e ou incorrecte que nous d\u00e9tenons \u00e0 votre sujet ; et<\/li>\n<li>le droit de refuser toute communication commerciale que nous (ou tout tiers auquel nous avons divulgu\u00e9 vos informations personnelles avec votre consentement) pourrions vous envoyer.<\/li>\n<\/ul>\n<p>Si vous souhaitez exercer l&rsquo;un des droits susmentionn\u00e9s, veuillez nous \u00e9crire (par courrier ou par e-mail) \u00e0 l&rsquo;adresse indiqu\u00e9e ci-dessus.<\/p>\n<h4><\/h4>\n<h4>SITES TIERS<\/h4>\n<p>Le site Web de Holders Technology contient des liens vers d&rsquo;autres sites Web exploit\u00e9s par des tiers. Veuillez noter que cette politique de confidentialit\u00e9 ne s&rsquo;applique qu&rsquo;aux informations personnelles que nous recueillons par le biais du site Web de Holders Technology et que nous ne pouvons pas \u00eatre responsables des informations personnelles que des tiers peuvent recueillir, stocker et utiliser par le biais de leur site Web (y compris, par exemple, PayPal). Vous devez toujours lire attentivement la politique de confidentialit\u00e9 de chaque site web que vous visitez.<\/p>\n","protected":false},"excerpt":{"rendered":"<p>POLITIQUE DE CONFIDENTIALIT\u00c9 La pr\u00e9sente politique de confidentialit\u00e9 r\u00e9git la collecte, le stockage et l&rsquo;utilisation des informations personnelles que nous, [&hellip;]<\/p>\n","protected":false},"author":1,"featured_media":0,"parent":0,"menu_order":520,"comment_status":"closed","ping_status":"closed","template":"","meta":{"_acf_changed":false,"inline_featured_image":false,"site-sidebar-layout":"default","site-content-layout":"","ast-site-content-layout":"default","site-content-style":"default","site-sidebar-style":"default","ast-global-header-display":"","ast-banner-title-visibility":"","ast-main-header-display":"","ast-hfb-above-header-display":"","ast-hfb-below-header-display":"","ast-hfb-mobile-header-display":"","site-post-title":"","ast-breadcrumbs-content":"","ast-featured-img":"","footer-sml-layout":"","ast-disable-related-posts":"","theme-transparent-header-meta":"","adv-header-id-meta":"","stick-header-meta":"","header-above-stick-meta":"","header-main-stick-meta":"","header-below-stick-meta":"","astra-migrate-meta-layouts":"default","ast-page-background-enabled":"default","ast-page-background-meta":{"desktop":{"background-color":"var(--ast-global-color-5)","background-image":"","background-repeat":"repeat","background-position":"center center","background-size":"auto","background-attachment":"scroll","background-type":"","background-media":"","overlay-type":"","overlay-color":"","overlay-opacity":"","overlay-gradient":""},"tablet":{"background-color":"","background-image":"","background-repeat":"repeat","background-position":"center center","background-size":"auto","background-attachment":"scroll","background-type":"","background-media":"","overlay-type":"","overlay-color":"","overlay-opacity":"","overlay-gradient":""},"mobile":{"background-color":"","background-image":"","background-repeat":"repeat","background-position":"center center","background-size":"auto","background-attachment":"scroll","background-type":"","background-media":"","overlay-type":"","overlay-color":"","overlay-opacity":"","overlay-gradient":""}},"ast-content-background-meta":{"desktop":{"background-color":"var(--ast-global-color-4)","background-image":"","background-repeat":"repeat","background-position":"center center","background-size":"auto","background-attachment":"scroll","background-type":"","background-media":"","overlay-type":"","overlay-color":"","overlay-opacity":"","overlay-gradient":""},"tablet":{"background-color":"var(--ast-global-color-4)","background-image":"","background-repeat":"repeat","background-position":"center center","background-size":"auto","background-attachment":"scroll","background-type":"","background-media":"","overlay-type":"","overlay-color":"","overlay-opacity":"","overlay-gradient":""},"mobile":{"background-color":"var(--ast-global-color-4)","background-image":"","background-repeat":"repeat","background-position":"center center","background-size":"auto","background-attachment":"scroll","background-type":"","background-media":"","overlay-type":"","overlay-color":"","overlay-opacity":"","overlay-gradient":""}},"footnotes":""},"class_list":["post-1316","page","type-page","status-publish","hentry"],"acf":[],"yoast_head":"<!-- This site is optimized with the Yoast SEO plugin v27.3 - https:\/\/yoast.com\/product\/yoast-seo-wordpress\/ -->\n<title>Holders Lighting Components | Politique de confidentialit\u00e9 du site web<\/title>\n<meta name=\"robots\" content=\"index, follow, max-snippet:-1, max-image-preview:large, max-video-preview:-1\" \/>\n<link rel=\"canonical\" href=\"https:\/\/holderstechnology.com\/lighting-components\/fr\/politique-de-confidentialite\/\" \/>\n<meta property=\"og:locale\" content=\"fr_FR\" \/>\n<meta property=\"og:type\" content=\"article\" \/>\n<meta property=\"og:title\" content=\"Holders Lighting Components | Politique de confidentialit\u00e9 du site web\" \/>\n<meta property=\"og:description\" content=\"POLITIQUE DE CONFIDENTIALIT\u00c9 La pr\u00e9sente politique de confidentialit\u00e9 r\u00e9git la collecte, le stockage et l&rsquo;utilisation des informations personnelles que nous, [&hellip;]\" \/>\n<meta property=\"og:url\" content=\"https:\/\/holderstechnology.com\/lighting-components\/fr\/politique-de-confidentialite\/\" \/>\n<meta property=\"og:site_name\" content=\"Holders Lighting Components\" \/>\n<meta property=\"article:modified_time\" content=\"2025-08-12T16:19:01+00:00\" \/>\n<meta name=\"twitter:card\" content=\"summary_large_image\" \/>\n<meta name=\"twitter:label1\" content=\"Dur\u00e9e de lecture estim\u00e9e\" \/>\n\t<meta name=\"twitter:data1\" content=\"6 minutes\" \/>\n<script type=\"application\/ld+json\" class=\"yoast-schema-graph\">{\"@context\":\"https:\\\/\\\/schema.org\",\"@graph\":[{\"@type\":\"WebPage\",\"@id\":\"https:\\\/\\\/holderstechnology.com\\\/lighting-components\\\/fr\\\/politique-de-confidentialite\\\/\",\"url\":\"https:\\\/\\\/holderstechnology.com\\\/lighting-components\\\/fr\\\/politique-de-confidentialite\\\/\",\"name\":\"Holders Lighting Components | Politique de confidentialit\u00e9 du site web\",\"isPartOf\":{\"@id\":\"https:\\\/\\\/holderstechnology.com\\\/lighting-components\\\/#website\"},\"datePublished\":\"2021-05-28T10:53:45+00:00\",\"dateModified\":\"2025-08-12T16:19:01+00:00\",\"breadcrumb\":{\"@id\":\"https:\\\/\\\/holderstechnology.com\\\/lighting-components\\\/fr\\\/politique-de-confidentialite\\\/#breadcrumb\"},\"inLanguage\":\"fr-FR\",\"potentialAction\":[{\"@type\":\"ReadAction\",\"target\":[\"https:\\\/\\\/holderstechnology.com\\\/lighting-components\\\/fr\\\/politique-de-confidentialite\\\/\"]}]},{\"@type\":\"BreadcrumbList\",\"@id\":\"https:\\\/\\\/holderstechnology.com\\\/lighting-components\\\/fr\\\/politique-de-confidentialite\\\/#breadcrumb\",\"itemListElement\":[{\"@type\":\"ListItem\",\"position\":1,\"name\":\"&#8962;\",\"item\":\"https:\\\/\\\/holderstechnology.com\\\/lighting-components\\\/fr\\\/lighting-components-2\\\/\"},{\"@type\":\"ListItem\",\"position\":2,\"name\":\"Politique de confidentialit\u00e9\"}]},{\"@type\":\"WebSite\",\"@id\":\"https:\\\/\\\/holderstechnology.com\\\/lighting-components\\\/#website\",\"url\":\"https:\\\/\\\/holderstechnology.com\\\/lighting-components\\\/\",\"name\":\"Holders Lighting Components\",\"description\":\"\",\"publisher\":{\"@id\":\"https:\\\/\\\/holderstechnology.com\\\/lighting-components\\\/#organization\"},\"potentialAction\":[{\"@type\":\"SearchAction\",\"target\":{\"@type\":\"EntryPoint\",\"urlTemplate\":\"https:\\\/\\\/holderstechnology.com\\\/lighting-components\\\/?s={search_term_string}\"},\"query-input\":{\"@type\":\"PropertyValueSpecification\",\"valueRequired\":true,\"valueName\":\"search_term_string\"}}],\"inLanguage\":\"fr-FR\"},{\"@type\":\"Organization\",\"@id\":\"https:\\\/\\\/holderstechnology.com\\\/lighting-components\\\/#organization\",\"name\":\"Holders Technology Group\",\"url\":\"https:\\\/\\\/holderstechnology.com\\\/lighting-components\\\/\",\"logo\":{\"@type\":\"ImageObject\",\"inLanguage\":\"fr-FR\",\"@id\":\"https:\\\/\\\/holderstechnology.com\\\/lighting-components\\\/#\\\/schema\\\/logo\\\/image\\\/\",\"url\":\"https:\\\/\\\/holderstechnology.com\\\/lighting-components\\\/wp-content\\\/uploads\\\/sites\\\/2\\\/2022\\\/11\\\/logo_holders-technology.png\",\"contentUrl\":\"https:\\\/\\\/holderstechnology.com\\\/lighting-components\\\/wp-content\\\/uploads\\\/sites\\\/2\\\/2022\\\/11\\\/logo_holders-technology.png\",\"width\":556,\"height\":67,\"caption\":\"Holders Technology Group\"},\"image\":{\"@id\":\"https:\\\/\\\/holderstechnology.com\\\/lighting-components\\\/#\\\/schema\\\/logo\\\/image\\\/\"}}]}<\/script>\n<!-- \/ Yoast SEO plugin. -->","yoast_head_json":{"title":"Holders Lighting Components | Politique de confidentialit\u00e9 du site web","robots":{"index":"index","follow":"follow","max-snippet":"max-snippet:-1","max-image-preview":"max-image-preview:large","max-video-preview":"max-video-preview:-1"},"canonical":"https:\/\/holderstechnology.com\/lighting-components\/fr\/politique-de-confidentialite\/","og_locale":"fr_FR","og_type":"article","og_title":"Holders Lighting Components | Politique de confidentialit\u00e9 du site web","og_description":"POLITIQUE DE CONFIDENTIALIT\u00c9 La pr\u00e9sente politique de confidentialit\u00e9 r\u00e9git la collecte, le stockage et l&rsquo;utilisation des informations personnelles que nous, [&hellip;]","og_url":"https:\/\/holderstechnology.com\/lighting-components\/fr\/politique-de-confidentialite\/","og_site_name":"Holders Lighting Components","article_modified_time":"2025-08-12T16:19:01+00:00","twitter_card":"summary_large_image","twitter_misc":{"Dur\u00e9e de lecture estim\u00e9e":"6 minutes"},"schema":{"@context":"https:\/\/schema.org","@graph":[{"@type":"WebPage","@id":"https:\/\/holderstechnology.com\/lighting-components\/fr\/politique-de-confidentialite\/","url":"https:\/\/holderstechnology.com\/lighting-components\/fr\/politique-de-confidentialite\/","name":"Holders Lighting Components | Politique de confidentialit\u00e9 du site web","isPartOf":{"@id":"https:\/\/holderstechnology.com\/lighting-components\/#website"},"datePublished":"2021-05-28T10:53:45+00:00","dateModified":"2025-08-12T16:19:01+00:00","breadcrumb":{"@id":"https:\/\/holderstechnology.com\/lighting-components\/fr\/politique-de-confidentialite\/#breadcrumb"},"inLanguage":"fr-FR","potentialAction":[{"@type":"ReadAction","target":["https:\/\/holderstechnology.com\/lighting-components\/fr\/politique-de-confidentialite\/"]}]},{"@type":"BreadcrumbList","@id":"https:\/\/holderstechnology.com\/lighting-components\/fr\/politique-de-confidentialite\/#breadcrumb","itemListElement":[{"@type":"ListItem","position":1,"name":"&#8962;","item":"https:\/\/holderstechnology.com\/lighting-components\/fr\/lighting-components-2\/"},{"@type":"ListItem","position":2,"name":"Politique de confidentialit\u00e9"}]},{"@type":"WebSite","@id":"https:\/\/holderstechnology.com\/lighting-components\/#website","url":"https:\/\/holderstechnology.com\/lighting-components\/","name":"Holders Lighting Components","description":"","publisher":{"@id":"https:\/\/holderstechnology.com\/lighting-components\/#organization"},"potentialAction":[{"@type":"SearchAction","target":{"@type":"EntryPoint","urlTemplate":"https:\/\/holderstechnology.com\/lighting-components\/?s={search_term_string}"},"query-input":{"@type":"PropertyValueSpecification","valueRequired":true,"valueName":"search_term_string"}}],"inLanguage":"fr-FR"},{"@type":"Organization","@id":"https:\/\/holderstechnology.com\/lighting-components\/#organization","name":"Holders Technology Group","url":"https:\/\/holderstechnology.com\/lighting-components\/","logo":{"@type":"ImageObject","inLanguage":"fr-FR","@id":"https:\/\/holderstechnology.com\/lighting-components\/#\/schema\/logo\/image\/","url":"https:\/\/holderstechnology.com\/lighting-components\/wp-content\/uploads\/sites\/2\/2022\/11\/logo_holders-technology.png","contentUrl":"https:\/\/holderstechnology.com\/lighting-components\/wp-content\/uploads\/sites\/2\/2022\/11\/logo_holders-technology.png","width":556,"height":67,"caption":"Holders Technology Group"},"image":{"@id":"https:\/\/holderstechnology.com\/lighting-components\/#\/schema\/logo\/image\/"}}]}},"_links":{"self":[{"href":"https:\/\/holderstechnology.com\/lighting-components\/fr\/wp-json\/wp\/v2\/pages\/1316","targetHints":{"allow":["GET"]}}],"collection":[{"href":"https:\/\/holderstechnology.com\/lighting-components\/fr\/wp-json\/wp\/v2\/pages"}],"about":[{"href":"https:\/\/holderstechnology.com\/lighting-components\/fr\/wp-json\/wp\/v2\/types\/page"}],"author":[{"embeddable":true,"href":"https:\/\/holderstechnology.com\/lighting-components\/fr\/wp-json\/wp\/v2\/users\/1"}],"replies":[{"embeddable":true,"href":"https:\/\/holderstechnology.com\/lighting-components\/fr\/wp-json\/wp\/v2\/comments?post=1316"}],"version-history":[{"count":1,"href":"https:\/\/holderstechnology.com\/lighting-components\/fr\/wp-json\/wp\/v2\/pages\/1316\/revisions"}],"predecessor-version":[{"id":7555,"href":"https:\/\/holderstechnology.com\/lighting-components\/fr\/wp-json\/wp\/v2\/pages\/1316\/revisions\/7555"}],"wp:attachment":[{"href":"https:\/\/holderstechnology.com\/lighting-components\/fr\/wp-json\/wp\/v2\/media?parent=1316"}],"curies":[{"name":"wp","href":"https:\/\/api.w.org\/{rel}","templated":true}]}}