{"id":1322,"date":"2021-05-28T11:54:58","date_gmt":"2021-05-28T10:54:58","guid":{"rendered":"https:\/\/holderstechnology.com\/lighting-components\/casambi\/"},"modified":"2025-08-20T17:17:12","modified_gmt":"2025-08-20T16:17:12","slug":"casambi","status":"publish","type":"page","link":"https:\/\/holderstechnology.com\/lighting-components\/fr\/casambi\/","title":{"rendered":"Casambi"},"content":{"rendered":"\t\t<div data-elementor-type=\"wp-page\" data-elementor-id=\"1322\" class=\"elementor elementor-1322 elementor-170\" data-elementor-post-type=\"page\">\n\t\t\t\t<div class=\"elementor-element elementor-element-0b37e26 e-con-full e-flex e-con e-parent\" data-id=\"0b37e26\" data-element_type=\"container\" data-e-type=\"container\" data-settings=\"{&quot;background_background&quot;:&quot;classic&quot;}\">\n\t\t\t\t<\/div>\n\t\t<div class=\"elementor-element elementor-element-5253170 e-flex e-con-boxed e-con e-parent\" data-id=\"5253170\" data-element_type=\"container\" data-e-type=\"container\">\n\t\t\t\t\t<div class=\"e-con-inner\">\n\t\t\t\t<div class=\"elementor-element elementor-element-e76272a elementor-align-left elementor-widget elementor-widget-breadcrumbs\" data-id=\"e76272a\" data-element_type=\"widget\" data-e-type=\"widget\" data-widget_type=\"breadcrumbs.default\">\n\t\t\t\t<div class=\"elementor-widget-container\">\n\t\t\t\t\t<p id=\"breadcrumbs\"><span><span><a href=\"https:\/\/holderstechnology.com\/lighting-components\/fr\/lighting-components-2\/\">&#8962;<\/a><\/span><\/span><\/p>\t\t\t\t<\/div>\n\t\t\t\t<\/div>\n\t\t\t\t\t<\/div>\n\t\t\t\t<\/div>\n\t\t<div class=\"elementor-element elementor-element-591f3f7 e-flex e-con-boxed e-con e-parent\" data-id=\"591f3f7\" data-element_type=\"container\" data-e-type=\"container\">\n\t\t\t\t\t<div class=\"e-con-inner\">\n\t\t\t\t<div class=\"elementor-element elementor-element-e51dc01 elementor-widget elementor-widget-text-editor\" data-id=\"e51dc01\" data-element_type=\"widget\" data-e-type=\"widget\" data-widget_type=\"text-editor.default\">\n\t\t\t\t<div class=\"elementor-widget-container\">\n\t\t\t\t\t\t\t\t\t<h1 style=\"text-align: center;\">CASAMBI<\/h1><p class=\"text-lg\" style=\"text-align: center;\">Casambi est l&rsquo;un des syst\u00e8mes de contr\u00f4le sans fil dont la croissance est la plus rapide au monde. La technologie d&rsquo;\u00e9clairage Casambi est bas\u00e9e sur la technologie Bluetooth Low Energy et offre la solution de contr\u00f4le de l&rsquo;\u00e9clairage la plus avanc\u00e9e du march\u00e9. Les syst\u00e8mes de contr\u00f4le sans fil Casambi ont \u00e9t\u00e9 mis en \u0153uvre dans de nombreux produits partenaires, pour cr\u00e9er un tr\u00e8s large \u00e9cosyst\u00e8me de produits compatibles avec Casambi, qui communiquent tous ensemble de mani\u00e8re transparente. La technologie de maillage Bluetooth, associ\u00e9e \u00e0 la vaste gamme de produits disponibles, a permis \u00e0 la technologie Casambi d&rsquo;\u00eatre mise en \u0153uvre dans de tr\u00e8s grands projets \u00e0 travers le monde, qui sont mis en \u00e9vidence dans les <a href=\"https:\/\/holderstechnology.com\/wireless-lighting-control\/case-studies\/\" target=\"_blank\" rel=\"noopener\"><span style=\"color: #0086b9;\">\u00e9tudes de cas<\/span><\/a> sur notre site web <span style=\"color: #0086b9;\"><a style=\"color: #0086b9;\" href=\"https:\/\/holderstechnology.com\/wireless-lighting-control\/case-studies\/\" target=\"_blank\" rel=\"noopener\">site web sur les commandes d&rsquo;\u00e9clairage sans fil<\/a><\/span>.<\/p><p style=\"text-align: center;\"><span style=\"font-weight: 400;\">Holders Technology travaille en \u00e9troite collaboration avec Casambi, en tant que partenaire de vente et de support technique depuis 2016, en vendant une gamme compl\u00e8te de mat\u00e9riel, ainsi qu&rsquo;en fournissant tout le support technique et les services de projet n\u00e9cessaires \u00e0 tout projet. En 2020, Holders a \u00e9galement lanc\u00e9 Holders Technology Data Analytics pour fournir un tableau de bord d&rsquo;analyse des donn\u00e9es pour tous les besoins en donn\u00e9es de Casambi. Toutes les informations sur les produits, les projets et les services de donn\u00e9es sont disponibles sur notre site Web. <span style=\"color: #0086b9;\">\n  <a style=\"color: #0086b9;\" href=\"https:\/\/holderstechnology.com\/wireless-lighting-control\/\" target=\"_blank\" rel=\"noopener\">Site web des commandes d&rsquo;\u00e9clairage sans fil<\/a>\n<\/span>.<\/span><\/p>\t\t\t\t\t\t\t\t<\/div>\n\t\t\t\t<\/div>\n\t\t\t\t\t<\/div>\n\t\t\t\t<\/div>\n\t\t<div class=\"elementor-element elementor-element-0482ba4 e-con-full e-flex e-con e-parent\" data-id=\"0482ba4\" data-element_type=\"container\" data-e-type=\"container\" data-settings=\"{&quot;background_background&quot;:&quot;classic&quot;}\">\n\t\t<div class=\"elementor-element elementor-element-6f463ed e-con-full e-flex e-con e-child\" data-id=\"6f463ed\" data-element_type=\"container\" data-e-type=\"container\" data-settings=\"{&quot;background_background&quot;:&quot;classic&quot;}\">\n\t\t<a class=\"elementor-element elementor-element-f6261d4 e-con-full e-flex e-con e-child\" data-id=\"f6261d4\" data-element_type=\"container\" data-e-type=\"container\" data-settings=\"{&quot;background_background&quot;:&quot;classic&quot;}\" href=\"\/wireless-lighting-control\/casambi-wireless-lighting-control\/\" target=\"_blank\">\n\t\t\t\t<div class=\"elementor-element elementor-element-97551bc elementor-widget elementor-widget-heading\" data-id=\"97551bc\" data-element_type=\"widget\" data-e-type=\"widget\" data-widget_type=\"heading.default\">\n\t\t\t\t<div class=\"elementor-widget-container\">\n\t\t\t\t\t<h2 class=\"elementor-heading-title elementor-size-default\">EN SAVOIR PLUS SUR CASAMBI<\/h2>\t\t\t\t<\/div>\n\t\t\t\t<\/div>\n\t\t\t\t<\/a>\n\t\t\t\t<\/div>\n\t\t\t\t<\/div>\n\t\t\t\t<\/div>\n\t\t","protected":false},"excerpt":{"rendered":"<p>CASAMBI Casambi est l&rsquo;un des syst\u00e8mes de contr\u00f4le sans fil dont la croissance est la plus rapide au monde. La [&hellip;]<\/p>\n","protected":false},"author":1,"featured_media":0,"parent":0,"menu_order":350,"comment_status":"closed","ping_status":"closed","template":"elementor_header_footer","meta":{"_acf_changed":false,"inline_featured_image":false,"site-sidebar-layout":"default","site-content-layout":"","ast-site-content-layout":"full-width-container","site-content-style":"default","site-sidebar-style":"default","ast-global-header-display":"","ast-banner-title-visibility":"","ast-main-header-display":"","ast-hfb-above-header-display":"","ast-hfb-below-header-display":"","ast-hfb-mobile-header-display":"","site-post-title":"","ast-breadcrumbs-content":"","ast-featured-img":"","footer-sml-layout":"","ast-disable-related-posts":"","theme-transparent-header-meta":"default","adv-header-id-meta":"","stick-header-meta":"","header-above-stick-meta":"","header-main-stick-meta":"","header-below-stick-meta":"","astra-migrate-meta-layouts":"default","ast-page-background-enabled":"default","ast-page-background-meta":{"desktop":{"background-color":"var(--ast-global-color-5)","background-image":"","background-repeat":"repeat","background-position":"center center","background-size":"auto","background-attachment":"scroll","background-type":"","background-media":"","overlay-type":"","overlay-color":"","overlay-opacity":"","overlay-gradient":""},"tablet":{"background-color":"","background-image":"","background-repeat":"repeat","background-position":"center center","background-size":"auto","background-attachment":"scroll","background-type":"","background-media":"","overlay-type":"","overlay-color":"","overlay-opacity":"","overlay-gradient":""},"mobile":{"background-color":"","background-image":"","background-repeat":"repeat","background-position":"center center","background-size":"auto","background-attachment":"scroll","background-type":"","background-media":"","overlay-type":"","overlay-color":"","overlay-opacity":"","overlay-gradient":""}},"ast-content-background-meta":{"desktop":{"background-color":"var(--ast-global-color-4)","background-image":"","background-repeat":"repeat","background-position":"center center","background-size":"auto","background-attachment":"scroll","background-type":"","background-media":"","overlay-type":"","overlay-color":"","overlay-opacity":"","overlay-gradient":""},"tablet":{"background-color":"var(--ast-global-color-4)","background-image":"","background-repeat":"repeat","background-position":"center center","background-size":"auto","background-attachment":"scroll","background-type":"","background-media":"","overlay-type":"","overlay-color":"","overlay-opacity":"","overlay-gradient":""},"mobile":{"background-color":"var(--ast-global-color-4)","background-image":"","background-repeat":"repeat","background-position":"center center","background-size":"auto","background-attachment":"scroll","background-type":"","background-media":"","overlay-type":"","overlay-color":"","overlay-opacity":"","overlay-gradient":""}},"footnotes":""},"class_list":["post-1322","page","type-page","status-publish","hentry"],"acf":[],"yoast_head":"<!-- This site is optimized with the Yoast SEO plugin v27.3 - https:\/\/yoast.com\/product\/yoast-seo-wordpress\/ -->\n<title>Casambi Wireless Lighting | Fourni par Holders Technology<\/title>\n<meta name=\"description\" content=\"Casambi Wireless Lighting - Holders Technology est le distributeur de Casambi au Royaume-Uni. Nous fournissons une gamme compl\u00e8te de solutions d&#039;\u00e9clairage Casambi ainsi qu&#039;une assistance technique compl\u00e8te.\" \/>\n<meta name=\"robots\" content=\"index, follow, max-snippet:-1, max-image-preview:large, max-video-preview:-1\" \/>\n<link rel=\"canonical\" href=\"https:\/\/holderstechnology.com\/lighting-components\/fr\/casambi\/\" \/>\n<meta property=\"og:locale\" content=\"fr_FR\" \/>\n<meta property=\"og:type\" content=\"article\" \/>\n<meta property=\"og:title\" content=\"Casambi Wireless Lighting | Fourni par Holders Technology\" \/>\n<meta property=\"og:description\" content=\"Casambi Wireless Lighting - Holders Technology est le distributeur de Casambi au Royaume-Uni. Nous fournissons une gamme compl\u00e8te de solutions d&#039;\u00e9clairage Casambi ainsi qu&#039;une assistance technique compl\u00e8te.\" \/>\n<meta property=\"og:url\" content=\"https:\/\/holderstechnology.com\/lighting-components\/fr\/casambi\/\" \/>\n<meta property=\"og:site_name\" content=\"Holders Lighting Components\" \/>\n<meta property=\"article:modified_time\" content=\"2025-08-20T16:17:12+00:00\" \/>\n<meta name=\"twitter:card\" content=\"summary_large_image\" \/>\n<meta name=\"twitter:label1\" content=\"Dur\u00e9e de lecture estim\u00e9e\" \/>\n\t<meta name=\"twitter:data1\" content=\"2 minutes\" \/>\n<script type=\"application\/ld+json\" class=\"yoast-schema-graph\">{\"@context\":\"https:\\\/\\\/schema.org\",\"@graph\":[{\"@type\":\"WebPage\",\"@id\":\"https:\\\/\\\/holderstechnology.com\\\/lighting-components\\\/fr\\\/casambi\\\/\",\"url\":\"https:\\\/\\\/holderstechnology.com\\\/lighting-components\\\/fr\\\/casambi\\\/\",\"name\":\"Casambi Wireless Lighting | Fourni par Holders Technology\",\"isPartOf\":{\"@id\":\"https:\\\/\\\/holderstechnology.com\\\/lighting-components\\\/#website\"},\"datePublished\":\"2021-05-28T10:54:58+00:00\",\"dateModified\":\"2025-08-20T16:17:12+00:00\",\"description\":\"Casambi Wireless Lighting - Holders Technology est le distributeur de Casambi au Royaume-Uni. Nous fournissons une gamme compl\u00e8te de solutions d'\u00e9clairage Casambi ainsi qu'une assistance technique compl\u00e8te.\",\"breadcrumb\":{\"@id\":\"https:\\\/\\\/holderstechnology.com\\\/lighting-components\\\/fr\\\/casambi\\\/#breadcrumb\"},\"inLanguage\":\"fr-FR\",\"potentialAction\":[{\"@type\":\"ReadAction\",\"target\":[\"https:\\\/\\\/holderstechnology.com\\\/lighting-components\\\/fr\\\/casambi\\\/\"]}]},{\"@type\":\"BreadcrumbList\",\"@id\":\"https:\\\/\\\/holderstechnology.com\\\/lighting-components\\\/fr\\\/casambi\\\/#breadcrumb\",\"itemListElement\":[{\"@type\":\"ListItem\",\"position\":1,\"name\":\"&#8962;\",\"item\":\"https:\\\/\\\/holderstechnology.com\\\/lighting-components\\\/fr\\\/lighting-components-2\\\/\"},{\"@type\":\"ListItem\",\"position\":2,\"name\":\"Casambi\"}]},{\"@type\":\"WebSite\",\"@id\":\"https:\\\/\\\/holderstechnology.com\\\/lighting-components\\\/#website\",\"url\":\"https:\\\/\\\/holderstechnology.com\\\/lighting-components\\\/\",\"name\":\"Holders Lighting Components\",\"description\":\"\",\"publisher\":{\"@id\":\"https:\\\/\\\/holderstechnology.com\\\/lighting-components\\\/#organization\"},\"potentialAction\":[{\"@type\":\"SearchAction\",\"target\":{\"@type\":\"EntryPoint\",\"urlTemplate\":\"https:\\\/\\\/holderstechnology.com\\\/lighting-components\\\/?s={search_term_string}\"},\"query-input\":{\"@type\":\"PropertyValueSpecification\",\"valueRequired\":true,\"valueName\":\"search_term_string\"}}],\"inLanguage\":\"fr-FR\"},{\"@type\":\"Organization\",\"@id\":\"https:\\\/\\\/holderstechnology.com\\\/lighting-components\\\/#organization\",\"name\":\"Holders Technology Group\",\"url\":\"https:\\\/\\\/holderstechnology.com\\\/lighting-components\\\/\",\"logo\":{\"@type\":\"ImageObject\",\"inLanguage\":\"fr-FR\",\"@id\":\"https:\\\/\\\/holderstechnology.com\\\/lighting-components\\\/#\\\/schema\\\/logo\\\/image\\\/\",\"url\":\"https:\\\/\\\/holderstechnology.com\\\/lighting-components\\\/wp-content\\\/uploads\\\/sites\\\/2\\\/2022\\\/11\\\/logo_holders-technology.png\",\"contentUrl\":\"https:\\\/\\\/holderstechnology.com\\\/lighting-components\\\/wp-content\\\/uploads\\\/sites\\\/2\\\/2022\\\/11\\\/logo_holders-technology.png\",\"width\":556,\"height\":67,\"caption\":\"Holders Technology Group\"},\"image\":{\"@id\":\"https:\\\/\\\/holderstechnology.com\\\/lighting-components\\\/#\\\/schema\\\/logo\\\/image\\\/\"}}]}<\/script>\n<!-- \/ Yoast SEO plugin. -->","yoast_head_json":{"title":"Casambi Wireless Lighting | Fourni par Holders Technology","description":"Casambi Wireless Lighting - Holders Technology est le distributeur de Casambi au Royaume-Uni. Nous fournissons une gamme compl\u00e8te de solutions d'\u00e9clairage Casambi ainsi qu'une assistance technique compl\u00e8te.","robots":{"index":"index","follow":"follow","max-snippet":"max-snippet:-1","max-image-preview":"max-image-preview:large","max-video-preview":"max-video-preview:-1"},"canonical":"https:\/\/holderstechnology.com\/lighting-components\/fr\/casambi\/","og_locale":"fr_FR","og_type":"article","og_title":"Casambi Wireless Lighting | Fourni par Holders Technology","og_description":"Casambi Wireless Lighting - Holders Technology est le distributeur de Casambi au Royaume-Uni. Nous fournissons une gamme compl\u00e8te de solutions d'\u00e9clairage Casambi ainsi qu'une assistance technique compl\u00e8te.","og_url":"https:\/\/holderstechnology.com\/lighting-components\/fr\/casambi\/","og_site_name":"Holders Lighting Components","article_modified_time":"2025-08-20T16:17:12+00:00","twitter_card":"summary_large_image","twitter_misc":{"Dur\u00e9e de lecture estim\u00e9e":"2 minutes"},"schema":{"@context":"https:\/\/schema.org","@graph":[{"@type":"WebPage","@id":"https:\/\/holderstechnology.com\/lighting-components\/fr\/casambi\/","url":"https:\/\/holderstechnology.com\/lighting-components\/fr\/casambi\/","name":"Casambi Wireless Lighting | Fourni par Holders Technology","isPartOf":{"@id":"https:\/\/holderstechnology.com\/lighting-components\/#website"},"datePublished":"2021-05-28T10:54:58+00:00","dateModified":"2025-08-20T16:17:12+00:00","description":"Casambi Wireless Lighting - Holders Technology est le distributeur de Casambi au Royaume-Uni. Nous fournissons une gamme compl\u00e8te de solutions d'\u00e9clairage Casambi ainsi qu'une assistance technique compl\u00e8te.","breadcrumb":{"@id":"https:\/\/holderstechnology.com\/lighting-components\/fr\/casambi\/#breadcrumb"},"inLanguage":"fr-FR","potentialAction":[{"@type":"ReadAction","target":["https:\/\/holderstechnology.com\/lighting-components\/fr\/casambi\/"]}]},{"@type":"BreadcrumbList","@id":"https:\/\/holderstechnology.com\/lighting-components\/fr\/casambi\/#breadcrumb","itemListElement":[{"@type":"ListItem","position":1,"name":"&#8962;","item":"https:\/\/holderstechnology.com\/lighting-components\/fr\/lighting-components-2\/"},{"@type":"ListItem","position":2,"name":"Casambi"}]},{"@type":"WebSite","@id":"https:\/\/holderstechnology.com\/lighting-components\/#website","url":"https:\/\/holderstechnology.com\/lighting-components\/","name":"Holders Lighting Components","description":"","publisher":{"@id":"https:\/\/holderstechnology.com\/lighting-components\/#organization"},"potentialAction":[{"@type":"SearchAction","target":{"@type":"EntryPoint","urlTemplate":"https:\/\/holderstechnology.com\/lighting-components\/?s={search_term_string}"},"query-input":{"@type":"PropertyValueSpecification","valueRequired":true,"valueName":"search_term_string"}}],"inLanguage":"fr-FR"},{"@type":"Organization","@id":"https:\/\/holderstechnology.com\/lighting-components\/#organization","name":"Holders Technology Group","url":"https:\/\/holderstechnology.com\/lighting-components\/","logo":{"@type":"ImageObject","inLanguage":"fr-FR","@id":"https:\/\/holderstechnology.com\/lighting-components\/#\/schema\/logo\/image\/","url":"https:\/\/holderstechnology.com\/lighting-components\/wp-content\/uploads\/sites\/2\/2022\/11\/logo_holders-technology.png","contentUrl":"https:\/\/holderstechnology.com\/lighting-components\/wp-content\/uploads\/sites\/2\/2022\/11\/logo_holders-technology.png","width":556,"height":67,"caption":"Holders Technology Group"},"image":{"@id":"https:\/\/holderstechnology.com\/lighting-components\/#\/schema\/logo\/image\/"}}]}},"_links":{"self":[{"href":"https:\/\/holderstechnology.com\/lighting-components\/fr\/wp-json\/wp\/v2\/pages\/1322","targetHints":{"allow":["GET"]}}],"collection":[{"href":"https:\/\/holderstechnology.com\/lighting-components\/fr\/wp-json\/wp\/v2\/pages"}],"about":[{"href":"https:\/\/holderstechnology.com\/lighting-components\/fr\/wp-json\/wp\/v2\/types\/page"}],"author":[{"embeddable":true,"href":"https:\/\/holderstechnology.com\/lighting-components\/fr\/wp-json\/wp\/v2\/users\/1"}],"replies":[{"embeddable":true,"href":"https:\/\/holderstechnology.com\/lighting-components\/fr\/wp-json\/wp\/v2\/comments?post=1322"}],"version-history":[{"count":9,"href":"https:\/\/holderstechnology.com\/lighting-components\/fr\/wp-json\/wp\/v2\/pages\/1322\/revisions"}],"predecessor-version":[{"id":8348,"href":"https:\/\/holderstechnology.com\/lighting-components\/fr\/wp-json\/wp\/v2\/pages\/1322\/revisions\/8348"}],"wp:attachment":[{"href":"https:\/\/holderstechnology.com\/lighting-components\/fr\/wp-json\/wp\/v2\/media?parent=1322"}],"curies":[{"name":"wp","href":"https:\/\/api.w.org\/{rel}","templated":true}]}}