{"id":1034,"date":"2021-02-08T13:05:44","date_gmt":"2021-05-17T11:35:38","guid":{"rendered":"https:\/\/holderstechnology.com\/lighting-components\/product\/cli25-a0x\/"},"modified":"2026-03-28T04:52:38","modified_gmt":"2026-03-28T04:52:38","slug":"cli25-a0x","status":"publish","type":"product","link":"https:\/\/holderstechnology.com\/lighting-components\/fr\/produit\/cli25-a0x\/","title":{"rendered":"CLi25-A0x"},"content":{"rendered":"<p><span style=\"font-weight: 400;\">La gamme CLi25 de drivers de LED est une perc\u00e9e dans la conception de drivers de LED compacts. Il offre un fonctionnement sans scintillement, m\u00eame lorsqu&rsquo;il est r\u00e9duit \u00e0 son \u00e9tat le plus bas, un taux ultra-faible de 0,1 % et une programmation ultime du courant de sortie, de la courbe de gradation et de la tension de cr\u00eate dans les plus petits pas. L&rsquo;option de s\u00e9lection d&rsquo;une fonction \u00ab\u00a0Soft On\u00a0\u00bb et \u00ab\u00a0Soft Off\u00a0\u00bb donne une sensation accueillante et naturelle lorsque les lumi\u00e8res sont allum\u00e9es ou \u00e9teintes.<\/span><\/p>\n<p><span style=\"font-weight: 400;\">En fixant la valeur de Vf et le courant de sortie, la gamme CLi25 peut m\u00eame \u00eatre utilis\u00e9e pour alimenter un ruban \u00e0 tension constante et offrir les m\u00eames excellentes performances de gradation.  <\/span><\/p>\n<p><span style=\"font-weight: 400;\">La conception unique de ce pilote est destin\u00e9e \u00e0 passer par une d\u00e9coupe de 56 mm et offre des colliers de serrage \u00e0 enclenchement pour soulager les tensions.<\/span><\/p>\n<p><span style=\"font-weight: 400;\">Ce mod\u00e8le \u00e0 gradation analogique de 25w est id\u00e9al pour une utilisation avec des commandes 1-10V ou 0-10V.<\/span><\/p>\n<p><span style=\"font-weight: 400;\">\u00c9galement disponible en tant que mod\u00e8le \u00e0 gradation Dali avec fonction couloir et commande de gradation tactile, et en tant que mod\u00e8le Casambi compatible BLE.<\/span><\/p>\n<p><span style=\"font-weight: 400;\">Tous les mod\u00e8les Harvard PS CLi peuvent \u00eatre fournis pr\u00e9programm\u00e9s par Holders pour acc\u00e9l\u00e9rer votre processus d&rsquo;assemblage.<\/span><\/p>\n","protected":false},"excerpt":{"rendered":"<p>Pilote de LED CLi 25w<\/p>\n<p>Le CLI25-A0x de Harvard est un driver LED programmable de 25W de haute qualit\u00e9, con\u00e7u pour des performances de gradation sup\u00e9rieures dans les espaces commerciaux et architecturaux. Avec une gradation analogique ultra-faible jusqu&rsquo;\u00e0 0,1 % et une sortie sans scintillement, ce driver assure une qualit\u00e9 de lumi\u00e8re quasi parfaite. Son format ultra-compact est con\u00e7u pour s&rsquo;adapter \u00e0 une d\u00e9coupe de plafond de 56 mm, fournissant une solution thermique puissante mais discr\u00e8te pour les downlights et les projecteurs \u00e0 haute luminosit\u00e9.  <\/p>\n<p>&nbsp;<\/p>\n","protected":false},"featured_media":1035,"comment_status":"closed","ping_status":"closed","template":"","meta":{"_acf_changed":false,"inline_featured_image":false,"site-sidebar-layout":"default","site-content-layout":"","ast-site-content-layout":"default","site-content-style":"default","site-sidebar-style":"default","ast-global-header-display":"","ast-banner-title-visibility":"","ast-main-header-display":"","ast-hfb-above-header-display":"","ast-hfb-below-header-display":"","ast-hfb-mobile-header-display":"","site-post-title":"","ast-breadcrumbs-content":"","ast-featured-img":"","footer-sml-layout":"","ast-disable-related-posts":"","theme-transparent-header-meta":"default","adv-header-id-meta":"","stick-header-meta":"","header-above-stick-meta":"","header-main-stick-meta":"","header-below-stick-meta":"","astra-migrate-meta-layouts":"default","ast-page-background-enabled":"default","ast-page-background-meta":{"desktop":{"background-color":"var(--ast-global-color-5)","background-image":"","background-repeat":"repeat","background-position":"center center","background-size":"auto","background-attachment":"scroll","background-type":"","background-media":"","overlay-type":"","overlay-color":"","overlay-opacity":"","overlay-gradient":""},"tablet":{"background-color":"","background-image":"","background-repeat":"repeat","background-position":"center center","background-size":"auto","background-attachment":"scroll","background-type":"","background-media":"","overlay-type":"","overlay-color":"","overlay-opacity":"","overlay-gradient":""},"mobile":{"background-color":"","background-image":"","background-repeat":"repeat","background-position":"center center","background-size":"auto","background-attachment":"scroll","background-type":"","background-media":"","overlay-type":"","overlay-color":"","overlay-opacity":"","overlay-gradient":""}},"ast-content-background-meta":{"desktop":{"background-color":"var(--ast-global-color-4)","background-image":"","background-repeat":"repeat","background-position":"center center","background-size":"auto","background-attachment":"scroll","background-type":"","background-media":"","overlay-type":"","overlay-color":"","overlay-opacity":"","overlay-gradient":""},"tablet":{"background-color":"var(--ast-global-color-4)","background-image":"","background-repeat":"repeat","background-position":"center center","background-size":"auto","background-attachment":"scroll","background-type":"","background-media":"","overlay-type":"","overlay-color":"","overlay-opacity":"","overlay-gradient":""},"mobile":{"background-color":"var(--ast-global-color-4)","background-image":"","background-repeat":"repeat","background-position":"center center","background-size":"auto","background-attachment":"scroll","background-type":"","background-media":"","overlay-type":"","overlay-color":"","overlay-opacity":"","overlay-gradient":""}}},"product_brand":[564],"product_cat":[259],"product_tag":[],"class_list":{"0":"post-1034","1":"product","2":"type-product","3":"status-publish","4":"has-post-thumbnail","6":"product_brand-harvard","7":"product_cat-variable-analogique","8":"desktop-align-left","9":"tablet-align-left","10":"mobile-align-left","12":"first","13":"instock","14":"shipping-taxable","15":"product-type-simple"},"acf":[],"yoast_head":"<!-- This site is optimized with the Yoast SEO plugin v27.3 - https:\/\/yoast.com\/product\/yoast-seo-wordpress\/ -->\n<title>CLI25-A0X LED Driver | Holders Technology Components<\/title>\n<meta name=\"description\" content=\"Pilote de LED Harvard Power Systems CLI25-D0x - La gamme CLi25 de pilotes de LED DALI programmables, sans scintillement et \u00e0 gradation profonde. Composants d&#039;\u00e9clairage de Holders\" \/>\n<meta name=\"robots\" content=\"index, follow, max-snippet:-1, max-image-preview:large, max-video-preview:-1\" \/>\n<link rel=\"canonical\" href=\"https:\/\/holderstechnology.com\/lighting-components\/fr\/produit\/cli25-a0x\/\" \/>\n<meta property=\"og:locale\" content=\"fr_FR\" \/>\n<meta property=\"og:type\" content=\"article\" \/>\n<meta property=\"og:title\" content=\"CLI25-A0X LED Driver | Holders Technology Components\" \/>\n<meta property=\"og:description\" content=\"Pilote de LED Harvard Power Systems CLI25-D0x - La gamme CLi25 de pilotes de LED DALI programmables, sans scintillement et \u00e0 gradation profonde. Composants d&#039;\u00e9clairage de Holders\" \/>\n<meta property=\"og:url\" content=\"https:\/\/holderstechnology.com\/lighting-components\/fr\/produit\/cli25-a0x\/\" \/>\n<meta property=\"og:site_name\" content=\"Holders Lighting Components\" \/>\n<meta property=\"article:modified_time\" content=\"2026-03-28T04:52:38+00:00\" \/>\n<meta property=\"og:image\" content=\"https:\/\/holderstechnology.com\/lighting-components\/wp-content\/uploads\/sites\/2\/2021\/02\/CLi15-D0x_800x800-1.jpg\" \/>\n\t<meta property=\"og:image:width\" content=\"800\" \/>\n\t<meta property=\"og:image:height\" content=\"800\" \/>\n\t<meta property=\"og:image:type\" content=\"image\/jpeg\" \/>\n<meta name=\"twitter:card\" content=\"summary_large_image\" \/>\n<meta name=\"twitter:label1\" content=\"Dur\u00e9e de lecture estim\u00e9e\" \/>\n\t<meta name=\"twitter:data1\" content=\"1 minute\" \/>\n<script type=\"application\/ld+json\" class=\"yoast-schema-graph\">{\"@context\":\"https:\\\/\\\/schema.org\",\"@graph\":[{\"@type\":\"WebPage\",\"@id\":\"https:\\\/\\\/holderstechnology.com\\\/lighting-components\\\/fr\\\/produit\\\/cli25-a0x\\\/\",\"url\":\"https:\\\/\\\/holderstechnology.com\\\/lighting-components\\\/fr\\\/produit\\\/cli25-a0x\\\/\",\"name\":\"CLI25-A0X LED Driver | Holders Technology Components\",\"isPartOf\":{\"@id\":\"https:\\\/\\\/holderstechnology.com\\\/lighting-components\\\/#website\"},\"primaryImageOfPage\":{\"@id\":\"https:\\\/\\\/holderstechnology.com\\\/lighting-components\\\/fr\\\/produit\\\/cli25-a0x\\\/#primaryimage\"},\"image\":{\"@id\":\"https:\\\/\\\/holderstechnology.com\\\/lighting-components\\\/fr\\\/produit\\\/cli25-a0x\\\/#primaryimage\"},\"thumbnailUrl\":\"https:\\\/\\\/holderstechnology.com\\\/lighting-components\\\/wp-content\\\/uploads\\\/sites\\\/2\\\/2021\\\/02\\\/CLi15-D0x_800x800-1.jpg\",\"datePublished\":\"2021-05-17T11:35:38+00:00\",\"dateModified\":\"2026-03-28T04:52:38+00:00\",\"description\":\"Pilote de LED Harvard Power Systems CLI25-D0x - La gamme CLi25 de pilotes de LED DALI programmables, sans scintillement et \u00e0 gradation profonde. Composants d'\u00e9clairage de Holders\",\"breadcrumb\":{\"@id\":\"https:\\\/\\\/holderstechnology.com\\\/lighting-components\\\/fr\\\/produit\\\/cli25-a0x\\\/#breadcrumb\"},\"inLanguage\":\"fr-FR\",\"potentialAction\":[{\"@type\":\"ReadAction\",\"target\":[\"https:\\\/\\\/holderstechnology.com\\\/lighting-components\\\/fr\\\/produit\\\/cli25-a0x\\\/\"]}]},{\"@type\":\"ImageObject\",\"inLanguage\":\"fr-FR\",\"@id\":\"https:\\\/\\\/holderstechnology.com\\\/lighting-components\\\/fr\\\/produit\\\/cli25-a0x\\\/#primaryimage\",\"url\":\"https:\\\/\\\/holderstechnology.com\\\/lighting-components\\\/wp-content\\\/uploads\\\/sites\\\/2\\\/2021\\\/02\\\/CLi15-D0x_800x800-1.jpg\",\"contentUrl\":\"https:\\\/\\\/holderstechnology.com\\\/lighting-components\\\/wp-content\\\/uploads\\\/sites\\\/2\\\/2021\\\/02\\\/CLi15-D0x_800x800-1.jpg\",\"width\":800,\"height\":800,\"caption\":\"Harvard CLI25-A0x 25W Programmable Driver\"},{\"@type\":\"BreadcrumbList\",\"@id\":\"https:\\\/\\\/holderstechnology.com\\\/lighting-components\\\/fr\\\/produit\\\/cli25-a0x\\\/#breadcrumb\",\"itemListElement\":[{\"@type\":\"ListItem\",\"position\":1,\"name\":\"&#8962;\",\"item\":\"https:\\\/\\\/holderstechnology.com\\\/lighting-components\\\/fr\\\/lighting-components-2\\\/\"},{\"@type\":\"ListItem\",\"position\":2,\"name\":\"Products\",\"item\":\"https:\\\/\\\/holderstechnology.com\\\/lighting-components\\\/products\\\/\"},{\"@type\":\"ListItem\",\"position\":3,\"name\":\"CLi25-A0x\"}]},{\"@type\":\"WebSite\",\"@id\":\"https:\\\/\\\/holderstechnology.com\\\/lighting-components\\\/#website\",\"url\":\"https:\\\/\\\/holderstechnology.com\\\/lighting-components\\\/\",\"name\":\"Holders Lighting Components\",\"description\":\"\",\"publisher\":{\"@id\":\"https:\\\/\\\/holderstechnology.com\\\/lighting-components\\\/#organization\"},\"potentialAction\":[{\"@type\":\"SearchAction\",\"target\":{\"@type\":\"EntryPoint\",\"urlTemplate\":\"https:\\\/\\\/holderstechnology.com\\\/lighting-components\\\/?s={search_term_string}\"},\"query-input\":{\"@type\":\"PropertyValueSpecification\",\"valueRequired\":true,\"valueName\":\"search_term_string\"}}],\"inLanguage\":\"fr-FR\"},{\"@type\":\"Organization\",\"@id\":\"https:\\\/\\\/holderstechnology.com\\\/lighting-components\\\/#organization\",\"name\":\"Holders Technology Group\",\"url\":\"https:\\\/\\\/holderstechnology.com\\\/lighting-components\\\/\",\"logo\":{\"@type\":\"ImageObject\",\"inLanguage\":\"fr-FR\",\"@id\":\"https:\\\/\\\/holderstechnology.com\\\/lighting-components\\\/#\\\/schema\\\/logo\\\/image\\\/\",\"url\":\"https:\\\/\\\/holderstechnology.com\\\/lighting-components\\\/wp-content\\\/uploads\\\/sites\\\/2\\\/2022\\\/11\\\/logo_holders-technology.png\",\"contentUrl\":\"https:\\\/\\\/holderstechnology.com\\\/lighting-components\\\/wp-content\\\/uploads\\\/sites\\\/2\\\/2022\\\/11\\\/logo_holders-technology.png\",\"width\":556,\"height\":67,\"caption\":\"Holders Technology Group\"},\"image\":{\"@id\":\"https:\\\/\\\/holderstechnology.com\\\/lighting-components\\\/#\\\/schema\\\/logo\\\/image\\\/\"}}]}<\/script>\n<!-- \/ Yoast SEO plugin. -->","yoast_head_json":{"title":"CLI25-A0X LED Driver | Holders Technology Components","description":"Pilote de LED Harvard Power Systems CLI25-D0x - La gamme CLi25 de pilotes de LED DALI programmables, sans scintillement et \u00e0 gradation profonde. Composants d'\u00e9clairage de Holders","robots":{"index":"index","follow":"follow","max-snippet":"max-snippet:-1","max-image-preview":"max-image-preview:large","max-video-preview":"max-video-preview:-1"},"canonical":"https:\/\/holderstechnology.com\/lighting-components\/fr\/produit\/cli25-a0x\/","og_locale":"fr_FR","og_type":"article","og_title":"CLI25-A0X LED Driver | Holders Technology Components","og_description":"Pilote de LED Harvard Power Systems CLI25-D0x - La gamme CLi25 de pilotes de LED DALI programmables, sans scintillement et \u00e0 gradation profonde. Composants d'\u00e9clairage de Holders","og_url":"https:\/\/holderstechnology.com\/lighting-components\/fr\/produit\/cli25-a0x\/","og_site_name":"Holders Lighting Components","article_modified_time":"2026-03-28T04:52:38+00:00","og_image":[{"width":800,"height":800,"url":"https:\/\/holderstechnology.com\/lighting-components\/wp-content\/uploads\/sites\/2\/2021\/02\/CLi15-D0x_800x800-1.jpg","type":"image\/jpeg"}],"twitter_card":"summary_large_image","twitter_misc":{"Dur\u00e9e de lecture estim\u00e9e":"1 minute"},"schema":{"@context":"https:\/\/schema.org","@graph":[{"@type":"WebPage","@id":"https:\/\/holderstechnology.com\/lighting-components\/fr\/produit\/cli25-a0x\/","url":"https:\/\/holderstechnology.com\/lighting-components\/fr\/produit\/cli25-a0x\/","name":"CLI25-A0X LED Driver | Holders Technology Components","isPartOf":{"@id":"https:\/\/holderstechnology.com\/lighting-components\/#website"},"primaryImageOfPage":{"@id":"https:\/\/holderstechnology.com\/lighting-components\/fr\/produit\/cli25-a0x\/#primaryimage"},"image":{"@id":"https:\/\/holderstechnology.com\/lighting-components\/fr\/produit\/cli25-a0x\/#primaryimage"},"thumbnailUrl":"https:\/\/holderstechnology.com\/lighting-components\/wp-content\/uploads\/sites\/2\/2021\/02\/CLi15-D0x_800x800-1.jpg","datePublished":"2021-05-17T11:35:38+00:00","dateModified":"2026-03-28T04:52:38+00:00","description":"Pilote de LED Harvard Power Systems CLI25-D0x - La gamme CLi25 de pilotes de LED DALI programmables, sans scintillement et \u00e0 gradation profonde. Composants d'\u00e9clairage de Holders","breadcrumb":{"@id":"https:\/\/holderstechnology.com\/lighting-components\/fr\/produit\/cli25-a0x\/#breadcrumb"},"inLanguage":"fr-FR","potentialAction":[{"@type":"ReadAction","target":["https:\/\/holderstechnology.com\/lighting-components\/fr\/produit\/cli25-a0x\/"]}]},{"@type":"ImageObject","inLanguage":"fr-FR","@id":"https:\/\/holderstechnology.com\/lighting-components\/fr\/produit\/cli25-a0x\/#primaryimage","url":"https:\/\/holderstechnology.com\/lighting-components\/wp-content\/uploads\/sites\/2\/2021\/02\/CLi15-D0x_800x800-1.jpg","contentUrl":"https:\/\/holderstechnology.com\/lighting-components\/wp-content\/uploads\/sites\/2\/2021\/02\/CLi15-D0x_800x800-1.jpg","width":800,"height":800,"caption":"Harvard CLI25-A0x 25W Programmable Driver"},{"@type":"BreadcrumbList","@id":"https:\/\/holderstechnology.com\/lighting-components\/fr\/produit\/cli25-a0x\/#breadcrumb","itemListElement":[{"@type":"ListItem","position":1,"name":"&#8962;","item":"https:\/\/holderstechnology.com\/lighting-components\/fr\/lighting-components-2\/"},{"@type":"ListItem","position":2,"name":"Products","item":"https:\/\/holderstechnology.com\/lighting-components\/products\/"},{"@type":"ListItem","position":3,"name":"CLi25-A0x"}]},{"@type":"WebSite","@id":"https:\/\/holderstechnology.com\/lighting-components\/#website","url":"https:\/\/holderstechnology.com\/lighting-components\/","name":"Holders Lighting Components","description":"","publisher":{"@id":"https:\/\/holderstechnology.com\/lighting-components\/#organization"},"potentialAction":[{"@type":"SearchAction","target":{"@type":"EntryPoint","urlTemplate":"https:\/\/holderstechnology.com\/lighting-components\/?s={search_term_string}"},"query-input":{"@type":"PropertyValueSpecification","valueRequired":true,"valueName":"search_term_string"}}],"inLanguage":"fr-FR"},{"@type":"Organization","@id":"https:\/\/holderstechnology.com\/lighting-components\/#organization","name":"Holders Technology Group","url":"https:\/\/holderstechnology.com\/lighting-components\/","logo":{"@type":"ImageObject","inLanguage":"fr-FR","@id":"https:\/\/holderstechnology.com\/lighting-components\/#\/schema\/logo\/image\/","url":"https:\/\/holderstechnology.com\/lighting-components\/wp-content\/uploads\/sites\/2\/2022\/11\/logo_holders-technology.png","contentUrl":"https:\/\/holderstechnology.com\/lighting-components\/wp-content\/uploads\/sites\/2\/2022\/11\/logo_holders-technology.png","width":556,"height":67,"caption":"Holders Technology Group"},"image":{"@id":"https:\/\/holderstechnology.com\/lighting-components\/#\/schema\/logo\/image\/"}}]}},"_links":{"self":[{"href":"https:\/\/holderstechnology.com\/lighting-components\/fr\/wp-json\/wp\/v2\/product\/1034","targetHints":{"allow":["GET"]}}],"collection":[{"href":"https:\/\/holderstechnology.com\/lighting-components\/fr\/wp-json\/wp\/v2\/product"}],"about":[{"href":"https:\/\/holderstechnology.com\/lighting-components\/fr\/wp-json\/wp\/v2\/types\/product"}],"replies":[{"embeddable":true,"href":"https:\/\/holderstechnology.com\/lighting-components\/fr\/wp-json\/wp\/v2\/comments?post=1034"}],"version-history":[{"count":2,"href":"https:\/\/holderstechnology.com\/lighting-components\/fr\/wp-json\/wp\/v2\/product\/1034\/revisions"}],"predecessor-version":[{"id":8671,"href":"https:\/\/holderstechnology.com\/lighting-components\/fr\/wp-json\/wp\/v2\/product\/1034\/revisions\/8671"}],"wp:featuredmedia":[{"embeddable":true,"href":"https:\/\/holderstechnology.com\/lighting-components\/fr\/wp-json\/wp\/v2\/media\/1035"}],"wp:attachment":[{"href":"https:\/\/holderstechnology.com\/lighting-components\/fr\/wp-json\/wp\/v2\/media?parent=1034"}],"wp:term":[{"taxonomy":"product_brand","embeddable":true,"href":"https:\/\/holderstechnology.com\/lighting-components\/fr\/wp-json\/wp\/v2\/product_brand?post=1034"},{"taxonomy":"product_cat","embeddable":true,"href":"https:\/\/holderstechnology.com\/lighting-components\/fr\/wp-json\/wp\/v2\/product_cat?post=1034"},{"taxonomy":"product_tag","embeddable":true,"href":"https:\/\/holderstechnology.com\/lighting-components\/fr\/wp-json\/wp\/v2\/product_tag?post=1034"}],"curies":[{"name":"wp","href":"https:\/\/api.w.org\/{rel}","templated":true}]}}