{"id":1138,"date":"2021-02-03T11:31:02","date_gmt":"2021-05-18T11:59:07","guid":{"rendered":"https:\/\/holderstechnology.com\/lighting-components\/product\/1200en1129-01\/"},"modified":"2025-08-12T17:17:36","modified_gmt":"2025-08-12T16:17:36","slug":"1200en1129-01-2","status":"publish","type":"product","link":"https:\/\/holderstechnology.com\/lighting-components\/fr\/produit\/1200en1129-01-2\/","title":{"rendered":"1200EN1129-01"},"content":{"rendered":"<p><span style=\"font-weight: 400\">Le syst\u00e8me est compos\u00e9 de la carte EN1129 (non flexible) et d&rsquo;une bande RGB de type point (avec LED activ\u00e9e par communication s\u00e9rie ind\u00e9pendante) compos\u00e9e de 30 modules et d&rsquo;un total de 90 LED RGB. Le syst\u00e8me fonctionne avec une alimentation de 12 Vdc 1,8 A. Il peut \u00eatre s\u00e9lectionn\u00e9 par le bouton, 20 effets lumineux diff\u00e9rents. Pour modifier un programme, il suffit d&rsquo;appuyer plusieurs fois sur le bouton de la carte EN1129 jusqu&rsquo;au programme souhait\u00e9. En maintenant le bouton enfonc\u00e9 pendant 3 secondes, il est possible d&rsquo;effectuer les 20 jeux de lumi\u00e8re \u00e0 la suite. La derni\u00e8re sc\u00e8ne d\u00e9finie reste en m\u00e9moire et est restaur\u00e9e lors du red\u00e9marrage. La lumi\u00e8re du jeu et la longueur de la bande peuvent \u00eatre personnalis\u00e9es selon les sp\u00e9cifications du client.<\/span><\/p>\n","protected":false},"excerpt":{"rendered":"<p>Bande RVB avec jeu de lumi\u00e8re<\/p>\n","protected":false},"featured_media":1139,"comment_status":"closed","ping_status":"closed","template":"","meta":{"_acf_changed":false,"inline_featured_image":false,"site-sidebar-layout":"default","site-content-layout":"","ast-site-content-layout":"default","site-content-style":"default","site-sidebar-style":"default","ast-global-header-display":"","ast-banner-title-visibility":"","ast-main-header-display":"","ast-hfb-above-header-display":"","ast-hfb-below-header-display":"","ast-hfb-mobile-header-display":"","site-post-title":"","ast-breadcrumbs-content":"","ast-featured-img":"","footer-sml-layout":"","ast-disable-related-posts":"","theme-transparent-header-meta":"","adv-header-id-meta":"","stick-header-meta":"","header-above-stick-meta":"","header-main-stick-meta":"","header-below-stick-meta":"","astra-migrate-meta-layouts":"default","ast-page-background-enabled":"default","ast-page-background-meta":{"desktop":{"background-color":"var(--ast-global-color-5)","background-image":"","background-repeat":"repeat","background-position":"center center","background-size":"auto","background-attachment":"scroll","background-type":"","background-media":"","overlay-type":"","overlay-color":"","overlay-opacity":"","overlay-gradient":""},"tablet":{"background-color":"","background-image":"","background-repeat":"repeat","background-position":"center center","background-size":"auto","background-attachment":"scroll","background-type":"","background-media":"","overlay-type":"","overlay-color":"","overlay-opacity":"","overlay-gradient":""},"mobile":{"background-color":"","background-image":"","background-repeat":"repeat","background-position":"center center","background-size":"auto","background-attachment":"scroll","background-type":"","background-media":"","overlay-type":"","overlay-color":"","overlay-opacity":"","overlay-gradient":""}},"ast-content-background-meta":{"desktop":{"background-color":"var(--ast-global-color-4)","background-image":"","background-repeat":"repeat","background-position":"center center","background-size":"auto","background-attachment":"scroll","background-type":"","background-media":"","overlay-type":"","overlay-color":"","overlay-opacity":"","overlay-gradient":""},"tablet":{"background-color":"var(--ast-global-color-4)","background-image":"","background-repeat":"repeat","background-position":"center center","background-size":"auto","background-attachment":"scroll","background-type":"","background-media":"","overlay-type":"","overlay-color":"","overlay-opacity":"","overlay-gradient":""},"mobile":{"background-color":"var(--ast-global-color-4)","background-image":"","background-repeat":"repeat","background-position":"center center","background-size":"auto","background-attachment":"scroll","background-type":"","background-media":"","overlay-type":"","overlay-color":"","overlay-opacity":"","overlay-gradient":""}}},"product_brand":[558],"product_cat":[293],"product_tag":[],"class_list":{"0":"post-1138","1":"product","2":"type-product","3":"status-publish","4":"has-post-thumbnail","6":"product_brand-entity","7":"product_cat-rgbw-fr","8":"desktop-align-left","9":"tablet-align-left","10":"mobile-align-left","12":"first","13":"instock","14":"shipping-taxable","15":"product-type-simple"},"acf":[],"yoast_head":"<!-- This site is optimized with the Yoast SEO plugin v27.3 - https:\/\/yoast.com\/product\/yoast-seo-wordpress\/ -->\n<title>1200EN1129-01 RGB Strip | Holders Composants technologiques<\/title>\n<meta name=\"description\" content=\"1200EN1129-01 RGB Strip - Holders Technology dispose d&#039;un portefeuille de plus de 40 marques d&#039;\u00e9clairage, fournissant presque tous les types de composants utilis\u00e9s dans les produits d&#039;\u00e9clairage.\" \/>\n<meta name=\"robots\" content=\"index, follow, max-snippet:-1, max-image-preview:large, max-video-preview:-1\" \/>\n<link rel=\"canonical\" href=\"https:\/\/holderstechnology.com\/lighting-components\/fr\/produit\/1200en1129-01-2\/\" \/>\n<meta property=\"og:locale\" content=\"fr_FR\" \/>\n<meta property=\"og:type\" content=\"article\" \/>\n<meta property=\"og:title\" content=\"1200EN1129-01 RGB Strip | Holders Composants technologiques\" \/>\n<meta property=\"og:description\" content=\"1200EN1129-01 RGB Strip - Holders Technology dispose d&#039;un portefeuille de plus de 40 marques d&#039;\u00e9clairage, fournissant presque tous les types de composants utilis\u00e9s dans les produits d&#039;\u00e9clairage.\" \/>\n<meta property=\"og:url\" content=\"https:\/\/holderstechnology.com\/lighting-components\/fr\/produit\/1200en1129-01-2\/\" \/>\n<meta property=\"og:site_name\" content=\"Holders Lighting Components\" \/>\n<meta property=\"article:modified_time\" content=\"2025-08-12T16:17:36+00:00\" \/>\n<meta property=\"og:image\" content=\"https:\/\/holderstechnology.com\/lighting-components\/wp-content\/uploads\/sites\/2\/2021\/02\/1200EN1129-01.jpg\" \/>\n\t<meta property=\"og:image:width\" content=\"1660\" \/>\n\t<meta property=\"og:image:height\" content=\"1660\" \/>\n\t<meta property=\"og:image:type\" content=\"image\/jpeg\" \/>\n<meta name=\"twitter:card\" content=\"summary_large_image\" \/>\n<meta name=\"twitter:label1\" content=\"Dur\u00e9e de lecture estim\u00e9e\" \/>\n\t<meta name=\"twitter:data1\" content=\"1 minute\" \/>\n<script type=\"application\/ld+json\" class=\"yoast-schema-graph\">{\"@context\":\"https:\\\/\\\/schema.org\",\"@graph\":[{\"@type\":\"WebPage\",\"@id\":\"https:\\\/\\\/holderstechnology.com\\\/lighting-components\\\/fr\\\/produit\\\/1200en1129-01-2\\\/\",\"url\":\"https:\\\/\\\/holderstechnology.com\\\/lighting-components\\\/fr\\\/produit\\\/1200en1129-01-2\\\/\",\"name\":\"1200EN1129-01 RGB Strip | Holders Composants technologiques\",\"isPartOf\":{\"@id\":\"https:\\\/\\\/holderstechnology.com\\\/lighting-components\\\/#website\"},\"primaryImageOfPage\":{\"@id\":\"https:\\\/\\\/holderstechnology.com\\\/lighting-components\\\/fr\\\/produit\\\/1200en1129-01-2\\\/#primaryimage\"},\"image\":{\"@id\":\"https:\\\/\\\/holderstechnology.com\\\/lighting-components\\\/fr\\\/produit\\\/1200en1129-01-2\\\/#primaryimage\"},\"thumbnailUrl\":\"https:\\\/\\\/holderstechnology.com\\\/lighting-components\\\/wp-content\\\/uploads\\\/sites\\\/2\\\/2021\\\/02\\\/1200EN1129-01.jpg\",\"datePublished\":\"2021-05-18T11:59:07+00:00\",\"dateModified\":\"2025-08-12T16:17:36+00:00\",\"description\":\"1200EN1129-01 RGB Strip - Holders Technology dispose d'un portefeuille de plus de 40 marques d'\u00e9clairage, fournissant presque tous les types de composants utilis\u00e9s dans les produits d'\u00e9clairage.\",\"breadcrumb\":{\"@id\":\"https:\\\/\\\/holderstechnology.com\\\/lighting-components\\\/fr\\\/produit\\\/1200en1129-01-2\\\/#breadcrumb\"},\"inLanguage\":\"fr-FR\",\"potentialAction\":[{\"@type\":\"ReadAction\",\"target\":[\"https:\\\/\\\/holderstechnology.com\\\/lighting-components\\\/fr\\\/produit\\\/1200en1129-01-2\\\/\"]}]},{\"@type\":\"ImageObject\",\"inLanguage\":\"fr-FR\",\"@id\":\"https:\\\/\\\/holderstechnology.com\\\/lighting-components\\\/fr\\\/produit\\\/1200en1129-01-2\\\/#primaryimage\",\"url\":\"https:\\\/\\\/holderstechnology.com\\\/lighting-components\\\/wp-content\\\/uploads\\\/sites\\\/2\\\/2021\\\/02\\\/1200EN1129-01.jpg\",\"contentUrl\":\"https:\\\/\\\/holderstechnology.com\\\/lighting-components\\\/wp-content\\\/uploads\\\/sites\\\/2\\\/2021\\\/02\\\/1200EN1129-01.jpg\",\"width\":1660,\"height\":1660},{\"@type\":\"BreadcrumbList\",\"@id\":\"https:\\\/\\\/holderstechnology.com\\\/lighting-components\\\/fr\\\/produit\\\/1200en1129-01-2\\\/#breadcrumb\",\"itemListElement\":[{\"@type\":\"ListItem\",\"position\":1,\"name\":\"&#8962;\",\"item\":\"https:\\\/\\\/holderstechnology.com\\\/lighting-components\\\/fr\\\/lighting-components-2\\\/\"},{\"@type\":\"ListItem\",\"position\":2,\"name\":\"Products\",\"item\":\"https:\\\/\\\/holderstechnology.com\\\/lighting-components\\\/products\\\/\"},{\"@type\":\"ListItem\",\"position\":3,\"name\":\"1200EN1129-01\"}]},{\"@type\":\"WebSite\",\"@id\":\"https:\\\/\\\/holderstechnology.com\\\/lighting-components\\\/#website\",\"url\":\"https:\\\/\\\/holderstechnology.com\\\/lighting-components\\\/\",\"name\":\"Holders Lighting Components\",\"description\":\"\",\"publisher\":{\"@id\":\"https:\\\/\\\/holderstechnology.com\\\/lighting-components\\\/#organization\"},\"potentialAction\":[{\"@type\":\"SearchAction\",\"target\":{\"@type\":\"EntryPoint\",\"urlTemplate\":\"https:\\\/\\\/holderstechnology.com\\\/lighting-components\\\/?s={search_term_string}\"},\"query-input\":{\"@type\":\"PropertyValueSpecification\",\"valueRequired\":true,\"valueName\":\"search_term_string\"}}],\"inLanguage\":\"fr-FR\"},{\"@type\":\"Organization\",\"@id\":\"https:\\\/\\\/holderstechnology.com\\\/lighting-components\\\/#organization\",\"name\":\"Holders Technology Group\",\"url\":\"https:\\\/\\\/holderstechnology.com\\\/lighting-components\\\/\",\"logo\":{\"@type\":\"ImageObject\",\"inLanguage\":\"fr-FR\",\"@id\":\"https:\\\/\\\/holderstechnology.com\\\/lighting-components\\\/#\\\/schema\\\/logo\\\/image\\\/\",\"url\":\"https:\\\/\\\/holderstechnology.com\\\/lighting-components\\\/wp-content\\\/uploads\\\/sites\\\/2\\\/2022\\\/11\\\/logo_holders-technology.png\",\"contentUrl\":\"https:\\\/\\\/holderstechnology.com\\\/lighting-components\\\/wp-content\\\/uploads\\\/sites\\\/2\\\/2022\\\/11\\\/logo_holders-technology.png\",\"width\":556,\"height\":67,\"caption\":\"Holders Technology Group\"},\"image\":{\"@id\":\"https:\\\/\\\/holderstechnology.com\\\/lighting-components\\\/#\\\/schema\\\/logo\\\/image\\\/\"}}]}<\/script>\n<!-- \/ Yoast SEO plugin. -->","yoast_head_json":{"title":"1200EN1129-01 RGB Strip | Holders Composants technologiques","description":"1200EN1129-01 RGB Strip - Holders Technology dispose d'un portefeuille de plus de 40 marques d'\u00e9clairage, fournissant presque tous les types de composants utilis\u00e9s dans les produits d'\u00e9clairage.","robots":{"index":"index","follow":"follow","max-snippet":"max-snippet:-1","max-image-preview":"max-image-preview:large","max-video-preview":"max-video-preview:-1"},"canonical":"https:\/\/holderstechnology.com\/lighting-components\/fr\/produit\/1200en1129-01-2\/","og_locale":"fr_FR","og_type":"article","og_title":"1200EN1129-01 RGB Strip | Holders Composants technologiques","og_description":"1200EN1129-01 RGB Strip - Holders Technology dispose d'un portefeuille de plus de 40 marques d'\u00e9clairage, fournissant presque tous les types de composants utilis\u00e9s dans les produits d'\u00e9clairage.","og_url":"https:\/\/holderstechnology.com\/lighting-components\/fr\/produit\/1200en1129-01-2\/","og_site_name":"Holders Lighting Components","article_modified_time":"2025-08-12T16:17:36+00:00","og_image":[{"width":1660,"height":1660,"url":"https:\/\/holderstechnology.com\/lighting-components\/wp-content\/uploads\/sites\/2\/2021\/02\/1200EN1129-01.jpg","type":"image\/jpeg"}],"twitter_card":"summary_large_image","twitter_misc":{"Dur\u00e9e de lecture estim\u00e9e":"1 minute"},"schema":{"@context":"https:\/\/schema.org","@graph":[{"@type":"WebPage","@id":"https:\/\/holderstechnology.com\/lighting-components\/fr\/produit\/1200en1129-01-2\/","url":"https:\/\/holderstechnology.com\/lighting-components\/fr\/produit\/1200en1129-01-2\/","name":"1200EN1129-01 RGB Strip | Holders Composants technologiques","isPartOf":{"@id":"https:\/\/holderstechnology.com\/lighting-components\/#website"},"primaryImageOfPage":{"@id":"https:\/\/holderstechnology.com\/lighting-components\/fr\/produit\/1200en1129-01-2\/#primaryimage"},"image":{"@id":"https:\/\/holderstechnology.com\/lighting-components\/fr\/produit\/1200en1129-01-2\/#primaryimage"},"thumbnailUrl":"https:\/\/holderstechnology.com\/lighting-components\/wp-content\/uploads\/sites\/2\/2021\/02\/1200EN1129-01.jpg","datePublished":"2021-05-18T11:59:07+00:00","dateModified":"2025-08-12T16:17:36+00:00","description":"1200EN1129-01 RGB Strip - Holders Technology dispose d'un portefeuille de plus de 40 marques d'\u00e9clairage, fournissant presque tous les types de composants utilis\u00e9s dans les produits d'\u00e9clairage.","breadcrumb":{"@id":"https:\/\/holderstechnology.com\/lighting-components\/fr\/produit\/1200en1129-01-2\/#breadcrumb"},"inLanguage":"fr-FR","potentialAction":[{"@type":"ReadAction","target":["https:\/\/holderstechnology.com\/lighting-components\/fr\/produit\/1200en1129-01-2\/"]}]},{"@type":"ImageObject","inLanguage":"fr-FR","@id":"https:\/\/holderstechnology.com\/lighting-components\/fr\/produit\/1200en1129-01-2\/#primaryimage","url":"https:\/\/holderstechnology.com\/lighting-components\/wp-content\/uploads\/sites\/2\/2021\/02\/1200EN1129-01.jpg","contentUrl":"https:\/\/holderstechnology.com\/lighting-components\/wp-content\/uploads\/sites\/2\/2021\/02\/1200EN1129-01.jpg","width":1660,"height":1660},{"@type":"BreadcrumbList","@id":"https:\/\/holderstechnology.com\/lighting-components\/fr\/produit\/1200en1129-01-2\/#breadcrumb","itemListElement":[{"@type":"ListItem","position":1,"name":"&#8962;","item":"https:\/\/holderstechnology.com\/lighting-components\/fr\/lighting-components-2\/"},{"@type":"ListItem","position":2,"name":"Products","item":"https:\/\/holderstechnology.com\/lighting-components\/products\/"},{"@type":"ListItem","position":3,"name":"1200EN1129-01"}]},{"@type":"WebSite","@id":"https:\/\/holderstechnology.com\/lighting-components\/#website","url":"https:\/\/holderstechnology.com\/lighting-components\/","name":"Holders Lighting Components","description":"","publisher":{"@id":"https:\/\/holderstechnology.com\/lighting-components\/#organization"},"potentialAction":[{"@type":"SearchAction","target":{"@type":"EntryPoint","urlTemplate":"https:\/\/holderstechnology.com\/lighting-components\/?s={search_term_string}"},"query-input":{"@type":"PropertyValueSpecification","valueRequired":true,"valueName":"search_term_string"}}],"inLanguage":"fr-FR"},{"@type":"Organization","@id":"https:\/\/holderstechnology.com\/lighting-components\/#organization","name":"Holders Technology Group","url":"https:\/\/holderstechnology.com\/lighting-components\/","logo":{"@type":"ImageObject","inLanguage":"fr-FR","@id":"https:\/\/holderstechnology.com\/lighting-components\/#\/schema\/logo\/image\/","url":"https:\/\/holderstechnology.com\/lighting-components\/wp-content\/uploads\/sites\/2\/2022\/11\/logo_holders-technology.png","contentUrl":"https:\/\/holderstechnology.com\/lighting-components\/wp-content\/uploads\/sites\/2\/2022\/11\/logo_holders-technology.png","width":556,"height":67,"caption":"Holders Technology Group"},"image":{"@id":"https:\/\/holderstechnology.com\/lighting-components\/#\/schema\/logo\/image\/"}}]}},"_links":{"self":[{"href":"https:\/\/holderstechnology.com\/lighting-components\/fr\/wp-json\/wp\/v2\/product\/1138","targetHints":{"allow":["GET"]}}],"collection":[{"href":"https:\/\/holderstechnology.com\/lighting-components\/fr\/wp-json\/wp\/v2\/product"}],"about":[{"href":"https:\/\/holderstechnology.com\/lighting-components\/fr\/wp-json\/wp\/v2\/types\/product"}],"replies":[{"embeddable":true,"href":"https:\/\/holderstechnology.com\/lighting-components\/fr\/wp-json\/wp\/v2\/comments?post=1138"}],"version-history":[{"count":1,"href":"https:\/\/holderstechnology.com\/lighting-components\/fr\/wp-json\/wp\/v2\/product\/1138\/revisions"}],"predecessor-version":[{"id":7522,"href":"https:\/\/holderstechnology.com\/lighting-components\/fr\/wp-json\/wp\/v2\/product\/1138\/revisions\/7522"}],"wp:featuredmedia":[{"embeddable":true,"href":"https:\/\/holderstechnology.com\/lighting-components\/fr\/wp-json\/wp\/v2\/media\/1139"}],"wp:attachment":[{"href":"https:\/\/holderstechnology.com\/lighting-components\/fr\/wp-json\/wp\/v2\/media?parent=1138"}],"wp:term":[{"taxonomy":"product_brand","embeddable":true,"href":"https:\/\/holderstechnology.com\/lighting-components\/fr\/wp-json\/wp\/v2\/product_brand?post=1138"},{"taxonomy":"product_cat","embeddable":true,"href":"https:\/\/holderstechnology.com\/lighting-components\/fr\/wp-json\/wp\/v2\/product_cat?post=1138"},{"taxonomy":"product_tag","embeddable":true,"href":"https:\/\/holderstechnology.com\/lighting-components\/fr\/wp-json\/wp\/v2\/product_tag?post=1138"}],"curies":[{"name":"wp","href":"https:\/\/api.w.org\/{rel}","templated":true}]}}