{"id":1178,"date":"2021-02-03T11:21:23","date_gmt":"2021-05-20T11:15:34","guid":{"rendered":"https:\/\/holderstechnology.com\/lighting-components\/product\/1200en1430\/"},"modified":"2025-08-12T17:17:41","modified_gmt":"2025-08-12T16:17:41","slug":"1200en1430","status":"publish","type":"product","link":"https:\/\/holderstechnology.com\/lighting-components\/fr\/produit\/1200en1430\/","title":{"rendered":"1200EN1430"},"content":{"rendered":"<p><span style=\"font-weight: 400\">Carte PCB flexible avec 350 LEDs disponible. Alimentation en tension constante \u00e0 24Vdc. Tableau blanc de couleur, divisible tous les 100 mm. Distance centre \u00e0 centre des LED de 14,28 mm. Fourni avec du biadh\u00e9sif.<\/span><\/p>\n<p><span style=\"font-weight: 400\">Entity propose une vaste gamme de cartes LED standard ainsi que la possibilit\u00e9 de fournir des produits personnalis\u00e9s sur une vari\u00e9t\u00e9 de substrats, en utilisant des LED de marque de haute qualit\u00e9 avec des options d&#8217;emballage, d&rsquo;encapsulation et d&rsquo;optique int\u00e9gr\u00e9e. Pour plus d&rsquo;informations, veuillez nous contacter ci-dessous.<\/span><\/p>\n","protected":false},"excerpt":{"rendered":"<p>Bande avec 70 LEDs\/m\u00e8tre<\/p>\n","protected":false},"featured_media":1179,"comment_status":"closed","ping_status":"closed","template":"","meta":{"_acf_changed":false,"inline_featured_image":false,"site-sidebar-layout":"default","site-content-layout":"","ast-site-content-layout":"default","site-content-style":"default","site-sidebar-style":"default","ast-global-header-display":"","ast-banner-title-visibility":"","ast-main-header-display":"","ast-hfb-above-header-display":"","ast-hfb-below-header-display":"","ast-hfb-mobile-header-display":"","site-post-title":"","ast-breadcrumbs-content":"","ast-featured-img":"","footer-sml-layout":"","ast-disable-related-posts":"","theme-transparent-header-meta":"","adv-header-id-meta":"","stick-header-meta":"","header-above-stick-meta":"","header-main-stick-meta":"","header-below-stick-meta":"","astra-migrate-meta-layouts":"default","ast-page-background-enabled":"default","ast-page-background-meta":{"desktop":{"background-color":"var(--ast-global-color-5)","background-image":"","background-repeat":"repeat","background-position":"center center","background-size":"auto","background-attachment":"scroll","background-type":"","background-media":"","overlay-type":"","overlay-color":"","overlay-opacity":"","overlay-gradient":""},"tablet":{"background-color":"","background-image":"","background-repeat":"repeat","background-position":"center center","background-size":"auto","background-attachment":"scroll","background-type":"","background-media":"","overlay-type":"","overlay-color":"","overlay-opacity":"","overlay-gradient":""},"mobile":{"background-color":"","background-image":"","background-repeat":"repeat","background-position":"center center","background-size":"auto","background-attachment":"scroll","background-type":"","background-media":"","overlay-type":"","overlay-color":"","overlay-opacity":"","overlay-gradient":""}},"ast-content-background-meta":{"desktop":{"background-color":"var(--ast-global-color-4)","background-image":"","background-repeat":"repeat","background-position":"center center","background-size":"auto","background-attachment":"scroll","background-type":"","background-media":"","overlay-type":"","overlay-color":"","overlay-opacity":"","overlay-gradient":""},"tablet":{"background-color":"var(--ast-global-color-4)","background-image":"","background-repeat":"repeat","background-position":"center center","background-size":"auto","background-attachment":"scroll","background-type":"","background-media":"","overlay-type":"","overlay-color":"","overlay-opacity":"","overlay-gradient":""},"mobile":{"background-color":"var(--ast-global-color-4)","background-image":"","background-repeat":"repeat","background-position":"center center","background-size":"auto","background-attachment":"scroll","background-type":"","background-media":"","overlay-type":"","overlay-color":"","overlay-opacity":"","overlay-gradient":""}}},"product_brand":[558],"product_cat":[297],"product_tag":[],"class_list":{"0":"post-1178","1":"product","2":"type-product","3":"status-publish","4":"has-post-thumbnail","6":"product_brand-entity","7":"product_cat-blanc-statique-fr","8":"desktop-align-left","9":"tablet-align-left","10":"mobile-align-left","12":"first","13":"instock","14":"shipping-taxable","15":"product-type-simple"},"acf":[],"yoast_head":"<!-- This site is optimized with the Yoast SEO plugin v27.3 - https:\/\/yoast.com\/product\/yoast-seo-wordpress\/ -->\n<title>1200EN1430 Bande LED | Supports Composants technologiques<\/title>\n<meta name=\"description\" content=\"1200EN1430 LED Strip - Circuit imprim\u00e9 flexible d&#039;Entity avec 350 LED disponibles, fourni par les experts en composants et solutions d&#039;\u00e9clairage de Holders\" \/>\n<meta name=\"robots\" content=\"index, follow, max-snippet:-1, max-image-preview:large, max-video-preview:-1\" \/>\n<link rel=\"canonical\" href=\"https:\/\/holderstechnology.com\/lighting-components\/fr\/produit\/1200en1430\/\" \/>\n<meta property=\"og:locale\" content=\"fr_FR\" \/>\n<meta property=\"og:type\" content=\"article\" \/>\n<meta property=\"og:title\" content=\"1200EN1430 Bande LED | Supports Composants technologiques\" \/>\n<meta property=\"og:description\" content=\"1200EN1430 LED Strip - Circuit imprim\u00e9 flexible d&#039;Entity avec 350 LED disponibles, fourni par les experts en composants et solutions d&#039;\u00e9clairage de Holders\" \/>\n<meta property=\"og:url\" content=\"https:\/\/holderstechnology.com\/lighting-components\/fr\/produit\/1200en1430\/\" \/>\n<meta property=\"og:site_name\" content=\"Holders Lighting Components\" \/>\n<meta property=\"article:modified_time\" content=\"2025-08-12T16:17:41+00:00\" \/>\n<meta property=\"og:image\" content=\"https:\/\/holderstechnology.com\/lighting-components\/wp-content\/uploads\/sites\/2\/2021\/02\/1200EN1430.jpg\" \/>\n\t<meta property=\"og:image:width\" content=\"2059\" \/>\n\t<meta property=\"og:image:height\" content=\"1812\" \/>\n\t<meta property=\"og:image:type\" content=\"image\/jpeg\" \/>\n<meta name=\"twitter:card\" content=\"summary_large_image\" \/>\n<script type=\"application\/ld+json\" class=\"yoast-schema-graph\">{\"@context\":\"https:\\\/\\\/schema.org\",\"@graph\":[{\"@type\":\"WebPage\",\"@id\":\"https:\\\/\\\/holderstechnology.com\\\/lighting-components\\\/fr\\\/produit\\\/1200en1430\\\/\",\"url\":\"https:\\\/\\\/holderstechnology.com\\\/lighting-components\\\/fr\\\/produit\\\/1200en1430\\\/\",\"name\":\"1200EN1430 Bande LED | Supports Composants technologiques\",\"isPartOf\":{\"@id\":\"https:\\\/\\\/holderstechnology.com\\\/lighting-components\\\/#website\"},\"primaryImageOfPage\":{\"@id\":\"https:\\\/\\\/holderstechnology.com\\\/lighting-components\\\/fr\\\/produit\\\/1200en1430\\\/#primaryimage\"},\"image\":{\"@id\":\"https:\\\/\\\/holderstechnology.com\\\/lighting-components\\\/fr\\\/produit\\\/1200en1430\\\/#primaryimage\"},\"thumbnailUrl\":\"https:\\\/\\\/holderstechnology.com\\\/lighting-components\\\/wp-content\\\/uploads\\\/sites\\\/2\\\/2021\\\/02\\\/1200EN1430.jpg\",\"datePublished\":\"2021-05-20T11:15:34+00:00\",\"dateModified\":\"2025-08-12T16:17:41+00:00\",\"description\":\"1200EN1430 LED Strip - Circuit imprim\u00e9 flexible d'Entity avec 350 LED disponibles, fourni par les experts en composants et solutions d'\u00e9clairage de Holders\",\"breadcrumb\":{\"@id\":\"https:\\\/\\\/holderstechnology.com\\\/lighting-components\\\/fr\\\/produit\\\/1200en1430\\\/#breadcrumb\"},\"inLanguage\":\"fr-FR\",\"potentialAction\":[{\"@type\":\"ReadAction\",\"target\":[\"https:\\\/\\\/holderstechnology.com\\\/lighting-components\\\/fr\\\/produit\\\/1200en1430\\\/\"]}]},{\"@type\":\"ImageObject\",\"inLanguage\":\"fr-FR\",\"@id\":\"https:\\\/\\\/holderstechnology.com\\\/lighting-components\\\/fr\\\/produit\\\/1200en1430\\\/#primaryimage\",\"url\":\"https:\\\/\\\/holderstechnology.com\\\/lighting-components\\\/wp-content\\\/uploads\\\/sites\\\/2\\\/2021\\\/02\\\/1200EN1430.jpg\",\"contentUrl\":\"https:\\\/\\\/holderstechnology.com\\\/lighting-components\\\/wp-content\\\/uploads\\\/sites\\\/2\\\/2021\\\/02\\\/1200EN1430.jpg\",\"width\":2059,\"height\":1812},{\"@type\":\"BreadcrumbList\",\"@id\":\"https:\\\/\\\/holderstechnology.com\\\/lighting-components\\\/fr\\\/produit\\\/1200en1430\\\/#breadcrumb\",\"itemListElement\":[{\"@type\":\"ListItem\",\"position\":1,\"name\":\"&#8962;\",\"item\":\"https:\\\/\\\/holderstechnology.com\\\/lighting-components\\\/fr\\\/lighting-components-2\\\/\"},{\"@type\":\"ListItem\",\"position\":2,\"name\":\"Products\",\"item\":\"https:\\\/\\\/holderstechnology.com\\\/lighting-components\\\/products\\\/\"},{\"@type\":\"ListItem\",\"position\":3,\"name\":\"1200EN1430\"}]},{\"@type\":\"WebSite\",\"@id\":\"https:\\\/\\\/holderstechnology.com\\\/lighting-components\\\/#website\",\"url\":\"https:\\\/\\\/holderstechnology.com\\\/lighting-components\\\/\",\"name\":\"Holders Lighting Components\",\"description\":\"\",\"publisher\":{\"@id\":\"https:\\\/\\\/holderstechnology.com\\\/lighting-components\\\/#organization\"},\"potentialAction\":[{\"@type\":\"SearchAction\",\"target\":{\"@type\":\"EntryPoint\",\"urlTemplate\":\"https:\\\/\\\/holderstechnology.com\\\/lighting-components\\\/?s={search_term_string}\"},\"query-input\":{\"@type\":\"PropertyValueSpecification\",\"valueRequired\":true,\"valueName\":\"search_term_string\"}}],\"inLanguage\":\"fr-FR\"},{\"@type\":\"Organization\",\"@id\":\"https:\\\/\\\/holderstechnology.com\\\/lighting-components\\\/#organization\",\"name\":\"Holders Technology Group\",\"url\":\"https:\\\/\\\/holderstechnology.com\\\/lighting-components\\\/\",\"logo\":{\"@type\":\"ImageObject\",\"inLanguage\":\"fr-FR\",\"@id\":\"https:\\\/\\\/holderstechnology.com\\\/lighting-components\\\/#\\\/schema\\\/logo\\\/image\\\/\",\"url\":\"https:\\\/\\\/holderstechnology.com\\\/lighting-components\\\/wp-content\\\/uploads\\\/sites\\\/2\\\/2022\\\/11\\\/logo_holders-technology.png\",\"contentUrl\":\"https:\\\/\\\/holderstechnology.com\\\/lighting-components\\\/wp-content\\\/uploads\\\/sites\\\/2\\\/2022\\\/11\\\/logo_holders-technology.png\",\"width\":556,\"height\":67,\"caption\":\"Holders Technology Group\"},\"image\":{\"@id\":\"https:\\\/\\\/holderstechnology.com\\\/lighting-components\\\/#\\\/schema\\\/logo\\\/image\\\/\"}}]}<\/script>\n<!-- \/ Yoast SEO plugin. -->","yoast_head_json":{"title":"1200EN1430 Bande LED | Supports Composants technologiques","description":"1200EN1430 LED Strip - Circuit imprim\u00e9 flexible d'Entity avec 350 LED disponibles, fourni par les experts en composants et solutions d'\u00e9clairage de Holders","robots":{"index":"index","follow":"follow","max-snippet":"max-snippet:-1","max-image-preview":"max-image-preview:large","max-video-preview":"max-video-preview:-1"},"canonical":"https:\/\/holderstechnology.com\/lighting-components\/fr\/produit\/1200en1430\/","og_locale":"fr_FR","og_type":"article","og_title":"1200EN1430 Bande LED | Supports Composants technologiques","og_description":"1200EN1430 LED Strip - Circuit imprim\u00e9 flexible d'Entity avec 350 LED disponibles, fourni par les experts en composants et solutions d'\u00e9clairage de Holders","og_url":"https:\/\/holderstechnology.com\/lighting-components\/fr\/produit\/1200en1430\/","og_site_name":"Holders Lighting Components","article_modified_time":"2025-08-12T16:17:41+00:00","og_image":[{"width":2059,"height":1812,"url":"https:\/\/holderstechnology.com\/lighting-components\/wp-content\/uploads\/sites\/2\/2021\/02\/1200EN1430.jpg","type":"image\/jpeg"}],"twitter_card":"summary_large_image","schema":{"@context":"https:\/\/schema.org","@graph":[{"@type":"WebPage","@id":"https:\/\/holderstechnology.com\/lighting-components\/fr\/produit\/1200en1430\/","url":"https:\/\/holderstechnology.com\/lighting-components\/fr\/produit\/1200en1430\/","name":"1200EN1430 Bande LED | Supports Composants technologiques","isPartOf":{"@id":"https:\/\/holderstechnology.com\/lighting-components\/#website"},"primaryImageOfPage":{"@id":"https:\/\/holderstechnology.com\/lighting-components\/fr\/produit\/1200en1430\/#primaryimage"},"image":{"@id":"https:\/\/holderstechnology.com\/lighting-components\/fr\/produit\/1200en1430\/#primaryimage"},"thumbnailUrl":"https:\/\/holderstechnology.com\/lighting-components\/wp-content\/uploads\/sites\/2\/2021\/02\/1200EN1430.jpg","datePublished":"2021-05-20T11:15:34+00:00","dateModified":"2025-08-12T16:17:41+00:00","description":"1200EN1430 LED Strip - Circuit imprim\u00e9 flexible d'Entity avec 350 LED disponibles, fourni par les experts en composants et solutions d'\u00e9clairage de Holders","breadcrumb":{"@id":"https:\/\/holderstechnology.com\/lighting-components\/fr\/produit\/1200en1430\/#breadcrumb"},"inLanguage":"fr-FR","potentialAction":[{"@type":"ReadAction","target":["https:\/\/holderstechnology.com\/lighting-components\/fr\/produit\/1200en1430\/"]}]},{"@type":"ImageObject","inLanguage":"fr-FR","@id":"https:\/\/holderstechnology.com\/lighting-components\/fr\/produit\/1200en1430\/#primaryimage","url":"https:\/\/holderstechnology.com\/lighting-components\/wp-content\/uploads\/sites\/2\/2021\/02\/1200EN1430.jpg","contentUrl":"https:\/\/holderstechnology.com\/lighting-components\/wp-content\/uploads\/sites\/2\/2021\/02\/1200EN1430.jpg","width":2059,"height":1812},{"@type":"BreadcrumbList","@id":"https:\/\/holderstechnology.com\/lighting-components\/fr\/produit\/1200en1430\/#breadcrumb","itemListElement":[{"@type":"ListItem","position":1,"name":"&#8962;","item":"https:\/\/holderstechnology.com\/lighting-components\/fr\/lighting-components-2\/"},{"@type":"ListItem","position":2,"name":"Products","item":"https:\/\/holderstechnology.com\/lighting-components\/products\/"},{"@type":"ListItem","position":3,"name":"1200EN1430"}]},{"@type":"WebSite","@id":"https:\/\/holderstechnology.com\/lighting-components\/#website","url":"https:\/\/holderstechnology.com\/lighting-components\/","name":"Holders Lighting Components","description":"","publisher":{"@id":"https:\/\/holderstechnology.com\/lighting-components\/#organization"},"potentialAction":[{"@type":"SearchAction","target":{"@type":"EntryPoint","urlTemplate":"https:\/\/holderstechnology.com\/lighting-components\/?s={search_term_string}"},"query-input":{"@type":"PropertyValueSpecification","valueRequired":true,"valueName":"search_term_string"}}],"inLanguage":"fr-FR"},{"@type":"Organization","@id":"https:\/\/holderstechnology.com\/lighting-components\/#organization","name":"Holders Technology Group","url":"https:\/\/holderstechnology.com\/lighting-components\/","logo":{"@type":"ImageObject","inLanguage":"fr-FR","@id":"https:\/\/holderstechnology.com\/lighting-components\/#\/schema\/logo\/image\/","url":"https:\/\/holderstechnology.com\/lighting-components\/wp-content\/uploads\/sites\/2\/2022\/11\/logo_holders-technology.png","contentUrl":"https:\/\/holderstechnology.com\/lighting-components\/wp-content\/uploads\/sites\/2\/2022\/11\/logo_holders-technology.png","width":556,"height":67,"caption":"Holders Technology Group"},"image":{"@id":"https:\/\/holderstechnology.com\/lighting-components\/#\/schema\/logo\/image\/"}}]}},"_links":{"self":[{"href":"https:\/\/holderstechnology.com\/lighting-components\/fr\/wp-json\/wp\/v2\/product\/1178","targetHints":{"allow":["GET"]}}],"collection":[{"href":"https:\/\/holderstechnology.com\/lighting-components\/fr\/wp-json\/wp\/v2\/product"}],"about":[{"href":"https:\/\/holderstechnology.com\/lighting-components\/fr\/wp-json\/wp\/v2\/types\/product"}],"replies":[{"embeddable":true,"href":"https:\/\/holderstechnology.com\/lighting-components\/fr\/wp-json\/wp\/v2\/comments?post=1178"}],"version-history":[{"count":1,"href":"https:\/\/holderstechnology.com\/lighting-components\/fr\/wp-json\/wp\/v2\/product\/1178\/revisions"}],"predecessor-version":[{"id":7525,"href":"https:\/\/holderstechnology.com\/lighting-components\/fr\/wp-json\/wp\/v2\/product\/1178\/revisions\/7525"}],"wp:featuredmedia":[{"embeddable":true,"href":"https:\/\/holderstechnology.com\/lighting-components\/fr\/wp-json\/wp\/v2\/media\/1179"}],"wp:attachment":[{"href":"https:\/\/holderstechnology.com\/lighting-components\/fr\/wp-json\/wp\/v2\/media?parent=1178"}],"wp:term":[{"taxonomy":"product_brand","embeddable":true,"href":"https:\/\/holderstechnology.com\/lighting-components\/fr\/wp-json\/wp\/v2\/product_brand?post=1178"},{"taxonomy":"product_cat","embeddable":true,"href":"https:\/\/holderstechnology.com\/lighting-components\/fr\/wp-json\/wp\/v2\/product_cat?post=1178"},{"taxonomy":"product_tag","embeddable":true,"href":"https:\/\/holderstechnology.com\/lighting-components\/fr\/wp-json\/wp\/v2\/product_tag?post=1178"}],"curies":[{"name":"wp","href":"https:\/\/api.w.org\/{rel}","templated":true}]}}