{"id":1246,"date":"2021-02-03T10:40:42","date_gmt":"2021-05-28T10:16:09","guid":{"rendered":"https:\/\/holderstechnology.com\/lighting-components\/product\/serie-tu\/"},"modified":"2025-08-12T17:11:36","modified_gmt":"2025-08-12T16:11:36","slug":"serie-tu","status":"publish","type":"product","link":"https:\/\/holderstechnology.com\/lighting-components\/fr\/produit\/serie-tu\/","title":{"rendered":"S\u00e9rie TU"},"content":{"rendered":"<p><span style=\"font-weight: 400\">Bas\u00e9 sur l&rsquo;aluminium miroir MCPCB avec une excellente r\u00e9flectivit\u00e9 de 98% et une haute conductivit\u00e9 thermique (k = 200 W\/mK). Moul\u00e9 selon la couleur r\u00e9glable de la lampe halog\u00e8ne 1800K \u00e0 4000K. Il est possible de r\u00e9gler la luminosit\u00e9 sans modifier la temp\u00e9rature de couleur ou de changer de couleur sans baisse de luminosit\u00e9.<\/span><\/p>\n","protected":false},"excerpt":{"rendered":"<p>EdiPower III Tunable<\/p>\n","protected":false},"featured_media":1247,"comment_status":"closed","ping_status":"closed","template":"","meta":{"_acf_changed":false,"inline_featured_image":false,"site-sidebar-layout":"default","site-content-layout":"","ast-site-content-layout":"default","site-content-style":"default","site-sidebar-style":"default","ast-global-header-display":"","ast-banner-title-visibility":"","ast-main-header-display":"","ast-hfb-above-header-display":"","ast-hfb-below-header-display":"","ast-hfb-mobile-header-display":"","site-post-title":"","ast-breadcrumbs-content":"","ast-featured-img":"","footer-sml-layout":"","ast-disable-related-posts":"","theme-transparent-header-meta":"","adv-header-id-meta":"","stick-header-meta":"","header-above-stick-meta":"","header-main-stick-meta":"","header-below-stick-meta":"","astra-migrate-meta-layouts":"default","ast-page-background-enabled":"default","ast-page-background-meta":{"desktop":{"background-color":"var(--ast-global-color-5)","background-image":"","background-repeat":"repeat","background-position":"center center","background-size":"auto","background-attachment":"scroll","background-type":"","background-media":"","overlay-type":"","overlay-color":"","overlay-opacity":"","overlay-gradient":""},"tablet":{"background-color":"","background-image":"","background-repeat":"repeat","background-position":"center center","background-size":"auto","background-attachment":"scroll","background-type":"","background-media":"","overlay-type":"","overlay-color":"","overlay-opacity":"","overlay-gradient":""},"mobile":{"background-color":"","background-image":"","background-repeat":"repeat","background-position":"center center","background-size":"auto","background-attachment":"scroll","background-type":"","background-media":"","overlay-type":"","overlay-color":"","overlay-opacity":"","overlay-gradient":""}},"ast-content-background-meta":{"desktop":{"background-color":"var(--ast-global-color-4)","background-image":"","background-repeat":"repeat","background-position":"center center","background-size":"auto","background-attachment":"scroll","background-type":"","background-media":"","overlay-type":"","overlay-color":"","overlay-opacity":"","overlay-gradient":""},"tablet":{"background-color":"var(--ast-global-color-4)","background-image":"","background-repeat":"repeat","background-position":"center center","background-size":"auto","background-attachment":"scroll","background-type":"","background-media":"","overlay-type":"","overlay-color":"","overlay-opacity":"","overlay-gradient":""},"mobile":{"background-color":"var(--ast-global-color-4)","background-image":"","background-repeat":"repeat","background-position":"center center","background-size":"auto","background-attachment":"scroll","background-type":"","background-media":"","overlay-type":"","overlay-color":"","overlay-opacity":"","overlay-gradient":""}}},"product_brand":[552],"product_cat":[312],"product_tag":[],"class_list":{"0":"post-1246","1":"product","2":"type-product","3":"status-publish","4":"has-post-thumbnail","6":"product_brand-edison","7":"product_cat-blanc-accordable-fr","8":"desktop-align-left","9":"tablet-align-left","10":"mobile-align-left","12":"first","13":"instock","14":"shipping-taxable","15":"product-type-simple"},"acf":[],"yoast_head":"<!-- This site is optimized with the Yoast SEO plugin v27.1.1 - https:\/\/yoast.com\/product\/yoast-seo-wordpress\/ -->\n<title>Edison EdiPower III Tunable | Holders Technologie Composants<\/title>\n<meta name=\"description\" content=\"Edison EdiPower III Tunable - Bas\u00e9 sur le MCPCB en aluminium miroir avec une excellente r\u00e9flectivit\u00e9 de 98% et une conductivit\u00e9 thermique \u00e9lev\u00e9e, fourni par Holders Technology.\" \/>\n<meta name=\"robots\" content=\"index, follow, max-snippet:-1, max-image-preview:large, max-video-preview:-1\" \/>\n<link rel=\"canonical\" href=\"https:\/\/holderstechnology.com\/lighting-components\/fr\/produit\/serie-tu\/\" \/>\n<meta property=\"og:locale\" content=\"fr_FR\" \/>\n<meta property=\"og:type\" content=\"article\" \/>\n<meta property=\"og:title\" content=\"Edison EdiPower III Tunable | Holders Technologie Composants\" \/>\n<meta property=\"og:description\" content=\"Edison EdiPower III Tunable - Bas\u00e9 sur le MCPCB en aluminium miroir avec une excellente r\u00e9flectivit\u00e9 de 98% et une conductivit\u00e9 thermique \u00e9lev\u00e9e, fourni par Holders Technology.\" \/>\n<meta property=\"og:url\" content=\"https:\/\/holderstechnology.com\/lighting-components\/fr\/produit\/serie-tu\/\" \/>\n<meta property=\"og:site_name\" content=\"Holders Lighting Components\" \/>\n<meta property=\"article:modified_time\" content=\"2025-08-12T16:11:36+00:00\" \/>\n<meta property=\"og:image\" content=\"https:\/\/holderstechnology.com\/lighting-components\/wp-content\/uploads\/sites\/2\/2021\/02\/TU-Series.png\" \/>\n\t<meta property=\"og:image:width\" content=\"200\" \/>\n\t<meta property=\"og:image:height\" content=\"200\" \/>\n\t<meta property=\"og:image:type\" content=\"image\/png\" \/>\n<meta name=\"twitter:card\" content=\"summary_large_image\" \/>\n<script type=\"application\/ld+json\" class=\"yoast-schema-graph\">{\"@context\":\"https:\/\/schema.org\",\"@graph\":[{\"@type\":\"WebPage\",\"@id\":\"https:\/\/holderstechnology.com\/lighting-components\/fr\/produit\/serie-tu\/\",\"url\":\"https:\/\/holderstechnology.com\/lighting-components\/fr\/produit\/serie-tu\/\",\"name\":\"Edison EdiPower III Tunable | Holders Technologie Composants\",\"isPartOf\":{\"@id\":\"https:\/\/holderstechnology.com\/lighting-components\/#website\"},\"primaryImageOfPage\":{\"@id\":\"https:\/\/holderstechnology.com\/lighting-components\/fr\/produit\/serie-tu\/#primaryimage\"},\"image\":{\"@id\":\"https:\/\/holderstechnology.com\/lighting-components\/fr\/produit\/serie-tu\/#primaryimage\"},\"thumbnailUrl\":\"https:\/\/holderstechnology.com\/lighting-components\/wp-content\/uploads\/sites\/2\/2021\/02\/TU-Series.png\",\"datePublished\":\"2021-05-28T10:16:09+00:00\",\"dateModified\":\"2025-08-12T16:11:36+00:00\",\"description\":\"Edison EdiPower III Tunable - Bas\u00e9 sur le MCPCB en aluminium miroir avec une excellente r\u00e9flectivit\u00e9 de 98% et une conductivit\u00e9 thermique \u00e9lev\u00e9e, fourni par Holders Technology.\",\"breadcrumb\":{\"@id\":\"https:\/\/holderstechnology.com\/lighting-components\/fr\/produit\/serie-tu\/#breadcrumb\"},\"inLanguage\":\"fr-FR\",\"potentialAction\":[{\"@type\":\"ReadAction\",\"target\":[\"https:\/\/holderstechnology.com\/lighting-components\/fr\/produit\/serie-tu\/\"]}]},{\"@type\":\"ImageObject\",\"inLanguage\":\"fr-FR\",\"@id\":\"https:\/\/holderstechnology.com\/lighting-components\/fr\/produit\/serie-tu\/#primaryimage\",\"url\":\"https:\/\/holderstechnology.com\/lighting-components\/wp-content\/uploads\/sites\/2\/2021\/02\/TU-Series.png\",\"contentUrl\":\"https:\/\/holderstechnology.com\/lighting-components\/wp-content\/uploads\/sites\/2\/2021\/02\/TU-Series.png\",\"width\":200,\"height\":200},{\"@type\":\"BreadcrumbList\",\"@id\":\"https:\/\/holderstechnology.com\/lighting-components\/fr\/produit\/serie-tu\/#breadcrumb\",\"itemListElement\":[{\"@type\":\"ListItem\",\"position\":1,\"name\":\"&#8962;\",\"item\":\"https:\/\/holderstechnology.com\/lighting-components\/fr\/lighting-components-2\/\"},{\"@type\":\"ListItem\",\"position\":2,\"name\":\"Products\",\"item\":\"https:\/\/holderstechnology.com\/lighting-components\/products\/\"},{\"@type\":\"ListItem\",\"position\":3,\"name\":\"S\u00e9rie TU\"}]},{\"@type\":\"WebSite\",\"@id\":\"https:\/\/holderstechnology.com\/lighting-components\/#website\",\"url\":\"https:\/\/holderstechnology.com\/lighting-components\/\",\"name\":\"Holders Lighting Components\",\"description\":\"\",\"publisher\":{\"@id\":\"https:\/\/holderstechnology.com\/lighting-components\/#organization\"},\"potentialAction\":[{\"@type\":\"SearchAction\",\"target\":{\"@type\":\"EntryPoint\",\"urlTemplate\":\"https:\/\/holderstechnology.com\/lighting-components\/?s={search_term_string}\"},\"query-input\":{\"@type\":\"PropertyValueSpecification\",\"valueRequired\":true,\"valueName\":\"search_term_string\"}}],\"inLanguage\":\"fr-FR\"},{\"@type\":\"Organization\",\"@id\":\"https:\/\/holderstechnology.com\/lighting-components\/#organization\",\"name\":\"Holders Technology Group\",\"url\":\"https:\/\/holderstechnology.com\/lighting-components\/\",\"logo\":{\"@type\":\"ImageObject\",\"inLanguage\":\"fr-FR\",\"@id\":\"https:\/\/holderstechnology.com\/lighting-components\/#\/schema\/logo\/image\/\",\"url\":\"https:\/\/holderstechnology.com\/lighting-components\/wp-content\/uploads\/sites\/2\/2022\/11\/logo_holders-technology.png\",\"contentUrl\":\"https:\/\/holderstechnology.com\/lighting-components\/wp-content\/uploads\/sites\/2\/2022\/11\/logo_holders-technology.png\",\"width\":556,\"height\":67,\"caption\":\"Holders Technology Group\"},\"image\":{\"@id\":\"https:\/\/holderstechnology.com\/lighting-components\/#\/schema\/logo\/image\/\"}}]}<\/script>\n<!-- \/ Yoast SEO plugin. -->","yoast_head_json":{"title":"Edison EdiPower III Tunable | Holders Technologie Composants","description":"Edison EdiPower III Tunable - Bas\u00e9 sur le MCPCB en aluminium miroir avec une excellente r\u00e9flectivit\u00e9 de 98% et une conductivit\u00e9 thermique \u00e9lev\u00e9e, fourni par Holders Technology.","robots":{"index":"index","follow":"follow","max-snippet":"max-snippet:-1","max-image-preview":"max-image-preview:large","max-video-preview":"max-video-preview:-1"},"canonical":"https:\/\/holderstechnology.com\/lighting-components\/fr\/produit\/serie-tu\/","og_locale":"fr_FR","og_type":"article","og_title":"Edison EdiPower III Tunable | Holders Technologie Composants","og_description":"Edison EdiPower III Tunable - Bas\u00e9 sur le MCPCB en aluminium miroir avec une excellente r\u00e9flectivit\u00e9 de 98% et une conductivit\u00e9 thermique \u00e9lev\u00e9e, fourni par Holders Technology.","og_url":"https:\/\/holderstechnology.com\/lighting-components\/fr\/produit\/serie-tu\/","og_site_name":"Holders Lighting Components","article_modified_time":"2025-08-12T16:11:36+00:00","og_image":[{"width":200,"height":200,"url":"https:\/\/holderstechnology.com\/lighting-components\/wp-content\/uploads\/sites\/2\/2021\/02\/TU-Series.png","type":"image\/png"}],"twitter_card":"summary_large_image","schema":{"@context":"https:\/\/schema.org","@graph":[{"@type":"WebPage","@id":"https:\/\/holderstechnology.com\/lighting-components\/fr\/produit\/serie-tu\/","url":"https:\/\/holderstechnology.com\/lighting-components\/fr\/produit\/serie-tu\/","name":"Edison EdiPower III Tunable | Holders Technologie Composants","isPartOf":{"@id":"https:\/\/holderstechnology.com\/lighting-components\/#website"},"primaryImageOfPage":{"@id":"https:\/\/holderstechnology.com\/lighting-components\/fr\/produit\/serie-tu\/#primaryimage"},"image":{"@id":"https:\/\/holderstechnology.com\/lighting-components\/fr\/produit\/serie-tu\/#primaryimage"},"thumbnailUrl":"https:\/\/holderstechnology.com\/lighting-components\/wp-content\/uploads\/sites\/2\/2021\/02\/TU-Series.png","datePublished":"2021-05-28T10:16:09+00:00","dateModified":"2025-08-12T16:11:36+00:00","description":"Edison EdiPower III Tunable - Bas\u00e9 sur le MCPCB en aluminium miroir avec une excellente r\u00e9flectivit\u00e9 de 98% et une conductivit\u00e9 thermique \u00e9lev\u00e9e, fourni par Holders Technology.","breadcrumb":{"@id":"https:\/\/holderstechnology.com\/lighting-components\/fr\/produit\/serie-tu\/#breadcrumb"},"inLanguage":"fr-FR","potentialAction":[{"@type":"ReadAction","target":["https:\/\/holderstechnology.com\/lighting-components\/fr\/produit\/serie-tu\/"]}]},{"@type":"ImageObject","inLanguage":"fr-FR","@id":"https:\/\/holderstechnology.com\/lighting-components\/fr\/produit\/serie-tu\/#primaryimage","url":"https:\/\/holderstechnology.com\/lighting-components\/wp-content\/uploads\/sites\/2\/2021\/02\/TU-Series.png","contentUrl":"https:\/\/holderstechnology.com\/lighting-components\/wp-content\/uploads\/sites\/2\/2021\/02\/TU-Series.png","width":200,"height":200},{"@type":"BreadcrumbList","@id":"https:\/\/holderstechnology.com\/lighting-components\/fr\/produit\/serie-tu\/#breadcrumb","itemListElement":[{"@type":"ListItem","position":1,"name":"&#8962;","item":"https:\/\/holderstechnology.com\/lighting-components\/fr\/lighting-components-2\/"},{"@type":"ListItem","position":2,"name":"Products","item":"https:\/\/holderstechnology.com\/lighting-components\/products\/"},{"@type":"ListItem","position":3,"name":"S\u00e9rie TU"}]},{"@type":"WebSite","@id":"https:\/\/holderstechnology.com\/lighting-components\/#website","url":"https:\/\/holderstechnology.com\/lighting-components\/","name":"Holders Lighting Components","description":"","publisher":{"@id":"https:\/\/holderstechnology.com\/lighting-components\/#organization"},"potentialAction":[{"@type":"SearchAction","target":{"@type":"EntryPoint","urlTemplate":"https:\/\/holderstechnology.com\/lighting-components\/?s={search_term_string}"},"query-input":{"@type":"PropertyValueSpecification","valueRequired":true,"valueName":"search_term_string"}}],"inLanguage":"fr-FR"},{"@type":"Organization","@id":"https:\/\/holderstechnology.com\/lighting-components\/#organization","name":"Holders Technology Group","url":"https:\/\/holderstechnology.com\/lighting-components\/","logo":{"@type":"ImageObject","inLanguage":"fr-FR","@id":"https:\/\/holderstechnology.com\/lighting-components\/#\/schema\/logo\/image\/","url":"https:\/\/holderstechnology.com\/lighting-components\/wp-content\/uploads\/sites\/2\/2022\/11\/logo_holders-technology.png","contentUrl":"https:\/\/holderstechnology.com\/lighting-components\/wp-content\/uploads\/sites\/2\/2022\/11\/logo_holders-technology.png","width":556,"height":67,"caption":"Holders Technology Group"},"image":{"@id":"https:\/\/holderstechnology.com\/lighting-components\/#\/schema\/logo\/image\/"}}]}},"_links":{"self":[{"href":"https:\/\/holderstechnology.com\/lighting-components\/fr\/wp-json\/wp\/v2\/product\/1246","targetHints":{"allow":["GET"]}}],"collection":[{"href":"https:\/\/holderstechnology.com\/lighting-components\/fr\/wp-json\/wp\/v2\/product"}],"about":[{"href":"https:\/\/holderstechnology.com\/lighting-components\/fr\/wp-json\/wp\/v2\/types\/product"}],"replies":[{"embeddable":true,"href":"https:\/\/holderstechnology.com\/lighting-components\/fr\/wp-json\/wp\/v2\/comments?post=1246"}],"version-history":[{"count":2,"href":"https:\/\/holderstechnology.com\/lighting-components\/fr\/wp-json\/wp\/v2\/product\/1246\/revisions"}],"predecessor-version":[{"id":7405,"href":"https:\/\/holderstechnology.com\/lighting-components\/fr\/wp-json\/wp\/v2\/product\/1246\/revisions\/7405"}],"wp:featuredmedia":[{"embeddable":true,"href":"https:\/\/holderstechnology.com\/lighting-components\/fr\/wp-json\/wp\/v2\/media\/1247"}],"wp:attachment":[{"href":"https:\/\/holderstechnology.com\/lighting-components\/fr\/wp-json\/wp\/v2\/media?parent=1246"}],"wp:term":[{"taxonomy":"product_brand","embeddable":true,"href":"https:\/\/holderstechnology.com\/lighting-components\/fr\/wp-json\/wp\/v2\/product_brand?post=1246"},{"taxonomy":"product_cat","embeddable":true,"href":"https:\/\/holderstechnology.com\/lighting-components\/fr\/wp-json\/wp\/v2\/product_cat?post=1246"},{"taxonomy":"product_tag","embeddable":true,"href":"https:\/\/holderstechnology.com\/lighting-components\/fr\/wp-json\/wp\/v2\/product_tag?post=1246"}],"curies":[{"name":"wp","href":"https:\/\/api.w.org\/{rel}","templated":true}]}}