{"id":7686,"date":"2025-08-12T17:26:40","date_gmt":"2025-08-12T16:26:40","guid":{"rendered":"https:\/\/holderstechnology.com\/lighting-components\/product\/dualdrive\/"},"modified":"2026-03-28T04:59:40","modified_gmt":"2026-03-28T04:59:40","slug":"dualdrive","status":"publish","type":"product","link":"https:\/\/holderstechnology.com\/lighting-components\/fr\/produit\/dualdrive\/","title":{"rendered":"dualDRIVE"},"content":{"rendered":"<p>La gamme eldoLED linear encastrable L est con\u00e7ue pour les applications d&rsquo;\u00e9clairage commercial d&rsquo;int\u00e9rieur. Le bo\u00eetier m\u00e9tallique lin\u00e9aire est con\u00e7u pour r\u00e9pondre aux normes UL, ENEC et RCM1 en Am\u00e9rique du Nord, en Europe, en Australie et en Nouvelle-Z\u00e9lande. La gamme comprend des produits de 30W, 50W, 75W et 94W.  <\/p>\n","protected":false},"excerpt":{"rendered":"<p>La s\u00e9rie eldoLED dualDRIVE est la r\u00e9f\u00e9rence de l&rsquo;industrie pour la gradation des LED \u00e0 2 canaux de haute performance et le contr\u00f4le du blanc accordable. Con\u00e7ue pour l&rsquo;\u00e9clairage commercial int\u00e9rieur sophistiqu\u00e9, cette gamme de pilotes lin\u00e9aires (30W \u00e0 94W) offre une gradation fluide et sans scintillement jusqu&rsquo;\u00e0 0,1%. Avec la compatibilit\u00e9 DALI-2 et DTM (Device Type 8) int\u00e9gr\u00e9e, le dualDRIVE permet un contr\u00f4le pr\u00e9cis de la temp\u00e9rature de couleur et de l&rsquo;intensit\u00e9, garantissant un \u00e9clairage optimal centr\u00e9 sur l&rsquo;homme dans les bureaux et les espaces architecturaux haut de gamme.  <\/p>\n","protected":false},"featured_media":4546,"comment_status":"closed","ping_status":"closed","template":"","meta":{"_acf_changed":false,"inline_featured_image":false,"site-sidebar-layout":"default","site-content-layout":"","ast-site-content-layout":"default","site-content-style":"default","site-sidebar-style":"default","ast-global-header-display":"","ast-banner-title-visibility":"","ast-main-header-display":"","ast-hfb-above-header-display":"","ast-hfb-below-header-display":"","ast-hfb-mobile-header-display":"","site-post-title":"","ast-breadcrumbs-content":"","ast-featured-img":"","footer-sml-layout":"","ast-disable-related-posts":"","theme-transparent-header-meta":"default","adv-header-id-meta":"","stick-header-meta":"","header-above-stick-meta":"","header-main-stick-meta":"","header-below-stick-meta":"","astra-migrate-meta-layouts":"default","ast-page-background-enabled":"default","ast-page-background-meta":{"desktop":{"background-color":"var(--ast-global-color-5)","background-image":"","background-repeat":"repeat","background-position":"center center","background-size":"auto","background-attachment":"scroll","background-type":"","background-media":"","overlay-type":"","overlay-color":"","overlay-opacity":"","overlay-gradient":""},"tablet":{"background-color":"","background-image":"","background-repeat":"repeat","background-position":"center center","background-size":"auto","background-attachment":"scroll","background-type":"","background-media":"","overlay-type":"","overlay-color":"","overlay-opacity":"","overlay-gradient":""},"mobile":{"background-color":"","background-image":"","background-repeat":"repeat","background-position":"center center","background-size":"auto","background-attachment":"scroll","background-type":"","background-media":"","overlay-type":"","overlay-color":"","overlay-opacity":"","overlay-gradient":""}},"ast-content-background-meta":{"desktop":{"background-color":"var(--ast-global-color-4)","background-image":"","background-repeat":"repeat","background-position":"center center","background-size":"auto","background-attachment":"scroll","background-type":"","background-media":"","overlay-type":"","overlay-color":"","overlay-opacity":"","overlay-gradient":""},"tablet":{"background-color":"var(--ast-global-color-4)","background-image":"","background-repeat":"repeat","background-position":"center center","background-size":"auto","background-attachment":"scroll","background-type":"","background-media":"","overlay-type":"","overlay-color":"","overlay-opacity":"","overlay-gradient":""},"mobile":{"background-color":"var(--ast-global-color-4)","background-image":"","background-repeat":"repeat","background-position":"center center","background-size":"auto","background-attachment":"scroll","background-type":"","background-media":"","overlay-type":"","overlay-color":"","overlay-opacity":"","overlay-gradient":""}}},"product_brand":[555],"product_cat":[327,235],"product_tag":[],"class_list":{"0":"post-7686","1":"product","2":"type-product","3":"status-publish","4":"has-post-thumbnail","6":"product_brand-eldoled","7":"product_cat-courant-constant","8":"product_cat-drivers-de-led-et-psus","9":"desktop-align-left","10":"tablet-align-left","11":"mobile-align-left","13":"first","14":"instock","15":"shipping-taxable","16":"product-type-simple"},"acf":[],"yoast_head":"<!-- This site is optimized with the Yoast SEO plugin v27.3 - https:\/\/yoast.com\/product\/yoast-seo-wordpress\/ -->\n<title>dualDRIVE | Holders Lighting Components<\/title>\n<meta name=\"description\" content=\"Pilotes eldoLED dualDRIVE s\u00e9rie L (30W-94W) pour l&#039;\u00e9clairage commercial int\u00e9rieur. Ils offrent une gradation \u00e0 2 canaux et sont conformes aux normes internationales, y compris UL et ENEC.\" \/>\n<meta name=\"robots\" content=\"index, follow, max-snippet:-1, max-image-preview:large, max-video-preview:-1\" \/>\n<link rel=\"canonical\" href=\"https:\/\/holderstechnology.com\/lighting-components\/fr\/produit\/dualdrive\/\" \/>\n<meta property=\"og:locale\" content=\"fr_FR\" \/>\n<meta property=\"og:type\" content=\"article\" \/>\n<meta property=\"og:title\" content=\"dualDRIVE | Holders Lighting Components\" \/>\n<meta property=\"og:description\" content=\"Pilotes eldoLED dualDRIVE s\u00e9rie L (30W-94W) pour l&#039;\u00e9clairage commercial int\u00e9rieur. Ils offrent une gradation \u00e0 2 canaux et sont conformes aux normes internationales, y compris UL et ENEC.\" \/>\n<meta property=\"og:url\" content=\"https:\/\/holderstechnology.com\/lighting-components\/fr\/produit\/dualdrive\/\" \/>\n<meta property=\"og:site_name\" content=\"Holders Lighting Components\" \/>\n<meta property=\"article:modified_time\" content=\"2026-03-28T04:59:40+00:00\" \/>\n<meta property=\"og:image\" content=\"https:\/\/holderstechnology.com\/lighting-components\/wp-content\/uploads\/sites\/2\/2024\/04\/eldoled-products-drivers-SOLOdrive-family-600x400-1.png\" \/>\n\t<meta property=\"og:image:width\" content=\"600\" \/>\n\t<meta property=\"og:image:height\" content=\"400\" \/>\n\t<meta property=\"og:image:type\" content=\"image\/png\" \/>\n<meta name=\"twitter:card\" content=\"summary_large_image\" \/>\n<script type=\"application\/ld+json\" class=\"yoast-schema-graph\">{\"@context\":\"https:\\\/\\\/schema.org\",\"@graph\":[{\"@type\":\"WebPage\",\"@id\":\"https:\\\/\\\/holderstechnology.com\\\/lighting-components\\\/fr\\\/produit\\\/dualdrive\\\/\",\"url\":\"https:\\\/\\\/holderstechnology.com\\\/lighting-components\\\/fr\\\/produit\\\/dualdrive\\\/\",\"name\":\"dualDRIVE | Holders Lighting Components\",\"isPartOf\":{\"@id\":\"https:\\\/\\\/holderstechnology.com\\\/lighting-components\\\/#website\"},\"primaryImageOfPage\":{\"@id\":\"https:\\\/\\\/holderstechnology.com\\\/lighting-components\\\/fr\\\/produit\\\/dualdrive\\\/#primaryimage\"},\"image\":{\"@id\":\"https:\\\/\\\/holderstechnology.com\\\/lighting-components\\\/fr\\\/produit\\\/dualdrive\\\/#primaryimage\"},\"thumbnailUrl\":\"https:\\\/\\\/holderstechnology.com\\\/lighting-components\\\/wp-content\\\/uploads\\\/sites\\\/2\\\/2024\\\/04\\\/eldoled-products-drivers-SOLOdrive-family-600x400-1.png\",\"datePublished\":\"2025-08-12T16:26:40+00:00\",\"dateModified\":\"2026-03-28T04:59:40+00:00\",\"description\":\"Pilotes eldoLED dualDRIVE s\u00e9rie L (30W-94W) pour l'\u00e9clairage commercial int\u00e9rieur. Ils offrent une gradation \u00e0 2 canaux et sont conformes aux normes internationales, y compris UL et ENEC.\",\"breadcrumb\":{\"@id\":\"https:\\\/\\\/holderstechnology.com\\\/lighting-components\\\/fr\\\/produit\\\/dualdrive\\\/#breadcrumb\"},\"inLanguage\":\"fr-FR\",\"potentialAction\":[{\"@type\":\"ReadAction\",\"target\":[\"https:\\\/\\\/holderstechnology.com\\\/lighting-components\\\/fr\\\/produit\\\/dualdrive\\\/\"]}]},{\"@type\":\"ImageObject\",\"inLanguage\":\"fr-FR\",\"@id\":\"https:\\\/\\\/holderstechnology.com\\\/lighting-components\\\/fr\\\/produit\\\/dualdrive\\\/#primaryimage\",\"url\":\"https:\\\/\\\/holderstechnology.com\\\/lighting-components\\\/wp-content\\\/uploads\\\/sites\\\/2\\\/2024\\\/04\\\/eldoled-products-drivers-SOLOdrive-family-600x400-1.png\",\"contentUrl\":\"https:\\\/\\\/holderstechnology.com\\\/lighting-components\\\/wp-content\\\/uploads\\\/sites\\\/2\\\/2024\\\/04\\\/eldoled-products-drivers-SOLOdrive-family-600x400-1.png\",\"width\":600,\"height\":400,\"caption\":\"eldoLED ecoDRIVE LED driver for high-efficiency professional lighting systems.\"},{\"@type\":\"BreadcrumbList\",\"@id\":\"https:\\\/\\\/holderstechnology.com\\\/lighting-components\\\/fr\\\/produit\\\/dualdrive\\\/#breadcrumb\",\"itemListElement\":[{\"@type\":\"ListItem\",\"position\":1,\"name\":\"&#8962;\",\"item\":\"https:\\\/\\\/holderstechnology.com\\\/lighting-components\\\/fr\\\/lighting-components-2\\\/\"},{\"@type\":\"ListItem\",\"position\":2,\"name\":\"Products\",\"item\":\"https:\\\/\\\/holderstechnology.com\\\/lighting-components\\\/products\\\/\"},{\"@type\":\"ListItem\",\"position\":3,\"name\":\"dualDRIVE\"}]},{\"@type\":\"WebSite\",\"@id\":\"https:\\\/\\\/holderstechnology.com\\\/lighting-components\\\/#website\",\"url\":\"https:\\\/\\\/holderstechnology.com\\\/lighting-components\\\/\",\"name\":\"Holders Lighting Components\",\"description\":\"\",\"publisher\":{\"@id\":\"https:\\\/\\\/holderstechnology.com\\\/lighting-components\\\/#organization\"},\"potentialAction\":[{\"@type\":\"SearchAction\",\"target\":{\"@type\":\"EntryPoint\",\"urlTemplate\":\"https:\\\/\\\/holderstechnology.com\\\/lighting-components\\\/?s={search_term_string}\"},\"query-input\":{\"@type\":\"PropertyValueSpecification\",\"valueRequired\":true,\"valueName\":\"search_term_string\"}}],\"inLanguage\":\"fr-FR\"},{\"@type\":\"Organization\",\"@id\":\"https:\\\/\\\/holderstechnology.com\\\/lighting-components\\\/#organization\",\"name\":\"Holders Technology Group\",\"url\":\"https:\\\/\\\/holderstechnology.com\\\/lighting-components\\\/\",\"logo\":{\"@type\":\"ImageObject\",\"inLanguage\":\"fr-FR\",\"@id\":\"https:\\\/\\\/holderstechnology.com\\\/lighting-components\\\/#\\\/schema\\\/logo\\\/image\\\/\",\"url\":\"https:\\\/\\\/holderstechnology.com\\\/lighting-components\\\/wp-content\\\/uploads\\\/sites\\\/2\\\/2022\\\/11\\\/logo_holders-technology.png\",\"contentUrl\":\"https:\\\/\\\/holderstechnology.com\\\/lighting-components\\\/wp-content\\\/uploads\\\/sites\\\/2\\\/2022\\\/11\\\/logo_holders-technology.png\",\"width\":556,\"height\":67,\"caption\":\"Holders Technology Group\"},\"image\":{\"@id\":\"https:\\\/\\\/holderstechnology.com\\\/lighting-components\\\/#\\\/schema\\\/logo\\\/image\\\/\"}}]}<\/script>\n<!-- \/ Yoast SEO plugin. -->","yoast_head_json":{"title":"dualDRIVE | Holders Lighting Components","description":"Pilotes eldoLED dualDRIVE s\u00e9rie L (30W-94W) pour l'\u00e9clairage commercial int\u00e9rieur. Ils offrent une gradation \u00e0 2 canaux et sont conformes aux normes internationales, y compris UL et ENEC.","robots":{"index":"index","follow":"follow","max-snippet":"max-snippet:-1","max-image-preview":"max-image-preview:large","max-video-preview":"max-video-preview:-1"},"canonical":"https:\/\/holderstechnology.com\/lighting-components\/fr\/produit\/dualdrive\/","og_locale":"fr_FR","og_type":"article","og_title":"dualDRIVE | Holders Lighting Components","og_description":"Pilotes eldoLED dualDRIVE s\u00e9rie L (30W-94W) pour l'\u00e9clairage commercial int\u00e9rieur. Ils offrent une gradation \u00e0 2 canaux et sont conformes aux normes internationales, y compris UL et ENEC.","og_url":"https:\/\/holderstechnology.com\/lighting-components\/fr\/produit\/dualdrive\/","og_site_name":"Holders Lighting Components","article_modified_time":"2026-03-28T04:59:40+00:00","og_image":[{"width":600,"height":400,"url":"https:\/\/holderstechnology.com\/lighting-components\/wp-content\/uploads\/sites\/2\/2024\/04\/eldoled-products-drivers-SOLOdrive-family-600x400-1.png","type":"image\/png"}],"twitter_card":"summary_large_image","schema":{"@context":"https:\/\/schema.org","@graph":[{"@type":"WebPage","@id":"https:\/\/holderstechnology.com\/lighting-components\/fr\/produit\/dualdrive\/","url":"https:\/\/holderstechnology.com\/lighting-components\/fr\/produit\/dualdrive\/","name":"dualDRIVE | Holders Lighting Components","isPartOf":{"@id":"https:\/\/holderstechnology.com\/lighting-components\/#website"},"primaryImageOfPage":{"@id":"https:\/\/holderstechnology.com\/lighting-components\/fr\/produit\/dualdrive\/#primaryimage"},"image":{"@id":"https:\/\/holderstechnology.com\/lighting-components\/fr\/produit\/dualdrive\/#primaryimage"},"thumbnailUrl":"https:\/\/holderstechnology.com\/lighting-components\/wp-content\/uploads\/sites\/2\/2024\/04\/eldoled-products-drivers-SOLOdrive-family-600x400-1.png","datePublished":"2025-08-12T16:26:40+00:00","dateModified":"2026-03-28T04:59:40+00:00","description":"Pilotes eldoLED dualDRIVE s\u00e9rie L (30W-94W) pour l'\u00e9clairage commercial int\u00e9rieur. Ils offrent une gradation \u00e0 2 canaux et sont conformes aux normes internationales, y compris UL et ENEC.","breadcrumb":{"@id":"https:\/\/holderstechnology.com\/lighting-components\/fr\/produit\/dualdrive\/#breadcrumb"},"inLanguage":"fr-FR","potentialAction":[{"@type":"ReadAction","target":["https:\/\/holderstechnology.com\/lighting-components\/fr\/produit\/dualdrive\/"]}]},{"@type":"ImageObject","inLanguage":"fr-FR","@id":"https:\/\/holderstechnology.com\/lighting-components\/fr\/produit\/dualdrive\/#primaryimage","url":"https:\/\/holderstechnology.com\/lighting-components\/wp-content\/uploads\/sites\/2\/2024\/04\/eldoled-products-drivers-SOLOdrive-family-600x400-1.png","contentUrl":"https:\/\/holderstechnology.com\/lighting-components\/wp-content\/uploads\/sites\/2\/2024\/04\/eldoled-products-drivers-SOLOdrive-family-600x400-1.png","width":600,"height":400,"caption":"eldoLED ecoDRIVE LED driver for high-efficiency professional lighting systems."},{"@type":"BreadcrumbList","@id":"https:\/\/holderstechnology.com\/lighting-components\/fr\/produit\/dualdrive\/#breadcrumb","itemListElement":[{"@type":"ListItem","position":1,"name":"&#8962;","item":"https:\/\/holderstechnology.com\/lighting-components\/fr\/lighting-components-2\/"},{"@type":"ListItem","position":2,"name":"Products","item":"https:\/\/holderstechnology.com\/lighting-components\/products\/"},{"@type":"ListItem","position":3,"name":"dualDRIVE"}]},{"@type":"WebSite","@id":"https:\/\/holderstechnology.com\/lighting-components\/#website","url":"https:\/\/holderstechnology.com\/lighting-components\/","name":"Holders Lighting Components","description":"","publisher":{"@id":"https:\/\/holderstechnology.com\/lighting-components\/#organization"},"potentialAction":[{"@type":"SearchAction","target":{"@type":"EntryPoint","urlTemplate":"https:\/\/holderstechnology.com\/lighting-components\/?s={search_term_string}"},"query-input":{"@type":"PropertyValueSpecification","valueRequired":true,"valueName":"search_term_string"}}],"inLanguage":"fr-FR"},{"@type":"Organization","@id":"https:\/\/holderstechnology.com\/lighting-components\/#organization","name":"Holders Technology Group","url":"https:\/\/holderstechnology.com\/lighting-components\/","logo":{"@type":"ImageObject","inLanguage":"fr-FR","@id":"https:\/\/holderstechnology.com\/lighting-components\/#\/schema\/logo\/image\/","url":"https:\/\/holderstechnology.com\/lighting-components\/wp-content\/uploads\/sites\/2\/2022\/11\/logo_holders-technology.png","contentUrl":"https:\/\/holderstechnology.com\/lighting-components\/wp-content\/uploads\/sites\/2\/2022\/11\/logo_holders-technology.png","width":556,"height":67,"caption":"Holders Technology Group"},"image":{"@id":"https:\/\/holderstechnology.com\/lighting-components\/#\/schema\/logo\/image\/"}}]}},"_links":{"self":[{"href":"https:\/\/holderstechnology.com\/lighting-components\/fr\/wp-json\/wp\/v2\/product\/7686","targetHints":{"allow":["GET"]}}],"collection":[{"href":"https:\/\/holderstechnology.com\/lighting-components\/fr\/wp-json\/wp\/v2\/product"}],"about":[{"href":"https:\/\/holderstechnology.com\/lighting-components\/fr\/wp-json\/wp\/v2\/types\/product"}],"replies":[{"embeddable":true,"href":"https:\/\/holderstechnology.com\/lighting-components\/fr\/wp-json\/wp\/v2\/comments?post=7686"}],"version-history":[{"count":2,"href":"https:\/\/holderstechnology.com\/lighting-components\/fr\/wp-json\/wp\/v2\/product\/7686\/revisions"}],"predecessor-version":[{"id":8685,"href":"https:\/\/holderstechnology.com\/lighting-components\/fr\/wp-json\/wp\/v2\/product\/7686\/revisions\/8685"}],"wp:featuredmedia":[{"embeddable":true,"href":"https:\/\/holderstechnology.com\/lighting-components\/fr\/wp-json\/wp\/v2\/media\/4546"}],"wp:attachment":[{"href":"https:\/\/holderstechnology.com\/lighting-components\/fr\/wp-json\/wp\/v2\/media?parent=7686"}],"wp:term":[{"taxonomy":"product_brand","embeddable":true,"href":"https:\/\/holderstechnology.com\/lighting-components\/fr\/wp-json\/wp\/v2\/product_brand?post=7686"},{"taxonomy":"product_cat","embeddable":true,"href":"https:\/\/holderstechnology.com\/lighting-components\/fr\/wp-json\/wp\/v2\/product_cat?post=7686"},{"taxonomy":"product_tag","embeddable":true,"href":"https:\/\/holderstechnology.com\/lighting-components\/fr\/wp-json\/wp\/v2\/product_tag?post=7686"}],"curies":[{"name":"wp","href":"https:\/\/api.w.org\/{rel}","templated":true}]}}