{"id":7693,"date":"2025-08-12T17:26:49","date_gmt":"2025-08-12T16:26:49","guid":{"rendered":"https:\/\/holderstechnology.com\/lighting-components\/product\/dps4rgbw-24v-10mm\/"},"modified":"2026-02-28T06:43:53","modified_gmt":"2026-02-28T06:43:53","slug":"dps4rgbw-24v-10mm","status":"publish","type":"product","link":"https:\/\/holderstechnology.com\/lighting-components\/fr\/produit\/dps4rgbw-24v-10mm\/","title":{"rendered":"DPS4RGBW-24V-10mm"},"content":{"rendered":"<p>12 pixels\/m, ceinture de lampes \u00e0 eau RGBW. Peut \u00eatre utilis\u00e9 avec un simple contr\u00f4leur. R\u00e9sistance accrue \u00e0 la flexion. Ta : -20~40\u00b0 C\uff1bTc=75\u00b0\uff08max\uff09   <\/p>\n","protected":false},"excerpt":{"rendered":"<p>Bande LED RGBW flexible de 12 pixels\/m avec une grande r\u00e9sistance \u00e0 la flexion, adapt\u00e9e aux applications d&rsquo;\u00e9clairage professionnel dynamique.<\/p>\n","protected":false},"featured_media":4709,"comment_status":"closed","ping_status":"closed","template":"","meta":{"_acf_changed":false,"inline_featured_image":false,"site-sidebar-layout":"default","site-content-layout":"","ast-site-content-layout":"default","site-content-style":"default","site-sidebar-style":"default","ast-global-header-display":"","ast-banner-title-visibility":"","ast-main-header-display":"","ast-hfb-above-header-display":"","ast-hfb-below-header-display":"","ast-hfb-mobile-header-display":"","site-post-title":"","ast-breadcrumbs-content":"","ast-featured-img":"","footer-sml-layout":"","ast-disable-related-posts":"","theme-transparent-header-meta":"default","adv-header-id-meta":"","stick-header-meta":"","header-above-stick-meta":"","header-main-stick-meta":"","header-below-stick-meta":"","astra-migrate-meta-layouts":"default","ast-page-background-enabled":"default","ast-page-background-meta":{"desktop":{"background-color":"var(--ast-global-color-5)","background-image":"","background-repeat":"repeat","background-position":"center center","background-size":"auto","background-attachment":"scroll","background-type":"","background-media":"","overlay-type":"","overlay-color":"","overlay-opacity":"","overlay-gradient":""},"tablet":{"background-color":"","background-image":"","background-repeat":"repeat","background-position":"center center","background-size":"auto","background-attachment":"scroll","background-type":"","background-media":"","overlay-type":"","overlay-color":"","overlay-opacity":"","overlay-gradient":""},"mobile":{"background-color":"","background-image":"","background-repeat":"repeat","background-position":"center center","background-size":"auto","background-attachment":"scroll","background-type":"","background-media":"","overlay-type":"","overlay-color":"","overlay-opacity":"","overlay-gradient":""}},"ast-content-background-meta":{"desktop":{"background-color":"var(--ast-global-color-4)","background-image":"","background-repeat":"repeat","background-position":"center center","background-size":"auto","background-attachment":"scroll","background-type":"","background-media":"","overlay-type":"","overlay-color":"","overlay-opacity":"","overlay-gradient":""},"tablet":{"background-color":"var(--ast-global-color-4)","background-image":"","background-repeat":"repeat","background-position":"center center","background-size":"auto","background-attachment":"scroll","background-type":"","background-media":"","overlay-type":"","overlay-color":"","overlay-opacity":"","overlay-gradient":""},"mobile":{"background-color":"var(--ast-global-color-4)","background-image":"","background-repeat":"repeat","background-position":"center center","background-size":"auto","background-attachment":"scroll","background-type":"","background-media":"","overlay-type":"","overlay-color":"","overlay-opacity":"","overlay-gradient":""}}},"product_brand":[543],"product_cat":[351,336],"product_tag":[],"class_list":{"0":"post-7693","1":"product","2":"type-product","3":"status-publish","4":"has-post-thumbnail","6":"product_brand-colors-led","7":"product_cat-bande-flexible-led","8":"product_cat-sources-lumineuses-a-led","9":"desktop-align-left","10":"tablet-align-left","11":"mobile-align-left","13":"first","14":"instock","15":"shipping-taxable","16":"product-type-simple"},"acf":[],"yoast_head":"<!-- This site is optimized with the Yoast SEO plugin v27.3 - https:\/\/yoast.com\/product\/yoast-seo-wordpress\/ -->\n<title>DPS4RGBW-24V-10mm | Holders Lighting Components<\/title>\n<meta name=\"description\" content=\"Caract\u00e9ristiques techniques de la bande LED DPS4RGBW-24V-10mm RGBW. Solution d&#039;\u00e9clairage flexible et performante avec une forte r\u00e9sistance \u00e0 la flexion pour une utilisation professionnelle.\" \/>\n<meta name=\"robots\" content=\"index, follow, max-snippet:-1, max-image-preview:large, max-video-preview:-1\" \/>\n<link rel=\"canonical\" href=\"https:\/\/holderstechnology.com\/lighting-components\/fr\/produit\/dps4rgbw-24v-10mm\/\" \/>\n<meta property=\"og:locale\" content=\"fr_FR\" \/>\n<meta property=\"og:type\" content=\"article\" \/>\n<meta property=\"og:title\" content=\"DPS4RGBW-24V-10mm | Holders Lighting Components\" \/>\n<meta property=\"og:description\" content=\"Caract\u00e9ristiques techniques de la bande LED DPS4RGBW-24V-10mm RGBW. Solution d&#039;\u00e9clairage flexible et performante avec une forte r\u00e9sistance \u00e0 la flexion pour une utilisation professionnelle.\" \/>\n<meta property=\"og:url\" content=\"https:\/\/holderstechnology.com\/lighting-components\/fr\/produit\/dps4rgbw-24v-10mm\/\" \/>\n<meta property=\"og:site_name\" content=\"Holders Lighting Components\" \/>\n<meta property=\"article:modified_time\" content=\"2026-02-28T06:43:53+00:00\" \/>\n<meta property=\"og:image\" content=\"https:\/\/holderstechnology.com\/lighting-components\/wp-content\/uploads\/sites\/2\/2024\/06\/dps4rgbw-24v-10mm_1.png\" \/>\n\t<meta property=\"og:image:width\" content=\"700\" \/>\n\t<meta property=\"og:image:height\" content=\"700\" \/>\n\t<meta property=\"og:image:type\" content=\"image\/png\" \/>\n<meta name=\"twitter:card\" content=\"summary_large_image\" \/>\n<script type=\"application\/ld+json\" class=\"yoast-schema-graph\">{\"@context\":\"https:\\\/\\\/schema.org\",\"@graph\":[{\"@type\":\"WebPage\",\"@id\":\"https:\\\/\\\/holderstechnology.com\\\/lighting-components\\\/fr\\\/produit\\\/dps4rgbw-24v-10mm\\\/\",\"url\":\"https:\\\/\\\/holderstechnology.com\\\/lighting-components\\\/fr\\\/produit\\\/dps4rgbw-24v-10mm\\\/\",\"name\":\"DPS4RGBW-24V-10mm | Holders Lighting Components\",\"isPartOf\":{\"@id\":\"https:\\\/\\\/holderstechnology.com\\\/lighting-components\\\/#website\"},\"primaryImageOfPage\":{\"@id\":\"https:\\\/\\\/holderstechnology.com\\\/lighting-components\\\/fr\\\/produit\\\/dps4rgbw-24v-10mm\\\/#primaryimage\"},\"image\":{\"@id\":\"https:\\\/\\\/holderstechnology.com\\\/lighting-components\\\/fr\\\/produit\\\/dps4rgbw-24v-10mm\\\/#primaryimage\"},\"thumbnailUrl\":\"https:\\\/\\\/holderstechnology.com\\\/lighting-components\\\/wp-content\\\/uploads\\\/sites\\\/2\\\/2024\\\/06\\\/dps4rgbw-24v-10mm_1.png\",\"datePublished\":\"2025-08-12T16:26:49+00:00\",\"dateModified\":\"2026-02-28T06:43:53+00:00\",\"description\":\"Caract\u00e9ristiques techniques de la bande LED DPS4RGBW-24V-10mm RGBW. Solution d'\u00e9clairage flexible et performante avec une forte r\u00e9sistance \u00e0 la flexion pour une utilisation professionnelle.\",\"breadcrumb\":{\"@id\":\"https:\\\/\\\/holderstechnology.com\\\/lighting-components\\\/fr\\\/produit\\\/dps4rgbw-24v-10mm\\\/#breadcrumb\"},\"inLanguage\":\"fr-FR\",\"potentialAction\":[{\"@type\":\"ReadAction\",\"target\":[\"https:\\\/\\\/holderstechnology.com\\\/lighting-components\\\/fr\\\/produit\\\/dps4rgbw-24v-10mm\\\/\"]}]},{\"@type\":\"ImageObject\",\"inLanguage\":\"fr-FR\",\"@id\":\"https:\\\/\\\/holderstechnology.com\\\/lighting-components\\\/fr\\\/produit\\\/dps4rgbw-24v-10mm\\\/#primaryimage\",\"url\":\"https:\\\/\\\/holderstechnology.com\\\/lighting-components\\\/wp-content\\\/uploads\\\/sites\\\/2\\\/2024\\\/06\\\/dps4rgbw-24v-10mm_1.png\",\"contentUrl\":\"https:\\\/\\\/holderstechnology.com\\\/lighting-components\\\/wp-content\\\/uploads\\\/sites\\\/2\\\/2024\\\/06\\\/dps4rgbw-24v-10mm_1.png\",\"width\":700,\"height\":700},{\"@type\":\"BreadcrumbList\",\"@id\":\"https:\\\/\\\/holderstechnology.com\\\/lighting-components\\\/fr\\\/produit\\\/dps4rgbw-24v-10mm\\\/#breadcrumb\",\"itemListElement\":[{\"@type\":\"ListItem\",\"position\":1,\"name\":\"&#8962;\",\"item\":\"https:\\\/\\\/holderstechnology.com\\\/lighting-components\\\/fr\\\/lighting-components-2\\\/\"},{\"@type\":\"ListItem\",\"position\":2,\"name\":\"Products\",\"item\":\"https:\\\/\\\/holderstechnology.com\\\/lighting-components\\\/products\\\/\"},{\"@type\":\"ListItem\",\"position\":3,\"name\":\"DPS4RGBW-24V-10mm\"}]},{\"@type\":\"WebSite\",\"@id\":\"https:\\\/\\\/holderstechnology.com\\\/lighting-components\\\/#website\",\"url\":\"https:\\\/\\\/holderstechnology.com\\\/lighting-components\\\/\",\"name\":\"Holders Lighting Components\",\"description\":\"\",\"publisher\":{\"@id\":\"https:\\\/\\\/holderstechnology.com\\\/lighting-components\\\/#organization\"},\"potentialAction\":[{\"@type\":\"SearchAction\",\"target\":{\"@type\":\"EntryPoint\",\"urlTemplate\":\"https:\\\/\\\/holderstechnology.com\\\/lighting-components\\\/?s={search_term_string}\"},\"query-input\":{\"@type\":\"PropertyValueSpecification\",\"valueRequired\":true,\"valueName\":\"search_term_string\"}}],\"inLanguage\":\"fr-FR\"},{\"@type\":\"Organization\",\"@id\":\"https:\\\/\\\/holderstechnology.com\\\/lighting-components\\\/#organization\",\"name\":\"Holders Technology Group\",\"url\":\"https:\\\/\\\/holderstechnology.com\\\/lighting-components\\\/\",\"logo\":{\"@type\":\"ImageObject\",\"inLanguage\":\"fr-FR\",\"@id\":\"https:\\\/\\\/holderstechnology.com\\\/lighting-components\\\/#\\\/schema\\\/logo\\\/image\\\/\",\"url\":\"https:\\\/\\\/holderstechnology.com\\\/lighting-components\\\/wp-content\\\/uploads\\\/sites\\\/2\\\/2022\\\/11\\\/logo_holders-technology.png\",\"contentUrl\":\"https:\\\/\\\/holderstechnology.com\\\/lighting-components\\\/wp-content\\\/uploads\\\/sites\\\/2\\\/2022\\\/11\\\/logo_holders-technology.png\",\"width\":556,\"height\":67,\"caption\":\"Holders Technology Group\"},\"image\":{\"@id\":\"https:\\\/\\\/holderstechnology.com\\\/lighting-components\\\/#\\\/schema\\\/logo\\\/image\\\/\"}}]}<\/script>\n<!-- \/ Yoast SEO plugin. -->","yoast_head_json":{"title":"DPS4RGBW-24V-10mm | Holders Lighting Components","description":"Caract\u00e9ristiques techniques de la bande LED DPS4RGBW-24V-10mm RGBW. Solution d'\u00e9clairage flexible et performante avec une forte r\u00e9sistance \u00e0 la flexion pour une utilisation professionnelle.","robots":{"index":"index","follow":"follow","max-snippet":"max-snippet:-1","max-image-preview":"max-image-preview:large","max-video-preview":"max-video-preview:-1"},"canonical":"https:\/\/holderstechnology.com\/lighting-components\/fr\/produit\/dps4rgbw-24v-10mm\/","og_locale":"fr_FR","og_type":"article","og_title":"DPS4RGBW-24V-10mm | Holders Lighting Components","og_description":"Caract\u00e9ristiques techniques de la bande LED DPS4RGBW-24V-10mm RGBW. Solution d'\u00e9clairage flexible et performante avec une forte r\u00e9sistance \u00e0 la flexion pour une utilisation professionnelle.","og_url":"https:\/\/holderstechnology.com\/lighting-components\/fr\/produit\/dps4rgbw-24v-10mm\/","og_site_name":"Holders Lighting Components","article_modified_time":"2026-02-28T06:43:53+00:00","og_image":[{"width":700,"height":700,"url":"https:\/\/holderstechnology.com\/lighting-components\/wp-content\/uploads\/sites\/2\/2024\/06\/dps4rgbw-24v-10mm_1.png","type":"image\/png"}],"twitter_card":"summary_large_image","schema":{"@context":"https:\/\/schema.org","@graph":[{"@type":"WebPage","@id":"https:\/\/holderstechnology.com\/lighting-components\/fr\/produit\/dps4rgbw-24v-10mm\/","url":"https:\/\/holderstechnology.com\/lighting-components\/fr\/produit\/dps4rgbw-24v-10mm\/","name":"DPS4RGBW-24V-10mm | Holders Lighting Components","isPartOf":{"@id":"https:\/\/holderstechnology.com\/lighting-components\/#website"},"primaryImageOfPage":{"@id":"https:\/\/holderstechnology.com\/lighting-components\/fr\/produit\/dps4rgbw-24v-10mm\/#primaryimage"},"image":{"@id":"https:\/\/holderstechnology.com\/lighting-components\/fr\/produit\/dps4rgbw-24v-10mm\/#primaryimage"},"thumbnailUrl":"https:\/\/holderstechnology.com\/lighting-components\/wp-content\/uploads\/sites\/2\/2024\/06\/dps4rgbw-24v-10mm_1.png","datePublished":"2025-08-12T16:26:49+00:00","dateModified":"2026-02-28T06:43:53+00:00","description":"Caract\u00e9ristiques techniques de la bande LED DPS4RGBW-24V-10mm RGBW. Solution d'\u00e9clairage flexible et performante avec une forte r\u00e9sistance \u00e0 la flexion pour une utilisation professionnelle.","breadcrumb":{"@id":"https:\/\/holderstechnology.com\/lighting-components\/fr\/produit\/dps4rgbw-24v-10mm\/#breadcrumb"},"inLanguage":"fr-FR","potentialAction":[{"@type":"ReadAction","target":["https:\/\/holderstechnology.com\/lighting-components\/fr\/produit\/dps4rgbw-24v-10mm\/"]}]},{"@type":"ImageObject","inLanguage":"fr-FR","@id":"https:\/\/holderstechnology.com\/lighting-components\/fr\/produit\/dps4rgbw-24v-10mm\/#primaryimage","url":"https:\/\/holderstechnology.com\/lighting-components\/wp-content\/uploads\/sites\/2\/2024\/06\/dps4rgbw-24v-10mm_1.png","contentUrl":"https:\/\/holderstechnology.com\/lighting-components\/wp-content\/uploads\/sites\/2\/2024\/06\/dps4rgbw-24v-10mm_1.png","width":700,"height":700},{"@type":"BreadcrumbList","@id":"https:\/\/holderstechnology.com\/lighting-components\/fr\/produit\/dps4rgbw-24v-10mm\/#breadcrumb","itemListElement":[{"@type":"ListItem","position":1,"name":"&#8962;","item":"https:\/\/holderstechnology.com\/lighting-components\/fr\/lighting-components-2\/"},{"@type":"ListItem","position":2,"name":"Products","item":"https:\/\/holderstechnology.com\/lighting-components\/products\/"},{"@type":"ListItem","position":3,"name":"DPS4RGBW-24V-10mm"}]},{"@type":"WebSite","@id":"https:\/\/holderstechnology.com\/lighting-components\/#website","url":"https:\/\/holderstechnology.com\/lighting-components\/","name":"Holders Lighting Components","description":"","publisher":{"@id":"https:\/\/holderstechnology.com\/lighting-components\/#organization"},"potentialAction":[{"@type":"SearchAction","target":{"@type":"EntryPoint","urlTemplate":"https:\/\/holderstechnology.com\/lighting-components\/?s={search_term_string}"},"query-input":{"@type":"PropertyValueSpecification","valueRequired":true,"valueName":"search_term_string"}}],"inLanguage":"fr-FR"},{"@type":"Organization","@id":"https:\/\/holderstechnology.com\/lighting-components\/#organization","name":"Holders Technology Group","url":"https:\/\/holderstechnology.com\/lighting-components\/","logo":{"@type":"ImageObject","inLanguage":"fr-FR","@id":"https:\/\/holderstechnology.com\/lighting-components\/#\/schema\/logo\/image\/","url":"https:\/\/holderstechnology.com\/lighting-components\/wp-content\/uploads\/sites\/2\/2022\/11\/logo_holders-technology.png","contentUrl":"https:\/\/holderstechnology.com\/lighting-components\/wp-content\/uploads\/sites\/2\/2022\/11\/logo_holders-technology.png","width":556,"height":67,"caption":"Holders Technology Group"},"image":{"@id":"https:\/\/holderstechnology.com\/lighting-components\/#\/schema\/logo\/image\/"}}]}},"_links":{"self":[{"href":"https:\/\/holderstechnology.com\/lighting-components\/fr\/wp-json\/wp\/v2\/product\/7693","targetHints":{"allow":["GET"]}}],"collection":[{"href":"https:\/\/holderstechnology.com\/lighting-components\/fr\/wp-json\/wp\/v2\/product"}],"about":[{"href":"https:\/\/holderstechnology.com\/lighting-components\/fr\/wp-json\/wp\/v2\/types\/product"}],"replies":[{"embeddable":true,"href":"https:\/\/holderstechnology.com\/lighting-components\/fr\/wp-json\/wp\/v2\/comments?post=7693"}],"version-history":[{"count":1,"href":"https:\/\/holderstechnology.com\/lighting-components\/fr\/wp-json\/wp\/v2\/product\/7693\/revisions"}],"predecessor-version":[{"id":8606,"href":"https:\/\/holderstechnology.com\/lighting-components\/fr\/wp-json\/wp\/v2\/product\/7693\/revisions\/8606"}],"wp:featuredmedia":[{"embeddable":true,"href":"https:\/\/holderstechnology.com\/lighting-components\/fr\/wp-json\/wp\/v2\/media\/4709"}],"wp:attachment":[{"href":"https:\/\/holderstechnology.com\/lighting-components\/fr\/wp-json\/wp\/v2\/media?parent=7693"}],"wp:term":[{"taxonomy":"product_brand","embeddable":true,"href":"https:\/\/holderstechnology.com\/lighting-components\/fr\/wp-json\/wp\/v2\/product_brand?post=7693"},{"taxonomy":"product_cat","embeddable":true,"href":"https:\/\/holderstechnology.com\/lighting-components\/fr\/wp-json\/wp\/v2\/product_cat?post=7693"},{"taxonomy":"product_tag","embeddable":true,"href":"https:\/\/holderstechnology.com\/lighting-components\/fr\/wp-json\/wp\/v2\/product_tag?post=7693"}],"curies":[{"name":"wp","href":"https:\/\/api.w.org\/{rel}","templated":true}]}}