{"id":921,"date":"2021-02-10T13:04:25","date_gmt":"2021-04-19T13:01:12","guid":{"rendered":"https:\/\/holderstechnology.com\/lighting-components\/product\/led-sur-mesure\/"},"modified":"2025-08-12T17:16:32","modified_gmt":"2025-08-12T16:16:32","slug":"led-sur-mesure","status":"publish","type":"product","link":"https:\/\/holderstechnology.com\/lighting-components\/fr\/produit\/led-sur-mesure\/","title":{"rendered":"LED sur mesure"},"content":{"rendered":"<p><span style=\"font-weight: 400\">Holders compte de nombreuses entreprises de conception et de fabrication de LED dans son \u00e9cosyst\u00e8me et est heureux d&rsquo;offrir un service de conseil et de conception de cartes LED personnalis\u00e9es lorsque les solutions \u00ab\u00a0pr\u00eates \u00e0 l&#8217;emploi\u00a0\u00bb ne conviennent pas. Qu&rsquo;il s&rsquo;agisse d&rsquo;un \u00e9clairage conventionnel, d&rsquo;applications UV ou IR, d&rsquo;une conception conforme aux normes Zhaga ou d&rsquo;une solution enti\u00e8rement personnalis\u00e9e pour un nouveau luminaire, contactez notre \u00e9quipe d\u00e8s aujourd&rsquo;hui pour une consultation afin de concevoir la solution qui vous convient le mieux. <\/span><\/p>\n","protected":false},"excerpt":{"rendered":"<p>Holders compte de nombreuses entreprises de conception et de fabrication de LED dans son \u00e9cosyst\u00e8me et est heureux d&rsquo;offrir un [&hellip;]<\/p>\n","protected":false},"featured_media":922,"comment_status":"closed","ping_status":"closed","template":"","meta":{"_acf_changed":false,"inline_featured_image":false,"site-sidebar-layout":"default","site-content-layout":"","ast-site-content-layout":"default","site-content-style":"default","site-sidebar-style":"default","ast-global-header-display":"","ast-banner-title-visibility":"","ast-main-header-display":"","ast-hfb-above-header-display":"","ast-hfb-below-header-display":"","ast-hfb-mobile-header-display":"","site-post-title":"","ast-breadcrumbs-content":"","ast-featured-img":"","footer-sml-layout":"","ast-disable-related-posts":"","theme-transparent-header-meta":"","adv-header-id-meta":"","stick-header-meta":"","header-above-stick-meta":"","header-main-stick-meta":"","header-below-stick-meta":"","astra-migrate-meta-layouts":"default","ast-page-background-enabled":"default","ast-page-background-meta":{"desktop":{"background-color":"var(--ast-global-color-5)","background-image":"","background-repeat":"repeat","background-position":"center center","background-size":"auto","background-attachment":"scroll","background-type":"","background-media":"","overlay-type":"","overlay-color":"","overlay-opacity":"","overlay-gradient":""},"tablet":{"background-color":"","background-image":"","background-repeat":"repeat","background-position":"center center","background-size":"auto","background-attachment":"scroll","background-type":"","background-media":"","overlay-type":"","overlay-color":"","overlay-opacity":"","overlay-gradient":""},"mobile":{"background-color":"","background-image":"","background-repeat":"repeat","background-position":"center center","background-size":"auto","background-attachment":"scroll","background-type":"","background-media":"","overlay-type":"","overlay-color":"","overlay-opacity":"","overlay-gradient":""}},"ast-content-background-meta":{"desktop":{"background-color":"var(--ast-global-color-4)","background-image":"","background-repeat":"repeat","background-position":"center center","background-size":"auto","background-attachment":"scroll","background-type":"","background-media":"","overlay-type":"","overlay-color":"","overlay-opacity":"","overlay-gradient":""},"tablet":{"background-color":"var(--ast-global-color-4)","background-image":"","background-repeat":"repeat","background-position":"center center","background-size":"auto","background-attachment":"scroll","background-type":"","background-media":"","overlay-type":"","overlay-color":"","overlay-opacity":"","overlay-gradient":""},"mobile":{"background-color":"var(--ast-global-color-4)","background-image":"","background-repeat":"repeat","background-position":"center center","background-size":"auto","background-attachment":"scroll","background-type":"","background-media":"","overlay-type":"","overlay-color":"","overlay-opacity":"","overlay-gradient":""}}},"product_brand":[564],"product_cat":[223],"product_tag":[],"class_list":{"0":"post-921","1":"product","2":"type-product","3":"status-publish","4":"has-post-thumbnail","6":"product_brand-harvard","7":"product_cat-deployer","8":"desktop-align-left","9":"tablet-align-left","10":"mobile-align-left","12":"first","13":"instock","14":"shipping-taxable","15":"product-type-simple"},"acf":[],"yoast_head":"<!-- This site is optimized with the Yoast SEO plugin v27.3 - https:\/\/yoast.com\/product\/yoast-seo-wordpress\/ -->\n<title>Panneau LED personnalis\u00e9 | LED sur mesure | Technologie des supports<\/title>\n<meta name=\"description\" content=\"Panneau LED personnalis\u00e9 - Holders compte de nombreuses entreprises de conception et de fabrication de LED dans son \u00e9cosyst\u00e8me et propose un service de conseil et de conception de panneaux LED personnalis\u00e9s.\" \/>\n<meta name=\"robots\" content=\"index, follow, max-snippet:-1, max-image-preview:large, max-video-preview:-1\" \/>\n<link rel=\"canonical\" href=\"https:\/\/holderstechnology.com\/lighting-components\/fr\/produit\/led-sur-mesure\/\" \/>\n<meta property=\"og:locale\" content=\"fr_FR\" \/>\n<meta property=\"og:type\" content=\"article\" \/>\n<meta property=\"og:title\" content=\"Panneau LED personnalis\u00e9 | LED sur mesure | Technologie des supports\" \/>\n<meta property=\"og:description\" content=\"Panneau LED personnalis\u00e9 - Holders compte de nombreuses entreprises de conception et de fabrication de LED dans son \u00e9cosyst\u00e8me et propose un service de conseil et de conception de panneaux LED personnalis\u00e9s.\" \/>\n<meta property=\"og:url\" content=\"https:\/\/holderstechnology.com\/lighting-components\/fr\/produit\/led-sur-mesure\/\" \/>\n<meta property=\"og:site_name\" content=\"Holders Lighting Components\" \/>\n<meta property=\"article:modified_time\" content=\"2025-08-12T16:16:32+00:00\" \/>\n<meta property=\"og:image\" content=\"https:\/\/holderstechnology.com\/lighting-components\/wp-content\/uploads\/sites\/2\/2021\/02\/Harvard-bespoke-LED-modules.jpg\" \/>\n\t<meta property=\"og:image:width\" content=\"1686\" \/>\n\t<meta property=\"og:image:height\" content=\"824\" \/>\n\t<meta property=\"og:image:type\" content=\"image\/jpeg\" \/>\n<meta name=\"twitter:card\" content=\"summary_large_image\" \/>\n<script type=\"application\/ld+json\" class=\"yoast-schema-graph\">{\"@context\":\"https:\\\/\\\/schema.org\",\"@graph\":[{\"@type\":\"WebPage\",\"@id\":\"https:\\\/\\\/holderstechnology.com\\\/lighting-components\\\/fr\\\/produit\\\/led-sur-mesure\\\/\",\"url\":\"https:\\\/\\\/holderstechnology.com\\\/lighting-components\\\/fr\\\/produit\\\/led-sur-mesure\\\/\",\"name\":\"Panneau LED personnalis\u00e9 | LED sur mesure | Technologie des supports\",\"isPartOf\":{\"@id\":\"https:\\\/\\\/holderstechnology.com\\\/lighting-components\\\/#website\"},\"primaryImageOfPage\":{\"@id\":\"https:\\\/\\\/holderstechnology.com\\\/lighting-components\\\/fr\\\/produit\\\/led-sur-mesure\\\/#primaryimage\"},\"image\":{\"@id\":\"https:\\\/\\\/holderstechnology.com\\\/lighting-components\\\/fr\\\/produit\\\/led-sur-mesure\\\/#primaryimage\"},\"thumbnailUrl\":\"https:\\\/\\\/holderstechnology.com\\\/lighting-components\\\/wp-content\\\/uploads\\\/sites\\\/2\\\/2021\\\/02\\\/Harvard-bespoke-LED-modules.jpg\",\"datePublished\":\"2021-04-19T13:01:12+00:00\",\"dateModified\":\"2025-08-12T16:16:32+00:00\",\"description\":\"Panneau LED personnalis\u00e9 - Holders compte de nombreuses entreprises de conception et de fabrication de LED dans son \u00e9cosyst\u00e8me et propose un service de conseil et de conception de panneaux LED personnalis\u00e9s.\",\"breadcrumb\":{\"@id\":\"https:\\\/\\\/holderstechnology.com\\\/lighting-components\\\/fr\\\/produit\\\/led-sur-mesure\\\/#breadcrumb\"},\"inLanguage\":\"fr-FR\",\"potentialAction\":[{\"@type\":\"ReadAction\",\"target\":[\"https:\\\/\\\/holderstechnology.com\\\/lighting-components\\\/fr\\\/produit\\\/led-sur-mesure\\\/\"]}]},{\"@type\":\"ImageObject\",\"inLanguage\":\"fr-FR\",\"@id\":\"https:\\\/\\\/holderstechnology.com\\\/lighting-components\\\/fr\\\/produit\\\/led-sur-mesure\\\/#primaryimage\",\"url\":\"https:\\\/\\\/holderstechnology.com\\\/lighting-components\\\/wp-content\\\/uploads\\\/sites\\\/2\\\/2021\\\/02\\\/Harvard-bespoke-LED-modules.jpg\",\"contentUrl\":\"https:\\\/\\\/holderstechnology.com\\\/lighting-components\\\/wp-content\\\/uploads\\\/sites\\\/2\\\/2021\\\/02\\\/Harvard-bespoke-LED-modules.jpg\",\"width\":1686,\"height\":824},{\"@type\":\"BreadcrumbList\",\"@id\":\"https:\\\/\\\/holderstechnology.com\\\/lighting-components\\\/fr\\\/produit\\\/led-sur-mesure\\\/#breadcrumb\",\"itemListElement\":[{\"@type\":\"ListItem\",\"position\":1,\"name\":\"&#8962;\",\"item\":\"https:\\\/\\\/holderstechnology.com\\\/lighting-components\\\/fr\\\/lighting-components-2\\\/\"},{\"@type\":\"ListItem\",\"position\":2,\"name\":\"Products\",\"item\":\"https:\\\/\\\/holderstechnology.com\\\/lighting-components\\\/products\\\/\"},{\"@type\":\"ListItem\",\"position\":3,\"name\":\"LED sur mesure\"}]},{\"@type\":\"WebSite\",\"@id\":\"https:\\\/\\\/holderstechnology.com\\\/lighting-components\\\/#website\",\"url\":\"https:\\\/\\\/holderstechnology.com\\\/lighting-components\\\/\",\"name\":\"Holders Lighting Components\",\"description\":\"\",\"publisher\":{\"@id\":\"https:\\\/\\\/holderstechnology.com\\\/lighting-components\\\/#organization\"},\"potentialAction\":[{\"@type\":\"SearchAction\",\"target\":{\"@type\":\"EntryPoint\",\"urlTemplate\":\"https:\\\/\\\/holderstechnology.com\\\/lighting-components\\\/?s={search_term_string}\"},\"query-input\":{\"@type\":\"PropertyValueSpecification\",\"valueRequired\":true,\"valueName\":\"search_term_string\"}}],\"inLanguage\":\"fr-FR\"},{\"@type\":\"Organization\",\"@id\":\"https:\\\/\\\/holderstechnology.com\\\/lighting-components\\\/#organization\",\"name\":\"Holders Technology Group\",\"url\":\"https:\\\/\\\/holderstechnology.com\\\/lighting-components\\\/\",\"logo\":{\"@type\":\"ImageObject\",\"inLanguage\":\"fr-FR\",\"@id\":\"https:\\\/\\\/holderstechnology.com\\\/lighting-components\\\/#\\\/schema\\\/logo\\\/image\\\/\",\"url\":\"https:\\\/\\\/holderstechnology.com\\\/lighting-components\\\/wp-content\\\/uploads\\\/sites\\\/2\\\/2022\\\/11\\\/logo_holders-technology.png\",\"contentUrl\":\"https:\\\/\\\/holderstechnology.com\\\/lighting-components\\\/wp-content\\\/uploads\\\/sites\\\/2\\\/2022\\\/11\\\/logo_holders-technology.png\",\"width\":556,\"height\":67,\"caption\":\"Holders Technology Group\"},\"image\":{\"@id\":\"https:\\\/\\\/holderstechnology.com\\\/lighting-components\\\/#\\\/schema\\\/logo\\\/image\\\/\"}}]}<\/script>\n<!-- \/ Yoast SEO plugin. -->","yoast_head_json":{"title":"Panneau LED personnalis\u00e9 | LED sur mesure | Technologie des supports","description":"Panneau LED personnalis\u00e9 - Holders compte de nombreuses entreprises de conception et de fabrication de LED dans son \u00e9cosyst\u00e8me et propose un service de conseil et de conception de panneaux LED personnalis\u00e9s.","robots":{"index":"index","follow":"follow","max-snippet":"max-snippet:-1","max-image-preview":"max-image-preview:large","max-video-preview":"max-video-preview:-1"},"canonical":"https:\/\/holderstechnology.com\/lighting-components\/fr\/produit\/led-sur-mesure\/","og_locale":"fr_FR","og_type":"article","og_title":"Panneau LED personnalis\u00e9 | LED sur mesure | Technologie des supports","og_description":"Panneau LED personnalis\u00e9 - Holders compte de nombreuses entreprises de conception et de fabrication de LED dans son \u00e9cosyst\u00e8me et propose un service de conseil et de conception de panneaux LED personnalis\u00e9s.","og_url":"https:\/\/holderstechnology.com\/lighting-components\/fr\/produit\/led-sur-mesure\/","og_site_name":"Holders Lighting Components","article_modified_time":"2025-08-12T16:16:32+00:00","og_image":[{"width":1686,"height":824,"url":"https:\/\/holderstechnology.com\/lighting-components\/wp-content\/uploads\/sites\/2\/2021\/02\/Harvard-bespoke-LED-modules.jpg","type":"image\/jpeg"}],"twitter_card":"summary_large_image","schema":{"@context":"https:\/\/schema.org","@graph":[{"@type":"WebPage","@id":"https:\/\/holderstechnology.com\/lighting-components\/fr\/produit\/led-sur-mesure\/","url":"https:\/\/holderstechnology.com\/lighting-components\/fr\/produit\/led-sur-mesure\/","name":"Panneau LED personnalis\u00e9 | LED sur mesure | Technologie des supports","isPartOf":{"@id":"https:\/\/holderstechnology.com\/lighting-components\/#website"},"primaryImageOfPage":{"@id":"https:\/\/holderstechnology.com\/lighting-components\/fr\/produit\/led-sur-mesure\/#primaryimage"},"image":{"@id":"https:\/\/holderstechnology.com\/lighting-components\/fr\/produit\/led-sur-mesure\/#primaryimage"},"thumbnailUrl":"https:\/\/holderstechnology.com\/lighting-components\/wp-content\/uploads\/sites\/2\/2021\/02\/Harvard-bespoke-LED-modules.jpg","datePublished":"2021-04-19T13:01:12+00:00","dateModified":"2025-08-12T16:16:32+00:00","description":"Panneau LED personnalis\u00e9 - Holders compte de nombreuses entreprises de conception et de fabrication de LED dans son \u00e9cosyst\u00e8me et propose un service de conseil et de conception de panneaux LED personnalis\u00e9s.","breadcrumb":{"@id":"https:\/\/holderstechnology.com\/lighting-components\/fr\/produit\/led-sur-mesure\/#breadcrumb"},"inLanguage":"fr-FR","potentialAction":[{"@type":"ReadAction","target":["https:\/\/holderstechnology.com\/lighting-components\/fr\/produit\/led-sur-mesure\/"]}]},{"@type":"ImageObject","inLanguage":"fr-FR","@id":"https:\/\/holderstechnology.com\/lighting-components\/fr\/produit\/led-sur-mesure\/#primaryimage","url":"https:\/\/holderstechnology.com\/lighting-components\/wp-content\/uploads\/sites\/2\/2021\/02\/Harvard-bespoke-LED-modules.jpg","contentUrl":"https:\/\/holderstechnology.com\/lighting-components\/wp-content\/uploads\/sites\/2\/2021\/02\/Harvard-bespoke-LED-modules.jpg","width":1686,"height":824},{"@type":"BreadcrumbList","@id":"https:\/\/holderstechnology.com\/lighting-components\/fr\/produit\/led-sur-mesure\/#breadcrumb","itemListElement":[{"@type":"ListItem","position":1,"name":"&#8962;","item":"https:\/\/holderstechnology.com\/lighting-components\/fr\/lighting-components-2\/"},{"@type":"ListItem","position":2,"name":"Products","item":"https:\/\/holderstechnology.com\/lighting-components\/products\/"},{"@type":"ListItem","position":3,"name":"LED sur mesure"}]},{"@type":"WebSite","@id":"https:\/\/holderstechnology.com\/lighting-components\/#website","url":"https:\/\/holderstechnology.com\/lighting-components\/","name":"Holders Lighting Components","description":"","publisher":{"@id":"https:\/\/holderstechnology.com\/lighting-components\/#organization"},"potentialAction":[{"@type":"SearchAction","target":{"@type":"EntryPoint","urlTemplate":"https:\/\/holderstechnology.com\/lighting-components\/?s={search_term_string}"},"query-input":{"@type":"PropertyValueSpecification","valueRequired":true,"valueName":"search_term_string"}}],"inLanguage":"fr-FR"},{"@type":"Organization","@id":"https:\/\/holderstechnology.com\/lighting-components\/#organization","name":"Holders Technology Group","url":"https:\/\/holderstechnology.com\/lighting-components\/","logo":{"@type":"ImageObject","inLanguage":"fr-FR","@id":"https:\/\/holderstechnology.com\/lighting-components\/#\/schema\/logo\/image\/","url":"https:\/\/holderstechnology.com\/lighting-components\/wp-content\/uploads\/sites\/2\/2022\/11\/logo_holders-technology.png","contentUrl":"https:\/\/holderstechnology.com\/lighting-components\/wp-content\/uploads\/sites\/2\/2022\/11\/logo_holders-technology.png","width":556,"height":67,"caption":"Holders Technology Group"},"image":{"@id":"https:\/\/holderstechnology.com\/lighting-components\/#\/schema\/logo\/image\/"}}]}},"_links":{"self":[{"href":"https:\/\/holderstechnology.com\/lighting-components\/fr\/wp-json\/wp\/v2\/product\/921","targetHints":{"allow":["GET"]}}],"collection":[{"href":"https:\/\/holderstechnology.com\/lighting-components\/fr\/wp-json\/wp\/v2\/product"}],"about":[{"href":"https:\/\/holderstechnology.com\/lighting-components\/fr\/wp-json\/wp\/v2\/types\/product"}],"replies":[{"embeddable":true,"href":"https:\/\/holderstechnology.com\/lighting-components\/fr\/wp-json\/wp\/v2\/comments?post=921"}],"version-history":[{"count":1,"href":"https:\/\/holderstechnology.com\/lighting-components\/fr\/wp-json\/wp\/v2\/product\/921\/revisions"}],"predecessor-version":[{"id":7461,"href":"https:\/\/holderstechnology.com\/lighting-components\/fr\/wp-json\/wp\/v2\/product\/921\/revisions\/7461"}],"wp:featuredmedia":[{"embeddable":true,"href":"https:\/\/holderstechnology.com\/lighting-components\/fr\/wp-json\/wp\/v2\/media\/922"}],"wp:attachment":[{"href":"https:\/\/holderstechnology.com\/lighting-components\/fr\/wp-json\/wp\/v2\/media?parent=921"}],"wp:term":[{"taxonomy":"product_brand","embeddable":true,"href":"https:\/\/holderstechnology.com\/lighting-components\/fr\/wp-json\/wp\/v2\/product_brand?post=921"},{"taxonomy":"product_cat","embeddable":true,"href":"https:\/\/holderstechnology.com\/lighting-components\/fr\/wp-json\/wp\/v2\/product_cat?post=921"},{"taxonomy":"product_tag","embeddable":true,"href":"https:\/\/holderstechnology.com\/lighting-components\/fr\/wp-json\/wp\/v2\/product_tag?post=921"}],"curies":[{"name":"wp","href":"https:\/\/api.w.org\/{rel}","templated":true}]}}