{"id":6833,"date":"2025-06-20T12:50:40","date_gmt":"2025-06-20T11:50:40","guid":{"rendered":"https:\/\/holderstechnology.com\/pcb\/holders-uk\/"},"modified":"2026-03-07T05:25:59","modified_gmt":"2026-03-07T05:25:59","slug":"firmenbeschreibung-holders-uk","status":"publish","type":"page","link":"https:\/\/holderstechnology.com\/pcb\/de\/firmenbeschreibung-holders-uk\/","title":{"rendered":"Firmenbeschreibung Holders UK"},"content":{"rendered":"\t\t<div data-elementor-type=\"wp-page\" data-elementor-id=\"6833\" class=\"elementor elementor-6833 elementor-56\" data-elementor-post-type=\"page\">\n\t\t\t\t<div class=\"elementor-element elementor-element-3212dc33 e-flex e-con-boxed e-con e-parent\" data-id=\"3212dc33\" data-element_type=\"container\" data-e-type=\"container\">\n\t\t\t\t\t<div class=\"e-con-inner\">\n\t\t<div class=\"elementor-element elementor-element-4490bb7 e-con-full e-flex e-con e-child\" data-id=\"4490bb7\" data-element_type=\"container\" data-e-type=\"container\">\n\t\t\t\t<div class=\"elementor-element elementor-element-f6985b3 elementor-widget elementor-widget-image\" data-id=\"f6985b3\" data-element_type=\"widget\" data-e-type=\"widget\" data-widget_type=\"image.default\">\n\t\t\t\t<div class=\"elementor-widget-container\">\n\t\t\t\t\t\t\t\t\t\t\t\t\t\t\t<img fetchpriority=\"high\" decoding=\"async\" width=\"1140\" height=\"390\" src=\"https:\/\/holderstechnology.com\/pcb\/wp-content\/uploads\/sites\/5\/2025\/06\/masthead-image-1-1140x390-1.jpg\" class=\"attachment-full size-full wp-image-6363\" alt=\"\" srcset=\"https:\/\/holderstechnology.com\/pcb\/wp-content\/uploads\/sites\/5\/2025\/06\/masthead-image-1-1140x390-1.jpg 1140w, https:\/\/holderstechnology.com\/pcb\/wp-content\/uploads\/sites\/5\/2025\/06\/masthead-image-1-1140x390-1-300x103.jpg 300w, https:\/\/holderstechnology.com\/pcb\/wp-content\/uploads\/sites\/5\/2025\/06\/masthead-image-1-1140x390-1-1024x350.jpg 1024w, https:\/\/holderstechnology.com\/pcb\/wp-content\/uploads\/sites\/5\/2025\/06\/masthead-image-1-1140x390-1-768x263.jpg 768w\" sizes=\"(max-width: 1140px) 100vw, 1140px\" \/>\t\t\t\t\t\t\t\t\t\t\t\t\t\t\t<\/div>\n\t\t\t\t<\/div>\n\t\t\t\t<\/div>\n\t\t\t\t\t<\/div>\n\t\t\t\t<\/div>\n\t\t<div class=\"elementor-element elementor-element-1ab558f2 e-flex e-con-boxed e-con e-parent\" data-id=\"1ab558f2\" data-element_type=\"container\" data-e-type=\"container\">\n\t\t\t\t\t<div class=\"e-con-inner\">\n\t\t<div class=\"elementor-element elementor-element-6eb0bc35 e-con-full e-flex e-con e-child\" data-id=\"6eb0bc35\" data-element_type=\"container\" data-e-type=\"container\">\n\t\t\t\t<div class=\"elementor-element elementor-element-6c5184ae elementor-widget elementor-widget-heading\" data-id=\"6c5184ae\" data-element_type=\"widget\" data-e-type=\"widget\" data-widget_type=\"heading.default\">\n\t\t\t\t<div class=\"elementor-widget-container\">\n\t\t\t\t\t<h1 class=\"elementor-heading-title elementor-size-default\">Firmenbeschreibung Holders UK\n<\/h1>\t\t\t\t<\/div>\n\t\t\t\t<\/div>\n\t\t\t\t<div class=\"elementor-element elementor-element-6efb40f0 elementor-widget elementor-widget-text-editor\" data-id=\"6efb40f0\" data-element_type=\"widget\" data-e-type=\"widget\" data-widget_type=\"text-editor.default\">\n\t\t\t\t<div class=\"elementor-widget-container\">\n\t\t\t\t\t\t\t\t\t<p>Holders Technology Ltd ist im Au\u00dfenbezirk von Galashiels im schottischen Grenzgebiet zu England angesiedelt. Das schottische Dienstleistungszentrum wurde 1987 mit dem Ziel gegr\u00fcndet die in Schottland und im schottischen Grenzgebiet ans\u00e4ssigen Leiterplattenhersteller zu beliefern. Die Niederlassung bietet ein breites Spektrum an Verbrauchs- g\u00fctern und speziellen Materialen f\u00fcr die Leiterplattenindustrie an.<\/p>\t\t\t\t\t\t\t\t<\/div>\n\t\t\t\t<\/div>\n\t\t\t\t<\/div>\n\t\t\t\t\t<\/div>\n\t\t\t\t<\/div>\n\t\t<div class=\"elementor-element elementor-element-5d938e4c e-flex e-con-boxed e-con e-parent\" data-id=\"5d938e4c\" data-element_type=\"container\" data-e-type=\"container\">\n\t\t\t\t\t<div class=\"e-con-inner\">\n\t\t\t\t<div class=\"elementor-element elementor-element-31ecf9d elementor-widget elementor-widget-heading\" data-id=\"31ecf9d\" data-element_type=\"widget\" data-e-type=\"widget\" data-widget_type=\"heading.default\">\n\t\t\t\t<div class=\"elementor-widget-container\">\n\t\t\t\t\t<h2 class=\"elementor-heading-title elementor-size-default\">Diese beinhalten:<\/h2>\t\t\t\t<\/div>\n\t\t\t\t<\/div>\n\t\t\t\t<div class=\"elementor-element elementor-element-7656603 elementor-widget-divider--view-line elementor-widget elementor-widget-divider\" data-id=\"7656603\" data-element_type=\"widget\" data-e-type=\"widget\" data-widget_type=\"divider.default\">\n\t\t\t\t<div class=\"elementor-widget-container\">\n\t\t\t\t\t\t\t<div class=\"elementor-divider\">\n\t\t\t<span class=\"elementor-divider-separator\">\n\t\t\t\t\t\t<\/span>\n\t\t<\/div>\n\t\t\t\t\t\t<\/div>\n\t\t\t\t<\/div>\n\t\t\t\t<div class=\"elementor-element elementor-element-dd8ed93 elementor-widget elementor-widget-text-editor\" data-id=\"dd8ed93\" data-element_type=\"widget\" data-e-type=\"widget\" data-widget_type=\"text-editor.default\">\n\t\t\t\t<div class=\"elementor-widget-container\">\n\t\t\t\t\t\t\t\t\t<ul><li>Starre- und d\u00fcnne Laminate und Prepregs<\/li><li>FR4 \u2013 Standard Laminate, Blei- und Halogenfrei,<\/li><li>Kleberhaltige und kleberlose flexible Laminate und Deckfolien<\/li><li>Photosensible und thermisch h\u00e4rtende Lacke<\/li><li>Bohrer und Fr\u00e4ser<\/li><li>Pr\u00e4zisionsspindeln und Motoren, mit entsprechendem Reparatur- und Ersatzteilservice<\/li><\/ul><p>Die Niederlassung konzentriert sich auf den Vertrieb von Produkten und Materialien und zus\u00e4tzlichen Dienstleistungen um diese in einsatzbereiten Formaten zur Verf\u00fcgung zu stellen. Diese Dienstleistungen beinhalten auch einen Zuschnitt- und\/oder Stanzservice um bestehende Kunden- anforderungen bei kurzen Lieferzeiten zu erm\u00f6glichen.<\/p><p>Holders Technology Ltd besitzt eine Lager- und Fertigungs- fl\u00e4che von ca. 1.200 m\u00b2 und zus\u00e4tzlichen 270 m\u00b2 B\u00fcrofl\u00e4che.<\/p><p>Die Konfektionierung ist mit sowohl automatischen S\u00e4gen, automatischen Bohr- und Fr\u00e4smaschinen als auch mit manuellen L\u00e4ngs- und Querschneidern f\u00fcr flexible Laminate ausger\u00fcstet.<\/p><p>Galashiels ist sehr einfach \u00fcber Hauptverkehrs- wege (A7) von Edinburgh, nebst Flughafen, im Norden und (A68\/A6096) von Newcastle im S\u00fcden zu erreichen.<\/p>\t\t\t\t\t\t\t\t<\/div>\n\t\t\t\t<\/div>\n\t\t<div class=\"elementor-element elementor-element-8ce2922 e-con-full e-flex e-con e-child\" data-id=\"8ce2922\" data-element_type=\"container\" data-e-type=\"container\" data-settings=\"{&quot;background_background&quot;:&quot;classic&quot;}\">\n\t\t<div class=\"elementor-element elementor-element-b389b9f e-con-full e-flex e-con e-child\" data-id=\"b389b9f\" data-element_type=\"container\" data-e-type=\"container\" data-settings=\"{&quot;background_background&quot;:&quot;classic&quot;}\">\n\t\t\t\t<div class=\"elementor-element elementor-element-41a3829 elementor-widget elementor-widget-heading\" data-id=\"41a3829\" data-element_type=\"widget\" data-e-type=\"widget\" data-widget_type=\"heading.default\">\n\t\t\t\t<div class=\"elementor-widget-container\">\n\t\t\t\t\t<h2 class=\"elementor-heading-title elementor-size-default\">HOLDERS TECHNOLOGY UK LTD<\/h2>\t\t\t\t<\/div>\n\t\t\t\t<\/div>\n\t\t\t\t<\/div>\n\t\t<div class=\"elementor-element elementor-element-44549b2 e-con-full e-flex e-con e-child\" data-id=\"44549b2\" data-element_type=\"container\" data-e-type=\"container\">\n\t\t\t\t<div class=\"elementor-element elementor-element-20b6bb8 elementor-widget elementor-widget-text-editor\" data-id=\"20b6bb8\" data-element_type=\"widget\" data-e-type=\"widget\" data-widget_type=\"text-editor.default\">\n\t\t\t\t<div class=\"elementor-widget-container\">\n\t\t\t\t\t\t\t\t\t <div>Block 9 Units 1-4<\/div>\n  <div>Tweedbank Industrial Estate<\/div>\n  <div>Galashiels TD1 3RS<\/div>\n  <div>Scotland<\/div>\n  <div>T +44 (0)1896 758781<\/div>\n  <div>F +44 (0)1896 758782<\/div>\n  <div>Email: \n    <a style=\"color: #269bc1; text-decoration: none;\" href=\"mailto:pcbsales@holdersgroup.com\">\n      pcbsales@holdersgroup.com\n    <\/a>\n  <\/div>\t\t\t\t\t\t\t\t<\/div>\n\t\t\t\t<\/div>\n\t\t\t\t<\/div>\n\t\t\t\t<\/div>\n\t\t\t\t\t<\/div>\n\t\t\t\t<\/div>\n\t\t\t\t<\/div>\n\t\t","protected":false},"excerpt":{"rendered":"<p>Firmenbeschreibung Holders UK Holders Technology Ltd ist im Au\u00dfenbezirk von Galashiels im schottischen Grenzgebiet zu England angesiedelt. Das schottische Dienstleistungszentrum [&hellip;]<\/p>\n","protected":false},"author":1,"featured_media":0,"parent":0,"menu_order":0,"comment_status":"closed","ping_status":"closed","template":"","meta":{"_acf_changed":false,"inline_featured_image":false,"site-sidebar-layout":"no-sidebar","site-content-layout":"","ast-site-content-layout":"full-width-container","site-content-style":"default","site-sidebar-style":"default","ast-global-header-display":"","ast-banner-title-visibility":"","ast-main-header-display":"","ast-hfb-above-header-display":"","ast-hfb-below-header-display":"","ast-hfb-mobile-header-display":"","site-post-title":"disabled","ast-breadcrumbs-content":"","ast-featured-img":"disabled","footer-sml-layout":"","ast-disable-related-posts":"","theme-transparent-header-meta":"default","adv-header-id-meta":"","stick-header-meta":"","header-above-stick-meta":"","header-main-stick-meta":"","header-below-stick-meta":"","astra-migrate-meta-layouts":"set","ast-page-background-enabled":"default","ast-page-background-meta":{"desktop":{"background-color":"var(--ast-global-color-5)","background-image":"","background-repeat":"repeat","background-position":"center center","background-size":"auto","background-attachment":"scroll","background-type":"","background-media":"","overlay-type":"","overlay-color":"","overlay-opacity":"","overlay-gradient":""},"tablet":{"background-color":"","background-image":"","background-repeat":"repeat","background-position":"center center","background-size":"auto","background-attachment":"scroll","background-type":"","background-media":"","overlay-type":"","overlay-color":"","overlay-opacity":"","overlay-gradient":""},"mobile":{"background-color":"","background-image":"","background-repeat":"repeat","background-position":"center center","background-size":"auto","background-attachment":"scroll","background-type":"","background-media":"","overlay-type":"","overlay-color":"","overlay-opacity":"","overlay-gradient":""}},"ast-content-background-meta":{"desktop":{"background-color":"var(--ast-global-color-4)","background-image":"","background-repeat":"repeat","background-position":"center center","background-size":"auto","background-attachment":"scroll","background-type":"","background-media":"","overlay-type":"","overlay-color":"","overlay-opacity":"","overlay-gradient":""},"tablet":{"background-color":"var(--ast-global-color-4)","background-image":"","background-repeat":"repeat","background-position":"center center","background-size":"auto","background-attachment":"scroll","background-type":"","background-media":"","overlay-type":"","overlay-color":"","overlay-opacity":"","overlay-gradient":""},"mobile":{"background-color":"var(--ast-global-color-4)","background-image":"","background-repeat":"repeat","background-position":"center center","background-size":"auto","background-attachment":"scroll","background-type":"","background-media":"","overlay-type":"","overlay-color":"","overlay-opacity":"","overlay-gradient":""}},"footnotes":""},"class_list":["post-6833","page","type-page","status-publish","hentry"],"acf":[],"yoast_head":"<!-- This site is optimized with the Yoast SEO plugin v27.1.1 - https:\/\/yoast.com\/product\/yoast-seo-wordpress\/ -->\n<title>Firmenbeschreibung Holders UK - PCB<\/title>\n<meta name=\"robots\" content=\"index, follow, max-snippet:-1, max-image-preview:large, max-video-preview:-1\" \/>\n<link rel=\"canonical\" href=\"https:\/\/holderstechnology.com\/pcb\/de\/firmenbeschreibung-holders-uk\/\" \/>\n<meta property=\"og:locale\" content=\"de_DE\" \/>\n<meta property=\"og:type\" content=\"article\" \/>\n<meta property=\"og:title\" content=\"Firmenbeschreibung Holders UK - PCB\" \/>\n<meta property=\"og:description\" content=\"Firmenbeschreibung Holders UK Holders Technology Ltd ist im Au\u00dfenbezirk von Galashiels im schottischen Grenzgebiet zu England angesiedelt. Das schottische Dienstleistungszentrum [&hellip;]\" \/>\n<meta property=\"og:url\" content=\"https:\/\/holderstechnology.com\/pcb\/de\/firmenbeschreibung-holders-uk\/\" \/>\n<meta property=\"og:site_name\" content=\"PCB\" \/>\n<meta property=\"article:modified_time\" content=\"2026-03-07T05:25:59+00:00\" \/>\n<meta property=\"og:image\" content=\"https:\/\/holderstechnology.com\/pcb\/wp-content\/uploads\/sites\/5\/2025\/06\/masthead-image-1-1140x390-1.jpg\" \/>\n\t<meta property=\"og:image:width\" content=\"1140\" \/>\n\t<meta property=\"og:image:height\" content=\"390\" \/>\n\t<meta property=\"og:image:type\" content=\"image\/jpeg\" \/>\n<meta name=\"twitter:card\" content=\"summary_large_image\" \/>\n<meta name=\"twitter:label1\" content=\"Gesch\u00e4tzte Lesezeit\" \/>\n\t<meta name=\"twitter:data1\" content=\"2\u00a0Minuten\" \/>\n<script type=\"application\/ld+json\" class=\"yoast-schema-graph\">{\"@context\":\"https:\/\/schema.org\",\"@graph\":[{\"@type\":\"WebPage\",\"@id\":\"https:\/\/holderstechnology.com\/pcb\/de\/firmenbeschreibung-holders-uk\/\",\"url\":\"https:\/\/holderstechnology.com\/pcb\/de\/firmenbeschreibung-holders-uk\/\",\"name\":\"Firmenbeschreibung Holders UK - PCB\",\"isPartOf\":{\"@id\":\"https:\/\/holderstechnology.com\/pcb\/#website\"},\"primaryImageOfPage\":{\"@id\":\"https:\/\/holderstechnology.com\/pcb\/de\/firmenbeschreibung-holders-uk\/#primaryimage\"},\"image\":{\"@id\":\"https:\/\/holderstechnology.com\/pcb\/de\/firmenbeschreibung-holders-uk\/#primaryimage\"},\"thumbnailUrl\":\"https:\/\/holderstechnology.com\/pcb\/wp-content\/uploads\/sites\/5\/2025\/06\/masthead-image-1-1140x390-1.jpg\",\"datePublished\":\"2025-06-20T11:50:40+00:00\",\"dateModified\":\"2026-03-07T05:25:59+00:00\",\"breadcrumb\":{\"@id\":\"https:\/\/holderstechnology.com\/pcb\/de\/firmenbeschreibung-holders-uk\/#breadcrumb\"},\"inLanguage\":\"de\",\"potentialAction\":[{\"@type\":\"ReadAction\",\"target\":[\"https:\/\/holderstechnology.com\/pcb\/de\/firmenbeschreibung-holders-uk\/\"]}]},{\"@type\":\"ImageObject\",\"inLanguage\":\"de\",\"@id\":\"https:\/\/holderstechnology.com\/pcb\/de\/firmenbeschreibung-holders-uk\/#primaryimage\",\"url\":\"https:\/\/holderstechnology.com\/pcb\/wp-content\/uploads\/sites\/5\/2025\/06\/masthead-image-1-1140x390-1.jpg\",\"contentUrl\":\"https:\/\/holderstechnology.com\/pcb\/wp-content\/uploads\/sites\/5\/2025\/06\/masthead-image-1-1140x390-1.jpg\"},{\"@type\":\"BreadcrumbList\",\"@id\":\"https:\/\/holderstechnology.com\/pcb\/de\/firmenbeschreibung-holders-uk\/#breadcrumb\",\"itemListElement\":[{\"@type\":\"ListItem\",\"position\":1,\"name\":\"Home\",\"item\":\"https:\/\/holderstechnology.com\/pcb\/de\/\"},{\"@type\":\"ListItem\",\"position\":2,\"name\":\"Firmenbeschreibung Holders UK\"}]},{\"@type\":\"WebSite\",\"@id\":\"https:\/\/holderstechnology.com\/pcb\/#website\",\"url\":\"https:\/\/holderstechnology.com\/pcb\/\",\"name\":\"PCB\",\"description\":\"\",\"publisher\":{\"@id\":\"https:\/\/holderstechnology.com\/pcb\/#organization\"},\"potentialAction\":[{\"@type\":\"SearchAction\",\"target\":{\"@type\":\"EntryPoint\",\"urlTemplate\":\"https:\/\/holderstechnology.com\/pcb\/?s={search_term_string}\"},\"query-input\":{\"@type\":\"PropertyValueSpecification\",\"valueRequired\":true,\"valueName\":\"search_term_string\"}}],\"inLanguage\":\"de\"},{\"@type\":\"Organization\",\"@id\":\"https:\/\/holderstechnology.com\/pcb\/#organization\",\"name\":\"PCB\",\"url\":\"https:\/\/holderstechnology.com\/pcb\/\",\"logo\":{\"@type\":\"ImageObject\",\"inLanguage\":\"de\",\"@id\":\"https:\/\/holderstechnology.com\/pcb\/#\/schema\/logo\/image\/\",\"url\":\"https:\/\/holderstechnology.com\/pcb\/wp-content\/uploads\/sites\/5\/2025\/06\/logo_holders-technologypcb.jpg\",\"contentUrl\":\"https:\/\/holderstechnology.com\/pcb\/wp-content\/uploads\/sites\/5\/2025\/06\/logo_holders-technologypcb.jpg\",\"width\":556,\"height\":67,\"caption\":\"PCB\"},\"image\":{\"@id\":\"https:\/\/holderstechnology.com\/pcb\/#\/schema\/logo\/image\/\"}}]}<\/script>\n<!-- \/ Yoast SEO plugin. -->","yoast_head_json":{"title":"Firmenbeschreibung Holders UK - PCB","robots":{"index":"index","follow":"follow","max-snippet":"max-snippet:-1","max-image-preview":"max-image-preview:large","max-video-preview":"max-video-preview:-1"},"canonical":"https:\/\/holderstechnology.com\/pcb\/de\/firmenbeschreibung-holders-uk\/","og_locale":"de_DE","og_type":"article","og_title":"Firmenbeschreibung Holders UK - PCB","og_description":"Firmenbeschreibung Holders UK Holders Technology Ltd ist im Au\u00dfenbezirk von Galashiels im schottischen Grenzgebiet zu England angesiedelt. Das schottische Dienstleistungszentrum [&hellip;]","og_url":"https:\/\/holderstechnology.com\/pcb\/de\/firmenbeschreibung-holders-uk\/","og_site_name":"PCB","article_modified_time":"2026-03-07T05:25:59+00:00","og_image":[{"width":1140,"height":390,"url":"https:\/\/holderstechnology.com\/pcb\/wp-content\/uploads\/sites\/5\/2025\/06\/masthead-image-1-1140x390-1.jpg","type":"image\/jpeg"}],"twitter_card":"summary_large_image","twitter_misc":{"Gesch\u00e4tzte Lesezeit":"2\u00a0Minuten"},"schema":{"@context":"https:\/\/schema.org","@graph":[{"@type":"WebPage","@id":"https:\/\/holderstechnology.com\/pcb\/de\/firmenbeschreibung-holders-uk\/","url":"https:\/\/holderstechnology.com\/pcb\/de\/firmenbeschreibung-holders-uk\/","name":"Firmenbeschreibung Holders UK - PCB","isPartOf":{"@id":"https:\/\/holderstechnology.com\/pcb\/#website"},"primaryImageOfPage":{"@id":"https:\/\/holderstechnology.com\/pcb\/de\/firmenbeschreibung-holders-uk\/#primaryimage"},"image":{"@id":"https:\/\/holderstechnology.com\/pcb\/de\/firmenbeschreibung-holders-uk\/#primaryimage"},"thumbnailUrl":"https:\/\/holderstechnology.com\/pcb\/wp-content\/uploads\/sites\/5\/2025\/06\/masthead-image-1-1140x390-1.jpg","datePublished":"2025-06-20T11:50:40+00:00","dateModified":"2026-03-07T05:25:59+00:00","breadcrumb":{"@id":"https:\/\/holderstechnology.com\/pcb\/de\/firmenbeschreibung-holders-uk\/#breadcrumb"},"inLanguage":"de","potentialAction":[{"@type":"ReadAction","target":["https:\/\/holderstechnology.com\/pcb\/de\/firmenbeschreibung-holders-uk\/"]}]},{"@type":"ImageObject","inLanguage":"de","@id":"https:\/\/holderstechnology.com\/pcb\/de\/firmenbeschreibung-holders-uk\/#primaryimage","url":"https:\/\/holderstechnology.com\/pcb\/wp-content\/uploads\/sites\/5\/2025\/06\/masthead-image-1-1140x390-1.jpg","contentUrl":"https:\/\/holderstechnology.com\/pcb\/wp-content\/uploads\/sites\/5\/2025\/06\/masthead-image-1-1140x390-1.jpg"},{"@type":"BreadcrumbList","@id":"https:\/\/holderstechnology.com\/pcb\/de\/firmenbeschreibung-holders-uk\/#breadcrumb","itemListElement":[{"@type":"ListItem","position":1,"name":"Home","item":"https:\/\/holderstechnology.com\/pcb\/de\/"},{"@type":"ListItem","position":2,"name":"Firmenbeschreibung Holders UK"}]},{"@type":"WebSite","@id":"https:\/\/holderstechnology.com\/pcb\/#website","url":"https:\/\/holderstechnology.com\/pcb\/","name":"PCB","description":"","publisher":{"@id":"https:\/\/holderstechnology.com\/pcb\/#organization"},"potentialAction":[{"@type":"SearchAction","target":{"@type":"EntryPoint","urlTemplate":"https:\/\/holderstechnology.com\/pcb\/?s={search_term_string}"},"query-input":{"@type":"PropertyValueSpecification","valueRequired":true,"valueName":"search_term_string"}}],"inLanguage":"de"},{"@type":"Organization","@id":"https:\/\/holderstechnology.com\/pcb\/#organization","name":"PCB","url":"https:\/\/holderstechnology.com\/pcb\/","logo":{"@type":"ImageObject","inLanguage":"de","@id":"https:\/\/holderstechnology.com\/pcb\/#\/schema\/logo\/image\/","url":"https:\/\/holderstechnology.com\/pcb\/wp-content\/uploads\/sites\/5\/2025\/06\/logo_holders-technologypcb.jpg","contentUrl":"https:\/\/holderstechnology.com\/pcb\/wp-content\/uploads\/sites\/5\/2025\/06\/logo_holders-technologypcb.jpg","width":556,"height":67,"caption":"PCB"},"image":{"@id":"https:\/\/holderstechnology.com\/pcb\/#\/schema\/logo\/image\/"}}]}},"_links":{"self":[{"href":"https:\/\/holderstechnology.com\/pcb\/de\/wp-json\/wp\/v2\/pages\/6833","targetHints":{"allow":["GET"]}}],"collection":[{"href":"https:\/\/holderstechnology.com\/pcb\/de\/wp-json\/wp\/v2\/pages"}],"about":[{"href":"https:\/\/holderstechnology.com\/pcb\/de\/wp-json\/wp\/v2\/types\/page"}],"author":[{"embeddable":true,"href":"https:\/\/holderstechnology.com\/pcb\/de\/wp-json\/wp\/v2\/users\/1"}],"replies":[{"embeddable":true,"href":"https:\/\/holderstechnology.com\/pcb\/de\/wp-json\/wp\/v2\/comments?post=6833"}],"version-history":[{"count":8,"href":"https:\/\/holderstechnology.com\/pcb\/de\/wp-json\/wp\/v2\/pages\/6833\/revisions"}],"predecessor-version":[{"id":7406,"href":"https:\/\/holderstechnology.com\/pcb\/de\/wp-json\/wp\/v2\/pages\/6833\/revisions\/7406"}],"wp:attachment":[{"href":"https:\/\/holderstechnology.com\/pcb\/de\/wp-json\/wp\/v2\/media?parent=6833"}],"curies":[{"name":"wp","href":"https:\/\/api.w.org\/{rel}","templated":true}]}}