{"id":7325,"date":"2025-06-27T11:43:05","date_gmt":"2025-06-27T10:43:05","guid":{"rendered":"https:\/\/holderstechnology.com\/pcb\/privacy-policy\/"},"modified":"2025-09-24T17:08:37","modified_gmt":"2025-09-24T16:08:37","slug":"datenschutz-bestimmungen","status":"publish","type":"page","link":"https:\/\/holderstechnology.com\/pcb\/de\/datenschutz-bestimmungen\/","title":{"rendered":"Datenschutz Bestimmungen"},"content":{"rendered":"\t\t<div data-elementor-type=\"wp-page\" data-elementor-id=\"7325\" class=\"elementor elementor-7325 elementor-5744\" data-elementor-post-type=\"page\">\n\t\t\t\t<div class=\"elementor-element elementor-element-8cc241b e-flex e-con-boxed e-con e-parent\" data-id=\"8cc241b\" data-element_type=\"container\" data-e-type=\"container\">\n\t\t\t\t\t<div class=\"e-con-inner\">\n\t\t<div class=\"elementor-element elementor-element-4bc5ee2 e-con-full e-flex e-con e-child\" data-id=\"4bc5ee2\" data-element_type=\"container\" data-e-type=\"container\">\n\t\t\t\t<div class=\"elementor-element elementor-element-a85ca8d elementor-widget elementor-widget-image\" data-id=\"a85ca8d\" data-element_type=\"widget\" data-e-type=\"widget\" data-widget_type=\"image.default\">\n\t\t\t\t<div class=\"elementor-widget-container\">\n\t\t\t\t\t\t\t\t\t\t\t\t\t\t\t<img fetchpriority=\"high\" decoding=\"async\" width=\"1024\" height=\"350\" src=\"https:\/\/holderstechnology.com\/pcb\/wp-content\/uploads\/sites\/5\/2025\/06\/masthead-image-1-1140x390-1-1024x350.jpg\" class=\"attachment-large size-large wp-image-6363\" alt=\"\" srcset=\"https:\/\/holderstechnology.com\/pcb\/wp-content\/uploads\/sites\/5\/2025\/06\/masthead-image-1-1140x390-1-1024x350.jpg 1024w, https:\/\/holderstechnology.com\/pcb\/wp-content\/uploads\/sites\/5\/2025\/06\/masthead-image-1-1140x390-1-300x103.jpg 300w, https:\/\/holderstechnology.com\/pcb\/wp-content\/uploads\/sites\/5\/2025\/06\/masthead-image-1-1140x390-1-768x263.jpg 768w, https:\/\/holderstechnology.com\/pcb\/wp-content\/uploads\/sites\/5\/2025\/06\/masthead-image-1-1140x390-1.jpg 1140w\" sizes=\"(max-width: 1024px) 100vw, 1024px\" \/>\t\t\t\t\t\t\t\t\t\t\t\t\t\t\t<\/div>\n\t\t\t\t<\/div>\n\t\t\t\t<\/div>\n\t\t\t\t\t<\/div>\n\t\t\t\t<\/div>\n\t\t<div class=\"elementor-element elementor-element-f1f9750 e-flex e-con-boxed e-con e-parent\" data-id=\"f1f9750\" data-element_type=\"container\" data-e-type=\"container\">\n\t\t\t\t\t<div class=\"e-con-inner\">\n\t\t<div class=\"elementor-element elementor-element-e744c98 e-con-full e-flex e-con e-child\" data-id=\"e744c98\" data-element_type=\"container\" data-e-type=\"container\">\n\t\t\t\t<div class=\"elementor-element elementor-element-2c7fd4a elementor-widget elementor-widget-heading\" data-id=\"2c7fd4a\" data-element_type=\"widget\" data-e-type=\"widget\" data-widget_type=\"heading.default\">\n\t\t\t\t<div class=\"elementor-widget-container\">\n\t\t\t\t\t<h2 class=\"elementor-heading-title elementor-size-default\">Datenschutz-Bestimmungen<\/h2>\t\t\t\t<\/div>\n\t\t\t\t<\/div>\n\t\t\t\t<div class=\"elementor-element elementor-element-8eba293 elementor-widget elementor-widget-text-editor\" data-id=\"8eba293\" data-element_type=\"widget\" data-e-type=\"widget\" data-widget_type=\"text-editor.default\">\n\t\t\t\t<div class=\"elementor-widget-container\">\n\t\t\t\t\t\t\t\t\t<p>Holders Technology verpflichtet sich, die Privatsph\u00e4re der Besucher dieser Website zu sch\u00fctzen.<\/p><p>Wir erfassen nur personenbezogene Daten von Ihnen (z. B. Name, Adresse, Telefonnummer, E-Mail-Adresse), die Sie uns freiwillig durch Registrierung auf unserer Website oder Kontaktaufnahme \u00fcber unsere Adresse oder Telefonnummer zur Verf\u00fcgung gestellt oder per E-Mail-Anfrage an uns gesendet haben. Wir verwenden diese Daten ausschlie\u00dflich, um auf Ihre Anfrage oder E-Mail zu antworten und Ihnen aktuelle Informationen \u00fcber Neuigkeiten und Veranstaltungen bei Holders Technology zukommen zu lassen. Dies kann unter Umst\u00e4nden die Weitergabe Ihrer personenbezogenen Daten an Dritte erfordern, damit diese auf Ihre Anfrage antworten k\u00f6nnen. Sie stimmen hiermit der Verwendung Ihrer personenbezogenen Daten auf diese Weise zu.<\/p><p>Wir k\u00f6nnen diese personenbezogenen Daten an Dritte weitergeben, um diese Website und\/oder unsere Dienstleistungen zu verbessern. Wir werden die von Ihnen erhobenen personenbezogenen Daten jedoch nicht an Dritte verkaufen, vermieten oder vermarkten.<\/p><p>Wir k\u00f6nnen Ihre E-Mail-Kommunikation im Interesse unseres Gesch\u00e4fts \u00fcberwachen und\/oder protokollieren.<\/p>\t\t\t\t\t\t\t\t<\/div>\n\t\t\t\t<\/div>\n\t\t\t\t<\/div>\n\t\t<div class=\"elementor-element elementor-element-283aaca e-con-full e-flex e-con e-child\" data-id=\"283aaca\" data-element_type=\"container\" data-e-type=\"container\" data-settings=\"{&quot;background_background&quot;:&quot;classic&quot;}\">\n\t\t<div class=\"elementor-element elementor-element-0f735d3 e-con-full e-flex e-con e-child\" data-id=\"0f735d3\" data-element_type=\"container\" data-e-type=\"container\" data-settings=\"{&quot;background_background&quot;:&quot;classic&quot;}\">\n\t\t\t\t<div class=\"elementor-element elementor-element-d934d5f elementor-widget elementor-widget-heading\" data-id=\"d934d5f\" data-element_type=\"widget\" data-e-type=\"widget\" data-widget_type=\"heading.default\">\n\t\t\t\t<div class=\"elementor-widget-container\">\n\t\t\t\t\t<h2 class=\"elementor-heading-title elementor-size-default\">HOLDERS TECHNOLOGY GMBH<\/h2>\t\t\t\t<\/div>\n\t\t\t\t<\/div>\n\t\t\t\t<\/div>\n\t\t<div class=\"elementor-element elementor-element-bdbc5ed e-con-full e-flex e-con e-child\" data-id=\"bdbc5ed\" data-element_type=\"container\" data-e-type=\"container\">\n\t\t\t\t<div class=\"elementor-element elementor-element-4ce2685 elementor-widget elementor-widget-text-editor\" data-id=\"4ce2685\" data-element_type=\"widget\" data-e-type=\"widget\" data-widget_type=\"text-editor.default\">\n\t\t\t\t<div class=\"elementor-widget-container\">\n\t\t\t\t\t\t\t\t\t<p class=\"x_MsoNormal\"><span lang=\"DE\">Morschheimer\u00a0Stra\u00dfe 15<br \/><\/span><span lang=\"DE\">67292 Kirchheimbolanden<br \/><\/span>Germany<br \/><span lang=\"DE\" data-olk-copy-source=\"MessageBody\">Tel.: +49 (0)6352 \u2013 404 118<br \/><\/span><span lang=\"DE\">email: <a href=\"mailto:ledsalesde@holderstechnology.com\" data-linkindex=\"0\">ledsalesde@holderstechnology.com<\/a><\/span><\/p>\t\t\t\t\t\t\t\t<\/div>\n\t\t\t\t<\/div>\n\t\t\t\t<\/div>\n\t\t\t\t<\/div>\n\t\t\t\t\t<\/div>\n\t\t\t\t<\/div>\n\t\t\t\t<\/div>\n\t\t","protected":false},"excerpt":{"rendered":"<p>Datenschutz-Bestimmungen Holders Technology verpflichtet sich, die Privatsph\u00e4re der Besucher dieser Website zu sch\u00fctzen. Wir erfassen nur personenbezogene Daten von Ihnen [&hellip;]<\/p>\n","protected":false},"author":1,"featured_media":0,"parent":0,"menu_order":0,"comment_status":"closed","ping_status":"closed","template":"","meta":{"_acf_changed":false,"inline_featured_image":false,"site-sidebar-layout":"no-sidebar","site-content-layout":"","ast-site-content-layout":"full-width-container","site-content-style":"default","site-sidebar-style":"default","ast-global-header-display":"","ast-banner-title-visibility":"","ast-main-header-display":"","ast-hfb-above-header-display":"","ast-hfb-below-header-display":"","ast-hfb-mobile-header-display":"","site-post-title":"disabled","ast-breadcrumbs-content":"","ast-featured-img":"disabled","footer-sml-layout":"","ast-disable-related-posts":"","theme-transparent-header-meta":"default","adv-header-id-meta":"","stick-header-meta":"","header-above-stick-meta":"","header-main-stick-meta":"","header-below-stick-meta":"","astra-migrate-meta-layouts":"set","ast-page-background-enabled":"default","ast-page-background-meta":{"desktop":{"background-color":"var(--ast-global-color-5)","background-image":"","background-repeat":"repeat","background-position":"center center","background-size":"auto","background-attachment":"scroll","background-type":"","background-media":"","overlay-type":"","overlay-color":"","overlay-opacity":"","overlay-gradient":""},"tablet":{"background-color":"","background-image":"","background-repeat":"repeat","background-position":"center center","background-size":"auto","background-attachment":"scroll","background-type":"","background-media":"","overlay-type":"","overlay-color":"","overlay-opacity":"","overlay-gradient":""},"mobile":{"background-color":"","background-image":"","background-repeat":"repeat","background-position":"center center","background-size":"auto","background-attachment":"scroll","background-type":"","background-media":"","overlay-type":"","overlay-color":"","overlay-opacity":"","overlay-gradient":""}},"ast-content-background-meta":{"desktop":{"background-color":"var(--ast-global-color-4)","background-image":"","background-repeat":"repeat","background-position":"center center","background-size":"auto","background-attachment":"scroll","background-type":"","background-media":"","overlay-type":"","overlay-color":"","overlay-opacity":"","overlay-gradient":""},"tablet":{"background-color":"var(--ast-global-color-4)","background-image":"","background-repeat":"repeat","background-position":"center center","background-size":"auto","background-attachment":"scroll","background-type":"","background-media":"","overlay-type":"","overlay-color":"","overlay-opacity":"","overlay-gradient":""},"mobile":{"background-color":"var(--ast-global-color-4)","background-image":"","background-repeat":"repeat","background-position":"center center","background-size":"auto","background-attachment":"scroll","background-type":"","background-media":"","overlay-type":"","overlay-color":"","overlay-opacity":"","overlay-gradient":""}},"footnotes":""},"class_list":["post-7325","page","type-page","status-publish","hentry"],"acf":[],"yoast_head":"<!-- This site is optimized with the Yoast SEO plugin v27.3 - https:\/\/yoast.com\/product\/yoast-seo-wordpress\/ -->\n<title>Datenschutz Bestimmungen - PCB<\/title>\n<meta name=\"robots\" content=\"index, follow, max-snippet:-1, max-image-preview:large, max-video-preview:-1\" \/>\n<link rel=\"canonical\" href=\"https:\/\/holderstechnology.com\/pcb\/de\/datenschutz-bestimmungen\/\" \/>\n<meta property=\"og:locale\" content=\"de_DE\" \/>\n<meta property=\"og:type\" content=\"article\" \/>\n<meta property=\"og:title\" content=\"Datenschutz Bestimmungen - PCB\" \/>\n<meta property=\"og:description\" content=\"Datenschutz-Bestimmungen Holders Technology verpflichtet sich, die Privatsph\u00e4re der Besucher dieser Website zu sch\u00fctzen. Wir erfassen nur personenbezogene Daten von Ihnen [&hellip;]\" \/>\n<meta property=\"og:url\" content=\"https:\/\/holderstechnology.com\/pcb\/de\/datenschutz-bestimmungen\/\" \/>\n<meta property=\"og:site_name\" content=\"PCB\" \/>\n<meta property=\"article:modified_time\" content=\"2025-09-24T16:08:37+00:00\" \/>\n<meta property=\"og:image\" content=\"https:\/\/holderstechnology.com\/pcb\/wp-content\/uploads\/sites\/5\/2025\/06\/masthead-image-1-1140x390-1.jpg\" \/>\n\t<meta property=\"og:image:width\" content=\"1140\" \/>\n\t<meta property=\"og:image:height\" content=\"390\" \/>\n\t<meta property=\"og:image:type\" content=\"image\/jpeg\" \/>\n<meta name=\"twitter:card\" content=\"summary_large_image\" \/>\n<meta name=\"twitter:label1\" content=\"Gesch\u00e4tzte Lesezeit\" \/>\n\t<meta name=\"twitter:data1\" content=\"2\u00a0Minuten\" \/>\n<script type=\"application\/ld+json\" class=\"yoast-schema-graph\">{\"@context\":\"https:\\\/\\\/schema.org\",\"@graph\":[{\"@type\":\"WebPage\",\"@id\":\"https:\\\/\\\/holderstechnology.com\\\/pcb\\\/de\\\/datenschutz-bestimmungen\\\/\",\"url\":\"https:\\\/\\\/holderstechnology.com\\\/pcb\\\/de\\\/datenschutz-bestimmungen\\\/\",\"name\":\"Datenschutz Bestimmungen - PCB\",\"isPartOf\":{\"@id\":\"https:\\\/\\\/holderstechnology.com\\\/pcb\\\/#website\"},\"primaryImageOfPage\":{\"@id\":\"https:\\\/\\\/holderstechnology.com\\\/pcb\\\/de\\\/datenschutz-bestimmungen\\\/#primaryimage\"},\"image\":{\"@id\":\"https:\\\/\\\/holderstechnology.com\\\/pcb\\\/de\\\/datenschutz-bestimmungen\\\/#primaryimage\"},\"thumbnailUrl\":\"https:\\\/\\\/holderstechnology.com\\\/pcb\\\/wp-content\\\/uploads\\\/sites\\\/5\\\/2025\\\/06\\\/masthead-image-1-1140x390-1-1024x350.jpg\",\"datePublished\":\"2025-06-27T10:43:05+00:00\",\"dateModified\":\"2025-09-24T16:08:37+00:00\",\"breadcrumb\":{\"@id\":\"https:\\\/\\\/holderstechnology.com\\\/pcb\\\/de\\\/datenschutz-bestimmungen\\\/#breadcrumb\"},\"inLanguage\":\"de\",\"potentialAction\":[{\"@type\":\"ReadAction\",\"target\":[\"https:\\\/\\\/holderstechnology.com\\\/pcb\\\/de\\\/datenschutz-bestimmungen\\\/\"]}]},{\"@type\":\"ImageObject\",\"inLanguage\":\"de\",\"@id\":\"https:\\\/\\\/holderstechnology.com\\\/pcb\\\/de\\\/datenschutz-bestimmungen\\\/#primaryimage\",\"url\":\"https:\\\/\\\/holderstechnology.com\\\/pcb\\\/wp-content\\\/uploads\\\/sites\\\/5\\\/2025\\\/06\\\/masthead-image-1-1140x390-1-1024x350.jpg\",\"contentUrl\":\"https:\\\/\\\/holderstechnology.com\\\/pcb\\\/wp-content\\\/uploads\\\/sites\\\/5\\\/2025\\\/06\\\/masthead-image-1-1140x390-1-1024x350.jpg\"},{\"@type\":\"BreadcrumbList\",\"@id\":\"https:\\\/\\\/holderstechnology.com\\\/pcb\\\/de\\\/datenschutz-bestimmungen\\\/#breadcrumb\",\"itemListElement\":[{\"@type\":\"ListItem\",\"position\":1,\"name\":\"Home\",\"item\":\"https:\\\/\\\/holderstechnology.com\\\/pcb\\\/de\\\/\"},{\"@type\":\"ListItem\",\"position\":2,\"name\":\"Datenschutz Bestimmungen\"}]},{\"@type\":\"WebSite\",\"@id\":\"https:\\\/\\\/holderstechnology.com\\\/pcb\\\/#website\",\"url\":\"https:\\\/\\\/holderstechnology.com\\\/pcb\\\/\",\"name\":\"PCB\",\"description\":\"\",\"publisher\":{\"@id\":\"https:\\\/\\\/holderstechnology.com\\\/pcb\\\/#organization\"},\"potentialAction\":[{\"@type\":\"SearchAction\",\"target\":{\"@type\":\"EntryPoint\",\"urlTemplate\":\"https:\\\/\\\/holderstechnology.com\\\/pcb\\\/?s={search_term_string}\"},\"query-input\":{\"@type\":\"PropertyValueSpecification\",\"valueRequired\":true,\"valueName\":\"search_term_string\"}}],\"inLanguage\":\"de\"},{\"@type\":\"Organization\",\"@id\":\"https:\\\/\\\/holderstechnology.com\\\/pcb\\\/#organization\",\"name\":\"PCB\",\"url\":\"https:\\\/\\\/holderstechnology.com\\\/pcb\\\/\",\"logo\":{\"@type\":\"ImageObject\",\"inLanguage\":\"de\",\"@id\":\"https:\\\/\\\/holderstechnology.com\\\/pcb\\\/#\\\/schema\\\/logo\\\/image\\\/\",\"url\":\"https:\\\/\\\/holderstechnology.com\\\/pcb\\\/wp-content\\\/uploads\\\/sites\\\/5\\\/2025\\\/06\\\/logo_holders-technologypcb.jpg\",\"contentUrl\":\"https:\\\/\\\/holderstechnology.com\\\/pcb\\\/wp-content\\\/uploads\\\/sites\\\/5\\\/2025\\\/06\\\/logo_holders-technologypcb.jpg\",\"width\":556,\"height\":67,\"caption\":\"PCB\"},\"image\":{\"@id\":\"https:\\\/\\\/holderstechnology.com\\\/pcb\\\/#\\\/schema\\\/logo\\\/image\\\/\"}}]}<\/script>\n<!-- \/ Yoast SEO plugin. -->","yoast_head_json":{"title":"Datenschutz Bestimmungen - PCB","robots":{"index":"index","follow":"follow","max-snippet":"max-snippet:-1","max-image-preview":"max-image-preview:large","max-video-preview":"max-video-preview:-1"},"canonical":"https:\/\/holderstechnology.com\/pcb\/de\/datenschutz-bestimmungen\/","og_locale":"de_DE","og_type":"article","og_title":"Datenschutz Bestimmungen - PCB","og_description":"Datenschutz-Bestimmungen Holders Technology verpflichtet sich, die Privatsph\u00e4re der Besucher dieser Website zu sch\u00fctzen. Wir erfassen nur personenbezogene Daten von Ihnen [&hellip;]","og_url":"https:\/\/holderstechnology.com\/pcb\/de\/datenschutz-bestimmungen\/","og_site_name":"PCB","article_modified_time":"2025-09-24T16:08:37+00:00","og_image":[{"width":1140,"height":390,"url":"https:\/\/holderstechnology.com\/pcb\/wp-content\/uploads\/sites\/5\/2025\/06\/masthead-image-1-1140x390-1.jpg","type":"image\/jpeg"}],"twitter_card":"summary_large_image","twitter_misc":{"Gesch\u00e4tzte Lesezeit":"2\u00a0Minuten"},"schema":{"@context":"https:\/\/schema.org","@graph":[{"@type":"WebPage","@id":"https:\/\/holderstechnology.com\/pcb\/de\/datenschutz-bestimmungen\/","url":"https:\/\/holderstechnology.com\/pcb\/de\/datenschutz-bestimmungen\/","name":"Datenschutz Bestimmungen - PCB","isPartOf":{"@id":"https:\/\/holderstechnology.com\/pcb\/#website"},"primaryImageOfPage":{"@id":"https:\/\/holderstechnology.com\/pcb\/de\/datenschutz-bestimmungen\/#primaryimage"},"image":{"@id":"https:\/\/holderstechnology.com\/pcb\/de\/datenschutz-bestimmungen\/#primaryimage"},"thumbnailUrl":"https:\/\/holderstechnology.com\/pcb\/wp-content\/uploads\/sites\/5\/2025\/06\/masthead-image-1-1140x390-1-1024x350.jpg","datePublished":"2025-06-27T10:43:05+00:00","dateModified":"2025-09-24T16:08:37+00:00","breadcrumb":{"@id":"https:\/\/holderstechnology.com\/pcb\/de\/datenschutz-bestimmungen\/#breadcrumb"},"inLanguage":"de","potentialAction":[{"@type":"ReadAction","target":["https:\/\/holderstechnology.com\/pcb\/de\/datenschutz-bestimmungen\/"]}]},{"@type":"ImageObject","inLanguage":"de","@id":"https:\/\/holderstechnology.com\/pcb\/de\/datenschutz-bestimmungen\/#primaryimage","url":"https:\/\/holderstechnology.com\/pcb\/wp-content\/uploads\/sites\/5\/2025\/06\/masthead-image-1-1140x390-1-1024x350.jpg","contentUrl":"https:\/\/holderstechnology.com\/pcb\/wp-content\/uploads\/sites\/5\/2025\/06\/masthead-image-1-1140x390-1-1024x350.jpg"},{"@type":"BreadcrumbList","@id":"https:\/\/holderstechnology.com\/pcb\/de\/datenschutz-bestimmungen\/#breadcrumb","itemListElement":[{"@type":"ListItem","position":1,"name":"Home","item":"https:\/\/holderstechnology.com\/pcb\/de\/"},{"@type":"ListItem","position":2,"name":"Datenschutz Bestimmungen"}]},{"@type":"WebSite","@id":"https:\/\/holderstechnology.com\/pcb\/#website","url":"https:\/\/holderstechnology.com\/pcb\/","name":"PCB","description":"","publisher":{"@id":"https:\/\/holderstechnology.com\/pcb\/#organization"},"potentialAction":[{"@type":"SearchAction","target":{"@type":"EntryPoint","urlTemplate":"https:\/\/holderstechnology.com\/pcb\/?s={search_term_string}"},"query-input":{"@type":"PropertyValueSpecification","valueRequired":true,"valueName":"search_term_string"}}],"inLanguage":"de"},{"@type":"Organization","@id":"https:\/\/holderstechnology.com\/pcb\/#organization","name":"PCB","url":"https:\/\/holderstechnology.com\/pcb\/","logo":{"@type":"ImageObject","inLanguage":"de","@id":"https:\/\/holderstechnology.com\/pcb\/#\/schema\/logo\/image\/","url":"https:\/\/holderstechnology.com\/pcb\/wp-content\/uploads\/sites\/5\/2025\/06\/logo_holders-technologypcb.jpg","contentUrl":"https:\/\/holderstechnology.com\/pcb\/wp-content\/uploads\/sites\/5\/2025\/06\/logo_holders-technologypcb.jpg","width":556,"height":67,"caption":"PCB"},"image":{"@id":"https:\/\/holderstechnology.com\/pcb\/#\/schema\/logo\/image\/"}}]}},"_links":{"self":[{"href":"https:\/\/holderstechnology.com\/pcb\/de\/wp-json\/wp\/v2\/pages\/7325","targetHints":{"allow":["GET"]}}],"collection":[{"href":"https:\/\/holderstechnology.com\/pcb\/de\/wp-json\/wp\/v2\/pages"}],"about":[{"href":"https:\/\/holderstechnology.com\/pcb\/de\/wp-json\/wp\/v2\/types\/page"}],"author":[{"embeddable":true,"href":"https:\/\/holderstechnology.com\/pcb\/de\/wp-json\/wp\/v2\/users\/1"}],"replies":[{"embeddable":true,"href":"https:\/\/holderstechnology.com\/pcb\/de\/wp-json\/wp\/v2\/comments?post=7325"}],"version-history":[{"count":5,"href":"https:\/\/holderstechnology.com\/pcb\/de\/wp-json\/wp\/v2\/pages\/7325\/revisions"}],"predecessor-version":[{"id":7351,"href":"https:\/\/holderstechnology.com\/pcb\/de\/wp-json\/wp\/v2\/pages\/7325\/revisions\/7351"}],"wp:attachment":[{"href":"https:\/\/holderstechnology.com\/pcb\/de\/wp-json\/wp\/v2\/media?parent=7325"}],"curies":[{"name":"wp","href":"https:\/\/api.w.org\/{rel}","templated":true}]}}