{"id":7335,"date":"2025-06-27T11:43:28","date_gmt":"2025-06-27T10:43:28","guid":{"rendered":"https:\/\/holderstechnology.com\/pcb\/accessibility\/"},"modified":"2025-09-24T17:21:58","modified_gmt":"2025-09-24T16:21:58","slug":"zugaenglichkeit","status":"publish","type":"page","link":"https:\/\/holderstechnology.com\/pcb\/de\/zugaenglichkeit\/","title":{"rendered":"Zug\u00e4nglichkeit"},"content":{"rendered":"\t\t<div data-elementor-type=\"wp-page\" data-elementor-id=\"7335\" class=\"elementor elementor-7335 elementor-5746\" data-elementor-post-type=\"page\">\n\t\t\t\t<div class=\"elementor-element elementor-element-18abb60 e-flex e-con-boxed e-con e-parent\" data-id=\"18abb60\" data-element_type=\"container\" data-e-type=\"container\">\n\t\t\t\t\t<div class=\"e-con-inner\">\n\t\t<div class=\"elementor-element elementor-element-ed8ef12 e-con-full e-flex e-con e-child\" data-id=\"ed8ef12\" data-element_type=\"container\" data-e-type=\"container\">\n\t\t\t\t<div class=\"elementor-element elementor-element-fe2f0f8 elementor-widget elementor-widget-image\" data-id=\"fe2f0f8\" data-element_type=\"widget\" data-e-type=\"widget\" data-widget_type=\"image.default\">\n\t\t\t\t<div class=\"elementor-widget-container\">\n\t\t\t\t\t\t\t\t\t\t\t\t\t\t\t<img fetchpriority=\"high\" decoding=\"async\" width=\"1024\" height=\"350\" src=\"https:\/\/holderstechnology.com\/pcb\/wp-content\/uploads\/sites\/5\/2025\/06\/masthead-image-1-1140x390-1-1024x350.jpg\" class=\"attachment-large size-large wp-image-6363\" alt=\"\" srcset=\"https:\/\/holderstechnology.com\/pcb\/wp-content\/uploads\/sites\/5\/2025\/06\/masthead-image-1-1140x390-1-1024x350.jpg 1024w, https:\/\/holderstechnology.com\/pcb\/wp-content\/uploads\/sites\/5\/2025\/06\/masthead-image-1-1140x390-1-300x103.jpg 300w, https:\/\/holderstechnology.com\/pcb\/wp-content\/uploads\/sites\/5\/2025\/06\/masthead-image-1-1140x390-1-768x263.jpg 768w, https:\/\/holderstechnology.com\/pcb\/wp-content\/uploads\/sites\/5\/2025\/06\/masthead-image-1-1140x390-1.jpg 1140w\" sizes=\"(max-width: 1024px) 100vw, 1024px\" \/>\t\t\t\t\t\t\t\t\t\t\t\t\t\t\t<\/div>\n\t\t\t\t<\/div>\n\t\t\t\t<\/div>\n\t\t\t\t\t<\/div>\n\t\t\t\t<\/div>\n\t\t<div class=\"elementor-element elementor-element-642d060 e-flex e-con-boxed e-con e-parent\" data-id=\"642d060\" data-element_type=\"container\" data-e-type=\"container\">\n\t\t\t\t\t<div class=\"e-con-inner\">\n\t\t<div class=\"elementor-element elementor-element-3420ef1 e-con-full e-flex e-con e-child\" data-id=\"3420ef1\" data-element_type=\"container\" data-e-type=\"container\">\n\t\t<div class=\"elementor-element elementor-element-90c1af1 e-con-full e-flex e-con e-child\" data-id=\"90c1af1\" data-element_type=\"container\" data-e-type=\"container\">\n\t\t\t\t<div class=\"elementor-element elementor-element-60ddcb5 elementor-widget elementor-widget-heading\" data-id=\"60ddcb5\" data-element_type=\"widget\" data-e-type=\"widget\" data-widget_type=\"heading.default\">\n\t\t\t\t<div class=\"elementor-widget-container\">\n\t\t\t\t\t<h2 class=\"elementor-heading-title elementor-size-default\">Zug\u00e4nglichkeit<\/h2>\t\t\t\t<\/div>\n\t\t\t\t<\/div>\n\t\t\t\t<div class=\"elementor-element elementor-element-77f3967 elementor-widget elementor-widget-text-editor\" data-id=\"77f3967\" data-element_type=\"widget\" data-e-type=\"widget\" data-widget_type=\"text-editor.default\">\n\t\t\t\t<div class=\"elementor-widget-container\">\n\t\t\t\t\t\t\t\t\t<p>Holders Technology hat bei der Entwicklung unserer Website nach M\u00f6glichkeit die Richtlinien von Barrierefreiheitsexperten und Standardisierungsgremien befolgt.<\/p><p>Unsere Seiten sind nach den aktuellen HTML\/CSS-Standards validiert und erf\u00fcllen viele WCAG-Richtlinien f\u00fcr Barrierefreiheit bis zur Bewertung \u201eA\u201c.<\/p><p>Ausgenommen hiervon sind lediglich Seiten, die von uns gehostet, aber von externen Autoren erstellt wurden, sowie externe Links zu anderen Websites. Unsere Seiten sind f\u00fcr die Verwendung mit einer Vielzahl von Webbrowsern unter Windows, Mac und Linux konzipiert. F\u00fcr eine optimale Darstellung unserer Website empfehlen wir Google Chrome oder Internet Explorer 11. Da fast alle Skripte browserunabh\u00e4ngig sind, sollte jedoch auch mit reinen Textbrowsern wie Lynx alles funktionieren.<\/p><p>Viele Browser verf\u00fcgen zudem \u00fcber integrierte Barrierefreiheitsoptionen und -funktionen, die die Barrierefreiheit der Website weiter verbessern. Weitere Informationen finden Sie in der Hilfedatei Ihres Browsers.<\/p><p>Der gesamte Code und die Grafiken unserer Website wurden f\u00fcr schnelles Herunterladen optimiert.<\/p>\t\t\t\t\t\t\t\t<\/div>\n\t\t\t\t<\/div>\n\t\t\t\t<\/div>\n\t\t<div class=\"elementor-element elementor-element-862d24d e-con-full e-flex e-con e-child\" data-id=\"862d24d\" data-element_type=\"container\" data-e-type=\"container\">\n\t\t<div class=\"elementor-element elementor-element-5c49938 e-con-full e-flex e-con e-child\" data-id=\"5c49938\" data-element_type=\"container\" data-e-type=\"container\" data-settings=\"{&quot;background_background&quot;:&quot;classic&quot;}\">\n\t\t<div class=\"elementor-element elementor-element-4b1bd2b e-con-full e-flex e-con e-child\" data-id=\"4b1bd2b\" data-element_type=\"container\" data-e-type=\"container\" data-settings=\"{&quot;background_background&quot;:&quot;classic&quot;}\">\n\t\t\t\t<div class=\"elementor-element elementor-element-26f3026 elementor-widget elementor-widget-heading\" data-id=\"26f3026\" data-element_type=\"widget\" data-e-type=\"widget\" data-widget_type=\"heading.default\">\n\t\t\t\t<div class=\"elementor-widget-container\">\n\t\t\t\t\t<h2 class=\"elementor-heading-title elementor-size-default\">HOLDERS TECHNOLOGY GMBH<\/h2>\t\t\t\t<\/div>\n\t\t\t\t<\/div>\n\t\t\t\t<\/div>\n\t\t<div class=\"elementor-element elementor-element-318ff4b e-con-full e-flex e-con e-child\" data-id=\"318ff4b\" data-element_type=\"container\" data-e-type=\"container\">\n\t\t\t\t<div class=\"elementor-element elementor-element-e4f843e elementor-widget elementor-widget-text-editor\" data-id=\"e4f843e\" data-element_type=\"widget\" data-e-type=\"widget\" data-widget_type=\"text-editor.default\">\n\t\t\t\t<div class=\"elementor-widget-container\">\n\t\t\t\t\t\t\t\t\t<p>HOLDERS TECHNOLOGY GMBH<br \/><span style=\"font-size: 16px;\">Morschheimer\u00a0Stra\u00dfe 15<br \/><\/span><span lang=\"DE\">67292 Kirchheimbolanden<br \/><\/span>Germany<br \/><span lang=\"DE\" data-olk-copy-source=\"MessageBody\">Tel.: +49 (0)6352 \u2013 404 118<br \/><\/span><span lang=\"DE\">e-mail:\u00a0<a href=\"mailto:ledsalesde@holderstechnology.com\" data-linkindex=\"0\">ledsalesde@holderstechnology.com<\/a><\/span><\/p>\t\t\t\t\t\t\t\t<\/div>\n\t\t\t\t<\/div>\n\t\t\t\t<\/div>\n\t\t\t\t<\/div>\n\t\t\t\t<\/div>\n\t\t\t\t<\/div>\n\t\t\t\t\t<\/div>\n\t\t\t\t<\/div>\n\t\t\t\t<\/div>\n\t\t","protected":false},"excerpt":{"rendered":"<p>Zug\u00e4nglichkeit Holders Technology hat bei der Entwicklung unserer Website nach M\u00f6glichkeit die Richtlinien von Barrierefreiheitsexperten und Standardisierungsgremien befolgt. Unsere Seiten [&hellip;]<\/p>\n","protected":false},"author":1,"featured_media":0,"parent":0,"menu_order":0,"comment_status":"closed","ping_status":"closed","template":"","meta":{"_acf_changed":false,"inline_featured_image":false,"site-sidebar-layout":"default","site-content-layout":"","ast-site-content-layout":"default","site-content-style":"default","site-sidebar-style":"default","ast-global-header-display":"","ast-banner-title-visibility":"","ast-main-header-display":"","ast-hfb-above-header-display":"","ast-hfb-below-header-display":"","ast-hfb-mobile-header-display":"","site-post-title":"","ast-breadcrumbs-content":"","ast-featured-img":"","footer-sml-layout":"","ast-disable-related-posts":"","theme-transparent-header-meta":"default","adv-header-id-meta":"","stick-header-meta":"","header-above-stick-meta":"","header-main-stick-meta":"","header-below-stick-meta":"","astra-migrate-meta-layouts":"set","ast-page-background-enabled":"default","ast-page-background-meta":{"desktop":{"background-color":"var(--ast-global-color-5)","background-image":"","background-repeat":"repeat","background-position":"center center","background-size":"auto","background-attachment":"scroll","background-type":"","background-media":"","overlay-type":"","overlay-color":"","overlay-opacity":"","overlay-gradient":""},"tablet":{"background-color":"","background-image":"","background-repeat":"repeat","background-position":"center center","background-size":"auto","background-attachment":"scroll","background-type":"","background-media":"","overlay-type":"","overlay-color":"","overlay-opacity":"","overlay-gradient":""},"mobile":{"background-color":"","background-image":"","background-repeat":"repeat","background-position":"center center","background-size":"auto","background-attachment":"scroll","background-type":"","background-media":"","overlay-type":"","overlay-color":"","overlay-opacity":"","overlay-gradient":""}},"ast-content-background-meta":{"desktop":{"background-color":"var(--ast-global-color-4)","background-image":"","background-repeat":"repeat","background-position":"center center","background-size":"auto","background-attachment":"scroll","background-type":"","background-media":"","overlay-type":"","overlay-color":"","overlay-opacity":"","overlay-gradient":""},"tablet":{"background-color":"var(--ast-global-color-4)","background-image":"","background-repeat":"repeat","background-position":"center center","background-size":"auto","background-attachment":"scroll","background-type":"","background-media":"","overlay-type":"","overlay-color":"","overlay-opacity":"","overlay-gradient":""},"mobile":{"background-color":"var(--ast-global-color-4)","background-image":"","background-repeat":"repeat","background-position":"center center","background-size":"auto","background-attachment":"scroll","background-type":"","background-media":"","overlay-type":"","overlay-color":"","overlay-opacity":"","overlay-gradient":""}},"footnotes":""},"class_list":["post-7335","page","type-page","status-publish","hentry"],"acf":[],"yoast_head":"<!-- This site is optimized with the Yoast SEO plugin v27.1.1 - https:\/\/yoast.com\/product\/yoast-seo-wordpress\/ -->\n<title>Zug\u00e4nglichkeit - PCB<\/title>\n<meta name=\"robots\" content=\"index, follow, max-snippet:-1, max-image-preview:large, max-video-preview:-1\" \/>\n<link rel=\"canonical\" href=\"https:\/\/holderstechnology.com\/pcb\/de\/zugaenglichkeit\/\" \/>\n<meta property=\"og:locale\" content=\"de_DE\" \/>\n<meta property=\"og:type\" content=\"article\" \/>\n<meta property=\"og:title\" content=\"Zug\u00e4nglichkeit - PCB\" \/>\n<meta property=\"og:description\" content=\"Zug\u00e4nglichkeit Holders Technology hat bei der Entwicklung unserer Website nach M\u00f6glichkeit die Richtlinien von Barrierefreiheitsexperten und Standardisierungsgremien befolgt. Unsere Seiten [&hellip;]\" \/>\n<meta property=\"og:url\" content=\"https:\/\/holderstechnology.com\/pcb\/de\/zugaenglichkeit\/\" \/>\n<meta property=\"og:site_name\" content=\"PCB\" \/>\n<meta property=\"article:modified_time\" content=\"2025-09-24T16:21:58+00:00\" \/>\n<meta property=\"og:image\" content=\"https:\/\/holderstechnology.com\/pcb\/wp-content\/uploads\/sites\/5\/2025\/06\/masthead-image-1-1140x390-1.jpg\" \/>\n\t<meta property=\"og:image:width\" content=\"1140\" \/>\n\t<meta property=\"og:image:height\" content=\"390\" \/>\n\t<meta property=\"og:image:type\" content=\"image\/jpeg\" \/>\n<meta name=\"twitter:card\" content=\"summary_large_image\" \/>\n<meta name=\"twitter:label1\" content=\"Gesch\u00e4tzte Lesezeit\" \/>\n\t<meta name=\"twitter:data1\" content=\"2\u00a0Minuten\" \/>\n<script type=\"application\/ld+json\" class=\"yoast-schema-graph\">{\"@context\":\"https:\/\/schema.org\",\"@graph\":[{\"@type\":\"WebPage\",\"@id\":\"https:\/\/holderstechnology.com\/pcb\/de\/zugaenglichkeit\/\",\"url\":\"https:\/\/holderstechnology.com\/pcb\/de\/zugaenglichkeit\/\",\"name\":\"Zug\u00e4nglichkeit - PCB\",\"isPartOf\":{\"@id\":\"https:\/\/holderstechnology.com\/pcb\/#website\"},\"primaryImageOfPage\":{\"@id\":\"https:\/\/holderstechnology.com\/pcb\/de\/zugaenglichkeit\/#primaryimage\"},\"image\":{\"@id\":\"https:\/\/holderstechnology.com\/pcb\/de\/zugaenglichkeit\/#primaryimage\"},\"thumbnailUrl\":\"https:\/\/holderstechnology.com\/pcb\/wp-content\/uploads\/sites\/5\/2025\/06\/masthead-image-1-1140x390-1-1024x350.jpg\",\"datePublished\":\"2025-06-27T10:43:28+00:00\",\"dateModified\":\"2025-09-24T16:21:58+00:00\",\"breadcrumb\":{\"@id\":\"https:\/\/holderstechnology.com\/pcb\/de\/zugaenglichkeit\/#breadcrumb\"},\"inLanguage\":\"de\",\"potentialAction\":[{\"@type\":\"ReadAction\",\"target\":[\"https:\/\/holderstechnology.com\/pcb\/de\/zugaenglichkeit\/\"]}]},{\"@type\":\"ImageObject\",\"inLanguage\":\"de\",\"@id\":\"https:\/\/holderstechnology.com\/pcb\/de\/zugaenglichkeit\/#primaryimage\",\"url\":\"https:\/\/holderstechnology.com\/pcb\/wp-content\/uploads\/sites\/5\/2025\/06\/masthead-image-1-1140x390-1-1024x350.jpg\",\"contentUrl\":\"https:\/\/holderstechnology.com\/pcb\/wp-content\/uploads\/sites\/5\/2025\/06\/masthead-image-1-1140x390-1-1024x350.jpg\"},{\"@type\":\"BreadcrumbList\",\"@id\":\"https:\/\/holderstechnology.com\/pcb\/de\/zugaenglichkeit\/#breadcrumb\",\"itemListElement\":[{\"@type\":\"ListItem\",\"position\":1,\"name\":\"Home\",\"item\":\"https:\/\/holderstechnology.com\/pcb\/de\/\"},{\"@type\":\"ListItem\",\"position\":2,\"name\":\"Zug\u00e4nglichkeit\"}]},{\"@type\":\"WebSite\",\"@id\":\"https:\/\/holderstechnology.com\/pcb\/#website\",\"url\":\"https:\/\/holderstechnology.com\/pcb\/\",\"name\":\"PCB\",\"description\":\"\",\"publisher\":{\"@id\":\"https:\/\/holderstechnology.com\/pcb\/#organization\"},\"potentialAction\":[{\"@type\":\"SearchAction\",\"target\":{\"@type\":\"EntryPoint\",\"urlTemplate\":\"https:\/\/holderstechnology.com\/pcb\/?s={search_term_string}\"},\"query-input\":{\"@type\":\"PropertyValueSpecification\",\"valueRequired\":true,\"valueName\":\"search_term_string\"}}],\"inLanguage\":\"de\"},{\"@type\":\"Organization\",\"@id\":\"https:\/\/holderstechnology.com\/pcb\/#organization\",\"name\":\"PCB\",\"url\":\"https:\/\/holderstechnology.com\/pcb\/\",\"logo\":{\"@type\":\"ImageObject\",\"inLanguage\":\"de\",\"@id\":\"https:\/\/holderstechnology.com\/pcb\/#\/schema\/logo\/image\/\",\"url\":\"https:\/\/holderstechnology.com\/pcb\/wp-content\/uploads\/sites\/5\/2025\/06\/logo_holders-technologypcb.jpg\",\"contentUrl\":\"https:\/\/holderstechnology.com\/pcb\/wp-content\/uploads\/sites\/5\/2025\/06\/logo_holders-technologypcb.jpg\",\"width\":556,\"height\":67,\"caption\":\"PCB\"},\"image\":{\"@id\":\"https:\/\/holderstechnology.com\/pcb\/#\/schema\/logo\/image\/\"}}]}<\/script>\n<!-- \/ Yoast SEO plugin. -->","yoast_head_json":{"title":"Zug\u00e4nglichkeit - PCB","robots":{"index":"index","follow":"follow","max-snippet":"max-snippet:-1","max-image-preview":"max-image-preview:large","max-video-preview":"max-video-preview:-1"},"canonical":"https:\/\/holderstechnology.com\/pcb\/de\/zugaenglichkeit\/","og_locale":"de_DE","og_type":"article","og_title":"Zug\u00e4nglichkeit - PCB","og_description":"Zug\u00e4nglichkeit Holders Technology hat bei der Entwicklung unserer Website nach M\u00f6glichkeit die Richtlinien von Barrierefreiheitsexperten und Standardisierungsgremien befolgt. Unsere Seiten [&hellip;]","og_url":"https:\/\/holderstechnology.com\/pcb\/de\/zugaenglichkeit\/","og_site_name":"PCB","article_modified_time":"2025-09-24T16:21:58+00:00","og_image":[{"width":1140,"height":390,"url":"https:\/\/holderstechnology.com\/pcb\/wp-content\/uploads\/sites\/5\/2025\/06\/masthead-image-1-1140x390-1.jpg","type":"image\/jpeg"}],"twitter_card":"summary_large_image","twitter_misc":{"Gesch\u00e4tzte Lesezeit":"2\u00a0Minuten"},"schema":{"@context":"https:\/\/schema.org","@graph":[{"@type":"WebPage","@id":"https:\/\/holderstechnology.com\/pcb\/de\/zugaenglichkeit\/","url":"https:\/\/holderstechnology.com\/pcb\/de\/zugaenglichkeit\/","name":"Zug\u00e4nglichkeit - PCB","isPartOf":{"@id":"https:\/\/holderstechnology.com\/pcb\/#website"},"primaryImageOfPage":{"@id":"https:\/\/holderstechnology.com\/pcb\/de\/zugaenglichkeit\/#primaryimage"},"image":{"@id":"https:\/\/holderstechnology.com\/pcb\/de\/zugaenglichkeit\/#primaryimage"},"thumbnailUrl":"https:\/\/holderstechnology.com\/pcb\/wp-content\/uploads\/sites\/5\/2025\/06\/masthead-image-1-1140x390-1-1024x350.jpg","datePublished":"2025-06-27T10:43:28+00:00","dateModified":"2025-09-24T16:21:58+00:00","breadcrumb":{"@id":"https:\/\/holderstechnology.com\/pcb\/de\/zugaenglichkeit\/#breadcrumb"},"inLanguage":"de","potentialAction":[{"@type":"ReadAction","target":["https:\/\/holderstechnology.com\/pcb\/de\/zugaenglichkeit\/"]}]},{"@type":"ImageObject","inLanguage":"de","@id":"https:\/\/holderstechnology.com\/pcb\/de\/zugaenglichkeit\/#primaryimage","url":"https:\/\/holderstechnology.com\/pcb\/wp-content\/uploads\/sites\/5\/2025\/06\/masthead-image-1-1140x390-1-1024x350.jpg","contentUrl":"https:\/\/holderstechnology.com\/pcb\/wp-content\/uploads\/sites\/5\/2025\/06\/masthead-image-1-1140x390-1-1024x350.jpg"},{"@type":"BreadcrumbList","@id":"https:\/\/holderstechnology.com\/pcb\/de\/zugaenglichkeit\/#breadcrumb","itemListElement":[{"@type":"ListItem","position":1,"name":"Home","item":"https:\/\/holderstechnology.com\/pcb\/de\/"},{"@type":"ListItem","position":2,"name":"Zug\u00e4nglichkeit"}]},{"@type":"WebSite","@id":"https:\/\/holderstechnology.com\/pcb\/#website","url":"https:\/\/holderstechnology.com\/pcb\/","name":"PCB","description":"","publisher":{"@id":"https:\/\/holderstechnology.com\/pcb\/#organization"},"potentialAction":[{"@type":"SearchAction","target":{"@type":"EntryPoint","urlTemplate":"https:\/\/holderstechnology.com\/pcb\/?s={search_term_string}"},"query-input":{"@type":"PropertyValueSpecification","valueRequired":true,"valueName":"search_term_string"}}],"inLanguage":"de"},{"@type":"Organization","@id":"https:\/\/holderstechnology.com\/pcb\/#organization","name":"PCB","url":"https:\/\/holderstechnology.com\/pcb\/","logo":{"@type":"ImageObject","inLanguage":"de","@id":"https:\/\/holderstechnology.com\/pcb\/#\/schema\/logo\/image\/","url":"https:\/\/holderstechnology.com\/pcb\/wp-content\/uploads\/sites\/5\/2025\/06\/logo_holders-technologypcb.jpg","contentUrl":"https:\/\/holderstechnology.com\/pcb\/wp-content\/uploads\/sites\/5\/2025\/06\/logo_holders-technologypcb.jpg","width":556,"height":67,"caption":"PCB"},"image":{"@id":"https:\/\/holderstechnology.com\/pcb\/#\/schema\/logo\/image\/"}}]}},"_links":{"self":[{"href":"https:\/\/holderstechnology.com\/pcb\/de\/wp-json\/wp\/v2\/pages\/7335","targetHints":{"allow":["GET"]}}],"collection":[{"href":"https:\/\/holderstechnology.com\/pcb\/de\/wp-json\/wp\/v2\/pages"}],"about":[{"href":"https:\/\/holderstechnology.com\/pcb\/de\/wp-json\/wp\/v2\/types\/page"}],"author":[{"embeddable":true,"href":"https:\/\/holderstechnology.com\/pcb\/de\/wp-json\/wp\/v2\/users\/1"}],"replies":[{"embeddable":true,"href":"https:\/\/holderstechnology.com\/pcb\/de\/wp-json\/wp\/v2\/comments?post=7335"}],"version-history":[{"count":8,"href":"https:\/\/holderstechnology.com\/pcb\/de\/wp-json\/wp\/v2\/pages\/7335\/revisions"}],"predecessor-version":[{"id":7365,"href":"https:\/\/holderstechnology.com\/pcb\/de\/wp-json\/wp\/v2\/pages\/7335\/revisions\/7365"}],"wp:attachment":[{"href":"https:\/\/holderstechnology.com\/pcb\/de\/wp-json\/wp\/v2\/media?parent=7335"}],"curies":[{"name":"wp","href":"https:\/\/api.w.org\/{rel}","templated":true}]}}