{"id":6807,"date":"2025-09-23T17:29:25","date_gmt":"2025-09-23T16:29:25","guid":{"rendered":"https:\/\/holderstechnology.com\/pcb\/?post_type=product&#038;p=6807"},"modified":"2025-09-23T17:29:26","modified_gmt":"2025-09-23T16:29:26","slug":"abziehlack-em55-electra","status":"publish","type":"product","link":"https:\/\/holderstechnology.com\/pcb\/de\/product\/abziehlack-em55-electra\/","title":{"rendered":"Abziehlack EM55 Electra"},"content":{"rendered":"<p>Abziehlack f\u00fcr denn zeitweiligen Schutz ausgew\u00e4hlter Fl\u00e4chen gegen chemische B\u00e4der oder Hot Air Levelling und Wellenl\u00f6ten<\/p>\n","protected":false},"excerpt":{"rendered":"<p>Abziehlack f\u00fcr denn zeitweiligen Schutz ausgew\u00e4hlter Fl\u00e4chen gegen chemische B\u00e4der oder Hot Air Levelling und Wellenl\u00f6ten<\/p>\n","protected":false},"featured_media":0,"comment_status":"open","ping_status":"closed","template":"","meta":{"_acf_changed":false,"inline_featured_image":false,"site-sidebar-layout":"default","site-content-layout":"","ast-site-content-layout":"default","site-content-style":"default","site-sidebar-style":"default","ast-global-header-display":"","ast-banner-title-visibility":"","ast-main-header-display":"","ast-hfb-above-header-display":"","ast-hfb-below-header-display":"","ast-hfb-mobile-header-display":"","site-post-title":"","ast-breadcrumbs-content":"","ast-featured-img":"","footer-sml-layout":"","ast-disable-related-posts":"","theme-transparent-header-meta":"default","adv-header-id-meta":"","stick-header-meta":"","header-above-stick-meta":"","header-main-stick-meta":"","header-below-stick-meta":"","astra-migrate-meta-layouts":"set","ast-page-background-enabled":"default","ast-page-background-meta":{"desktop":{"background-color":"var(--ast-global-color-5)","background-image":"","background-repeat":"repeat","background-position":"center center","background-size":"auto","background-attachment":"scroll","background-type":"","background-media":"","overlay-type":"","overlay-color":"","overlay-opacity":"","overlay-gradient":""},"tablet":{"background-color":"","background-image":"","background-repeat":"repeat","background-position":"center center","background-size":"auto","background-attachment":"scroll","background-type":"","background-media":"","overlay-type":"","overlay-color":"","overlay-opacity":"","overlay-gradient":""},"mobile":{"background-color":"","background-image":"","background-repeat":"repeat","background-position":"center center","background-size":"auto","background-attachment":"scroll","background-type":"","background-media":"","overlay-type":"","overlay-color":"","overlay-opacity":"","overlay-gradient":""}},"ast-content-background-meta":{"desktop":{"background-color":"var(--ast-global-color-4)","background-image":"","background-repeat":"repeat","background-position":"center center","background-size":"auto","background-attachment":"scroll","background-type":"","background-media":"","overlay-type":"","overlay-color":"","overlay-opacity":"","overlay-gradient":""},"tablet":{"background-color":"var(--ast-global-color-4)","background-image":"","background-repeat":"repeat","background-position":"center center","background-size":"auto","background-attachment":"scroll","background-type":"","background-media":"","overlay-type":"","overlay-color":"","overlay-opacity":"","overlay-gradient":""},"mobile":{"background-color":"var(--ast-global-color-4)","background-image":"","background-repeat":"repeat","background-position":"center center","background-size":"auto","background-attachment":"scroll","background-type":"","background-media":"","overlay-type":"","overlay-color":"","overlay-opacity":"","overlay-gradient":""}}},"product_brand":[],"product_cat":[136],"product_tag":[],"class_list":{"0":"post-6807","1":"product","2":"type-product","3":"status-publish","5":"product_cat-aetz-und-plating-resist","6":"desktop-align-left","7":"tablet-align-left","8":"mobile-align-left","10":"first","11":"instock","12":"shipping-taxable","13":"product-type-simple"},"acf":[],"yoast_head":"<!-- This site is optimized with the Yoast SEO plugin v27.3 - https:\/\/yoast.com\/product\/yoast-seo-wordpress\/ -->\n<title>Abziehlack EM55 Electra - PCB<\/title>\n<meta name=\"robots\" content=\"index, follow, max-snippet:-1, max-image-preview:large, max-video-preview:-1\" \/>\n<link rel=\"canonical\" href=\"https:\/\/holderstechnology.com\/pcb\/de\/product\/abziehlack-em55-electra\/\" \/>\n<meta property=\"og:locale\" content=\"de_DE\" \/>\n<meta property=\"og:type\" content=\"article\" \/>\n<meta property=\"og:title\" content=\"Abziehlack EM55 Electra - PCB\" \/>\n<meta property=\"og:description\" content=\"Abziehlack f\u00fcr denn zeitweiligen Schutz ausgew\u00e4hlter Fl\u00e4chen gegen chemische B\u00e4der oder Hot Air Levelling und Wellenl\u00f6ten\" \/>\n<meta property=\"og:url\" content=\"https:\/\/holderstechnology.com\/pcb\/de\/product\/abziehlack-em55-electra\/\" \/>\n<meta property=\"og:site_name\" content=\"PCB\" \/>\n<meta property=\"article:modified_time\" content=\"2025-09-23T16:29:26+00:00\" \/>\n<meta name=\"twitter:card\" content=\"summary_large_image\" \/>\n<script type=\"application\/ld+json\" class=\"yoast-schema-graph\">{\"@context\":\"https:\\\/\\\/schema.org\",\"@graph\":[{\"@type\":\"WebPage\",\"@id\":\"https:\\\/\\\/holderstechnology.com\\\/pcb\\\/de\\\/product\\\/abziehlack-em55-electra\\\/\",\"url\":\"https:\\\/\\\/holderstechnology.com\\\/pcb\\\/de\\\/product\\\/abziehlack-em55-electra\\\/\",\"name\":\"Abziehlack EM55 Electra - PCB\",\"isPartOf\":{\"@id\":\"https:\\\/\\\/holderstechnology.com\\\/pcb\\\/#website\"},\"datePublished\":\"2025-09-23T16:29:25+00:00\",\"dateModified\":\"2025-09-23T16:29:26+00:00\",\"breadcrumb\":{\"@id\":\"https:\\\/\\\/holderstechnology.com\\\/pcb\\\/de\\\/product\\\/abziehlack-em55-electra\\\/#breadcrumb\"},\"inLanguage\":\"de\",\"potentialAction\":[{\"@type\":\"ReadAction\",\"target\":[\"https:\\\/\\\/holderstechnology.com\\\/pcb\\\/de\\\/product\\\/abziehlack-em55-electra\\\/\"]}]},{\"@type\":\"BreadcrumbList\",\"@id\":\"https:\\\/\\\/holderstechnology.com\\\/pcb\\\/de\\\/product\\\/abziehlack-em55-electra\\\/#breadcrumb\",\"itemListElement\":[{\"@type\":\"ListItem\",\"position\":1,\"name\":\"Home\",\"item\":\"https:\\\/\\\/holderstechnology.com\\\/pcb\\\/de\\\/\"},{\"@type\":\"ListItem\",\"position\":2,\"name\":\"Shop\",\"item\":\"https:\\\/\\\/holderstechnology.com\\\/pcb\\\/shop\\\/\"},{\"@type\":\"ListItem\",\"position\":3,\"name\":\"Abziehlack EM55 Electra\"}]},{\"@type\":\"WebSite\",\"@id\":\"https:\\\/\\\/holderstechnology.com\\\/pcb\\\/#website\",\"url\":\"https:\\\/\\\/holderstechnology.com\\\/pcb\\\/\",\"name\":\"PCB\",\"description\":\"\",\"publisher\":{\"@id\":\"https:\\\/\\\/holderstechnology.com\\\/pcb\\\/#organization\"},\"potentialAction\":[{\"@type\":\"SearchAction\",\"target\":{\"@type\":\"EntryPoint\",\"urlTemplate\":\"https:\\\/\\\/holderstechnology.com\\\/pcb\\\/?s={search_term_string}\"},\"query-input\":{\"@type\":\"PropertyValueSpecification\",\"valueRequired\":true,\"valueName\":\"search_term_string\"}}],\"inLanguage\":\"de\"},{\"@type\":\"Organization\",\"@id\":\"https:\\\/\\\/holderstechnology.com\\\/pcb\\\/#organization\",\"name\":\"PCB\",\"url\":\"https:\\\/\\\/holderstechnology.com\\\/pcb\\\/\",\"logo\":{\"@type\":\"ImageObject\",\"inLanguage\":\"de\",\"@id\":\"https:\\\/\\\/holderstechnology.com\\\/pcb\\\/#\\\/schema\\\/logo\\\/image\\\/\",\"url\":\"https:\\\/\\\/holderstechnology.com\\\/pcb\\\/wp-content\\\/uploads\\\/sites\\\/5\\\/2025\\\/06\\\/logo_holders-technologypcb.jpg\",\"contentUrl\":\"https:\\\/\\\/holderstechnology.com\\\/pcb\\\/wp-content\\\/uploads\\\/sites\\\/5\\\/2025\\\/06\\\/logo_holders-technologypcb.jpg\",\"width\":556,\"height\":67,\"caption\":\"PCB\"},\"image\":{\"@id\":\"https:\\\/\\\/holderstechnology.com\\\/pcb\\\/#\\\/schema\\\/logo\\\/image\\\/\"}}]}<\/script>\n<!-- \/ Yoast SEO plugin. -->","yoast_head_json":{"title":"Abziehlack EM55 Electra - PCB","robots":{"index":"index","follow":"follow","max-snippet":"max-snippet:-1","max-image-preview":"max-image-preview:large","max-video-preview":"max-video-preview:-1"},"canonical":"https:\/\/holderstechnology.com\/pcb\/de\/product\/abziehlack-em55-electra\/","og_locale":"de_DE","og_type":"article","og_title":"Abziehlack EM55 Electra - PCB","og_description":"Abziehlack f\u00fcr denn zeitweiligen Schutz ausgew\u00e4hlter Fl\u00e4chen gegen chemische B\u00e4der oder Hot Air Levelling und Wellenl\u00f6ten","og_url":"https:\/\/holderstechnology.com\/pcb\/de\/product\/abziehlack-em55-electra\/","og_site_name":"PCB","article_modified_time":"2025-09-23T16:29:26+00:00","twitter_card":"summary_large_image","schema":{"@context":"https:\/\/schema.org","@graph":[{"@type":"WebPage","@id":"https:\/\/holderstechnology.com\/pcb\/de\/product\/abziehlack-em55-electra\/","url":"https:\/\/holderstechnology.com\/pcb\/de\/product\/abziehlack-em55-electra\/","name":"Abziehlack EM55 Electra - PCB","isPartOf":{"@id":"https:\/\/holderstechnology.com\/pcb\/#website"},"datePublished":"2025-09-23T16:29:25+00:00","dateModified":"2025-09-23T16:29:26+00:00","breadcrumb":{"@id":"https:\/\/holderstechnology.com\/pcb\/de\/product\/abziehlack-em55-electra\/#breadcrumb"},"inLanguage":"de","potentialAction":[{"@type":"ReadAction","target":["https:\/\/holderstechnology.com\/pcb\/de\/product\/abziehlack-em55-electra\/"]}]},{"@type":"BreadcrumbList","@id":"https:\/\/holderstechnology.com\/pcb\/de\/product\/abziehlack-em55-electra\/#breadcrumb","itemListElement":[{"@type":"ListItem","position":1,"name":"Home","item":"https:\/\/holderstechnology.com\/pcb\/de\/"},{"@type":"ListItem","position":2,"name":"Shop","item":"https:\/\/holderstechnology.com\/pcb\/shop\/"},{"@type":"ListItem","position":3,"name":"Abziehlack EM55 Electra"}]},{"@type":"WebSite","@id":"https:\/\/holderstechnology.com\/pcb\/#website","url":"https:\/\/holderstechnology.com\/pcb\/","name":"PCB","description":"","publisher":{"@id":"https:\/\/holderstechnology.com\/pcb\/#organization"},"potentialAction":[{"@type":"SearchAction","target":{"@type":"EntryPoint","urlTemplate":"https:\/\/holderstechnology.com\/pcb\/?s={search_term_string}"},"query-input":{"@type":"PropertyValueSpecification","valueRequired":true,"valueName":"search_term_string"}}],"inLanguage":"de"},{"@type":"Organization","@id":"https:\/\/holderstechnology.com\/pcb\/#organization","name":"PCB","url":"https:\/\/holderstechnology.com\/pcb\/","logo":{"@type":"ImageObject","inLanguage":"de","@id":"https:\/\/holderstechnology.com\/pcb\/#\/schema\/logo\/image\/","url":"https:\/\/holderstechnology.com\/pcb\/wp-content\/uploads\/sites\/5\/2025\/06\/logo_holders-technologypcb.jpg","contentUrl":"https:\/\/holderstechnology.com\/pcb\/wp-content\/uploads\/sites\/5\/2025\/06\/logo_holders-technologypcb.jpg","width":556,"height":67,"caption":"PCB"},"image":{"@id":"https:\/\/holderstechnology.com\/pcb\/#\/schema\/logo\/image\/"}}]}},"_links":{"self":[{"href":"https:\/\/holderstechnology.com\/pcb\/de\/wp-json\/wp\/v2\/product\/6807","targetHints":{"allow":["GET"]}}],"collection":[{"href":"https:\/\/holderstechnology.com\/pcb\/de\/wp-json\/wp\/v2\/product"}],"about":[{"href":"https:\/\/holderstechnology.com\/pcb\/de\/wp-json\/wp\/v2\/types\/product"}],"replies":[{"embeddable":true,"href":"https:\/\/holderstechnology.com\/pcb\/de\/wp-json\/wp\/v2\/comments?post=6807"}],"wp:attachment":[{"href":"https:\/\/holderstechnology.com\/pcb\/de\/wp-json\/wp\/v2\/media?parent=6807"}],"wp:term":[{"taxonomy":"product_brand","embeddable":true,"href":"https:\/\/holderstechnology.com\/pcb\/de\/wp-json\/wp\/v2\/product_brand?post=6807"},{"taxonomy":"product_cat","embeddable":true,"href":"https:\/\/holderstechnology.com\/pcb\/de\/wp-json\/wp\/v2\/product_cat?post=6807"},{"taxonomy":"product_tag","embeddable":true,"href":"https:\/\/holderstechnology.com\/pcb\/de\/wp-json\/wp\/v2\/product_tag?post=6807"}],"curies":[{"name":"wp","href":"https:\/\/api.w.org\/{rel}","templated":true}]}}