{"id":6995,"date":"2025-09-24T12:12:59","date_gmt":"2025-09-24T11:12:59","guid":{"rendered":"https:\/\/holderstechnology.com\/pcb\/?post_type=product&#038;p=6995"},"modified":"2025-09-24T12:12:59","modified_gmt":"2025-09-24T11:12:59","slug":"sheldahl-novaclad-g2200","status":"publish","type":"product","link":"https:\/\/holderstechnology.com\/pcb\/de\/product\/sheldahl-novaclad-g2200\/","title":{"rendered":"Sheldahl Novaclad G2200"},"content":{"rendered":"<p>Novaclad G2202 ist ein gesputtertes Polyimid Laminat, das mit ultrad\u00fcnnem Kupfer von 2 \u00b5m bis 5 \u00b5m elektrolytisch verst\u00e4rkt ist. und \u00fcber eine au\u00dfergew\u00f6hnliche Haftung verf\u00fcgt. Die Kupferschicht ist auf eine 50 \u00b5m starke, extra stabile Polyimidfolie Kapton EN aufgebracht. G2200 ist sowohl einseitig als auch doppelseitig erh\u00e4ltlich.<\/p>\n<p>Es ist ausgezeichnet geeignet f\u00fcr feine Strukturen in anspruchsvoller Umgebung und bei hohen Temperaturen.<\/p>\n<ul class=\"styled-bullets\">\n<li>Erh\u00e4ltlich in Rollenbreiten von 305 mm oder als Zuschnitte<\/li>\n<\/ul>\n","protected":false},"excerpt":{"rendered":"<h3>Allgemeine Sicherheitsinformation<\/h3>\n<ul>\n<li>Das Produkt darf ausschlie\u00dflich f\u00fcr den im Datenblatt angegebenen Anwendungsbereich verwendet werden<\/li>\n<li>Das Produkt ist ausschlie\u00dflich f\u00fcr den gewerblichen Gebrauch bestimmt<\/li>\n<li>Das Produkt ist nicht f\u00fcr den Lebensmittelbereich geeignet<\/li>\n<li>Bitte das Produkt nicht essen<\/li>\n<li>Im Brandfall k\u00f6nnen sich sch\u00e4dliche Gase und D\u00e4mpfe bilden<\/li>\n<\/ul>\n<h3>Gefahren<\/h3>\n<ul>\n<li>Staubbildung, St\u00e4ube nicht einatmen, allgemeinen Staubgrenzwert beachten TRGS 553.<\/li>\n<li>Bei der Verarbeitung oder bei Brand entstehende D\u00e4mpfe und Gase nicht einatmen.<\/li>\n<\/ul>\n<h3>Sicherheitseinrichtung<\/h3>\n<ul>\n<li>Objektabsaugung oder Feinstaubmaske<\/li>\n<\/ul>\n<h3>L\u00f6schmittel<\/h3>\n<ul>\n<li>Schaum, Pulver, CO2<\/li>\n<\/ul>\n<h3>Umwelt<\/h3>\n<ul>\n<li>Feinstaubwert f\u00fcr die Luft beachten.<\/li>\n<li>Reste der ordnungsgem\u00e4\u00dfen Entsorgung oder Verwertung zuf\u00fchren.<\/li>\n<\/ul>\n<p><a href=\"mailto:headoffice@holderstechnology.com?subject=MSDS%20Enquiry\" target=\"_blank\" rel=\"noopener noreferrer\">Senden Sie uns ein E-Mail, wenn Sie ein aktuelles Sicherheitsdatenblatt zu diesem Produkt w\u00fcnschen &gt;<\/a><\/p>\n","protected":false},"featured_media":0,"comment_status":"open","ping_status":"closed","template":"","meta":{"_acf_changed":false,"inline_featured_image":false,"site-sidebar-layout":"default","site-content-layout":"","ast-site-content-layout":"default","site-content-style":"default","site-sidebar-style":"default","ast-global-header-display":"","ast-banner-title-visibility":"","ast-main-header-display":"","ast-hfb-above-header-display":"","ast-hfb-below-header-display":"","ast-hfb-mobile-header-display":"","site-post-title":"","ast-breadcrumbs-content":"","ast-featured-img":"","footer-sml-layout":"","ast-disable-related-posts":"","theme-transparent-header-meta":"default","adv-header-id-meta":"","stick-header-meta":"","header-above-stick-meta":"","header-main-stick-meta":"","header-below-stick-meta":"","astra-migrate-meta-layouts":"set","ast-page-background-enabled":"default","ast-page-background-meta":{"desktop":{"background-color":"var(--ast-global-color-5)","background-image":"","background-repeat":"repeat","background-position":"center center","background-size":"auto","background-attachment":"scroll","background-type":"","background-media":"","overlay-type":"","overlay-color":"","overlay-opacity":"","overlay-gradient":""},"tablet":{"background-color":"","background-image":"","background-repeat":"repeat","background-position":"center center","background-size":"auto","background-attachment":"scroll","background-type":"","background-media":"","overlay-type":"","overlay-color":"","overlay-opacity":"","overlay-gradient":""},"mobile":{"background-color":"","background-image":"","background-repeat":"repeat","background-position":"center center","background-size":"auto","background-attachment":"scroll","background-type":"","background-media":"","overlay-type":"","overlay-color":"","overlay-opacity":"","overlay-gradient":""}},"ast-content-background-meta":{"desktop":{"background-color":"var(--ast-global-color-4)","background-image":"","background-repeat":"repeat","background-position":"center center","background-size":"auto","background-attachment":"scroll","background-type":"","background-media":"","overlay-type":"","overlay-color":"","overlay-opacity":"","overlay-gradient":""},"tablet":{"background-color":"var(--ast-global-color-4)","background-image":"","background-repeat":"repeat","background-position":"center center","background-size":"auto","background-attachment":"scroll","background-type":"","background-media":"","overlay-type":"","overlay-color":"","overlay-opacity":"","overlay-gradient":""},"mobile":{"background-color":"var(--ast-global-color-4)","background-image":"","background-repeat":"repeat","background-position":"center center","background-size":"auto","background-attachment":"scroll","background-type":"","background-media":"","overlay-type":"","overlay-color":"","overlay-opacity":"","overlay-gradient":""}}},"product_brand":[],"product_cat":[114],"product_tag":[],"class_list":{"0":"post-6995","1":"product","2":"type-product","3":"status-publish","5":"product_cat-kleberlose-laminate","6":"desktop-align-left","7":"tablet-align-left","8":"mobile-align-left","10":"first","11":"instock","12":"shipping-taxable","13":"product-type-simple"},"acf":[],"yoast_head":"<!-- This site is optimized with the Yoast SEO plugin v27.3 - https:\/\/yoast.com\/product\/yoast-seo-wordpress\/ -->\n<title>Sheldahl Novaclad G2200 - PCB<\/title>\n<meta name=\"robots\" content=\"index, follow, max-snippet:-1, max-image-preview:large, max-video-preview:-1\" \/>\n<link rel=\"canonical\" href=\"https:\/\/holderstechnology.com\/pcb\/de\/product\/sheldahl-novaclad-g2200\/\" \/>\n<meta property=\"og:locale\" content=\"de_DE\" \/>\n<meta property=\"og:type\" content=\"article\" \/>\n<meta property=\"og:title\" content=\"Sheldahl Novaclad G2200 - PCB\" \/>\n<meta property=\"og:description\" content=\"Allgemeine Sicherheitsinformation  Das Produkt darf ausschlie\u00dflich f\u00fcr den im Datenblatt angegebenen Anwendungsbereich verwendet werden Das Produkt ist ausschlie\u00dflich f\u00fcr den gewerblichen Gebrauch bestimmt Das Produkt ist nicht f\u00fcr den Lebensmittelbereich geeignet Bitte das Produkt nicht essen Im Brandfall k\u00f6nnen sich sch\u00e4dliche Gase und D\u00e4mpfe bilden  Gefahren  Staubbildung, St\u00e4ube nicht einatmen, allgemeinen Staubgrenzwert beachten TRGS 553. Bei der Verarbeitung oder bei Brand entstehende D\u00e4mpfe und Gase nicht einatmen.  Sicherheitseinrichtung  Objektabsaugung oder Feinstaubmaske  L\u00f6schmittel  Schaum, Pulver, CO2  Umwelt  Feinstaubwert f\u00fcr die Luft beachten. Reste der ordnungsgem\u00e4\u00dfen Entsorgung oder Verwertung zuf\u00fchren.  Senden Sie uns ein E-Mail, wenn Sie ein aktuelles Sicherheitsdatenblatt zu diesem Produkt w\u00fcnschen &gt;\" \/>\n<meta property=\"og:url\" content=\"https:\/\/holderstechnology.com\/pcb\/de\/product\/sheldahl-novaclad-g2200\/\" \/>\n<meta property=\"og:site_name\" content=\"PCB\" \/>\n<meta name=\"twitter:card\" content=\"summary_large_image\" \/>\n<script type=\"application\/ld+json\" class=\"yoast-schema-graph\">{\"@context\":\"https:\\\/\\\/schema.org\",\"@graph\":[{\"@type\":\"WebPage\",\"@id\":\"https:\\\/\\\/holderstechnology.com\\\/pcb\\\/de\\\/product\\\/sheldahl-novaclad-g2200\\\/\",\"url\":\"https:\\\/\\\/holderstechnology.com\\\/pcb\\\/de\\\/product\\\/sheldahl-novaclad-g2200\\\/\",\"name\":\"Sheldahl Novaclad G2200 - PCB\",\"isPartOf\":{\"@id\":\"https:\\\/\\\/holderstechnology.com\\\/pcb\\\/#website\"},\"datePublished\":\"2025-09-24T11:12:59+00:00\",\"breadcrumb\":{\"@id\":\"https:\\\/\\\/holderstechnology.com\\\/pcb\\\/de\\\/product\\\/sheldahl-novaclad-g2200\\\/#breadcrumb\"},\"inLanguage\":\"de\",\"potentialAction\":[{\"@type\":\"ReadAction\",\"target\":[\"https:\\\/\\\/holderstechnology.com\\\/pcb\\\/de\\\/product\\\/sheldahl-novaclad-g2200\\\/\"]}]},{\"@type\":\"BreadcrumbList\",\"@id\":\"https:\\\/\\\/holderstechnology.com\\\/pcb\\\/de\\\/product\\\/sheldahl-novaclad-g2200\\\/#breadcrumb\",\"itemListElement\":[{\"@type\":\"ListItem\",\"position\":1,\"name\":\"Home\",\"item\":\"https:\\\/\\\/holderstechnology.com\\\/pcb\\\/de\\\/\"},{\"@type\":\"ListItem\",\"position\":2,\"name\":\"Shop\",\"item\":\"https:\\\/\\\/holderstechnology.com\\\/pcb\\\/shop\\\/\"},{\"@type\":\"ListItem\",\"position\":3,\"name\":\"Sheldahl Novaclad G2200\"}]},{\"@type\":\"WebSite\",\"@id\":\"https:\\\/\\\/holderstechnology.com\\\/pcb\\\/#website\",\"url\":\"https:\\\/\\\/holderstechnology.com\\\/pcb\\\/\",\"name\":\"PCB\",\"description\":\"\",\"publisher\":{\"@id\":\"https:\\\/\\\/holderstechnology.com\\\/pcb\\\/#organization\"},\"potentialAction\":[{\"@type\":\"SearchAction\",\"target\":{\"@type\":\"EntryPoint\",\"urlTemplate\":\"https:\\\/\\\/holderstechnology.com\\\/pcb\\\/?s={search_term_string}\"},\"query-input\":{\"@type\":\"PropertyValueSpecification\",\"valueRequired\":true,\"valueName\":\"search_term_string\"}}],\"inLanguage\":\"de\"},{\"@type\":\"Organization\",\"@id\":\"https:\\\/\\\/holderstechnology.com\\\/pcb\\\/#organization\",\"name\":\"PCB\",\"url\":\"https:\\\/\\\/holderstechnology.com\\\/pcb\\\/\",\"logo\":{\"@type\":\"ImageObject\",\"inLanguage\":\"de\",\"@id\":\"https:\\\/\\\/holderstechnology.com\\\/pcb\\\/#\\\/schema\\\/logo\\\/image\\\/\",\"url\":\"https:\\\/\\\/holderstechnology.com\\\/pcb\\\/wp-content\\\/uploads\\\/sites\\\/5\\\/2025\\\/06\\\/logo_holders-technologypcb.jpg\",\"contentUrl\":\"https:\\\/\\\/holderstechnology.com\\\/pcb\\\/wp-content\\\/uploads\\\/sites\\\/5\\\/2025\\\/06\\\/logo_holders-technologypcb.jpg\",\"width\":556,\"height\":67,\"caption\":\"PCB\"},\"image\":{\"@id\":\"https:\\\/\\\/holderstechnology.com\\\/pcb\\\/#\\\/schema\\\/logo\\\/image\\\/\"}}]}<\/script>\n<!-- \/ Yoast SEO plugin. -->","yoast_head_json":{"title":"Sheldahl Novaclad G2200 - PCB","robots":{"index":"index","follow":"follow","max-snippet":"max-snippet:-1","max-image-preview":"max-image-preview:large","max-video-preview":"max-video-preview:-1"},"canonical":"https:\/\/holderstechnology.com\/pcb\/de\/product\/sheldahl-novaclad-g2200\/","og_locale":"de_DE","og_type":"article","og_title":"Sheldahl Novaclad G2200 - PCB","og_description":"Allgemeine Sicherheitsinformation  Das Produkt darf ausschlie\u00dflich f\u00fcr den im Datenblatt angegebenen Anwendungsbereich verwendet werden Das Produkt ist ausschlie\u00dflich f\u00fcr den gewerblichen Gebrauch bestimmt Das Produkt ist nicht f\u00fcr den Lebensmittelbereich geeignet Bitte das Produkt nicht essen Im Brandfall k\u00f6nnen sich sch\u00e4dliche Gase und D\u00e4mpfe bilden  Gefahren  Staubbildung, St\u00e4ube nicht einatmen, allgemeinen Staubgrenzwert beachten TRGS 553. Bei der Verarbeitung oder bei Brand entstehende D\u00e4mpfe und Gase nicht einatmen.  Sicherheitseinrichtung  Objektabsaugung oder Feinstaubmaske  L\u00f6schmittel  Schaum, Pulver, CO2  Umwelt  Feinstaubwert f\u00fcr die Luft beachten. Reste der ordnungsgem\u00e4\u00dfen Entsorgung oder Verwertung zuf\u00fchren.  Senden Sie uns ein E-Mail, wenn Sie ein aktuelles Sicherheitsdatenblatt zu diesem Produkt w\u00fcnschen &gt;","og_url":"https:\/\/holderstechnology.com\/pcb\/de\/product\/sheldahl-novaclad-g2200\/","og_site_name":"PCB","twitter_card":"summary_large_image","schema":{"@context":"https:\/\/schema.org","@graph":[{"@type":"WebPage","@id":"https:\/\/holderstechnology.com\/pcb\/de\/product\/sheldahl-novaclad-g2200\/","url":"https:\/\/holderstechnology.com\/pcb\/de\/product\/sheldahl-novaclad-g2200\/","name":"Sheldahl Novaclad G2200 - PCB","isPartOf":{"@id":"https:\/\/holderstechnology.com\/pcb\/#website"},"datePublished":"2025-09-24T11:12:59+00:00","breadcrumb":{"@id":"https:\/\/holderstechnology.com\/pcb\/de\/product\/sheldahl-novaclad-g2200\/#breadcrumb"},"inLanguage":"de","potentialAction":[{"@type":"ReadAction","target":["https:\/\/holderstechnology.com\/pcb\/de\/product\/sheldahl-novaclad-g2200\/"]}]},{"@type":"BreadcrumbList","@id":"https:\/\/holderstechnology.com\/pcb\/de\/product\/sheldahl-novaclad-g2200\/#breadcrumb","itemListElement":[{"@type":"ListItem","position":1,"name":"Home","item":"https:\/\/holderstechnology.com\/pcb\/de\/"},{"@type":"ListItem","position":2,"name":"Shop","item":"https:\/\/holderstechnology.com\/pcb\/shop\/"},{"@type":"ListItem","position":3,"name":"Sheldahl Novaclad G2200"}]},{"@type":"WebSite","@id":"https:\/\/holderstechnology.com\/pcb\/#website","url":"https:\/\/holderstechnology.com\/pcb\/","name":"PCB","description":"","publisher":{"@id":"https:\/\/holderstechnology.com\/pcb\/#organization"},"potentialAction":[{"@type":"SearchAction","target":{"@type":"EntryPoint","urlTemplate":"https:\/\/holderstechnology.com\/pcb\/?s={search_term_string}"},"query-input":{"@type":"PropertyValueSpecification","valueRequired":true,"valueName":"search_term_string"}}],"inLanguage":"de"},{"@type":"Organization","@id":"https:\/\/holderstechnology.com\/pcb\/#organization","name":"PCB","url":"https:\/\/holderstechnology.com\/pcb\/","logo":{"@type":"ImageObject","inLanguage":"de","@id":"https:\/\/holderstechnology.com\/pcb\/#\/schema\/logo\/image\/","url":"https:\/\/holderstechnology.com\/pcb\/wp-content\/uploads\/sites\/5\/2025\/06\/logo_holders-technologypcb.jpg","contentUrl":"https:\/\/holderstechnology.com\/pcb\/wp-content\/uploads\/sites\/5\/2025\/06\/logo_holders-technologypcb.jpg","width":556,"height":67,"caption":"PCB"},"image":{"@id":"https:\/\/holderstechnology.com\/pcb\/#\/schema\/logo\/image\/"}}]}},"_links":{"self":[{"href":"https:\/\/holderstechnology.com\/pcb\/de\/wp-json\/wp\/v2\/product\/6995","targetHints":{"allow":["GET"]}}],"collection":[{"href":"https:\/\/holderstechnology.com\/pcb\/de\/wp-json\/wp\/v2\/product"}],"about":[{"href":"https:\/\/holderstechnology.com\/pcb\/de\/wp-json\/wp\/v2\/types\/product"}],"replies":[{"embeddable":true,"href":"https:\/\/holderstechnology.com\/pcb\/de\/wp-json\/wp\/v2\/comments?post=6995"}],"wp:attachment":[{"href":"https:\/\/holderstechnology.com\/pcb\/de\/wp-json\/wp\/v2\/media?parent=6995"}],"wp:term":[{"taxonomy":"product_brand","embeddable":true,"href":"https:\/\/holderstechnology.com\/pcb\/de\/wp-json\/wp\/v2\/product_brand?post=6995"},{"taxonomy":"product_cat","embeddable":true,"href":"https:\/\/holderstechnology.com\/pcb\/de\/wp-json\/wp\/v2\/product_cat?post=6995"},{"taxonomy":"product_tag","embeddable":true,"href":"https:\/\/holderstechnology.com\/pcb\/de\/wp-json\/wp\/v2\/product_tag?post=6995"}],"curies":[{"name":"wp","href":"https:\/\/api.w.org\/{rel}","templated":true}]}}