{"id":7108,"date":"2025-09-24T13:42:54","date_gmt":"2025-09-24T12:42:54","guid":{"rendered":"https:\/\/holderstechnology.com\/pcb\/?post_type=product&#038;p=7108"},"modified":"2025-09-24T13:42:54","modified_gmt":"2025-09-24T12:42:54","slug":"cimtrans-d-18","status":"publish","type":"product","link":"https:\/\/holderstechnology.com\/pcb\/de\/product\/cimtrans-d-18\/","title":{"rendered":"CIMTRANS D-18"},"content":{"rendered":"<p>Cimtrans D-18 Diazo Film ist ein positiv arbeitender Film f\u00fcr den Einsatz in Gelblichtr\u00e4umen. Cimtrans Diazo Filme k\u00f6nnen mit einem einfachen Prozess ohne Nasschemie und Dunkelkammer belichtet und entwickelt werden. Cimtrans bietet eine sehr hohe Aufl\u00f6sung (&gt;1000 Linien\/mm), Kantensch\u00e4rfe und eine sehr hohe Filmdichte. Weitere Vorteile sind das weite Arbeitsfenster beim Belichten und\u00a0Entwickeln und die exzellente Dimensionstabilit\u00e4t des PE-Basisfilmes.<\/p>\n","protected":false},"excerpt":{"rendered":"<p>Cimtrans D-18 Diazo Film ist ein positiv arbeitender Film f\u00fcr den Einsatz in Gelblichtr\u00e4umen. Cimtrans Diazo Filme k\u00f6nnen mit einem [&hellip;]<\/p>\n","protected":false},"featured_media":7040,"comment_status":"open","ping_status":"closed","template":"","meta":{"_acf_changed":false,"inline_featured_image":false,"site-sidebar-layout":"default","site-content-layout":"","ast-site-content-layout":"default","site-content-style":"default","site-sidebar-style":"default","ast-global-header-display":"","ast-banner-title-visibility":"","ast-main-header-display":"","ast-hfb-above-header-display":"","ast-hfb-below-header-display":"","ast-hfb-mobile-header-display":"","site-post-title":"","ast-breadcrumbs-content":"","ast-featured-img":"","footer-sml-layout":"","ast-disable-related-posts":"","theme-transparent-header-meta":"default","adv-header-id-meta":"","stick-header-meta":"","header-above-stick-meta":"","header-main-stick-meta":"","header-below-stick-meta":"","astra-migrate-meta-layouts":"set","ast-page-background-enabled":"default","ast-page-background-meta":{"desktop":{"background-color":"var(--ast-global-color-5)","background-image":"","background-repeat":"repeat","background-position":"center center","background-size":"auto","background-attachment":"scroll","background-type":"","background-media":"","overlay-type":"","overlay-color":"","overlay-opacity":"","overlay-gradient":""},"tablet":{"background-color":"","background-image":"","background-repeat":"repeat","background-position":"center center","background-size":"auto","background-attachment":"scroll","background-type":"","background-media":"","overlay-type":"","overlay-color":"","overlay-opacity":"","overlay-gradient":""},"mobile":{"background-color":"","background-image":"","background-repeat":"repeat","background-position":"center center","background-size":"auto","background-attachment":"scroll","background-type":"","background-media":"","overlay-type":"","overlay-color":"","overlay-opacity":"","overlay-gradient":""}},"ast-content-background-meta":{"desktop":{"background-color":"var(--ast-global-color-4)","background-image":"","background-repeat":"repeat","background-position":"center center","background-size":"auto","background-attachment":"scroll","background-type":"","background-media":"","overlay-type":"","overlay-color":"","overlay-opacity":"","overlay-gradient":""},"tablet":{"background-color":"var(--ast-global-color-4)","background-image":"","background-repeat":"repeat","background-position":"center center","background-size":"auto","background-attachment":"scroll","background-type":"","background-media":"","overlay-type":"","overlay-color":"","overlay-opacity":"","overlay-gradient":""},"mobile":{"background-color":"var(--ast-global-color-4)","background-image":"","background-repeat":"repeat","background-position":"center center","background-size":"auto","background-attachment":"scroll","background-type":"","background-media":"","overlay-type":"","overlay-color":"","overlay-opacity":"","overlay-gradient":""}}},"product_brand":[],"product_cat":[116],"product_tag":[],"class_list":{"0":"post-7108","1":"product","2":"type-product","3":"status-publish","4":"has-post-thumbnail","6":"product_cat-diazo-film","7":"desktop-align-left","8":"tablet-align-left","9":"mobile-align-left","11":"first","12":"instock","13":"shipping-taxable","14":"product-type-simple"},"acf":[],"yoast_head":"<!-- This site is optimized with the Yoast SEO plugin v27.3 - https:\/\/yoast.com\/product\/yoast-seo-wordpress\/ -->\n<title>CIMTRANS D-18 - PCB<\/title>\n<meta name=\"robots\" content=\"index, follow, max-snippet:-1, max-image-preview:large, max-video-preview:-1\" \/>\n<link rel=\"canonical\" href=\"https:\/\/holderstechnology.com\/pcb\/de\/product\/cimtrans-d-18\/\" \/>\n<meta property=\"og:locale\" content=\"de_DE\" \/>\n<meta property=\"og:type\" content=\"article\" \/>\n<meta property=\"og:title\" content=\"CIMTRANS D-18 - PCB\" \/>\n<meta property=\"og:description\" content=\"Cimtrans D-18 Diazo Film ist ein positiv arbeitender Film f\u00fcr den Einsatz in Gelblichtr\u00e4umen. Cimtrans Diazo Filme k\u00f6nnen mit einem [&hellip;]\" \/>\n<meta property=\"og:url\" content=\"https:\/\/holderstechnology.com\/pcb\/de\/product\/cimtrans-d-18\/\" \/>\n<meta property=\"og:site_name\" content=\"PCB\" \/>\n<meta property=\"og:image\" content=\"https:\/\/holderstechnology.com\/pcb\/wp-content\/uploads\/sites\/5\/2025\/09\/products_header.png\" \/>\n\t<meta property=\"og:image:width\" content=\"1170\" \/>\n\t<meta property=\"og:image:height\" content=\"300\" \/>\n\t<meta property=\"og:image:type\" content=\"image\/png\" \/>\n<meta name=\"twitter:card\" content=\"summary_large_image\" \/>\n<meta name=\"twitter:label1\" content=\"Gesch\u00e4tzte Lesezeit\" \/>\n\t<meta name=\"twitter:data1\" content=\"1\u00a0Minute\" \/>\n<script type=\"application\/ld+json\" class=\"yoast-schema-graph\">{\"@context\":\"https:\\\/\\\/schema.org\",\"@graph\":[{\"@type\":\"WebPage\",\"@id\":\"https:\\\/\\\/holderstechnology.com\\\/pcb\\\/de\\\/product\\\/cimtrans-d-18\\\/\",\"url\":\"https:\\\/\\\/holderstechnology.com\\\/pcb\\\/de\\\/product\\\/cimtrans-d-18\\\/\",\"name\":\"CIMTRANS D-18 - PCB\",\"isPartOf\":{\"@id\":\"https:\\\/\\\/holderstechnology.com\\\/pcb\\\/#website\"},\"primaryImageOfPage\":{\"@id\":\"https:\\\/\\\/holderstechnology.com\\\/pcb\\\/de\\\/product\\\/cimtrans-d-18\\\/#primaryimage\"},\"image\":{\"@id\":\"https:\\\/\\\/holderstechnology.com\\\/pcb\\\/de\\\/product\\\/cimtrans-d-18\\\/#primaryimage\"},\"thumbnailUrl\":\"https:\\\/\\\/holderstechnology.com\\\/pcb\\\/wp-content\\\/uploads\\\/sites\\\/5\\\/2025\\\/09\\\/products_header.png\",\"datePublished\":\"2025-09-24T12:42:54+00:00\",\"breadcrumb\":{\"@id\":\"https:\\\/\\\/holderstechnology.com\\\/pcb\\\/de\\\/product\\\/cimtrans-d-18\\\/#breadcrumb\"},\"inLanguage\":\"de\",\"potentialAction\":[{\"@type\":\"ReadAction\",\"target\":[\"https:\\\/\\\/holderstechnology.com\\\/pcb\\\/de\\\/product\\\/cimtrans-d-18\\\/\"]}]},{\"@type\":\"ImageObject\",\"inLanguage\":\"de\",\"@id\":\"https:\\\/\\\/holderstechnology.com\\\/pcb\\\/de\\\/product\\\/cimtrans-d-18\\\/#primaryimage\",\"url\":\"https:\\\/\\\/holderstechnology.com\\\/pcb\\\/wp-content\\\/uploads\\\/sites\\\/5\\\/2025\\\/09\\\/products_header.png\",\"contentUrl\":\"https:\\\/\\\/holderstechnology.com\\\/pcb\\\/wp-content\\\/uploads\\\/sites\\\/5\\\/2025\\\/09\\\/products_header.png\",\"width\":1170,\"height\":300},{\"@type\":\"BreadcrumbList\",\"@id\":\"https:\\\/\\\/holderstechnology.com\\\/pcb\\\/de\\\/product\\\/cimtrans-d-18\\\/#breadcrumb\",\"itemListElement\":[{\"@type\":\"ListItem\",\"position\":1,\"name\":\"Home\",\"item\":\"https:\\\/\\\/holderstechnology.com\\\/pcb\\\/de\\\/\"},{\"@type\":\"ListItem\",\"position\":2,\"name\":\"Shop\",\"item\":\"https:\\\/\\\/holderstechnology.com\\\/pcb\\\/shop\\\/\"},{\"@type\":\"ListItem\",\"position\":3,\"name\":\"CIMTRANS D-18\"}]},{\"@type\":\"WebSite\",\"@id\":\"https:\\\/\\\/holderstechnology.com\\\/pcb\\\/#website\",\"url\":\"https:\\\/\\\/holderstechnology.com\\\/pcb\\\/\",\"name\":\"PCB\",\"description\":\"\",\"publisher\":{\"@id\":\"https:\\\/\\\/holderstechnology.com\\\/pcb\\\/#organization\"},\"potentialAction\":[{\"@type\":\"SearchAction\",\"target\":{\"@type\":\"EntryPoint\",\"urlTemplate\":\"https:\\\/\\\/holderstechnology.com\\\/pcb\\\/?s={search_term_string}\"},\"query-input\":{\"@type\":\"PropertyValueSpecification\",\"valueRequired\":true,\"valueName\":\"search_term_string\"}}],\"inLanguage\":\"de\"},{\"@type\":\"Organization\",\"@id\":\"https:\\\/\\\/holderstechnology.com\\\/pcb\\\/#organization\",\"name\":\"PCB\",\"url\":\"https:\\\/\\\/holderstechnology.com\\\/pcb\\\/\",\"logo\":{\"@type\":\"ImageObject\",\"inLanguage\":\"de\",\"@id\":\"https:\\\/\\\/holderstechnology.com\\\/pcb\\\/#\\\/schema\\\/logo\\\/image\\\/\",\"url\":\"https:\\\/\\\/holderstechnology.com\\\/pcb\\\/wp-content\\\/uploads\\\/sites\\\/5\\\/2025\\\/06\\\/logo_holders-technologypcb.jpg\",\"contentUrl\":\"https:\\\/\\\/holderstechnology.com\\\/pcb\\\/wp-content\\\/uploads\\\/sites\\\/5\\\/2025\\\/06\\\/logo_holders-technologypcb.jpg\",\"width\":556,\"height\":67,\"caption\":\"PCB\"},\"image\":{\"@id\":\"https:\\\/\\\/holderstechnology.com\\\/pcb\\\/#\\\/schema\\\/logo\\\/image\\\/\"}}]}<\/script>\n<!-- \/ Yoast SEO plugin. -->","yoast_head_json":{"title":"CIMTRANS D-18 - PCB","robots":{"index":"index","follow":"follow","max-snippet":"max-snippet:-1","max-image-preview":"max-image-preview:large","max-video-preview":"max-video-preview:-1"},"canonical":"https:\/\/holderstechnology.com\/pcb\/de\/product\/cimtrans-d-18\/","og_locale":"de_DE","og_type":"article","og_title":"CIMTRANS D-18 - PCB","og_description":"Cimtrans D-18 Diazo Film ist ein positiv arbeitender Film f\u00fcr den Einsatz in Gelblichtr\u00e4umen. Cimtrans Diazo Filme k\u00f6nnen mit einem [&hellip;]","og_url":"https:\/\/holderstechnology.com\/pcb\/de\/product\/cimtrans-d-18\/","og_site_name":"PCB","og_image":[{"width":1170,"height":300,"url":"https:\/\/holderstechnology.com\/pcb\/wp-content\/uploads\/sites\/5\/2025\/09\/products_header.png","type":"image\/png"}],"twitter_card":"summary_large_image","twitter_misc":{"Gesch\u00e4tzte Lesezeit":"1\u00a0Minute"},"schema":{"@context":"https:\/\/schema.org","@graph":[{"@type":"WebPage","@id":"https:\/\/holderstechnology.com\/pcb\/de\/product\/cimtrans-d-18\/","url":"https:\/\/holderstechnology.com\/pcb\/de\/product\/cimtrans-d-18\/","name":"CIMTRANS D-18 - PCB","isPartOf":{"@id":"https:\/\/holderstechnology.com\/pcb\/#website"},"primaryImageOfPage":{"@id":"https:\/\/holderstechnology.com\/pcb\/de\/product\/cimtrans-d-18\/#primaryimage"},"image":{"@id":"https:\/\/holderstechnology.com\/pcb\/de\/product\/cimtrans-d-18\/#primaryimage"},"thumbnailUrl":"https:\/\/holderstechnology.com\/pcb\/wp-content\/uploads\/sites\/5\/2025\/09\/products_header.png","datePublished":"2025-09-24T12:42:54+00:00","breadcrumb":{"@id":"https:\/\/holderstechnology.com\/pcb\/de\/product\/cimtrans-d-18\/#breadcrumb"},"inLanguage":"de","potentialAction":[{"@type":"ReadAction","target":["https:\/\/holderstechnology.com\/pcb\/de\/product\/cimtrans-d-18\/"]}]},{"@type":"ImageObject","inLanguage":"de","@id":"https:\/\/holderstechnology.com\/pcb\/de\/product\/cimtrans-d-18\/#primaryimage","url":"https:\/\/holderstechnology.com\/pcb\/wp-content\/uploads\/sites\/5\/2025\/09\/products_header.png","contentUrl":"https:\/\/holderstechnology.com\/pcb\/wp-content\/uploads\/sites\/5\/2025\/09\/products_header.png","width":1170,"height":300},{"@type":"BreadcrumbList","@id":"https:\/\/holderstechnology.com\/pcb\/de\/product\/cimtrans-d-18\/#breadcrumb","itemListElement":[{"@type":"ListItem","position":1,"name":"Home","item":"https:\/\/holderstechnology.com\/pcb\/de\/"},{"@type":"ListItem","position":2,"name":"Shop","item":"https:\/\/holderstechnology.com\/pcb\/shop\/"},{"@type":"ListItem","position":3,"name":"CIMTRANS D-18"}]},{"@type":"WebSite","@id":"https:\/\/holderstechnology.com\/pcb\/#website","url":"https:\/\/holderstechnology.com\/pcb\/","name":"PCB","description":"","publisher":{"@id":"https:\/\/holderstechnology.com\/pcb\/#organization"},"potentialAction":[{"@type":"SearchAction","target":{"@type":"EntryPoint","urlTemplate":"https:\/\/holderstechnology.com\/pcb\/?s={search_term_string}"},"query-input":{"@type":"PropertyValueSpecification","valueRequired":true,"valueName":"search_term_string"}}],"inLanguage":"de"},{"@type":"Organization","@id":"https:\/\/holderstechnology.com\/pcb\/#organization","name":"PCB","url":"https:\/\/holderstechnology.com\/pcb\/","logo":{"@type":"ImageObject","inLanguage":"de","@id":"https:\/\/holderstechnology.com\/pcb\/#\/schema\/logo\/image\/","url":"https:\/\/holderstechnology.com\/pcb\/wp-content\/uploads\/sites\/5\/2025\/06\/logo_holders-technologypcb.jpg","contentUrl":"https:\/\/holderstechnology.com\/pcb\/wp-content\/uploads\/sites\/5\/2025\/06\/logo_holders-technologypcb.jpg","width":556,"height":67,"caption":"PCB"},"image":{"@id":"https:\/\/holderstechnology.com\/pcb\/#\/schema\/logo\/image\/"}}]}},"_links":{"self":[{"href":"https:\/\/holderstechnology.com\/pcb\/de\/wp-json\/wp\/v2\/product\/7108","targetHints":{"allow":["GET"]}}],"collection":[{"href":"https:\/\/holderstechnology.com\/pcb\/de\/wp-json\/wp\/v2\/product"}],"about":[{"href":"https:\/\/holderstechnology.com\/pcb\/de\/wp-json\/wp\/v2\/types\/product"}],"replies":[{"embeddable":true,"href":"https:\/\/holderstechnology.com\/pcb\/de\/wp-json\/wp\/v2\/comments?post=7108"}],"wp:featuredmedia":[{"embeddable":true,"href":"https:\/\/holderstechnology.com\/pcb\/de\/wp-json\/wp\/v2\/media\/7040"}],"wp:attachment":[{"href":"https:\/\/holderstechnology.com\/pcb\/de\/wp-json\/wp\/v2\/media?parent=7108"}],"wp:term":[{"taxonomy":"product_brand","embeddable":true,"href":"https:\/\/holderstechnology.com\/pcb\/de\/wp-json\/wp\/v2\/product_brand?post=7108"},{"taxonomy":"product_cat","embeddable":true,"href":"https:\/\/holderstechnology.com\/pcb\/de\/wp-json\/wp\/v2\/product_cat?post=7108"},{"taxonomy":"product_tag","embeddable":true,"href":"https:\/\/holderstechnology.com\/pcb\/de\/wp-json\/wp\/v2\/product_tag?post=7108"}],"curies":[{"name":"wp","href":"https:\/\/api.w.org\/{rel}","templated":true}]}}