{"id":3126,"date":"2021-03-12T09:34:23","date_gmt":"2021-03-12T09:34:23","guid":{"rendered":"https:\/\/holderstechnology.com\/wireless-lighting-control\/datenschutzrichtlinie\/"},"modified":"2025-08-19T13:40:47","modified_gmt":"2025-08-19T12:40:47","slug":"datenschutzrichtlinie","status":"publish","type":"page","link":"https:\/\/holderstechnology.com\/wireless-lighting-control\/de\/datenschutzrichtlinie\/","title":{"rendered":"Datenschutzrichtlinie"},"content":{"rendered":"\t\t<div data-elementor-type=\"wp-page\" data-elementor-id=\"3126\" class=\"elementor elementor-3126 elementor-1943\" data-elementor-post-type=\"page\">\n\t\t\t\t<div class=\"elementor-element elementor-element-31d29302 e-flex e-con-boxed e-con e-parent\" data-id=\"31d29302\" data-element_type=\"container\" data-e-type=\"container\">\n\t\t\t\t\t<div class=\"e-con-inner\">\n\t\t\t\t<div class=\"elementor-element elementor-element-3dac64a9 elementor-widget elementor-widget-text-editor\" data-id=\"3dac64a9\" data-element_type=\"widget\" data-e-type=\"widget\" data-widget_type=\"text-editor.default\">\n\t\t\t\t<div class=\"elementor-widget-container\">\n\t\t\t\t\t\t\t\t\t<h2>Datenschutzrichtlinie<\/h2>\n\n<hr>\n\n<span style=\"font-weight: 400;\">Diese Datenschutzrichtlinie regelt die Erfassung, Speicherung und Verwendung personenbezogener Daten, die von uns, Holders Technology UK Ltd, \u00fcber unsere Website holderstechnology.com gesammelt werden (die <\/span><b>&#8222;Holders Technology-Website&#8220;)<\/b><span style=\"font-weight: 400;\">). Sie informiert Sie dar\u00fcber, welche personenbezogenen Daten wir von Ihnen erheben, wie wir Ihre personenbezogenen Daten verwenden und welche Rechte Sie haben, um die von uns \u00fcber Sie gespeicherten personenbezogenen Daten zu kontrollieren. Bitte lesen Sie diese Datenschutzrichtlinie sorgf\u00e4ltig durch \u2013 durch den Zugriff auf die Holders Technology-Website oder das Durchsuchen der Website best\u00e4tigen Sie, dass Sie diese Datenschutzrichtlinie in ihrer Gesamtheit gelesen und verstanden haben und ihr zustimmen. Wenn Sie mit dieser Datenschutzrichtlinie nicht in vollem Umfang einverstanden sind, d\u00fcrfen Sie die Holders Technology-Website nicht nutzen.<\/span>\n\n<span style=\"font-weight: 400;\">Diese Datenschutzrichtlinie wurde zuletzt am 18. Januar 2021 aktualisiert. Bitte schauen Sie regelm\u00e4\u00dfig nach, um sich \u00fcber Aktualisierungen dieser Datenschutzrichtlinie zu informieren.<\/span>\n\n&nbsp;\n<h4>WER WIR SIND<\/h4>\n<span style=\"font-weight: 400;\">Holders Technology UK Ltd ist ein in England und Wales registriertes Unternehmen (Registrierungsnummer 03633101), dessen eingetragener Sitz 27-28 Eastcastle Street, London W1W 8DH U.K. ist. <\/span>\n\n<span style=\"font-weight: 400;\">Wir respektieren Ihr Recht auf Privatsph\u00e4re und werden pers\u00f6nliche Daten, die Sie uns zur Verf\u00fcgung stellen, nur in \u00dcbereinstimmung mit dem Data Protection Act 1998, den Privacy and Electronic Communications (EC Directive) Regulations 2003 und anderen geltenden Datenschutzgesetzen verarbeiten.<\/span>\n\n<span style=\"font-weight: 400;\">Wenn Sie Fragen dazu haben, wie wir personenbezogene Daten erheben, speichern und nutzen, oder wenn Sie andere datenschutzbezogene Fragen haben, k\u00f6nnen Sie uns jederzeit auf einem der folgenden Wege kontaktieren:<\/span>\n<ul>\n \t<li><span style=\"font-weight: 400;\">Rufen Sie uns an unter +44 (0) 1896 759098<\/span><\/li>\n \t<li><span style=\"font-weight: 400;\">Senden Sie uns eine E-Mail an: <a href=\"mailto:headoffice@holderstechnology.com\">headoffice@holderstechnology.com<\/a><\/span><\/li>\n \t<li><span style=\"font-weight: 400;\">Schreiben Sie an Holders Technology UK Ltd, Units 1-4, Block 9, Galashiels TD13RS, UK.<\/span><\/li>\n<\/ul>\n<h4><\/h4>\n<h4>EIN KURZES WORT ZU KINDERN<\/h4>\n<span style=\"font-weight: 400;\">Wir sammeln nicht und werden auch nicht wissentlich Informationen von unbeaufsichtigten Kindern unter 18 Jahren sammeln. Wenn Sie unter 18 Jahre alt sind, sollten Sie die Holders Technology-Website nicht nutzen, es sei denn, Sie haben die Zustimmung eines Elternteils oder eines\/einer Erziehungsberechtigten und werden von diesem\/dieser beaufsichtigt.<\/span>\n\n&nbsp;\n<h4>PERS\u00d6NLICHE INFORMATIONEN, DIE WIR \u00dcBER SIE HABEN<\/h4>\n<span style=\"font-weight: 400;\">Wenn Sie auf die Holders Technology-Website zugreifen und diese durchsuchen (bzw. wenn Sie uns \u00fcber Dateneingabefelder auf der Holders Technology-Website pers\u00f6nliche Informationen \u00fcbermitteln), k\u00f6nnen wir die folgenden Informationen von Ihnen erfassen:<\/span>\n<ul>\n \t<li><span style=\"font-weight: 400;\">Ihr Name;<\/span><\/li>\n \t<li><span style=\"font-weight: 400;\">Ihre Postanschrift;<\/span><\/li>\n \t<li><span style=\"font-weight: 400;\">Ihre Telefon-, Fax- und E-Mail-Angaben; und<\/span><\/li>\n \t<li><span style=\"font-weight: 400;\">PayPal, Kredit- und Debitkarteninformationen f\u00fcr Eink\u00e4ufe.<\/span><\/li>\n<\/ul>\n<h4><\/h4>\n<h4>WIE WIR IHRE INFORMATIONEN VERWENDEN UND SPEICHERN K\u00d6NNEN<\/h4>\n<span style=\"font-weight: 400;\">Wir (oder Unternehmen innerhalb unserer Gruppe oder Lieferanten, die in unserem Auftrag handeln, wie z. B. Lieferunternehmen) k\u00f6nnen Ihre oben aufgef\u00fchrten pers\u00f6nlichen Daten f\u00fcr die folgenden Zwecke erheben, speichern und verwenden:<\/span>\n<ul>\n \t<li><span style=\"font-weight: 400;\">um Ihnen die Holders Technology-Website zur Verf\u00fcgung zu stellen und um Ihnen Inhalte zu bieten, die auf Ihre individuellen Vorlieben zugeschnitten sind;<\/span><\/li>\n \t<li><span style=\"font-weight: 400;\">um alle K\u00e4ufe, die Sie \u00fcber die Holders Technology-Website t\u00e4tigen, abzuschlie\u00dfen, was die Bereitstellung Ihrer Daten an PayPal einschlie\u00dft;<\/span><\/li>\n \t<li><span style=\"font-weight: 400;\">um Dienstleistungen zu erbringen, die Sie von uns anfordern;<\/span><\/li>\n \t<li><span style=\"font-weight: 400;\">um die von Ihnen bestellten Waren auszuliefern, wozu auch die Weitergabe Ihres Namens und Ihrer Adresse an Lieferunternehmen geh\u00f6rt; und<\/span><\/li>\n \t<li><span style=\"font-weight: 400;\">um Sie (auch per SMS und E-Mail) mit Informationen \u00fcber unsere Produkte und Dienstleistungen zu kontaktieren, von denen wir glauben, dass sie Sie interessieren k\u00f6nnten.<\/span><\/li>\n<\/ul>\n<span style=\"font-weight: 400;\">Mit Ausnahme von anderen Unternehmen unserer Gruppe und Drittlieferanten werden wir Ihre pers\u00f6nlichen Daten nicht an Dritte weitergeben, verkaufen oder vermieten, es sei denn, Sie haben dem zugestimmt. Wenn Sie zustimmen, aber sp\u00e4ter Ihre Meinung \u00e4ndern, k\u00f6nnen Sie uns kontaktieren und wir werden diese Aktivit\u00e4ten einstellen.<\/span>\n\n<span style=\"font-weight: 400;\">Jedoch, falls ein Dritter unser gesamtes Gesch\u00e4ft und\/oder Verm\u00f6gen erwirbt (oder im Wesentlichen alles erwirbt), k\u00f6nnen wir Ihre pers\u00f6nlichen Informationen im Zusammenhang mit der \u00dcbernahme an diesen Dritten offenlegen. Wir k\u00f6nnen Ihre pers\u00f6nlichen Daten auch offenlegen, wenn wir durch geltendes Recht, durch eine Regierungsbeh\u00f6rde oder durch eine Strafverfolgungsbeh\u00f6rde dazu verpflichtet sind.<\/span>\n\n<span style=\"font-weight: 400;\">Schlie\u00dflich k\u00f6nnen wir auch anonymisierte Daten \u00fcber Besucher:innen der Holders Technology-Website f\u00fcr Zwecke der Gesamtstatistik oder der Berichterstattung sammeln. Aus den anonymisierten Daten, die wir f\u00fcr diese Zwecke sammeln, wird jedoch keine einzelne Person identifizierbar sein.<\/span>\n<h4><\/h4>\n<h4>COOKIES<\/h4>\n<span style=\"font-weight: 400;\">Die Holders Technology Website verwendet Cookies, um Informationen \u00fcber Sie zu sammeln. Cookies sind kleine Datendateien, die von der Holders Technology Website auf Ihrem Computer abgelegt werden und die bestimmte pers\u00f6nliche Informationen \u00fcber Sie sammeln. Dies erm\u00f6glicht es uns, unser Serviceangebot (einschlie\u00dflich der Holders Technology Website) so zu gestalten, dass wir Ihnen Produkte und Dienstleistungen anbieten k\u00f6nnen, die Ihren individuellen Vorlieben besser entsprechen. Sie k\u00f6nnen die Einstellungen Ihres Website-Browsers jedoch so \u00e4ndern, dass Cookies abgelehnt werden. Bitte beachten Sie jedoch, dass in diesem Fall die Funktionalit\u00e4t der Holders Technology Website beeintr\u00e4chtigt werden kann. Weitere Informationen zu Cookies, einschlie\u00dflich der M\u00f6glichkeit, Cookies abzulehnen, finden Sie unter <a href=\"http:\/\/www.allaboutcookies.org\" target=\"_blank\" rel=\"noopener\">www.allaboutcookies.org<\/a>.<\/span>\n<h4><\/h4>\n<h4>SICHERHEIT<\/h4>\n<span style=\"font-weight: 400;\">Obwohl wir angemessene technische und organisatorische Ma\u00dfnahmen ergreifen, um die uns von Ihnen zur Verf\u00fcgung gestellten personenbezogenen Daten zu sch\u00fctzen, kann keine \u00fcber das Internet gesendete Kommunikation jemals vollkommen sicher sein. Daher k\u00f6nnen wir die Sicherheit von pers\u00f6nlichen Informationen, die Sie uns \u00fcber das Internet zur Verf\u00fcgung stellen, nicht garantieren.<\/span>\n<h4><\/h4>\n<h4>IHRE RECHTE<\/h4>\n<span style=\"font-weight: 400;\">Sie haben die folgenden Rechte:<\/span>\n<ul>\n \t<li><span style=\"font-weight: 400;\">das Recht, von uns jederzeit Kopien der personenbezogenen Daten, die wir \u00fcber Sie gespeichert haben, zu verlangen, wobei eine gesetzlich festgelegte Geb\u00fchr (derzeit \u00a310) zu entrichten ist;<\/span><\/li>\n \t<li><span style=\"font-weight: 400;\">das Recht, uns aufzufordern, alle veralteten oder falschen pers\u00f6nlichen Daten, die wir \u00fcber Sie gespeichert haben, kostenlos zu aktualisieren und zu korrigieren; und<\/span><\/li>\n \t<li><span style=\"font-weight: 400;\">das Recht, alle Marketingmitteilungen abzulehnen, die wir (oder Dritte, denen wir Ihre personenbezogenen Daten mit Ihrer Zustimmung offengelegt haben) Ihnen zusenden k\u00f6nnen.<\/span><\/li>\n<\/ul>\n<span style=\"font-weight: 400;\">Wenn Sie eines der oben genannten Rechte aus\u00fcben m\u00f6chten, schreiben Sie uns bitte (entweder per Post oder per E-Mail) an die oben genannte Adresse.<\/span>\n<h4><\/h4>\n<h4>WEBSITES VON DRITTEN<\/h4>\n<span style=\"font-weight: 400;\">Die Holders Technology-Website enth\u00e4lt Links zu anderen Websites, die von Dritten betrieben werden. Bitte beachten Sie, dass diese Datenschutzrichtlinie nur f\u00fcr die personenbezogenen Daten gilt, die wir \u00fcber die Holders Technology-Website erfassen, und wir nicht f\u00fcr personenbezogene Daten verantwortlich sind, die Dritte \u00fcber ihre Website erfassen, speichern und verwenden (einschlie\u00dflich z. B. PayPal). Sie sollten immer die Datenschutzbestimmungen jeder Website, die Sie besuchen, sorgf\u00e4ltig lesen.<\/span>\t\t\t\t\t\t\t\t<\/div>\n\t\t\t\t<\/div>\n\t\t\t\t\t<\/div>\n\t\t\t\t<\/div>\n\t\t\t\t<\/div>\n\t\t","protected":false},"excerpt":{"rendered":"<p>Datenschutzrichtlinie Diese Datenschutzrichtlinie regelt die Erfassung, Speicherung und Verwendung personenbezogener Daten, die von uns, Holders Technology UK Ltd, \u00fcber unsere [&hellip;]<\/p>\n","protected":false},"author":1,"featured_media":0,"parent":0,"menu_order":520,"comment_status":"closed","ping_status":"closed","template":"","meta":{"_acf_changed":false,"inline_featured_image":false,"site-sidebar-layout":"default","site-content-layout":"","ast-site-content-layout":"default","site-content-style":"default","site-sidebar-style":"default","ast-global-header-display":"","ast-banner-title-visibility":"","ast-main-header-display":"","ast-hfb-above-header-display":"","ast-hfb-below-header-display":"","ast-hfb-mobile-header-display":"","site-post-title":"disabled","ast-breadcrumbs-content":"","ast-featured-img":"","footer-sml-layout":"","ast-disable-related-posts":"","theme-transparent-header-meta":"default","adv-header-id-meta":"","stick-header-meta":"","header-above-stick-meta":"","header-main-stick-meta":"","header-below-stick-meta":"","astra-migrate-meta-layouts":"default","ast-page-background-enabled":"default","ast-page-background-meta":{"desktop":{"background-color":"var(--ast-global-color-5)","background-image":"","background-repeat":"repeat","background-position":"center center","background-size":"auto","background-attachment":"scroll","background-type":"","background-media":"","overlay-type":"","overlay-color":"","overlay-opacity":"","overlay-gradient":""},"tablet":{"background-color":"","background-image":"","background-repeat":"repeat","background-position":"center center","background-size":"auto","background-attachment":"scroll","background-type":"","background-media":"","overlay-type":"","overlay-color":"","overlay-opacity":"","overlay-gradient":""},"mobile":{"background-color":"","background-image":"","background-repeat":"repeat","background-position":"center center","background-size":"auto","background-attachment":"scroll","background-type":"","background-media":"","overlay-type":"","overlay-color":"","overlay-opacity":"","overlay-gradient":""}},"ast-content-background-meta":{"desktop":{"background-color":"var(--ast-global-color-4)","background-image":"","background-repeat":"repeat","background-position":"center center","background-size":"auto","background-attachment":"scroll","background-type":"","background-media":"","overlay-type":"","overlay-color":"","overlay-opacity":"","overlay-gradient":""},"tablet":{"background-color":"var(--ast-global-color-4)","background-image":"","background-repeat":"repeat","background-position":"center center","background-size":"auto","background-attachment":"scroll","background-type":"","background-media":"","overlay-type":"","overlay-color":"","overlay-opacity":"","overlay-gradient":""},"mobile":{"background-color":"var(--ast-global-color-4)","background-image":"","background-repeat":"repeat","background-position":"center center","background-size":"auto","background-attachment":"scroll","background-type":"","background-media":"","overlay-type":"","overlay-color":"","overlay-opacity":"","overlay-gradient":""}},"footnotes":""},"class_list":["post-3126","page","type-page","status-publish","hentry"],"acf":[],"yoast_head":"<!-- This site is optimized with the Yoast SEO plugin v27.3 - https:\/\/yoast.com\/product\/yoast-seo-wordpress\/ -->\n<title>Datenschutzrichtlinie | Holders Wireless Lighting Control<\/title>\n<meta name=\"robots\" content=\"index, follow, max-snippet:-1, max-image-preview:large, max-video-preview:-1\" \/>\n<link rel=\"canonical\" href=\"https:\/\/holderstechnology.com\/wireless-lighting-control\/de\/datenschutzrichtlinie\/\" \/>\n<meta property=\"og:locale\" content=\"de_DE\" \/>\n<meta property=\"og:type\" content=\"article\" \/>\n<meta property=\"og:title\" content=\"Datenschutzrichtlinie | Holders Wireless Lighting Control\" \/>\n<meta property=\"og:description\" content=\"Datenschutzrichtlinie Diese Datenschutzrichtlinie regelt die Erfassung, Speicherung und Verwendung personenbezogener Daten, die von uns, Holders Technology UK Ltd, \u00fcber unsere [&hellip;]\" \/>\n<meta property=\"og:url\" content=\"https:\/\/holderstechnology.com\/wireless-lighting-control\/de\/datenschutzrichtlinie\/\" \/>\n<meta property=\"og:site_name\" content=\"Holders Wireless Lighting Control\" \/>\n<meta property=\"article:modified_time\" content=\"2025-08-19T12:40:47+00:00\" \/>\n<meta name=\"twitter:card\" content=\"summary_large_image\" \/>\n<meta name=\"twitter:label1\" content=\"Gesch\u00e4tzte Lesezeit\" \/>\n\t<meta name=\"twitter:data1\" content=\"6\u00a0Minuten\" \/>\n<script type=\"application\/ld+json\" class=\"yoast-schema-graph\">{\"@context\":\"https:\\\/\\\/schema.org\",\"@graph\":[{\"@type\":\"WebPage\",\"@id\":\"https:\\\/\\\/holderstechnology.com\\\/wireless-lighting-control\\\/de\\\/datenschutzrichtlinie\\\/\",\"url\":\"https:\\\/\\\/holderstechnology.com\\\/wireless-lighting-control\\\/de\\\/datenschutzrichtlinie\\\/\",\"name\":\"Datenschutzrichtlinie | Holders Wireless Lighting Control\",\"isPartOf\":{\"@id\":\"https:\\\/\\\/holderstechnology.com\\\/wireless-lighting-control\\\/#website\"},\"datePublished\":\"2021-03-12T09:34:23+00:00\",\"dateModified\":\"2025-08-19T12:40:47+00:00\",\"breadcrumb\":{\"@id\":\"https:\\\/\\\/holderstechnology.com\\\/wireless-lighting-control\\\/de\\\/datenschutzrichtlinie\\\/#breadcrumb\"},\"inLanguage\":\"de\",\"potentialAction\":[{\"@type\":\"ReadAction\",\"target\":[\"https:\\\/\\\/holderstechnology.com\\\/wireless-lighting-control\\\/de\\\/datenschutzrichtlinie\\\/\"]}]},{\"@type\":\"BreadcrumbList\",\"@id\":\"https:\\\/\\\/holderstechnology.com\\\/wireless-lighting-control\\\/de\\\/datenschutzrichtlinie\\\/#breadcrumb\",\"itemListElement\":[{\"@type\":\"ListItem\",\"position\":1,\"name\":\"&#8962;\",\"item\":\"https:\\\/\\\/holderstechnology.com\\\/wireless-lighting-control\\\/\"},{\"@type\":\"ListItem\",\"position\":2,\"name\":\"Datenschutzrichtlinie\"}]},{\"@type\":\"WebSite\",\"@id\":\"https:\\\/\\\/holderstechnology.com\\\/wireless-lighting-control\\\/#website\",\"url\":\"https:\\\/\\\/holderstechnology.com\\\/wireless-lighting-control\\\/\",\"name\":\"Holders Wireless Lighting Control\",\"description\":\"\",\"publisher\":{\"@id\":\"https:\\\/\\\/holderstechnology.com\\\/wireless-lighting-control\\\/#organization\"},\"potentialAction\":[{\"@type\":\"SearchAction\",\"target\":{\"@type\":\"EntryPoint\",\"urlTemplate\":\"https:\\\/\\\/holderstechnology.com\\\/wireless-lighting-control\\\/?s={search_term_string}\"},\"query-input\":{\"@type\":\"PropertyValueSpecification\",\"valueRequired\":true,\"valueName\":\"search_term_string\"}}],\"inLanguage\":\"de\"},{\"@type\":\"Organization\",\"@id\":\"https:\\\/\\\/holderstechnology.com\\\/wireless-lighting-control\\\/#organization\",\"name\":\"Holders Technology Group\",\"url\":\"https:\\\/\\\/holderstechnology.com\\\/wireless-lighting-control\\\/\",\"logo\":{\"@type\":\"ImageObject\",\"inLanguage\":\"de\",\"@id\":\"https:\\\/\\\/holderstechnology.com\\\/wireless-lighting-control\\\/#\\\/schema\\\/logo\\\/image\\\/\",\"url\":\"https:\\\/\\\/holderstechnology.com\\\/wireless-lighting-control\\\/wp-content\\\/uploads\\\/sites\\\/3\\\/2024\\\/01\\\/logo_holders-technology.svg\",\"contentUrl\":\"https:\\\/\\\/holderstechnology.com\\\/wireless-lighting-control\\\/wp-content\\\/uploads\\\/sites\\\/3\\\/2024\\\/01\\\/logo_holders-technology.svg\",\"width\":556,\"height\":66,\"caption\":\"Holders Technology Group\"},\"image\":{\"@id\":\"https:\\\/\\\/holderstechnology.com\\\/wireless-lighting-control\\\/#\\\/schema\\\/logo\\\/image\\\/\"}}]}<\/script>\n<!-- \/ Yoast SEO plugin. -->","yoast_head_json":{"title":"Datenschutzrichtlinie | Holders Wireless Lighting Control","robots":{"index":"index","follow":"follow","max-snippet":"max-snippet:-1","max-image-preview":"max-image-preview:large","max-video-preview":"max-video-preview:-1"},"canonical":"https:\/\/holderstechnology.com\/wireless-lighting-control\/de\/datenschutzrichtlinie\/","og_locale":"de_DE","og_type":"article","og_title":"Datenschutzrichtlinie | Holders Wireless Lighting Control","og_description":"Datenschutzrichtlinie Diese Datenschutzrichtlinie regelt die Erfassung, Speicherung und Verwendung personenbezogener Daten, die von uns, Holders Technology UK Ltd, \u00fcber unsere [&hellip;]","og_url":"https:\/\/holderstechnology.com\/wireless-lighting-control\/de\/datenschutzrichtlinie\/","og_site_name":"Holders Wireless Lighting Control","article_modified_time":"2025-08-19T12:40:47+00:00","twitter_card":"summary_large_image","twitter_misc":{"Gesch\u00e4tzte Lesezeit":"6\u00a0Minuten"},"schema":{"@context":"https:\/\/schema.org","@graph":[{"@type":"WebPage","@id":"https:\/\/holderstechnology.com\/wireless-lighting-control\/de\/datenschutzrichtlinie\/","url":"https:\/\/holderstechnology.com\/wireless-lighting-control\/de\/datenschutzrichtlinie\/","name":"Datenschutzrichtlinie | Holders Wireless Lighting Control","isPartOf":{"@id":"https:\/\/holderstechnology.com\/wireless-lighting-control\/#website"},"datePublished":"2021-03-12T09:34:23+00:00","dateModified":"2025-08-19T12:40:47+00:00","breadcrumb":{"@id":"https:\/\/holderstechnology.com\/wireless-lighting-control\/de\/datenschutzrichtlinie\/#breadcrumb"},"inLanguage":"de","potentialAction":[{"@type":"ReadAction","target":["https:\/\/holderstechnology.com\/wireless-lighting-control\/de\/datenschutzrichtlinie\/"]}]},{"@type":"BreadcrumbList","@id":"https:\/\/holderstechnology.com\/wireless-lighting-control\/de\/datenschutzrichtlinie\/#breadcrumb","itemListElement":[{"@type":"ListItem","position":1,"name":"&#8962;","item":"https:\/\/holderstechnology.com\/wireless-lighting-control\/"},{"@type":"ListItem","position":2,"name":"Datenschutzrichtlinie"}]},{"@type":"WebSite","@id":"https:\/\/holderstechnology.com\/wireless-lighting-control\/#website","url":"https:\/\/holderstechnology.com\/wireless-lighting-control\/","name":"Holders Wireless Lighting Control","description":"","publisher":{"@id":"https:\/\/holderstechnology.com\/wireless-lighting-control\/#organization"},"potentialAction":[{"@type":"SearchAction","target":{"@type":"EntryPoint","urlTemplate":"https:\/\/holderstechnology.com\/wireless-lighting-control\/?s={search_term_string}"},"query-input":{"@type":"PropertyValueSpecification","valueRequired":true,"valueName":"search_term_string"}}],"inLanguage":"de"},{"@type":"Organization","@id":"https:\/\/holderstechnology.com\/wireless-lighting-control\/#organization","name":"Holders Technology Group","url":"https:\/\/holderstechnology.com\/wireless-lighting-control\/","logo":{"@type":"ImageObject","inLanguage":"de","@id":"https:\/\/holderstechnology.com\/wireless-lighting-control\/#\/schema\/logo\/image\/","url":"https:\/\/holderstechnology.com\/wireless-lighting-control\/wp-content\/uploads\/sites\/3\/2024\/01\/logo_holders-technology.svg","contentUrl":"https:\/\/holderstechnology.com\/wireless-lighting-control\/wp-content\/uploads\/sites\/3\/2024\/01\/logo_holders-technology.svg","width":556,"height":66,"caption":"Holders Technology Group"},"image":{"@id":"https:\/\/holderstechnology.com\/wireless-lighting-control\/#\/schema\/logo\/image\/"}}]}},"_links":{"self":[{"href":"https:\/\/holderstechnology.com\/wireless-lighting-control\/de\/wp-json\/wp\/v2\/pages\/3126","targetHints":{"allow":["GET"]}}],"collection":[{"href":"https:\/\/holderstechnology.com\/wireless-lighting-control\/de\/wp-json\/wp\/v2\/pages"}],"about":[{"href":"https:\/\/holderstechnology.com\/wireless-lighting-control\/de\/wp-json\/wp\/v2\/types\/page"}],"author":[{"embeddable":true,"href":"https:\/\/holderstechnology.com\/wireless-lighting-control\/de\/wp-json\/wp\/v2\/users\/1"}],"replies":[{"embeddable":true,"href":"https:\/\/holderstechnology.com\/wireless-lighting-control\/de\/wp-json\/wp\/v2\/comments?post=3126"}],"version-history":[{"count":11,"href":"https:\/\/holderstechnology.com\/wireless-lighting-control\/de\/wp-json\/wp\/v2\/pages\/3126\/revisions"}],"predecessor-version":[{"id":14874,"href":"https:\/\/holderstechnology.com\/wireless-lighting-control\/de\/wp-json\/wp\/v2\/pages\/3126\/revisions\/14874"}],"wp:attachment":[{"href":"https:\/\/holderstechnology.com\/wireless-lighting-control\/de\/wp-json\/wp\/v2\/media?parent=3126"}],"curies":[{"name":"wp","href":"https:\/\/api.w.org\/{rel}","templated":true}]}}