{"id":3127,"date":"2021-03-12T09:34:50","date_gmt":"2021-03-12T09:34:50","guid":{"rendered":"https:\/\/holderstechnology.com\/wireless-lighting-control\/cookie-richtlinie\/"},"modified":"2025-08-19T13:40:56","modified_gmt":"2025-08-19T12:40:56","slug":"cookie-richtlinie","status":"publish","type":"page","link":"https:\/\/holderstechnology.com\/wireless-lighting-control\/de\/cookie-richtlinie\/","title":{"rendered":"Cookie-Richtlinie"},"content":{"rendered":"\t\t<div data-elementor-type=\"wp-page\" data-elementor-id=\"3127\" class=\"elementor elementor-3127 elementor-1944\" data-elementor-post-type=\"page\">\n\t\t\t\t<div class=\"elementor-element elementor-element-545c0d70 e-flex e-con-boxed e-con e-parent\" data-id=\"545c0d70\" data-element_type=\"container\" data-e-type=\"container\">\n\t\t\t\t\t<div class=\"e-con-inner\">\n\t\t\t\t<div class=\"elementor-element elementor-element-38a8b72e elementor-widget elementor-widget-text-editor\" data-id=\"38a8b72e\" data-element_type=\"widget\" data-e-type=\"widget\" data-widget_type=\"text-editor.default\">\n\t\t\t\t<div class=\"elementor-widget-container\">\n\t\t\t\t\t\t\t\t\t<h2>Cookie-Richtlinie<\/h2>\r\n\r\n<hr \/>\r\n\r\n&nbsp;\r\n<h4>WAS SIND COOKIES?<\/h4>\r\n<span style=\"font-weight: 400\">&#8218;Cookies&#8216; sind kleine Textdateien, die vom Browser (z.B. Internet Explorer, Safari, Firefox, etc.) auf Ihrem Computer oder Mobiltelefon gespeichert werden. Sie erm\u00f6glichen es Websites, Dinge wie Benutzereinstellungen zu speichern. Sie k\u00f6nnen sich Cookies wie ein &#8222;Ged\u00e4chtnis&#8220; f\u00fcr die Website vorstellen, das es ihr erm\u00f6glicht, einen Benutzer zu erkennen und auf die richtige Weise zu reagieren<\/span><span style=\"font-weight: 400\">.<\/span>\r\n<h4><\/h4>\r\n<h4>WIE WIR COOKIES VERWENDEN<\/h4>\r\n<span style=\"font-weight: 400\">Ein Besuch einer Seite auf unserer Website kann die folgenden Arten von Cookies erzeugen:<\/span>\r\n<table class=\"table table-striped table-bordered\">\r\n<tbody>\r\n<tr>\r\n<td><span style=\"font-weight: 400\">Cookie<\/span><\/td>\r\n<td><span style=\"font-weight: 400\">Name<\/span><\/td>\r\n<td><span style=\"font-weight: 400\">Zweck<\/span><\/td>\r\n<td><span style=\"font-weight: 400\">Mehr Informationen<\/span><\/td>\r\n<\/tr>\r\n<tr>\r\n<td><span style=\"font-weight: 400\">Google Analytics<\/span><\/td>\r\n<td><span style=\"font-weight: 400\">_utma<\/span>\r\n\r\n<span style=\"font-weight: 400\">_utmb<\/span>\r\n\r\n<span style=\"font-weight: 400\">_utmc<\/span>\r\n\r\n<span style=\"font-weight: 400\">_utmz<\/span><\/td>\r\n<td><span style=\"font-weight: 400\">Diese Cookies werden verwendet, um anonyme Informationen dar\u00fcber zu sammeln, wie Besucher:innen unsere Website nutzen. Wir verwenden die Informationen zur Erstellung von Berichten und zur Verbesserung der Website.<\/span><\/td>\r\n<td><a href=\"http:\/\/www.google.com\/intl\/en\/policies\/privacy\/\" target=\"_blank\" rel=\"noopener\"><span style=\"font-weight: 400\">Klicken Sie hier f\u00fcr einen \u00dcberblick \u00fcber den Datenschutz bei Google<\/span><\/a><\/td>\r\n<\/tr>\r\n<tr>\r\n<td><span style=\"font-weight: 400\">Content-Management-System-Cookie<\/span><\/td>\r\n<td><span style=\"font-weight: 400\">CMSSESSID<\/span><\/td>\r\n<td><span style=\"font-weight: 400\">Dieses Cookie wird von unserem Content-Management-System bei der Ankunft auf unserer Website gesetzt. Sie werden f\u00fcr keinen Zweck verwendet und werden gel\u00f6scht, wenn Benutzer:innen den Browser schlie\u00dfen.<\/span><\/td>\r\n<td><\/td>\r\n<\/tr>\r\n<tr>\r\n<td><span style=\"font-weight: 400\">Cookies-Einstellung<\/span><\/td>\r\n<td><span style=\"font-weight: 400\">cookiesRichtlinie<\/span><\/td>\r\n<td><span style=\"font-weight: 400\">Dieses Cookie wird verwendet, um sich daran zu erinnern, dass Sie unsere Cookie-Benachrichtigung gesehen haben.<\/span><\/td>\r\n<td><\/td>\r\n<\/tr>\r\n<\/tbody>\r\n<\/table>\r\n&nbsp;\r\n<h4>WIE KANN ICH COOKIES DEAKTIVIEREN?<\/h4>\r\n<span style=\"font-weight: 400\">In allen modernen Browsern k\u00f6nnen Sie Ihre Cookie-Einstellungen \u00e4ndern. Diese Einstellungen finden Sie normalerweise im Men\u00fc &#8222;Optionen&#8220; oder &#8222;Einstellungen&#8220; Ihres Browsers. Um diese Einstellungen zu verstehen, k\u00f6nnen die folgenden Links hilfreich sein, andernfalls sollten Sie die &#8222;Hilfe&#8220;-Option in Ihrem Browser f\u00fcr weitere Details verwenden.<\/span>\r\n\r\n<b>HINWEIS: Die Deaktivierung von Cookies kann die Leistung dieser Website beeintr\u00e4chtigen und einige Funktionen funktionieren m\u00f6glicherweise nicht korrekt.<\/b>\r\n\r\n<a href=\"http:\/\/support.microsoft.com\/kb\/196955\" target=\"_blank\" rel=\"noopener\"><span style=\"font-weight: 400\">Cookie-Einstellungen im Internet Explorer<\/span><\/a>\r\n\r\n<a href=\"http:\/\/support.mozilla.com\/en-US\/kb\/Cookies\" target=\"_blank\" rel=\"noopener\"><span style=\"font-weight: 400\">Cookie-Einstellungen in Firefox<\/span><\/a>\r\n\r\n<a href=\"http:\/\/www.google.com\/support\/chrome\/bin\/answer.py?hl=en&amp;answer=95647\" target=\"_blank\" rel=\"noopener\"><span style=\"font-weight: 400\">Cookie-Einstellungen in Chrome<\/span><\/a>\r\n\r\n<a href=\"http:\/\/support.apple.com\/kb\/PH5042\" target=\"_blank\" rel=\"noopener\"><span style=\"font-weight: 400\">Cookie-Einstellungen in Safari<\/span><\/a>\r\n\r\n<span style=\"font-weight: 400\">Wenn Sie in erster Linie \u00fcber Cookies von Drittanbietern besorgt sind, die von Werbetreibenden generiert werden, k\u00f6nnen Sie diese deaktivieren, indem Sie auf die <\/span><a href=\"http:\/\/www.youronlinechoices.com\/uk\" target=\"_blank\" rel=\"noopener\">\r\n<span style=\"font-weight: 400\">Ihre Online-Entscheidungen Seite.<\/span>\r\n<\/a>\r\n\r\n<span style=\"font-weight: 400\">Weitere Informationen erhalten Sie auch bei der Branchenorganisation, die diese Werbeplattformen vertritt: Initiative Netzwerkwerbung.<\/span>\r\n\r\n<span style=\"font-weight: 400\">Sie haben eine zentrale Anlaufstelle geschaffen, die alle Opt-out-Kontrollen sammelt. Bitte beachten Sie, dass auf dieser Seite viel mehr Netzwerke aufgef\u00fchrt sind, als wir verwenden. <\/span><a href=\"http:\/\/networkadvertising.org\/managing\/opt_out.asp\" target=\"_blank\" rel=\"noopener\"><span style=\"font-weight: 400\">http:\/\/networkadvertising.org\/managing\/opt_out.asp<\/span><\/a>\r\n<h4><\/h4>\r\n<h4>N\u00dcTZLICHE LINKS<\/h4>\r\n<span style=\"font-weight: 400\">Wenn Sie mehr \u00fcber Cookies und deren Verwendung im Internet erfahren m\u00f6chten, finden Sie vielleicht die folgenden Links hilfreich:<\/span>\r\n\r\n<a href=\"http:\/\/www.microsoft.com\/info\/cookies.mspx\" target=\"_blank\" rel=\"noopener\"><span style=\"font-weight: 400\">Leitfaden f\u00fcr Microsoft Cookies<\/span><\/a>\r\n\r\n<a href=\"http:\/\/www.allaboutcookies.org\/\" target=\"_blank\" rel=\"noopener\"><span style=\"font-weight: 400\">Alles \u00fcber Cookies<\/span><\/a>\r\n\r\n<span style=\"font-weight: 400\">Das IAB hat die folgende Website zur Verf\u00fcgung gestellt, um speziell \u00fcber Datenschutzfragen im Zusammenhang mit Internetwerbung zu informieren: <\/span><a href=\"http:\/\/www.youronlinechoices.com\/uk\/\" target=\"_blank\" rel=\"noopener\">\r\n<span style=\"font-weight: 400\">youronlinechoices.co.uk\/uk<\/span>\r\n<\/a>\r\n\r\n<span style=\"font-weight: 400\">F\u00fcr weitere rechtliche Informationen zum Thema Datenschutz finden Sie vielleicht diese Links n\u00fctzlich:<\/span>\r\n\r\n<a href=\"http:\/\/www.opsi.gov.uk\/acts\/acts1998\/ukpga_19980029_en_1\" target=\"_blank\" rel=\"noopener\"><span style=\"font-weight: 400\">Datenschutzgesetz 1998<\/span><\/a>\r\n\r\n<a href=\"http:\/\/www.ico.gov.uk\/\" target=\"_blank\" rel=\"noopener\"><span style=\"font-weight: 400\">Das B\u00fcro des Informationsbeauftragten<\/span><\/a>\t\t\t\t\t\t\t\t<\/div>\n\t\t\t\t<\/div>\n\t\t\t\t\t<\/div>\n\t\t\t\t<\/div>\n\t\t\t\t<\/div>\n\t\t","protected":false},"excerpt":{"rendered":"<p>Cookie-Richtlinie &nbsp; WAS SIND COOKIES? &#8218;Cookies&#8216; sind kleine Textdateien, die vom Browser (z.B. Internet Explorer, Safari, Firefox, etc.) auf Ihrem [&hellip;]<\/p>\n","protected":false},"author":1,"featured_media":0,"parent":0,"menu_order":540,"comment_status":"closed","ping_status":"closed","template":"","meta":{"_acf_changed":false,"inline_featured_image":false,"site-sidebar-layout":"default","site-content-layout":"","ast-site-content-layout":"default","site-content-style":"default","site-sidebar-style":"default","ast-global-header-display":"","ast-banner-title-visibility":"","ast-main-header-display":"","ast-hfb-above-header-display":"","ast-hfb-below-header-display":"","ast-hfb-mobile-header-display":"","site-post-title":"disabled","ast-breadcrumbs-content":"","ast-featured-img":"","footer-sml-layout":"","ast-disable-related-posts":"","theme-transparent-header-meta":"default","adv-header-id-meta":"","stick-header-meta":"","header-above-stick-meta":"","header-main-stick-meta":"","header-below-stick-meta":"","astra-migrate-meta-layouts":"default","ast-page-background-enabled":"default","ast-page-background-meta":{"desktop":{"background-color":"var(--ast-global-color-5)","background-image":"","background-repeat":"repeat","background-position":"center center","background-size":"auto","background-attachment":"scroll","background-type":"","background-media":"","overlay-type":"","overlay-color":"","overlay-opacity":"","overlay-gradient":""},"tablet":{"background-color":"","background-image":"","background-repeat":"repeat","background-position":"center center","background-size":"auto","background-attachment":"scroll","background-type":"","background-media":"","overlay-type":"","overlay-color":"","overlay-opacity":"","overlay-gradient":""},"mobile":{"background-color":"","background-image":"","background-repeat":"repeat","background-position":"center center","background-size":"auto","background-attachment":"scroll","background-type":"","background-media":"","overlay-type":"","overlay-color":"","overlay-opacity":"","overlay-gradient":""}},"ast-content-background-meta":{"desktop":{"background-color":"var(--ast-global-color-4)","background-image":"","background-repeat":"repeat","background-position":"center center","background-size":"auto","background-attachment":"scroll","background-type":"","background-media":"","overlay-type":"","overlay-color":"","overlay-opacity":"","overlay-gradient":""},"tablet":{"background-color":"var(--ast-global-color-4)","background-image":"","background-repeat":"repeat","background-position":"center center","background-size":"auto","background-attachment":"scroll","background-type":"","background-media":"","overlay-type":"","overlay-color":"","overlay-opacity":"","overlay-gradient":""},"mobile":{"background-color":"var(--ast-global-color-4)","background-image":"","background-repeat":"repeat","background-position":"center center","background-size":"auto","background-attachment":"scroll","background-type":"","background-media":"","overlay-type":"","overlay-color":"","overlay-opacity":"","overlay-gradient":""}},"footnotes":""},"class_list":["post-3127","page","type-page","status-publish","hentry"],"acf":[],"yoast_head":"<!-- This site is optimized with the Yoast SEO plugin v27.3 - https:\/\/yoast.com\/product\/yoast-seo-wordpress\/ -->\n<title>Cookie-Richtlinie | Holders Wireless Lighting Control<\/title>\n<meta name=\"robots\" content=\"index, follow, max-snippet:-1, max-image-preview:large, max-video-preview:-1\" \/>\n<link rel=\"canonical\" href=\"https:\/\/holderstechnology.com\/wireless-lighting-control\/de\/cookie-richtlinie\/\" \/>\n<meta property=\"og:locale\" content=\"de_DE\" \/>\n<meta property=\"og:type\" content=\"article\" \/>\n<meta property=\"og:title\" content=\"Cookie-Richtlinie | Holders Wireless Lighting Control\" \/>\n<meta property=\"og:description\" content=\"Cookie-Richtlinie &nbsp; WAS SIND COOKIES? &#8218;Cookies&#8216; sind kleine Textdateien, die vom Browser (z.B. Internet Explorer, Safari, Firefox, etc.) auf Ihrem [&hellip;]\" \/>\n<meta property=\"og:url\" content=\"https:\/\/holderstechnology.com\/wireless-lighting-control\/de\/cookie-richtlinie\/\" \/>\n<meta property=\"og:site_name\" content=\"Holders Wireless Lighting Control\" \/>\n<meta property=\"article:modified_time\" content=\"2025-08-19T12:40:56+00:00\" \/>\n<meta name=\"twitter:card\" content=\"summary_large_image\" \/>\n<meta name=\"twitter:label1\" content=\"Gesch\u00e4tzte Lesezeit\" \/>\n\t<meta name=\"twitter:data1\" content=\"3\u00a0Minuten\" \/>\n<script type=\"application\/ld+json\" class=\"yoast-schema-graph\">{\"@context\":\"https:\\\/\\\/schema.org\",\"@graph\":[{\"@type\":\"WebPage\",\"@id\":\"https:\\\/\\\/holderstechnology.com\\\/wireless-lighting-control\\\/de\\\/cookie-richtlinie\\\/\",\"url\":\"https:\\\/\\\/holderstechnology.com\\\/wireless-lighting-control\\\/de\\\/cookie-richtlinie\\\/\",\"name\":\"Cookie-Richtlinie | Holders Wireless Lighting Control\",\"isPartOf\":{\"@id\":\"https:\\\/\\\/holderstechnology.com\\\/wireless-lighting-control\\\/#website\"},\"datePublished\":\"2021-03-12T09:34:50+00:00\",\"dateModified\":\"2025-08-19T12:40:56+00:00\",\"breadcrumb\":{\"@id\":\"https:\\\/\\\/holderstechnology.com\\\/wireless-lighting-control\\\/de\\\/cookie-richtlinie\\\/#breadcrumb\"},\"inLanguage\":\"de\",\"potentialAction\":[{\"@type\":\"ReadAction\",\"target\":[\"https:\\\/\\\/holderstechnology.com\\\/wireless-lighting-control\\\/de\\\/cookie-richtlinie\\\/\"]}]},{\"@type\":\"BreadcrumbList\",\"@id\":\"https:\\\/\\\/holderstechnology.com\\\/wireless-lighting-control\\\/de\\\/cookie-richtlinie\\\/#breadcrumb\",\"itemListElement\":[{\"@type\":\"ListItem\",\"position\":1,\"name\":\"&#8962;\",\"item\":\"https:\\\/\\\/holderstechnology.com\\\/wireless-lighting-control\\\/\"},{\"@type\":\"ListItem\",\"position\":2,\"name\":\"Cookie-Richtlinie\"}]},{\"@type\":\"WebSite\",\"@id\":\"https:\\\/\\\/holderstechnology.com\\\/wireless-lighting-control\\\/#website\",\"url\":\"https:\\\/\\\/holderstechnology.com\\\/wireless-lighting-control\\\/\",\"name\":\"Holders Wireless Lighting Control\",\"description\":\"\",\"publisher\":{\"@id\":\"https:\\\/\\\/holderstechnology.com\\\/wireless-lighting-control\\\/#organization\"},\"potentialAction\":[{\"@type\":\"SearchAction\",\"target\":{\"@type\":\"EntryPoint\",\"urlTemplate\":\"https:\\\/\\\/holderstechnology.com\\\/wireless-lighting-control\\\/?s={search_term_string}\"},\"query-input\":{\"@type\":\"PropertyValueSpecification\",\"valueRequired\":true,\"valueName\":\"search_term_string\"}}],\"inLanguage\":\"de\"},{\"@type\":\"Organization\",\"@id\":\"https:\\\/\\\/holderstechnology.com\\\/wireless-lighting-control\\\/#organization\",\"name\":\"Holders Technology Group\",\"url\":\"https:\\\/\\\/holderstechnology.com\\\/wireless-lighting-control\\\/\",\"logo\":{\"@type\":\"ImageObject\",\"inLanguage\":\"de\",\"@id\":\"https:\\\/\\\/holderstechnology.com\\\/wireless-lighting-control\\\/#\\\/schema\\\/logo\\\/image\\\/\",\"url\":\"https:\\\/\\\/holderstechnology.com\\\/wireless-lighting-control\\\/wp-content\\\/uploads\\\/sites\\\/3\\\/2024\\\/01\\\/logo_holders-technology.svg\",\"contentUrl\":\"https:\\\/\\\/holderstechnology.com\\\/wireless-lighting-control\\\/wp-content\\\/uploads\\\/sites\\\/3\\\/2024\\\/01\\\/logo_holders-technology.svg\",\"width\":556,\"height\":66,\"caption\":\"Holders Technology Group\"},\"image\":{\"@id\":\"https:\\\/\\\/holderstechnology.com\\\/wireless-lighting-control\\\/#\\\/schema\\\/logo\\\/image\\\/\"}}]}<\/script>\n<!-- \/ Yoast SEO plugin. -->","yoast_head_json":{"title":"Cookie-Richtlinie | Holders Wireless Lighting Control","robots":{"index":"index","follow":"follow","max-snippet":"max-snippet:-1","max-image-preview":"max-image-preview:large","max-video-preview":"max-video-preview:-1"},"canonical":"https:\/\/holderstechnology.com\/wireless-lighting-control\/de\/cookie-richtlinie\/","og_locale":"de_DE","og_type":"article","og_title":"Cookie-Richtlinie | Holders Wireless Lighting Control","og_description":"Cookie-Richtlinie &nbsp; WAS SIND COOKIES? &#8218;Cookies&#8216; sind kleine Textdateien, die vom Browser (z.B. Internet Explorer, Safari, Firefox, etc.) auf Ihrem [&hellip;]","og_url":"https:\/\/holderstechnology.com\/wireless-lighting-control\/de\/cookie-richtlinie\/","og_site_name":"Holders Wireless Lighting Control","article_modified_time":"2025-08-19T12:40:56+00:00","twitter_card":"summary_large_image","twitter_misc":{"Gesch\u00e4tzte Lesezeit":"3\u00a0Minuten"},"schema":{"@context":"https:\/\/schema.org","@graph":[{"@type":"WebPage","@id":"https:\/\/holderstechnology.com\/wireless-lighting-control\/de\/cookie-richtlinie\/","url":"https:\/\/holderstechnology.com\/wireless-lighting-control\/de\/cookie-richtlinie\/","name":"Cookie-Richtlinie | Holders Wireless Lighting Control","isPartOf":{"@id":"https:\/\/holderstechnology.com\/wireless-lighting-control\/#website"},"datePublished":"2021-03-12T09:34:50+00:00","dateModified":"2025-08-19T12:40:56+00:00","breadcrumb":{"@id":"https:\/\/holderstechnology.com\/wireless-lighting-control\/de\/cookie-richtlinie\/#breadcrumb"},"inLanguage":"de","potentialAction":[{"@type":"ReadAction","target":["https:\/\/holderstechnology.com\/wireless-lighting-control\/de\/cookie-richtlinie\/"]}]},{"@type":"BreadcrumbList","@id":"https:\/\/holderstechnology.com\/wireless-lighting-control\/de\/cookie-richtlinie\/#breadcrumb","itemListElement":[{"@type":"ListItem","position":1,"name":"&#8962;","item":"https:\/\/holderstechnology.com\/wireless-lighting-control\/"},{"@type":"ListItem","position":2,"name":"Cookie-Richtlinie"}]},{"@type":"WebSite","@id":"https:\/\/holderstechnology.com\/wireless-lighting-control\/#website","url":"https:\/\/holderstechnology.com\/wireless-lighting-control\/","name":"Holders Wireless Lighting Control","description":"","publisher":{"@id":"https:\/\/holderstechnology.com\/wireless-lighting-control\/#organization"},"potentialAction":[{"@type":"SearchAction","target":{"@type":"EntryPoint","urlTemplate":"https:\/\/holderstechnology.com\/wireless-lighting-control\/?s={search_term_string}"},"query-input":{"@type":"PropertyValueSpecification","valueRequired":true,"valueName":"search_term_string"}}],"inLanguage":"de"},{"@type":"Organization","@id":"https:\/\/holderstechnology.com\/wireless-lighting-control\/#organization","name":"Holders Technology Group","url":"https:\/\/holderstechnology.com\/wireless-lighting-control\/","logo":{"@type":"ImageObject","inLanguage":"de","@id":"https:\/\/holderstechnology.com\/wireless-lighting-control\/#\/schema\/logo\/image\/","url":"https:\/\/holderstechnology.com\/wireless-lighting-control\/wp-content\/uploads\/sites\/3\/2024\/01\/logo_holders-technology.svg","contentUrl":"https:\/\/holderstechnology.com\/wireless-lighting-control\/wp-content\/uploads\/sites\/3\/2024\/01\/logo_holders-technology.svg","width":556,"height":66,"caption":"Holders Technology Group"},"image":{"@id":"https:\/\/holderstechnology.com\/wireless-lighting-control\/#\/schema\/logo\/image\/"}}]}},"_links":{"self":[{"href":"https:\/\/holderstechnology.com\/wireless-lighting-control\/de\/wp-json\/wp\/v2\/pages\/3127","targetHints":{"allow":["GET"]}}],"collection":[{"href":"https:\/\/holderstechnology.com\/wireless-lighting-control\/de\/wp-json\/wp\/v2\/pages"}],"about":[{"href":"https:\/\/holderstechnology.com\/wireless-lighting-control\/de\/wp-json\/wp\/v2\/types\/page"}],"author":[{"embeddable":true,"href":"https:\/\/holderstechnology.com\/wireless-lighting-control\/de\/wp-json\/wp\/v2\/users\/1"}],"replies":[{"embeddable":true,"href":"https:\/\/holderstechnology.com\/wireless-lighting-control\/de\/wp-json\/wp\/v2\/comments?post=3127"}],"version-history":[{"count":7,"href":"https:\/\/holderstechnology.com\/wireless-lighting-control\/de\/wp-json\/wp\/v2\/pages\/3127\/revisions"}],"predecessor-version":[{"id":14877,"href":"https:\/\/holderstechnology.com\/wireless-lighting-control\/de\/wp-json\/wp\/v2\/pages\/3127\/revisions\/14877"}],"wp:attachment":[{"href":"https:\/\/holderstechnology.com\/wireless-lighting-control\/de\/wp-json\/wp\/v2\/media?parent=3127"}],"curies":[{"name":"wp","href":"https:\/\/api.w.org\/{rel}","templated":true}]}}