{"id":15580,"date":"2026-02-10T10:55:59","date_gmt":"2026-02-10T10:55:59","guid":{"rendered":"https:\/\/holderstechnology.com\/wireless-lighting-control\/product\/aktiver-sensor-srd2pb\/"},"modified":"2026-02-13T05:54:32","modified_gmt":"2026-02-13T05:54:32","slug":"aktiver-sensor-srd2pb","status":"publish","type":"product","link":"https:\/\/holderstechnology.com\/wireless-lighting-control\/de\/produkt\/aktiver-sensor-srd2pb\/","title":{"rendered":"Aktiver Sensor SRD2PB"},"content":{"rendered":"<p class=\" elementToProof\">Aktiver Casambi PIR-Einbausensor mit DALI- und Relaisausgang und zwei Tastereing\u00e4ngen. Ein multifunktionales Produkt, das entwickelt wurde, um alle Anforderungen an die Beleuchtungssteuerung eines Raumes zu erf\u00fcllen und gleichzeitig Teil eines immobilienweiten Casambi-Systems zu sein. Der Sensor bietet eine Erfassungsreichweite von 14m \u2300 bei einer Montageh\u00f6he von 2,8m.  <\/p>\n<p>Der Sensor wird mit Werkseinstellungen geliefert, so dass er sofort nach dem Einschalten betriebsbereit ist &#8211; eine Konfiguration ist nicht erforderlich.<br \/>\nDiese Einstellungen bleiben auch dann erhalten, wenn der Sensor innerhalb eines Casambi-Netzwerks gekoppelt wird.<br \/>\nDie Anpassung der Funktionen erfolgt einfach \u00fcber die Casambi-App.<\/p>\n<p class=\"elementToProof\">Der Sensor eignet sich hervorragend als Rauml\u00f6sung, bei der der Sensor DALI Deckenleuchten dimmt (bis zu 20 DALI-Treiber) und der Relaisausgang z.B. f\u00fcr die Umgebungsbeleuchtung oder das Whiteboard verwendet wird. Mit einem Pr\u00e4senz- und Lichtsensor ist eine energieeffiziente Beleuchtung unabh\u00e4ngig vom Wetter gew\u00e4hrleistet und leuchtet nur, wenn sich jemand im Raum befindet. Sie k\u00f6nnen auch auf das TW-Profil umschalten und erhalten zirkadianes Licht, das auch dem Sonnenaufgang und -untergang folgt. Verwenden Sie das Gruppenprofil, um die DALI-Treiber in bis zu 4 Gruppen zu steuern.   <\/p>\n<p class=\"elementToProof\">Der Sensor kann mit der S20BOX, die separat erh\u00e4ltlich ist, auf der Oberfl\u00e4che montiert werden.<\/p>\n","protected":false},"excerpt":{"rendered":"<p>Der Sensor eignet sich hervorragend als Rauml\u00f6sung, bei der der Sensor DALI Deckenleuchten dimmt (bis zu 20 DALI-Treiber) und der Relaisausgang z.B. f\u00fcr die Umgebungsbeleuchtung oder das Whiteboard verwendet wird. Mit einem Pr\u00e4senz- und Lichtsensor ist eine energieeffiziente Beleuchtung unabh\u00e4ngig vom Wetter gew\u00e4hrleistet und leuchtet nur, wenn sich jemand im Raum befindet. Sie k\u00f6nnen auch auf das TW-Profil umschalten und erhalten zirkadianes Licht, das auch dem Sonnenaufgang und -untergang folgt. Verwenden Sie das Gruppenprofil, um die DALI-Treiber in bis zu 4 Gruppen zu steuern.   <\/p>\n","protected":false},"featured_media":15325,"template":"","meta":{"_acf_changed":false,"inline_featured_image":false,"site-sidebar-layout":"default","site-content-layout":"","ast-site-content-layout":"default","site-content-style":"default","site-sidebar-style":"default","ast-global-header-display":"","ast-banner-title-visibility":"","ast-main-header-display":"","ast-hfb-above-header-display":"","ast-hfb-below-header-display":"","ast-hfb-mobile-header-display":"","site-post-title":"","ast-breadcrumbs-content":"","ast-featured-img":"","footer-sml-layout":"","ast-disable-related-posts":"","theme-transparent-header-meta":"default","adv-header-id-meta":"","stick-header-meta":"","header-above-stick-meta":"","header-main-stick-meta":"","header-below-stick-meta":"","astra-migrate-meta-layouts":"default","ast-page-background-enabled":"default","ast-page-background-meta":{"desktop":{"background-color":"var(--ast-global-color-5)","background-image":"","background-repeat":"repeat","background-position":"center center","background-size":"auto","background-attachment":"scroll","background-type":"","background-media":"","overlay-type":"","overlay-color":"","overlay-opacity":"","overlay-gradient":""},"tablet":{"background-color":"","background-image":"","background-repeat":"repeat","background-position":"center center","background-size":"auto","background-attachment":"scroll","background-type":"","background-media":"","overlay-type":"","overlay-color":"","overlay-opacity":"","overlay-gradient":""},"mobile":{"background-color":"","background-image":"","background-repeat":"repeat","background-position":"center center","background-size":"auto","background-attachment":"scroll","background-type":"","background-media":"","overlay-type":"","overlay-color":"","overlay-opacity":"","overlay-gradient":""}},"ast-content-background-meta":{"desktop":{"background-color":"var(--ast-global-color-4)","background-image":"","background-repeat":"repeat","background-position":"center center","background-size":"auto","background-attachment":"scroll","background-type":"","background-media":"","overlay-type":"","overlay-color":"","overlay-opacity":"","overlay-gradient":""},"tablet":{"background-color":"var(--ast-global-color-4)","background-image":"","background-repeat":"repeat","background-position":"center center","background-size":"auto","background-attachment":"scroll","background-type":"","background-media":"","overlay-type":"","overlay-color":"","overlay-opacity":"","overlay-gradient":""},"mobile":{"background-color":"var(--ast-global-color-4)","background-image":"","background-repeat":"repeat","background-position":"center center","background-size":"auto","background-attachment":"scroll","background-type":"","background-media":"","overlay-type":"","overlay-color":"","overlay-opacity":"","overlay-gradient":""}}},"product_brand":[528],"product_cat":[328],"product_tag":[],"berocket_brand":[],"class_list":{"0":"post-15580","1":"product","2":"type-product","3":"status-publish","4":"has-post-thumbnail","6":"product_brand-aimotion","7":"product_cat-sensoren","8":"desktop-align-left","9":"tablet-align-left","10":"mobile-align-left","12":"first","13":"instock","14":"shipping-taxable","15":"product-type-simple"},"acf":[],"yoast_head":"<!-- This site is optimized with the Yoast SEO plugin v27.3 - https:\/\/yoast.com\/product\/yoast-seo-wordpress\/ -->\n<title>AIMOTION Sensor f\u00fcr Stromschienenbeleuchtung SRD2PB| Halterungstechnik<\/title>\n<meta name=\"description\" content=\"AIMOTION Sensor f\u00fcr Stromschienen - Intelligente Bewegungs- und Helligkeitssensoren f\u00fcr kabellose 3-Phasen-Schienensysteme, geliefert von den Experten f\u00fcr kabellose Beleuchtung bei Holders\" \/>\n<meta name=\"robots\" content=\"index, follow, max-snippet:-1, max-image-preview:large, max-video-preview:-1\" \/>\n<link rel=\"canonical\" href=\"https:\/\/holderstechnology.com\/wireless-lighting-control\/de\/produkt\/aktiver-sensor-srd2pb\/\" \/>\n<meta property=\"og:locale\" content=\"de_DE\" \/>\n<meta property=\"og:type\" content=\"article\" \/>\n<meta property=\"og:title\" content=\"AIMOTION Sensor f\u00fcr Stromschienenbeleuchtung SRD2PB| Halterungstechnik\" \/>\n<meta property=\"og:description\" content=\"AIMOTION Sensor f\u00fcr Stromschienen - Intelligente Bewegungs- und Helligkeitssensoren f\u00fcr kabellose 3-Phasen-Schienensysteme, geliefert von den Experten f\u00fcr kabellose Beleuchtung bei Holders\" \/>\n<meta property=\"og:url\" content=\"https:\/\/holderstechnology.com\/wireless-lighting-control\/de\/produkt\/aktiver-sensor-srd2pb\/\" \/>\n<meta property=\"og:site_name\" content=\"Holders Wireless Lighting Control\" \/>\n<meta property=\"article:modified_time\" content=\"2026-02-13T05:54:32+00:00\" \/>\n<meta property=\"og:image\" content=\"https:\/\/holderstechnology.com\/wireless-lighting-control\/wp-content\/uploads\/sites\/3\/2025\/09\/Sensor-SRD2PB.png\" \/>\n\t<meta property=\"og:image:width\" content=\"800\" \/>\n\t<meta property=\"og:image:height\" content=\"800\" \/>\n\t<meta property=\"og:image:type\" content=\"image\/png\" \/>\n<meta name=\"twitter:card\" content=\"summary_large_image\" \/>\n<meta name=\"twitter:label1\" content=\"Gesch\u00e4tzte Lesezeit\" \/>\n\t<meta name=\"twitter:data1\" content=\"1\u00a0Minute\" \/>\n<script type=\"application\/ld+json\" class=\"yoast-schema-graph\">{\"@context\":\"https:\\\/\\\/schema.org\",\"@graph\":[{\"@type\":\"WebPage\",\"@id\":\"https:\\\/\\\/holderstechnology.com\\\/wireless-lighting-control\\\/de\\\/produkt\\\/aktiver-sensor-srd2pb\\\/\",\"url\":\"https:\\\/\\\/holderstechnology.com\\\/wireless-lighting-control\\\/de\\\/produkt\\\/aktiver-sensor-srd2pb\\\/\",\"name\":\"AIMOTION Sensor f\u00fcr Stromschienenbeleuchtung SRD2PB| Halterungstechnik\",\"isPartOf\":{\"@id\":\"https:\\\/\\\/holderstechnology.com\\\/wireless-lighting-control\\\/#website\"},\"primaryImageOfPage\":{\"@id\":\"https:\\\/\\\/holderstechnology.com\\\/wireless-lighting-control\\\/de\\\/produkt\\\/aktiver-sensor-srd2pb\\\/#primaryimage\"},\"image\":{\"@id\":\"https:\\\/\\\/holderstechnology.com\\\/wireless-lighting-control\\\/de\\\/produkt\\\/aktiver-sensor-srd2pb\\\/#primaryimage\"},\"thumbnailUrl\":\"https:\\\/\\\/holderstechnology.com\\\/wireless-lighting-control\\\/wp-content\\\/uploads\\\/sites\\\/3\\\/2025\\\/09\\\/Sensor-SRD2PB.png\",\"datePublished\":\"2026-02-10T10:55:59+00:00\",\"dateModified\":\"2026-02-13T05:54:32+00:00\",\"description\":\"AIMOTION Sensor f\u00fcr Stromschienen - Intelligente Bewegungs- und Helligkeitssensoren f\u00fcr kabellose 3-Phasen-Schienensysteme, geliefert von den Experten f\u00fcr kabellose Beleuchtung bei Holders\",\"breadcrumb\":{\"@id\":\"https:\\\/\\\/holderstechnology.com\\\/wireless-lighting-control\\\/de\\\/produkt\\\/aktiver-sensor-srd2pb\\\/#breadcrumb\"},\"inLanguage\":\"de\",\"potentialAction\":[{\"@type\":\"ReadAction\",\"target\":[\"https:\\\/\\\/holderstechnology.com\\\/wireless-lighting-control\\\/de\\\/produkt\\\/aktiver-sensor-srd2pb\\\/\"]}]},{\"@type\":\"ImageObject\",\"inLanguage\":\"de\",\"@id\":\"https:\\\/\\\/holderstechnology.com\\\/wireless-lighting-control\\\/de\\\/produkt\\\/aktiver-sensor-srd2pb\\\/#primaryimage\",\"url\":\"https:\\\/\\\/holderstechnology.com\\\/wireless-lighting-control\\\/wp-content\\\/uploads\\\/sites\\\/3\\\/2025\\\/09\\\/Sensor-SRD2PB.png\",\"contentUrl\":\"https:\\\/\\\/holderstechnology.com\\\/wireless-lighting-control\\\/wp-content\\\/uploads\\\/sites\\\/3\\\/2025\\\/09\\\/Sensor-SRD2PB.png\",\"width\":800,\"height\":800},{\"@type\":\"BreadcrumbList\",\"@id\":\"https:\\\/\\\/holderstechnology.com\\\/wireless-lighting-control\\\/de\\\/produkt\\\/aktiver-sensor-srd2pb\\\/#breadcrumb\",\"itemListElement\":[{\"@type\":\"ListItem\",\"position\":1,\"name\":\"&#8962;\",\"item\":\"https:\\\/\\\/holderstechnology.com\\\/wireless-lighting-control\\\/\"},{\"@type\":\"ListItem\",\"position\":2,\"name\":\"Products\",\"item\":\"https:\\\/\\\/holderstechnology.com\\\/wireless-lighting-control\\\/products\\\/\"},{\"@type\":\"ListItem\",\"position\":3,\"name\":\"Aktiver Sensor SRD2PB\"}]},{\"@type\":\"WebSite\",\"@id\":\"https:\\\/\\\/holderstechnology.com\\\/wireless-lighting-control\\\/#website\",\"url\":\"https:\\\/\\\/holderstechnology.com\\\/wireless-lighting-control\\\/\",\"name\":\"Holders Wireless Lighting Control\",\"description\":\"\",\"publisher\":{\"@id\":\"https:\\\/\\\/holderstechnology.com\\\/wireless-lighting-control\\\/#organization\"},\"potentialAction\":[{\"@type\":\"SearchAction\",\"target\":{\"@type\":\"EntryPoint\",\"urlTemplate\":\"https:\\\/\\\/holderstechnology.com\\\/wireless-lighting-control\\\/?s={search_term_string}\"},\"query-input\":{\"@type\":\"PropertyValueSpecification\",\"valueRequired\":true,\"valueName\":\"search_term_string\"}}],\"inLanguage\":\"de\"},{\"@type\":\"Organization\",\"@id\":\"https:\\\/\\\/holderstechnology.com\\\/wireless-lighting-control\\\/#organization\",\"name\":\"Holders Technology Group\",\"url\":\"https:\\\/\\\/holderstechnology.com\\\/wireless-lighting-control\\\/\",\"logo\":{\"@type\":\"ImageObject\",\"inLanguage\":\"de\",\"@id\":\"https:\\\/\\\/holderstechnology.com\\\/wireless-lighting-control\\\/#\\\/schema\\\/logo\\\/image\\\/\",\"url\":\"https:\\\/\\\/holderstechnology.com\\\/wireless-lighting-control\\\/wp-content\\\/uploads\\\/sites\\\/3\\\/2024\\\/01\\\/logo_holders-technology.svg\",\"contentUrl\":\"https:\\\/\\\/holderstechnology.com\\\/wireless-lighting-control\\\/wp-content\\\/uploads\\\/sites\\\/3\\\/2024\\\/01\\\/logo_holders-technology.svg\",\"width\":556,\"height\":66,\"caption\":\"Holders Technology Group\"},\"image\":{\"@id\":\"https:\\\/\\\/holderstechnology.com\\\/wireless-lighting-control\\\/#\\\/schema\\\/logo\\\/image\\\/\"}}]}<\/script>\n<!-- \/ Yoast SEO plugin. -->","yoast_head_json":{"title":"AIMOTION Sensor f\u00fcr Stromschienenbeleuchtung SRD2PB| Halterungstechnik","description":"AIMOTION Sensor f\u00fcr Stromschienen - Intelligente Bewegungs- und Helligkeitssensoren f\u00fcr kabellose 3-Phasen-Schienensysteme, geliefert von den Experten f\u00fcr kabellose Beleuchtung bei Holders","robots":{"index":"index","follow":"follow","max-snippet":"max-snippet:-1","max-image-preview":"max-image-preview:large","max-video-preview":"max-video-preview:-1"},"canonical":"https:\/\/holderstechnology.com\/wireless-lighting-control\/de\/produkt\/aktiver-sensor-srd2pb\/","og_locale":"de_DE","og_type":"article","og_title":"AIMOTION Sensor f\u00fcr Stromschienenbeleuchtung SRD2PB| Halterungstechnik","og_description":"AIMOTION Sensor f\u00fcr Stromschienen - Intelligente Bewegungs- und Helligkeitssensoren f\u00fcr kabellose 3-Phasen-Schienensysteme, geliefert von den Experten f\u00fcr kabellose Beleuchtung bei Holders","og_url":"https:\/\/holderstechnology.com\/wireless-lighting-control\/de\/produkt\/aktiver-sensor-srd2pb\/","og_site_name":"Holders Wireless Lighting Control","article_modified_time":"2026-02-13T05:54:32+00:00","og_image":[{"width":800,"height":800,"url":"https:\/\/holderstechnology.com\/wireless-lighting-control\/wp-content\/uploads\/sites\/3\/2025\/09\/Sensor-SRD2PB.png","type":"image\/png"}],"twitter_card":"summary_large_image","twitter_misc":{"Gesch\u00e4tzte Lesezeit":"1\u00a0Minute"},"schema":{"@context":"https:\/\/schema.org","@graph":[{"@type":"WebPage","@id":"https:\/\/holderstechnology.com\/wireless-lighting-control\/de\/produkt\/aktiver-sensor-srd2pb\/","url":"https:\/\/holderstechnology.com\/wireless-lighting-control\/de\/produkt\/aktiver-sensor-srd2pb\/","name":"AIMOTION Sensor f\u00fcr Stromschienenbeleuchtung SRD2PB| Halterungstechnik","isPartOf":{"@id":"https:\/\/holderstechnology.com\/wireless-lighting-control\/#website"},"primaryImageOfPage":{"@id":"https:\/\/holderstechnology.com\/wireless-lighting-control\/de\/produkt\/aktiver-sensor-srd2pb\/#primaryimage"},"image":{"@id":"https:\/\/holderstechnology.com\/wireless-lighting-control\/de\/produkt\/aktiver-sensor-srd2pb\/#primaryimage"},"thumbnailUrl":"https:\/\/holderstechnology.com\/wireless-lighting-control\/wp-content\/uploads\/sites\/3\/2025\/09\/Sensor-SRD2PB.png","datePublished":"2026-02-10T10:55:59+00:00","dateModified":"2026-02-13T05:54:32+00:00","description":"AIMOTION Sensor f\u00fcr Stromschienen - Intelligente Bewegungs- und Helligkeitssensoren f\u00fcr kabellose 3-Phasen-Schienensysteme, geliefert von den Experten f\u00fcr kabellose Beleuchtung bei Holders","breadcrumb":{"@id":"https:\/\/holderstechnology.com\/wireless-lighting-control\/de\/produkt\/aktiver-sensor-srd2pb\/#breadcrumb"},"inLanguage":"de","potentialAction":[{"@type":"ReadAction","target":["https:\/\/holderstechnology.com\/wireless-lighting-control\/de\/produkt\/aktiver-sensor-srd2pb\/"]}]},{"@type":"ImageObject","inLanguage":"de","@id":"https:\/\/holderstechnology.com\/wireless-lighting-control\/de\/produkt\/aktiver-sensor-srd2pb\/#primaryimage","url":"https:\/\/holderstechnology.com\/wireless-lighting-control\/wp-content\/uploads\/sites\/3\/2025\/09\/Sensor-SRD2PB.png","contentUrl":"https:\/\/holderstechnology.com\/wireless-lighting-control\/wp-content\/uploads\/sites\/3\/2025\/09\/Sensor-SRD2PB.png","width":800,"height":800},{"@type":"BreadcrumbList","@id":"https:\/\/holderstechnology.com\/wireless-lighting-control\/de\/produkt\/aktiver-sensor-srd2pb\/#breadcrumb","itemListElement":[{"@type":"ListItem","position":1,"name":"&#8962;","item":"https:\/\/holderstechnology.com\/wireless-lighting-control\/"},{"@type":"ListItem","position":2,"name":"Products","item":"https:\/\/holderstechnology.com\/wireless-lighting-control\/products\/"},{"@type":"ListItem","position":3,"name":"Aktiver Sensor SRD2PB"}]},{"@type":"WebSite","@id":"https:\/\/holderstechnology.com\/wireless-lighting-control\/#website","url":"https:\/\/holderstechnology.com\/wireless-lighting-control\/","name":"Holders Wireless Lighting Control","description":"","publisher":{"@id":"https:\/\/holderstechnology.com\/wireless-lighting-control\/#organization"},"potentialAction":[{"@type":"SearchAction","target":{"@type":"EntryPoint","urlTemplate":"https:\/\/holderstechnology.com\/wireless-lighting-control\/?s={search_term_string}"},"query-input":{"@type":"PropertyValueSpecification","valueRequired":true,"valueName":"search_term_string"}}],"inLanguage":"de"},{"@type":"Organization","@id":"https:\/\/holderstechnology.com\/wireless-lighting-control\/#organization","name":"Holders Technology Group","url":"https:\/\/holderstechnology.com\/wireless-lighting-control\/","logo":{"@type":"ImageObject","inLanguage":"de","@id":"https:\/\/holderstechnology.com\/wireless-lighting-control\/#\/schema\/logo\/image\/","url":"https:\/\/holderstechnology.com\/wireless-lighting-control\/wp-content\/uploads\/sites\/3\/2024\/01\/logo_holders-technology.svg","contentUrl":"https:\/\/holderstechnology.com\/wireless-lighting-control\/wp-content\/uploads\/sites\/3\/2024\/01\/logo_holders-technology.svg","width":556,"height":66,"caption":"Holders Technology Group"},"image":{"@id":"https:\/\/holderstechnology.com\/wireless-lighting-control\/#\/schema\/logo\/image\/"}}]}},"_links":{"self":[{"href":"https:\/\/holderstechnology.com\/wireless-lighting-control\/de\/wp-json\/wp\/v2\/product\/15580","targetHints":{"allow":["GET"]}}],"collection":[{"href":"https:\/\/holderstechnology.com\/wireless-lighting-control\/de\/wp-json\/wp\/v2\/product"}],"about":[{"href":"https:\/\/holderstechnology.com\/wireless-lighting-control\/de\/wp-json\/wp\/v2\/types\/product"}],"wp:featuredmedia":[{"embeddable":true,"href":"https:\/\/holderstechnology.com\/wireless-lighting-control\/de\/wp-json\/wp\/v2\/media\/15325"}],"wp:attachment":[{"href":"https:\/\/holderstechnology.com\/wireless-lighting-control\/de\/wp-json\/wp\/v2\/media?parent=15580"}],"wp:term":[{"taxonomy":"product_brand","embeddable":true,"href":"https:\/\/holderstechnology.com\/wireless-lighting-control\/de\/wp-json\/wp\/v2\/product_brand?post=15580"},{"taxonomy":"product_cat","embeddable":true,"href":"https:\/\/holderstechnology.com\/wireless-lighting-control\/de\/wp-json\/wp\/v2\/product_cat?post=15580"},{"taxonomy":"product_tag","embeddable":true,"href":"https:\/\/holderstechnology.com\/wireless-lighting-control\/de\/wp-json\/wp\/v2\/product_tag?post=15580"},{"taxonomy":"berocket_brand","embeddable":true,"href":"https:\/\/holderstechnology.com\/wireless-lighting-control\/de\/wp-json\/wp\/v2\/berocket_brand?post=15580"}],"curies":[{"name":"wp","href":"https:\/\/api.w.org\/{rel}","templated":true}]}}