{"id":15589,"date":"2026-02-26T03:11:06","date_gmt":"2026-02-26T03:11:06","guid":{"rendered":"https:\/\/holderstechnology.com\/wireless-lighting-control\/product\/psc-zad-wcm-x00-ble-cb-exa\/"},"modified":"2026-02-26T03:11:06","modified_gmt":"2026-02-26T03:11:06","slug":"psc-zad-wcm-x00-ble-cb-exa","status":"publish","type":"product","link":"https:\/\/holderstechnology.com\/wireless-lighting-control\/de\/produkt\/psc-zad-wcm-x00-ble-cb-exa\/","title":{"rendered":"PSC-ZAD-WCM-X00-BLE-CB-EXA"},"content":{"rendered":"<p data-start=\"221\" data-end=\"535\">Die PSC-ZAD-WCM-X00-BLE-CB-EXA ist eine kompakte, kabellose Einkanal-DALI D4i-Steuerung, die f\u00fcr die nahtlose Integration in moderne Leuchten entwickelt wurde. Mit der Casambi Wireless Mesh-Technologie erm\u00f6glicht sie eine zuverl\u00e4ssige, kabellose Steuerung von DALI-Treibern, ohne dass Gateways oder externe Netzwerke erforderlich sind. <\/p>\n<p data-start=\"537\" data-end=\"856\">Der Controller ist sowohl f\u00fcr den Innen- als auch f\u00fcr den Au\u00dfenbereich geeignet und verf\u00fcgt \u00fcber ein IP65-zertifiziertes Geh\u00e4use und eine eingebaute Langstreckenantenne f\u00fcr eine stabile drahtlose Kommunikation. Er wird \u00fcber eine Zhaga Book 18 Schnellanschlussbuchse direkt an die Leuchte angeschlossen, was eine schnelle, saubere und fixturefreundliche Installation erm\u00f6glicht. <\/p>\n<p data-start=\"858\" data-end=\"1159\">Flexible Stromversorgungsoptionen erm\u00f6glichen den Betrieb entweder \u00fcber eine 24-V-DC-Hilfsspannung oder \u00fcber den DALI-Bus, je nach Systemdesign. Nach der Installation kann das Ger\u00e4t \u00fcber die Casambi Mobile App in Betrieb genommen und verwaltet werden. Es bietet reibungsloses Dimmen, Zoning, Trimmen und Planen mit Echtzeit-Feedback. <\/p>\n","protected":false},"excerpt":{"rendered":"<p>Einkanaliger DALI D4i Funk-Controller mit Casambi Mesh-Steuerung, Langstreckenantenne und Zhaga Book 18 Montage f\u00fcr Innen- und Au\u00dfenleuchten.<\/p>\n","protected":false},"featured_media":15586,"template":"","meta":{"_acf_changed":false,"inline_featured_image":false,"site-sidebar-layout":"default","site-content-layout":"","ast-site-content-layout":"default","site-content-style":"default","site-sidebar-style":"default","ast-global-header-display":"","ast-banner-title-visibility":"","ast-main-header-display":"","ast-hfb-above-header-display":"","ast-hfb-below-header-display":"","ast-hfb-mobile-header-display":"","site-post-title":"","ast-breadcrumbs-content":"","ast-featured-img":"","footer-sml-layout":"","ast-disable-related-posts":"","theme-transparent-header-meta":"default","adv-header-id-meta":"","stick-header-meta":"","header-above-stick-meta":"","header-main-stick-meta":"","header-below-stick-meta":"","astra-migrate-meta-layouts":"default","ast-page-background-enabled":"default","ast-page-background-meta":{"desktop":{"background-color":"var(--ast-global-color-5)","background-image":"","background-repeat":"repeat","background-position":"center center","background-size":"auto","background-attachment":"scroll","background-type":"","background-media":"","overlay-type":"","overlay-color":"","overlay-opacity":"","overlay-gradient":""},"tablet":{"background-color":"","background-image":"","background-repeat":"repeat","background-position":"center center","background-size":"auto","background-attachment":"scroll","background-type":"","background-media":"","overlay-type":"","overlay-color":"","overlay-opacity":"","overlay-gradient":""},"mobile":{"background-color":"","background-image":"","background-repeat":"repeat","background-position":"center center","background-size":"auto","background-attachment":"scroll","background-type":"","background-media":"","overlay-type":"","overlay-color":"","overlay-opacity":"","overlay-gradient":""}},"ast-content-background-meta":{"desktop":{"background-color":"var(--ast-global-color-4)","background-image":"","background-repeat":"repeat","background-position":"center center","background-size":"auto","background-attachment":"scroll","background-type":"","background-media":"","overlay-type":"","overlay-color":"","overlay-opacity":"","overlay-gradient":""},"tablet":{"background-color":"var(--ast-global-color-4)","background-image":"","background-repeat":"repeat","background-position":"center center","background-size":"auto","background-attachment":"scroll","background-type":"","background-media":"","overlay-type":"","overlay-color":"","overlay-opacity":"","overlay-gradient":""},"mobile":{"background-color":"var(--ast-global-color-4)","background-image":"","background-repeat":"repeat","background-position":"center center","background-size":"auto","background-attachment":"scroll","background-type":"","background-media":"","overlay-type":"","overlay-color":"","overlay-opacity":"","overlay-gradient":""}}},"product_brand":[561],"product_cat":[211,322],"product_tag":[],"berocket_brand":[491],"class_list":{"0":"post-15589","1":"product","2":"type-product","3":"status-publish","4":"has-post-thumbnail","6":"product_brand-mw-connect","7":"product_cat-dali-de-schnittstellen","8":"product_cat-schnittstellen","9":"berocket_brand-mw-verbinden","10":"desktop-align-left","11":"tablet-align-left","12":"mobile-align-left","14":"first","15":"instock","16":"shipping-taxable","17":"product-type-simple"},"acf":[],"yoast_head":"<!-- This site is optimized with the Yoast SEO plugin v27.5 - https:\/\/yoast.com\/product\/yoast-seo-wordpress\/ -->\n<title>PSC-ZAD-WCM-X00-BLE-CB-EXA | Holders Wireless Lighting Control<\/title>\n<meta name=\"description\" content=\"Kompakte, drahtlose DALI D4i-Steuerung mit Casambi Mesh-Steuerung, Zhaga Book 18-Montage, Schutzart IP65 und flexiblen Stromversorgungsoptionen f\u00fcr Innen- und Au\u00dfenbeleuchtung.\" \/>\n<meta name=\"robots\" content=\"index, follow, max-snippet:-1, max-image-preview:large, max-video-preview:-1\" \/>\n<link rel=\"canonical\" href=\"https:\/\/holderstechnology.com\/wireless-lighting-control\/de\/produkt\/psc-zad-wcm-x00-ble-cb-exa\/\" \/>\n<meta property=\"og:locale\" content=\"de_DE\" \/>\n<meta property=\"og:type\" content=\"article\" \/>\n<meta property=\"og:title\" content=\"PSC-ZAD-WCM-X00-BLE-CB-EXA | Holders Wireless Lighting Control\" \/>\n<meta property=\"og:description\" content=\"Kompakte, drahtlose DALI D4i-Steuerung mit Casambi Mesh-Steuerung, Zhaga Book 18-Montage, Schutzart IP65 und flexiblen Stromversorgungsoptionen f\u00fcr Innen- und Au\u00dfenbeleuchtung.\" \/>\n<meta property=\"og:url\" content=\"https:\/\/holderstechnology.com\/wireless-lighting-control\/de\/produkt\/psc-zad-wcm-x00-ble-cb-exa\/\" \/>\n<meta property=\"og:site_name\" content=\"Holders Wireless Lighting Control\" \/>\n<meta property=\"og:image\" content=\"https:\/\/holderstechnology.com\/wireless-lighting-control\/wp-content\/uploads\/sites\/3\/2026\/01\/PSC-ZAD-WCM-X00-BLE-CB-EXA.png\" \/>\n\t<meta property=\"og:image:width\" content=\"476\" \/>\n\t<meta property=\"og:image:height\" content=\"362\" \/>\n\t<meta property=\"og:image:type\" content=\"image\/png\" \/>\n<meta name=\"twitter:card\" content=\"summary_large_image\" \/>\n<meta name=\"twitter:label1\" content=\"Gesch\u00e4tzte Lesezeit\" \/>\n\t<meta name=\"twitter:data1\" content=\"1\u00a0Minute\" \/>\n<script type=\"application\/ld+json\" class=\"yoast-schema-graph\">{\"@context\":\"https:\\\/\\\/schema.org\",\"@graph\":[{\"@type\":\"WebPage\",\"@id\":\"https:\\\/\\\/holderstechnology.com\\\/wireless-lighting-control\\\/de\\\/produkt\\\/psc-zad-wcm-x00-ble-cb-exa\\\/\",\"url\":\"https:\\\/\\\/holderstechnology.com\\\/wireless-lighting-control\\\/de\\\/produkt\\\/psc-zad-wcm-x00-ble-cb-exa\\\/\",\"name\":\"PSC-ZAD-WCM-X00-BLE-CB-EXA | Holders Wireless Lighting Control\",\"isPartOf\":{\"@id\":\"https:\\\/\\\/holderstechnology.com\\\/wireless-lighting-control\\\/#website\"},\"primaryImageOfPage\":{\"@id\":\"https:\\\/\\\/holderstechnology.com\\\/wireless-lighting-control\\\/de\\\/produkt\\\/psc-zad-wcm-x00-ble-cb-exa\\\/#primaryimage\"},\"image\":{\"@id\":\"https:\\\/\\\/holderstechnology.com\\\/wireless-lighting-control\\\/de\\\/produkt\\\/psc-zad-wcm-x00-ble-cb-exa\\\/#primaryimage\"},\"thumbnailUrl\":\"https:\\\/\\\/holderstechnology.com\\\/wireless-lighting-control\\\/wp-content\\\/uploads\\\/sites\\\/3\\\/2026\\\/01\\\/PSC-ZAD-WCM-X00-BLE-CB-EXA.png\",\"datePublished\":\"2026-02-26T03:11:06+00:00\",\"description\":\"Kompakte, drahtlose DALI D4i-Steuerung mit Casambi Mesh-Steuerung, Zhaga Book 18-Montage, Schutzart IP65 und flexiblen Stromversorgungsoptionen f\u00fcr Innen- und Au\u00dfenbeleuchtung.\",\"breadcrumb\":{\"@id\":\"https:\\\/\\\/holderstechnology.com\\\/wireless-lighting-control\\\/de\\\/produkt\\\/psc-zad-wcm-x00-ble-cb-exa\\\/#breadcrumb\"},\"inLanguage\":\"de\",\"potentialAction\":[{\"@type\":\"ReadAction\",\"target\":[\"https:\\\/\\\/holderstechnology.com\\\/wireless-lighting-control\\\/de\\\/produkt\\\/psc-zad-wcm-x00-ble-cb-exa\\\/\"]}]},{\"@type\":\"ImageObject\",\"inLanguage\":\"de\",\"@id\":\"https:\\\/\\\/holderstechnology.com\\\/wireless-lighting-control\\\/de\\\/produkt\\\/psc-zad-wcm-x00-ble-cb-exa\\\/#primaryimage\",\"url\":\"https:\\\/\\\/holderstechnology.com\\\/wireless-lighting-control\\\/wp-content\\\/uploads\\\/sites\\\/3\\\/2026\\\/01\\\/PSC-ZAD-WCM-X00-BLE-CB-EXA.png\",\"contentUrl\":\"https:\\\/\\\/holderstechnology.com\\\/wireless-lighting-control\\\/wp-content\\\/uploads\\\/sites\\\/3\\\/2026\\\/01\\\/PSC-ZAD-WCM-X00-BLE-CB-EXA.png\",\"width\":476,\"height\":362,\"caption\":\"An mwConnect PSC-ZAD-WCM-X00-BLE-CB-EXA Casambi Mesh DALI Outdoor Controller featuring a clear UV-resistant dome, an internal green PCB, and an integrated long-range monopole antenna, designed for Zhaga Book 18 mounting.\"},{\"@type\":\"BreadcrumbList\",\"@id\":\"https:\\\/\\\/holderstechnology.com\\\/wireless-lighting-control\\\/de\\\/produkt\\\/psc-zad-wcm-x00-ble-cb-exa\\\/#breadcrumb\",\"itemListElement\":[{\"@type\":\"ListItem\",\"position\":1,\"name\":\"&#8962;\",\"item\":\"https:\\\/\\\/holderstechnology.com\\\/wireless-lighting-control\\\/\"},{\"@type\":\"ListItem\",\"position\":2,\"name\":\"Products\",\"item\":\"https:\\\/\\\/holderstechnology.com\\\/wireless-lighting-control\\\/products\\\/\"},{\"@type\":\"ListItem\",\"position\":3,\"name\":\"PSC-ZAD-WCM-X00-BLE-CB-EXA\"}]},{\"@type\":\"WebSite\",\"@id\":\"https:\\\/\\\/holderstechnology.com\\\/wireless-lighting-control\\\/#website\",\"url\":\"https:\\\/\\\/holderstechnology.com\\\/wireless-lighting-control\\\/\",\"name\":\"Holders Wireless Lighting Control\",\"description\":\"\",\"publisher\":{\"@id\":\"https:\\\/\\\/holderstechnology.com\\\/wireless-lighting-control\\\/#organization\"},\"potentialAction\":[{\"@type\":\"SearchAction\",\"target\":{\"@type\":\"EntryPoint\",\"urlTemplate\":\"https:\\\/\\\/holderstechnology.com\\\/wireless-lighting-control\\\/?s={search_term_string}\"},\"query-input\":{\"@type\":\"PropertyValueSpecification\",\"valueRequired\":true,\"valueName\":\"search_term_string\"}}],\"inLanguage\":\"de\"},{\"@type\":\"Organization\",\"@id\":\"https:\\\/\\\/holderstechnology.com\\\/wireless-lighting-control\\\/#organization\",\"name\":\"Holders Technology Group\",\"url\":\"https:\\\/\\\/holderstechnology.com\\\/wireless-lighting-control\\\/\",\"logo\":{\"@type\":\"ImageObject\",\"inLanguage\":\"de\",\"@id\":\"https:\\\/\\\/holderstechnology.com\\\/wireless-lighting-control\\\/#\\\/schema\\\/logo\\\/image\\\/\",\"url\":\"https:\\\/\\\/holderstechnology.com\\\/wireless-lighting-control\\\/wp-content\\\/uploads\\\/sites\\\/3\\\/2024\\\/01\\\/logo_holders-technology.svg\",\"contentUrl\":\"https:\\\/\\\/holderstechnology.com\\\/wireless-lighting-control\\\/wp-content\\\/uploads\\\/sites\\\/3\\\/2024\\\/01\\\/logo_holders-technology.svg\",\"width\":556,\"height\":66,\"caption\":\"Holders Technology Group\"},\"image\":{\"@id\":\"https:\\\/\\\/holderstechnology.com\\\/wireless-lighting-control\\\/#\\\/schema\\\/logo\\\/image\\\/\"}}]}<\/script>\n<!-- \/ Yoast SEO plugin. -->","yoast_head_json":{"title":"PSC-ZAD-WCM-X00-BLE-CB-EXA | Holders Wireless Lighting Control","description":"Kompakte, drahtlose DALI D4i-Steuerung mit Casambi Mesh-Steuerung, Zhaga Book 18-Montage, Schutzart IP65 und flexiblen Stromversorgungsoptionen f\u00fcr Innen- und Au\u00dfenbeleuchtung.","robots":{"index":"index","follow":"follow","max-snippet":"max-snippet:-1","max-image-preview":"max-image-preview:large","max-video-preview":"max-video-preview:-1"},"canonical":"https:\/\/holderstechnology.com\/wireless-lighting-control\/de\/produkt\/psc-zad-wcm-x00-ble-cb-exa\/","og_locale":"de_DE","og_type":"article","og_title":"PSC-ZAD-WCM-X00-BLE-CB-EXA | Holders Wireless Lighting Control","og_description":"Kompakte, drahtlose DALI D4i-Steuerung mit Casambi Mesh-Steuerung, Zhaga Book 18-Montage, Schutzart IP65 und flexiblen Stromversorgungsoptionen f\u00fcr Innen- und Au\u00dfenbeleuchtung.","og_url":"https:\/\/holderstechnology.com\/wireless-lighting-control\/de\/produkt\/psc-zad-wcm-x00-ble-cb-exa\/","og_site_name":"Holders Wireless Lighting Control","og_image":[{"width":476,"height":362,"url":"https:\/\/holderstechnology.com\/wireless-lighting-control\/wp-content\/uploads\/sites\/3\/2026\/01\/PSC-ZAD-WCM-X00-BLE-CB-EXA.png","type":"image\/png"}],"twitter_card":"summary_large_image","twitter_misc":{"Gesch\u00e4tzte Lesezeit":"1\u00a0Minute"},"schema":{"@context":"https:\/\/schema.org","@graph":[{"@type":"WebPage","@id":"https:\/\/holderstechnology.com\/wireless-lighting-control\/de\/produkt\/psc-zad-wcm-x00-ble-cb-exa\/","url":"https:\/\/holderstechnology.com\/wireless-lighting-control\/de\/produkt\/psc-zad-wcm-x00-ble-cb-exa\/","name":"PSC-ZAD-WCM-X00-BLE-CB-EXA | Holders Wireless Lighting Control","isPartOf":{"@id":"https:\/\/holderstechnology.com\/wireless-lighting-control\/#website"},"primaryImageOfPage":{"@id":"https:\/\/holderstechnology.com\/wireless-lighting-control\/de\/produkt\/psc-zad-wcm-x00-ble-cb-exa\/#primaryimage"},"image":{"@id":"https:\/\/holderstechnology.com\/wireless-lighting-control\/de\/produkt\/psc-zad-wcm-x00-ble-cb-exa\/#primaryimage"},"thumbnailUrl":"https:\/\/holderstechnology.com\/wireless-lighting-control\/wp-content\/uploads\/sites\/3\/2026\/01\/PSC-ZAD-WCM-X00-BLE-CB-EXA.png","datePublished":"2026-02-26T03:11:06+00:00","description":"Kompakte, drahtlose DALI D4i-Steuerung mit Casambi Mesh-Steuerung, Zhaga Book 18-Montage, Schutzart IP65 und flexiblen Stromversorgungsoptionen f\u00fcr Innen- und Au\u00dfenbeleuchtung.","breadcrumb":{"@id":"https:\/\/holderstechnology.com\/wireless-lighting-control\/de\/produkt\/psc-zad-wcm-x00-ble-cb-exa\/#breadcrumb"},"inLanguage":"de","potentialAction":[{"@type":"ReadAction","target":["https:\/\/holderstechnology.com\/wireless-lighting-control\/de\/produkt\/psc-zad-wcm-x00-ble-cb-exa\/"]}]},{"@type":"ImageObject","inLanguage":"de","@id":"https:\/\/holderstechnology.com\/wireless-lighting-control\/de\/produkt\/psc-zad-wcm-x00-ble-cb-exa\/#primaryimage","url":"https:\/\/holderstechnology.com\/wireless-lighting-control\/wp-content\/uploads\/sites\/3\/2026\/01\/PSC-ZAD-WCM-X00-BLE-CB-EXA.png","contentUrl":"https:\/\/holderstechnology.com\/wireless-lighting-control\/wp-content\/uploads\/sites\/3\/2026\/01\/PSC-ZAD-WCM-X00-BLE-CB-EXA.png","width":476,"height":362,"caption":"An mwConnect PSC-ZAD-WCM-X00-BLE-CB-EXA Casambi Mesh DALI Outdoor Controller featuring a clear UV-resistant dome, an internal green PCB, and an integrated long-range monopole antenna, designed for Zhaga Book 18 mounting."},{"@type":"BreadcrumbList","@id":"https:\/\/holderstechnology.com\/wireless-lighting-control\/de\/produkt\/psc-zad-wcm-x00-ble-cb-exa\/#breadcrumb","itemListElement":[{"@type":"ListItem","position":1,"name":"&#8962;","item":"https:\/\/holderstechnology.com\/wireless-lighting-control\/"},{"@type":"ListItem","position":2,"name":"Products","item":"https:\/\/holderstechnology.com\/wireless-lighting-control\/products\/"},{"@type":"ListItem","position":3,"name":"PSC-ZAD-WCM-X00-BLE-CB-EXA"}]},{"@type":"WebSite","@id":"https:\/\/holderstechnology.com\/wireless-lighting-control\/#website","url":"https:\/\/holderstechnology.com\/wireless-lighting-control\/","name":"Holders Wireless Lighting Control","description":"","publisher":{"@id":"https:\/\/holderstechnology.com\/wireless-lighting-control\/#organization"},"potentialAction":[{"@type":"SearchAction","target":{"@type":"EntryPoint","urlTemplate":"https:\/\/holderstechnology.com\/wireless-lighting-control\/?s={search_term_string}"},"query-input":{"@type":"PropertyValueSpecification","valueRequired":true,"valueName":"search_term_string"}}],"inLanguage":"de"},{"@type":"Organization","@id":"https:\/\/holderstechnology.com\/wireless-lighting-control\/#organization","name":"Holders Technology Group","url":"https:\/\/holderstechnology.com\/wireless-lighting-control\/","logo":{"@type":"ImageObject","inLanguage":"de","@id":"https:\/\/holderstechnology.com\/wireless-lighting-control\/#\/schema\/logo\/image\/","url":"https:\/\/holderstechnology.com\/wireless-lighting-control\/wp-content\/uploads\/sites\/3\/2024\/01\/logo_holders-technology.svg","contentUrl":"https:\/\/holderstechnology.com\/wireless-lighting-control\/wp-content\/uploads\/sites\/3\/2024\/01\/logo_holders-technology.svg","width":556,"height":66,"caption":"Holders Technology Group"},"image":{"@id":"https:\/\/holderstechnology.com\/wireless-lighting-control\/#\/schema\/logo\/image\/"}}]}},"_links":{"self":[{"href":"https:\/\/holderstechnology.com\/wireless-lighting-control\/de\/wp-json\/wp\/v2\/product\/15589","targetHints":{"allow":["GET"]}}],"collection":[{"href":"https:\/\/holderstechnology.com\/wireless-lighting-control\/de\/wp-json\/wp\/v2\/product"}],"about":[{"href":"https:\/\/holderstechnology.com\/wireless-lighting-control\/de\/wp-json\/wp\/v2\/types\/product"}],"wp:featuredmedia":[{"embeddable":true,"href":"https:\/\/holderstechnology.com\/wireless-lighting-control\/de\/wp-json\/wp\/v2\/media\/15586"}],"wp:attachment":[{"href":"https:\/\/holderstechnology.com\/wireless-lighting-control\/de\/wp-json\/wp\/v2\/media?parent=15589"}],"wp:term":[{"taxonomy":"product_brand","embeddable":true,"href":"https:\/\/holderstechnology.com\/wireless-lighting-control\/de\/wp-json\/wp\/v2\/product_brand?post=15589"},{"taxonomy":"product_cat","embeddable":true,"href":"https:\/\/holderstechnology.com\/wireless-lighting-control\/de\/wp-json\/wp\/v2\/product_cat?post=15589"},{"taxonomy":"product_tag","embeddable":true,"href":"https:\/\/holderstechnology.com\/wireless-lighting-control\/de\/wp-json\/wp\/v2\/product_tag?post=15589"},{"taxonomy":"berocket_brand","embeddable":true,"href":"https:\/\/holderstechnology.com\/wireless-lighting-control\/de\/wp-json\/wp\/v2\/berocket_brand?post=15589"}],"curies":[{"name":"wp","href":"https:\/\/api.w.org\/{rel}","templated":true}]}}