{"id":2285,"date":"2021-01-06T13:20:30","date_gmt":"2021-01-06T13:20:30","guid":{"rendered":"https:\/\/holderstechnology.com\/wireless-lighting-control\/product\/cbu-hbwd-ip66\/"},"modified":"2024-04-20T14:11:01","modified_gmt":"2024-04-20T13:11:01","slug":"cbu-hbwd-ip66","status":"publish","type":"product","link":"https:\/\/holderstechnology.com\/wireless-lighting-control\/de\/produkt\/cbu-hbwd-ip66\/","title":{"rendered":"CBU-HBWD-IP66"},"content":{"rendered":"<p><span style=\"font-weight: 400\">Dieser IP66 Aufputz-CBU-HBWD kann direkt auf Massivdecken oder auf verschiedene Montageboxen montiert werden. Bei einer effektiven Montageh\u00f6he von bis zu 14 m verf\u00fcgt er \u00fcber einen Erfassungsbereich von bis zu 28 m. Der Melder ist ausgestattet mit einem integrierten Lichtsensor f\u00fcr Tageslichtdimmung oder Lichtschrankenbetrieb. Ebenso ist der Sensor mit einer engstrahlenden Optik oder Spot Optik erh\u00e4ltlich.<\/span><\/p>\n<p><span style=\"font-weight: 400\">Geeignet f\u00fcr fast alle Anwendungen, einschlie\u00dflich Gewerbe, Industrie, Bildung, Einzelhandel, Gastronomie und viele mehr.\u00a0<\/span><\/p>\n<p><span style=\"font-weight: 400\">DANLERS Limited stellt eine Reihe von Casambi-f\u00e4higen Energiesparl\u00f6sungen zur Integration mit anderen Casambi-f\u00e4higen Produkten her. Wie alle Casambi-Produkte bilden auch diese Sensoren automatisch ein drahtloses Mesh-Netzwerk. Die Beleuchtung kann einfach \u00fcber die Casambi-App mit vollst\u00e4ndig anpassbaren Einstellungen gesteuert werden, wodurch eine kosteneffektive Energiesparl\u00f6sung geschaffen wird.<\/span><\/p>\n","protected":false},"excerpt":{"rendered":"<p>IP66 Decken-Hochregal (breit) PIR (Passiv-Infrarot)-Bewegungsmelder &amp; Lichtsensor<\/p>\n","protected":false},"featured_media":30,"template":"","meta":{"_acf_changed":false,"inline_featured_image":false,"site-sidebar-layout":"default","site-content-layout":"","ast-site-content-layout":"default","site-content-style":"default","site-sidebar-style":"default","ast-global-header-display":"","ast-banner-title-visibility":"","ast-main-header-display":"","ast-hfb-above-header-display":"","ast-hfb-below-header-display":"","ast-hfb-mobile-header-display":"","site-post-title":"","ast-breadcrumbs-content":"","ast-featured-img":"","footer-sml-layout":"","ast-disable-related-posts":"","theme-transparent-header-meta":"","adv-header-id-meta":"","stick-header-meta":"","header-above-stick-meta":"","header-main-stick-meta":"","header-below-stick-meta":"","astra-migrate-meta-layouts":"default","ast-page-background-enabled":"default","ast-page-background-meta":{"desktop":{"background-color":"var(--ast-global-color-5)","background-image":"","background-repeat":"repeat","background-position":"center center","background-size":"auto","background-attachment":"scroll","background-type":"","background-media":"","overlay-type":"","overlay-color":"","overlay-opacity":"","overlay-gradient":""},"tablet":{"background-color":"","background-image":"","background-repeat":"repeat","background-position":"center center","background-size":"auto","background-attachment":"scroll","background-type":"","background-media":"","overlay-type":"","overlay-color":"","overlay-opacity":"","overlay-gradient":""},"mobile":{"background-color":"","background-image":"","background-repeat":"repeat","background-position":"center center","background-size":"auto","background-attachment":"scroll","background-type":"","background-media":"","overlay-type":"","overlay-color":"","overlay-opacity":"","overlay-gradient":""}},"ast-content-background-meta":{"desktop":{"background-color":"var(--ast-global-color-4)","background-image":"","background-repeat":"repeat","background-position":"center center","background-size":"auto","background-attachment":"scroll","background-type":"","background-media":"","overlay-type":"","overlay-color":"","overlay-opacity":"","overlay-gradient":""},"tablet":{"background-color":"var(--ast-global-color-4)","background-image":"","background-repeat":"repeat","background-position":"center center","background-size":"auto","background-attachment":"scroll","background-type":"","background-media":"","overlay-type":"","overlay-color":"","overlay-opacity":"","overlay-gradient":""},"mobile":{"background-color":"var(--ast-global-color-4)","background-image":"","background-repeat":"repeat","background-position":"center center","background-size":"auto","background-attachment":"scroll","background-type":"","background-media":"","overlay-type":"","overlay-color":"","overlay-opacity":"","overlay-gradient":""}}},"product_brand":[],"product_cat":[185],"product_tag":[],"berocket_brand":[212],"class_list":{"0":"post-2285","1":"product","2":"type-product","3":"status-publish","4":"has-post-thumbnail","6":"product_cat-fernmontiert-sensoren","7":"berocket_brand-danlers-de","8":"desktop-align-left","9":"tablet-align-left","10":"mobile-align-left","12":"first","13":"instock","14":"product-type-simple"},"acf":[],"yoast_head":"<!-- This site is optimized with the Yoast SEO plugin v27.1.1 - https:\/\/yoast.com\/product\/yoast-seo-wordpress\/ -->\n<title>CBU-HBWD-IP66 | Holders Wireless Lighting Control<\/title>\n<meta name=\"robots\" content=\"index, follow, max-snippet:-1, max-image-preview:large, max-video-preview:-1\" \/>\n<link rel=\"canonical\" href=\"https:\/\/holderstechnology.com\/wireless-lighting-control\/de\/produkt\/cbu-hbwd-ip66\/\" \/>\n<meta property=\"og:locale\" content=\"de_DE\" \/>\n<meta property=\"og:type\" content=\"article\" \/>\n<meta property=\"og:title\" content=\"CBU-HBWD-IP66 | Holders Wireless Lighting Control\" \/>\n<meta property=\"og:description\" content=\"IP66 Decken-Hochregal (breit) PIR (Passiv-Infrarot)-Bewegungsmelder &amp; Lichtsensor\" \/>\n<meta property=\"og:url\" content=\"https:\/\/holderstechnology.com\/wireless-lighting-control\/de\/produkt\/cbu-hbwd-ip66\/\" \/>\n<meta property=\"og:site_name\" content=\"Holders Wireless Lighting Control\" \/>\n<meta property=\"article:modified_time\" content=\"2024-04-20T13:11:01+00:00\" \/>\n<meta property=\"og:image\" content=\"https:\/\/holderstechnology.com\/wireless-lighting-control\/wp-content\/uploads\/sites\/3\/2020\/12\/CBU-HBWD-IP66.jpg\" \/>\n\t<meta property=\"og:image:width\" content=\"560\" \/>\n\t<meta property=\"og:image:height\" content=\"600\" \/>\n\t<meta property=\"og:image:type\" content=\"image\/jpeg\" \/>\n<meta name=\"twitter:card\" content=\"summary_large_image\" \/>\n<meta name=\"twitter:label1\" content=\"Gesch\u00e4tzte Lesezeit\" \/>\n\t<meta name=\"twitter:data1\" content=\"1\u00a0Minute\" \/>\n<script type=\"application\/ld+json\" class=\"yoast-schema-graph\">{\"@context\":\"https:\/\/schema.org\",\"@graph\":[{\"@type\":\"WebPage\",\"@id\":\"https:\/\/holderstechnology.com\/wireless-lighting-control\/de\/produkt\/cbu-hbwd-ip66\/\",\"url\":\"https:\/\/holderstechnology.com\/wireless-lighting-control\/de\/produkt\/cbu-hbwd-ip66\/\",\"name\":\"CBU-HBWD-IP66 | Holders Wireless Lighting Control\",\"isPartOf\":{\"@id\":\"https:\/\/holderstechnology.com\/wireless-lighting-control\/#website\"},\"primaryImageOfPage\":{\"@id\":\"https:\/\/holderstechnology.com\/wireless-lighting-control\/de\/produkt\/cbu-hbwd-ip66\/#primaryimage\"},\"image\":{\"@id\":\"https:\/\/holderstechnology.com\/wireless-lighting-control\/de\/produkt\/cbu-hbwd-ip66\/#primaryimage\"},\"thumbnailUrl\":\"https:\/\/holderstechnology.com\/wireless-lighting-control\/wp-content\/uploads\/sites\/3\/2020\/12\/CBU-HBWD-IP66.jpg\",\"datePublished\":\"2021-01-06T13:20:30+00:00\",\"dateModified\":\"2024-04-20T13:11:01+00:00\",\"breadcrumb\":{\"@id\":\"https:\/\/holderstechnology.com\/wireless-lighting-control\/de\/produkt\/cbu-hbwd-ip66\/#breadcrumb\"},\"inLanguage\":\"de\",\"potentialAction\":[{\"@type\":\"ReadAction\",\"target\":[\"https:\/\/holderstechnology.com\/wireless-lighting-control\/de\/produkt\/cbu-hbwd-ip66\/\"]}]},{\"@type\":\"ImageObject\",\"inLanguage\":\"de\",\"@id\":\"https:\/\/holderstechnology.com\/wireless-lighting-control\/de\/produkt\/cbu-hbwd-ip66\/#primaryimage\",\"url\":\"https:\/\/holderstechnology.com\/wireless-lighting-control\/wp-content\/uploads\/sites\/3\/2020\/12\/CBU-HBWD-IP66.jpg\",\"contentUrl\":\"https:\/\/holderstechnology.com\/wireless-lighting-control\/wp-content\/uploads\/sites\/3\/2020\/12\/CBU-HBWD-IP66.jpg\",\"width\":560,\"height\":600},{\"@type\":\"BreadcrumbList\",\"@id\":\"https:\/\/holderstechnology.com\/wireless-lighting-control\/de\/produkt\/cbu-hbwd-ip66\/#breadcrumb\",\"itemListElement\":[{\"@type\":\"ListItem\",\"position\":1,\"name\":\"&#8962;\",\"item\":\"https:\/\/holderstechnology.com\/wireless-lighting-control\/\"},{\"@type\":\"ListItem\",\"position\":2,\"name\":\"Products\",\"item\":\"https:\/\/holderstechnology.com\/wireless-lighting-control\/products\/\"},{\"@type\":\"ListItem\",\"position\":3,\"name\":\"CBU-HBWD-IP66\"}]},{\"@type\":\"WebSite\",\"@id\":\"https:\/\/holderstechnology.com\/wireless-lighting-control\/#website\",\"url\":\"https:\/\/holderstechnology.com\/wireless-lighting-control\/\",\"name\":\"Holders Wireless Lighting Control\",\"description\":\"\",\"publisher\":{\"@id\":\"https:\/\/holderstechnology.com\/wireless-lighting-control\/#organization\"},\"potentialAction\":[{\"@type\":\"SearchAction\",\"target\":{\"@type\":\"EntryPoint\",\"urlTemplate\":\"https:\/\/holderstechnology.com\/wireless-lighting-control\/?s={search_term_string}\"},\"query-input\":{\"@type\":\"PropertyValueSpecification\",\"valueRequired\":true,\"valueName\":\"search_term_string\"}}],\"inLanguage\":\"de\"},{\"@type\":\"Organization\",\"@id\":\"https:\/\/holderstechnology.com\/wireless-lighting-control\/#organization\",\"name\":\"Holders Technology Group\",\"url\":\"https:\/\/holderstechnology.com\/wireless-lighting-control\/\",\"logo\":{\"@type\":\"ImageObject\",\"inLanguage\":\"de\",\"@id\":\"https:\/\/holderstechnology.com\/wireless-lighting-control\/#\/schema\/logo\/image\/\",\"url\":\"https:\/\/holderstechnology.com\/wireless-lighting-control\/wp-content\/uploads\/sites\/3\/2024\/01\/logo_holders-technology.svg\",\"contentUrl\":\"https:\/\/holderstechnology.com\/wireless-lighting-control\/wp-content\/uploads\/sites\/3\/2024\/01\/logo_holders-technology.svg\",\"width\":556,\"height\":66,\"caption\":\"Holders Technology Group\"},\"image\":{\"@id\":\"https:\/\/holderstechnology.com\/wireless-lighting-control\/#\/schema\/logo\/image\/\"}}]}<\/script>\n<!-- \/ Yoast SEO plugin. -->","yoast_head_json":{"title":"CBU-HBWD-IP66 | Holders Wireless Lighting Control","robots":{"index":"index","follow":"follow","max-snippet":"max-snippet:-1","max-image-preview":"max-image-preview:large","max-video-preview":"max-video-preview:-1"},"canonical":"https:\/\/holderstechnology.com\/wireless-lighting-control\/de\/produkt\/cbu-hbwd-ip66\/","og_locale":"de_DE","og_type":"article","og_title":"CBU-HBWD-IP66 | Holders Wireless Lighting Control","og_description":"IP66 Decken-Hochregal (breit) PIR (Passiv-Infrarot)-Bewegungsmelder &amp; Lichtsensor","og_url":"https:\/\/holderstechnology.com\/wireless-lighting-control\/de\/produkt\/cbu-hbwd-ip66\/","og_site_name":"Holders Wireless Lighting Control","article_modified_time":"2024-04-20T13:11:01+00:00","og_image":[{"width":560,"height":600,"url":"https:\/\/holderstechnology.com\/wireless-lighting-control\/wp-content\/uploads\/sites\/3\/2020\/12\/CBU-HBWD-IP66.jpg","type":"image\/jpeg"}],"twitter_card":"summary_large_image","twitter_misc":{"Gesch\u00e4tzte Lesezeit":"1\u00a0Minute"},"schema":{"@context":"https:\/\/schema.org","@graph":[{"@type":"WebPage","@id":"https:\/\/holderstechnology.com\/wireless-lighting-control\/de\/produkt\/cbu-hbwd-ip66\/","url":"https:\/\/holderstechnology.com\/wireless-lighting-control\/de\/produkt\/cbu-hbwd-ip66\/","name":"CBU-HBWD-IP66 | Holders Wireless Lighting Control","isPartOf":{"@id":"https:\/\/holderstechnology.com\/wireless-lighting-control\/#website"},"primaryImageOfPage":{"@id":"https:\/\/holderstechnology.com\/wireless-lighting-control\/de\/produkt\/cbu-hbwd-ip66\/#primaryimage"},"image":{"@id":"https:\/\/holderstechnology.com\/wireless-lighting-control\/de\/produkt\/cbu-hbwd-ip66\/#primaryimage"},"thumbnailUrl":"https:\/\/holderstechnology.com\/wireless-lighting-control\/wp-content\/uploads\/sites\/3\/2020\/12\/CBU-HBWD-IP66.jpg","datePublished":"2021-01-06T13:20:30+00:00","dateModified":"2024-04-20T13:11:01+00:00","breadcrumb":{"@id":"https:\/\/holderstechnology.com\/wireless-lighting-control\/de\/produkt\/cbu-hbwd-ip66\/#breadcrumb"},"inLanguage":"de","potentialAction":[{"@type":"ReadAction","target":["https:\/\/holderstechnology.com\/wireless-lighting-control\/de\/produkt\/cbu-hbwd-ip66\/"]}]},{"@type":"ImageObject","inLanguage":"de","@id":"https:\/\/holderstechnology.com\/wireless-lighting-control\/de\/produkt\/cbu-hbwd-ip66\/#primaryimage","url":"https:\/\/holderstechnology.com\/wireless-lighting-control\/wp-content\/uploads\/sites\/3\/2020\/12\/CBU-HBWD-IP66.jpg","contentUrl":"https:\/\/holderstechnology.com\/wireless-lighting-control\/wp-content\/uploads\/sites\/3\/2020\/12\/CBU-HBWD-IP66.jpg","width":560,"height":600},{"@type":"BreadcrumbList","@id":"https:\/\/holderstechnology.com\/wireless-lighting-control\/de\/produkt\/cbu-hbwd-ip66\/#breadcrumb","itemListElement":[{"@type":"ListItem","position":1,"name":"&#8962;","item":"https:\/\/holderstechnology.com\/wireless-lighting-control\/"},{"@type":"ListItem","position":2,"name":"Products","item":"https:\/\/holderstechnology.com\/wireless-lighting-control\/products\/"},{"@type":"ListItem","position":3,"name":"CBU-HBWD-IP66"}]},{"@type":"WebSite","@id":"https:\/\/holderstechnology.com\/wireless-lighting-control\/#website","url":"https:\/\/holderstechnology.com\/wireless-lighting-control\/","name":"Holders Wireless Lighting Control","description":"","publisher":{"@id":"https:\/\/holderstechnology.com\/wireless-lighting-control\/#organization"},"potentialAction":[{"@type":"SearchAction","target":{"@type":"EntryPoint","urlTemplate":"https:\/\/holderstechnology.com\/wireless-lighting-control\/?s={search_term_string}"},"query-input":{"@type":"PropertyValueSpecification","valueRequired":true,"valueName":"search_term_string"}}],"inLanguage":"de"},{"@type":"Organization","@id":"https:\/\/holderstechnology.com\/wireless-lighting-control\/#organization","name":"Holders Technology Group","url":"https:\/\/holderstechnology.com\/wireless-lighting-control\/","logo":{"@type":"ImageObject","inLanguage":"de","@id":"https:\/\/holderstechnology.com\/wireless-lighting-control\/#\/schema\/logo\/image\/","url":"https:\/\/holderstechnology.com\/wireless-lighting-control\/wp-content\/uploads\/sites\/3\/2024\/01\/logo_holders-technology.svg","contentUrl":"https:\/\/holderstechnology.com\/wireless-lighting-control\/wp-content\/uploads\/sites\/3\/2024\/01\/logo_holders-technology.svg","width":556,"height":66,"caption":"Holders Technology Group"},"image":{"@id":"https:\/\/holderstechnology.com\/wireless-lighting-control\/#\/schema\/logo\/image\/"}}]}},"_links":{"self":[{"href":"https:\/\/holderstechnology.com\/wireless-lighting-control\/de\/wp-json\/wp\/v2\/product\/2285","targetHints":{"allow":["GET"]}}],"collection":[{"href":"https:\/\/holderstechnology.com\/wireless-lighting-control\/de\/wp-json\/wp\/v2\/product"}],"about":[{"href":"https:\/\/holderstechnology.com\/wireless-lighting-control\/de\/wp-json\/wp\/v2\/types\/product"}],"wp:featuredmedia":[{"embeddable":true,"href":"https:\/\/holderstechnology.com\/wireless-lighting-control\/de\/wp-json\/wp\/v2\/media\/30"}],"wp:attachment":[{"href":"https:\/\/holderstechnology.com\/wireless-lighting-control\/de\/wp-json\/wp\/v2\/media?parent=2285"}],"wp:term":[{"taxonomy":"product_brand","embeddable":true,"href":"https:\/\/holderstechnology.com\/wireless-lighting-control\/de\/wp-json\/wp\/v2\/product_brand?post=2285"},{"taxonomy":"product_cat","embeddable":true,"href":"https:\/\/holderstechnology.com\/wireless-lighting-control\/de\/wp-json\/wp\/v2\/product_cat?post=2285"},{"taxonomy":"product_tag","embeddable":true,"href":"https:\/\/holderstechnology.com\/wireless-lighting-control\/de\/wp-json\/wp\/v2\/product_tag?post=2285"},{"taxonomy":"berocket_brand","embeddable":true,"href":"https:\/\/holderstechnology.com\/wireless-lighting-control\/de\/wp-json\/wp\/v2\/berocket_brand?post=2285"}],"curies":[{"name":"wp","href":"https:\/\/api.w.org\/{rel}","templated":true}]}}