{"id":5061,"date":"2023-02-02T14:00:59","date_gmt":"2023-02-23T12:55:03","guid":{"rendered":"https:\/\/holderstechnology.com\/wireless-lighting-control\/product\/slim-2cv\/"},"modified":"2023-02-23T12:55:03","modified_gmt":"2023-02-23T12:55:03","slug":"slim-2cv","status":"publish","type":"product","link":"https:\/\/holderstechnology.com\/wireless-lighting-control\/de\/produkt\/slim-2cv\/","title":{"rendered":"Slim 2CV"},"content":{"rendered":"<p>Der SLIM-2CV-CASAMBI ist ein 2-Kanal-LED-Ausgangsdimmer, der \u00fcber Bluetooth dank der Casambi APP oder lokal \u00fcber zwei normalerweise offene Tasten gesteuert werden kann. Der LED-Dimmer eignet sich f\u00fcr die Ansteuerung von Lasten wie LED-Streifen und LED-Modulen, Wei\u00df, monochromatische Farben, Dynamic White und Dim to Warm bei konstanter Spannung. Es ist m\u00f6glich, eine Spannungsversorgung mit 12-24-48 Vdc anzuschlie\u00dfen. Der H\u00f6chstwert des Ausgangsstroms betr\u00e4gt 10 A. Der DimmerLED verf\u00fcgt \u00fcber folgende Schutzfunktionen: \u00dcberspannungsschutz, Unterspannungsschutz, Verpolungsschutz und Eingangssicherungsschutz.<\/p>\n","protected":false},"excerpt":{"rendered":"<p>Der SLIM-2CV-CASAMBI ist ein 2-Kanal-LED-Ausgangsdimmer, der \u00fcber Bluetooth dank der Casambi APP oder lokal \u00fcber zwei normalerweise offene Tasten gesteuert [&hellip;]<\/p>\n","protected":false},"featured_media":4651,"template":"","meta":{"_acf_changed":false,"inline_featured_image":false,"site-sidebar-layout":"default","site-content-layout":"","ast-site-content-layout":"default","site-content-style":"default","site-sidebar-style":"default","ast-global-header-display":"","ast-banner-title-visibility":"","ast-main-header-display":"","ast-hfb-above-header-display":"","ast-hfb-below-header-display":"","ast-hfb-mobile-header-display":"","site-post-title":"","ast-breadcrumbs-content":"","ast-featured-img":"","footer-sml-layout":"","ast-disable-related-posts":"","theme-transparent-header-meta":"","adv-header-id-meta":"","stick-header-meta":"","header-above-stick-meta":"","header-main-stick-meta":"","header-below-stick-meta":"","astra-migrate-meta-layouts":"default","ast-page-background-enabled":"default","ast-page-background-meta":{"desktop":{"background-color":"var(--ast-global-color-5)","background-image":"","background-repeat":"repeat","background-position":"center center","background-size":"auto","background-attachment":"scroll","background-type":"","background-media":"","overlay-type":"","overlay-color":"","overlay-opacity":"","overlay-gradient":""},"tablet":{"background-color":"","background-image":"","background-repeat":"repeat","background-position":"center center","background-size":"auto","background-attachment":"scroll","background-type":"","background-media":"","overlay-type":"","overlay-color":"","overlay-opacity":"","overlay-gradient":""},"mobile":{"background-color":"","background-image":"","background-repeat":"repeat","background-position":"center center","background-size":"auto","background-attachment":"scroll","background-type":"","background-media":"","overlay-type":"","overlay-color":"","overlay-opacity":"","overlay-gradient":""}},"ast-content-background-meta":{"desktop":{"background-color":"var(--ast-global-color-4)","background-image":"","background-repeat":"repeat","background-position":"center center","background-size":"auto","background-attachment":"scroll","background-type":"","background-media":"","overlay-type":"","overlay-color":"","overlay-opacity":"","overlay-gradient":""},"tablet":{"background-color":"var(--ast-global-color-4)","background-image":"","background-repeat":"repeat","background-position":"center center","background-size":"auto","background-attachment":"scroll","background-type":"","background-media":"","overlay-type":"","overlay-color":"","overlay-opacity":"","overlay-gradient":""},"mobile":{"background-color":"var(--ast-global-color-4)","background-image":"","background-repeat":"repeat","background-position":"center center","background-size":"auto","background-attachment":"scroll","background-type":"","background-media":"","overlay-type":"","overlay-color":"","overlay-opacity":"","overlay-gradient":""}}},"product_brand":[],"product_cat":[319,196],"product_tag":[],"berocket_brand":[191],"class_list":{"0":"post-5061","1":"product","2":"type-product","3":"status-publish","4":"has-post-thumbnail","6":"product_cat-dimmer-de","7":"product_cat-niederspannungsdimmer","8":"berocket_brand-dalcnet-de","9":"desktop-align-left","10":"tablet-align-left","11":"mobile-align-left","13":"first","14":"instock","15":"shipping-taxable","16":"product-type-simple"},"acf":[],"yoast_head":"<!-- This site is optimized with the Yoast SEO plugin v27.1.1 - https:\/\/yoast.com\/product\/yoast-seo-wordpress\/ -->\n<title>Slim 2CV | Holders Wireless Lighting Control<\/title>\n<meta name=\"description\" content=\"Der SLIM-2CV-CASAMBI ist ein 2-Kanal-LED-Ausgangsdimmer, der \u00fcber Bluetooth dank der Casambi APP oder lokal \u00fcber zwei normalerweise offene Tasten gesteuert werden kann.\" \/>\n<meta name=\"robots\" content=\"index, follow, max-snippet:-1, max-image-preview:large, max-video-preview:-1\" \/>\n<link rel=\"canonical\" href=\"https:\/\/holderstechnology.com\/wireless-lighting-control\/de\/produkt\/slim-2cv\/\" \/>\n<meta property=\"og:locale\" content=\"de_DE\" \/>\n<meta property=\"og:type\" content=\"article\" \/>\n<meta property=\"og:title\" content=\"Slim 2CV | Holders Wireless Lighting Control\" \/>\n<meta property=\"og:description\" content=\"Der SLIM-2CV-CASAMBI ist ein 2-Kanal-LED-Ausgangsdimmer, der \u00fcber Bluetooth dank der Casambi APP oder lokal \u00fcber zwei normalerweise offene Tasten gesteuert werden kann.\" \/>\n<meta property=\"og:url\" content=\"https:\/\/holderstechnology.com\/wireless-lighting-control\/de\/produkt\/slim-2cv\/\" \/>\n<meta property=\"og:site_name\" content=\"Holders Wireless Lighting Control\" \/>\n<meta property=\"og:image\" content=\"https:\/\/holderstechnology.com\/wireless-lighting-control\/wp-content\/uploads\/sites\/3\/2023\/02\/SLIM-2CV-CASAMBI1.png\" \/>\n\t<meta property=\"og:image:width\" content=\"800\" \/>\n\t<meta property=\"og:image:height\" content=\"659\" \/>\n\t<meta property=\"og:image:type\" content=\"image\/png\" \/>\n<meta name=\"twitter:card\" content=\"summary_large_image\" \/>\n<script type=\"application\/ld+json\" class=\"yoast-schema-graph\">{\"@context\":\"https:\/\/schema.org\",\"@graph\":[{\"@type\":\"WebPage\",\"@id\":\"https:\/\/holderstechnology.com\/wireless-lighting-control\/de\/produkt\/slim-2cv\/\",\"url\":\"https:\/\/holderstechnology.com\/wireless-lighting-control\/de\/produkt\/slim-2cv\/\",\"name\":\"Slim 2CV | Holders Wireless Lighting Control\",\"isPartOf\":{\"@id\":\"https:\/\/holderstechnology.com\/wireless-lighting-control\/#website\"},\"primaryImageOfPage\":{\"@id\":\"https:\/\/holderstechnology.com\/wireless-lighting-control\/de\/produkt\/slim-2cv\/#primaryimage\"},\"image\":{\"@id\":\"https:\/\/holderstechnology.com\/wireless-lighting-control\/de\/produkt\/slim-2cv\/#primaryimage\"},\"thumbnailUrl\":\"https:\/\/holderstechnology.com\/wireless-lighting-control\/wp-content\/uploads\/sites\/3\/2023\/02\/SLIM-2CV-CASAMBI1.png\",\"datePublished\":\"2023-02-23T12:55:03+00:00\",\"description\":\"Der SLIM-2CV-CASAMBI ist ein 2-Kanal-LED-Ausgangsdimmer, der \u00fcber Bluetooth dank der Casambi APP oder lokal \u00fcber zwei normalerweise offene Tasten gesteuert werden kann.\",\"breadcrumb\":{\"@id\":\"https:\/\/holderstechnology.com\/wireless-lighting-control\/de\/produkt\/slim-2cv\/#breadcrumb\"},\"inLanguage\":\"de\",\"potentialAction\":[{\"@type\":\"ReadAction\",\"target\":[\"https:\/\/holderstechnology.com\/wireless-lighting-control\/de\/produkt\/slim-2cv\/\"]}]},{\"@type\":\"ImageObject\",\"inLanguage\":\"de\",\"@id\":\"https:\/\/holderstechnology.com\/wireless-lighting-control\/de\/produkt\/slim-2cv\/#primaryimage\",\"url\":\"https:\/\/holderstechnology.com\/wireless-lighting-control\/wp-content\/uploads\/sites\/3\/2023\/02\/SLIM-2CV-CASAMBI1.png\",\"contentUrl\":\"https:\/\/holderstechnology.com\/wireless-lighting-control\/wp-content\/uploads\/sites\/3\/2023\/02\/SLIM-2CV-CASAMBI1.png\",\"width\":800,\"height\":659},{\"@type\":\"BreadcrumbList\",\"@id\":\"https:\/\/holderstechnology.com\/wireless-lighting-control\/de\/produkt\/slim-2cv\/#breadcrumb\",\"itemListElement\":[{\"@type\":\"ListItem\",\"position\":1,\"name\":\"&#8962;\",\"item\":\"https:\/\/holderstechnology.com\/wireless-lighting-control\/\"},{\"@type\":\"ListItem\",\"position\":2,\"name\":\"Products\",\"item\":\"https:\/\/holderstechnology.com\/wireless-lighting-control\/products\/\"},{\"@type\":\"ListItem\",\"position\":3,\"name\":\"Slim 2CV\"}]},{\"@type\":\"WebSite\",\"@id\":\"https:\/\/holderstechnology.com\/wireless-lighting-control\/#website\",\"url\":\"https:\/\/holderstechnology.com\/wireless-lighting-control\/\",\"name\":\"Holders Wireless Lighting Control\",\"description\":\"\",\"publisher\":{\"@id\":\"https:\/\/holderstechnology.com\/wireless-lighting-control\/#organization\"},\"potentialAction\":[{\"@type\":\"SearchAction\",\"target\":{\"@type\":\"EntryPoint\",\"urlTemplate\":\"https:\/\/holderstechnology.com\/wireless-lighting-control\/?s={search_term_string}\"},\"query-input\":{\"@type\":\"PropertyValueSpecification\",\"valueRequired\":true,\"valueName\":\"search_term_string\"}}],\"inLanguage\":\"de\"},{\"@type\":\"Organization\",\"@id\":\"https:\/\/holderstechnology.com\/wireless-lighting-control\/#organization\",\"name\":\"Holders Technology Group\",\"url\":\"https:\/\/holderstechnology.com\/wireless-lighting-control\/\",\"logo\":{\"@type\":\"ImageObject\",\"inLanguage\":\"de\",\"@id\":\"https:\/\/holderstechnology.com\/wireless-lighting-control\/#\/schema\/logo\/image\/\",\"url\":\"https:\/\/holderstechnology.com\/wireless-lighting-control\/wp-content\/uploads\/sites\/3\/2024\/01\/logo_holders-technology.svg\",\"contentUrl\":\"https:\/\/holderstechnology.com\/wireless-lighting-control\/wp-content\/uploads\/sites\/3\/2024\/01\/logo_holders-technology.svg\",\"width\":556,\"height\":66,\"caption\":\"Holders Technology Group\"},\"image\":{\"@id\":\"https:\/\/holderstechnology.com\/wireless-lighting-control\/#\/schema\/logo\/image\/\"}}]}<\/script>\n<!-- \/ Yoast SEO plugin. -->","yoast_head_json":{"title":"Slim 2CV | Holders Wireless Lighting Control","description":"Der SLIM-2CV-CASAMBI ist ein 2-Kanal-LED-Ausgangsdimmer, der \u00fcber Bluetooth dank der Casambi APP oder lokal \u00fcber zwei normalerweise offene Tasten gesteuert werden kann.","robots":{"index":"index","follow":"follow","max-snippet":"max-snippet:-1","max-image-preview":"max-image-preview:large","max-video-preview":"max-video-preview:-1"},"canonical":"https:\/\/holderstechnology.com\/wireless-lighting-control\/de\/produkt\/slim-2cv\/","og_locale":"de_DE","og_type":"article","og_title":"Slim 2CV | Holders Wireless Lighting Control","og_description":"Der SLIM-2CV-CASAMBI ist ein 2-Kanal-LED-Ausgangsdimmer, der \u00fcber Bluetooth dank der Casambi APP oder lokal \u00fcber zwei normalerweise offene Tasten gesteuert werden kann.","og_url":"https:\/\/holderstechnology.com\/wireless-lighting-control\/de\/produkt\/slim-2cv\/","og_site_name":"Holders Wireless Lighting Control","og_image":[{"width":800,"height":659,"url":"https:\/\/holderstechnology.com\/wireless-lighting-control\/wp-content\/uploads\/sites\/3\/2023\/02\/SLIM-2CV-CASAMBI1.png","type":"image\/png"}],"twitter_card":"summary_large_image","schema":{"@context":"https:\/\/schema.org","@graph":[{"@type":"WebPage","@id":"https:\/\/holderstechnology.com\/wireless-lighting-control\/de\/produkt\/slim-2cv\/","url":"https:\/\/holderstechnology.com\/wireless-lighting-control\/de\/produkt\/slim-2cv\/","name":"Slim 2CV | Holders Wireless Lighting Control","isPartOf":{"@id":"https:\/\/holderstechnology.com\/wireless-lighting-control\/#website"},"primaryImageOfPage":{"@id":"https:\/\/holderstechnology.com\/wireless-lighting-control\/de\/produkt\/slim-2cv\/#primaryimage"},"image":{"@id":"https:\/\/holderstechnology.com\/wireless-lighting-control\/de\/produkt\/slim-2cv\/#primaryimage"},"thumbnailUrl":"https:\/\/holderstechnology.com\/wireless-lighting-control\/wp-content\/uploads\/sites\/3\/2023\/02\/SLIM-2CV-CASAMBI1.png","datePublished":"2023-02-23T12:55:03+00:00","description":"Der SLIM-2CV-CASAMBI ist ein 2-Kanal-LED-Ausgangsdimmer, der \u00fcber Bluetooth dank der Casambi APP oder lokal \u00fcber zwei normalerweise offene Tasten gesteuert werden kann.","breadcrumb":{"@id":"https:\/\/holderstechnology.com\/wireless-lighting-control\/de\/produkt\/slim-2cv\/#breadcrumb"},"inLanguage":"de","potentialAction":[{"@type":"ReadAction","target":["https:\/\/holderstechnology.com\/wireless-lighting-control\/de\/produkt\/slim-2cv\/"]}]},{"@type":"ImageObject","inLanguage":"de","@id":"https:\/\/holderstechnology.com\/wireless-lighting-control\/de\/produkt\/slim-2cv\/#primaryimage","url":"https:\/\/holderstechnology.com\/wireless-lighting-control\/wp-content\/uploads\/sites\/3\/2023\/02\/SLIM-2CV-CASAMBI1.png","contentUrl":"https:\/\/holderstechnology.com\/wireless-lighting-control\/wp-content\/uploads\/sites\/3\/2023\/02\/SLIM-2CV-CASAMBI1.png","width":800,"height":659},{"@type":"BreadcrumbList","@id":"https:\/\/holderstechnology.com\/wireless-lighting-control\/de\/produkt\/slim-2cv\/#breadcrumb","itemListElement":[{"@type":"ListItem","position":1,"name":"&#8962;","item":"https:\/\/holderstechnology.com\/wireless-lighting-control\/"},{"@type":"ListItem","position":2,"name":"Products","item":"https:\/\/holderstechnology.com\/wireless-lighting-control\/products\/"},{"@type":"ListItem","position":3,"name":"Slim 2CV"}]},{"@type":"WebSite","@id":"https:\/\/holderstechnology.com\/wireless-lighting-control\/#website","url":"https:\/\/holderstechnology.com\/wireless-lighting-control\/","name":"Holders Wireless Lighting Control","description":"","publisher":{"@id":"https:\/\/holderstechnology.com\/wireless-lighting-control\/#organization"},"potentialAction":[{"@type":"SearchAction","target":{"@type":"EntryPoint","urlTemplate":"https:\/\/holderstechnology.com\/wireless-lighting-control\/?s={search_term_string}"},"query-input":{"@type":"PropertyValueSpecification","valueRequired":true,"valueName":"search_term_string"}}],"inLanguage":"de"},{"@type":"Organization","@id":"https:\/\/holderstechnology.com\/wireless-lighting-control\/#organization","name":"Holders Technology Group","url":"https:\/\/holderstechnology.com\/wireless-lighting-control\/","logo":{"@type":"ImageObject","inLanguage":"de","@id":"https:\/\/holderstechnology.com\/wireless-lighting-control\/#\/schema\/logo\/image\/","url":"https:\/\/holderstechnology.com\/wireless-lighting-control\/wp-content\/uploads\/sites\/3\/2024\/01\/logo_holders-technology.svg","contentUrl":"https:\/\/holderstechnology.com\/wireless-lighting-control\/wp-content\/uploads\/sites\/3\/2024\/01\/logo_holders-technology.svg","width":556,"height":66,"caption":"Holders Technology Group"},"image":{"@id":"https:\/\/holderstechnology.com\/wireless-lighting-control\/#\/schema\/logo\/image\/"}}]}},"_links":{"self":[{"href":"https:\/\/holderstechnology.com\/wireless-lighting-control\/de\/wp-json\/wp\/v2\/product\/5061","targetHints":{"allow":["GET"]}}],"collection":[{"href":"https:\/\/holderstechnology.com\/wireless-lighting-control\/de\/wp-json\/wp\/v2\/product"}],"about":[{"href":"https:\/\/holderstechnology.com\/wireless-lighting-control\/de\/wp-json\/wp\/v2\/types\/product"}],"wp:featuredmedia":[{"embeddable":true,"href":"https:\/\/holderstechnology.com\/wireless-lighting-control\/de\/wp-json\/wp\/v2\/media\/4651"}],"wp:attachment":[{"href":"https:\/\/holderstechnology.com\/wireless-lighting-control\/de\/wp-json\/wp\/v2\/media?parent=5061"}],"wp:term":[{"taxonomy":"product_brand","embeddable":true,"href":"https:\/\/holderstechnology.com\/wireless-lighting-control\/de\/wp-json\/wp\/v2\/product_brand?post=5061"},{"taxonomy":"product_cat","embeddable":true,"href":"https:\/\/holderstechnology.com\/wireless-lighting-control\/de\/wp-json\/wp\/v2\/product_cat?post=5061"},{"taxonomy":"product_tag","embeddable":true,"href":"https:\/\/holderstechnology.com\/wireless-lighting-control\/de\/wp-json\/wp\/v2\/product_tag?post=5061"},{"taxonomy":"berocket_brand","embeddable":true,"href":"https:\/\/holderstechnology.com\/wireless-lighting-control\/de\/wp-json\/wp\/v2\/berocket_brand?post=5061"}],"curies":[{"name":"wp","href":"https:\/\/api.w.org\/{rel}","templated":true}]}}