{"id":5068,"date":"2023-02-01T15:06:59","date_gmt":"2023-02-23T15:56:49","guid":{"rendered":"https:\/\/holderstechnology.com\/wireless-lighting-control\/product\/ebdhs-b-cb-mb-dd\/"},"modified":"2024-04-02T15:22:12","modified_gmt":"2024-04-02T14:22:12","slug":"ebdhs-b-cb-mb-dd","status":"publish","type":"product","link":"https:\/\/holderstechnology.com\/wireless-lighting-control\/de\/produkt\/ebdhs-b-cb-mb-dd\/","title":{"rendered":"EBDHS-B-CB-MB-DD"},"content":{"rendered":"<p class=\"leading\">Die EBDHS-Reihe von PIR-Pr\u00e4senzmeldern mit erh\u00f6hter Leistung wurde f\u00fcr die Lichtsteuerung in Bereichen mit anspruchsvollen Platzverh\u00e4ltnissen und gr\u00f6\u00dferen Montageh\u00f6hen entwickelt. Sie reagieren auf die sich st\u00e4ndig \u00e4ndernden Beleuchtungsanforderungen eines Unternehmens, da sie programmierbar und einstellbar sind, um einen au\u00dfergew\u00f6hnlich genauen Erfassungsstrahl zu erzeugen.<\/p>\n<p>Der EBDHS-B-MB-CB-DD geh\u00f6rt zur EBDHS-Familie der Standalone-Pr\u00e4senzmelder und ist die Casambi-f\u00e4hige Version des Standalone-Montageleistendetektors, der derzeit in unserem Sortiment angeboten wird. Er ist f\u00fcr die Montage an einem Ende einer Hochregalleuchte konzipiert und ist perfekt mit jedem Casambi-f\u00e4higen Produkt kompatibel.<\/p>\n<h5>Detektoreigenschaften<\/h5>\n<ul>\n<li>Ideal f\u00fcr Hochregalanwendungen, einschlie\u00dflich der Steuerung der Lagerbeleuchtung<\/li>\n<li>Fresnel-Linsentechnologie \u2013 hohe Empfindlichkeit innerhalb des Erfassungsbereichs<\/li>\n<li>Leistungsstarke Bewegungserkennung mit einer Reichweite von 40 m in 15 m H\u00f6he<\/li>\n<li>Multi-Pyro-Design bietet h\u00f6here Empfindlichkeit ohne Fehlausl\u00f6sung<\/li>\n<li>Integrierte DALI-Steuerausg\u00e4nge zur einfachen Integration in bestehende DALI-Designs<\/li>\n<li>Eingebaute Relaisschaltung f\u00fcr nicht dimmbare oder nachr\u00fcstbare Leuchten<\/li>\n<li>Bessere Kontrolle des Lichtniveaus durch ein spezielles Lichtlesefenster, das den Anforderungen dunklerer Etagenr\u00e4ume entspricht<\/li>\n<li>Einstellbare Abdeckungen zur Anpassung der Erfassungsbereiche verf\u00fcgbar<\/li>\n<li>Ben\u00f6tigt zur Programmierung nur die intuitive Casambi Mobile App f\u00fcr iOS und Android Ger\u00e4te<\/li>\n<\/ul>\n","protected":false},"excerpt":{"rendered":"<p>Die EBDHS-Reihe von PIR-Pr\u00e4senzmeldern mit erh\u00f6hter Leistung wurde f\u00fcr die Lichtsteuerung in Bereichen mit anspruchsvollen Platzverh\u00e4ltnissen und gr\u00f6\u00dferen Montageh\u00f6hen entwickelt. [&hellip;]<\/p>\n","protected":false},"featured_media":4579,"template":"","meta":{"_acf_changed":false,"inline_featured_image":false,"site-sidebar-layout":"default","site-content-layout":"","ast-site-content-layout":"default","site-content-style":"default","site-sidebar-style":"default","ast-global-header-display":"","ast-banner-title-visibility":"","ast-main-header-display":"","ast-hfb-above-header-display":"","ast-hfb-below-header-display":"","ast-hfb-mobile-header-display":"","site-post-title":"","ast-breadcrumbs-content":"","ast-featured-img":"","footer-sml-layout":"","ast-disable-related-posts":"","theme-transparent-header-meta":"","adv-header-id-meta":"","stick-header-meta":"","header-above-stick-meta":"","header-main-stick-meta":"","header-below-stick-meta":"","astra-migrate-meta-layouts":"default","ast-page-background-enabled":"default","ast-page-background-meta":{"desktop":{"background-color":"var(--ast-global-color-5)","background-image":"","background-repeat":"repeat","background-position":"center center","background-size":"auto","background-attachment":"scroll","background-type":"","background-media":"","overlay-type":"","overlay-color":"","overlay-opacity":"","overlay-gradient":""},"tablet":{"background-color":"","background-image":"","background-repeat":"repeat","background-position":"center center","background-size":"auto","background-attachment":"scroll","background-type":"","background-media":"","overlay-type":"","overlay-color":"","overlay-opacity":"","overlay-gradient":""},"mobile":{"background-color":"","background-image":"","background-repeat":"repeat","background-position":"center center","background-size":"auto","background-attachment":"scroll","background-type":"","background-media":"","overlay-type":"","overlay-color":"","overlay-opacity":"","overlay-gradient":""}},"ast-content-background-meta":{"desktop":{"background-color":"var(--ast-global-color-4)","background-image":"","background-repeat":"repeat","background-position":"center center","background-size":"auto","background-attachment":"scroll","background-type":"","background-media":"","overlay-type":"","overlay-color":"","overlay-opacity":"","overlay-gradient":""},"tablet":{"background-color":"var(--ast-global-color-4)","background-image":"","background-repeat":"repeat","background-position":"center center","background-size":"auto","background-attachment":"scroll","background-type":"","background-media":"","overlay-type":"","overlay-color":"","overlay-opacity":"","overlay-gradient":""},"mobile":{"background-color":"var(--ast-global-color-4)","background-image":"","background-repeat":"repeat","background-position":"center center","background-size":"auto","background-attachment":"scroll","background-type":"","background-media":"","overlay-type":"","overlay-color":"","overlay-opacity":"","overlay-gradient":""}}},"product_brand":[],"product_cat":[215,328],"product_tag":[],"berocket_brand":[395],"class_list":{"0":"post-5068","1":"product","2":"type-product","3":"status-publish","4":"has-post-thumbnail","6":"product_cat-leuchte-montiert","7":"product_cat-sensoren","8":"berocket_brand-cp-de","9":"desktop-align-left","10":"tablet-align-left","11":"mobile-align-left","13":"first","14":"instock","15":"shipping-taxable","16":"product-type-simple"},"acf":[],"yoast_head":"<!-- This site is optimized with the Yoast SEO plugin v27.3 - https:\/\/yoast.com\/product\/yoast-seo-wordpress\/ -->\n<title>EBDHS-B-CB-MB-DD | Holders Wireless Lighting Control<\/title>\n<meta name=\"description\" content=\"Die EBDHS-Reihe von PIR-Pr\u00e4senzmeldern mit erh\u00f6hter Leistung wurde f\u00fcr die Beleuchtungssteuerung in Bereichen mit anspruchsvollen Platzverh\u00e4ltnissen und gr\u00f6\u00dferen Montageh\u00f6hen entwickelt. Sie reagieren auf die sich st\u00e4ndig \u00e4ndernden Beleuchtungsanforderungen eines Unternehmens, da sie programmierbar und einstellbar sind, um einen au\u00dfergew\u00f6hnlich genauen Erkennungsstrahl zu erzeugen.\" \/>\n<meta name=\"robots\" content=\"index, follow, max-snippet:-1, max-image-preview:large, max-video-preview:-1\" \/>\n<link rel=\"canonical\" href=\"https:\/\/holderstechnology.com\/wireless-lighting-control\/de\/produkt\/ebdhs-b-cb-mb-dd\/\" \/>\n<meta property=\"og:locale\" content=\"de_DE\" \/>\n<meta property=\"og:type\" content=\"article\" \/>\n<meta property=\"og:title\" content=\"EBDHS-B-CB-MB-DD | Holders Wireless Lighting Control\" \/>\n<meta property=\"og:description\" content=\"Die EBDHS-Reihe von PIR-Pr\u00e4senzmeldern mit erh\u00f6hter Leistung wurde f\u00fcr die Beleuchtungssteuerung in Bereichen mit anspruchsvollen Platzverh\u00e4ltnissen und gr\u00f6\u00dferen Montageh\u00f6hen entwickelt. Sie reagieren auf die sich st\u00e4ndig \u00e4ndernden Beleuchtungsanforderungen eines Unternehmens, da sie programmierbar und einstellbar sind, um einen au\u00dfergew\u00f6hnlich genauen Erkennungsstrahl zu erzeugen.\" \/>\n<meta property=\"og:url\" content=\"https:\/\/holderstechnology.com\/wireless-lighting-control\/de\/produkt\/ebdhs-b-cb-mb-dd\/\" \/>\n<meta property=\"og:site_name\" content=\"Holders Wireless Lighting Control\" \/>\n<meta property=\"article:modified_time\" content=\"2024-04-02T14:22:12+00:00\" \/>\n<meta property=\"og:image\" content=\"https:\/\/holderstechnology.com\/wireless-lighting-control\/wp-content\/uploads\/sites\/3\/2023\/02\/295-EBDHS-B-MB-CB-Main-Image-300-200.jpg\" \/>\n\t<meta property=\"og:image:width\" content=\"300\" \/>\n\t<meta property=\"og:image:height\" content=\"200\" \/>\n\t<meta property=\"og:image:type\" content=\"image\/jpeg\" \/>\n<meta name=\"twitter:card\" content=\"summary_large_image\" \/>\n<meta name=\"twitter:label1\" content=\"Gesch\u00e4tzte Lesezeit\" \/>\n\t<meta name=\"twitter:data1\" content=\"2\u00a0Minuten\" \/>\n<script type=\"application\/ld+json\" class=\"yoast-schema-graph\">{\"@context\":\"https:\\\/\\\/schema.org\",\"@graph\":[{\"@type\":\"WebPage\",\"@id\":\"https:\\\/\\\/holderstechnology.com\\\/wireless-lighting-control\\\/de\\\/produkt\\\/ebdhs-b-cb-mb-dd\\\/\",\"url\":\"https:\\\/\\\/holderstechnology.com\\\/wireless-lighting-control\\\/de\\\/produkt\\\/ebdhs-b-cb-mb-dd\\\/\",\"name\":\"EBDHS-B-CB-MB-DD | Holders Wireless Lighting Control\",\"isPartOf\":{\"@id\":\"https:\\\/\\\/holderstechnology.com\\\/wireless-lighting-control\\\/#website\"},\"primaryImageOfPage\":{\"@id\":\"https:\\\/\\\/holderstechnology.com\\\/wireless-lighting-control\\\/de\\\/produkt\\\/ebdhs-b-cb-mb-dd\\\/#primaryimage\"},\"image\":{\"@id\":\"https:\\\/\\\/holderstechnology.com\\\/wireless-lighting-control\\\/de\\\/produkt\\\/ebdhs-b-cb-mb-dd\\\/#primaryimage\"},\"thumbnailUrl\":\"https:\\\/\\\/holderstechnology.com\\\/wireless-lighting-control\\\/wp-content\\\/uploads\\\/sites\\\/3\\\/2023\\\/02\\\/295-EBDHS-B-MB-CB-Main-Image-300-200.jpg\",\"datePublished\":\"2023-02-23T15:56:49+00:00\",\"dateModified\":\"2024-04-02T14:22:12+00:00\",\"description\":\"Die EBDHS-Reihe von PIR-Pr\u00e4senzmeldern mit erh\u00f6hter Leistung wurde f\u00fcr die Beleuchtungssteuerung in Bereichen mit anspruchsvollen Platzverh\u00e4ltnissen und gr\u00f6\u00dferen Montageh\u00f6hen entwickelt. Sie reagieren auf die sich st\u00e4ndig \u00e4ndernden Beleuchtungsanforderungen eines Unternehmens, da sie programmierbar und einstellbar sind, um einen au\u00dfergew\u00f6hnlich genauen Erkennungsstrahl zu erzeugen.\",\"breadcrumb\":{\"@id\":\"https:\\\/\\\/holderstechnology.com\\\/wireless-lighting-control\\\/de\\\/produkt\\\/ebdhs-b-cb-mb-dd\\\/#breadcrumb\"},\"inLanguage\":\"de\",\"potentialAction\":[{\"@type\":\"ReadAction\",\"target\":[\"https:\\\/\\\/holderstechnology.com\\\/wireless-lighting-control\\\/de\\\/produkt\\\/ebdhs-b-cb-mb-dd\\\/\"]}]},{\"@type\":\"ImageObject\",\"inLanguage\":\"de\",\"@id\":\"https:\\\/\\\/holderstechnology.com\\\/wireless-lighting-control\\\/de\\\/produkt\\\/ebdhs-b-cb-mb-dd\\\/#primaryimage\",\"url\":\"https:\\\/\\\/holderstechnology.com\\\/wireless-lighting-control\\\/wp-content\\\/uploads\\\/sites\\\/3\\\/2023\\\/02\\\/295-EBDHS-B-MB-CB-Main-Image-300-200.jpg\",\"contentUrl\":\"https:\\\/\\\/holderstechnology.com\\\/wireless-lighting-control\\\/wp-content\\\/uploads\\\/sites\\\/3\\\/2023\\\/02\\\/295-EBDHS-B-MB-CB-Main-Image-300-200.jpg\",\"width\":300,\"height\":200},{\"@type\":\"BreadcrumbList\",\"@id\":\"https:\\\/\\\/holderstechnology.com\\\/wireless-lighting-control\\\/de\\\/produkt\\\/ebdhs-b-cb-mb-dd\\\/#breadcrumb\",\"itemListElement\":[{\"@type\":\"ListItem\",\"position\":1,\"name\":\"&#8962;\",\"item\":\"https:\\\/\\\/holderstechnology.com\\\/wireless-lighting-control\\\/\"},{\"@type\":\"ListItem\",\"position\":2,\"name\":\"Products\",\"item\":\"https:\\\/\\\/holderstechnology.com\\\/wireless-lighting-control\\\/products\\\/\"},{\"@type\":\"ListItem\",\"position\":3,\"name\":\"EBDHS-B-CB-MB-DD\"}]},{\"@type\":\"WebSite\",\"@id\":\"https:\\\/\\\/holderstechnology.com\\\/wireless-lighting-control\\\/#website\",\"url\":\"https:\\\/\\\/holderstechnology.com\\\/wireless-lighting-control\\\/\",\"name\":\"Holders Wireless Lighting Control\",\"description\":\"\",\"publisher\":{\"@id\":\"https:\\\/\\\/holderstechnology.com\\\/wireless-lighting-control\\\/#organization\"},\"potentialAction\":[{\"@type\":\"SearchAction\",\"target\":{\"@type\":\"EntryPoint\",\"urlTemplate\":\"https:\\\/\\\/holderstechnology.com\\\/wireless-lighting-control\\\/?s={search_term_string}\"},\"query-input\":{\"@type\":\"PropertyValueSpecification\",\"valueRequired\":true,\"valueName\":\"search_term_string\"}}],\"inLanguage\":\"de\"},{\"@type\":\"Organization\",\"@id\":\"https:\\\/\\\/holderstechnology.com\\\/wireless-lighting-control\\\/#organization\",\"name\":\"Holders Technology Group\",\"url\":\"https:\\\/\\\/holderstechnology.com\\\/wireless-lighting-control\\\/\",\"logo\":{\"@type\":\"ImageObject\",\"inLanguage\":\"de\",\"@id\":\"https:\\\/\\\/holderstechnology.com\\\/wireless-lighting-control\\\/#\\\/schema\\\/logo\\\/image\\\/\",\"url\":\"https:\\\/\\\/holderstechnology.com\\\/wireless-lighting-control\\\/wp-content\\\/uploads\\\/sites\\\/3\\\/2024\\\/01\\\/logo_holders-technology.svg\",\"contentUrl\":\"https:\\\/\\\/holderstechnology.com\\\/wireless-lighting-control\\\/wp-content\\\/uploads\\\/sites\\\/3\\\/2024\\\/01\\\/logo_holders-technology.svg\",\"width\":556,\"height\":66,\"caption\":\"Holders Technology Group\"},\"image\":{\"@id\":\"https:\\\/\\\/holderstechnology.com\\\/wireless-lighting-control\\\/#\\\/schema\\\/logo\\\/image\\\/\"}}]}<\/script>\n<!-- \/ Yoast SEO plugin. -->","yoast_head_json":{"title":"EBDHS-B-CB-MB-DD | Holders Wireless Lighting Control","description":"Die EBDHS-Reihe von PIR-Pr\u00e4senzmeldern mit erh\u00f6hter Leistung wurde f\u00fcr die Beleuchtungssteuerung in Bereichen mit anspruchsvollen Platzverh\u00e4ltnissen und gr\u00f6\u00dferen Montageh\u00f6hen entwickelt. Sie reagieren auf die sich st\u00e4ndig \u00e4ndernden Beleuchtungsanforderungen eines Unternehmens, da sie programmierbar und einstellbar sind, um einen au\u00dfergew\u00f6hnlich genauen Erkennungsstrahl zu erzeugen.","robots":{"index":"index","follow":"follow","max-snippet":"max-snippet:-1","max-image-preview":"max-image-preview:large","max-video-preview":"max-video-preview:-1"},"canonical":"https:\/\/holderstechnology.com\/wireless-lighting-control\/de\/produkt\/ebdhs-b-cb-mb-dd\/","og_locale":"de_DE","og_type":"article","og_title":"EBDHS-B-CB-MB-DD | Holders Wireless Lighting Control","og_description":"Die EBDHS-Reihe von PIR-Pr\u00e4senzmeldern mit erh\u00f6hter Leistung wurde f\u00fcr die Beleuchtungssteuerung in Bereichen mit anspruchsvollen Platzverh\u00e4ltnissen und gr\u00f6\u00dferen Montageh\u00f6hen entwickelt. Sie reagieren auf die sich st\u00e4ndig \u00e4ndernden Beleuchtungsanforderungen eines Unternehmens, da sie programmierbar und einstellbar sind, um einen au\u00dfergew\u00f6hnlich genauen Erkennungsstrahl zu erzeugen.","og_url":"https:\/\/holderstechnology.com\/wireless-lighting-control\/de\/produkt\/ebdhs-b-cb-mb-dd\/","og_site_name":"Holders Wireless Lighting Control","article_modified_time":"2024-04-02T14:22:12+00:00","og_image":[{"width":300,"height":200,"url":"https:\/\/holderstechnology.com\/wireless-lighting-control\/wp-content\/uploads\/sites\/3\/2023\/02\/295-EBDHS-B-MB-CB-Main-Image-300-200.jpg","type":"image\/jpeg"}],"twitter_card":"summary_large_image","twitter_misc":{"Gesch\u00e4tzte Lesezeit":"2\u00a0Minuten"},"schema":{"@context":"https:\/\/schema.org","@graph":[{"@type":"WebPage","@id":"https:\/\/holderstechnology.com\/wireless-lighting-control\/de\/produkt\/ebdhs-b-cb-mb-dd\/","url":"https:\/\/holderstechnology.com\/wireless-lighting-control\/de\/produkt\/ebdhs-b-cb-mb-dd\/","name":"EBDHS-B-CB-MB-DD | Holders Wireless Lighting Control","isPartOf":{"@id":"https:\/\/holderstechnology.com\/wireless-lighting-control\/#website"},"primaryImageOfPage":{"@id":"https:\/\/holderstechnology.com\/wireless-lighting-control\/de\/produkt\/ebdhs-b-cb-mb-dd\/#primaryimage"},"image":{"@id":"https:\/\/holderstechnology.com\/wireless-lighting-control\/de\/produkt\/ebdhs-b-cb-mb-dd\/#primaryimage"},"thumbnailUrl":"https:\/\/holderstechnology.com\/wireless-lighting-control\/wp-content\/uploads\/sites\/3\/2023\/02\/295-EBDHS-B-MB-CB-Main-Image-300-200.jpg","datePublished":"2023-02-23T15:56:49+00:00","dateModified":"2024-04-02T14:22:12+00:00","description":"Die EBDHS-Reihe von PIR-Pr\u00e4senzmeldern mit erh\u00f6hter Leistung wurde f\u00fcr die Beleuchtungssteuerung in Bereichen mit anspruchsvollen Platzverh\u00e4ltnissen und gr\u00f6\u00dferen Montageh\u00f6hen entwickelt. Sie reagieren auf die sich st\u00e4ndig \u00e4ndernden Beleuchtungsanforderungen eines Unternehmens, da sie programmierbar und einstellbar sind, um einen au\u00dfergew\u00f6hnlich genauen Erkennungsstrahl zu erzeugen.","breadcrumb":{"@id":"https:\/\/holderstechnology.com\/wireless-lighting-control\/de\/produkt\/ebdhs-b-cb-mb-dd\/#breadcrumb"},"inLanguage":"de","potentialAction":[{"@type":"ReadAction","target":["https:\/\/holderstechnology.com\/wireless-lighting-control\/de\/produkt\/ebdhs-b-cb-mb-dd\/"]}]},{"@type":"ImageObject","inLanguage":"de","@id":"https:\/\/holderstechnology.com\/wireless-lighting-control\/de\/produkt\/ebdhs-b-cb-mb-dd\/#primaryimage","url":"https:\/\/holderstechnology.com\/wireless-lighting-control\/wp-content\/uploads\/sites\/3\/2023\/02\/295-EBDHS-B-MB-CB-Main-Image-300-200.jpg","contentUrl":"https:\/\/holderstechnology.com\/wireless-lighting-control\/wp-content\/uploads\/sites\/3\/2023\/02\/295-EBDHS-B-MB-CB-Main-Image-300-200.jpg","width":300,"height":200},{"@type":"BreadcrumbList","@id":"https:\/\/holderstechnology.com\/wireless-lighting-control\/de\/produkt\/ebdhs-b-cb-mb-dd\/#breadcrumb","itemListElement":[{"@type":"ListItem","position":1,"name":"&#8962;","item":"https:\/\/holderstechnology.com\/wireless-lighting-control\/"},{"@type":"ListItem","position":2,"name":"Products","item":"https:\/\/holderstechnology.com\/wireless-lighting-control\/products\/"},{"@type":"ListItem","position":3,"name":"EBDHS-B-CB-MB-DD"}]},{"@type":"WebSite","@id":"https:\/\/holderstechnology.com\/wireless-lighting-control\/#website","url":"https:\/\/holderstechnology.com\/wireless-lighting-control\/","name":"Holders Wireless Lighting Control","description":"","publisher":{"@id":"https:\/\/holderstechnology.com\/wireless-lighting-control\/#organization"},"potentialAction":[{"@type":"SearchAction","target":{"@type":"EntryPoint","urlTemplate":"https:\/\/holderstechnology.com\/wireless-lighting-control\/?s={search_term_string}"},"query-input":{"@type":"PropertyValueSpecification","valueRequired":true,"valueName":"search_term_string"}}],"inLanguage":"de"},{"@type":"Organization","@id":"https:\/\/holderstechnology.com\/wireless-lighting-control\/#organization","name":"Holders Technology Group","url":"https:\/\/holderstechnology.com\/wireless-lighting-control\/","logo":{"@type":"ImageObject","inLanguage":"de","@id":"https:\/\/holderstechnology.com\/wireless-lighting-control\/#\/schema\/logo\/image\/","url":"https:\/\/holderstechnology.com\/wireless-lighting-control\/wp-content\/uploads\/sites\/3\/2024\/01\/logo_holders-technology.svg","contentUrl":"https:\/\/holderstechnology.com\/wireless-lighting-control\/wp-content\/uploads\/sites\/3\/2024\/01\/logo_holders-technology.svg","width":556,"height":66,"caption":"Holders Technology Group"},"image":{"@id":"https:\/\/holderstechnology.com\/wireless-lighting-control\/#\/schema\/logo\/image\/"}}]}},"_links":{"self":[{"href":"https:\/\/holderstechnology.com\/wireless-lighting-control\/de\/wp-json\/wp\/v2\/product\/5068","targetHints":{"allow":["GET"]}}],"collection":[{"href":"https:\/\/holderstechnology.com\/wireless-lighting-control\/de\/wp-json\/wp\/v2\/product"}],"about":[{"href":"https:\/\/holderstechnology.com\/wireless-lighting-control\/de\/wp-json\/wp\/v2\/types\/product"}],"wp:featuredmedia":[{"embeddable":true,"href":"https:\/\/holderstechnology.com\/wireless-lighting-control\/de\/wp-json\/wp\/v2\/media\/4579"}],"wp:attachment":[{"href":"https:\/\/holderstechnology.com\/wireless-lighting-control\/de\/wp-json\/wp\/v2\/media?parent=5068"}],"wp:term":[{"taxonomy":"product_brand","embeddable":true,"href":"https:\/\/holderstechnology.com\/wireless-lighting-control\/de\/wp-json\/wp\/v2\/product_brand?post=5068"},{"taxonomy":"product_cat","embeddable":true,"href":"https:\/\/holderstechnology.com\/wireless-lighting-control\/de\/wp-json\/wp\/v2\/product_cat?post=5068"},{"taxonomy":"product_tag","embeddable":true,"href":"https:\/\/holderstechnology.com\/wireless-lighting-control\/de\/wp-json\/wp\/v2\/product_tag?post=5068"},{"taxonomy":"berocket_brand","embeddable":true,"href":"https:\/\/holderstechnology.com\/wireless-lighting-control\/de\/wp-json\/wp\/v2\/berocket_brand?post=5068"}],"curies":[{"name":"wp","href":"https:\/\/api.w.org\/{rel}","templated":true}]}}