{"id":3050,"date":"2021-03-11T15:40:43","date_gmt":"2021-03-11T15:40:43","guid":{"rendered":"https:\/\/holderstechnology.com\/wireless-lighting-control\/politique-en-matiere-de-cookies\/"},"modified":"2025-08-21T12:42:23","modified_gmt":"2025-08-21T11:42:23","slug":"politique-en-matiere-de-cookies","status":"publish","type":"page","link":"https:\/\/holderstechnology.com\/wireless-lighting-control\/fr\/politique-en-matiere-de-cookies\/","title":{"rendered":"Politique en mati\u00e8re de cookies"},"content":{"rendered":"\t\t<div data-elementor-type=\"wp-page\" data-elementor-id=\"3050\" class=\"elementor elementor-3050 elementor-1944\" data-elementor-post-type=\"page\">\n\t\t\t\t<div class=\"elementor-element elementor-element-65d35900 e-flex e-con-boxed e-con e-parent\" data-id=\"65d35900\" data-element_type=\"container\" data-e-type=\"container\">\n\t\t\t\t\t<div class=\"e-con-inner\">\n\t\t\t\t<div class=\"elementor-element elementor-element-3da97525 elementor-widget elementor-widget-text-editor\" data-id=\"3da97525\" data-element_type=\"widget\" data-e-type=\"widget\" data-widget_type=\"text-editor.default\">\n\t\t\t\t<div class=\"elementor-widget-container\">\n\t\t\t\t\t\t\t\t\t<h2>Politique en mati\u00e8re de cookies<\/h2>\n\n<hr>\n\n&nbsp;\n<h4>QUE SONT LES COOKIES ?<\/h4>\n<span style=\"font-weight: 400;\">Les \u00ab\u00a0cookies\u00a0\u00bb sont de petits fichiers texte stock\u00e9s par le navigateur (par exemple, Internet Explorer, Safari, Firefox, etc.) sur votre ordinateur ou votre t\u00e9l\u00e9phone portable. Ils permettent aux sites web de stocker des \u00e9l\u00e9ments tels que les pr\u00e9f\u00e9rences des utilisateurs. On peut consid\u00e9rer que les cookies constituent une \u00ab\u00a0m\u00e9moire\u00a0\u00bb pour le site web, lui permettant de reconna\u00eetre un utilisateur et de lui r\u00e9pondre de mani\u00e8re appropri\u00e9e.<\/span><span style=\"font-weight: 400;\">.<\/span>\n<h4><\/h4>\n<h4>COMMENT UTILISONS-NOUS LES COOKIES ?<\/h4>\n<span style=\"font-weight: 400;\">La visite d&rsquo;une page de notre site web peut g\u00e9n\u00e9rer les types de cookies suivants :<\/span>\n<table class=\"table table-striped table-bordered\">\n<tbody>\n<tr>\n<td><span style=\"font-weight: 400;\">Cookie<\/span><\/td>\n<td><span style=\"font-weight: 400;\">Nom<\/span><\/td>\n<td><span style=\"font-weight: 400;\">Objectif<\/span><\/td>\n<td><span style=\"font-weight: 400;\">Plus d&rsquo;informations<\/span><\/td>\n<\/tr>\n<tr>\n<td><span style=\"font-weight: 400;\">Google Analytics<\/span><\/td>\n<td><span style=\"font-weight: 400;\">_utma<\/span>\n\n<span style=\"font-weight: 400;\">_utmb<\/span>\n\n<span style=\"font-weight: 400;\">_utmc<\/span>\n\n<span style=\"font-weight: 400;\">_utmz<\/span><\/td>\n<td><span style=\"font-weight: 400;\">Ces cookies sont utilis\u00e9s pour collecter des informations anonymes sur la fa\u00e7on dont les visiteurs utilisent notre site web. Nous utilisons ces informations pour compiler des rapports et nous aider \u00e0 am\u00e9liorer le site web.<\/span><\/td>\n<td><a href=\"http:\/\/www.google.com\/intl\/en\/policies\/privacy\/\" target=\"_blank\" rel=\"noopener\"><span style=\"font-weight: 400;\">Cliquez ici pour un aper\u00e7u du respect de la vie priv\u00e9e chez Google<\/span><\/a><\/td>\n<\/tr>\n<tr>\n<td><span style=\"font-weight: 400;\">Cookie du syst\u00e8me de gestion de contenu<\/span><\/td>\n<td><span style=\"font-weight: 400;\">CMSSESSID<\/span><\/td>\n<td><span style=\"font-weight: 400;\">Ce cookie est d\u00e9fini par notre syst\u00e8me de gestion de contenu \u00e0 l&rsquo;arriv\u00e9e sur notre site Web. Il n&rsquo;est utilis\u00e9 \u00e0 aucune fin et est supprim\u00e9 lorsque l&rsquo;utilisateur ferme son navigateur.<\/span><\/td>\n<td><\/td>\n<\/tr>\n<tr>\n<td><span style=\"font-weight: 400;\">Pr\u00e9f\u00e9rence pour les cookies<\/span><\/td>\n<td><span style=\"font-weight: 400;\">cookiesDirective<\/span><\/td>\n<td><span style=\"font-weight: 400;\">Ce cookie est utilis\u00e9 pour se souvenir que vous avez vu notre notification de cookies.<\/span><\/td>\n<td><\/td>\n<\/tr>\n<\/tbody>\n<\/table>\n&nbsp;\n<h4>COMMENT D\u00c9SACTIVER LES COOKIES ?<\/h4>\n<span style=\"font-weight: 400;\">Tous les navigateurs modernes vous permettent de modifier vos param\u00e8tres de cookies. Ces param\u00e8tres se trouvent g\u00e9n\u00e9ralement dans le menu \u00ab\u00a0options\u00a0\u00bb ou \u00ab\u00a0pr\u00e9f\u00e9rences\u00a0\u00bb de votre navigateur. Pour comprendre ces param\u00e8tres, les liens suivants peuvent \u00eatre utiles, sinon vous devez utiliser l&rsquo;option \u00ab\u00a0Aide\u00a0\u00bb de votre navigateur pour plus de d\u00e9tails.<\/span>\n\n<b>REMARQUE : La d\u00e9sactivation des cookies peut entraver les performances de ce site web et certaines fonctions peuvent ne pas fonctionner correctement.<\/b>\n\n<a href=\"http:\/\/support.microsoft.com\/kb\/196955\" target=\"_blank\" rel=\"noopener\"><span style=\"font-weight: 400;\">Param\u00e8tres des cookies dans Internet Explorer<\/span><\/a>\n\n<a href=\"http:\/\/support.mozilla.com\/en-US\/kb\/Cookies\" target=\"_blank\" rel=\"noopener\"><span style=\"font-weight: 400;\">Param\u00e8tres des cookies dans Firefox<\/span><\/a>\n\n<a href=\"http:\/\/www.google.com\/support\/chrome\/bin\/answer.py?hl=en&amp;answer=95647\" target=\"_blank\" rel=\"noopener\"><span style=\"font-weight: 400;\">Param\u00e8tres des cookies dans Chrome<\/span><\/a>\n\n<a href=\"http:\/\/support.apple.com\/kb\/PH5042\" target=\"_blank\" rel=\"noopener\"><span style=\"font-weight: 400;\">Param\u00e8tres des cookies dans Safari<\/span><\/a>\n\n<span style=\"font-weight: 400;\">Si vous \u00eates principalement pr\u00e9occup\u00e9 par les cookies tiers g\u00e9n\u00e9r\u00e9s par les annonceurs, vous pouvez les d\u00e9sactiver en vous rendant sur le site <\/span><a href=\"http:\/\/www.youronlinechoices.com\/uk\" target=\"_blank\" rel=\"noopener\">\n  <span style=\"font-weight: 400;\">site Vos choix en ligne.<\/span>\n<\/a>\n\n<span style=\"font-weight: 400;\">Vous pouvez \u00e9galement vous rendre sur le site de l&rsquo;organisme professionnel repr\u00e9sentant ces plateformes publicitaires pour obtenir de plus amples informations : Network Advertising Initiative.<\/span>\n\n<span style=\"font-weight: 400;\">Ils ont mis en place un guichet unique qui rassemble tous les contr\u00f4les d&rsquo;exclusion. N&rsquo;oubliez pas qu&rsquo;il y a beaucoup plus de r\u00e9seaux r\u00e9pertori\u00e9s que ceux que nous utilisons sur ce site.  <\/span><a href=\"http:\/\/networkadvertising.org\/managing\/opt_out.asp\" target=\"_blank\" rel=\"noopener\"><span style=\"font-weight: 400;\">http:\/\/networkadvertising.org\/managing\/opt_out.asp<\/span><\/a>\n<h4><\/h4>\n<h4>LIENS UTILES<\/h4>\n<span style=\"font-weight: 400;\">Si vous souhaitez en savoir plus sur les cookies et leur utilisation sur l&rsquo;internet, les liens suivants peuvent vous \u00eatre utiles :<\/span>\n\n<a href=\"http:\/\/www.microsoft.com\/info\/cookies.mspx\" target=\"_blank\" rel=\"noopener\"><span style=\"font-weight: 400;\">Guide des cookies de Microsoft<\/span><\/a>\n\n<a href=\"http:\/\/www.allaboutcookies.org\/\" target=\"_blank\" rel=\"noopener\"><span style=\"font-weight: 400;\">Tout sur les cookies<\/span><\/a>\n\n<span style=\"font-weight: 400;\">L&rsquo;IAB a mis \u00e0 disposition le site Web suivant pour fournir des informations sp\u00e9cifiques sur les questions de confidentialit\u00e9 li\u00e9es \u00e0 la publicit\u00e9 sur Internet : <\/span><a href=\"http:\/\/www.youronlinechoices.com\/uk\/\" target=\"_blank\" rel=\"noopener\">\n  <span style=\"font-weight: 400;\">youronlinechoices.co.uk\/uk<\/span>\n<\/a>\n\n<span style=\"font-weight: 400;\">Pour de plus amples informations juridiques sur les questions de protection de la vie priv\u00e9e, les liens suivants peuvent vous \u00eatre utiles :<\/span>\n\n<a href=\"http:\/\/www.opsi.gov.uk\/acts\/acts1998\/ukpga_19980029_en_1\" target=\"_blank\" rel=\"noopener\"><span style=\"font-weight: 400;\">Loi sur la protection des donn\u00e9es de 1998<\/span><\/a>\n\n<a href=\"http:\/\/www.ico.gov.uk\/\" target=\"_blank\" rel=\"noopener\"><span style=\"font-weight: 400;\">Le Bureau du Commissaire \u00e0 l&rsquo;information<\/span><\/a>\t\t\t\t\t\t\t\t<\/div>\n\t\t\t\t<\/div>\n\t\t\t\t\t<\/div>\n\t\t\t\t<\/div>\n\t\t\t\t<\/div>\n\t\t","protected":false},"excerpt":{"rendered":"<p>Politique en mati\u00e8re de cookies &nbsp; QUE SONT LES COOKIES ? Les \u00ab\u00a0cookies\u00a0\u00bb sont de petits fichiers texte stock\u00e9s par [&hellip;]<\/p>\n","protected":false},"author":1,"featured_media":0,"parent":0,"menu_order":540,"comment_status":"closed","ping_status":"closed","template":"","meta":{"_acf_changed":false,"inline_featured_image":false,"site-sidebar-layout":"default","site-content-layout":"","ast-site-content-layout":"default","site-content-style":"default","site-sidebar-style":"default","ast-global-header-display":"","ast-banner-title-visibility":"","ast-main-header-display":"","ast-hfb-above-header-display":"","ast-hfb-below-header-display":"","ast-hfb-mobile-header-display":"","site-post-title":"disabled","ast-breadcrumbs-content":"","ast-featured-img":"","footer-sml-layout":"","ast-disable-related-posts":"","theme-transparent-header-meta":"default","adv-header-id-meta":"","stick-header-meta":"","header-above-stick-meta":"","header-main-stick-meta":"","header-below-stick-meta":"","astra-migrate-meta-layouts":"default","ast-page-background-enabled":"default","ast-page-background-meta":{"desktop":{"background-color":"var(--ast-global-color-5)","background-image":"","background-repeat":"repeat","background-position":"center center","background-size":"auto","background-attachment":"scroll","background-type":"","background-media":"","overlay-type":"","overlay-color":"","overlay-opacity":"","overlay-gradient":""},"tablet":{"background-color":"","background-image":"","background-repeat":"repeat","background-position":"center center","background-size":"auto","background-attachment":"scroll","background-type":"","background-media":"","overlay-type":"","overlay-color":"","overlay-opacity":"","overlay-gradient":""},"mobile":{"background-color":"","background-image":"","background-repeat":"repeat","background-position":"center center","background-size":"auto","background-attachment":"scroll","background-type":"","background-media":"","overlay-type":"","overlay-color":"","overlay-opacity":"","overlay-gradient":""}},"ast-content-background-meta":{"desktop":{"background-color":"var(--ast-global-color-4)","background-image":"","background-repeat":"repeat","background-position":"center center","background-size":"auto","background-attachment":"scroll","background-type":"","background-media":"","overlay-type":"","overlay-color":"","overlay-opacity":"","overlay-gradient":""},"tablet":{"background-color":"var(--ast-global-color-4)","background-image":"","background-repeat":"repeat","background-position":"center center","background-size":"auto","background-attachment":"scroll","background-type":"","background-media":"","overlay-type":"","overlay-color":"","overlay-opacity":"","overlay-gradient":""},"mobile":{"background-color":"var(--ast-global-color-4)","background-image":"","background-repeat":"repeat","background-position":"center center","background-size":"auto","background-attachment":"scroll","background-type":"","background-media":"","overlay-type":"","overlay-color":"","overlay-opacity":"","overlay-gradient":""}},"footnotes":""},"class_list":["post-3050","page","type-page","status-publish","hentry"],"acf":[],"yoast_head":"<!-- This site is optimized with the Yoast SEO plugin v27.3 - https:\/\/yoast.com\/product\/yoast-seo-wordpress\/ -->\n<title>Politique en mati\u00e8re de cookies | Holders Wireless Lighting Control<\/title>\n<meta name=\"robots\" content=\"index, follow, max-snippet:-1, max-image-preview:large, max-video-preview:-1\" \/>\n<link rel=\"canonical\" href=\"https:\/\/holderstechnology.com\/wireless-lighting-control\/cookie-policy\/\" \/>\n<meta property=\"og:locale\" content=\"fr_FR\" \/>\n<meta property=\"og:type\" content=\"article\" \/>\n<meta property=\"og:title\" content=\"Politique en mati\u00e8re de cookies | Holders Wireless Lighting Control\" \/>\n<meta property=\"og:description\" content=\"Politique en mati\u00e8re de cookies &nbsp; QUE SONT LES COOKIES ? Les \u00ab\u00a0cookies\u00a0\u00bb sont de petits fichiers texte stock\u00e9s par [&hellip;]\" \/>\n<meta property=\"og:url\" content=\"https:\/\/holderstechnology.com\/wireless-lighting-control\/cookie-policy\/\" \/>\n<meta property=\"og:site_name\" content=\"Holders Wireless Lighting Control\" \/>\n<meta property=\"article:modified_time\" content=\"2025-08-21T11:42:23+00:00\" \/>\n<meta name=\"twitter:card\" content=\"summary_large_image\" \/>\n<meta name=\"twitter:label1\" content=\"Dur\u00e9e de lecture estim\u00e9e\" \/>\n\t<meta name=\"twitter:data1\" content=\"3 minutes\" \/>\n<script type=\"application\/ld+json\" class=\"yoast-schema-graph\">{\"@context\":\"https:\\\/\\\/schema.org\",\"@graph\":[{\"@type\":\"WebPage\",\"@id\":\"https:\\\/\\\/holderstechnology.com\\\/wireless-lighting-control\\\/cookie-policy\\\/\",\"url\":\"https:\\\/\\\/holderstechnology.com\\\/wireless-lighting-control\\\/cookie-policy\\\/\",\"name\":\"Politique en mati\u00e8re de cookies | Holders Wireless Lighting Control\",\"isPartOf\":{\"@id\":\"https:\\\/\\\/holderstechnology.com\\\/wireless-lighting-control\\\/#website\"},\"datePublished\":\"2021-03-11T15:40:43+00:00\",\"dateModified\":\"2025-08-21T11:42:23+00:00\",\"breadcrumb\":{\"@id\":\"https:\\\/\\\/holderstechnology.com\\\/wireless-lighting-control\\\/cookie-policy\\\/#breadcrumb\"},\"inLanguage\":\"fr-FR\",\"potentialAction\":[{\"@type\":\"ReadAction\",\"target\":[\"https:\\\/\\\/holderstechnology.com\\\/wireless-lighting-control\\\/cookie-policy\\\/\"]}]},{\"@type\":\"BreadcrumbList\",\"@id\":\"https:\\\/\\\/holderstechnology.com\\\/wireless-lighting-control\\\/cookie-policy\\\/#breadcrumb\",\"itemListElement\":[{\"@type\":\"ListItem\",\"position\":1,\"name\":\"&#8962;\",\"item\":\"https:\\\/\\\/holderstechnology.com\\\/wireless-lighting-control\\\/\"},{\"@type\":\"ListItem\",\"position\":2,\"name\":\"Politique en mati\u00e8re de cookies\"}]},{\"@type\":\"WebSite\",\"@id\":\"https:\\\/\\\/holderstechnology.com\\\/wireless-lighting-control\\\/#website\",\"url\":\"https:\\\/\\\/holderstechnology.com\\\/wireless-lighting-control\\\/\",\"name\":\"Holders Wireless Lighting Control\",\"description\":\"\",\"publisher\":{\"@id\":\"https:\\\/\\\/holderstechnology.com\\\/wireless-lighting-control\\\/#organization\"},\"potentialAction\":[{\"@type\":\"SearchAction\",\"target\":{\"@type\":\"EntryPoint\",\"urlTemplate\":\"https:\\\/\\\/holderstechnology.com\\\/wireless-lighting-control\\\/?s={search_term_string}\"},\"query-input\":{\"@type\":\"PropertyValueSpecification\",\"valueRequired\":true,\"valueName\":\"search_term_string\"}}],\"inLanguage\":\"fr-FR\"},{\"@type\":\"Organization\",\"@id\":\"https:\\\/\\\/holderstechnology.com\\\/wireless-lighting-control\\\/#organization\",\"name\":\"Holders Technology Group\",\"url\":\"https:\\\/\\\/holderstechnology.com\\\/wireless-lighting-control\\\/\",\"logo\":{\"@type\":\"ImageObject\",\"inLanguage\":\"fr-FR\",\"@id\":\"https:\\\/\\\/holderstechnology.com\\\/wireless-lighting-control\\\/#\\\/schema\\\/logo\\\/image\\\/\",\"url\":\"https:\\\/\\\/holderstechnology.com\\\/wireless-lighting-control\\\/wp-content\\\/uploads\\\/sites\\\/3\\\/2024\\\/01\\\/logo_holders-technology.svg\",\"contentUrl\":\"https:\\\/\\\/holderstechnology.com\\\/wireless-lighting-control\\\/wp-content\\\/uploads\\\/sites\\\/3\\\/2024\\\/01\\\/logo_holders-technology.svg\",\"width\":556,\"height\":66,\"caption\":\"Holders Technology Group\"},\"image\":{\"@id\":\"https:\\\/\\\/holderstechnology.com\\\/wireless-lighting-control\\\/#\\\/schema\\\/logo\\\/image\\\/\"}}]}<\/script>\n<!-- \/ Yoast SEO plugin. -->","yoast_head_json":{"title":"Politique en mati\u00e8re de cookies | Holders Wireless Lighting Control","robots":{"index":"index","follow":"follow","max-snippet":"max-snippet:-1","max-image-preview":"max-image-preview:large","max-video-preview":"max-video-preview:-1"},"canonical":"https:\/\/holderstechnology.com\/wireless-lighting-control\/cookie-policy\/","og_locale":"fr_FR","og_type":"article","og_title":"Politique en mati\u00e8re de cookies | Holders Wireless Lighting Control","og_description":"Politique en mati\u00e8re de cookies &nbsp; QUE SONT LES COOKIES ? Les \u00ab\u00a0cookies\u00a0\u00bb sont de petits fichiers texte stock\u00e9s par [&hellip;]","og_url":"https:\/\/holderstechnology.com\/wireless-lighting-control\/cookie-policy\/","og_site_name":"Holders Wireless Lighting Control","article_modified_time":"2025-08-21T11:42:23+00:00","twitter_card":"summary_large_image","twitter_misc":{"Dur\u00e9e de lecture estim\u00e9e":"3 minutes"},"schema":{"@context":"https:\/\/schema.org","@graph":[{"@type":"WebPage","@id":"https:\/\/holderstechnology.com\/wireless-lighting-control\/cookie-policy\/","url":"https:\/\/holderstechnology.com\/wireless-lighting-control\/cookie-policy\/","name":"Politique en mati\u00e8re de cookies | Holders Wireless Lighting Control","isPartOf":{"@id":"https:\/\/holderstechnology.com\/wireless-lighting-control\/#website"},"datePublished":"2021-03-11T15:40:43+00:00","dateModified":"2025-08-21T11:42:23+00:00","breadcrumb":{"@id":"https:\/\/holderstechnology.com\/wireless-lighting-control\/cookie-policy\/#breadcrumb"},"inLanguage":"fr-FR","potentialAction":[{"@type":"ReadAction","target":["https:\/\/holderstechnology.com\/wireless-lighting-control\/cookie-policy\/"]}]},{"@type":"BreadcrumbList","@id":"https:\/\/holderstechnology.com\/wireless-lighting-control\/cookie-policy\/#breadcrumb","itemListElement":[{"@type":"ListItem","position":1,"name":"&#8962;","item":"https:\/\/holderstechnology.com\/wireless-lighting-control\/"},{"@type":"ListItem","position":2,"name":"Politique en mati\u00e8re de cookies"}]},{"@type":"WebSite","@id":"https:\/\/holderstechnology.com\/wireless-lighting-control\/#website","url":"https:\/\/holderstechnology.com\/wireless-lighting-control\/","name":"Holders Wireless Lighting Control","description":"","publisher":{"@id":"https:\/\/holderstechnology.com\/wireless-lighting-control\/#organization"},"potentialAction":[{"@type":"SearchAction","target":{"@type":"EntryPoint","urlTemplate":"https:\/\/holderstechnology.com\/wireless-lighting-control\/?s={search_term_string}"},"query-input":{"@type":"PropertyValueSpecification","valueRequired":true,"valueName":"search_term_string"}}],"inLanguage":"fr-FR"},{"@type":"Organization","@id":"https:\/\/holderstechnology.com\/wireless-lighting-control\/#organization","name":"Holders Technology Group","url":"https:\/\/holderstechnology.com\/wireless-lighting-control\/","logo":{"@type":"ImageObject","inLanguage":"fr-FR","@id":"https:\/\/holderstechnology.com\/wireless-lighting-control\/#\/schema\/logo\/image\/","url":"https:\/\/holderstechnology.com\/wireless-lighting-control\/wp-content\/uploads\/sites\/3\/2024\/01\/logo_holders-technology.svg","contentUrl":"https:\/\/holderstechnology.com\/wireless-lighting-control\/wp-content\/uploads\/sites\/3\/2024\/01\/logo_holders-technology.svg","width":556,"height":66,"caption":"Holders Technology Group"},"image":{"@id":"https:\/\/holderstechnology.com\/wireless-lighting-control\/#\/schema\/logo\/image\/"}}]}},"_links":{"self":[{"href":"https:\/\/holderstechnology.com\/wireless-lighting-control\/fr\/wp-json\/wp\/v2\/pages\/3050","targetHints":{"allow":["GET"]}}],"collection":[{"href":"https:\/\/holderstechnology.com\/wireless-lighting-control\/fr\/wp-json\/wp\/v2\/pages"}],"about":[{"href":"https:\/\/holderstechnology.com\/wireless-lighting-control\/fr\/wp-json\/wp\/v2\/types\/page"}],"author":[{"embeddable":true,"href":"https:\/\/holderstechnology.com\/wireless-lighting-control\/fr\/wp-json\/wp\/v2\/users\/1"}],"replies":[{"embeddable":true,"href":"https:\/\/holderstechnology.com\/wireless-lighting-control\/fr\/wp-json\/wp\/v2\/comments?post=3050"}],"version-history":[{"count":10,"href":"https:\/\/holderstechnology.com\/wireless-lighting-control\/fr\/wp-json\/wp\/v2\/pages\/3050\/revisions"}],"predecessor-version":[{"id":15247,"href":"https:\/\/holderstechnology.com\/wireless-lighting-control\/fr\/wp-json\/wp\/v2\/pages\/3050\/revisions\/15247"}],"wp:attachment":[{"href":"https:\/\/holderstechnology.com\/wireless-lighting-control\/fr\/wp-json\/wp\/v2\/media?parent=3050"}],"curies":[{"name":"wp","href":"https:\/\/api.w.org\/{rel}","templated":true}]}}