{"id":7417,"date":"2023-06-16T12:42:19","date_gmt":"2023-06-16T11:42:19","guid":{"rendered":"https:\/\/holderstechnology.com\/wireless-lighting-control\/carriere\/"},"modified":"2023-06-16T12:42:20","modified_gmt":"2023-06-16T11:42:20","slug":"carriere","status":"publish","type":"page","link":"https:\/\/holderstechnology.com\/wireless-lighting-control\/fr\/carriere\/","title":{"rendered":"Carri\u00e8re"},"content":{"rendered":"\t\t<div data-elementor-type=\"wp-page\" data-elementor-id=\"7417\" class=\"elementor elementor-7417 elementor-4429\" data-elementor-post-type=\"page\">\n\t\t\t\t\t\t<section class=\"elementor-section elementor-top-section elementor-element elementor-element-a8fbb2a elementor-section-boxed elementor-section-height-default elementor-section-height-default\" data-id=\"a8fbb2a\" data-element_type=\"section\" data-e-type=\"section\">\n\t\t\t\t\t\t<div class=\"elementor-container elementor-column-gap-default\">\n\t\t\t\t\t<div class=\"elementor-column elementor-col-100 elementor-top-column elementor-element elementor-element-7ba96bb\" data-id=\"7ba96bb\" data-element_type=\"column\" data-e-type=\"column\">\n\t\t\t<div class=\"elementor-widget-wrap elementor-element-populated\">\n\t\t\t\t\t\t<div class=\"elementor-element elementor-element-e906787 elementor-align-center elementor-widget elementor-widget-lottie\" data-id=\"e906787\" data-element_type=\"widget\" data-e-type=\"widget\" data-settings=\"{&quot;source&quot;:&quot;external_url&quot;,&quot;source_external_url&quot;:{&quot;url&quot;:&quot;https:\\\/\\\/assets4.lottiefiles.com\\\/packages\\\/lf20_lB5CzX.json&quot;,&quot;is_external&quot;:&quot;&quot;,&quot;nofollow&quot;:&quot;&quot;,&quot;custom_attributes&quot;:&quot;&quot;},&quot;link_to&quot;:&quot;none&quot;,&quot;trigger&quot;:&quot;arriving_to_viewport&quot;,&quot;viewport&quot;:{&quot;unit&quot;:&quot;%&quot;,&quot;size&quot;:&quot;&quot;,&quot;sizes&quot;:{&quot;start&quot;:0,&quot;end&quot;:100}},&quot;play_speed&quot;:{&quot;unit&quot;:&quot;px&quot;,&quot;size&quot;:1,&quot;sizes&quot;:[]},&quot;start_point&quot;:{&quot;unit&quot;:&quot;%&quot;,&quot;size&quot;:0,&quot;sizes&quot;:[]},&quot;end_point&quot;:{&quot;unit&quot;:&quot;%&quot;,&quot;size&quot;:100,&quot;sizes&quot;:[]},&quot;renderer&quot;:&quot;svg&quot;}\" data-widget_type=\"lottie.default\">\n\t\t\t\t<div class=\"elementor-widget-container\">\n\t\t\t\t\t<div class=\"e-lottie__container\"><div class=\"e-lottie__animation\"><\/div><\/div>\t\t\t\t<\/div>\n\t\t\t\t<\/div>\n\t\t\t\t<div class=\"elementor-element elementor-element-979f420 elementor-widget elementor-widget-heading\" data-id=\"979f420\" data-element_type=\"widget\" data-e-type=\"widget\" data-widget_type=\"heading.default\">\n\t\t\t\t<div class=\"elementor-widget-container\">\n\t\t\t\t\t<h1 class=\"elementor-heading-title elementor-size-default\">Carri\u00e8res<\/h1>\t\t\t\t<\/div>\n\t\t\t\t<\/div>\n\t\t\t\t<div class=\"elementor-element elementor-element-19d7b8c elementor-widget elementor-widget-text-editor\" data-id=\"19d7b8c\" data-element_type=\"widget\" data-e-type=\"widget\" data-widget_type=\"text-editor.default\">\n\t\t\t\t<div class=\"elementor-widget-container\">\n\t\t\t\t\t\t\t\t\t<p>En tant que l&rsquo;un des principaux fournisseurs de solutions d&rsquo;\u00e9clairage intelligentes et de commandes d&rsquo;\u00e9clairage sans fil, Holders Technology est toujours \u00e0 la recherche de collaborateurs brillants et enthousiastes. Nous recherchons des personnes ayant une exp\u00e9rience pertinente, qui travaillent bien en \u00e9quipe, prennent des initiatives et s&rsquo;efforcent toujours de fournir un service \u00e0 la client\u00e8le de premi\u00e8re qualit\u00e9. Si vous souhaitez d\u00e9velopper votre carri\u00e8re au sein d&rsquo;une organisation dynamique et progressiste, n&rsquo;h\u00e9sitez pas \u00e0 nous contacter \u00e0 l&rsquo;adresse suivante <a href=\"mailto:headoffice@holderstechnology.com\">: headoffice@holderstechnology.com<\/a>.<\/p>\n\t\t\t\t\t\t\t\t<\/div>\n\t\t\t\t<\/div>\n\t\t\t\t<div class=\"elementor-element elementor-element-95f7963 elementor-widget elementor-widget-accordion\" data-id=\"95f7963\" data-element_type=\"widget\" data-e-type=\"widget\" data-widget_type=\"accordion.default\">\n\t\t\t\t<div class=\"elementor-widget-container\">\n\t\t\t\t\t\t\t<div class=\"elementor-accordion\">\n\t\t\t\t\t\t\t<div class=\"elementor-accordion-item\">\n\t\t\t\t\t<div id=\"elementor-tab-title-1571\" class=\"elementor-tab-title\" data-tab=\"1\" role=\"button\" aria-controls=\"elementor-tab-content-1571\" aria-expanded=\"false\">\n\t\t\t\t\t\t\t\t\t\t\t\t\t<span class=\"elementor-accordion-icon elementor-accordion-icon-left\" aria-hidden=\"true\">\n\t\t\t\t\t\t\t\t\t\t\t\t\t\t\t<span class=\"elementor-accordion-icon-closed\"><i class=\"fas fa-plus\"><\/i><\/span>\n\t\t\t\t\t\t\t\t<span class=\"elementor-accordion-icon-opened\"><i class=\"fas fa-minus\"><\/i><\/span>\n\t\t\t\t\t\t\t\t\t\t\t\t\t\t<\/span>\n\t\t\t\t\t\t\t\t\t\t\t\t<a class=\"elementor-accordion-title\" tabindex=\"0\">UK - ING\u00c9NIEUR COMMISSIONING SENIOR (CONTR\u00d4LE DE L'\u00c9CLAIRAGE)<\/a>\n\t\t\t\t\t<\/div>\n\t\t\t\t\t<div id=\"elementor-tab-content-1571\" class=\"elementor-tab-content elementor-clearfix\" data-tab=\"1\" role=\"region\" aria-labelledby=\"elementor-tab-title-1571\"><p><strong>\u00c9lectricien \/ Ing\u00e9nieur de mise en service \/ \u00c9lectricien 18\u00e8me \u00e9dition &#8211; Permanent<\/strong><\/p>\n<p>Dans le cadre de l&rsquo;expansion de l&rsquo;entreprise et de l&rsquo;augmentation des commandes, un nouveau poste est \u00e0 pourvoir pour un ing\u00e9nieur de mise en service exp\u00e9riment\u00e9 qui rejoindra l&rsquo;\u00e9quipe. Vous serez responsable de l&rsquo;assistance sur site et de la mise en service des commandes d&rsquo;\u00e9clairage sans fil Casambi.<\/p>\n<p>Sous la responsabilit\u00e9 du directeur technique du Royaume-Uni, vous serez charg\u00e9(e) de.. :<br \/>&#8211; Assurer la liaison avec les clients pour les conseiller sur l&rsquo;installation, la connexion et la recherche de pannes de base sur les syst\u00e8mes de contr\u00f4le Casambi.<br \/>&#8211; Organiser des visites de sites avec les parties concern\u00e9es, des entrepreneurs aux utilisateurs finaux, afin de permettre une mise en service rapide et efficace des projets Casambi.<br \/>&#8211; Tenir des registres actifs sur tous les projets afin de permettre la production de certificats de mise en service lorsque le processus de mise en service est termin\u00e9 de mani\u00e8re satisfaisante.<br \/>&#8211; Rendre compte de toutes les questions relatives aux d\u00e9fauts et aux performances des produits et conseiller activement sur les am\u00e9liorations \u00e0 apporter.<br \/>&#8211; Fournir des services de suivi hors site et sur site pour garantir que le syst\u00e8me de contr\u00f4le de l&rsquo;\u00e9clairage est maintenu \u00e0 un niveau \u00e9lev\u00e9 de fonctionnement.<br \/>&#8211; Proposer une formation au client et une remise des cl\u00e9s \u00e0 la fin du projet.<\/p>\n<p>Il s&rsquo;agit d&rsquo;un poste de terrain couvrant le sud de l&rsquo;Angleterre. Il <strong>convient id\u00e9alement \u00e0 une personne bas\u00e9e pr\u00e8s du centre de Londres<\/strong>. Il sera n\u00e9cessaire de faire des arr\u00eats pour la nuit, qui sont enti\u00e8rement pris en charge.  <br \/>Pour r\u00e9ussir dans le r\u00f4le d&rsquo;ing\u00e9nieur de mise en service, vous devez \u00eatre titulaire d&rsquo;un permis de conduire britannique complet, valide et \u00e0 jour, et avoir une formation en \u00e9lectricit\u00e9.<\/p>\n<p>Nous recherchons une personne motiv\u00e9e et exp\u00e9riment\u00e9e, disposant id\u00e9alement d&rsquo;une <strong>solide formation en \u00e9lectricit\u00e9 associ\u00e9e \u00e0 des connaissances techniques en mati\u00e8re de contr\u00f4le de l&rsquo;\u00e9clairage et de gestion des b\u00e2timents<\/strong>, d&rsquo;une exp\u00e9rience en contact avec la client\u00e8le et d&rsquo;une attitude positive.<\/p>\n<p>Une formation compl\u00e8te \u00e0 Casambi est disponible si la candidature est retenue.<br \/>En contrepartie de ce qui pr\u00e9c\u00e8de, un <strong>package comp\u00e9titif<\/strong> est propos\u00e9, comprenant une <strong>camionnette de soci\u00e9t\u00e9 et des heures suppl\u00e9mentaires<\/strong>.<\/p>\n<\/div>\n\t\t\t\t<\/div>\n\t\t\t\t\t\t\t<div class=\"elementor-accordion-item\">\n\t\t\t\t\t<div id=\"elementor-tab-title-1572\" class=\"elementor-tab-title\" data-tab=\"2\" role=\"button\" aria-controls=\"elementor-tab-content-1572\" aria-expanded=\"false\">\n\t\t\t\t\t\t\t\t\t\t\t\t\t<span class=\"elementor-accordion-icon elementor-accordion-icon-left\" aria-hidden=\"true\">\n\t\t\t\t\t\t\t\t\t\t\t\t\t\t\t<span class=\"elementor-accordion-icon-closed\"><i class=\"fas fa-plus\"><\/i><\/span>\n\t\t\t\t\t\t\t\t<span class=\"elementor-accordion-icon-opened\"><i class=\"fas fa-minus\"><\/i><\/span>\n\t\t\t\t\t\t\t\t\t\t\t\t\t\t<\/span>\n\t\t\t\t\t\t\t\t\t\t\t\t<a class=\"elementor-accordion-title\" tabindex=\"0\">AUTRICHE - VENDEUR - AUTRICHE, R\u00c9PUBLIQUE TCH\u00c8QUE ET SLOVAQUIE<\/a>\n\t\t\t\t\t<\/div>\n\t\t\t\t\t<div id=\"elementor-tab-content-1572\" class=\"elementor-tab-content elementor-clearfix\" data-tab=\"2\" role=\"region\" aria-labelledby=\"elementor-tab-title-1572\"><p>Holders Technology est l&rsquo;un des principaux fournisseurs de syst\u00e8mes de contr\u00f4le de l&rsquo;\u00e9clairage Casambi Bluetooth ; notre offre comprend la plus large gamme de produits mat\u00e9riels de l&rsquo;\u00e9cosyst\u00e8me, tous les services n\u00e9cessaires pour soutenir et maintenir avec succ\u00e8s la mise en \u0153uvre des projets, ainsi que l&rsquo;analyse des donn\u00e9es pour soutenir les applications d&rsquo;\u00e9clairage et de b\u00e2timent intelligents.<\/p>\n<p>Nous traversons une p\u00e9riode de croissance passionnante. C&rsquo;est pourquoi nous recherchons un nouveau vendeur, responsable de la r\u00e9gion <strong>Autriche, R\u00e9publique tch\u00e8que et Slovaquie<\/strong>. Nous recherchons une personne capable de nous aider \u00e0 d\u00e9velopper notre activit\u00e9 de sp\u00e9cification et de projet, en <strong>travaillant avec des prescripteurs d&rsquo;\u00e9clairage, des planificateurs et des soci\u00e9t\u00e9s d&rsquo;ing\u00e9nierie du b\u00e2timent, ainsi qu&rsquo;avec des partenaires OEM cl\u00e9s<\/strong>.<\/p>\n<p>Vous avez de l&rsquo;exp\u00e9rience dans le domaine des commandes d&rsquo;\u00e9clairage et de la vente de projets, ainsi que des contacts dans le domaine des sp\u00e9cifications d&rsquo;\u00e9clairage. Holders offre un package comp\u00e9titif, la possibilit\u00e9 de travailler dans un environnement dynamique et au sein d&rsquo;une entreprise en pleine expansion.<\/p>\n<p>Si vous \u00eates int\u00e9ress\u00e9 par ce poste, veuillez envoyer votre CV \u00e0 <a href=\"mailto:austria@holderstechnology.com\">austria@holderstechnology.com<\/a>.<\/p>\n<\/div>\n\t\t\t\t<\/div>\n\t\t\t\t\t\t\t<div class=\"elementor-accordion-item\">\n\t\t\t\t\t<div id=\"elementor-tab-title-1573\" class=\"elementor-tab-title\" data-tab=\"3\" role=\"button\" aria-controls=\"elementor-tab-content-1573\" aria-expanded=\"false\">\n\t\t\t\t\t\t\t\t\t\t\t\t\t<span class=\"elementor-accordion-icon elementor-accordion-icon-left\" aria-hidden=\"true\">\n\t\t\t\t\t\t\t\t\t\t\t\t\t\t\t<span class=\"elementor-accordion-icon-closed\"><i class=\"fas fa-plus\"><\/i><\/span>\n\t\t\t\t\t\t\t\t<span class=\"elementor-accordion-icon-opened\"><i class=\"fas fa-minus\"><\/i><\/span>\n\t\t\t\t\t\t\t\t\t\t\t\t\t\t<\/span>\n\t\t\t\t\t\t\t\t\t\t\t\t<a class=\"elementor-accordion-title\" tabindex=\"0\">ALLEMAGNE - POSTES DE TECHNICO-COMMERCIAUX - D\u00c9TENTEURS DE TECHNOLOGIE ALLEMAGNE<\/a>\n\t\t\t\t\t<\/div>\n\t\t\t\t\t<div id=\"elementor-tab-content-1573\" class=\"elementor-tab-content elementor-clearfix\" data-tab=\"3\" role=\"region\" aria-labelledby=\"elementor-tab-title-1573\"><p>Holders Technology est l&rsquo;un des principaux fournisseurs de commandes d&rsquo;\u00e9clairage Casambi Bluetooth. Holders fournit la plus large gamme de mat\u00e9riel au sein de l&rsquo;\u00e9cosyst\u00e8me Casambi, ainsi que tous les services n\u00e9cessaires \u00e0 la r\u00e9ussite de la gestion, de la mise en service et de la maintenance des projets.<\/p>\n<p>Holders a une approche en trois \u00e9tapes : conception, mat\u00e9riel et services de projet pour le contr\u00f4le de l&rsquo;\u00e9clairage Casambi Bluetooth, gestion des donn\u00e9es d&rsquo;\u00e9clairage, d&rsquo;\u00e9nergie et d&rsquo;occupation via la solution Holders Smart Lighting et enfin gestion des donn\u00e9es provenant de syst\u00e8mes tiers via la solution Holders Smart Building.<\/p>\n<p>Le groupe Holders, dont le si\u00e8ge est au Royaume-Uni, est aujourd&rsquo;hui l&rsquo;un des principaux fournisseurs de solutions et de composants pour des commandes d&rsquo;\u00e9clairage sans fil efficaces et professionnelles en Europe et en Oc\u00e9anie, avec des bureaux au Royaume-Uni, en Allemagne, en Autriche, en Australie et en Nouvelle-Z\u00e9lande.<\/p>\n<p>Nous sommes dans une phase de croissance passionnante. Nous recherchons donc deux nouveaux technico-commerciaux, responsables des r\u00e9gions suivantes &#8211;<\/p>\n<p><strong>Allemagne centrale et m\u00e9ridionale<\/strong><br \/>Pour chaque poste, nous recherchons une personne capable de nous aider \u00e0 <strong>d\u00e9velopper nos activit\u00e9s de sp\u00e9cification et de projet, en coop\u00e9ration avec les concepteurs d&rsquo;\u00e9clairage, les planificateurs et les entreprises de construction, ainsi qu&rsquo;avec les principaux partenaires OEM<\/strong>.<\/p>\n<p>Id\u00e9alement, vous avez de l&rsquo;exp\u00e9rience dans le domaine des <strong>commandes d&rsquo;\u00e9clairage et de la vente de projets, ainsi que des contacts dans la communaut\u00e9 des sp\u00e9cificateurs d&rsquo;\u00e9clairage<\/strong>.<\/p>\n<p>Holders vous offre un package comp\u00e9titif, bas\u00e9 sur votre bureau \u00e0 domicile, avec voiture de soci\u00e9t\u00e9, etc.<\/p>\n<p>Si vous souhaitez vous perfectionner, travailler dans un environnement dynamique et faire partie d&rsquo;une entreprise en pleine expansion, passez \u00e0 l&rsquo;\u00e9tape suivante et posez votre candidature ! Veuillez envoyer vos documents complets indiquant le domaine de vente, avec une date d&rsquo;entr\u00e9e en fonction possible et vos pr\u00e9tentions salariales, par courrier \u00e9lectronique \u00e0 l&rsquo;adresse suivante : <a href=\"mailto:dappolt@holderstechnology.com\">dappolt@holderstechnology.com<\/a>.<\/p>\n<p>N&rsquo;h\u00e9sitez pas \u00e0 nous contacter pour r\u00e9pondre \u00e0 vos questions au 0172 7779397.<\/p>\n<\/div>\n\t\t\t\t<\/div>\n\t\t\t\t\t\t\t\t<\/div>\n\t\t\t\t\t\t<\/div>\n\t\t\t\t<\/div>\n\t\t\t\t\t<\/div>\n\t\t<\/div>\n\t\t\t\t\t<\/div>\n\t\t<\/section>\n\t\t\t\t<\/div>\n\t\t","protected":false},"excerpt":{"rendered":"<p>Carri\u00e8res En tant que l&rsquo;un des principaux fournisseurs de solutions d&rsquo;\u00e9clairage intelligentes et de commandes d&rsquo;\u00e9clairage sans fil, Holders Technology [&hellip;]<\/p>\n","protected":false},"author":9,"featured_media":0,"parent":0,"menu_order":0,"comment_status":"closed","ping_status":"closed","template":"","meta":{"_acf_changed":false,"inline_featured_image":false,"site-sidebar-layout":"default","site-content-layout":"","ast-site-content-layout":"default","site-content-style":"default","site-sidebar-style":"default","ast-global-header-display":"","ast-banner-title-visibility":"","ast-main-header-display":"","ast-hfb-above-header-display":"","ast-hfb-below-header-display":"","ast-hfb-mobile-header-display":"","site-post-title":"","ast-breadcrumbs-content":"","ast-featured-img":"","footer-sml-layout":"","ast-disable-related-posts":"","theme-transparent-header-meta":"","adv-header-id-meta":"","stick-header-meta":"","header-above-stick-meta":"","header-main-stick-meta":"","header-below-stick-meta":"","astra-migrate-meta-layouts":"default","ast-page-background-enabled":"default","ast-page-background-meta":{"desktop":{"background-color":"var(--ast-global-color-5)","background-image":"","background-repeat":"repeat","background-position":"center center","background-size":"auto","background-attachment":"scroll","background-type":"","background-media":"","overlay-type":"","overlay-color":"","overlay-opacity":"","overlay-gradient":""},"tablet":{"background-color":"","background-image":"","background-repeat":"repeat","background-position":"center center","background-size":"auto","background-attachment":"scroll","background-type":"","background-media":"","overlay-type":"","overlay-color":"","overlay-opacity":"","overlay-gradient":""},"mobile":{"background-color":"","background-image":"","background-repeat":"repeat","background-position":"center center","background-size":"auto","background-attachment":"scroll","background-type":"","background-media":"","overlay-type":"","overlay-color":"","overlay-opacity":"","overlay-gradient":""}},"ast-content-background-meta":{"desktop":{"background-color":"var(--ast-global-color-4)","background-image":"","background-repeat":"repeat","background-position":"center center","background-size":"auto","background-attachment":"scroll","background-type":"","background-media":"","overlay-type":"","overlay-color":"","overlay-opacity":"","overlay-gradient":""},"tablet":{"background-color":"var(--ast-global-color-4)","background-image":"","background-repeat":"repeat","background-position":"center center","background-size":"auto","background-attachment":"scroll","background-type":"","background-media":"","overlay-type":"","overlay-color":"","overlay-opacity":"","overlay-gradient":""},"mobile":{"background-color":"var(--ast-global-color-4)","background-image":"","background-repeat":"repeat","background-position":"center center","background-size":"auto","background-attachment":"scroll","background-type":"","background-media":"","overlay-type":"","overlay-color":"","overlay-opacity":"","overlay-gradient":""}},"footnotes":""},"class_list":["post-7417","page","type-page","status-publish","hentry"],"acf":[],"yoast_head":"<!-- This site is optimized with the Yoast SEO plugin v27.3 - https:\/\/yoast.com\/product\/yoast-seo-wordpress\/ -->\n<title>Carri\u00e8re | Holders Wireless Lighting Control<\/title>\n<meta name=\"robots\" content=\"index, follow, max-snippet:-1, max-image-preview:large, max-video-preview:-1\" \/>\n<link rel=\"canonical\" href=\"https:\/\/holderstechnology.com\/wireless-lighting-control\/fr\/carriere\/\" \/>\n<meta property=\"og:locale\" content=\"fr_FR\" \/>\n<meta property=\"og:type\" content=\"article\" \/>\n<meta property=\"og:title\" content=\"Carri\u00e8re | Holders Wireless Lighting Control\" \/>\n<meta property=\"og:description\" content=\"Carri\u00e8res En tant que l&rsquo;un des principaux fournisseurs de solutions d&rsquo;\u00e9clairage intelligentes et de commandes d&rsquo;\u00e9clairage sans fil, Holders Technology [&hellip;]\" \/>\n<meta property=\"og:url\" content=\"https:\/\/holderstechnology.com\/wireless-lighting-control\/fr\/carriere\/\" \/>\n<meta property=\"og:site_name\" content=\"Holders Wireless Lighting Control\" \/>\n<meta property=\"article:modified_time\" content=\"2023-06-16T11:42:20+00:00\" \/>\n<meta name=\"twitter:card\" content=\"summary_large_image\" \/>\n<meta name=\"twitter:label1\" content=\"Dur\u00e9e de lecture estim\u00e9e\" \/>\n\t<meta name=\"twitter:data1\" content=\"5 minutes\" \/>\n<script type=\"application\/ld+json\" class=\"yoast-schema-graph\">{\"@context\":\"https:\\\/\\\/schema.org\",\"@graph\":[{\"@type\":\"WebPage\",\"@id\":\"https:\\\/\\\/holderstechnology.com\\\/wireless-lighting-control\\\/fr\\\/carriere\\\/\",\"url\":\"https:\\\/\\\/holderstechnology.com\\\/wireless-lighting-control\\\/fr\\\/carriere\\\/\",\"name\":\"Carri\u00e8re | Holders Wireless Lighting Control\",\"isPartOf\":{\"@id\":\"https:\\\/\\\/holderstechnology.com\\\/wireless-lighting-control\\\/#website\"},\"datePublished\":\"2023-06-16T11:42:19+00:00\",\"dateModified\":\"2023-06-16T11:42:20+00:00\",\"breadcrumb\":{\"@id\":\"https:\\\/\\\/holderstechnology.com\\\/wireless-lighting-control\\\/fr\\\/carriere\\\/#breadcrumb\"},\"inLanguage\":\"fr-FR\",\"potentialAction\":[{\"@type\":\"ReadAction\",\"target\":[\"https:\\\/\\\/holderstechnology.com\\\/wireless-lighting-control\\\/fr\\\/carriere\\\/\"]}]},{\"@type\":\"BreadcrumbList\",\"@id\":\"https:\\\/\\\/holderstechnology.com\\\/wireless-lighting-control\\\/fr\\\/carriere\\\/#breadcrumb\",\"itemListElement\":[{\"@type\":\"ListItem\",\"position\":1,\"name\":\"&#8962;\",\"item\":\"https:\\\/\\\/holderstechnology.com\\\/wireless-lighting-control\\\/\"},{\"@type\":\"ListItem\",\"position\":2,\"name\":\"Carri\u00e8re\"}]},{\"@type\":\"WebSite\",\"@id\":\"https:\\\/\\\/holderstechnology.com\\\/wireless-lighting-control\\\/#website\",\"url\":\"https:\\\/\\\/holderstechnology.com\\\/wireless-lighting-control\\\/\",\"name\":\"Holders Wireless Lighting Control\",\"description\":\"\",\"publisher\":{\"@id\":\"https:\\\/\\\/holderstechnology.com\\\/wireless-lighting-control\\\/#organization\"},\"potentialAction\":[{\"@type\":\"SearchAction\",\"target\":{\"@type\":\"EntryPoint\",\"urlTemplate\":\"https:\\\/\\\/holderstechnology.com\\\/wireless-lighting-control\\\/?s={search_term_string}\"},\"query-input\":{\"@type\":\"PropertyValueSpecification\",\"valueRequired\":true,\"valueName\":\"search_term_string\"}}],\"inLanguage\":\"fr-FR\"},{\"@type\":\"Organization\",\"@id\":\"https:\\\/\\\/holderstechnology.com\\\/wireless-lighting-control\\\/#organization\",\"name\":\"Holders Technology Group\",\"url\":\"https:\\\/\\\/holderstechnology.com\\\/wireless-lighting-control\\\/\",\"logo\":{\"@type\":\"ImageObject\",\"inLanguage\":\"fr-FR\",\"@id\":\"https:\\\/\\\/holderstechnology.com\\\/wireless-lighting-control\\\/#\\\/schema\\\/logo\\\/image\\\/\",\"url\":\"https:\\\/\\\/holderstechnology.com\\\/wireless-lighting-control\\\/wp-content\\\/uploads\\\/sites\\\/3\\\/2024\\\/01\\\/logo_holders-technology.svg\",\"contentUrl\":\"https:\\\/\\\/holderstechnology.com\\\/wireless-lighting-control\\\/wp-content\\\/uploads\\\/sites\\\/3\\\/2024\\\/01\\\/logo_holders-technology.svg\",\"width\":556,\"height\":66,\"caption\":\"Holders Technology Group\"},\"image\":{\"@id\":\"https:\\\/\\\/holderstechnology.com\\\/wireless-lighting-control\\\/#\\\/schema\\\/logo\\\/image\\\/\"}}]}<\/script>\n<!-- \/ Yoast SEO plugin. -->","yoast_head_json":{"title":"Carri\u00e8re | Holders Wireless Lighting Control","robots":{"index":"index","follow":"follow","max-snippet":"max-snippet:-1","max-image-preview":"max-image-preview:large","max-video-preview":"max-video-preview:-1"},"canonical":"https:\/\/holderstechnology.com\/wireless-lighting-control\/fr\/carriere\/","og_locale":"fr_FR","og_type":"article","og_title":"Carri\u00e8re | Holders Wireless Lighting Control","og_description":"Carri\u00e8res En tant que l&rsquo;un des principaux fournisseurs de solutions d&rsquo;\u00e9clairage intelligentes et de commandes d&rsquo;\u00e9clairage sans fil, Holders Technology [&hellip;]","og_url":"https:\/\/holderstechnology.com\/wireless-lighting-control\/fr\/carriere\/","og_site_name":"Holders Wireless Lighting Control","article_modified_time":"2023-06-16T11:42:20+00:00","twitter_card":"summary_large_image","twitter_misc":{"Dur\u00e9e de lecture estim\u00e9e":"5 minutes"},"schema":{"@context":"https:\/\/schema.org","@graph":[{"@type":"WebPage","@id":"https:\/\/holderstechnology.com\/wireless-lighting-control\/fr\/carriere\/","url":"https:\/\/holderstechnology.com\/wireless-lighting-control\/fr\/carriere\/","name":"Carri\u00e8re | Holders Wireless Lighting Control","isPartOf":{"@id":"https:\/\/holderstechnology.com\/wireless-lighting-control\/#website"},"datePublished":"2023-06-16T11:42:19+00:00","dateModified":"2023-06-16T11:42:20+00:00","breadcrumb":{"@id":"https:\/\/holderstechnology.com\/wireless-lighting-control\/fr\/carriere\/#breadcrumb"},"inLanguage":"fr-FR","potentialAction":[{"@type":"ReadAction","target":["https:\/\/holderstechnology.com\/wireless-lighting-control\/fr\/carriere\/"]}]},{"@type":"BreadcrumbList","@id":"https:\/\/holderstechnology.com\/wireless-lighting-control\/fr\/carriere\/#breadcrumb","itemListElement":[{"@type":"ListItem","position":1,"name":"&#8962;","item":"https:\/\/holderstechnology.com\/wireless-lighting-control\/"},{"@type":"ListItem","position":2,"name":"Carri\u00e8re"}]},{"@type":"WebSite","@id":"https:\/\/holderstechnology.com\/wireless-lighting-control\/#website","url":"https:\/\/holderstechnology.com\/wireless-lighting-control\/","name":"Holders Wireless Lighting Control","description":"","publisher":{"@id":"https:\/\/holderstechnology.com\/wireless-lighting-control\/#organization"},"potentialAction":[{"@type":"SearchAction","target":{"@type":"EntryPoint","urlTemplate":"https:\/\/holderstechnology.com\/wireless-lighting-control\/?s={search_term_string}"},"query-input":{"@type":"PropertyValueSpecification","valueRequired":true,"valueName":"search_term_string"}}],"inLanguage":"fr-FR"},{"@type":"Organization","@id":"https:\/\/holderstechnology.com\/wireless-lighting-control\/#organization","name":"Holders Technology Group","url":"https:\/\/holderstechnology.com\/wireless-lighting-control\/","logo":{"@type":"ImageObject","inLanguage":"fr-FR","@id":"https:\/\/holderstechnology.com\/wireless-lighting-control\/#\/schema\/logo\/image\/","url":"https:\/\/holderstechnology.com\/wireless-lighting-control\/wp-content\/uploads\/sites\/3\/2024\/01\/logo_holders-technology.svg","contentUrl":"https:\/\/holderstechnology.com\/wireless-lighting-control\/wp-content\/uploads\/sites\/3\/2024\/01\/logo_holders-technology.svg","width":556,"height":66,"caption":"Holders Technology Group"},"image":{"@id":"https:\/\/holderstechnology.com\/wireless-lighting-control\/#\/schema\/logo\/image\/"}}]}},"_links":{"self":[{"href":"https:\/\/holderstechnology.com\/wireless-lighting-control\/fr\/wp-json\/wp\/v2\/pages\/7417","targetHints":{"allow":["GET"]}}],"collection":[{"href":"https:\/\/holderstechnology.com\/wireless-lighting-control\/fr\/wp-json\/wp\/v2\/pages"}],"about":[{"href":"https:\/\/holderstechnology.com\/wireless-lighting-control\/fr\/wp-json\/wp\/v2\/types\/page"}],"author":[{"embeddable":true,"href":"https:\/\/holderstechnology.com\/wireless-lighting-control\/fr\/wp-json\/wp\/v2\/users\/9"}],"replies":[{"embeddable":true,"href":"https:\/\/holderstechnology.com\/wireless-lighting-control\/fr\/wp-json\/wp\/v2\/comments?post=7417"}],"version-history":[{"count":1,"href":"https:\/\/holderstechnology.com\/wireless-lighting-control\/fr\/wp-json\/wp\/v2\/pages\/7417\/revisions"}],"predecessor-version":[{"id":7418,"href":"https:\/\/holderstechnology.com\/wireless-lighting-control\/fr\/wp-json\/wp\/v2\/pages\/7417\/revisions\/7418"}],"wp:attachment":[{"href":"https:\/\/holderstechnology.com\/wireless-lighting-control\/fr\/wp-json\/wp\/v2\/media?parent=7417"}],"curies":[{"name":"wp","href":"https:\/\/api.w.org\/{rel}","templated":true}]}}