{"id":15581,"date":"2026-02-10T10:56:00","date_gmt":"2026-02-10T10:56:00","guid":{"rendered":"https:\/\/holderstechnology.com\/wireless-lighting-control\/product\/capteur-actif-srd2pb\/"},"modified":"2026-02-13T05:54:32","modified_gmt":"2026-02-13T05:54:32","slug":"capteur-actif-srd2pb","status":"publish","type":"product","link":"https:\/\/holderstechnology.com\/wireless-lighting-control\/fr\/produit\/capteur-actif-srd2pb\/","title":{"rendered":"Capteur actif SRD2PB"},"content":{"rendered":"<p class=\" elementToProof\">Capteur PIR Casambi actif encastr\u00e9 avec sortie DALI et relais et deux entr\u00e9es pour boutons-poussoirs. Un produit multifonctionnel con\u00e7u pour r\u00e9pondre \u00e0 tous les besoins de contr\u00f4le de l&rsquo;\u00e9clairage d&rsquo;une pi\u00e8ce et en m\u00eame temps faire partie d&rsquo;un syst\u00e8me Casambi \u00e0 l&rsquo;\u00e9chelle de la propri\u00e9t\u00e9. Le capteur offre une d\u00e9tection de 14m \u2300 \u00e0 une hauteur de montage de 2,8m.  <\/p>\n<p>Le capteur est livr\u00e9 pr\u00e9configur\u00e9 avec les param\u00e8tres d&rsquo;usine, ce qui lui permet de fonctionner d\u00e8s la mise sous tension &#8211; aucune configuration n&rsquo;est n\u00e9cessaire.<br \/>\nCes param\u00e8tres sont conserv\u00e9s m\u00eame lorsque le capteur est appari\u00e9 au sein d&rsquo;un r\u00e9seau Casambi.<br \/>\nLa personnalisation des fonctions se fait facilement via l&rsquo;application Casambi.<\/p>\n<p class=\"elementToProof\">Le capteur est id\u00e9al pour une utilisation dans une pi\u00e8ce o\u00f9 le capteur DALI fait varier l&rsquo;intensit\u00e9 des luminaires au plafond (jusqu&rsquo;\u00e0 20 pilotes DALI) et la sortie relais pour, par exemple, l&rsquo;\u00e9clairage d&rsquo;ambiance ou le tableau blanc. Gr\u00e2ce \u00e0 un capteur de pr\u00e9sence et de lumi\u00e8re, l&rsquo;\u00e9clairage \u00e9conome en \u00e9nergie est assur\u00e9 quel que soit le temps et ne s&rsquo;allume que lorsque quelqu&rsquo;un se trouve dans la pi\u00e8ce. Vous pouvez \u00e9galement passer au profil TW et obtenir une lumi\u00e8re circadienne qui suit \u00e9galement le lever et le coucher du soleil. Le profil de groupe vous permet de regrouper les pilotes DALI en 4 groupes maximum.   <\/p>\n<p class=\"elementToProof\">Le capteur peut \u00eatre mont\u00e9 en surface avec le S20BOX qui est vendu s\u00e9par\u00e9ment.<\/p>\n","protected":false},"excerpt":{"rendered":"<p>Le capteur est id\u00e9al pour une utilisation dans une pi\u00e8ce o\u00f9 le capteur DALI fait varier l&rsquo;intensit\u00e9 des luminaires au plafond (jusqu&rsquo;\u00e0 20 pilotes DALI) et la sortie relais pour, par exemple, l&rsquo;\u00e9clairage d&rsquo;ambiance ou le tableau blanc. Gr\u00e2ce \u00e0 un capteur de pr\u00e9sence et de lumi\u00e8re, l&rsquo;\u00e9clairage \u00e9conome en \u00e9nergie est assur\u00e9 quel que soit le temps et ne s&rsquo;allume que lorsque quelqu&rsquo;un se trouve dans la pi\u00e8ce. Vous pouvez \u00e9galement passer au profil TW et obtenir une lumi\u00e8re circadienne qui suit \u00e9galement le lever et le coucher du soleil. Le profil de groupe vous permet de regrouper les pilotes DALI en 4 groupes maximum.   <\/p>\n","protected":false},"featured_media":15325,"template":"","meta":{"_acf_changed":false,"inline_featured_image":false,"site-sidebar-layout":"default","site-content-layout":"","ast-site-content-layout":"default","site-content-style":"default","site-sidebar-style":"default","ast-global-header-display":"","ast-banner-title-visibility":"","ast-main-header-display":"","ast-hfb-above-header-display":"","ast-hfb-below-header-display":"","ast-hfb-mobile-header-display":"","site-post-title":"","ast-breadcrumbs-content":"","ast-featured-img":"","footer-sml-layout":"","ast-disable-related-posts":"","theme-transparent-header-meta":"default","adv-header-id-meta":"","stick-header-meta":"","header-above-stick-meta":"","header-main-stick-meta":"","header-below-stick-meta":"","astra-migrate-meta-layouts":"default","ast-page-background-enabled":"default","ast-page-background-meta":{"desktop":{"background-color":"var(--ast-global-color-5)","background-image":"","background-repeat":"repeat","background-position":"center center","background-size":"auto","background-attachment":"scroll","background-type":"","background-media":"","overlay-type":"","overlay-color":"","overlay-opacity":"","overlay-gradient":""},"tablet":{"background-color":"","background-image":"","background-repeat":"repeat","background-position":"center center","background-size":"auto","background-attachment":"scroll","background-type":"","background-media":"","overlay-type":"","overlay-color":"","overlay-opacity":"","overlay-gradient":""},"mobile":{"background-color":"","background-image":"","background-repeat":"repeat","background-position":"center center","background-size":"auto","background-attachment":"scroll","background-type":"","background-media":"","overlay-type":"","overlay-color":"","overlay-opacity":"","overlay-gradient":""}},"ast-content-background-meta":{"desktop":{"background-color":"var(--ast-global-color-4)","background-image":"","background-repeat":"repeat","background-position":"center center","background-size":"auto","background-attachment":"scroll","background-type":"","background-media":"","overlay-type":"","overlay-color":"","overlay-opacity":"","overlay-gradient":""},"tablet":{"background-color":"var(--ast-global-color-4)","background-image":"","background-repeat":"repeat","background-position":"center center","background-size":"auto","background-attachment":"scroll","background-type":"","background-media":"","overlay-type":"","overlay-color":"","overlay-opacity":"","overlay-gradient":""},"mobile":{"background-color":"var(--ast-global-color-4)","background-image":"","background-repeat":"repeat","background-position":"center center","background-size":"auto","background-attachment":"scroll","background-type":"","background-media":"","overlay-type":"","overlay-color":"","overlay-opacity":"","overlay-gradient":""}}},"product_brand":[528],"product_cat":[327],"product_tag":[],"berocket_brand":[],"class_list":{"0":"post-15581","1":"product","2":"type-product","3":"status-publish","4":"has-post-thumbnail","6":"product_brand-aimotion","7":"product_cat-capteurs","8":"desktop-align-left","9":"tablet-align-left","10":"mobile-align-left","12":"first","13":"instock","14":"shipping-taxable","15":"product-type-simple"},"acf":[],"yoast_head":"<!-- This site is optimized with the Yoast SEO plugin v27.5 - https:\/\/yoast.com\/product\/yoast-seo-wordpress\/ -->\n<title>AIMOTION Capteur pour \u00e9clairage sur rail SRD2PB| Supports Technologie<\/title>\n<meta name=\"description\" content=\"Capteur AIMOTION pour \u00e9clairage sur rail - Mouvement et luminosit\u00e9 intelligents pour les syst\u00e8mes de rails sans fil triphas\u00e9s, fournis par les experts en \u00e9clairage sans fil de Holders.\" \/>\n<meta name=\"robots\" content=\"index, follow, max-snippet:-1, max-image-preview:large, max-video-preview:-1\" \/>\n<link rel=\"canonical\" href=\"https:\/\/holderstechnology.com\/wireless-lighting-control\/fr\/produit\/capteur-actif-srd2pb\/\" \/>\n<meta property=\"og:locale\" content=\"fr_FR\" \/>\n<meta property=\"og:type\" content=\"article\" \/>\n<meta property=\"og:title\" content=\"AIMOTION Capteur pour \u00e9clairage sur rail SRD2PB| Supports Technologie\" \/>\n<meta property=\"og:description\" content=\"Capteur AIMOTION pour \u00e9clairage sur rail - Mouvement et luminosit\u00e9 intelligents pour les syst\u00e8mes de rails sans fil triphas\u00e9s, fournis par les experts en \u00e9clairage sans fil de Holders.\" \/>\n<meta property=\"og:url\" content=\"https:\/\/holderstechnology.com\/wireless-lighting-control\/fr\/produit\/capteur-actif-srd2pb\/\" \/>\n<meta property=\"og:site_name\" content=\"Holders Wireless Lighting Control\" \/>\n<meta property=\"article:modified_time\" content=\"2026-02-13T05:54:32+00:00\" \/>\n<meta property=\"og:image\" content=\"https:\/\/holderstechnology.com\/wireless-lighting-control\/wp-content\/uploads\/sites\/3\/2025\/09\/Sensor-SRD2PB.png\" \/>\n\t<meta property=\"og:image:width\" content=\"800\" \/>\n\t<meta property=\"og:image:height\" content=\"800\" \/>\n\t<meta property=\"og:image:type\" content=\"image\/png\" \/>\n<meta name=\"twitter:card\" content=\"summary_large_image\" \/>\n<meta name=\"twitter:label1\" content=\"Dur\u00e9e de lecture estim\u00e9e\" \/>\n\t<meta name=\"twitter:data1\" content=\"1 minute\" \/>\n<script type=\"application\/ld+json\" class=\"yoast-schema-graph\">{\"@context\":\"https:\\\/\\\/schema.org\",\"@graph\":[{\"@type\":\"WebPage\",\"@id\":\"https:\\\/\\\/holderstechnology.com\\\/wireless-lighting-control\\\/fr\\\/produit\\\/capteur-actif-srd2pb\\\/\",\"url\":\"https:\\\/\\\/holderstechnology.com\\\/wireless-lighting-control\\\/fr\\\/produit\\\/capteur-actif-srd2pb\\\/\",\"name\":\"AIMOTION Capteur pour \u00e9clairage sur rail SRD2PB| Supports Technologie\",\"isPartOf\":{\"@id\":\"https:\\\/\\\/holderstechnology.com\\\/wireless-lighting-control\\\/#website\"},\"primaryImageOfPage\":{\"@id\":\"https:\\\/\\\/holderstechnology.com\\\/wireless-lighting-control\\\/fr\\\/produit\\\/capteur-actif-srd2pb\\\/#primaryimage\"},\"image\":{\"@id\":\"https:\\\/\\\/holderstechnology.com\\\/wireless-lighting-control\\\/fr\\\/produit\\\/capteur-actif-srd2pb\\\/#primaryimage\"},\"thumbnailUrl\":\"https:\\\/\\\/holderstechnology.com\\\/wireless-lighting-control\\\/wp-content\\\/uploads\\\/sites\\\/3\\\/2025\\\/09\\\/Sensor-SRD2PB.png\",\"datePublished\":\"2026-02-10T10:56:00+00:00\",\"dateModified\":\"2026-02-13T05:54:32+00:00\",\"description\":\"Capteur AIMOTION pour \u00e9clairage sur rail - Mouvement et luminosit\u00e9 intelligents pour les syst\u00e8mes de rails sans fil triphas\u00e9s, fournis par les experts en \u00e9clairage sans fil de Holders.\",\"breadcrumb\":{\"@id\":\"https:\\\/\\\/holderstechnology.com\\\/wireless-lighting-control\\\/fr\\\/produit\\\/capteur-actif-srd2pb\\\/#breadcrumb\"},\"inLanguage\":\"fr-FR\",\"potentialAction\":[{\"@type\":\"ReadAction\",\"target\":[\"https:\\\/\\\/holderstechnology.com\\\/wireless-lighting-control\\\/fr\\\/produit\\\/capteur-actif-srd2pb\\\/\"]}]},{\"@type\":\"ImageObject\",\"inLanguage\":\"fr-FR\",\"@id\":\"https:\\\/\\\/holderstechnology.com\\\/wireless-lighting-control\\\/fr\\\/produit\\\/capteur-actif-srd2pb\\\/#primaryimage\",\"url\":\"https:\\\/\\\/holderstechnology.com\\\/wireless-lighting-control\\\/wp-content\\\/uploads\\\/sites\\\/3\\\/2025\\\/09\\\/Sensor-SRD2PB.png\",\"contentUrl\":\"https:\\\/\\\/holderstechnology.com\\\/wireless-lighting-control\\\/wp-content\\\/uploads\\\/sites\\\/3\\\/2025\\\/09\\\/Sensor-SRD2PB.png\",\"width\":800,\"height\":800},{\"@type\":\"BreadcrumbList\",\"@id\":\"https:\\\/\\\/holderstechnology.com\\\/wireless-lighting-control\\\/fr\\\/produit\\\/capteur-actif-srd2pb\\\/#breadcrumb\",\"itemListElement\":[{\"@type\":\"ListItem\",\"position\":1,\"name\":\"&#8962;\",\"item\":\"https:\\\/\\\/holderstechnology.com\\\/wireless-lighting-control\\\/\"},{\"@type\":\"ListItem\",\"position\":2,\"name\":\"Products\",\"item\":\"https:\\\/\\\/holderstechnology.com\\\/wireless-lighting-control\\\/products\\\/\"},{\"@type\":\"ListItem\",\"position\":3,\"name\":\"Capteur actif SRD2PB\"}]},{\"@type\":\"WebSite\",\"@id\":\"https:\\\/\\\/holderstechnology.com\\\/wireless-lighting-control\\\/#website\",\"url\":\"https:\\\/\\\/holderstechnology.com\\\/wireless-lighting-control\\\/\",\"name\":\"Holders Wireless Lighting Control\",\"description\":\"\",\"publisher\":{\"@id\":\"https:\\\/\\\/holderstechnology.com\\\/wireless-lighting-control\\\/#organization\"},\"potentialAction\":[{\"@type\":\"SearchAction\",\"target\":{\"@type\":\"EntryPoint\",\"urlTemplate\":\"https:\\\/\\\/holderstechnology.com\\\/wireless-lighting-control\\\/?s={search_term_string}\"},\"query-input\":{\"@type\":\"PropertyValueSpecification\",\"valueRequired\":true,\"valueName\":\"search_term_string\"}}],\"inLanguage\":\"fr-FR\"},{\"@type\":\"Organization\",\"@id\":\"https:\\\/\\\/holderstechnology.com\\\/wireless-lighting-control\\\/#organization\",\"name\":\"Holders Technology Group\",\"url\":\"https:\\\/\\\/holderstechnology.com\\\/wireless-lighting-control\\\/\",\"logo\":{\"@type\":\"ImageObject\",\"inLanguage\":\"fr-FR\",\"@id\":\"https:\\\/\\\/holderstechnology.com\\\/wireless-lighting-control\\\/#\\\/schema\\\/logo\\\/image\\\/\",\"url\":\"https:\\\/\\\/holderstechnology.com\\\/wireless-lighting-control\\\/wp-content\\\/uploads\\\/sites\\\/3\\\/2024\\\/01\\\/logo_holders-technology.svg\",\"contentUrl\":\"https:\\\/\\\/holderstechnology.com\\\/wireless-lighting-control\\\/wp-content\\\/uploads\\\/sites\\\/3\\\/2024\\\/01\\\/logo_holders-technology.svg\",\"width\":556,\"height\":66,\"caption\":\"Holders Technology Group\"},\"image\":{\"@id\":\"https:\\\/\\\/holderstechnology.com\\\/wireless-lighting-control\\\/#\\\/schema\\\/logo\\\/image\\\/\"}}]}<\/script>\n<!-- \/ Yoast SEO plugin. -->","yoast_head_json":{"title":"AIMOTION Capteur pour \u00e9clairage sur rail SRD2PB| Supports Technologie","description":"Capteur AIMOTION pour \u00e9clairage sur rail - Mouvement et luminosit\u00e9 intelligents pour les syst\u00e8mes de rails sans fil triphas\u00e9s, fournis par les experts en \u00e9clairage sans fil de Holders.","robots":{"index":"index","follow":"follow","max-snippet":"max-snippet:-1","max-image-preview":"max-image-preview:large","max-video-preview":"max-video-preview:-1"},"canonical":"https:\/\/holderstechnology.com\/wireless-lighting-control\/fr\/produit\/capteur-actif-srd2pb\/","og_locale":"fr_FR","og_type":"article","og_title":"AIMOTION Capteur pour \u00e9clairage sur rail SRD2PB| Supports Technologie","og_description":"Capteur AIMOTION pour \u00e9clairage sur rail - Mouvement et luminosit\u00e9 intelligents pour les syst\u00e8mes de rails sans fil triphas\u00e9s, fournis par les experts en \u00e9clairage sans fil de Holders.","og_url":"https:\/\/holderstechnology.com\/wireless-lighting-control\/fr\/produit\/capteur-actif-srd2pb\/","og_site_name":"Holders Wireless Lighting Control","article_modified_time":"2026-02-13T05:54:32+00:00","og_image":[{"width":800,"height":800,"url":"https:\/\/holderstechnology.com\/wireless-lighting-control\/wp-content\/uploads\/sites\/3\/2025\/09\/Sensor-SRD2PB.png","type":"image\/png"}],"twitter_card":"summary_large_image","twitter_misc":{"Dur\u00e9e de lecture estim\u00e9e":"1 minute"},"schema":{"@context":"https:\/\/schema.org","@graph":[{"@type":"WebPage","@id":"https:\/\/holderstechnology.com\/wireless-lighting-control\/fr\/produit\/capteur-actif-srd2pb\/","url":"https:\/\/holderstechnology.com\/wireless-lighting-control\/fr\/produit\/capteur-actif-srd2pb\/","name":"AIMOTION Capteur pour \u00e9clairage sur rail SRD2PB| Supports Technologie","isPartOf":{"@id":"https:\/\/holderstechnology.com\/wireless-lighting-control\/#website"},"primaryImageOfPage":{"@id":"https:\/\/holderstechnology.com\/wireless-lighting-control\/fr\/produit\/capteur-actif-srd2pb\/#primaryimage"},"image":{"@id":"https:\/\/holderstechnology.com\/wireless-lighting-control\/fr\/produit\/capteur-actif-srd2pb\/#primaryimage"},"thumbnailUrl":"https:\/\/holderstechnology.com\/wireless-lighting-control\/wp-content\/uploads\/sites\/3\/2025\/09\/Sensor-SRD2PB.png","datePublished":"2026-02-10T10:56:00+00:00","dateModified":"2026-02-13T05:54:32+00:00","description":"Capteur AIMOTION pour \u00e9clairage sur rail - Mouvement et luminosit\u00e9 intelligents pour les syst\u00e8mes de rails sans fil triphas\u00e9s, fournis par les experts en \u00e9clairage sans fil de Holders.","breadcrumb":{"@id":"https:\/\/holderstechnology.com\/wireless-lighting-control\/fr\/produit\/capteur-actif-srd2pb\/#breadcrumb"},"inLanguage":"fr-FR","potentialAction":[{"@type":"ReadAction","target":["https:\/\/holderstechnology.com\/wireless-lighting-control\/fr\/produit\/capteur-actif-srd2pb\/"]}]},{"@type":"ImageObject","inLanguage":"fr-FR","@id":"https:\/\/holderstechnology.com\/wireless-lighting-control\/fr\/produit\/capteur-actif-srd2pb\/#primaryimage","url":"https:\/\/holderstechnology.com\/wireless-lighting-control\/wp-content\/uploads\/sites\/3\/2025\/09\/Sensor-SRD2PB.png","contentUrl":"https:\/\/holderstechnology.com\/wireless-lighting-control\/wp-content\/uploads\/sites\/3\/2025\/09\/Sensor-SRD2PB.png","width":800,"height":800},{"@type":"BreadcrumbList","@id":"https:\/\/holderstechnology.com\/wireless-lighting-control\/fr\/produit\/capteur-actif-srd2pb\/#breadcrumb","itemListElement":[{"@type":"ListItem","position":1,"name":"&#8962;","item":"https:\/\/holderstechnology.com\/wireless-lighting-control\/"},{"@type":"ListItem","position":2,"name":"Products","item":"https:\/\/holderstechnology.com\/wireless-lighting-control\/products\/"},{"@type":"ListItem","position":3,"name":"Capteur actif SRD2PB"}]},{"@type":"WebSite","@id":"https:\/\/holderstechnology.com\/wireless-lighting-control\/#website","url":"https:\/\/holderstechnology.com\/wireless-lighting-control\/","name":"Holders Wireless Lighting Control","description":"","publisher":{"@id":"https:\/\/holderstechnology.com\/wireless-lighting-control\/#organization"},"potentialAction":[{"@type":"SearchAction","target":{"@type":"EntryPoint","urlTemplate":"https:\/\/holderstechnology.com\/wireless-lighting-control\/?s={search_term_string}"},"query-input":{"@type":"PropertyValueSpecification","valueRequired":true,"valueName":"search_term_string"}}],"inLanguage":"fr-FR"},{"@type":"Organization","@id":"https:\/\/holderstechnology.com\/wireless-lighting-control\/#organization","name":"Holders Technology Group","url":"https:\/\/holderstechnology.com\/wireless-lighting-control\/","logo":{"@type":"ImageObject","inLanguage":"fr-FR","@id":"https:\/\/holderstechnology.com\/wireless-lighting-control\/#\/schema\/logo\/image\/","url":"https:\/\/holderstechnology.com\/wireless-lighting-control\/wp-content\/uploads\/sites\/3\/2024\/01\/logo_holders-technology.svg","contentUrl":"https:\/\/holderstechnology.com\/wireless-lighting-control\/wp-content\/uploads\/sites\/3\/2024\/01\/logo_holders-technology.svg","width":556,"height":66,"caption":"Holders Technology Group"},"image":{"@id":"https:\/\/holderstechnology.com\/wireless-lighting-control\/#\/schema\/logo\/image\/"}}]}},"_links":{"self":[{"href":"https:\/\/holderstechnology.com\/wireless-lighting-control\/fr\/wp-json\/wp\/v2\/product\/15581","targetHints":{"allow":["GET"]}}],"collection":[{"href":"https:\/\/holderstechnology.com\/wireless-lighting-control\/fr\/wp-json\/wp\/v2\/product"}],"about":[{"href":"https:\/\/holderstechnology.com\/wireless-lighting-control\/fr\/wp-json\/wp\/v2\/types\/product"}],"wp:featuredmedia":[{"embeddable":true,"href":"https:\/\/holderstechnology.com\/wireless-lighting-control\/fr\/wp-json\/wp\/v2\/media\/15325"}],"wp:attachment":[{"href":"https:\/\/holderstechnology.com\/wireless-lighting-control\/fr\/wp-json\/wp\/v2\/media?parent=15581"}],"wp:term":[{"taxonomy":"product_brand","embeddable":true,"href":"https:\/\/holderstechnology.com\/wireless-lighting-control\/fr\/wp-json\/wp\/v2\/product_brand?post=15581"},{"taxonomy":"product_cat","embeddable":true,"href":"https:\/\/holderstechnology.com\/wireless-lighting-control\/fr\/wp-json\/wp\/v2\/product_cat?post=15581"},{"taxonomy":"product_tag","embeddable":true,"href":"https:\/\/holderstechnology.com\/wireless-lighting-control\/fr\/wp-json\/wp\/v2\/product_tag?post=15581"},{"taxonomy":"berocket_brand","embeddable":true,"href":"https:\/\/holderstechnology.com\/wireless-lighting-control\/fr\/wp-json\/wp\/v2\/berocket_brand?post=15581"}],"curies":[{"name":"wp","href":"https:\/\/api.w.org\/{rel}","templated":true}]}}