{"id":15590,"date":"2026-02-26T03:11:06","date_gmt":"2026-02-26T03:11:06","guid":{"rendered":"https:\/\/holderstechnology.com\/wireless-lighting-control\/product\/psc-zad-wcm-x00-ble-cb-exa\/"},"modified":"2026-02-26T03:11:06","modified_gmt":"2026-02-26T03:11:06","slug":"psc-zad-wcm-x00-ble-cb-exa","status":"publish","type":"product","link":"https:\/\/holderstechnology.com\/wireless-lighting-control\/fr\/produit\/psc-zad-wcm-x00-ble-cb-exa\/","title":{"rendered":"PSC-ZAD-WCM-X00-BLE-CB-EXA"},"content":{"rendered":"<p data-start=\"221\" data-end=\"535\">Le PSC-ZAD-WCM-X00-BLE-CB-EXA est un contr\u00f4leur de luminaire sans fil DALI D4i compact et monocanal con\u00e7u pour une int\u00e9gration transparente dans les luminaires modernes. Gr\u00e2ce \u00e0 la technologie maill\u00e9e sans fil Casambi, il permet un contr\u00f4le fiable et sans c\u00e2ble des pilotes DALI, sans passer par des passerelles ou des r\u00e9seaux externes. <\/p>\n<p data-start=\"537\" data-end=\"856\">Con\u00e7u pour les environnements int\u00e9rieurs et ext\u00e9rieurs, le contr\u00f4leur est dot\u00e9 d&rsquo;un bo\u00eetier IP65 et d&rsquo;une antenne longue port\u00e9e int\u00e9gr\u00e9e pour une communication sans fil stable. Il se connecte directement au luminaire via une prise \u00e0 connexion rapide Zhaga Book 18, ce qui rend l&rsquo;installation rapide, ordonn\u00e9e et adapt\u00e9e au luminaire. <\/p>\n<p data-start=\"858\" data-end=\"1159\">Des options d&rsquo;alimentation flexibles permettent un fonctionnement via l&rsquo;alimentation auxiliaire 24V DC ou l&rsquo;alimentation par bus DALI, en fonction de la conception du syst\u00e8me. Une fois install\u00e9, l&rsquo;appareil peut \u00eatre mis en service et g\u00e9r\u00e9 via l&rsquo;application mobile Casambi, offrant une gradation, un zonage, un r\u00e9glage et une programmation en douceur avec un retour d&rsquo;information en temps r\u00e9el. <\/p>\n","protected":false},"excerpt":{"rendered":"<p>Contr\u00f4leur sans fil DALI D4i \u00e0 un canal avec contr\u00f4le du r\u00e9seau Casambi, antenne longue port\u00e9e et montage Zhaga Book 18 pour les luminaires d&rsquo;int\u00e9rieur et d&rsquo;ext\u00e9rieur.<\/p>\n","protected":false},"featured_media":15586,"template":"","meta":{"_acf_changed":false,"inline_featured_image":false,"site-sidebar-layout":"default","site-content-layout":"","ast-site-content-layout":"default","site-content-style":"default","site-sidebar-style":"default","ast-global-header-display":"","ast-banner-title-visibility":"","ast-main-header-display":"","ast-hfb-above-header-display":"","ast-hfb-below-header-display":"","ast-hfb-mobile-header-display":"","site-post-title":"","ast-breadcrumbs-content":"","ast-featured-img":"","footer-sml-layout":"","ast-disable-related-posts":"","theme-transparent-header-meta":"default","adv-header-id-meta":"","stick-header-meta":"","header-above-stick-meta":"","header-main-stick-meta":"","header-below-stick-meta":"","astra-migrate-meta-layouts":"default","ast-page-background-enabled":"default","ast-page-background-meta":{"desktop":{"background-color":"var(--ast-global-color-5)","background-image":"","background-repeat":"repeat","background-position":"center center","background-size":"auto","background-attachment":"scroll","background-type":"","background-media":"","overlay-type":"","overlay-color":"","overlay-opacity":"","overlay-gradient":""},"tablet":{"background-color":"","background-image":"","background-repeat":"repeat","background-position":"center center","background-size":"auto","background-attachment":"scroll","background-type":"","background-media":"","overlay-type":"","overlay-color":"","overlay-opacity":"","overlay-gradient":""},"mobile":{"background-color":"","background-image":"","background-repeat":"repeat","background-position":"center center","background-size":"auto","background-attachment":"scroll","background-type":"","background-media":"","overlay-type":"","overlay-color":"","overlay-opacity":"","overlay-gradient":""}},"ast-content-background-meta":{"desktop":{"background-color":"var(--ast-global-color-4)","background-image":"","background-repeat":"repeat","background-position":"center center","background-size":"auto","background-attachment":"scroll","background-type":"","background-media":"","overlay-type":"","overlay-color":"","overlay-opacity":"","overlay-gradient":""},"tablet":{"background-color":"var(--ast-global-color-4)","background-image":"","background-repeat":"repeat","background-position":"center center","background-size":"auto","background-attachment":"scroll","background-type":"","background-media":"","overlay-type":"","overlay-color":"","overlay-opacity":"","overlay-gradient":""},"mobile":{"background-color":"var(--ast-global-color-4)","background-image":"","background-repeat":"repeat","background-position":"center center","background-size":"auto","background-attachment":"scroll","background-type":"","background-media":"","overlay-type":"","overlay-color":"","overlay-opacity":"","overlay-gradient":""}}},"product_brand":[561],"product_cat":[270,321],"product_tag":[],"berocket_brand":[591],"class_list":{"0":"post-15590","1":"product","2":"type-product","3":"status-publish","4":"has-post-thumbnail","6":"product_brand-mw-connect","7":"product_cat-dali-fr-interfaces-fr","8":"product_cat-interfaces-fr","9":"berocket_brand-mw-connect-fr","10":"desktop-align-left","11":"tablet-align-left","12":"mobile-align-left","14":"first","15":"instock","16":"shipping-taxable","17":"product-type-simple"},"acf":[],"yoast_head":"<!-- This site is optimized with the Yoast SEO plugin v27.3 - https:\/\/yoast.com\/product\/yoast-seo-wordpress\/ -->\n<title>PSC-ZAD-WCM-X00-BLE-CB-EXA | Holders Wireless Lighting Control<\/title>\n<meta name=\"description\" content=\"Contr\u00f4leur de luminaire sans fil DALI D4i compact avec contr\u00f4le de r\u00e9seau Casambi, montage Zhaga Book 18, indice de protection IP65 et options d&#039;alimentation flexibles pour l&#039;\u00e9clairage int\u00e9rieur et ext\u00e9rieur.\" \/>\n<meta name=\"robots\" content=\"index, follow, max-snippet:-1, max-image-preview:large, max-video-preview:-1\" \/>\n<link rel=\"canonical\" href=\"https:\/\/holderstechnology.com\/wireless-lighting-control\/fr\/produit\/psc-zad-wcm-x00-ble-cb-exa\/\" \/>\n<meta property=\"og:locale\" content=\"fr_FR\" \/>\n<meta property=\"og:type\" content=\"article\" \/>\n<meta property=\"og:title\" content=\"PSC-ZAD-WCM-X00-BLE-CB-EXA | Holders Wireless Lighting Control\" \/>\n<meta property=\"og:description\" content=\"Contr\u00f4leur de luminaire sans fil DALI D4i compact avec contr\u00f4le de r\u00e9seau Casambi, montage Zhaga Book 18, indice de protection IP65 et options d&#039;alimentation flexibles pour l&#039;\u00e9clairage int\u00e9rieur et ext\u00e9rieur.\" \/>\n<meta property=\"og:url\" content=\"https:\/\/holderstechnology.com\/wireless-lighting-control\/fr\/produit\/psc-zad-wcm-x00-ble-cb-exa\/\" \/>\n<meta property=\"og:site_name\" content=\"Holders Wireless Lighting Control\" \/>\n<meta property=\"og:image\" content=\"https:\/\/holderstechnology.com\/wireless-lighting-control\/wp-content\/uploads\/sites\/3\/2026\/01\/PSC-ZAD-WCM-X00-BLE-CB-EXA.png\" \/>\n\t<meta property=\"og:image:width\" content=\"476\" \/>\n\t<meta property=\"og:image:height\" content=\"362\" \/>\n\t<meta property=\"og:image:type\" content=\"image\/png\" \/>\n<meta name=\"twitter:card\" content=\"summary_large_image\" \/>\n<meta name=\"twitter:label1\" content=\"Dur\u00e9e de lecture estim\u00e9e\" \/>\n\t<meta name=\"twitter:data1\" content=\"1 minute\" \/>\n<script type=\"application\/ld+json\" class=\"yoast-schema-graph\">{\"@context\":\"https:\\\/\\\/schema.org\",\"@graph\":[{\"@type\":\"WebPage\",\"@id\":\"https:\\\/\\\/holderstechnology.com\\\/wireless-lighting-control\\\/fr\\\/produit\\\/psc-zad-wcm-x00-ble-cb-exa\\\/\",\"url\":\"https:\\\/\\\/holderstechnology.com\\\/wireless-lighting-control\\\/fr\\\/produit\\\/psc-zad-wcm-x00-ble-cb-exa\\\/\",\"name\":\"PSC-ZAD-WCM-X00-BLE-CB-EXA | Holders Wireless Lighting Control\",\"isPartOf\":{\"@id\":\"https:\\\/\\\/holderstechnology.com\\\/wireless-lighting-control\\\/#website\"},\"primaryImageOfPage\":{\"@id\":\"https:\\\/\\\/holderstechnology.com\\\/wireless-lighting-control\\\/fr\\\/produit\\\/psc-zad-wcm-x00-ble-cb-exa\\\/#primaryimage\"},\"image\":{\"@id\":\"https:\\\/\\\/holderstechnology.com\\\/wireless-lighting-control\\\/fr\\\/produit\\\/psc-zad-wcm-x00-ble-cb-exa\\\/#primaryimage\"},\"thumbnailUrl\":\"https:\\\/\\\/holderstechnology.com\\\/wireless-lighting-control\\\/wp-content\\\/uploads\\\/sites\\\/3\\\/2026\\\/01\\\/PSC-ZAD-WCM-X00-BLE-CB-EXA.png\",\"datePublished\":\"2026-02-26T03:11:06+00:00\",\"description\":\"Contr\u00f4leur de luminaire sans fil DALI D4i compact avec contr\u00f4le de r\u00e9seau Casambi, montage Zhaga Book 18, indice de protection IP65 et options d'alimentation flexibles pour l'\u00e9clairage int\u00e9rieur et ext\u00e9rieur.\",\"breadcrumb\":{\"@id\":\"https:\\\/\\\/holderstechnology.com\\\/wireless-lighting-control\\\/fr\\\/produit\\\/psc-zad-wcm-x00-ble-cb-exa\\\/#breadcrumb\"},\"inLanguage\":\"fr-FR\",\"potentialAction\":[{\"@type\":\"ReadAction\",\"target\":[\"https:\\\/\\\/holderstechnology.com\\\/wireless-lighting-control\\\/fr\\\/produit\\\/psc-zad-wcm-x00-ble-cb-exa\\\/\"]}]},{\"@type\":\"ImageObject\",\"inLanguage\":\"fr-FR\",\"@id\":\"https:\\\/\\\/holderstechnology.com\\\/wireless-lighting-control\\\/fr\\\/produit\\\/psc-zad-wcm-x00-ble-cb-exa\\\/#primaryimage\",\"url\":\"https:\\\/\\\/holderstechnology.com\\\/wireless-lighting-control\\\/wp-content\\\/uploads\\\/sites\\\/3\\\/2026\\\/01\\\/PSC-ZAD-WCM-X00-BLE-CB-EXA.png\",\"contentUrl\":\"https:\\\/\\\/holderstechnology.com\\\/wireless-lighting-control\\\/wp-content\\\/uploads\\\/sites\\\/3\\\/2026\\\/01\\\/PSC-ZAD-WCM-X00-BLE-CB-EXA.png\",\"width\":476,\"height\":362,\"caption\":\"An mwConnect PSC-ZAD-WCM-X00-BLE-CB-EXA Casambi Mesh DALI Outdoor Controller featuring a clear UV-resistant dome, an internal green PCB, and an integrated long-range monopole antenna, designed for Zhaga Book 18 mounting.\"},{\"@type\":\"BreadcrumbList\",\"@id\":\"https:\\\/\\\/holderstechnology.com\\\/wireless-lighting-control\\\/fr\\\/produit\\\/psc-zad-wcm-x00-ble-cb-exa\\\/#breadcrumb\",\"itemListElement\":[{\"@type\":\"ListItem\",\"position\":1,\"name\":\"&#8962;\",\"item\":\"https:\\\/\\\/holderstechnology.com\\\/wireless-lighting-control\\\/\"},{\"@type\":\"ListItem\",\"position\":2,\"name\":\"Products\",\"item\":\"https:\\\/\\\/holderstechnology.com\\\/wireless-lighting-control\\\/products\\\/\"},{\"@type\":\"ListItem\",\"position\":3,\"name\":\"PSC-ZAD-WCM-X00-BLE-CB-EXA\"}]},{\"@type\":\"WebSite\",\"@id\":\"https:\\\/\\\/holderstechnology.com\\\/wireless-lighting-control\\\/#website\",\"url\":\"https:\\\/\\\/holderstechnology.com\\\/wireless-lighting-control\\\/\",\"name\":\"Holders Wireless Lighting Control\",\"description\":\"\",\"publisher\":{\"@id\":\"https:\\\/\\\/holderstechnology.com\\\/wireless-lighting-control\\\/#organization\"},\"potentialAction\":[{\"@type\":\"SearchAction\",\"target\":{\"@type\":\"EntryPoint\",\"urlTemplate\":\"https:\\\/\\\/holderstechnology.com\\\/wireless-lighting-control\\\/?s={search_term_string}\"},\"query-input\":{\"@type\":\"PropertyValueSpecification\",\"valueRequired\":true,\"valueName\":\"search_term_string\"}}],\"inLanguage\":\"fr-FR\"},{\"@type\":\"Organization\",\"@id\":\"https:\\\/\\\/holderstechnology.com\\\/wireless-lighting-control\\\/#organization\",\"name\":\"Holders Technology Group\",\"url\":\"https:\\\/\\\/holderstechnology.com\\\/wireless-lighting-control\\\/\",\"logo\":{\"@type\":\"ImageObject\",\"inLanguage\":\"fr-FR\",\"@id\":\"https:\\\/\\\/holderstechnology.com\\\/wireless-lighting-control\\\/#\\\/schema\\\/logo\\\/image\\\/\",\"url\":\"https:\\\/\\\/holderstechnology.com\\\/wireless-lighting-control\\\/wp-content\\\/uploads\\\/sites\\\/3\\\/2024\\\/01\\\/logo_holders-technology.svg\",\"contentUrl\":\"https:\\\/\\\/holderstechnology.com\\\/wireless-lighting-control\\\/wp-content\\\/uploads\\\/sites\\\/3\\\/2024\\\/01\\\/logo_holders-technology.svg\",\"width\":556,\"height\":66,\"caption\":\"Holders Technology Group\"},\"image\":{\"@id\":\"https:\\\/\\\/holderstechnology.com\\\/wireless-lighting-control\\\/#\\\/schema\\\/logo\\\/image\\\/\"}}]}<\/script>\n<!-- \/ Yoast SEO plugin. -->","yoast_head_json":{"title":"PSC-ZAD-WCM-X00-BLE-CB-EXA | Holders Wireless Lighting Control","description":"Contr\u00f4leur de luminaire sans fil DALI D4i compact avec contr\u00f4le de r\u00e9seau Casambi, montage Zhaga Book 18, indice de protection IP65 et options d'alimentation flexibles pour l'\u00e9clairage int\u00e9rieur et ext\u00e9rieur.","robots":{"index":"index","follow":"follow","max-snippet":"max-snippet:-1","max-image-preview":"max-image-preview:large","max-video-preview":"max-video-preview:-1"},"canonical":"https:\/\/holderstechnology.com\/wireless-lighting-control\/fr\/produit\/psc-zad-wcm-x00-ble-cb-exa\/","og_locale":"fr_FR","og_type":"article","og_title":"PSC-ZAD-WCM-X00-BLE-CB-EXA | Holders Wireless Lighting Control","og_description":"Contr\u00f4leur de luminaire sans fil DALI D4i compact avec contr\u00f4le de r\u00e9seau Casambi, montage Zhaga Book 18, indice de protection IP65 et options d'alimentation flexibles pour l'\u00e9clairage int\u00e9rieur et ext\u00e9rieur.","og_url":"https:\/\/holderstechnology.com\/wireless-lighting-control\/fr\/produit\/psc-zad-wcm-x00-ble-cb-exa\/","og_site_name":"Holders Wireless Lighting Control","og_image":[{"width":476,"height":362,"url":"https:\/\/holderstechnology.com\/wireless-lighting-control\/wp-content\/uploads\/sites\/3\/2026\/01\/PSC-ZAD-WCM-X00-BLE-CB-EXA.png","type":"image\/png"}],"twitter_card":"summary_large_image","twitter_misc":{"Dur\u00e9e de lecture estim\u00e9e":"1 minute"},"schema":{"@context":"https:\/\/schema.org","@graph":[{"@type":"WebPage","@id":"https:\/\/holderstechnology.com\/wireless-lighting-control\/fr\/produit\/psc-zad-wcm-x00-ble-cb-exa\/","url":"https:\/\/holderstechnology.com\/wireless-lighting-control\/fr\/produit\/psc-zad-wcm-x00-ble-cb-exa\/","name":"PSC-ZAD-WCM-X00-BLE-CB-EXA | Holders Wireless Lighting Control","isPartOf":{"@id":"https:\/\/holderstechnology.com\/wireless-lighting-control\/#website"},"primaryImageOfPage":{"@id":"https:\/\/holderstechnology.com\/wireless-lighting-control\/fr\/produit\/psc-zad-wcm-x00-ble-cb-exa\/#primaryimage"},"image":{"@id":"https:\/\/holderstechnology.com\/wireless-lighting-control\/fr\/produit\/psc-zad-wcm-x00-ble-cb-exa\/#primaryimage"},"thumbnailUrl":"https:\/\/holderstechnology.com\/wireless-lighting-control\/wp-content\/uploads\/sites\/3\/2026\/01\/PSC-ZAD-WCM-X00-BLE-CB-EXA.png","datePublished":"2026-02-26T03:11:06+00:00","description":"Contr\u00f4leur de luminaire sans fil DALI D4i compact avec contr\u00f4le de r\u00e9seau Casambi, montage Zhaga Book 18, indice de protection IP65 et options d'alimentation flexibles pour l'\u00e9clairage int\u00e9rieur et ext\u00e9rieur.","breadcrumb":{"@id":"https:\/\/holderstechnology.com\/wireless-lighting-control\/fr\/produit\/psc-zad-wcm-x00-ble-cb-exa\/#breadcrumb"},"inLanguage":"fr-FR","potentialAction":[{"@type":"ReadAction","target":["https:\/\/holderstechnology.com\/wireless-lighting-control\/fr\/produit\/psc-zad-wcm-x00-ble-cb-exa\/"]}]},{"@type":"ImageObject","inLanguage":"fr-FR","@id":"https:\/\/holderstechnology.com\/wireless-lighting-control\/fr\/produit\/psc-zad-wcm-x00-ble-cb-exa\/#primaryimage","url":"https:\/\/holderstechnology.com\/wireless-lighting-control\/wp-content\/uploads\/sites\/3\/2026\/01\/PSC-ZAD-WCM-X00-BLE-CB-EXA.png","contentUrl":"https:\/\/holderstechnology.com\/wireless-lighting-control\/wp-content\/uploads\/sites\/3\/2026\/01\/PSC-ZAD-WCM-X00-BLE-CB-EXA.png","width":476,"height":362,"caption":"An mwConnect PSC-ZAD-WCM-X00-BLE-CB-EXA Casambi Mesh DALI Outdoor Controller featuring a clear UV-resistant dome, an internal green PCB, and an integrated long-range monopole antenna, designed for Zhaga Book 18 mounting."},{"@type":"BreadcrumbList","@id":"https:\/\/holderstechnology.com\/wireless-lighting-control\/fr\/produit\/psc-zad-wcm-x00-ble-cb-exa\/#breadcrumb","itemListElement":[{"@type":"ListItem","position":1,"name":"&#8962;","item":"https:\/\/holderstechnology.com\/wireless-lighting-control\/"},{"@type":"ListItem","position":2,"name":"Products","item":"https:\/\/holderstechnology.com\/wireless-lighting-control\/products\/"},{"@type":"ListItem","position":3,"name":"PSC-ZAD-WCM-X00-BLE-CB-EXA"}]},{"@type":"WebSite","@id":"https:\/\/holderstechnology.com\/wireless-lighting-control\/#website","url":"https:\/\/holderstechnology.com\/wireless-lighting-control\/","name":"Holders Wireless Lighting Control","description":"","publisher":{"@id":"https:\/\/holderstechnology.com\/wireless-lighting-control\/#organization"},"potentialAction":[{"@type":"SearchAction","target":{"@type":"EntryPoint","urlTemplate":"https:\/\/holderstechnology.com\/wireless-lighting-control\/?s={search_term_string}"},"query-input":{"@type":"PropertyValueSpecification","valueRequired":true,"valueName":"search_term_string"}}],"inLanguage":"fr-FR"},{"@type":"Organization","@id":"https:\/\/holderstechnology.com\/wireless-lighting-control\/#organization","name":"Holders Technology Group","url":"https:\/\/holderstechnology.com\/wireless-lighting-control\/","logo":{"@type":"ImageObject","inLanguage":"fr-FR","@id":"https:\/\/holderstechnology.com\/wireless-lighting-control\/#\/schema\/logo\/image\/","url":"https:\/\/holderstechnology.com\/wireless-lighting-control\/wp-content\/uploads\/sites\/3\/2024\/01\/logo_holders-technology.svg","contentUrl":"https:\/\/holderstechnology.com\/wireless-lighting-control\/wp-content\/uploads\/sites\/3\/2024\/01\/logo_holders-technology.svg","width":556,"height":66,"caption":"Holders Technology Group"},"image":{"@id":"https:\/\/holderstechnology.com\/wireless-lighting-control\/#\/schema\/logo\/image\/"}}]}},"_links":{"self":[{"href":"https:\/\/holderstechnology.com\/wireless-lighting-control\/fr\/wp-json\/wp\/v2\/product\/15590","targetHints":{"allow":["GET"]}}],"collection":[{"href":"https:\/\/holderstechnology.com\/wireless-lighting-control\/fr\/wp-json\/wp\/v2\/product"}],"about":[{"href":"https:\/\/holderstechnology.com\/wireless-lighting-control\/fr\/wp-json\/wp\/v2\/types\/product"}],"wp:featuredmedia":[{"embeddable":true,"href":"https:\/\/holderstechnology.com\/wireless-lighting-control\/fr\/wp-json\/wp\/v2\/media\/15586"}],"wp:attachment":[{"href":"https:\/\/holderstechnology.com\/wireless-lighting-control\/fr\/wp-json\/wp\/v2\/media?parent=15590"}],"wp:term":[{"taxonomy":"product_brand","embeddable":true,"href":"https:\/\/holderstechnology.com\/wireless-lighting-control\/fr\/wp-json\/wp\/v2\/product_brand?post=15590"},{"taxonomy":"product_cat","embeddable":true,"href":"https:\/\/holderstechnology.com\/wireless-lighting-control\/fr\/wp-json\/wp\/v2\/product_cat?post=15590"},{"taxonomy":"product_tag","embeddable":true,"href":"https:\/\/holderstechnology.com\/wireless-lighting-control\/fr\/wp-json\/wp\/v2\/product_tag?post=15590"},{"taxonomy":"berocket_brand","embeddable":true,"href":"https:\/\/holderstechnology.com\/wireless-lighting-control\/fr\/wp-json\/wp\/v2\/berocket_brand?post=15590"}],"curies":[{"name":"wp","href":"https:\/\/api.w.org\/{rel}","templated":true}]}}