{"id":15601,"date":"2026-03-12T10:33:25","date_gmt":"2026-03-12T10:33:25","guid":{"rendered":"https:\/\/holderstechnology.com\/wireless-lighting-control\/product\/evytra-casambi-switch\/"},"modified":"2026-04-08T07:39:01","modified_gmt":"2026-04-08T06:39:01","slug":"evytra-casambi-switch","status":"publish","type":"product","link":"https:\/\/holderstechnology.com\/wireless-lighting-control\/fr\/produit\/evytra-casambi-switch\/","title":{"rendered":"EVYTRA Casambi Rotary Dimmer"},"content":{"rendered":"<p data-path-to-node=\"8,0\"><span class=\"citation-88\">L&rsquo;<\/span><span class=\"citation-88\">EVYTRA-DIMMER CASAMBI<\/span><span class=\"citation-88\"> est un <\/span><span class=\"citation-88\">variateur rotatif de<\/span><span class=\"citation-88\"> qualit\u00e9 professionnelle <\/span><span class=\"citation-88\"> qui allie un design sophistiqu\u00e9 \u00e0 une fonctionnalit\u00e9 sans fil transparente<\/span>. <span class=\"citation-87\">Con\u00e7u avec une surface en verre durable et de haute qualit\u00e9, il sert d&rsquo;interface tactile pour contr\u00f4ler diverses sc\u00e8nes d&rsquo;\u00e9clairage au sein de n&rsquo;importe quel r\u00e9seau compatible avec Casambi.<\/span><\/p>\n","protected":false},"excerpt":{"rendered":"<p><span class=\"citation-91\">Un <\/span><span class=\"citation-91\">variateur rotatif<\/span><span class=\"citation-91\">haut de gamme <\/span><span class=\"citation-91\"> con\u00e7u pour l&rsquo;<\/span><span class=\"citation-91\">\u00e9cosyst\u00e8me Casambi<\/span>. <span class=\"citation-90\">Cet appareil pr\u00e9sente une luxueuse surface en verre noir ou blanc et offre un contr\u00f4le pr\u00e9cis et tactile des sc\u00e8nes d&rsquo;\u00e9clairage directement depuis votre mur<\/span>. <span class=\"citation-89\">Programmable individuellement via l&rsquo;appli Casambi pour une flexibilit\u00e9 maximale en mati\u00e8re d&rsquo;\u00e9clairage domestique et commercial intelligent<\/span>.<\/p>\n","protected":false},"featured_media":15597,"template":"","meta":{"_acf_changed":false,"inline_featured_image":false,"site-sidebar-layout":"default","site-content-layout":"","ast-site-content-layout":"default","site-content-style":"default","site-sidebar-style":"default","ast-global-header-display":"","ast-banner-title-visibility":"","ast-main-header-display":"","ast-hfb-above-header-display":"","ast-hfb-below-header-display":"","ast-hfb-mobile-header-display":"","site-post-title":"","ast-breadcrumbs-content":"","ast-featured-img":"","footer-sml-layout":"","ast-disable-related-posts":"","theme-transparent-header-meta":"default","adv-header-id-meta":"","stick-header-meta":"","header-above-stick-meta":"","header-main-stick-meta":"","header-below-stick-meta":"","astra-migrate-meta-layouts":"default","ast-page-background-enabled":"default","ast-page-background-meta":{"desktop":{"background-color":"var(--ast-global-color-5)","background-image":"","background-repeat":"repeat","background-position":"center center","background-size":"auto","background-attachment":"scroll","background-type":"","background-media":"","overlay-type":"","overlay-color":"","overlay-opacity":"","overlay-gradient":""},"tablet":{"background-color":"","background-image":"","background-repeat":"repeat","background-position":"center center","background-size":"auto","background-attachment":"scroll","background-type":"","background-media":"","overlay-type":"","overlay-color":"","overlay-opacity":"","overlay-gradient":""},"mobile":{"background-color":"","background-image":"","background-repeat":"repeat","background-position":"center center","background-size":"auto","background-attachment":"scroll","background-type":"","background-media":"","overlay-type":"","overlay-color":"","overlay-opacity":"","overlay-gradient":""}},"ast-content-background-meta":{"desktop":{"background-color":"var(--ast-global-color-4)","background-image":"","background-repeat":"repeat","background-position":"center center","background-size":"auto","background-attachment":"scroll","background-type":"","background-media":"","overlay-type":"","overlay-color":"","overlay-opacity":"","overlay-gradient":""},"tablet":{"background-color":"var(--ast-global-color-4)","background-image":"","background-repeat":"repeat","background-position":"center center","background-size":"auto","background-attachment":"scroll","background-type":"","background-media":"","overlay-type":"","overlay-color":"","overlay-opacity":"","overlay-gradient":""},"mobile":{"background-color":"var(--ast-global-color-4)","background-image":"","background-repeat":"repeat","background-position":"center center","background-size":"auto","background-attachment":"scroll","background-type":"","background-media":"","overlay-type":"","overlay-color":"","overlay-opacity":"","overlay-gradient":""}}},"product_brand":[543],"product_cat":[593,263,313],"product_tag":[],"berocket_brand":[],"class_list":{"0":"post-15601","1":"product","2":"type-product","3":"status-publish","4":"has-post-thumbnail","6":"product_brand-evytra","7":"product_cat-casambi-fr","8":"product_cat-gradateur-secteur-gradateurs","9":"product_cat-gradateurs","10":"desktop-align-left","11":"tablet-align-left","12":"mobile-align-left","14":"first","15":"instock","16":"shipping-taxable","17":"product-type-simple"},"acf":[],"yoast_head":"<!-- This site is optimized with the Yoast SEO plugin v27.3 - https:\/\/yoast.com\/product\/yoast-seo-wordpress\/ -->\n<title>EVYTRA Casambi Rotary Dimmer | Holders Wireless Lighting Control<\/title>\n<meta name=\"description\" content=\"D\u00e9couvrez le variateur rotatif EVYTRA Casambi. Une interface en verre haut de gamme pour une gradation pr\u00e9cise et un contr\u00f4le des sc\u00e8nes. Consultez les sp\u00e9cifications techniques pour les projets d&#039;\u00e9clairage B2B.\" \/>\n<meta name=\"robots\" content=\"index, follow, max-snippet:-1, max-image-preview:large, max-video-preview:-1\" \/>\n<link rel=\"canonical\" href=\"https:\/\/holderstechnology.com\/wireless-lighting-control\/fr\/produit\/evytra-casambi-switch\/\" \/>\n<meta property=\"og:locale\" content=\"fr_FR\" \/>\n<meta property=\"og:type\" content=\"article\" \/>\n<meta property=\"og:title\" content=\"EVYTRA Casambi Rotary Dimmer | Holders Wireless Lighting Control\" \/>\n<meta property=\"og:description\" content=\"D\u00e9couvrez le variateur rotatif EVYTRA Casambi. Une interface en verre haut de gamme pour une gradation pr\u00e9cise et un contr\u00f4le des sc\u00e8nes. Consultez les sp\u00e9cifications techniques pour les projets d&#039;\u00e9clairage B2B.\" \/>\n<meta property=\"og:url\" content=\"https:\/\/holderstechnology.com\/wireless-lighting-control\/fr\/produit\/evytra-casambi-switch\/\" \/>\n<meta property=\"og:site_name\" content=\"Holders Wireless Lighting Control\" \/>\n<meta property=\"article:modified_time\" content=\"2026-04-08T06:39:01+00:00\" \/>\n<meta property=\"og:image\" content=\"https:\/\/holderstechnology.com\/wireless-lighting-control\/wp-content\/uploads\/sites\/3\/2026\/03\/evytra-casambi-switch-glass-wall-switch.jpg\" \/>\n\t<meta property=\"og:image:width\" content=\"896\" \/>\n\t<meta property=\"og:image:height\" content=\"504\" \/>\n\t<meta property=\"og:image:type\" content=\"image\/jpeg\" \/>\n<meta name=\"twitter:card\" content=\"summary_large_image\" \/>\n<script type=\"application\/ld+json\" class=\"yoast-schema-graph\">{\"@context\":\"https:\\\/\\\/schema.org\",\"@graph\":[{\"@type\":\"WebPage\",\"@id\":\"https:\\\/\\\/holderstechnology.com\\\/wireless-lighting-control\\\/fr\\\/produit\\\/evytra-casambi-switch\\\/\",\"url\":\"https:\\\/\\\/holderstechnology.com\\\/wireless-lighting-control\\\/fr\\\/produit\\\/evytra-casambi-switch\\\/\",\"name\":\"EVYTRA Casambi Rotary Dimmer | Holders Wireless Lighting Control\",\"isPartOf\":{\"@id\":\"https:\\\/\\\/holderstechnology.com\\\/wireless-lighting-control\\\/#website\"},\"primaryImageOfPage\":{\"@id\":\"https:\\\/\\\/holderstechnology.com\\\/wireless-lighting-control\\\/fr\\\/produit\\\/evytra-casambi-switch\\\/#primaryimage\"},\"image\":{\"@id\":\"https:\\\/\\\/holderstechnology.com\\\/wireless-lighting-control\\\/fr\\\/produit\\\/evytra-casambi-switch\\\/#primaryimage\"},\"thumbnailUrl\":\"https:\\\/\\\/holderstechnology.com\\\/wireless-lighting-control\\\/wp-content\\\/uploads\\\/sites\\\/3\\\/2026\\\/03\\\/evytra-casambi-switch-glass-wall-switch.jpg\",\"datePublished\":\"2026-03-12T10:33:25+00:00\",\"dateModified\":\"2026-04-08T06:39:01+00:00\",\"description\":\"D\u00e9couvrez le variateur rotatif EVYTRA Casambi. Une interface en verre haut de gamme pour une gradation pr\u00e9cise et un contr\u00f4le des sc\u00e8nes. Consultez les sp\u00e9cifications techniques pour les projets d'\u00e9clairage B2B.\",\"breadcrumb\":{\"@id\":\"https:\\\/\\\/holderstechnology.com\\\/wireless-lighting-control\\\/fr\\\/produit\\\/evytra-casambi-switch\\\/#breadcrumb\"},\"inLanguage\":\"fr-FR\",\"potentialAction\":[{\"@type\":\"ReadAction\",\"target\":[\"https:\\\/\\\/holderstechnology.com\\\/wireless-lighting-control\\\/fr\\\/produit\\\/evytra-casambi-switch\\\/\"]}]},{\"@type\":\"ImageObject\",\"inLanguage\":\"fr-FR\",\"@id\":\"https:\\\/\\\/holderstechnology.com\\\/wireless-lighting-control\\\/fr\\\/produit\\\/evytra-casambi-switch\\\/#primaryimage\",\"url\":\"https:\\\/\\\/holderstechnology.com\\\/wireless-lighting-control\\\/wp-content\\\/uploads\\\/sites\\\/3\\\/2026\\\/03\\\/evytra-casambi-switch-glass-wall-switch.jpg\",\"contentUrl\":\"https:\\\/\\\/holderstechnology.com\\\/wireless-lighting-control\\\/wp-content\\\/uploads\\\/sites\\\/3\\\/2026\\\/03\\\/evytra-casambi-switch-glass-wall-switch.jpg\",\"width\":896,\"height\":504,\"caption\":\"Front view of the EVYTRA Casambi rotary dimmer featuring a black glass surface and tactile control knob\"},{\"@type\":\"BreadcrumbList\",\"@id\":\"https:\\\/\\\/holderstechnology.com\\\/wireless-lighting-control\\\/fr\\\/produit\\\/evytra-casambi-switch\\\/#breadcrumb\",\"itemListElement\":[{\"@type\":\"ListItem\",\"position\":1,\"name\":\"&#8962;\",\"item\":\"https:\\\/\\\/holderstechnology.com\\\/wireless-lighting-control\\\/\"},{\"@type\":\"ListItem\",\"position\":2,\"name\":\"Products\",\"item\":\"https:\\\/\\\/holderstechnology.com\\\/wireless-lighting-control\\\/products\\\/\"},{\"@type\":\"ListItem\",\"position\":3,\"name\":\"EVYTRA Casambi Rotary Dimmer\"}]},{\"@type\":\"WebSite\",\"@id\":\"https:\\\/\\\/holderstechnology.com\\\/wireless-lighting-control\\\/#website\",\"url\":\"https:\\\/\\\/holderstechnology.com\\\/wireless-lighting-control\\\/\",\"name\":\"Holders Wireless Lighting Control\",\"description\":\"\",\"publisher\":{\"@id\":\"https:\\\/\\\/holderstechnology.com\\\/wireless-lighting-control\\\/#organization\"},\"potentialAction\":[{\"@type\":\"SearchAction\",\"target\":{\"@type\":\"EntryPoint\",\"urlTemplate\":\"https:\\\/\\\/holderstechnology.com\\\/wireless-lighting-control\\\/?s={search_term_string}\"},\"query-input\":{\"@type\":\"PropertyValueSpecification\",\"valueRequired\":true,\"valueName\":\"search_term_string\"}}],\"inLanguage\":\"fr-FR\"},{\"@type\":\"Organization\",\"@id\":\"https:\\\/\\\/holderstechnology.com\\\/wireless-lighting-control\\\/#organization\",\"name\":\"Holders Technology Group\",\"url\":\"https:\\\/\\\/holderstechnology.com\\\/wireless-lighting-control\\\/\",\"logo\":{\"@type\":\"ImageObject\",\"inLanguage\":\"fr-FR\",\"@id\":\"https:\\\/\\\/holderstechnology.com\\\/wireless-lighting-control\\\/#\\\/schema\\\/logo\\\/image\\\/\",\"url\":\"https:\\\/\\\/holderstechnology.com\\\/wireless-lighting-control\\\/wp-content\\\/uploads\\\/sites\\\/3\\\/2024\\\/01\\\/logo_holders-technology.svg\",\"contentUrl\":\"https:\\\/\\\/holderstechnology.com\\\/wireless-lighting-control\\\/wp-content\\\/uploads\\\/sites\\\/3\\\/2024\\\/01\\\/logo_holders-technology.svg\",\"width\":556,\"height\":66,\"caption\":\"Holders Technology Group\"},\"image\":{\"@id\":\"https:\\\/\\\/holderstechnology.com\\\/wireless-lighting-control\\\/#\\\/schema\\\/logo\\\/image\\\/\"}}]}<\/script>\n<!-- \/ Yoast SEO plugin. -->","yoast_head_json":{"title":"EVYTRA Casambi Rotary Dimmer | Holders Wireless Lighting Control","description":"D\u00e9couvrez le variateur rotatif EVYTRA Casambi. Une interface en verre haut de gamme pour une gradation pr\u00e9cise et un contr\u00f4le des sc\u00e8nes. Consultez les sp\u00e9cifications techniques pour les projets d'\u00e9clairage B2B.","robots":{"index":"index","follow":"follow","max-snippet":"max-snippet:-1","max-image-preview":"max-image-preview:large","max-video-preview":"max-video-preview:-1"},"canonical":"https:\/\/holderstechnology.com\/wireless-lighting-control\/fr\/produit\/evytra-casambi-switch\/","og_locale":"fr_FR","og_type":"article","og_title":"EVYTRA Casambi Rotary Dimmer | Holders Wireless Lighting Control","og_description":"D\u00e9couvrez le variateur rotatif EVYTRA Casambi. Une interface en verre haut de gamme pour une gradation pr\u00e9cise et un contr\u00f4le des sc\u00e8nes. Consultez les sp\u00e9cifications techniques pour les projets d'\u00e9clairage B2B.","og_url":"https:\/\/holderstechnology.com\/wireless-lighting-control\/fr\/produit\/evytra-casambi-switch\/","og_site_name":"Holders Wireless Lighting Control","article_modified_time":"2026-04-08T06:39:01+00:00","og_image":[{"width":896,"height":504,"url":"https:\/\/holderstechnology.com\/wireless-lighting-control\/wp-content\/uploads\/sites\/3\/2026\/03\/evytra-casambi-switch-glass-wall-switch.jpg","type":"image\/jpeg"}],"twitter_card":"summary_large_image","schema":{"@context":"https:\/\/schema.org","@graph":[{"@type":"WebPage","@id":"https:\/\/holderstechnology.com\/wireless-lighting-control\/fr\/produit\/evytra-casambi-switch\/","url":"https:\/\/holderstechnology.com\/wireless-lighting-control\/fr\/produit\/evytra-casambi-switch\/","name":"EVYTRA Casambi Rotary Dimmer | Holders Wireless Lighting Control","isPartOf":{"@id":"https:\/\/holderstechnology.com\/wireless-lighting-control\/#website"},"primaryImageOfPage":{"@id":"https:\/\/holderstechnology.com\/wireless-lighting-control\/fr\/produit\/evytra-casambi-switch\/#primaryimage"},"image":{"@id":"https:\/\/holderstechnology.com\/wireless-lighting-control\/fr\/produit\/evytra-casambi-switch\/#primaryimage"},"thumbnailUrl":"https:\/\/holderstechnology.com\/wireless-lighting-control\/wp-content\/uploads\/sites\/3\/2026\/03\/evytra-casambi-switch-glass-wall-switch.jpg","datePublished":"2026-03-12T10:33:25+00:00","dateModified":"2026-04-08T06:39:01+00:00","description":"D\u00e9couvrez le variateur rotatif EVYTRA Casambi. Une interface en verre haut de gamme pour une gradation pr\u00e9cise et un contr\u00f4le des sc\u00e8nes. Consultez les sp\u00e9cifications techniques pour les projets d'\u00e9clairage B2B.","breadcrumb":{"@id":"https:\/\/holderstechnology.com\/wireless-lighting-control\/fr\/produit\/evytra-casambi-switch\/#breadcrumb"},"inLanguage":"fr-FR","potentialAction":[{"@type":"ReadAction","target":["https:\/\/holderstechnology.com\/wireless-lighting-control\/fr\/produit\/evytra-casambi-switch\/"]}]},{"@type":"ImageObject","inLanguage":"fr-FR","@id":"https:\/\/holderstechnology.com\/wireless-lighting-control\/fr\/produit\/evytra-casambi-switch\/#primaryimage","url":"https:\/\/holderstechnology.com\/wireless-lighting-control\/wp-content\/uploads\/sites\/3\/2026\/03\/evytra-casambi-switch-glass-wall-switch.jpg","contentUrl":"https:\/\/holderstechnology.com\/wireless-lighting-control\/wp-content\/uploads\/sites\/3\/2026\/03\/evytra-casambi-switch-glass-wall-switch.jpg","width":896,"height":504,"caption":"Front view of the EVYTRA Casambi rotary dimmer featuring a black glass surface and tactile control knob"},{"@type":"BreadcrumbList","@id":"https:\/\/holderstechnology.com\/wireless-lighting-control\/fr\/produit\/evytra-casambi-switch\/#breadcrumb","itemListElement":[{"@type":"ListItem","position":1,"name":"&#8962;","item":"https:\/\/holderstechnology.com\/wireless-lighting-control\/"},{"@type":"ListItem","position":2,"name":"Products","item":"https:\/\/holderstechnology.com\/wireless-lighting-control\/products\/"},{"@type":"ListItem","position":3,"name":"EVYTRA Casambi Rotary Dimmer"}]},{"@type":"WebSite","@id":"https:\/\/holderstechnology.com\/wireless-lighting-control\/#website","url":"https:\/\/holderstechnology.com\/wireless-lighting-control\/","name":"Holders Wireless Lighting Control","description":"","publisher":{"@id":"https:\/\/holderstechnology.com\/wireless-lighting-control\/#organization"},"potentialAction":[{"@type":"SearchAction","target":{"@type":"EntryPoint","urlTemplate":"https:\/\/holderstechnology.com\/wireless-lighting-control\/?s={search_term_string}"},"query-input":{"@type":"PropertyValueSpecification","valueRequired":true,"valueName":"search_term_string"}}],"inLanguage":"fr-FR"},{"@type":"Organization","@id":"https:\/\/holderstechnology.com\/wireless-lighting-control\/#organization","name":"Holders Technology Group","url":"https:\/\/holderstechnology.com\/wireless-lighting-control\/","logo":{"@type":"ImageObject","inLanguage":"fr-FR","@id":"https:\/\/holderstechnology.com\/wireless-lighting-control\/#\/schema\/logo\/image\/","url":"https:\/\/holderstechnology.com\/wireless-lighting-control\/wp-content\/uploads\/sites\/3\/2024\/01\/logo_holders-technology.svg","contentUrl":"https:\/\/holderstechnology.com\/wireless-lighting-control\/wp-content\/uploads\/sites\/3\/2024\/01\/logo_holders-technology.svg","width":556,"height":66,"caption":"Holders Technology Group"},"image":{"@id":"https:\/\/holderstechnology.com\/wireless-lighting-control\/#\/schema\/logo\/image\/"}}]}},"_links":{"self":[{"href":"https:\/\/holderstechnology.com\/wireless-lighting-control\/fr\/wp-json\/wp\/v2\/product\/15601","targetHints":{"allow":["GET"]}}],"collection":[{"href":"https:\/\/holderstechnology.com\/wireless-lighting-control\/fr\/wp-json\/wp\/v2\/product"}],"about":[{"href":"https:\/\/holderstechnology.com\/wireless-lighting-control\/fr\/wp-json\/wp\/v2\/types\/product"}],"wp:featuredmedia":[{"embeddable":true,"href":"https:\/\/holderstechnology.com\/wireless-lighting-control\/fr\/wp-json\/wp\/v2\/media\/15597"}],"wp:attachment":[{"href":"https:\/\/holderstechnology.com\/wireless-lighting-control\/fr\/wp-json\/wp\/v2\/media?parent=15601"}],"wp:term":[{"taxonomy":"product_brand","embeddable":true,"href":"https:\/\/holderstechnology.com\/wireless-lighting-control\/fr\/wp-json\/wp\/v2\/product_brand?post=15601"},{"taxonomy":"product_cat","embeddable":true,"href":"https:\/\/holderstechnology.com\/wireless-lighting-control\/fr\/wp-json\/wp\/v2\/product_cat?post=15601"},{"taxonomy":"product_tag","embeddable":true,"href":"https:\/\/holderstechnology.com\/wireless-lighting-control\/fr\/wp-json\/wp\/v2\/product_tag?post=15601"},{"taxonomy":"berocket_brand","embeddable":true,"href":"https:\/\/holderstechnology.com\/wireless-lighting-control\/fr\/wp-json\/wp\/v2\/berocket_brand?post=15601"}],"curies":[{"name":"wp","href":"https:\/\/api.w.org\/{rel}","templated":true}]}}