{"id":2178,"date":"2021-01-06T13:20:30","date_gmt":"2021-02-18T15:08:22","guid":{"rendered":"https:\/\/holderstechnology.com\/wireless-lighting-control\/product\/liga-air-sp-1224\/"},"modified":"2021-02-18T15:48:40","modified_gmt":"2021-02-18T15:48:40","slug":"liga-air-sp-1224","status":"publish","type":"product","link":"https:\/\/holderstechnology.com\/wireless-lighting-control\/fr\/produit\/liga-air-sp-1224\/","title":{"rendered":"Liga.Air.SP.1224"},"content":{"rendered":"<p>Ce petit capteur de mouvement a une faible consommation d&rsquo;\u00e9nergie \u00e0 seulement 0,4 watts et est ultra-l\u00e9ger \u00e0 seulement 25 g. Il contient un PIR et un capteur de lumi\u00e8re pour la d\u00e9tection de mouvement \u00e0 l&rsquo;int\u00e9rieur et \u00e0 l&rsquo;ext\u00e9rieur. Son utilisation en conjonction avec Casambi permet de r\u00e9duire consid\u00e9rablement la consommation d&rsquo;\u00e9nergie en n&rsquo;utilisant la lumi\u00e8re que lorsque cela est n\u00e9cessaire. Des solutions Follow-Me, Swarm-Control et Active \/ Standby pour les applications dans les bureaux, l&rsquo;industrie, la vente au d\u00e9tail, l&rsquo;h\u00f4tellerie et l&rsquo;ext\u00e9rieur peuvent \u00e9galement \u00eatre mises en \u0153uvre.<\/p>\n<p>Le capteur est prot\u00e9g\u00e9 IP44, disponible en tant qu&rsquo;option encastr\u00e9e et mont\u00e9e en surface, et ne n\u00e9cessite qu&rsquo;une alimentation 12-24V ACDC.<\/p>\n","protected":false},"excerpt":{"rendered":"<p>Petit d\u00e9tecteur de mouvement (tout en un) &#8211; Contr\u00f4l\u00e9 par Bluetooth 12-24V<\/p>\n","protected":false},"featured_media":2179,"template":"","meta":{"_acf_changed":false,"inline_featured_image":false,"site-sidebar-layout":"default","site-content-layout":"","ast-site-content-layout":"default","site-content-style":"default","site-sidebar-style":"default","ast-global-header-display":"","ast-banner-title-visibility":"","ast-main-header-display":"","ast-hfb-above-header-display":"","ast-hfb-below-header-display":"","ast-hfb-mobile-header-display":"","site-post-title":"","ast-breadcrumbs-content":"","ast-featured-img":"","footer-sml-layout":"","ast-disable-related-posts":"","theme-transparent-header-meta":"","adv-header-id-meta":"","stick-header-meta":"","header-above-stick-meta":"","header-main-stick-meta":"","header-below-stick-meta":"","astra-migrate-meta-layouts":"default","ast-page-background-enabled":"default","ast-page-background-meta":{"desktop":{"background-color":"var(--ast-global-color-5)","background-image":"","background-repeat":"repeat","background-position":"center center","background-size":"auto","background-attachment":"scroll","background-type":"","background-media":"","overlay-type":"","overlay-color":"","overlay-opacity":"","overlay-gradient":""},"tablet":{"background-color":"","background-image":"","background-repeat":"repeat","background-position":"center center","background-size":"auto","background-attachment":"scroll","background-type":"","background-media":"","overlay-type":"","overlay-color":"","overlay-opacity":"","overlay-gradient":""},"mobile":{"background-color":"","background-image":"","background-repeat":"repeat","background-position":"center center","background-size":"auto","background-attachment":"scroll","background-type":"","background-media":"","overlay-type":"","overlay-color":"","overlay-opacity":"","overlay-gradient":""}},"ast-content-background-meta":{"desktop":{"background-color":"var(--ast-global-color-4)","background-image":"","background-repeat":"repeat","background-position":"center center","background-size":"auto","background-attachment":"scroll","background-type":"","background-media":"","overlay-type":"","overlay-color":"","overlay-opacity":"","overlay-gradient":""},"tablet":{"background-color":"var(--ast-global-color-4)","background-image":"","background-repeat":"repeat","background-position":"center center","background-size":"auto","background-attachment":"scroll","background-type":"","background-media":"","overlay-type":"","overlay-color":"","overlay-opacity":"","overlay-gradient":""},"mobile":{"background-color":"var(--ast-global-color-4)","background-image":"","background-repeat":"repeat","background-position":"center center","background-size":"auto","background-attachment":"scroll","background-type":"","background-media":"","overlay-type":"","overlay-color":"","overlay-opacity":"","overlay-gradient":""}}},"product_brand":[],"product_cat":[203],"product_tag":[],"berocket_brand":[206],"class_list":{"0":"post-2178","1":"product","2":"type-product","3":"status-publish","4":"has-post-thumbnail","6":"product_cat-monte-a-distance-capteurs","7":"berocket_brand-liga-air-fr","8":"desktop-align-left","9":"tablet-align-left","10":"mobile-align-left","12":"first","13":"instock","14":"product-type-simple"},"acf":[],"yoast_head":"<!-- This site is optimized with the Yoast SEO plugin v27.1.1 - https:\/\/yoast.com\/product\/yoast-seo-wordpress\/ -->\n<title>Liga.Air.SP.1224 | Holders Wireless Lighting Control<\/title>\n<meta name=\"robots\" content=\"index, follow, max-snippet:-1, max-image-preview:large, max-video-preview:-1\" \/>\n<link rel=\"canonical\" href=\"https:\/\/holderstechnology.com\/wireless-lighting-control\/fr\/produit\/liga-air-sp-1224\/\" \/>\n<meta property=\"og:locale\" content=\"fr_FR\" \/>\n<meta property=\"og:type\" content=\"article\" \/>\n<meta property=\"og:title\" content=\"Liga.Air.SP.1224 | Holders Wireless Lighting Control\" \/>\n<meta property=\"og:description\" content=\"Petit d\u00e9tecteur de mouvement (tout en un) - Contr\u00f4l\u00e9 par Bluetooth 12-24V\" \/>\n<meta property=\"og:url\" content=\"https:\/\/holderstechnology.com\/wireless-lighting-control\/fr\/produit\/liga-air-sp-1224\/\" \/>\n<meta property=\"og:site_name\" content=\"Holders Wireless Lighting Control\" \/>\n<meta property=\"article:modified_time\" content=\"2021-02-18T15:48:40+00:00\" \/>\n<meta property=\"og:image\" content=\"https:\/\/holderstechnology.com\/wireless-lighting-control\/wp-content\/uploads\/sites\/3\/2021\/01\/LIGA.air_.SP_.12-24.jpg\" \/>\n\t<meta property=\"og:image:width\" content=\"1442\" \/>\n\t<meta property=\"og:image:height\" content=\"1080\" \/>\n\t<meta property=\"og:image:type\" content=\"image\/jpeg\" \/>\n<meta name=\"twitter:card\" content=\"summary_large_image\" \/>\n<meta name=\"twitter:label1\" content=\"Dur\u00e9e de lecture estim\u00e9e\" \/>\n\t<meta name=\"twitter:data1\" content=\"1 minute\" \/>\n<script type=\"application\/ld+json\" class=\"yoast-schema-graph\">{\"@context\":\"https:\/\/schema.org\",\"@graph\":[{\"@type\":\"WebPage\",\"@id\":\"https:\/\/holderstechnology.com\/wireless-lighting-control\/fr\/produit\/liga-air-sp-1224\/\",\"url\":\"https:\/\/holderstechnology.com\/wireless-lighting-control\/fr\/produit\/liga-air-sp-1224\/\",\"name\":\"Liga.Air.SP.1224 | Holders Wireless Lighting Control\",\"isPartOf\":{\"@id\":\"https:\/\/holderstechnology.com\/wireless-lighting-control\/#website\"},\"primaryImageOfPage\":{\"@id\":\"https:\/\/holderstechnology.com\/wireless-lighting-control\/fr\/produit\/liga-air-sp-1224\/#primaryimage\"},\"image\":{\"@id\":\"https:\/\/holderstechnology.com\/wireless-lighting-control\/fr\/produit\/liga-air-sp-1224\/#primaryimage\"},\"thumbnailUrl\":\"https:\/\/holderstechnology.com\/wireless-lighting-control\/wp-content\/uploads\/sites\/3\/2021\/01\/LIGA.air_.SP_.12-24.jpg\",\"datePublished\":\"2021-02-18T15:08:22+00:00\",\"dateModified\":\"2021-02-18T15:48:40+00:00\",\"breadcrumb\":{\"@id\":\"https:\/\/holderstechnology.com\/wireless-lighting-control\/fr\/produit\/liga-air-sp-1224\/#breadcrumb\"},\"inLanguage\":\"fr-FR\",\"potentialAction\":[{\"@type\":\"ReadAction\",\"target\":[\"https:\/\/holderstechnology.com\/wireless-lighting-control\/fr\/produit\/liga-air-sp-1224\/\"]}]},{\"@type\":\"ImageObject\",\"inLanguage\":\"fr-FR\",\"@id\":\"https:\/\/holderstechnology.com\/wireless-lighting-control\/fr\/produit\/liga-air-sp-1224\/#primaryimage\",\"url\":\"https:\/\/holderstechnology.com\/wireless-lighting-control\/wp-content\/uploads\/sites\/3\/2021\/01\/LIGA.air_.SP_.12-24.jpg\",\"contentUrl\":\"https:\/\/holderstechnology.com\/wireless-lighting-control\/wp-content\/uploads\/sites\/3\/2021\/01\/LIGA.air_.SP_.12-24.jpg\",\"width\":1442,\"height\":1080},{\"@type\":\"BreadcrumbList\",\"@id\":\"https:\/\/holderstechnology.com\/wireless-lighting-control\/fr\/produit\/liga-air-sp-1224\/#breadcrumb\",\"itemListElement\":[{\"@type\":\"ListItem\",\"position\":1,\"name\":\"&#8962;\",\"item\":\"https:\/\/holderstechnology.com\/wireless-lighting-control\/\"},{\"@type\":\"ListItem\",\"position\":2,\"name\":\"Products\",\"item\":\"https:\/\/holderstechnology.com\/wireless-lighting-control\/products\/\"},{\"@type\":\"ListItem\",\"position\":3,\"name\":\"Liga.Air.SP.1224\"}]},{\"@type\":\"WebSite\",\"@id\":\"https:\/\/holderstechnology.com\/wireless-lighting-control\/#website\",\"url\":\"https:\/\/holderstechnology.com\/wireless-lighting-control\/\",\"name\":\"Holders Wireless Lighting Control\",\"description\":\"\",\"publisher\":{\"@id\":\"https:\/\/holderstechnology.com\/wireless-lighting-control\/#organization\"},\"potentialAction\":[{\"@type\":\"SearchAction\",\"target\":{\"@type\":\"EntryPoint\",\"urlTemplate\":\"https:\/\/holderstechnology.com\/wireless-lighting-control\/?s={search_term_string}\"},\"query-input\":{\"@type\":\"PropertyValueSpecification\",\"valueRequired\":true,\"valueName\":\"search_term_string\"}}],\"inLanguage\":\"fr-FR\"},{\"@type\":\"Organization\",\"@id\":\"https:\/\/holderstechnology.com\/wireless-lighting-control\/#organization\",\"name\":\"Holders Technology Group\",\"url\":\"https:\/\/holderstechnology.com\/wireless-lighting-control\/\",\"logo\":{\"@type\":\"ImageObject\",\"inLanguage\":\"fr-FR\",\"@id\":\"https:\/\/holderstechnology.com\/wireless-lighting-control\/#\/schema\/logo\/image\/\",\"url\":\"https:\/\/holderstechnology.com\/wireless-lighting-control\/wp-content\/uploads\/sites\/3\/2024\/01\/logo_holders-technology.svg\",\"contentUrl\":\"https:\/\/holderstechnology.com\/wireless-lighting-control\/wp-content\/uploads\/sites\/3\/2024\/01\/logo_holders-technology.svg\",\"width\":556,\"height\":66,\"caption\":\"Holders Technology Group\"},\"image\":{\"@id\":\"https:\/\/holderstechnology.com\/wireless-lighting-control\/#\/schema\/logo\/image\/\"}}]}<\/script>\n<!-- \/ Yoast SEO plugin. -->","yoast_head_json":{"title":"Liga.Air.SP.1224 | Holders Wireless Lighting Control","robots":{"index":"index","follow":"follow","max-snippet":"max-snippet:-1","max-image-preview":"max-image-preview:large","max-video-preview":"max-video-preview:-1"},"canonical":"https:\/\/holderstechnology.com\/wireless-lighting-control\/fr\/produit\/liga-air-sp-1224\/","og_locale":"fr_FR","og_type":"article","og_title":"Liga.Air.SP.1224 | Holders Wireless Lighting Control","og_description":"Petit d\u00e9tecteur de mouvement (tout en un) - Contr\u00f4l\u00e9 par Bluetooth 12-24V","og_url":"https:\/\/holderstechnology.com\/wireless-lighting-control\/fr\/produit\/liga-air-sp-1224\/","og_site_name":"Holders Wireless Lighting Control","article_modified_time":"2021-02-18T15:48:40+00:00","og_image":[{"width":1442,"height":1080,"url":"https:\/\/holderstechnology.com\/wireless-lighting-control\/wp-content\/uploads\/sites\/3\/2021\/01\/LIGA.air_.SP_.12-24.jpg","type":"image\/jpeg"}],"twitter_card":"summary_large_image","twitter_misc":{"Dur\u00e9e de lecture estim\u00e9e":"1 minute"},"schema":{"@context":"https:\/\/schema.org","@graph":[{"@type":"WebPage","@id":"https:\/\/holderstechnology.com\/wireless-lighting-control\/fr\/produit\/liga-air-sp-1224\/","url":"https:\/\/holderstechnology.com\/wireless-lighting-control\/fr\/produit\/liga-air-sp-1224\/","name":"Liga.Air.SP.1224 | Holders Wireless Lighting Control","isPartOf":{"@id":"https:\/\/holderstechnology.com\/wireless-lighting-control\/#website"},"primaryImageOfPage":{"@id":"https:\/\/holderstechnology.com\/wireless-lighting-control\/fr\/produit\/liga-air-sp-1224\/#primaryimage"},"image":{"@id":"https:\/\/holderstechnology.com\/wireless-lighting-control\/fr\/produit\/liga-air-sp-1224\/#primaryimage"},"thumbnailUrl":"https:\/\/holderstechnology.com\/wireless-lighting-control\/wp-content\/uploads\/sites\/3\/2021\/01\/LIGA.air_.SP_.12-24.jpg","datePublished":"2021-02-18T15:08:22+00:00","dateModified":"2021-02-18T15:48:40+00:00","breadcrumb":{"@id":"https:\/\/holderstechnology.com\/wireless-lighting-control\/fr\/produit\/liga-air-sp-1224\/#breadcrumb"},"inLanguage":"fr-FR","potentialAction":[{"@type":"ReadAction","target":["https:\/\/holderstechnology.com\/wireless-lighting-control\/fr\/produit\/liga-air-sp-1224\/"]}]},{"@type":"ImageObject","inLanguage":"fr-FR","@id":"https:\/\/holderstechnology.com\/wireless-lighting-control\/fr\/produit\/liga-air-sp-1224\/#primaryimage","url":"https:\/\/holderstechnology.com\/wireless-lighting-control\/wp-content\/uploads\/sites\/3\/2021\/01\/LIGA.air_.SP_.12-24.jpg","contentUrl":"https:\/\/holderstechnology.com\/wireless-lighting-control\/wp-content\/uploads\/sites\/3\/2021\/01\/LIGA.air_.SP_.12-24.jpg","width":1442,"height":1080},{"@type":"BreadcrumbList","@id":"https:\/\/holderstechnology.com\/wireless-lighting-control\/fr\/produit\/liga-air-sp-1224\/#breadcrumb","itemListElement":[{"@type":"ListItem","position":1,"name":"&#8962;","item":"https:\/\/holderstechnology.com\/wireless-lighting-control\/"},{"@type":"ListItem","position":2,"name":"Products","item":"https:\/\/holderstechnology.com\/wireless-lighting-control\/products\/"},{"@type":"ListItem","position":3,"name":"Liga.Air.SP.1224"}]},{"@type":"WebSite","@id":"https:\/\/holderstechnology.com\/wireless-lighting-control\/#website","url":"https:\/\/holderstechnology.com\/wireless-lighting-control\/","name":"Holders Wireless Lighting Control","description":"","publisher":{"@id":"https:\/\/holderstechnology.com\/wireless-lighting-control\/#organization"},"potentialAction":[{"@type":"SearchAction","target":{"@type":"EntryPoint","urlTemplate":"https:\/\/holderstechnology.com\/wireless-lighting-control\/?s={search_term_string}"},"query-input":{"@type":"PropertyValueSpecification","valueRequired":true,"valueName":"search_term_string"}}],"inLanguage":"fr-FR"},{"@type":"Organization","@id":"https:\/\/holderstechnology.com\/wireless-lighting-control\/#organization","name":"Holders Technology Group","url":"https:\/\/holderstechnology.com\/wireless-lighting-control\/","logo":{"@type":"ImageObject","inLanguage":"fr-FR","@id":"https:\/\/holderstechnology.com\/wireless-lighting-control\/#\/schema\/logo\/image\/","url":"https:\/\/holderstechnology.com\/wireless-lighting-control\/wp-content\/uploads\/sites\/3\/2024\/01\/logo_holders-technology.svg","contentUrl":"https:\/\/holderstechnology.com\/wireless-lighting-control\/wp-content\/uploads\/sites\/3\/2024\/01\/logo_holders-technology.svg","width":556,"height":66,"caption":"Holders Technology Group"},"image":{"@id":"https:\/\/holderstechnology.com\/wireless-lighting-control\/#\/schema\/logo\/image\/"}}]}},"_links":{"self":[{"href":"https:\/\/holderstechnology.com\/wireless-lighting-control\/fr\/wp-json\/wp\/v2\/product\/2178","targetHints":{"allow":["GET"]}}],"collection":[{"href":"https:\/\/holderstechnology.com\/wireless-lighting-control\/fr\/wp-json\/wp\/v2\/product"}],"about":[{"href":"https:\/\/holderstechnology.com\/wireless-lighting-control\/fr\/wp-json\/wp\/v2\/types\/product"}],"wp:featuredmedia":[{"embeddable":true,"href":"https:\/\/holderstechnology.com\/wireless-lighting-control\/fr\/wp-json\/wp\/v2\/media\/2179"}],"wp:attachment":[{"href":"https:\/\/holderstechnology.com\/wireless-lighting-control\/fr\/wp-json\/wp\/v2\/media?parent=2178"}],"wp:term":[{"taxonomy":"product_brand","embeddable":true,"href":"https:\/\/holderstechnology.com\/wireless-lighting-control\/fr\/wp-json\/wp\/v2\/product_brand?post=2178"},{"taxonomy":"product_cat","embeddable":true,"href":"https:\/\/holderstechnology.com\/wireless-lighting-control\/fr\/wp-json\/wp\/v2\/product_cat?post=2178"},{"taxonomy":"product_tag","embeddable":true,"href":"https:\/\/holderstechnology.com\/wireless-lighting-control\/fr\/wp-json\/wp\/v2\/product_tag?post=2178"},{"taxonomy":"berocket_brand","embeddable":true,"href":"https:\/\/holderstechnology.com\/wireless-lighting-control\/fr\/wp-json\/wp\/v2\/berocket_brand?post=2178"}],"curies":[{"name":"wp","href":"https:\/\/api.w.org\/{rel}","templated":true}]}}