{"id":2279,"date":"2021-01-06T13:20:24","date_gmt":"2021-02-23T11:00:26","guid":{"rendered":"https:\/\/holderstechnology.com\/wireless-lighting-control\/product\/cbu-cedrp\/"},"modified":"2021-02-23T11:17:42","modified_gmt":"2021-02-23T11:17:42","slug":"cbu-cedrp-2","status":"publish","type":"product","link":"https:\/\/holderstechnology.com\/wireless-lighting-control\/fr\/produit\/cbu-cedrp-2\/","title":{"rendered":"CBU-CEDRP"},"content":{"rendered":"<p>Ce capteur directionnel peut \u00eatre branch\u00e9 dans une prise de courant mont\u00e9e au plafond (non incluse). La prise peut \u00eatre mont\u00e9e sur une bo\u00eete BESA ou une bo\u00eete \u00e0 pattress appropri\u00e9e. Avec un faisceau de d\u00e9tection de 120 degr\u00e9s, le capteur a une port\u00e9e effective allant jusqu&rsquo;\u00e0 10 m et comprend un capteur de lumi\u00e8re int\u00e9gr\u00e9 pour la gradation de la lumi\u00e8re du jour ou le fonctionnement par cellule photo\u00e9lectrique.<\/p>\n<p>Convient \u00e0 la plupart des applications, notamment commerciales, industrielles, \u00e9ducatives, de l&rsquo;h\u00f4tellerie au d\u00e9tail et bien d&rsquo;autres encore.<\/p>\n<p>DANLERS Limited fabrique une gamme de commandes d&rsquo;\u00e9conomie d&rsquo;\u00e9nergie compatibles avec Casambi pour l&rsquo;int\u00e9gration avec d&rsquo;autres produits compatibles avec CASAMBI. Comme tous les produits Casambi, ces contr\u00f4les formeront automatiquement un r\u00e9seau maill\u00e9 sans fil. L&rsquo;\u00e9clairage peut \u00eatre facilement contr\u00f4l\u00e9 par l&rsquo;application Casambi avec des r\u00e9glages enti\u00e8rement ajustables, cr\u00e9ant ainsi une solution d&rsquo;\u00e9conomie d&rsquo;\u00e9nergie rentable.<\/p>\n","protected":false},"excerpt":{"rendered":"<p>D\u00e9tecteur d&rsquo;occupation \u00e0 infrarouge passif directionnel (PIR) enfichable et cellule photo\u00e9lectrique<\/p>\n","protected":false},"featured_media":2280,"template":"","meta":{"_acf_changed":false,"inline_featured_image":false,"site-sidebar-layout":"default","site-content-layout":"","ast-site-content-layout":"default","site-content-style":"default","site-sidebar-style":"default","ast-global-header-display":"","ast-banner-title-visibility":"","ast-main-header-display":"","ast-hfb-above-header-display":"","ast-hfb-below-header-display":"","ast-hfb-mobile-header-display":"","site-post-title":"","ast-breadcrumbs-content":"","ast-featured-img":"","footer-sml-layout":"","ast-disable-related-posts":"","theme-transparent-header-meta":"","adv-header-id-meta":"","stick-header-meta":"","header-above-stick-meta":"","header-main-stick-meta":"","header-below-stick-meta":"","astra-migrate-meta-layouts":"default","ast-page-background-enabled":"default","ast-page-background-meta":{"desktop":{"background-color":"var(--ast-global-color-5)","background-image":"","background-repeat":"repeat","background-position":"center center","background-size":"auto","background-attachment":"scroll","background-type":"","background-media":"","overlay-type":"","overlay-color":"","overlay-opacity":"","overlay-gradient":""},"tablet":{"background-color":"","background-image":"","background-repeat":"repeat","background-position":"center center","background-size":"auto","background-attachment":"scroll","background-type":"","background-media":"","overlay-type":"","overlay-color":"","overlay-opacity":"","overlay-gradient":""},"mobile":{"background-color":"","background-image":"","background-repeat":"repeat","background-position":"center center","background-size":"auto","background-attachment":"scroll","background-type":"","background-media":"","overlay-type":"","overlay-color":"","overlay-opacity":"","overlay-gradient":""}},"ast-content-background-meta":{"desktop":{"background-color":"var(--ast-global-color-4)","background-image":"","background-repeat":"repeat","background-position":"center center","background-size":"auto","background-attachment":"scroll","background-type":"","background-media":"","overlay-type":"","overlay-color":"","overlay-opacity":"","overlay-gradient":""},"tablet":{"background-color":"var(--ast-global-color-4)","background-image":"","background-repeat":"repeat","background-position":"center center","background-size":"auto","background-attachment":"scroll","background-type":"","background-media":"","overlay-type":"","overlay-color":"","overlay-opacity":"","overlay-gradient":""},"mobile":{"background-color":"var(--ast-global-color-4)","background-image":"","background-repeat":"repeat","background-position":"center center","background-size":"auto","background-attachment":"scroll","background-type":"","background-media":"","overlay-type":"","overlay-color":"","overlay-opacity":"","overlay-gradient":""}}},"product_brand":[],"product_cat":[203],"product_tag":[],"berocket_brand":[218],"class_list":{"0":"post-2279","1":"product","2":"type-product","3":"status-publish","4":"has-post-thumbnail","6":"product_cat-monte-a-distance-capteurs","7":"berocket_brand-danseurs","8":"desktop-align-left","9":"tablet-align-left","10":"mobile-align-left","12":"first","13":"instock","14":"product-type-simple"},"acf":[],"yoast_head":"<!-- This site is optimized with the Yoast SEO plugin v27.3 - https:\/\/yoast.com\/product\/yoast-seo-wordpress\/ -->\n<title>CBU-CEDRP | Holders Wireless Lighting Control<\/title>\n<meta name=\"robots\" content=\"index, follow, max-snippet:-1, max-image-preview:large, max-video-preview:-1\" \/>\n<link rel=\"canonical\" href=\"https:\/\/holderstechnology.com\/wireless-lighting-control\/fr\/produit\/cbu-cedrp-2\/\" \/>\n<meta property=\"og:locale\" content=\"fr_FR\" \/>\n<meta property=\"og:type\" content=\"article\" \/>\n<meta property=\"og:title\" content=\"CBU-CEDRP | Holders Wireless Lighting Control\" \/>\n<meta property=\"og:description\" content=\"D\u00e9tecteur d&#039;occupation \u00e0 infrarouge passif directionnel (PIR) enfichable et cellule photo\u00e9lectrique\" \/>\n<meta property=\"og:url\" content=\"https:\/\/holderstechnology.com\/wireless-lighting-control\/fr\/produit\/cbu-cedrp-2\/\" \/>\n<meta property=\"og:site_name\" content=\"Holders Wireless Lighting Control\" \/>\n<meta property=\"article:modified_time\" content=\"2021-02-23T11:17:42+00:00\" \/>\n<meta property=\"og:image\" content=\"https:\/\/holderstechnology.com\/wireless-lighting-control\/wp-content\/uploads\/sites\/3\/2020\/12\/CBU-CEDRP.jpg\" \/>\n\t<meta property=\"og:image:width\" content=\"653\" \/>\n\t<meta property=\"og:image:height\" content=\"600\" \/>\n\t<meta property=\"og:image:type\" content=\"image\/jpeg\" \/>\n<meta name=\"twitter:card\" content=\"summary_large_image\" \/>\n<meta name=\"twitter:label1\" content=\"Dur\u00e9e de lecture estim\u00e9e\" \/>\n\t<meta name=\"twitter:data1\" content=\"1 minute\" \/>\n<script type=\"application\/ld+json\" class=\"yoast-schema-graph\">{\"@context\":\"https:\\\/\\\/schema.org\",\"@graph\":[{\"@type\":\"WebPage\",\"@id\":\"https:\\\/\\\/holderstechnology.com\\\/wireless-lighting-control\\\/fr\\\/produit\\\/cbu-cedrp-2\\\/\",\"url\":\"https:\\\/\\\/holderstechnology.com\\\/wireless-lighting-control\\\/fr\\\/produit\\\/cbu-cedrp-2\\\/\",\"name\":\"CBU-CEDRP | Holders Wireless Lighting Control\",\"isPartOf\":{\"@id\":\"https:\\\/\\\/holderstechnology.com\\\/wireless-lighting-control\\\/#website\"},\"primaryImageOfPage\":{\"@id\":\"https:\\\/\\\/holderstechnology.com\\\/wireless-lighting-control\\\/fr\\\/produit\\\/cbu-cedrp-2\\\/#primaryimage\"},\"image\":{\"@id\":\"https:\\\/\\\/holderstechnology.com\\\/wireless-lighting-control\\\/fr\\\/produit\\\/cbu-cedrp-2\\\/#primaryimage\"},\"thumbnailUrl\":\"https:\\\/\\\/holderstechnology.com\\\/wireless-lighting-control\\\/wp-content\\\/uploads\\\/sites\\\/3\\\/2020\\\/12\\\/CBU-CEDRP.jpg\",\"datePublished\":\"2021-02-23T11:00:26+00:00\",\"dateModified\":\"2021-02-23T11:17:42+00:00\",\"breadcrumb\":{\"@id\":\"https:\\\/\\\/holderstechnology.com\\\/wireless-lighting-control\\\/fr\\\/produit\\\/cbu-cedrp-2\\\/#breadcrumb\"},\"inLanguage\":\"fr-FR\",\"potentialAction\":[{\"@type\":\"ReadAction\",\"target\":[\"https:\\\/\\\/holderstechnology.com\\\/wireless-lighting-control\\\/fr\\\/produit\\\/cbu-cedrp-2\\\/\"]}]},{\"@type\":\"ImageObject\",\"inLanguage\":\"fr-FR\",\"@id\":\"https:\\\/\\\/holderstechnology.com\\\/wireless-lighting-control\\\/fr\\\/produit\\\/cbu-cedrp-2\\\/#primaryimage\",\"url\":\"https:\\\/\\\/holderstechnology.com\\\/wireless-lighting-control\\\/wp-content\\\/uploads\\\/sites\\\/3\\\/2020\\\/12\\\/CBU-CEDRP.jpg\",\"contentUrl\":\"https:\\\/\\\/holderstechnology.com\\\/wireless-lighting-control\\\/wp-content\\\/uploads\\\/sites\\\/3\\\/2020\\\/12\\\/CBU-CEDRP.jpg\",\"width\":653,\"height\":600},{\"@type\":\"BreadcrumbList\",\"@id\":\"https:\\\/\\\/holderstechnology.com\\\/wireless-lighting-control\\\/fr\\\/produit\\\/cbu-cedrp-2\\\/#breadcrumb\",\"itemListElement\":[{\"@type\":\"ListItem\",\"position\":1,\"name\":\"&#8962;\",\"item\":\"https:\\\/\\\/holderstechnology.com\\\/wireless-lighting-control\\\/\"},{\"@type\":\"ListItem\",\"position\":2,\"name\":\"Products\",\"item\":\"https:\\\/\\\/holderstechnology.com\\\/wireless-lighting-control\\\/products\\\/\"},{\"@type\":\"ListItem\",\"position\":3,\"name\":\"CBU-CEDRP\"}]},{\"@type\":\"WebSite\",\"@id\":\"https:\\\/\\\/holderstechnology.com\\\/wireless-lighting-control\\\/#website\",\"url\":\"https:\\\/\\\/holderstechnology.com\\\/wireless-lighting-control\\\/\",\"name\":\"Holders Wireless Lighting Control\",\"description\":\"\",\"publisher\":{\"@id\":\"https:\\\/\\\/holderstechnology.com\\\/wireless-lighting-control\\\/#organization\"},\"potentialAction\":[{\"@type\":\"SearchAction\",\"target\":{\"@type\":\"EntryPoint\",\"urlTemplate\":\"https:\\\/\\\/holderstechnology.com\\\/wireless-lighting-control\\\/?s={search_term_string}\"},\"query-input\":{\"@type\":\"PropertyValueSpecification\",\"valueRequired\":true,\"valueName\":\"search_term_string\"}}],\"inLanguage\":\"fr-FR\"},{\"@type\":\"Organization\",\"@id\":\"https:\\\/\\\/holderstechnology.com\\\/wireless-lighting-control\\\/#organization\",\"name\":\"Holders Technology Group\",\"url\":\"https:\\\/\\\/holderstechnology.com\\\/wireless-lighting-control\\\/\",\"logo\":{\"@type\":\"ImageObject\",\"inLanguage\":\"fr-FR\",\"@id\":\"https:\\\/\\\/holderstechnology.com\\\/wireless-lighting-control\\\/#\\\/schema\\\/logo\\\/image\\\/\",\"url\":\"https:\\\/\\\/holderstechnology.com\\\/wireless-lighting-control\\\/wp-content\\\/uploads\\\/sites\\\/3\\\/2024\\\/01\\\/logo_holders-technology.svg\",\"contentUrl\":\"https:\\\/\\\/holderstechnology.com\\\/wireless-lighting-control\\\/wp-content\\\/uploads\\\/sites\\\/3\\\/2024\\\/01\\\/logo_holders-technology.svg\",\"width\":556,\"height\":66,\"caption\":\"Holders Technology Group\"},\"image\":{\"@id\":\"https:\\\/\\\/holderstechnology.com\\\/wireless-lighting-control\\\/#\\\/schema\\\/logo\\\/image\\\/\"}}]}<\/script>\n<!-- \/ Yoast SEO plugin. -->","yoast_head_json":{"title":"CBU-CEDRP | Holders Wireless Lighting Control","robots":{"index":"index","follow":"follow","max-snippet":"max-snippet:-1","max-image-preview":"max-image-preview:large","max-video-preview":"max-video-preview:-1"},"canonical":"https:\/\/holderstechnology.com\/wireless-lighting-control\/fr\/produit\/cbu-cedrp-2\/","og_locale":"fr_FR","og_type":"article","og_title":"CBU-CEDRP | Holders Wireless Lighting Control","og_description":"D\u00e9tecteur d'occupation \u00e0 infrarouge passif directionnel (PIR) enfichable et cellule photo\u00e9lectrique","og_url":"https:\/\/holderstechnology.com\/wireless-lighting-control\/fr\/produit\/cbu-cedrp-2\/","og_site_name":"Holders Wireless Lighting Control","article_modified_time":"2021-02-23T11:17:42+00:00","og_image":[{"width":653,"height":600,"url":"https:\/\/holderstechnology.com\/wireless-lighting-control\/wp-content\/uploads\/sites\/3\/2020\/12\/CBU-CEDRP.jpg","type":"image\/jpeg"}],"twitter_card":"summary_large_image","twitter_misc":{"Dur\u00e9e de lecture estim\u00e9e":"1 minute"},"schema":{"@context":"https:\/\/schema.org","@graph":[{"@type":"WebPage","@id":"https:\/\/holderstechnology.com\/wireless-lighting-control\/fr\/produit\/cbu-cedrp-2\/","url":"https:\/\/holderstechnology.com\/wireless-lighting-control\/fr\/produit\/cbu-cedrp-2\/","name":"CBU-CEDRP | Holders Wireless Lighting Control","isPartOf":{"@id":"https:\/\/holderstechnology.com\/wireless-lighting-control\/#website"},"primaryImageOfPage":{"@id":"https:\/\/holderstechnology.com\/wireless-lighting-control\/fr\/produit\/cbu-cedrp-2\/#primaryimage"},"image":{"@id":"https:\/\/holderstechnology.com\/wireless-lighting-control\/fr\/produit\/cbu-cedrp-2\/#primaryimage"},"thumbnailUrl":"https:\/\/holderstechnology.com\/wireless-lighting-control\/wp-content\/uploads\/sites\/3\/2020\/12\/CBU-CEDRP.jpg","datePublished":"2021-02-23T11:00:26+00:00","dateModified":"2021-02-23T11:17:42+00:00","breadcrumb":{"@id":"https:\/\/holderstechnology.com\/wireless-lighting-control\/fr\/produit\/cbu-cedrp-2\/#breadcrumb"},"inLanguage":"fr-FR","potentialAction":[{"@type":"ReadAction","target":["https:\/\/holderstechnology.com\/wireless-lighting-control\/fr\/produit\/cbu-cedrp-2\/"]}]},{"@type":"ImageObject","inLanguage":"fr-FR","@id":"https:\/\/holderstechnology.com\/wireless-lighting-control\/fr\/produit\/cbu-cedrp-2\/#primaryimage","url":"https:\/\/holderstechnology.com\/wireless-lighting-control\/wp-content\/uploads\/sites\/3\/2020\/12\/CBU-CEDRP.jpg","contentUrl":"https:\/\/holderstechnology.com\/wireless-lighting-control\/wp-content\/uploads\/sites\/3\/2020\/12\/CBU-CEDRP.jpg","width":653,"height":600},{"@type":"BreadcrumbList","@id":"https:\/\/holderstechnology.com\/wireless-lighting-control\/fr\/produit\/cbu-cedrp-2\/#breadcrumb","itemListElement":[{"@type":"ListItem","position":1,"name":"&#8962;","item":"https:\/\/holderstechnology.com\/wireless-lighting-control\/"},{"@type":"ListItem","position":2,"name":"Products","item":"https:\/\/holderstechnology.com\/wireless-lighting-control\/products\/"},{"@type":"ListItem","position":3,"name":"CBU-CEDRP"}]},{"@type":"WebSite","@id":"https:\/\/holderstechnology.com\/wireless-lighting-control\/#website","url":"https:\/\/holderstechnology.com\/wireless-lighting-control\/","name":"Holders Wireless Lighting Control","description":"","publisher":{"@id":"https:\/\/holderstechnology.com\/wireless-lighting-control\/#organization"},"potentialAction":[{"@type":"SearchAction","target":{"@type":"EntryPoint","urlTemplate":"https:\/\/holderstechnology.com\/wireless-lighting-control\/?s={search_term_string}"},"query-input":{"@type":"PropertyValueSpecification","valueRequired":true,"valueName":"search_term_string"}}],"inLanguage":"fr-FR"},{"@type":"Organization","@id":"https:\/\/holderstechnology.com\/wireless-lighting-control\/#organization","name":"Holders Technology Group","url":"https:\/\/holderstechnology.com\/wireless-lighting-control\/","logo":{"@type":"ImageObject","inLanguage":"fr-FR","@id":"https:\/\/holderstechnology.com\/wireless-lighting-control\/#\/schema\/logo\/image\/","url":"https:\/\/holderstechnology.com\/wireless-lighting-control\/wp-content\/uploads\/sites\/3\/2024\/01\/logo_holders-technology.svg","contentUrl":"https:\/\/holderstechnology.com\/wireless-lighting-control\/wp-content\/uploads\/sites\/3\/2024\/01\/logo_holders-technology.svg","width":556,"height":66,"caption":"Holders Technology Group"},"image":{"@id":"https:\/\/holderstechnology.com\/wireless-lighting-control\/#\/schema\/logo\/image\/"}}]}},"_links":{"self":[{"href":"https:\/\/holderstechnology.com\/wireless-lighting-control\/fr\/wp-json\/wp\/v2\/product\/2279","targetHints":{"allow":["GET"]}}],"collection":[{"href":"https:\/\/holderstechnology.com\/wireless-lighting-control\/fr\/wp-json\/wp\/v2\/product"}],"about":[{"href":"https:\/\/holderstechnology.com\/wireless-lighting-control\/fr\/wp-json\/wp\/v2\/types\/product"}],"wp:featuredmedia":[{"embeddable":true,"href":"https:\/\/holderstechnology.com\/wireless-lighting-control\/fr\/wp-json\/wp\/v2\/media\/2280"}],"wp:attachment":[{"href":"https:\/\/holderstechnology.com\/wireless-lighting-control\/fr\/wp-json\/wp\/v2\/media?parent=2279"}],"wp:term":[{"taxonomy":"product_brand","embeddable":true,"href":"https:\/\/holderstechnology.com\/wireless-lighting-control\/fr\/wp-json\/wp\/v2\/product_brand?post=2279"},{"taxonomy":"product_cat","embeddable":true,"href":"https:\/\/holderstechnology.com\/wireless-lighting-control\/fr\/wp-json\/wp\/v2\/product_cat?post=2279"},{"taxonomy":"product_tag","embeddable":true,"href":"https:\/\/holderstechnology.com\/wireless-lighting-control\/fr\/wp-json\/wp\/v2\/product_tag?post=2279"},{"taxonomy":"berocket_brand","embeddable":true,"href":"https:\/\/holderstechnology.com\/wireless-lighting-control\/fr\/wp-json\/wp\/v2\/berocket_brand?post=2279"}],"curies":[{"name":"wp","href":"https:\/\/api.w.org\/{rel}","templated":true}]}}