{"id":2495,"date":"2021-01-06T13:20:46","date_gmt":"2021-03-03T10:38:06","guid":{"rendered":"https:\/\/holderstechnology.com\/wireless-lighting-control\/product\/vadsbo-ld220\/"},"modified":"2021-03-03T10:48:33","modified_gmt":"2021-03-03T10:48:33","slug":"vadsbo-ld220-2","status":"publish","type":"product","link":"https:\/\/holderstechnology.com\/wireless-lighting-control\/fr\/produit\/vadsbo-ld220-2\/","title":{"rendered":"Vadsbo LD220"},"content":{"rendered":"<p><span style=\"font-weight: 400\">Le LD220 de Vadsbo est un gradateur de LED Casambi de 200 VA, \u00e9galement compatible avec d&rsquo;autres sources lumineuses \u00e0 gradation sur secteur telles que les lampes halog\u00e8nes ou \u00e0 incandescence. Avec une gradation jusqu&rsquo;\u00e0 l&rsquo;extinction, ce variateur rend le contr\u00f4le des circuits d&rsquo;\u00e9clairage via Casambi simple et rapide \u00e0 installer. Con\u00e7u pour tenir dans un bo\u00eetier d&rsquo;interrupteur, le LD220 est suffisamment petit pour \u00eatre install\u00e9 partout o\u00f9 il est pratique et peut prendre un contact sous tension momentan\u00e9 pour agir comme un interrupteur Casambi afin de contr\u00f4ler la charge connect\u00e9e ou tout autre appareil du r\u00e9seau. <\/span><\/p>\n<p><span style=\"font-weight: 400\">Pour simplifier encore plus l&rsquo;installation, le LD220 peut \u00eatre fourni dans la CBU-BOX avec des bornes L, N et E \u00e0 enfoncer, une d\u00e9charge de traction de c\u00e2ble et une queue de sortie pr\u00e9c\u00e2bl\u00e9e de 0,5 m. Il suffit de demander <\/span><i><span style=\"font-weight: 400\">CBU-BOX-LD220<\/span><\/i><span style=\"font-weight: 400\">.<\/span><\/p>\n","protected":false},"excerpt":{"rendered":"<p>Variateur LED command\u00e9 par Bluetooth<\/p>\n","protected":false},"featured_media":2496,"template":"","meta":{"_acf_changed":false,"inline_featured_image":false,"site-sidebar-layout":"default","site-content-layout":"","ast-site-content-layout":"default","site-content-style":"default","site-sidebar-style":"default","ast-global-header-display":"","ast-banner-title-visibility":"","ast-main-header-display":"","ast-hfb-above-header-display":"","ast-hfb-below-header-display":"","ast-hfb-mobile-header-display":"","site-post-title":"","ast-breadcrumbs-content":"","ast-featured-img":"","footer-sml-layout":"","ast-disable-related-posts":"","theme-transparent-header-meta":"","adv-header-id-meta":"","stick-header-meta":"","header-above-stick-meta":"","header-main-stick-meta":"","header-below-stick-meta":"","astra-migrate-meta-layouts":"default","ast-page-background-enabled":"default","ast-page-background-meta":{"desktop":{"background-color":"var(--ast-global-color-5)","background-image":"","background-repeat":"repeat","background-position":"center center","background-size":"auto","background-attachment":"scroll","background-type":"","background-media":"","overlay-type":"","overlay-color":"","overlay-opacity":"","overlay-gradient":""},"tablet":{"background-color":"","background-image":"","background-repeat":"repeat","background-position":"center center","background-size":"auto","background-attachment":"scroll","background-type":"","background-media":"","overlay-type":"","overlay-color":"","overlay-opacity":"","overlay-gradient":""},"mobile":{"background-color":"","background-image":"","background-repeat":"repeat","background-position":"center center","background-size":"auto","background-attachment":"scroll","background-type":"","background-media":"","overlay-type":"","overlay-color":"","overlay-opacity":"","overlay-gradient":""}},"ast-content-background-meta":{"desktop":{"background-color":"var(--ast-global-color-4)","background-image":"","background-repeat":"repeat","background-position":"center center","background-size":"auto","background-attachment":"scroll","background-type":"","background-media":"","overlay-type":"","overlay-color":"","overlay-opacity":"","overlay-gradient":""},"tablet":{"background-color":"var(--ast-global-color-4)","background-image":"","background-repeat":"repeat","background-position":"center center","background-size":"auto","background-attachment":"scroll","background-type":"","background-media":"","overlay-type":"","overlay-color":"","overlay-opacity":"","overlay-gradient":""},"mobile":{"background-color":"var(--ast-global-color-4)","background-image":"","background-repeat":"repeat","background-position":"center center","background-size":"auto","background-attachment":"scroll","background-type":"","background-media":"","overlay-type":"","overlay-color":"","overlay-opacity":"","overlay-gradient":""}}},"product_brand":[],"product_cat":[263],"product_tag":[],"berocket_brand":[244],"class_list":{"0":"post-2495","1":"product","2":"type-product","3":"status-publish","4":"has-post-thumbnail","6":"product_cat-gradateur-secteur-gradateurs","7":"berocket_brand-vadsbo-switchtech-fr","8":"desktop-align-left","9":"tablet-align-left","10":"mobile-align-left","12":"first","13":"instock","14":"product-type-simple"},"acf":[],"yoast_head":"<!-- This site is optimized with the Yoast SEO plugin v27.3 - https:\/\/yoast.com\/product\/yoast-seo-wordpress\/ -->\n<title>Vadsbo LD220 | Holders Wireless Lighting Control<\/title>\n<meta name=\"robots\" content=\"index, follow, max-snippet:-1, max-image-preview:large, max-video-preview:-1\" \/>\n<link rel=\"canonical\" href=\"https:\/\/holderstechnology.com\/wireless-lighting-control\/fr\/produit\/vadsbo-ld220-2\/\" \/>\n<meta property=\"og:locale\" content=\"fr_FR\" \/>\n<meta property=\"og:type\" content=\"article\" \/>\n<meta property=\"og:title\" content=\"Vadsbo LD220 | Holders Wireless Lighting Control\" \/>\n<meta property=\"og:description\" content=\"Variateur LED command\u00e9 par Bluetooth\" \/>\n<meta property=\"og:url\" content=\"https:\/\/holderstechnology.com\/wireless-lighting-control\/fr\/produit\/vadsbo-ld220-2\/\" \/>\n<meta property=\"og:site_name\" content=\"Holders Wireless Lighting Control\" \/>\n<meta property=\"article:modified_time\" content=\"2021-03-03T10:48:33+00:00\" \/>\n<meta property=\"og:image\" content=\"https:\/\/holderstechnology.com\/wireless-lighting-control\/wp-content\/uploads\/sites\/3\/2021\/01\/LD220wcm.jpg\" \/>\n\t<meta property=\"og:image:width\" content=\"1181\" \/>\n\t<meta property=\"og:image:height\" content=\"1181\" \/>\n\t<meta property=\"og:image:type\" content=\"image\/jpeg\" \/>\n<meta name=\"twitter:card\" content=\"summary_large_image\" \/>\n<meta name=\"twitter:label1\" content=\"Dur\u00e9e de lecture estim\u00e9e\" \/>\n\t<meta name=\"twitter:data1\" content=\"1 minute\" \/>\n<script type=\"application\/ld+json\" class=\"yoast-schema-graph\">{\"@context\":\"https:\\\/\\\/schema.org\",\"@graph\":[{\"@type\":\"WebPage\",\"@id\":\"https:\\\/\\\/holderstechnology.com\\\/wireless-lighting-control\\\/fr\\\/produit\\\/vadsbo-ld220-2\\\/\",\"url\":\"https:\\\/\\\/holderstechnology.com\\\/wireless-lighting-control\\\/fr\\\/produit\\\/vadsbo-ld220-2\\\/\",\"name\":\"Vadsbo LD220 | Holders Wireless Lighting Control\",\"isPartOf\":{\"@id\":\"https:\\\/\\\/holderstechnology.com\\\/wireless-lighting-control\\\/#website\"},\"primaryImageOfPage\":{\"@id\":\"https:\\\/\\\/holderstechnology.com\\\/wireless-lighting-control\\\/fr\\\/produit\\\/vadsbo-ld220-2\\\/#primaryimage\"},\"image\":{\"@id\":\"https:\\\/\\\/holderstechnology.com\\\/wireless-lighting-control\\\/fr\\\/produit\\\/vadsbo-ld220-2\\\/#primaryimage\"},\"thumbnailUrl\":\"https:\\\/\\\/holderstechnology.com\\\/wireless-lighting-control\\\/wp-content\\\/uploads\\\/sites\\\/3\\\/2021\\\/01\\\/LD220wcm.jpg\",\"datePublished\":\"2021-03-03T10:38:06+00:00\",\"dateModified\":\"2021-03-03T10:48:33+00:00\",\"breadcrumb\":{\"@id\":\"https:\\\/\\\/holderstechnology.com\\\/wireless-lighting-control\\\/fr\\\/produit\\\/vadsbo-ld220-2\\\/#breadcrumb\"},\"inLanguage\":\"fr-FR\",\"potentialAction\":[{\"@type\":\"ReadAction\",\"target\":[\"https:\\\/\\\/holderstechnology.com\\\/wireless-lighting-control\\\/fr\\\/produit\\\/vadsbo-ld220-2\\\/\"]}]},{\"@type\":\"ImageObject\",\"inLanguage\":\"fr-FR\",\"@id\":\"https:\\\/\\\/holderstechnology.com\\\/wireless-lighting-control\\\/fr\\\/produit\\\/vadsbo-ld220-2\\\/#primaryimage\",\"url\":\"https:\\\/\\\/holderstechnology.com\\\/wireless-lighting-control\\\/wp-content\\\/uploads\\\/sites\\\/3\\\/2021\\\/01\\\/LD220wcm.jpg\",\"contentUrl\":\"https:\\\/\\\/holderstechnology.com\\\/wireless-lighting-control\\\/wp-content\\\/uploads\\\/sites\\\/3\\\/2021\\\/01\\\/LD220wcm.jpg\",\"width\":1181,\"height\":1181},{\"@type\":\"BreadcrumbList\",\"@id\":\"https:\\\/\\\/holderstechnology.com\\\/wireless-lighting-control\\\/fr\\\/produit\\\/vadsbo-ld220-2\\\/#breadcrumb\",\"itemListElement\":[{\"@type\":\"ListItem\",\"position\":1,\"name\":\"&#8962;\",\"item\":\"https:\\\/\\\/holderstechnology.com\\\/wireless-lighting-control\\\/\"},{\"@type\":\"ListItem\",\"position\":2,\"name\":\"Products\",\"item\":\"https:\\\/\\\/holderstechnology.com\\\/wireless-lighting-control\\\/products\\\/\"},{\"@type\":\"ListItem\",\"position\":3,\"name\":\"Vadsbo LD220\"}]},{\"@type\":\"WebSite\",\"@id\":\"https:\\\/\\\/holderstechnology.com\\\/wireless-lighting-control\\\/#website\",\"url\":\"https:\\\/\\\/holderstechnology.com\\\/wireless-lighting-control\\\/\",\"name\":\"Holders Wireless Lighting Control\",\"description\":\"\",\"publisher\":{\"@id\":\"https:\\\/\\\/holderstechnology.com\\\/wireless-lighting-control\\\/#organization\"},\"potentialAction\":[{\"@type\":\"SearchAction\",\"target\":{\"@type\":\"EntryPoint\",\"urlTemplate\":\"https:\\\/\\\/holderstechnology.com\\\/wireless-lighting-control\\\/?s={search_term_string}\"},\"query-input\":{\"@type\":\"PropertyValueSpecification\",\"valueRequired\":true,\"valueName\":\"search_term_string\"}}],\"inLanguage\":\"fr-FR\"},{\"@type\":\"Organization\",\"@id\":\"https:\\\/\\\/holderstechnology.com\\\/wireless-lighting-control\\\/#organization\",\"name\":\"Holders Technology Group\",\"url\":\"https:\\\/\\\/holderstechnology.com\\\/wireless-lighting-control\\\/\",\"logo\":{\"@type\":\"ImageObject\",\"inLanguage\":\"fr-FR\",\"@id\":\"https:\\\/\\\/holderstechnology.com\\\/wireless-lighting-control\\\/#\\\/schema\\\/logo\\\/image\\\/\",\"url\":\"https:\\\/\\\/holderstechnology.com\\\/wireless-lighting-control\\\/wp-content\\\/uploads\\\/sites\\\/3\\\/2024\\\/01\\\/logo_holders-technology.svg\",\"contentUrl\":\"https:\\\/\\\/holderstechnology.com\\\/wireless-lighting-control\\\/wp-content\\\/uploads\\\/sites\\\/3\\\/2024\\\/01\\\/logo_holders-technology.svg\",\"width\":556,\"height\":66,\"caption\":\"Holders Technology Group\"},\"image\":{\"@id\":\"https:\\\/\\\/holderstechnology.com\\\/wireless-lighting-control\\\/#\\\/schema\\\/logo\\\/image\\\/\"}}]}<\/script>\n<!-- \/ Yoast SEO plugin. -->","yoast_head_json":{"title":"Vadsbo LD220 | Holders Wireless Lighting Control","robots":{"index":"index","follow":"follow","max-snippet":"max-snippet:-1","max-image-preview":"max-image-preview:large","max-video-preview":"max-video-preview:-1"},"canonical":"https:\/\/holderstechnology.com\/wireless-lighting-control\/fr\/produit\/vadsbo-ld220-2\/","og_locale":"fr_FR","og_type":"article","og_title":"Vadsbo LD220 | Holders Wireless Lighting Control","og_description":"Variateur LED command\u00e9 par Bluetooth","og_url":"https:\/\/holderstechnology.com\/wireless-lighting-control\/fr\/produit\/vadsbo-ld220-2\/","og_site_name":"Holders Wireless Lighting Control","article_modified_time":"2021-03-03T10:48:33+00:00","og_image":[{"width":1181,"height":1181,"url":"https:\/\/holderstechnology.com\/wireless-lighting-control\/wp-content\/uploads\/sites\/3\/2021\/01\/LD220wcm.jpg","type":"image\/jpeg"}],"twitter_card":"summary_large_image","twitter_misc":{"Dur\u00e9e de lecture estim\u00e9e":"1 minute"},"schema":{"@context":"https:\/\/schema.org","@graph":[{"@type":"WebPage","@id":"https:\/\/holderstechnology.com\/wireless-lighting-control\/fr\/produit\/vadsbo-ld220-2\/","url":"https:\/\/holderstechnology.com\/wireless-lighting-control\/fr\/produit\/vadsbo-ld220-2\/","name":"Vadsbo LD220 | Holders Wireless Lighting Control","isPartOf":{"@id":"https:\/\/holderstechnology.com\/wireless-lighting-control\/#website"},"primaryImageOfPage":{"@id":"https:\/\/holderstechnology.com\/wireless-lighting-control\/fr\/produit\/vadsbo-ld220-2\/#primaryimage"},"image":{"@id":"https:\/\/holderstechnology.com\/wireless-lighting-control\/fr\/produit\/vadsbo-ld220-2\/#primaryimage"},"thumbnailUrl":"https:\/\/holderstechnology.com\/wireless-lighting-control\/wp-content\/uploads\/sites\/3\/2021\/01\/LD220wcm.jpg","datePublished":"2021-03-03T10:38:06+00:00","dateModified":"2021-03-03T10:48:33+00:00","breadcrumb":{"@id":"https:\/\/holderstechnology.com\/wireless-lighting-control\/fr\/produit\/vadsbo-ld220-2\/#breadcrumb"},"inLanguage":"fr-FR","potentialAction":[{"@type":"ReadAction","target":["https:\/\/holderstechnology.com\/wireless-lighting-control\/fr\/produit\/vadsbo-ld220-2\/"]}]},{"@type":"ImageObject","inLanguage":"fr-FR","@id":"https:\/\/holderstechnology.com\/wireless-lighting-control\/fr\/produit\/vadsbo-ld220-2\/#primaryimage","url":"https:\/\/holderstechnology.com\/wireless-lighting-control\/wp-content\/uploads\/sites\/3\/2021\/01\/LD220wcm.jpg","contentUrl":"https:\/\/holderstechnology.com\/wireless-lighting-control\/wp-content\/uploads\/sites\/3\/2021\/01\/LD220wcm.jpg","width":1181,"height":1181},{"@type":"BreadcrumbList","@id":"https:\/\/holderstechnology.com\/wireless-lighting-control\/fr\/produit\/vadsbo-ld220-2\/#breadcrumb","itemListElement":[{"@type":"ListItem","position":1,"name":"&#8962;","item":"https:\/\/holderstechnology.com\/wireless-lighting-control\/"},{"@type":"ListItem","position":2,"name":"Products","item":"https:\/\/holderstechnology.com\/wireless-lighting-control\/products\/"},{"@type":"ListItem","position":3,"name":"Vadsbo LD220"}]},{"@type":"WebSite","@id":"https:\/\/holderstechnology.com\/wireless-lighting-control\/#website","url":"https:\/\/holderstechnology.com\/wireless-lighting-control\/","name":"Holders Wireless Lighting Control","description":"","publisher":{"@id":"https:\/\/holderstechnology.com\/wireless-lighting-control\/#organization"},"potentialAction":[{"@type":"SearchAction","target":{"@type":"EntryPoint","urlTemplate":"https:\/\/holderstechnology.com\/wireless-lighting-control\/?s={search_term_string}"},"query-input":{"@type":"PropertyValueSpecification","valueRequired":true,"valueName":"search_term_string"}}],"inLanguage":"fr-FR"},{"@type":"Organization","@id":"https:\/\/holderstechnology.com\/wireless-lighting-control\/#organization","name":"Holders Technology Group","url":"https:\/\/holderstechnology.com\/wireless-lighting-control\/","logo":{"@type":"ImageObject","inLanguage":"fr-FR","@id":"https:\/\/holderstechnology.com\/wireless-lighting-control\/#\/schema\/logo\/image\/","url":"https:\/\/holderstechnology.com\/wireless-lighting-control\/wp-content\/uploads\/sites\/3\/2024\/01\/logo_holders-technology.svg","contentUrl":"https:\/\/holderstechnology.com\/wireless-lighting-control\/wp-content\/uploads\/sites\/3\/2024\/01\/logo_holders-technology.svg","width":556,"height":66,"caption":"Holders Technology Group"},"image":{"@id":"https:\/\/holderstechnology.com\/wireless-lighting-control\/#\/schema\/logo\/image\/"}}]}},"_links":{"self":[{"href":"https:\/\/holderstechnology.com\/wireless-lighting-control\/fr\/wp-json\/wp\/v2\/product\/2495","targetHints":{"allow":["GET"]}}],"collection":[{"href":"https:\/\/holderstechnology.com\/wireless-lighting-control\/fr\/wp-json\/wp\/v2\/product"}],"about":[{"href":"https:\/\/holderstechnology.com\/wireless-lighting-control\/fr\/wp-json\/wp\/v2\/types\/product"}],"wp:featuredmedia":[{"embeddable":true,"href":"https:\/\/holderstechnology.com\/wireless-lighting-control\/fr\/wp-json\/wp\/v2\/media\/2496"}],"wp:attachment":[{"href":"https:\/\/holderstechnology.com\/wireless-lighting-control\/fr\/wp-json\/wp\/v2\/media?parent=2495"}],"wp:term":[{"taxonomy":"product_brand","embeddable":true,"href":"https:\/\/holderstechnology.com\/wireless-lighting-control\/fr\/wp-json\/wp\/v2\/product_brand?post=2495"},{"taxonomy":"product_cat","embeddable":true,"href":"https:\/\/holderstechnology.com\/wireless-lighting-control\/fr\/wp-json\/wp\/v2\/product_cat?post=2495"},{"taxonomy":"product_tag","embeddable":true,"href":"https:\/\/holderstechnology.com\/wireless-lighting-control\/fr\/wp-json\/wp\/v2\/product_tag?post=2495"},{"taxonomy":"berocket_brand","embeddable":true,"href":"https:\/\/holderstechnology.com\/wireless-lighting-control\/fr\/wp-json\/wp\/v2\/berocket_brand?post=2495"}],"curies":[{"name":"wp","href":"https:\/\/api.w.org\/{rel}","templated":true}]}}