{"id":2709,"date":"2021-01-27T09:39:04","date_gmt":"2021-03-03T13:05:04","guid":{"rendered":"https:\/\/holderstechnology.com\/wireless-lighting-control\/product\/e27-lamp\/"},"modified":"2021-03-03T15:56:24","modified_gmt":"2021-03-03T15:56:24","slug":"e27-lamp-2","status":"publish","type":"product","link":"https:\/\/holderstechnology.com\/wireless-lighting-control\/fr\/produit\/e27-lamp-2\/","title":{"rendered":"E27 Lamp"},"content":{"rendered":"<p><span style=\"font-weight: 400\">La lampe E27 Smart Lamp de Carus est une lampe int\u00e9gr\u00e9e Casambi destin\u00e9e \u00e0 \u00eatre utilis\u00e9e dans les douilles de lampes E27, comme celles que l&rsquo;on trouve couramment dans les lampadaires ou les suspensions de plafond. La lampe de Carus comprend une puce Casambi int\u00e9gr\u00e9e, ce qui signifie que tout ce dont vous avez besoin est la lampe et l&rsquo;application, et que vous pouvez configurer vos niveaux de lumi\u00e8re et m\u00eame la TCC \u00e0 partir de votre application Casambi ou d&rsquo;autres interrupteurs et capteurs Casambi. Les lampes sont r\u00e9glables en couleur de 2200K \u00e0 6900K et d\u00e9livrent jusqu&rsquo;\u00e0 800 lm \u00e0 la puissance de pointe.<\/span><\/p>\n","protected":false},"excerpt":{"rendered":"<p>La lampe E27 Smart Lamp de Carus est une lampe int\u00e9gr\u00e9e Casambi destin\u00e9e \u00e0 \u00eatre utilis\u00e9e dans les douilles de [&hellip;]<\/p>\n","protected":false},"featured_media":2661,"template":"","meta":{"_acf_changed":false,"inline_featured_image":false,"site-sidebar-layout":"default","site-content-layout":"","ast-site-content-layout":"default","site-content-style":"default","site-sidebar-style":"default","ast-global-header-display":"","ast-banner-title-visibility":"","ast-main-header-display":"","ast-hfb-above-header-display":"","ast-hfb-below-header-display":"","ast-hfb-mobile-header-display":"","site-post-title":"","ast-breadcrumbs-content":"","ast-featured-img":"","footer-sml-layout":"","ast-disable-related-posts":"","theme-transparent-header-meta":"default","adv-header-id-meta":"","stick-header-meta":"","header-above-stick-meta":"","header-main-stick-meta":"","header-below-stick-meta":"","astra-migrate-meta-layouts":"default","ast-page-background-enabled":"default","ast-page-background-meta":{"desktop":{"background-color":"var(--ast-global-color-5)","background-image":"","background-repeat":"repeat","background-position":"center center","background-size":"auto","background-attachment":"scroll","background-type":"","background-media":"","overlay-type":"","overlay-color":"","overlay-opacity":"","overlay-gradient":""},"tablet":{"background-color":"","background-image":"","background-repeat":"repeat","background-position":"center center","background-size":"auto","background-attachment":"scroll","background-type":"","background-media":"","overlay-type":"","overlay-color":"","overlay-opacity":"","overlay-gradient":""},"mobile":{"background-color":"","background-image":"","background-repeat":"repeat","background-position":"center center","background-size":"auto","background-attachment":"scroll","background-type":"","background-media":"","overlay-type":"","overlay-color":"","overlay-opacity":"","overlay-gradient":""}},"ast-content-background-meta":{"desktop":{"background-color":"var(--ast-global-color-4)","background-image":"","background-repeat":"repeat","background-position":"center center","background-size":"auto","background-attachment":"scroll","background-type":"","background-media":"","overlay-type":"","overlay-color":"","overlay-opacity":"","overlay-gradient":""},"tablet":{"background-color":"var(--ast-global-color-4)","background-image":"","background-repeat":"repeat","background-position":"center center","background-size":"auto","background-attachment":"scroll","background-type":"","background-media":"","overlay-type":"","overlay-color":"","overlay-opacity":"","overlay-gradient":""},"mobile":{"background-color":"var(--ast-global-color-4)","background-image":"","background-repeat":"repeat","background-position":"center center","background-size":"auto","background-attachment":"scroll","background-type":"","background-media":"","overlay-type":"","overlay-color":"","overlay-opacity":"","overlay-gradient":""}}},"product_brand":[],"product_cat":[290],"product_tag":[],"berocket_brand":[291],"class_list":{"0":"post-2709","1":"product","2":"type-product","3":"status-publish","4":"has-post-thumbnail","6":"product_cat-lampes-autres-appareils","7":"berocket_brand-carus-fr","8":"desktop-align-left","9":"tablet-align-left","10":"mobile-align-left","12":"first","13":"instock","14":"shipping-taxable","15":"product-type-simple"},"acf":[],"yoast_head":"<!-- This site is optimized with the Yoast SEO plugin v27.3 - https:\/\/yoast.com\/product\/yoast-seo-wordpress\/ -->\n<title>E27 Lamp | Holders Wireless Lighting Control<\/title>\n<meta name=\"robots\" content=\"index, follow, max-snippet:-1, max-image-preview:large, max-video-preview:-1\" \/>\n<link rel=\"canonical\" href=\"https:\/\/holderstechnology.com\/wireless-lighting-control\/fr\/produit\/e27-lamp-2\/\" \/>\n<meta property=\"og:locale\" content=\"fr_FR\" \/>\n<meta property=\"og:type\" content=\"article\" \/>\n<meta property=\"og:title\" content=\"E27 Lamp | Holders Wireless Lighting Control\" \/>\n<meta property=\"og:description\" content=\"La lampe E27 Smart Lamp de Carus est une lampe int\u00e9gr\u00e9e Casambi destin\u00e9e \u00e0 \u00eatre utilis\u00e9e dans les douilles de [&hellip;]\" \/>\n<meta property=\"og:url\" content=\"https:\/\/holderstechnology.com\/wireless-lighting-control\/fr\/produit\/e27-lamp-2\/\" \/>\n<meta property=\"og:site_name\" content=\"Holders Wireless Lighting Control\" \/>\n<meta property=\"article:modified_time\" content=\"2021-03-03T15:56:24+00:00\" \/>\n<meta property=\"og:image\" content=\"https:\/\/holderstechnology.com\/wireless-lighting-control\/wp-content\/uploads\/sites\/3\/2021\/01\/E14_E27-Lamp.png\" \/>\n\t<meta property=\"og:image:width\" content=\"1024\" \/>\n\t<meta property=\"og:image:height\" content=\"768\" \/>\n\t<meta property=\"og:image:type\" content=\"image\/png\" \/>\n<meta name=\"twitter:card\" content=\"summary_large_image\" \/>\n<meta name=\"twitter:label1\" content=\"Dur\u00e9e de lecture estim\u00e9e\" \/>\n\t<meta name=\"twitter:data1\" content=\"1 minute\" \/>\n<script type=\"application\/ld+json\" class=\"yoast-schema-graph\">{\"@context\":\"https:\\\/\\\/schema.org\",\"@graph\":[{\"@type\":\"WebPage\",\"@id\":\"https:\\\/\\\/holderstechnology.com\\\/wireless-lighting-control\\\/fr\\\/produit\\\/e27-lamp-2\\\/\",\"url\":\"https:\\\/\\\/holderstechnology.com\\\/wireless-lighting-control\\\/fr\\\/produit\\\/e27-lamp-2\\\/\",\"name\":\"E27 Lamp | Holders Wireless Lighting Control\",\"isPartOf\":{\"@id\":\"https:\\\/\\\/holderstechnology.com\\\/wireless-lighting-control\\\/#website\"},\"primaryImageOfPage\":{\"@id\":\"https:\\\/\\\/holderstechnology.com\\\/wireless-lighting-control\\\/fr\\\/produit\\\/e27-lamp-2\\\/#primaryimage\"},\"image\":{\"@id\":\"https:\\\/\\\/holderstechnology.com\\\/wireless-lighting-control\\\/fr\\\/produit\\\/e27-lamp-2\\\/#primaryimage\"},\"thumbnailUrl\":\"https:\\\/\\\/holderstechnology.com\\\/wireless-lighting-control\\\/wp-content\\\/uploads\\\/sites\\\/3\\\/2021\\\/01\\\/E14_E27-Lamp.png\",\"datePublished\":\"2021-03-03T13:05:04+00:00\",\"dateModified\":\"2021-03-03T15:56:24+00:00\",\"breadcrumb\":{\"@id\":\"https:\\\/\\\/holderstechnology.com\\\/wireless-lighting-control\\\/fr\\\/produit\\\/e27-lamp-2\\\/#breadcrumb\"},\"inLanguage\":\"fr-FR\",\"potentialAction\":[{\"@type\":\"ReadAction\",\"target\":[\"https:\\\/\\\/holderstechnology.com\\\/wireless-lighting-control\\\/fr\\\/produit\\\/e27-lamp-2\\\/\"]}]},{\"@type\":\"ImageObject\",\"inLanguage\":\"fr-FR\",\"@id\":\"https:\\\/\\\/holderstechnology.com\\\/wireless-lighting-control\\\/fr\\\/produit\\\/e27-lamp-2\\\/#primaryimage\",\"url\":\"https:\\\/\\\/holderstechnology.com\\\/wireless-lighting-control\\\/wp-content\\\/uploads\\\/sites\\\/3\\\/2021\\\/01\\\/E14_E27-Lamp.png\",\"contentUrl\":\"https:\\\/\\\/holderstechnology.com\\\/wireless-lighting-control\\\/wp-content\\\/uploads\\\/sites\\\/3\\\/2021\\\/01\\\/E14_E27-Lamp.png\",\"width\":1024,\"height\":768},{\"@type\":\"BreadcrumbList\",\"@id\":\"https:\\\/\\\/holderstechnology.com\\\/wireless-lighting-control\\\/fr\\\/produit\\\/e27-lamp-2\\\/#breadcrumb\",\"itemListElement\":[{\"@type\":\"ListItem\",\"position\":1,\"name\":\"&#8962;\",\"item\":\"https:\\\/\\\/holderstechnology.com\\\/wireless-lighting-control\\\/\"},{\"@type\":\"ListItem\",\"position\":2,\"name\":\"Products\",\"item\":\"https:\\\/\\\/holderstechnology.com\\\/wireless-lighting-control\\\/products\\\/\"},{\"@type\":\"ListItem\",\"position\":3,\"name\":\"E27 Lamp\"}]},{\"@type\":\"WebSite\",\"@id\":\"https:\\\/\\\/holderstechnology.com\\\/wireless-lighting-control\\\/#website\",\"url\":\"https:\\\/\\\/holderstechnology.com\\\/wireless-lighting-control\\\/\",\"name\":\"Holders Wireless Lighting Control\",\"description\":\"\",\"publisher\":{\"@id\":\"https:\\\/\\\/holderstechnology.com\\\/wireless-lighting-control\\\/#organization\"},\"potentialAction\":[{\"@type\":\"SearchAction\",\"target\":{\"@type\":\"EntryPoint\",\"urlTemplate\":\"https:\\\/\\\/holderstechnology.com\\\/wireless-lighting-control\\\/?s={search_term_string}\"},\"query-input\":{\"@type\":\"PropertyValueSpecification\",\"valueRequired\":true,\"valueName\":\"search_term_string\"}}],\"inLanguage\":\"fr-FR\"},{\"@type\":\"Organization\",\"@id\":\"https:\\\/\\\/holderstechnology.com\\\/wireless-lighting-control\\\/#organization\",\"name\":\"Holders Technology Group\",\"url\":\"https:\\\/\\\/holderstechnology.com\\\/wireless-lighting-control\\\/\",\"logo\":{\"@type\":\"ImageObject\",\"inLanguage\":\"fr-FR\",\"@id\":\"https:\\\/\\\/holderstechnology.com\\\/wireless-lighting-control\\\/#\\\/schema\\\/logo\\\/image\\\/\",\"url\":\"https:\\\/\\\/holderstechnology.com\\\/wireless-lighting-control\\\/wp-content\\\/uploads\\\/sites\\\/3\\\/2024\\\/01\\\/logo_holders-technology.svg\",\"contentUrl\":\"https:\\\/\\\/holderstechnology.com\\\/wireless-lighting-control\\\/wp-content\\\/uploads\\\/sites\\\/3\\\/2024\\\/01\\\/logo_holders-technology.svg\",\"width\":556,\"height\":66,\"caption\":\"Holders Technology Group\"},\"image\":{\"@id\":\"https:\\\/\\\/holderstechnology.com\\\/wireless-lighting-control\\\/#\\\/schema\\\/logo\\\/image\\\/\"}}]}<\/script>\n<!-- \/ Yoast SEO plugin. -->","yoast_head_json":{"title":"E27 Lamp | Holders Wireless Lighting Control","robots":{"index":"index","follow":"follow","max-snippet":"max-snippet:-1","max-image-preview":"max-image-preview:large","max-video-preview":"max-video-preview:-1"},"canonical":"https:\/\/holderstechnology.com\/wireless-lighting-control\/fr\/produit\/e27-lamp-2\/","og_locale":"fr_FR","og_type":"article","og_title":"E27 Lamp | Holders Wireless Lighting Control","og_description":"La lampe E27 Smart Lamp de Carus est une lampe int\u00e9gr\u00e9e Casambi destin\u00e9e \u00e0 \u00eatre utilis\u00e9e dans les douilles de [&hellip;]","og_url":"https:\/\/holderstechnology.com\/wireless-lighting-control\/fr\/produit\/e27-lamp-2\/","og_site_name":"Holders Wireless Lighting Control","article_modified_time":"2021-03-03T15:56:24+00:00","og_image":[{"width":1024,"height":768,"url":"https:\/\/holderstechnology.com\/wireless-lighting-control\/wp-content\/uploads\/sites\/3\/2021\/01\/E14_E27-Lamp.png","type":"image\/png"}],"twitter_card":"summary_large_image","twitter_misc":{"Dur\u00e9e de lecture estim\u00e9e":"1 minute"},"schema":{"@context":"https:\/\/schema.org","@graph":[{"@type":"WebPage","@id":"https:\/\/holderstechnology.com\/wireless-lighting-control\/fr\/produit\/e27-lamp-2\/","url":"https:\/\/holderstechnology.com\/wireless-lighting-control\/fr\/produit\/e27-lamp-2\/","name":"E27 Lamp | Holders Wireless Lighting Control","isPartOf":{"@id":"https:\/\/holderstechnology.com\/wireless-lighting-control\/#website"},"primaryImageOfPage":{"@id":"https:\/\/holderstechnology.com\/wireless-lighting-control\/fr\/produit\/e27-lamp-2\/#primaryimage"},"image":{"@id":"https:\/\/holderstechnology.com\/wireless-lighting-control\/fr\/produit\/e27-lamp-2\/#primaryimage"},"thumbnailUrl":"https:\/\/holderstechnology.com\/wireless-lighting-control\/wp-content\/uploads\/sites\/3\/2021\/01\/E14_E27-Lamp.png","datePublished":"2021-03-03T13:05:04+00:00","dateModified":"2021-03-03T15:56:24+00:00","breadcrumb":{"@id":"https:\/\/holderstechnology.com\/wireless-lighting-control\/fr\/produit\/e27-lamp-2\/#breadcrumb"},"inLanguage":"fr-FR","potentialAction":[{"@type":"ReadAction","target":["https:\/\/holderstechnology.com\/wireless-lighting-control\/fr\/produit\/e27-lamp-2\/"]}]},{"@type":"ImageObject","inLanguage":"fr-FR","@id":"https:\/\/holderstechnology.com\/wireless-lighting-control\/fr\/produit\/e27-lamp-2\/#primaryimage","url":"https:\/\/holderstechnology.com\/wireless-lighting-control\/wp-content\/uploads\/sites\/3\/2021\/01\/E14_E27-Lamp.png","contentUrl":"https:\/\/holderstechnology.com\/wireless-lighting-control\/wp-content\/uploads\/sites\/3\/2021\/01\/E14_E27-Lamp.png","width":1024,"height":768},{"@type":"BreadcrumbList","@id":"https:\/\/holderstechnology.com\/wireless-lighting-control\/fr\/produit\/e27-lamp-2\/#breadcrumb","itemListElement":[{"@type":"ListItem","position":1,"name":"&#8962;","item":"https:\/\/holderstechnology.com\/wireless-lighting-control\/"},{"@type":"ListItem","position":2,"name":"Products","item":"https:\/\/holderstechnology.com\/wireless-lighting-control\/products\/"},{"@type":"ListItem","position":3,"name":"E27 Lamp"}]},{"@type":"WebSite","@id":"https:\/\/holderstechnology.com\/wireless-lighting-control\/#website","url":"https:\/\/holderstechnology.com\/wireless-lighting-control\/","name":"Holders Wireless Lighting Control","description":"","publisher":{"@id":"https:\/\/holderstechnology.com\/wireless-lighting-control\/#organization"},"potentialAction":[{"@type":"SearchAction","target":{"@type":"EntryPoint","urlTemplate":"https:\/\/holderstechnology.com\/wireless-lighting-control\/?s={search_term_string}"},"query-input":{"@type":"PropertyValueSpecification","valueRequired":true,"valueName":"search_term_string"}}],"inLanguage":"fr-FR"},{"@type":"Organization","@id":"https:\/\/holderstechnology.com\/wireless-lighting-control\/#organization","name":"Holders Technology Group","url":"https:\/\/holderstechnology.com\/wireless-lighting-control\/","logo":{"@type":"ImageObject","inLanguage":"fr-FR","@id":"https:\/\/holderstechnology.com\/wireless-lighting-control\/#\/schema\/logo\/image\/","url":"https:\/\/holderstechnology.com\/wireless-lighting-control\/wp-content\/uploads\/sites\/3\/2024\/01\/logo_holders-technology.svg","contentUrl":"https:\/\/holderstechnology.com\/wireless-lighting-control\/wp-content\/uploads\/sites\/3\/2024\/01\/logo_holders-technology.svg","width":556,"height":66,"caption":"Holders Technology Group"},"image":{"@id":"https:\/\/holderstechnology.com\/wireless-lighting-control\/#\/schema\/logo\/image\/"}}]}},"_links":{"self":[{"href":"https:\/\/holderstechnology.com\/wireless-lighting-control\/fr\/wp-json\/wp\/v2\/product\/2709","targetHints":{"allow":["GET"]}}],"collection":[{"href":"https:\/\/holderstechnology.com\/wireless-lighting-control\/fr\/wp-json\/wp\/v2\/product"}],"about":[{"href":"https:\/\/holderstechnology.com\/wireless-lighting-control\/fr\/wp-json\/wp\/v2\/types\/product"}],"wp:featuredmedia":[{"embeddable":true,"href":"https:\/\/holderstechnology.com\/wireless-lighting-control\/fr\/wp-json\/wp\/v2\/media\/2661"}],"wp:attachment":[{"href":"https:\/\/holderstechnology.com\/wireless-lighting-control\/fr\/wp-json\/wp\/v2\/media?parent=2709"}],"wp:term":[{"taxonomy":"product_brand","embeddable":true,"href":"https:\/\/holderstechnology.com\/wireless-lighting-control\/fr\/wp-json\/wp\/v2\/product_brand?post=2709"},{"taxonomy":"product_cat","embeddable":true,"href":"https:\/\/holderstechnology.com\/wireless-lighting-control\/fr\/wp-json\/wp\/v2\/product_cat?post=2709"},{"taxonomy":"product_tag","embeddable":true,"href":"https:\/\/holderstechnology.com\/wireless-lighting-control\/fr\/wp-json\/wp\/v2\/product_tag?post=2709"},{"taxonomy":"berocket_brand","embeddable":true,"href":"https:\/\/holderstechnology.com\/wireless-lighting-control\/fr\/wp-json\/wp\/v2\/berocket_brand?post=2709"}],"curies":[{"name":"wp","href":"https:\/\/api.w.org\/{rel}","templated":true}]}}