{"id":2746,"date":"2021-01-06T13:20:24","date_gmt":"2021-03-03T14:10:17","guid":{"rendered":"https:\/\/holderstechnology.com\/wireless-lighting-control\/product\/cbu-ted\/"},"modified":"2021-03-03T16:02:51","modified_gmt":"2021-03-03T16:02:51","slug":"cbu-ted","status":"publish","type":"product","link":"https:\/\/holderstechnology.com\/wireless-lighting-control\/fr\/produit\/cbu-ted\/","title":{"rendered":"CBU-TED"},"content":{"rendered":"<p><span style=\"font-weight: 400\">CBU-TED est un gradateur de bord contr\u00f4lable par Bluetooth, compatible avec Casambi, pour le fonctionnement des lampes \u00e0 incandescence, des lampes LED \u00e0 gradation et des appareils de commande LED \u00e0 gradation. Il peut \u00eatre install\u00e9 derri\u00e8re un interrupteur mural traditionnel, dans un luminaire ou dans une bo\u00eete de sortie au plafond. La temp\u00e9rature ambiante maximale admissible doit \u00eatre respect\u00e9e.<\/span><\/p>\n<p><span style=\"font-weight: 400\">Le CBU-TED peut \u00eatre fourni par les d\u00e9tenteurs pr\u00e9programm\u00e9s avec une courbe de gradation lin\u00e9aire ou logarithmique ou configur\u00e9 comme un commutateur ou un dispositif d&rsquo;entr\u00e9e de capteur. <\/span><\/p>\n","protected":false},"excerpt":{"rendered":"<p>Variateur contr\u00f4lable par Bluetooth<\/p>\n","protected":false},"featured_media":2686,"template":"","meta":{"_acf_changed":false,"inline_featured_image":false,"site-sidebar-layout":"default","site-content-layout":"","ast-site-content-layout":"default","site-content-style":"default","site-sidebar-style":"default","ast-global-header-display":"","ast-banner-title-visibility":"","ast-main-header-display":"","ast-hfb-above-header-display":"","ast-hfb-below-header-display":"","ast-hfb-mobile-header-display":"","site-post-title":"","ast-breadcrumbs-content":"","ast-featured-img":"","footer-sml-layout":"","ast-disable-related-posts":"","theme-transparent-header-meta":"","adv-header-id-meta":"","stick-header-meta":"","header-above-stick-meta":"","header-main-stick-meta":"","header-below-stick-meta":"","astra-migrate-meta-layouts":"default","ast-page-background-enabled":"default","ast-page-background-meta":{"desktop":{"background-color":"var(--ast-global-color-5)","background-image":"","background-repeat":"repeat","background-position":"center center","background-size":"auto","background-attachment":"scroll","background-type":"","background-media":"","overlay-type":"","overlay-color":"","overlay-opacity":"","overlay-gradient":""},"tablet":{"background-color":"","background-image":"","background-repeat":"repeat","background-position":"center center","background-size":"auto","background-attachment":"scroll","background-type":"","background-media":"","overlay-type":"","overlay-color":"","overlay-opacity":"","overlay-gradient":""},"mobile":{"background-color":"","background-image":"","background-repeat":"repeat","background-position":"center center","background-size":"auto","background-attachment":"scroll","background-type":"","background-media":"","overlay-type":"","overlay-color":"","overlay-opacity":"","overlay-gradient":""}},"ast-content-background-meta":{"desktop":{"background-color":"var(--ast-global-color-4)","background-image":"","background-repeat":"repeat","background-position":"center center","background-size":"auto","background-attachment":"scroll","background-type":"","background-media":"","overlay-type":"","overlay-color":"","overlay-opacity":"","overlay-gradient":""},"tablet":{"background-color":"var(--ast-global-color-4)","background-image":"","background-repeat":"repeat","background-position":"center center","background-size":"auto","background-attachment":"scroll","background-type":"","background-media":"","overlay-type":"","overlay-color":"","overlay-opacity":"","overlay-gradient":""},"mobile":{"background-color":"var(--ast-global-color-4)","background-image":"","background-repeat":"repeat","background-position":"center center","background-size":"auto","background-attachment":"scroll","background-type":"","background-media":"","overlay-type":"","overlay-color":"","overlay-opacity":"","overlay-gradient":""}}},"product_brand":[],"product_cat":[497],"product_tag":[],"berocket_brand":[241],"class_list":{"0":"post-2746","1":"product","2":"type-product","3":"status-publish","4":"has-post-thumbnail","6":"product_cat-casambi","7":"berocket_brand-casambi-fr","8":"desktop-align-left","9":"tablet-align-left","10":"mobile-align-left","12":"first","13":"instock","14":"product-type-simple"},"acf":[],"yoast_head":"<!-- This site is optimized with the Yoast SEO plugin v27.1.1 - https:\/\/yoast.com\/product\/yoast-seo-wordpress\/ -->\n<title>CBU-TED | Holders Wireless Lighting Control<\/title>\n<meta name=\"robots\" content=\"index, follow, max-snippet:-1, max-image-preview:large, max-video-preview:-1\" \/>\n<link rel=\"canonical\" href=\"https:\/\/holderstechnology.com\/wireless-lighting-control\/fr\/produit\/cbu-ted\/\" \/>\n<meta property=\"og:locale\" content=\"fr_FR\" \/>\n<meta property=\"og:type\" content=\"article\" \/>\n<meta property=\"og:title\" content=\"CBU-TED | Holders Wireless Lighting Control\" \/>\n<meta property=\"og:description\" content=\"Variateur contr\u00f4lable par Bluetooth\" \/>\n<meta property=\"og:url\" content=\"https:\/\/holderstechnology.com\/wireless-lighting-control\/fr\/produit\/cbu-ted\/\" \/>\n<meta property=\"og:site_name\" content=\"Holders Wireless Lighting Control\" \/>\n<meta property=\"article:modified_time\" content=\"2021-03-03T16:02:51+00:00\" \/>\n<meta property=\"og:image\" content=\"https:\/\/holderstechnology.com\/wireless-lighting-control\/wp-content\/uploads\/sites\/3\/2021\/01\/CBU-TED.jpg\" \/>\n\t<meta property=\"og:image:width\" content=\"400\" \/>\n\t<meta property=\"og:image:height\" content=\"334\" \/>\n\t<meta property=\"og:image:type\" content=\"image\/jpeg\" \/>\n<meta name=\"twitter:card\" content=\"summary_large_image\" \/>\n<script type=\"application\/ld+json\" class=\"yoast-schema-graph\">{\"@context\":\"https:\/\/schema.org\",\"@graph\":[{\"@type\":\"WebPage\",\"@id\":\"https:\/\/holderstechnology.com\/wireless-lighting-control\/fr\/produit\/cbu-ted\/\",\"url\":\"https:\/\/holderstechnology.com\/wireless-lighting-control\/fr\/produit\/cbu-ted\/\",\"name\":\"CBU-TED | Holders Wireless Lighting Control\",\"isPartOf\":{\"@id\":\"https:\/\/holderstechnology.com\/wireless-lighting-control\/#website\"},\"primaryImageOfPage\":{\"@id\":\"https:\/\/holderstechnology.com\/wireless-lighting-control\/fr\/produit\/cbu-ted\/#primaryimage\"},\"image\":{\"@id\":\"https:\/\/holderstechnology.com\/wireless-lighting-control\/fr\/produit\/cbu-ted\/#primaryimage\"},\"thumbnailUrl\":\"https:\/\/holderstechnology.com\/wireless-lighting-control\/wp-content\/uploads\/sites\/3\/2021\/01\/CBU-TED.jpg\",\"datePublished\":\"2021-03-03T14:10:17+00:00\",\"dateModified\":\"2021-03-03T16:02:51+00:00\",\"breadcrumb\":{\"@id\":\"https:\/\/holderstechnology.com\/wireless-lighting-control\/fr\/produit\/cbu-ted\/#breadcrumb\"},\"inLanguage\":\"fr-FR\",\"potentialAction\":[{\"@type\":\"ReadAction\",\"target\":[\"https:\/\/holderstechnology.com\/wireless-lighting-control\/fr\/produit\/cbu-ted\/\"]}]},{\"@type\":\"ImageObject\",\"inLanguage\":\"fr-FR\",\"@id\":\"https:\/\/holderstechnology.com\/wireless-lighting-control\/fr\/produit\/cbu-ted\/#primaryimage\",\"url\":\"https:\/\/holderstechnology.com\/wireless-lighting-control\/wp-content\/uploads\/sites\/3\/2021\/01\/CBU-TED.jpg\",\"contentUrl\":\"https:\/\/holderstechnology.com\/wireless-lighting-control\/wp-content\/uploads\/sites\/3\/2021\/01\/CBU-TED.jpg\",\"width\":400,\"height\":334},{\"@type\":\"BreadcrumbList\",\"@id\":\"https:\/\/holderstechnology.com\/wireless-lighting-control\/fr\/produit\/cbu-ted\/#breadcrumb\",\"itemListElement\":[{\"@type\":\"ListItem\",\"position\":1,\"name\":\"&#8962;\",\"item\":\"https:\/\/holderstechnology.com\/wireless-lighting-control\/\"},{\"@type\":\"ListItem\",\"position\":2,\"name\":\"Products\",\"item\":\"https:\/\/holderstechnology.com\/wireless-lighting-control\/products\/\"},{\"@type\":\"ListItem\",\"position\":3,\"name\":\"CBU-TED\"}]},{\"@type\":\"WebSite\",\"@id\":\"https:\/\/holderstechnology.com\/wireless-lighting-control\/#website\",\"url\":\"https:\/\/holderstechnology.com\/wireless-lighting-control\/\",\"name\":\"Holders Wireless Lighting Control\",\"description\":\"\",\"publisher\":{\"@id\":\"https:\/\/holderstechnology.com\/wireless-lighting-control\/#organization\"},\"potentialAction\":[{\"@type\":\"SearchAction\",\"target\":{\"@type\":\"EntryPoint\",\"urlTemplate\":\"https:\/\/holderstechnology.com\/wireless-lighting-control\/?s={search_term_string}\"},\"query-input\":{\"@type\":\"PropertyValueSpecification\",\"valueRequired\":true,\"valueName\":\"search_term_string\"}}],\"inLanguage\":\"fr-FR\"},{\"@type\":\"Organization\",\"@id\":\"https:\/\/holderstechnology.com\/wireless-lighting-control\/#organization\",\"name\":\"Holders Technology Group\",\"url\":\"https:\/\/holderstechnology.com\/wireless-lighting-control\/\",\"logo\":{\"@type\":\"ImageObject\",\"inLanguage\":\"fr-FR\",\"@id\":\"https:\/\/holderstechnology.com\/wireless-lighting-control\/#\/schema\/logo\/image\/\",\"url\":\"https:\/\/holderstechnology.com\/wireless-lighting-control\/wp-content\/uploads\/sites\/3\/2024\/01\/logo_holders-technology.svg\",\"contentUrl\":\"https:\/\/holderstechnology.com\/wireless-lighting-control\/wp-content\/uploads\/sites\/3\/2024\/01\/logo_holders-technology.svg\",\"width\":556,\"height\":66,\"caption\":\"Holders Technology Group\"},\"image\":{\"@id\":\"https:\/\/holderstechnology.com\/wireless-lighting-control\/#\/schema\/logo\/image\/\"}}]}<\/script>\n<!-- \/ Yoast SEO plugin. -->","yoast_head_json":{"title":"CBU-TED | Holders Wireless Lighting Control","robots":{"index":"index","follow":"follow","max-snippet":"max-snippet:-1","max-image-preview":"max-image-preview:large","max-video-preview":"max-video-preview:-1"},"canonical":"https:\/\/holderstechnology.com\/wireless-lighting-control\/fr\/produit\/cbu-ted\/","og_locale":"fr_FR","og_type":"article","og_title":"CBU-TED | Holders Wireless Lighting Control","og_description":"Variateur contr\u00f4lable par Bluetooth","og_url":"https:\/\/holderstechnology.com\/wireless-lighting-control\/fr\/produit\/cbu-ted\/","og_site_name":"Holders Wireless Lighting Control","article_modified_time":"2021-03-03T16:02:51+00:00","og_image":[{"width":400,"height":334,"url":"https:\/\/holderstechnology.com\/wireless-lighting-control\/wp-content\/uploads\/sites\/3\/2021\/01\/CBU-TED.jpg","type":"image\/jpeg"}],"twitter_card":"summary_large_image","schema":{"@context":"https:\/\/schema.org","@graph":[{"@type":"WebPage","@id":"https:\/\/holderstechnology.com\/wireless-lighting-control\/fr\/produit\/cbu-ted\/","url":"https:\/\/holderstechnology.com\/wireless-lighting-control\/fr\/produit\/cbu-ted\/","name":"CBU-TED | Holders Wireless Lighting Control","isPartOf":{"@id":"https:\/\/holderstechnology.com\/wireless-lighting-control\/#website"},"primaryImageOfPage":{"@id":"https:\/\/holderstechnology.com\/wireless-lighting-control\/fr\/produit\/cbu-ted\/#primaryimage"},"image":{"@id":"https:\/\/holderstechnology.com\/wireless-lighting-control\/fr\/produit\/cbu-ted\/#primaryimage"},"thumbnailUrl":"https:\/\/holderstechnology.com\/wireless-lighting-control\/wp-content\/uploads\/sites\/3\/2021\/01\/CBU-TED.jpg","datePublished":"2021-03-03T14:10:17+00:00","dateModified":"2021-03-03T16:02:51+00:00","breadcrumb":{"@id":"https:\/\/holderstechnology.com\/wireless-lighting-control\/fr\/produit\/cbu-ted\/#breadcrumb"},"inLanguage":"fr-FR","potentialAction":[{"@type":"ReadAction","target":["https:\/\/holderstechnology.com\/wireless-lighting-control\/fr\/produit\/cbu-ted\/"]}]},{"@type":"ImageObject","inLanguage":"fr-FR","@id":"https:\/\/holderstechnology.com\/wireless-lighting-control\/fr\/produit\/cbu-ted\/#primaryimage","url":"https:\/\/holderstechnology.com\/wireless-lighting-control\/wp-content\/uploads\/sites\/3\/2021\/01\/CBU-TED.jpg","contentUrl":"https:\/\/holderstechnology.com\/wireless-lighting-control\/wp-content\/uploads\/sites\/3\/2021\/01\/CBU-TED.jpg","width":400,"height":334},{"@type":"BreadcrumbList","@id":"https:\/\/holderstechnology.com\/wireless-lighting-control\/fr\/produit\/cbu-ted\/#breadcrumb","itemListElement":[{"@type":"ListItem","position":1,"name":"&#8962;","item":"https:\/\/holderstechnology.com\/wireless-lighting-control\/"},{"@type":"ListItem","position":2,"name":"Products","item":"https:\/\/holderstechnology.com\/wireless-lighting-control\/products\/"},{"@type":"ListItem","position":3,"name":"CBU-TED"}]},{"@type":"WebSite","@id":"https:\/\/holderstechnology.com\/wireless-lighting-control\/#website","url":"https:\/\/holderstechnology.com\/wireless-lighting-control\/","name":"Holders Wireless Lighting Control","description":"","publisher":{"@id":"https:\/\/holderstechnology.com\/wireless-lighting-control\/#organization"},"potentialAction":[{"@type":"SearchAction","target":{"@type":"EntryPoint","urlTemplate":"https:\/\/holderstechnology.com\/wireless-lighting-control\/?s={search_term_string}"},"query-input":{"@type":"PropertyValueSpecification","valueRequired":true,"valueName":"search_term_string"}}],"inLanguage":"fr-FR"},{"@type":"Organization","@id":"https:\/\/holderstechnology.com\/wireless-lighting-control\/#organization","name":"Holders Technology Group","url":"https:\/\/holderstechnology.com\/wireless-lighting-control\/","logo":{"@type":"ImageObject","inLanguage":"fr-FR","@id":"https:\/\/holderstechnology.com\/wireless-lighting-control\/#\/schema\/logo\/image\/","url":"https:\/\/holderstechnology.com\/wireless-lighting-control\/wp-content\/uploads\/sites\/3\/2024\/01\/logo_holders-technology.svg","contentUrl":"https:\/\/holderstechnology.com\/wireless-lighting-control\/wp-content\/uploads\/sites\/3\/2024\/01\/logo_holders-technology.svg","width":556,"height":66,"caption":"Holders Technology Group"},"image":{"@id":"https:\/\/holderstechnology.com\/wireless-lighting-control\/#\/schema\/logo\/image\/"}}]}},"_links":{"self":[{"href":"https:\/\/holderstechnology.com\/wireless-lighting-control\/fr\/wp-json\/wp\/v2\/product\/2746","targetHints":{"allow":["GET"]}}],"collection":[{"href":"https:\/\/holderstechnology.com\/wireless-lighting-control\/fr\/wp-json\/wp\/v2\/product"}],"about":[{"href":"https:\/\/holderstechnology.com\/wireless-lighting-control\/fr\/wp-json\/wp\/v2\/types\/product"}],"wp:featuredmedia":[{"embeddable":true,"href":"https:\/\/holderstechnology.com\/wireless-lighting-control\/fr\/wp-json\/wp\/v2\/media\/2686"}],"wp:attachment":[{"href":"https:\/\/holderstechnology.com\/wireless-lighting-control\/fr\/wp-json\/wp\/v2\/media?parent=2746"}],"wp:term":[{"taxonomy":"product_brand","embeddable":true,"href":"https:\/\/holderstechnology.com\/wireless-lighting-control\/fr\/wp-json\/wp\/v2\/product_brand?post=2746"},{"taxonomy":"product_cat","embeddable":true,"href":"https:\/\/holderstechnology.com\/wireless-lighting-control\/fr\/wp-json\/wp\/v2\/product_cat?post=2746"},{"taxonomy":"product_tag","embeddable":true,"href":"https:\/\/holderstechnology.com\/wireless-lighting-control\/fr\/wp-json\/wp\/v2\/product_tag?post=2746"},{"taxonomy":"berocket_brand","embeddable":true,"href":"https:\/\/holderstechnology.com\/wireless-lighting-control\/fr\/wp-json\/wp\/v2\/berocket_brand?post=2746"}],"curies":[{"name":"wp","href":"https:\/\/api.w.org\/{rel}","templated":true}]}}