{"id":5049,"date":"2023-02-03T11:50:25","date_gmt":"2023-02-23T11:58:27","guid":{"rendered":"https:\/\/holderstechnology.com\/wireless-lighting-control\/product\/pwm5-pro\/"},"modified":"2023-02-23T11:58:27","modified_gmt":"2023-02-23T11:58:27","slug":"pwm5-pro","status":"publish","type":"product","link":"https:\/\/holderstechnology.com\/wireless-lighting-control\/fr\/produit\/pwm5-pro\/","title":{"rendered":"PWM5 Pro"},"content":{"rendered":"<p>Le PWM5 Pro est un gradateur PWM \u00e0 5 canaux contr\u00f4lable par Bluetooth et activ\u00e9 par Casambi pour les charges LED \u00e0 tension constante, telles que les bandes LED et les modules LED \u00e0 tension constante. Il est connect\u00e9 entre une alimentation de 12-24 VDC et la charge de LED \u00e0 tension constante. Le courant de sortie maximal par canal est de 4A, lorsque le courant de sortie total combin\u00e9 est de 4A. est de 10A. Le PWM5 Pro est prot\u00e9g\u00e9 contre les surcharges. Sans scintillement.<\/p>\n","protected":false},"excerpt":{"rendered":"<p>Le PWM5 Pro est un gradateur PWM \u00e0 5 canaux contr\u00f4lable par Bluetooth et activ\u00e9 par Casambi pour les charges [&hellip;]<\/p>\n","protected":false},"featured_media":4682,"template":"","meta":{"_acf_changed":false,"inline_featured_image":false,"site-sidebar-layout":"default","site-content-layout":"","ast-site-content-layout":"default","site-content-style":"default","site-sidebar-style":"default","ast-global-header-display":"","ast-banner-title-visibility":"","ast-main-header-display":"","ast-hfb-above-header-display":"","ast-hfb-below-header-display":"","ast-hfb-mobile-header-display":"","site-post-title":"","ast-breadcrumbs-content":"","ast-featured-img":"","footer-sml-layout":"","ast-disable-related-posts":"","theme-transparent-header-meta":"","adv-header-id-meta":"","stick-header-meta":"","header-above-stick-meta":"","header-main-stick-meta":"","header-below-stick-meta":"","astra-migrate-meta-layouts":"default","ast-page-background-enabled":"default","ast-page-background-meta":{"desktop":{"background-color":"var(--ast-global-color-5)","background-image":"","background-repeat":"repeat","background-position":"center center","background-size":"auto","background-attachment":"scroll","background-type":"","background-media":"","overlay-type":"","overlay-color":"","overlay-opacity":"","overlay-gradient":""},"tablet":{"background-color":"","background-image":"","background-repeat":"repeat","background-position":"center center","background-size":"auto","background-attachment":"scroll","background-type":"","background-media":"","overlay-type":"","overlay-color":"","overlay-opacity":"","overlay-gradient":""},"mobile":{"background-color":"","background-image":"","background-repeat":"repeat","background-position":"center center","background-size":"auto","background-attachment":"scroll","background-type":"","background-media":"","overlay-type":"","overlay-color":"","overlay-opacity":"","overlay-gradient":""}},"ast-content-background-meta":{"desktop":{"background-color":"var(--ast-global-color-4)","background-image":"","background-repeat":"repeat","background-position":"center center","background-size":"auto","background-attachment":"scroll","background-type":"","background-media":"","overlay-type":"","overlay-color":"","overlay-opacity":"","overlay-gradient":""},"tablet":{"background-color":"var(--ast-global-color-4)","background-image":"","background-repeat":"repeat","background-position":"center center","background-size":"auto","background-attachment":"scroll","background-type":"","background-media":"","overlay-type":"","overlay-color":"","overlay-opacity":"","overlay-gradient":""},"mobile":{"background-color":"var(--ast-global-color-4)","background-image":"","background-repeat":"repeat","background-position":"center center","background-size":"auto","background-attachment":"scroll","background-type":"","background-media":"","overlay-type":"","overlay-color":"","overlay-opacity":"","overlay-gradient":""}}},"product_brand":[],"product_cat":[194,313],"product_tag":[],"berocket_brand":[198],"class_list":{"0":"post-5049","1":"product","2":"type-product","3":"status-publish","4":"has-post-thumbnail","6":"product_cat-gradateur-basse-tension","7":"product_cat-gradateurs","8":"berocket_brand-led-par-conception","9":"desktop-align-left","10":"tablet-align-left","11":"mobile-align-left","13":"first","14":"instock","15":"shipping-taxable","16":"product-type-simple"},"acf":[],"yoast_head":"<!-- This site is optimized with the Yoast SEO plugin v27.3 - https:\/\/yoast.com\/product\/yoast-seo-wordpress\/ -->\n<title>PWM5 Pro | Holders Wireless Lighting Control<\/title>\n<meta name=\"description\" content=\"Le PWM5 Pro est un gradateur PWM \u00e0 5 canaux contr\u00f4lable par Bluetooth et activ\u00e9 par Casambi pour les charges LED \u00e0 tension constante, telles que les bandes LED et les modules LED \u00e0 tension constante.\" \/>\n<meta name=\"robots\" content=\"index, follow, max-snippet:-1, max-image-preview:large, max-video-preview:-1\" \/>\n<link rel=\"canonical\" href=\"https:\/\/holderstechnology.com\/wireless-lighting-control\/fr\/produit\/pwm5-pro\/\" \/>\n<meta property=\"og:locale\" content=\"fr_FR\" \/>\n<meta property=\"og:type\" content=\"article\" \/>\n<meta property=\"og:title\" content=\"PWM5 Pro | Holders Wireless Lighting Control\" \/>\n<meta property=\"og:description\" content=\"Le PWM5 Pro est un gradateur PWM \u00e0 5 canaux contr\u00f4lable par Bluetooth et activ\u00e9 par Casambi pour les charges LED \u00e0 tension constante, telles que les bandes LED et les modules LED \u00e0 tension constante.\" \/>\n<meta property=\"og:url\" content=\"https:\/\/holderstechnology.com\/wireless-lighting-control\/fr\/produit\/pwm5-pro\/\" \/>\n<meta property=\"og:site_name\" content=\"Holders Wireless Lighting Control\" \/>\n<meta property=\"og:image\" content=\"https:\/\/holderstechnology.com\/wireless-lighting-control\/wp-content\/uploads\/sites\/3\/2023\/02\/PWM5-PRO.jpg\" \/>\n\t<meta property=\"og:image:width\" content=\"966\" \/>\n\t<meta property=\"og:image:height\" content=\"1229\" \/>\n\t<meta property=\"og:image:type\" content=\"image\/jpeg\" \/>\n<meta name=\"twitter:card\" content=\"summary_large_image\" \/>\n<script type=\"application\/ld+json\" class=\"yoast-schema-graph\">{\"@context\":\"https:\\\/\\\/schema.org\",\"@graph\":[{\"@type\":\"WebPage\",\"@id\":\"https:\\\/\\\/holderstechnology.com\\\/wireless-lighting-control\\\/fr\\\/produit\\\/pwm5-pro\\\/\",\"url\":\"https:\\\/\\\/holderstechnology.com\\\/wireless-lighting-control\\\/fr\\\/produit\\\/pwm5-pro\\\/\",\"name\":\"PWM5 Pro | Holders Wireless Lighting Control\",\"isPartOf\":{\"@id\":\"https:\\\/\\\/holderstechnology.com\\\/wireless-lighting-control\\\/#website\"},\"primaryImageOfPage\":{\"@id\":\"https:\\\/\\\/holderstechnology.com\\\/wireless-lighting-control\\\/fr\\\/produit\\\/pwm5-pro\\\/#primaryimage\"},\"image\":{\"@id\":\"https:\\\/\\\/holderstechnology.com\\\/wireless-lighting-control\\\/fr\\\/produit\\\/pwm5-pro\\\/#primaryimage\"},\"thumbnailUrl\":\"https:\\\/\\\/holderstechnology.com\\\/wireless-lighting-control\\\/wp-content\\\/uploads\\\/sites\\\/3\\\/2023\\\/02\\\/PWM5-PRO.jpg\",\"datePublished\":\"2023-02-23T11:58:27+00:00\",\"description\":\"Le PWM5 Pro est un gradateur PWM \u00e0 5 canaux contr\u00f4lable par Bluetooth et activ\u00e9 par Casambi pour les charges LED \u00e0 tension constante, telles que les bandes LED et les modules LED \u00e0 tension constante.\",\"breadcrumb\":{\"@id\":\"https:\\\/\\\/holderstechnology.com\\\/wireless-lighting-control\\\/fr\\\/produit\\\/pwm5-pro\\\/#breadcrumb\"},\"inLanguage\":\"fr-FR\",\"potentialAction\":[{\"@type\":\"ReadAction\",\"target\":[\"https:\\\/\\\/holderstechnology.com\\\/wireless-lighting-control\\\/fr\\\/produit\\\/pwm5-pro\\\/\"]}]},{\"@type\":\"ImageObject\",\"inLanguage\":\"fr-FR\",\"@id\":\"https:\\\/\\\/holderstechnology.com\\\/wireless-lighting-control\\\/fr\\\/produit\\\/pwm5-pro\\\/#primaryimage\",\"url\":\"https:\\\/\\\/holderstechnology.com\\\/wireless-lighting-control\\\/wp-content\\\/uploads\\\/sites\\\/3\\\/2023\\\/02\\\/PWM5-PRO.jpg\",\"contentUrl\":\"https:\\\/\\\/holderstechnology.com\\\/wireless-lighting-control\\\/wp-content\\\/uploads\\\/sites\\\/3\\\/2023\\\/02\\\/PWM5-PRO.jpg\",\"width\":966,\"height\":1229},{\"@type\":\"BreadcrumbList\",\"@id\":\"https:\\\/\\\/holderstechnology.com\\\/wireless-lighting-control\\\/fr\\\/produit\\\/pwm5-pro\\\/#breadcrumb\",\"itemListElement\":[{\"@type\":\"ListItem\",\"position\":1,\"name\":\"&#8962;\",\"item\":\"https:\\\/\\\/holderstechnology.com\\\/wireless-lighting-control\\\/\"},{\"@type\":\"ListItem\",\"position\":2,\"name\":\"Products\",\"item\":\"https:\\\/\\\/holderstechnology.com\\\/wireless-lighting-control\\\/products\\\/\"},{\"@type\":\"ListItem\",\"position\":3,\"name\":\"PWM5 Pro\"}]},{\"@type\":\"WebSite\",\"@id\":\"https:\\\/\\\/holderstechnology.com\\\/wireless-lighting-control\\\/#website\",\"url\":\"https:\\\/\\\/holderstechnology.com\\\/wireless-lighting-control\\\/\",\"name\":\"Holders Wireless Lighting Control\",\"description\":\"\",\"publisher\":{\"@id\":\"https:\\\/\\\/holderstechnology.com\\\/wireless-lighting-control\\\/#organization\"},\"potentialAction\":[{\"@type\":\"SearchAction\",\"target\":{\"@type\":\"EntryPoint\",\"urlTemplate\":\"https:\\\/\\\/holderstechnology.com\\\/wireless-lighting-control\\\/?s={search_term_string}\"},\"query-input\":{\"@type\":\"PropertyValueSpecification\",\"valueRequired\":true,\"valueName\":\"search_term_string\"}}],\"inLanguage\":\"fr-FR\"},{\"@type\":\"Organization\",\"@id\":\"https:\\\/\\\/holderstechnology.com\\\/wireless-lighting-control\\\/#organization\",\"name\":\"Holders Technology Group\",\"url\":\"https:\\\/\\\/holderstechnology.com\\\/wireless-lighting-control\\\/\",\"logo\":{\"@type\":\"ImageObject\",\"inLanguage\":\"fr-FR\",\"@id\":\"https:\\\/\\\/holderstechnology.com\\\/wireless-lighting-control\\\/#\\\/schema\\\/logo\\\/image\\\/\",\"url\":\"https:\\\/\\\/holderstechnology.com\\\/wireless-lighting-control\\\/wp-content\\\/uploads\\\/sites\\\/3\\\/2024\\\/01\\\/logo_holders-technology.svg\",\"contentUrl\":\"https:\\\/\\\/holderstechnology.com\\\/wireless-lighting-control\\\/wp-content\\\/uploads\\\/sites\\\/3\\\/2024\\\/01\\\/logo_holders-technology.svg\",\"width\":556,\"height\":66,\"caption\":\"Holders Technology Group\"},\"image\":{\"@id\":\"https:\\\/\\\/holderstechnology.com\\\/wireless-lighting-control\\\/#\\\/schema\\\/logo\\\/image\\\/\"}}]}<\/script>\n<!-- \/ Yoast SEO plugin. -->","yoast_head_json":{"title":"PWM5 Pro | Holders Wireless Lighting Control","description":"Le PWM5 Pro est un gradateur PWM \u00e0 5 canaux contr\u00f4lable par Bluetooth et activ\u00e9 par Casambi pour les charges LED \u00e0 tension constante, telles que les bandes LED et les modules LED \u00e0 tension constante.","robots":{"index":"index","follow":"follow","max-snippet":"max-snippet:-1","max-image-preview":"max-image-preview:large","max-video-preview":"max-video-preview:-1"},"canonical":"https:\/\/holderstechnology.com\/wireless-lighting-control\/fr\/produit\/pwm5-pro\/","og_locale":"fr_FR","og_type":"article","og_title":"PWM5 Pro | Holders Wireless Lighting Control","og_description":"Le PWM5 Pro est un gradateur PWM \u00e0 5 canaux contr\u00f4lable par Bluetooth et activ\u00e9 par Casambi pour les charges LED \u00e0 tension constante, telles que les bandes LED et les modules LED \u00e0 tension constante.","og_url":"https:\/\/holderstechnology.com\/wireless-lighting-control\/fr\/produit\/pwm5-pro\/","og_site_name":"Holders Wireless Lighting Control","og_image":[{"width":966,"height":1229,"url":"https:\/\/holderstechnology.com\/wireless-lighting-control\/wp-content\/uploads\/sites\/3\/2023\/02\/PWM5-PRO.jpg","type":"image\/jpeg"}],"twitter_card":"summary_large_image","schema":{"@context":"https:\/\/schema.org","@graph":[{"@type":"WebPage","@id":"https:\/\/holderstechnology.com\/wireless-lighting-control\/fr\/produit\/pwm5-pro\/","url":"https:\/\/holderstechnology.com\/wireless-lighting-control\/fr\/produit\/pwm5-pro\/","name":"PWM5 Pro | Holders Wireless Lighting Control","isPartOf":{"@id":"https:\/\/holderstechnology.com\/wireless-lighting-control\/#website"},"primaryImageOfPage":{"@id":"https:\/\/holderstechnology.com\/wireless-lighting-control\/fr\/produit\/pwm5-pro\/#primaryimage"},"image":{"@id":"https:\/\/holderstechnology.com\/wireless-lighting-control\/fr\/produit\/pwm5-pro\/#primaryimage"},"thumbnailUrl":"https:\/\/holderstechnology.com\/wireless-lighting-control\/wp-content\/uploads\/sites\/3\/2023\/02\/PWM5-PRO.jpg","datePublished":"2023-02-23T11:58:27+00:00","description":"Le PWM5 Pro est un gradateur PWM \u00e0 5 canaux contr\u00f4lable par Bluetooth et activ\u00e9 par Casambi pour les charges LED \u00e0 tension constante, telles que les bandes LED et les modules LED \u00e0 tension constante.","breadcrumb":{"@id":"https:\/\/holderstechnology.com\/wireless-lighting-control\/fr\/produit\/pwm5-pro\/#breadcrumb"},"inLanguage":"fr-FR","potentialAction":[{"@type":"ReadAction","target":["https:\/\/holderstechnology.com\/wireless-lighting-control\/fr\/produit\/pwm5-pro\/"]}]},{"@type":"ImageObject","inLanguage":"fr-FR","@id":"https:\/\/holderstechnology.com\/wireless-lighting-control\/fr\/produit\/pwm5-pro\/#primaryimage","url":"https:\/\/holderstechnology.com\/wireless-lighting-control\/wp-content\/uploads\/sites\/3\/2023\/02\/PWM5-PRO.jpg","contentUrl":"https:\/\/holderstechnology.com\/wireless-lighting-control\/wp-content\/uploads\/sites\/3\/2023\/02\/PWM5-PRO.jpg","width":966,"height":1229},{"@type":"BreadcrumbList","@id":"https:\/\/holderstechnology.com\/wireless-lighting-control\/fr\/produit\/pwm5-pro\/#breadcrumb","itemListElement":[{"@type":"ListItem","position":1,"name":"&#8962;","item":"https:\/\/holderstechnology.com\/wireless-lighting-control\/"},{"@type":"ListItem","position":2,"name":"Products","item":"https:\/\/holderstechnology.com\/wireless-lighting-control\/products\/"},{"@type":"ListItem","position":3,"name":"PWM5 Pro"}]},{"@type":"WebSite","@id":"https:\/\/holderstechnology.com\/wireless-lighting-control\/#website","url":"https:\/\/holderstechnology.com\/wireless-lighting-control\/","name":"Holders Wireless Lighting Control","description":"","publisher":{"@id":"https:\/\/holderstechnology.com\/wireless-lighting-control\/#organization"},"potentialAction":[{"@type":"SearchAction","target":{"@type":"EntryPoint","urlTemplate":"https:\/\/holderstechnology.com\/wireless-lighting-control\/?s={search_term_string}"},"query-input":{"@type":"PropertyValueSpecification","valueRequired":true,"valueName":"search_term_string"}}],"inLanguage":"fr-FR"},{"@type":"Organization","@id":"https:\/\/holderstechnology.com\/wireless-lighting-control\/#organization","name":"Holders Technology Group","url":"https:\/\/holderstechnology.com\/wireless-lighting-control\/","logo":{"@type":"ImageObject","inLanguage":"fr-FR","@id":"https:\/\/holderstechnology.com\/wireless-lighting-control\/#\/schema\/logo\/image\/","url":"https:\/\/holderstechnology.com\/wireless-lighting-control\/wp-content\/uploads\/sites\/3\/2024\/01\/logo_holders-technology.svg","contentUrl":"https:\/\/holderstechnology.com\/wireless-lighting-control\/wp-content\/uploads\/sites\/3\/2024\/01\/logo_holders-technology.svg","width":556,"height":66,"caption":"Holders Technology Group"},"image":{"@id":"https:\/\/holderstechnology.com\/wireless-lighting-control\/#\/schema\/logo\/image\/"}}]}},"_links":{"self":[{"href":"https:\/\/holderstechnology.com\/wireless-lighting-control\/fr\/wp-json\/wp\/v2\/product\/5049","targetHints":{"allow":["GET"]}}],"collection":[{"href":"https:\/\/holderstechnology.com\/wireless-lighting-control\/fr\/wp-json\/wp\/v2\/product"}],"about":[{"href":"https:\/\/holderstechnology.com\/wireless-lighting-control\/fr\/wp-json\/wp\/v2\/types\/product"}],"wp:featuredmedia":[{"embeddable":true,"href":"https:\/\/holderstechnology.com\/wireless-lighting-control\/fr\/wp-json\/wp\/v2\/media\/4682"}],"wp:attachment":[{"href":"https:\/\/holderstechnology.com\/wireless-lighting-control\/fr\/wp-json\/wp\/v2\/media?parent=5049"}],"wp:term":[{"taxonomy":"product_brand","embeddable":true,"href":"https:\/\/holderstechnology.com\/wireless-lighting-control\/fr\/wp-json\/wp\/v2\/product_brand?post=5049"},{"taxonomy":"product_cat","embeddable":true,"href":"https:\/\/holderstechnology.com\/wireless-lighting-control\/fr\/wp-json\/wp\/v2\/product_cat?post=5049"},{"taxonomy":"product_tag","embeddable":true,"href":"https:\/\/holderstechnology.com\/wireless-lighting-control\/fr\/wp-json\/wp\/v2\/product_tag?post=5049"},{"taxonomy":"berocket_brand","embeddable":true,"href":"https:\/\/holderstechnology.com\/wireless-lighting-control\/fr\/wp-json\/wp\/v2\/berocket_brand?post=5049"}],"curies":[{"name":"wp","href":"https:\/\/api.w.org\/{rel}","templated":true}]}}