{"id":5067,"date":"2023-02-01T15:06:59","date_gmt":"2023-02-23T15:54:34","guid":{"rendered":"https:\/\/holderstechnology.com\/wireless-lighting-control\/product\/ebdhs-b-cb-mb-dd\/"},"modified":"2023-02-23T15:54:34","modified_gmt":"2023-02-23T15:54:34","slug":"ebdhs-b-cb-mb-dd","status":"publish","type":"product","link":"https:\/\/holderstechnology.com\/wireless-lighting-control\/fr\/produit\/ebdhs-b-cb-mb-dd\/","title":{"rendered":"EBDHS-B-CB-MB-DD"},"content":{"rendered":"<p class=\"leading\">La gamme EBDHS de d\u00e9tecteurs de pr\u00e9sence PIR \u00e0 performances accrues a \u00e9t\u00e9 d\u00e9velopp\u00e9e pour le contr\u00f4le de l&rsquo;\u00e9clairage des grandes baies dans les zones exigeantes en termes d&rsquo;espace et de hauteur de montage. Ils r\u00e9pondent \u00e0 l&rsquo;\u00e9volution constante des besoins en \u00e9clairage d&rsquo;une organisation en \u00e9tant programmables et r\u00e9glables pour produire un faisceau de d\u00e9tection d&rsquo;une pr\u00e9cision exceptionnelle.<\/p>\n<p>Appartenant \u00e0 la famille des d\u00e9tecteurs de pr\u00e9sence autonomes EBDHS, le EBDHS-B-MB-CB-DD est la version compatible Casambi du d\u00e9tecteur autonome de lattes de montage actuellement propos\u00e9 dans notre gamme. Con\u00e7u pour \u00eatre mont\u00e9 \u00e0 une extr\u00e9mit\u00e9 d&rsquo;un luminaire pour grande hauteur, il est parfaitement compatible avec tout produit compatible avec Casambi.<\/p>\n<h5>Caract\u00e9ristiques des d\u00e9tecteurs<\/h5>\n<ul>\n<li>Id\u00e9al pour les applications de grande hauteur, notamment pour le contr\u00f4le de l&rsquo;\u00e9clairage des entrep\u00f4ts.<\/li>\n<li>Technologie de lentille de Fresnel &#8211; haute sensibilit\u00e9 dans la plage de d\u00e9tection<\/li>\n<li>Couverture de d\u00e9tection de mouvement haute performance de 40m \u00e0 15m de hauteur<\/li>\n<li>La conception multi-pyros offre une plus grande sensibilit\u00e9 sans faux d\u00e9clenchement.<\/li>\n<li>Sorties de contr\u00f4le DALI int\u00e9gr\u00e9es pour une int\u00e9gration facile dans les conceptions DALI existantes.<\/li>\n<li>Commutation par relais int\u00e9gr\u00e9e pour le non-rapprochement ou le r\u00e9trofit des luminaires<\/li>\n<li>Meilleur contr\u00f4le du niveau de lumi\u00e8re gr\u00e2ce \u00e0 une fen\u00eatre de lecture d\u00e9di\u00e9e, r\u00e9pondant \u00e0 la demande d&rsquo;espaces plus sombres.<\/li>\n<li>Des \u00e9crans de masquage r\u00e9glables sont disponibles pour adapter les zones de d\u00e9tection.<\/li>\n<li>La programmation ne n\u00e9cessite que l&rsquo;application mobile intuitive Casambi pour les appareils iOS et Android.<\/li>\n<\/ul>\n","protected":false},"excerpt":{"rendered":"<p>La gamme EBDHS de d\u00e9tecteurs de pr\u00e9sence PIR \u00e0 performances accrues a \u00e9t\u00e9 d\u00e9velopp\u00e9e pour le contr\u00f4le de l&rsquo;\u00e9clairage des [&hellip;]<\/p>\n","protected":false},"featured_media":4578,"template":"","meta":{"_acf_changed":false,"inline_featured_image":false,"site-sidebar-layout":"default","site-content-layout":"","ast-site-content-layout":"default","site-content-style":"default","site-sidebar-style":"default","ast-global-header-display":"","ast-banner-title-visibility":"","ast-main-header-display":"","ast-hfb-above-header-display":"","ast-hfb-below-header-display":"","ast-hfb-mobile-header-display":"","site-post-title":"","ast-breadcrumbs-content":"","ast-featured-img":"","footer-sml-layout":"","ast-disable-related-posts":"","theme-transparent-header-meta":"","adv-header-id-meta":"","stick-header-meta":"","header-above-stick-meta":"","header-main-stick-meta":"","header-below-stick-meta":"","astra-migrate-meta-layouts":"default","ast-page-background-enabled":"default","ast-page-background-meta":{"desktop":{"background-color":"var(--ast-global-color-5)","background-image":"","background-repeat":"repeat","background-position":"center center","background-size":"auto","background-attachment":"scroll","background-type":"","background-media":"","overlay-type":"","overlay-color":"","overlay-opacity":"","overlay-gradient":""},"tablet":{"background-color":"","background-image":"","background-repeat":"repeat","background-position":"center center","background-size":"auto","background-attachment":"scroll","background-type":"","background-media":"","overlay-type":"","overlay-color":"","overlay-opacity":"","overlay-gradient":""},"mobile":{"background-color":"","background-image":"","background-repeat":"repeat","background-position":"center center","background-size":"auto","background-attachment":"scroll","background-type":"","background-media":"","overlay-type":"","overlay-color":"","overlay-opacity":"","overlay-gradient":""}},"ast-content-background-meta":{"desktop":{"background-color":"var(--ast-global-color-4)","background-image":"","background-repeat":"repeat","background-position":"center center","background-size":"auto","background-attachment":"scroll","background-type":"","background-media":"","overlay-type":"","overlay-color":"","overlay-opacity":"","overlay-gradient":""},"tablet":{"background-color":"var(--ast-global-color-4)","background-image":"","background-repeat":"repeat","background-position":"center center","background-size":"auto","background-attachment":"scroll","background-type":"","background-media":"","overlay-type":"","overlay-color":"","overlay-opacity":"","overlay-gradient":""},"mobile":{"background-color":"var(--ast-global-color-4)","background-image":"","background-repeat":"repeat","background-position":"center center","background-size":"auto","background-attachment":"scroll","background-type":"","background-media":"","overlay-type":"","overlay-color":"","overlay-opacity":"","overlay-gradient":""}}},"product_brand":[],"product_cat":[327,220],"product_tag":[],"berocket_brand":[217],"class_list":{"0":"post-5067","1":"product","2":"type-product","3":"status-publish","4":"has-post-thumbnail","6":"product_cat-capteurs","7":"product_cat-monte-sur-un-luminaire-capteurs","8":"berocket_brand-cp-electronics","9":"desktop-align-left","10":"tablet-align-left","11":"mobile-align-left","13":"first","14":"instock","15":"shipping-taxable","16":"product-type-simple"},"acf":[],"yoast_head":"<!-- This site is optimized with the Yoast SEO plugin v27.3 - https:\/\/yoast.com\/product\/yoast-seo-wordpress\/ -->\n<title>EBDHS-B-CB-MB-DD | Holders Wireless Lighting Control<\/title>\n<meta name=\"description\" content=\"La gamme EBDHS de d\u00e9tecteurs de pr\u00e9sence PIR \u00e0 performances accrues a \u00e9t\u00e9 d\u00e9velopp\u00e9e pour le contr\u00f4le de l&#039;\u00e9clairage des grandes baies dans les zones exigeantes en termes d&#039;espace et de hauteur de montage. Ils r\u00e9pondent \u00e0 l&#039;\u00e9volution constante des besoins en \u00e9clairage d&#039;une organisation en \u00e9tant programmables et r\u00e9glables pour produire un faisceau de d\u00e9tection d&#039;une pr\u00e9cision exceptionnelle.\" \/>\n<meta name=\"robots\" content=\"index, follow, max-snippet:-1, max-image-preview:large, max-video-preview:-1\" \/>\n<link rel=\"canonical\" href=\"https:\/\/holderstechnology.com\/wireless-lighting-control\/fr\/produit\/ebdhs-b-cb-mb-dd\/\" \/>\n<meta property=\"og:locale\" content=\"fr_FR\" \/>\n<meta property=\"og:type\" content=\"article\" \/>\n<meta property=\"og:title\" content=\"EBDHS-B-CB-MB-DD | Holders Wireless Lighting Control\" \/>\n<meta property=\"og:description\" content=\"La gamme EBDHS de d\u00e9tecteurs de pr\u00e9sence PIR \u00e0 performances accrues a \u00e9t\u00e9 d\u00e9velopp\u00e9e pour le contr\u00f4le de l&#039;\u00e9clairage des grandes baies dans les zones exigeantes en termes d&#039;espace et de hauteur de montage. Ils r\u00e9pondent \u00e0 l&#039;\u00e9volution constante des besoins en \u00e9clairage d&#039;une organisation en \u00e9tant programmables et r\u00e9glables pour produire un faisceau de d\u00e9tection d&#039;une pr\u00e9cision exceptionnelle.\" \/>\n<meta property=\"og:url\" content=\"https:\/\/holderstechnology.com\/wireless-lighting-control\/fr\/produit\/ebdhs-b-cb-mb-dd\/\" \/>\n<meta property=\"og:site_name\" content=\"Holders Wireless Lighting Control\" \/>\n<meta property=\"og:image\" content=\"https:\/\/holderstechnology.com\/wireless-lighting-control\/wp-content\/uploads\/sites\/3\/2023\/02\/295-EBDHS-B-MB-CB-Main-Image-300-200.jpg\" \/>\n\t<meta property=\"og:image:width\" content=\"300\" \/>\n\t<meta property=\"og:image:height\" content=\"200\" \/>\n\t<meta property=\"og:image:type\" content=\"image\/jpeg\" \/>\n<meta name=\"twitter:card\" content=\"summary_large_image\" \/>\n<meta name=\"twitter:label1\" content=\"Dur\u00e9e de lecture estim\u00e9e\" \/>\n\t<meta name=\"twitter:data1\" content=\"1 minute\" \/>\n<script type=\"application\/ld+json\" class=\"yoast-schema-graph\">{\"@context\":\"https:\\\/\\\/schema.org\",\"@graph\":[{\"@type\":\"WebPage\",\"@id\":\"https:\\\/\\\/holderstechnology.com\\\/wireless-lighting-control\\\/fr\\\/produit\\\/ebdhs-b-cb-mb-dd\\\/\",\"url\":\"https:\\\/\\\/holderstechnology.com\\\/wireless-lighting-control\\\/fr\\\/produit\\\/ebdhs-b-cb-mb-dd\\\/\",\"name\":\"EBDHS-B-CB-MB-DD | Holders Wireless Lighting Control\",\"isPartOf\":{\"@id\":\"https:\\\/\\\/holderstechnology.com\\\/wireless-lighting-control\\\/#website\"},\"primaryImageOfPage\":{\"@id\":\"https:\\\/\\\/holderstechnology.com\\\/wireless-lighting-control\\\/fr\\\/produit\\\/ebdhs-b-cb-mb-dd\\\/#primaryimage\"},\"image\":{\"@id\":\"https:\\\/\\\/holderstechnology.com\\\/wireless-lighting-control\\\/fr\\\/produit\\\/ebdhs-b-cb-mb-dd\\\/#primaryimage\"},\"thumbnailUrl\":\"https:\\\/\\\/holderstechnology.com\\\/wireless-lighting-control\\\/wp-content\\\/uploads\\\/sites\\\/3\\\/2023\\\/02\\\/295-EBDHS-B-MB-CB-Main-Image-300-200.jpg\",\"datePublished\":\"2023-02-23T15:54:34+00:00\",\"description\":\"La gamme EBDHS de d\u00e9tecteurs de pr\u00e9sence PIR \u00e0 performances accrues a \u00e9t\u00e9 d\u00e9velopp\u00e9e pour le contr\u00f4le de l'\u00e9clairage des grandes baies dans les zones exigeantes en termes d'espace et de hauteur de montage. Ils r\u00e9pondent \u00e0 l'\u00e9volution constante des besoins en \u00e9clairage d'une organisation en \u00e9tant programmables et r\u00e9glables pour produire un faisceau de d\u00e9tection d'une pr\u00e9cision exceptionnelle.\",\"breadcrumb\":{\"@id\":\"https:\\\/\\\/holderstechnology.com\\\/wireless-lighting-control\\\/fr\\\/produit\\\/ebdhs-b-cb-mb-dd\\\/#breadcrumb\"},\"inLanguage\":\"fr-FR\",\"potentialAction\":[{\"@type\":\"ReadAction\",\"target\":[\"https:\\\/\\\/holderstechnology.com\\\/wireless-lighting-control\\\/fr\\\/produit\\\/ebdhs-b-cb-mb-dd\\\/\"]}]},{\"@type\":\"ImageObject\",\"inLanguage\":\"fr-FR\",\"@id\":\"https:\\\/\\\/holderstechnology.com\\\/wireless-lighting-control\\\/fr\\\/produit\\\/ebdhs-b-cb-mb-dd\\\/#primaryimage\",\"url\":\"https:\\\/\\\/holderstechnology.com\\\/wireless-lighting-control\\\/wp-content\\\/uploads\\\/sites\\\/3\\\/2023\\\/02\\\/295-EBDHS-B-MB-CB-Main-Image-300-200.jpg\",\"contentUrl\":\"https:\\\/\\\/holderstechnology.com\\\/wireless-lighting-control\\\/wp-content\\\/uploads\\\/sites\\\/3\\\/2023\\\/02\\\/295-EBDHS-B-MB-CB-Main-Image-300-200.jpg\",\"width\":300,\"height\":200},{\"@type\":\"BreadcrumbList\",\"@id\":\"https:\\\/\\\/holderstechnology.com\\\/wireless-lighting-control\\\/fr\\\/produit\\\/ebdhs-b-cb-mb-dd\\\/#breadcrumb\",\"itemListElement\":[{\"@type\":\"ListItem\",\"position\":1,\"name\":\"&#8962;\",\"item\":\"https:\\\/\\\/holderstechnology.com\\\/wireless-lighting-control\\\/\"},{\"@type\":\"ListItem\",\"position\":2,\"name\":\"Products\",\"item\":\"https:\\\/\\\/holderstechnology.com\\\/wireless-lighting-control\\\/products\\\/\"},{\"@type\":\"ListItem\",\"position\":3,\"name\":\"EBDHS-B-CB-MB-DD\"}]},{\"@type\":\"WebSite\",\"@id\":\"https:\\\/\\\/holderstechnology.com\\\/wireless-lighting-control\\\/#website\",\"url\":\"https:\\\/\\\/holderstechnology.com\\\/wireless-lighting-control\\\/\",\"name\":\"Holders Wireless Lighting Control\",\"description\":\"\",\"publisher\":{\"@id\":\"https:\\\/\\\/holderstechnology.com\\\/wireless-lighting-control\\\/#organization\"},\"potentialAction\":[{\"@type\":\"SearchAction\",\"target\":{\"@type\":\"EntryPoint\",\"urlTemplate\":\"https:\\\/\\\/holderstechnology.com\\\/wireless-lighting-control\\\/?s={search_term_string}\"},\"query-input\":{\"@type\":\"PropertyValueSpecification\",\"valueRequired\":true,\"valueName\":\"search_term_string\"}}],\"inLanguage\":\"fr-FR\"},{\"@type\":\"Organization\",\"@id\":\"https:\\\/\\\/holderstechnology.com\\\/wireless-lighting-control\\\/#organization\",\"name\":\"Holders Technology Group\",\"url\":\"https:\\\/\\\/holderstechnology.com\\\/wireless-lighting-control\\\/\",\"logo\":{\"@type\":\"ImageObject\",\"inLanguage\":\"fr-FR\",\"@id\":\"https:\\\/\\\/holderstechnology.com\\\/wireless-lighting-control\\\/#\\\/schema\\\/logo\\\/image\\\/\",\"url\":\"https:\\\/\\\/holderstechnology.com\\\/wireless-lighting-control\\\/wp-content\\\/uploads\\\/sites\\\/3\\\/2024\\\/01\\\/logo_holders-technology.svg\",\"contentUrl\":\"https:\\\/\\\/holderstechnology.com\\\/wireless-lighting-control\\\/wp-content\\\/uploads\\\/sites\\\/3\\\/2024\\\/01\\\/logo_holders-technology.svg\",\"width\":556,\"height\":66,\"caption\":\"Holders Technology Group\"},\"image\":{\"@id\":\"https:\\\/\\\/holderstechnology.com\\\/wireless-lighting-control\\\/#\\\/schema\\\/logo\\\/image\\\/\"}}]}<\/script>\n<!-- \/ Yoast SEO plugin. -->","yoast_head_json":{"title":"EBDHS-B-CB-MB-DD | Holders Wireless Lighting Control","description":"La gamme EBDHS de d\u00e9tecteurs de pr\u00e9sence PIR \u00e0 performances accrues a \u00e9t\u00e9 d\u00e9velopp\u00e9e pour le contr\u00f4le de l'\u00e9clairage des grandes baies dans les zones exigeantes en termes d'espace et de hauteur de montage. Ils r\u00e9pondent \u00e0 l'\u00e9volution constante des besoins en \u00e9clairage d'une organisation en \u00e9tant programmables et r\u00e9glables pour produire un faisceau de d\u00e9tection d'une pr\u00e9cision exceptionnelle.","robots":{"index":"index","follow":"follow","max-snippet":"max-snippet:-1","max-image-preview":"max-image-preview:large","max-video-preview":"max-video-preview:-1"},"canonical":"https:\/\/holderstechnology.com\/wireless-lighting-control\/fr\/produit\/ebdhs-b-cb-mb-dd\/","og_locale":"fr_FR","og_type":"article","og_title":"EBDHS-B-CB-MB-DD | Holders Wireless Lighting Control","og_description":"La gamme EBDHS de d\u00e9tecteurs de pr\u00e9sence PIR \u00e0 performances accrues a \u00e9t\u00e9 d\u00e9velopp\u00e9e pour le contr\u00f4le de l'\u00e9clairage des grandes baies dans les zones exigeantes en termes d'espace et de hauteur de montage. Ils r\u00e9pondent \u00e0 l'\u00e9volution constante des besoins en \u00e9clairage d'une organisation en \u00e9tant programmables et r\u00e9glables pour produire un faisceau de d\u00e9tection d'une pr\u00e9cision exceptionnelle.","og_url":"https:\/\/holderstechnology.com\/wireless-lighting-control\/fr\/produit\/ebdhs-b-cb-mb-dd\/","og_site_name":"Holders Wireless Lighting Control","og_image":[{"width":300,"height":200,"url":"https:\/\/holderstechnology.com\/wireless-lighting-control\/wp-content\/uploads\/sites\/3\/2023\/02\/295-EBDHS-B-MB-CB-Main-Image-300-200.jpg","type":"image\/jpeg"}],"twitter_card":"summary_large_image","twitter_misc":{"Dur\u00e9e de lecture estim\u00e9e":"1 minute"},"schema":{"@context":"https:\/\/schema.org","@graph":[{"@type":"WebPage","@id":"https:\/\/holderstechnology.com\/wireless-lighting-control\/fr\/produit\/ebdhs-b-cb-mb-dd\/","url":"https:\/\/holderstechnology.com\/wireless-lighting-control\/fr\/produit\/ebdhs-b-cb-mb-dd\/","name":"EBDHS-B-CB-MB-DD | Holders Wireless Lighting Control","isPartOf":{"@id":"https:\/\/holderstechnology.com\/wireless-lighting-control\/#website"},"primaryImageOfPage":{"@id":"https:\/\/holderstechnology.com\/wireless-lighting-control\/fr\/produit\/ebdhs-b-cb-mb-dd\/#primaryimage"},"image":{"@id":"https:\/\/holderstechnology.com\/wireless-lighting-control\/fr\/produit\/ebdhs-b-cb-mb-dd\/#primaryimage"},"thumbnailUrl":"https:\/\/holderstechnology.com\/wireless-lighting-control\/wp-content\/uploads\/sites\/3\/2023\/02\/295-EBDHS-B-MB-CB-Main-Image-300-200.jpg","datePublished":"2023-02-23T15:54:34+00:00","description":"La gamme EBDHS de d\u00e9tecteurs de pr\u00e9sence PIR \u00e0 performances accrues a \u00e9t\u00e9 d\u00e9velopp\u00e9e pour le contr\u00f4le de l'\u00e9clairage des grandes baies dans les zones exigeantes en termes d'espace et de hauteur de montage. Ils r\u00e9pondent \u00e0 l'\u00e9volution constante des besoins en \u00e9clairage d'une organisation en \u00e9tant programmables et r\u00e9glables pour produire un faisceau de d\u00e9tection d'une pr\u00e9cision exceptionnelle.","breadcrumb":{"@id":"https:\/\/holderstechnology.com\/wireless-lighting-control\/fr\/produit\/ebdhs-b-cb-mb-dd\/#breadcrumb"},"inLanguage":"fr-FR","potentialAction":[{"@type":"ReadAction","target":["https:\/\/holderstechnology.com\/wireless-lighting-control\/fr\/produit\/ebdhs-b-cb-mb-dd\/"]}]},{"@type":"ImageObject","inLanguage":"fr-FR","@id":"https:\/\/holderstechnology.com\/wireless-lighting-control\/fr\/produit\/ebdhs-b-cb-mb-dd\/#primaryimage","url":"https:\/\/holderstechnology.com\/wireless-lighting-control\/wp-content\/uploads\/sites\/3\/2023\/02\/295-EBDHS-B-MB-CB-Main-Image-300-200.jpg","contentUrl":"https:\/\/holderstechnology.com\/wireless-lighting-control\/wp-content\/uploads\/sites\/3\/2023\/02\/295-EBDHS-B-MB-CB-Main-Image-300-200.jpg","width":300,"height":200},{"@type":"BreadcrumbList","@id":"https:\/\/holderstechnology.com\/wireless-lighting-control\/fr\/produit\/ebdhs-b-cb-mb-dd\/#breadcrumb","itemListElement":[{"@type":"ListItem","position":1,"name":"&#8962;","item":"https:\/\/holderstechnology.com\/wireless-lighting-control\/"},{"@type":"ListItem","position":2,"name":"Products","item":"https:\/\/holderstechnology.com\/wireless-lighting-control\/products\/"},{"@type":"ListItem","position":3,"name":"EBDHS-B-CB-MB-DD"}]},{"@type":"WebSite","@id":"https:\/\/holderstechnology.com\/wireless-lighting-control\/#website","url":"https:\/\/holderstechnology.com\/wireless-lighting-control\/","name":"Holders Wireless Lighting Control","description":"","publisher":{"@id":"https:\/\/holderstechnology.com\/wireless-lighting-control\/#organization"},"potentialAction":[{"@type":"SearchAction","target":{"@type":"EntryPoint","urlTemplate":"https:\/\/holderstechnology.com\/wireless-lighting-control\/?s={search_term_string}"},"query-input":{"@type":"PropertyValueSpecification","valueRequired":true,"valueName":"search_term_string"}}],"inLanguage":"fr-FR"},{"@type":"Organization","@id":"https:\/\/holderstechnology.com\/wireless-lighting-control\/#organization","name":"Holders Technology Group","url":"https:\/\/holderstechnology.com\/wireless-lighting-control\/","logo":{"@type":"ImageObject","inLanguage":"fr-FR","@id":"https:\/\/holderstechnology.com\/wireless-lighting-control\/#\/schema\/logo\/image\/","url":"https:\/\/holderstechnology.com\/wireless-lighting-control\/wp-content\/uploads\/sites\/3\/2024\/01\/logo_holders-technology.svg","contentUrl":"https:\/\/holderstechnology.com\/wireless-lighting-control\/wp-content\/uploads\/sites\/3\/2024\/01\/logo_holders-technology.svg","width":556,"height":66,"caption":"Holders Technology Group"},"image":{"@id":"https:\/\/holderstechnology.com\/wireless-lighting-control\/#\/schema\/logo\/image\/"}}]}},"_links":{"self":[{"href":"https:\/\/holderstechnology.com\/wireless-lighting-control\/fr\/wp-json\/wp\/v2\/product\/5067","targetHints":{"allow":["GET"]}}],"collection":[{"href":"https:\/\/holderstechnology.com\/wireless-lighting-control\/fr\/wp-json\/wp\/v2\/product"}],"about":[{"href":"https:\/\/holderstechnology.com\/wireless-lighting-control\/fr\/wp-json\/wp\/v2\/types\/product"}],"wp:featuredmedia":[{"embeddable":true,"href":"https:\/\/holderstechnology.com\/wireless-lighting-control\/fr\/wp-json\/wp\/v2\/media\/4578"}],"wp:attachment":[{"href":"https:\/\/holderstechnology.com\/wireless-lighting-control\/fr\/wp-json\/wp\/v2\/media?parent=5067"}],"wp:term":[{"taxonomy":"product_brand","embeddable":true,"href":"https:\/\/holderstechnology.com\/wireless-lighting-control\/fr\/wp-json\/wp\/v2\/product_brand?post=5067"},{"taxonomy":"product_cat","embeddable":true,"href":"https:\/\/holderstechnology.com\/wireless-lighting-control\/fr\/wp-json\/wp\/v2\/product_cat?post=5067"},{"taxonomy":"product_tag","embeddable":true,"href":"https:\/\/holderstechnology.com\/wireless-lighting-control\/fr\/wp-json\/wp\/v2\/product_tag?post=5067"},{"taxonomy":"berocket_brand","embeddable":true,"href":"https:\/\/holderstechnology.com\/wireless-lighting-control\/fr\/wp-json\/wp\/v2\/berocket_brand?post=5067"}],"curies":[{"name":"wp","href":"https:\/\/api.w.org\/{rel}","templated":true}]}}